{"id":1775,"date":"2023-10-23T09:23:01","date_gmt":"2023-10-23T07:23:01","guid":{"rendered":"https:\/\/vapebulkp.com\/?post_type=product&#038;p=1775"},"modified":"2025-09-01T05:11:12","modified_gmt":"2025-09-01T03:11:12","slug":"qst-rum-bar-tornado-15000-good-disposable-vape","status":"publish","type":"product","link":"https:\/\/vapebulkp.com\/sv\/product\/qst-rum-bar-tornado-15000-good-disposable-vape\/","title":{"rendered":"QST Rum Bar Tornado 15000 Bra Eng\u00e5ngs-Vape"},"content":{"rendered":"<h2>QST Rum Bar Tornado 15000 Bra Eng\u00e5ngs-Vape<\/h2>\n<p>&nbsp;<\/p>\n<p data-start=\"247\" data-end=\"604\">Den <strong data-start=\"251\" data-end=\"296\">QST Rum Bar Tornado 15000 Puffs Eng\u00e5ngs Vape<\/strong> \u00e4r en premium, h\u00f6gkapacitets enhet designad f\u00f6r svenska vapers som s\u00f6ker bekv\u00e4mlighet, stil och p\u00e5litlig prestanda. Med en 22ml e-v\u00e4tsketank och ett 850mAh uppladdningsbart batteri, levererar den upp till 15 000 bloss av mjuk \u00e5nga utan avbrott, vilket g\u00f6r den idealisk f\u00f6r l\u00e5nga sessioner hemma eller p\u00e5 spr\u00e5ng.<\/p>\n<p data-start=\"606\" data-end=\"970\">Ergonomiskt utformad, den smala och portabla kroppen passar bekv\u00e4mt i din hand eller ficka, och erbjuder en elegant, modern look. Avancerad mesh coil-teknologi f\u00f6rb\u00e4ttrar smaken och \u00e5ngproduktionen, vilket s\u00e4kerst\u00e4ller att varje bloss ger en rik, tillfredsst\u00e4llande smak. Alternativ f\u00f6r nikotinsalt till\u00e5ter 2% eller 5% styrka, vilket tillgodoser b\u00e5de m\u00e5ttliga och starkare vapingpreferenser.<\/p>\n<p data-start=\"972\" data-end=\"1278\">Med ett brett utbud av frukt-, mentol- och klassiska tobakssmaker, m\u00f6ter <strong data-start=\"1044\" data-end=\"1089\">QST Rum Bar Tornado <a href=\"https:\/\/vapebulkp.com\/sv\/product-category\/15000-puffs-disposable-vape\/\">15000 Puffs Eng\u00e5ngs Vape<\/a><\/strong> olika smakpreferenser samtidigt som den bibeh\u00e5ller konsekvent prestanda. L\u00e4tt, uppladdningsbar och redo f\u00f6r grossist, \u00e4r den det perfekta valet f\u00f6r \u00e5terf\u00f6rs\u00e4ljare och bulkk\u00f6pare i Sverige.<\/p>\n<p><img decoding=\"async\" class=\"alignnone size-full wp-image-1939\" src=\"http:\/\/vapebulkp.com\/wp-content\/uploads\/2023\/10\/Rumbar-tornado-15000-Puffs.jpg\" alt=\"Rumbar Tornado 15000 Puffs grossistpris Sverige\" width=\"1000\" height=\"734\" srcset=\"https:\/\/vapebulkp.com\/wp-content\/uploads\/2023\/10\/Rumbar-tornado-15000-Puffs.jpg 1000w, https:\/\/vapebulkp.com\/wp-content\/uploads\/2023\/10\/Rumbar-tornado-15000-Puffs-300x220.jpg 300w, https:\/\/vapebulkp.com\/wp-content\/uploads\/2023\/10\/Rumbar-tornado-15000-Puffs-768x564.jpg 768w, https:\/\/vapebulkp.com\/wp-content\/uploads\/2023\/10\/Rumbar-tornado-15000-Puffs-600x440.jpg 600w\" sizes=\"(max-width: 1000px) 100vw, 1000px\" \/><\/p>\n<h6>Kontakta Mandy via WhatsApp f\u00f6r rabatterat pris<a href=\"https:\/\/wa.me\/8618077105796\">+8618077105796<\/a><\/h6>\n<h3><img decoding=\"async\" class=\"alignnone wp-image-2151\" src=\"http:\/\/vapebulkp.com\/wp-content\/uploads\/2024\/04\/Mandy-WhatsApp-Randm.jpg\" alt=\"Mandy WhatsApp Randm\" width=\"247\" height=\"263\" srcset=\"https:\/\/vapebulkp.com\/wp-content\/uploads\/2024\/04\/Mandy-WhatsApp-Randm.jpg 916w, https:\/\/vapebulkp.com\/wp-content\/uploads\/2024\/04\/Mandy-WhatsApp-Randm-282x300.jpg 282w, https:\/\/vapebulkp.com\/wp-content\/uploads\/2024\/04\/Mandy-WhatsApp-Randm-768x817.jpg 768w, https:\/\/vapebulkp.com\/wp-content\/uploads\/2024\/04\/Mandy-WhatsApp-Randm-600x638.jpg 600w\" sizes=\"(max-width: 247px) 100vw, 247px\" \/><\/h3>\n<h2>T\u00e4nkte att du kanske vill veta om Rumbar Tornado 15000Puffs:<\/h2>\n<p>&nbsp;<\/p>\n<h6>1. Vad \u00e4r e-v\u00e4tskekapaciteten f\u00f6r Rumbar Tornado 15000 puffs?<\/h6>\n<p>Denna enhet har 22ml e-v\u00e4tska.<\/p>\n<h6>2. Hur l\u00e4nge varar denna vape?<\/h6>\n<p>500 puffar\/dag, kan r\u00e4cka 30 dagar<br \/>\n1000 puffar\/dag, kan r\u00e4cka 15 dagar<br \/>\n2000 bloss\/dag, kan h\u00e5lla 8 dagar<\/p>\n<h6>3. Hur laddar man eng\u00e5ngsvapen Rumbar Tornado 15000 PUFFS DEVICE?<\/h6>\n<p>Snabbladdare kan inte anv\u00e4ndas. Den standardm\u00e4ssiga s\u00e4kra effekten f\u00f6r eng\u00e5ngs-e-cigaretter \u00e4r 5V 1A. Varje laddningstid f\u00e5r inte \u00f6verstiga 1 timme, och den s\u00e4kra laddningstiden \u00e4r en halvtimme.<\/p>\n<p><span style=\"color: #ff6600\">Observera: kan inte ladda om hela natten!<\/span><\/p>\n<h6>4. Hur anv\u00e4nder man Rumbar Tornado 15000Puffs?<\/h6>\n<p>1: Innan du anv\u00e4nder 15k bloss, dra ut plastr\u00f6ret.<br \/>\n2: V\u00e4nta cirka 3 minuter s\u00e5 att juicen kan tr\u00e4nga in i spolen inuti.<br \/>\n3: B\u00f6rja njuta av den<\/p>\n<h3><strong><span style=\"vertical-align: inherit\">Specifikation f\u00f6r Rumbar Tornado 15000<\/span><\/strong><strong>Puffar<\/strong><strong><span style=\"vertical-align: inherit\">\uff1a<\/span><br \/>\n<\/strong><\/h3>\n<ul>\n<li>Batteri: 850mAh (Typ C)<br \/>\nKapacitet: 22 ml<br \/>\nSpole: 0.8 ohm mesh<br \/>\nUngef\u00e4rlig sugvolym: 15000 bloss<br \/>\nPlus nikotinstyrka: 2%,5%<\/li>\n<li>Effektiv och Konsekvent Kraftleverans<\/li>\n<li>MOQ: 100ST<\/li>\n<\/ul>\n<h3><strong>Vilka \u00e4r de b\u00e4sta Vape Rumbar Tornado 15k-smakerna?<\/strong><\/h3>\n<p>&nbsp;<\/p>\n<p>1. Cool mint<br \/>\n2. Iced Cola<br \/>\n3. Vattenmelon-tejp<br \/>\n4. DRUVIS ICE<br \/>\n5.Bl\u00e5b\u00e4rsis<br \/>\n6. Mango Peach Pineapple<br \/>\n7. Vattenmelon is<br \/>\n8. Guava-tejp<br \/>\n9. Persika<br \/>\n10. T\u00e4rnad R\u00f6tt \u00e4pple<br \/>\n11. Kiwi passionsfrukt guava<br \/>\n12. Jordgubb is<br \/>\n13. Blandad frukt<br \/>\n14. Mango jordgubb is<br \/>\n15. Litchi is<\/p>\n<p>&nbsp;<\/p>\n<p><a href=\"https:\/\/vapebulkp.com\/sv\/product\/popular-randm-tornado-7000puffs-disposable-vape-best-price\/\"><span style=\"vertical-align: inherit\">RandM Tornado 7000 Bloss <\/span><\/a><\/p>\n<p><span style=\"vertical-align: inherit\">Hitta fler produkter du kanske gillar:<\/span><em><a href=\"https:\/\/wa.me\/8618077105796\"><span style=\"vertical-align: inherit\">\u00a0K\u00f6p nu<\/span><\/a><\/em><\/p>\n<p><span style=\"vertical-align: inherit\">Andra Puffs du kanske gillar:<\/span><a href=\"https:\/\/vapebulkp.com\/sv\/product\/bang-with-a-vape-18000-puffs-crown-bar-hot-vape\/\"><span style=\"vertical-align: inherit\">Bang 18000 bloss<\/span><\/a><span style=\"vertical-align: inherit\">\u3001<\/span><a href=\"https:\/\/vapebulkp.com\/sv\/product\/top-sale-waspe-12000puffs-disposable-vape-wholesale-france\/\"><span style=\"vertical-align: inherit\">WASPE 12000 bloss<\/span><\/a><span style=\"vertical-align: inherit\">\/ <\/span><a href=\"https:\/\/vapebulkp.com\/sv\/product\/wholesale-randm-tornado-9000-puffs-germany\/\"><span style=\"vertical-align: inherit\">RandM Tornado 9000 bloss<\/span><\/a><span style=\"vertical-align: inherit\">\/ <\/span><a href=\"https:\/\/vapebulkp.com\/sv\/product\/bang-box-12000puffs-good-vape-sweden-wholesale-price\/\"><span style=\"vertical-align: inherit\">Bang Vape Box 12000 bloss<\/span><\/a><\/p>\n<p><span style=\"vertical-align: inherit\">E-cigarettflaska med specialform:<\/span><a href=\"https:\/\/vapebulkp.com\/sv\/product\/good-sale-randm-tornado-10000-puffs-plus\/\"><span style=\"vertical-align: inherit\">RandM Tornado 10000 Puffar Plus <\/span><\/a><span style=\"vertical-align: inherit\">\/<\/span><a href=\"https:\/\/vapebulkp.com\/sv\/product\/fumot-digital-box-12000-disposable-vape-wholesale\/\"><span style=\"vertical-align: inherit\">Fumot Digital Box 12000 bloss <\/span><\/a><\/p>\n<h4>Produktionskvalifikation:<\/h4>\n<p><img decoding=\"async\" class=\"alignnone size-full wp-image-1841\" src=\"http:\/\/vapebulkp.com\/wp-content\/uploads\/2023\/11\/Vape-production-process-2.jpeg\" alt=\"Vape produktionsprocess\" width=\"650\" height=\"434\" srcset=\"https:\/\/vapebulkp.com\/wp-content\/uploads\/2023\/11\/Vape-production-process-2.jpeg 650w, https:\/\/vapebulkp.com\/wp-content\/uploads\/2023\/11\/Vape-production-process-2-300x200.jpeg 300w, https:\/\/vapebulkp.com\/wp-content\/uploads\/2023\/11\/Vape-production-process-2-600x401.jpeg 600w\" sizes=\"(max-width: 650px) 100vw, 650px\" \/><\/p>\n<p><img decoding=\"async\" class=\"alignnone size-full wp-image-1843\" src=\"http:\/\/vapebulkp.com\/wp-content\/uploads\/2023\/11\/Vape-production-process.jpeg\" alt=\"Vape produktionsprocess\" width=\"641\" height=\"1026\" srcset=\"https:\/\/vapebulkp.com\/wp-content\/uploads\/2023\/11\/Vape-production-process.jpeg 641w, https:\/\/vapebulkp.com\/wp-content\/uploads\/2023\/11\/Vape-production-process-187x300.jpeg 187w, https:\/\/vapebulkp.com\/wp-content\/uploads\/2023\/11\/Vape-production-process-640x1024.jpeg 640w, https:\/\/vapebulkp.com\/wp-content\/uploads\/2023\/11\/Vape-production-process-600x960.jpeg 600w\" sizes=\"(max-width: 641px) 100vw, 641px\" \/><\/p>\n<h5>Vanliga fr\u00e5gor och svar:<\/h5>\n<p>F: Vad \u00e4r minsta best\u00e4llningskvantitet f\u00f6r Rumbar Tornado 15000 Puffs?<br \/>\nS: Minsta best\u00e4llning \u00e4r 100st.<br \/>\nF: Vad \u00e4r leveranstiden f\u00f6r den best\u00e4llda vapen?<br \/>\nS: Vanligtvis \u00e4r det 10-15 dagar efter leverans<br \/>\nF: Hur mycket kostar frakten?S: Fraktkostnaden beror p\u00e5 vikten. Fraktkostnaderna varierar beroende p\u00e5 kvantitet, och fraktkostnaderna i varje land \u00e4r olika. Innan du best\u00e4ller, v\u00e4nligen kontakta oss f\u00f6r att bekr\u00e4fta fraktkostnaden. Vi kommer att ge dig en tillfredsst\u00e4llande shoppingupplevelse.<\/p>\n<h4>Leveransdetaljer:<\/h4>\n<p><span style=\"color: #ff6600\">Produktionstid: 5-10 arbetsdagar<\/span><br \/>\n<span style=\"color: #ff6600\">Leveranstid: 8-14 arbetsdagar<\/span><\/p>\n<p>Alla produkter i v\u00e5r butik \u00e4r 100% originala och autentiska, d\u00e4rf\u00f6r \u00e4r Tiofaldig ers\u00e4ttning f\u00f6r falska varor v\u00e5r butikspolicy. Vi anv\u00e4nder logistikkanaler som UPS\/DHL\/FEDEX\/DPD f\u00f6r att leverera varor till dig.<\/p>\n<p>F\u00f6r paket som skickas inom Sverige tar det vanligtvis 10 arbetsdagar att anl\u00e4nda. Leveranser till andra europeiska l\u00e4nder tar vanligtvis 12 till 15 arbetsdagar att anl\u00e4nda. Vi uppdaterar logistikinformationen f\u00f6r dig i realtid.<\/p>\n<h3>Bra service efter k\u00f6p:<\/h3>\n<p><span style=\"color: #ff6600\">Obs: Inga \u00e5terbetalningar eller byten f\u00f6r problem som inte \u00e4r relaterade till kvalitet<\/span><br \/>\n1. Kunder kan v\u00e4lja den smak de vill ha, men om smaken \u00e4r slut i lager kommer produktionsavdelningen att v\u00e4lja en popul\u00e4r smak som ers\u00e4ttning. Kunder har inte r\u00e4tt att beg\u00e4ra \u00e5terbetalning eller byte baserat p\u00e5 smaker.<\/p>\n<p>2. N\u00e4r kvalitetsproblem uppst\u00e5r, v\u00e4nligen tillhandah\u00e5ll specifika video- och bildbeskrivningar.<br \/>\nOm du inte kan tillhandah\u00e5lla bevis som videor och foton kan varorna inte bytas ut.<\/p>","protected":false},"excerpt":{"rendered":"<p>Bra Rea Vape Rumbar Tornado 15000Puffs<br \/>\nRumbar Tornado 15000Puffs VAPE KIT Sverige<br \/>\nB\u00e4sta Vape Rumbar Tornado 15000Puffs VAPE BAR<br \/>\nPopul\u00e4r Rumbar Tornado 15000Puffs VAPE Frankrike<br \/>\nBra Vape Rumbar Tornado 15000Puffs B\u00e4sta Rea Vape<\/p>\n<p><img decoding=\"async\" class=\"alignnone wp-image-2151\" src=\"http:\/\/vapebulkp.com\/wp-content\/uploads\/2024\/04\/Mandy-WhatsApp-Randm.jpg\" alt=\"Mandy WhatsApp Randm\" width=\"307\" height=\"326\" srcset=\"https:\/\/vapebulkp.com\/wp-content\/uploads\/2024\/04\/Mandy-WhatsApp-Randm.jpg 916w, https:\/\/vapebulkp.com\/wp-content\/uploads\/2024\/04\/Mandy-WhatsApp-Randm-282x300.jpg 282w, https:\/\/vapebulkp.com\/wp-content\/uploads\/2024\/04\/Mandy-WhatsApp-Randm-768x817.jpg 768w, https:\/\/vapebulkp.com\/wp-content\/uploads\/2024\/04\/Mandy-WhatsApp-Randm-600x638.jpg 600w\" sizes=\"(max-width: 307px) 100vw, 307px\" \/><\/p>\n<p>Kontakta Mandy via WhatsApp f\u00f6r rabatterat pris<a href=\"https:\/\/wa.me\/8618077105796\">+8618077105796<\/a><\/p>\n<p><span style=\"color: #ff0000\">OBS: Priserna p\u00e5 v\u00e5r webbplats inkluderar inte fraktkostnader<\/span><\/p>","protected":false},"featured_media":1939,"comment_status":"open","ping_status":"closed","template":"","meta":{"_uag_custom_page_level_css":"","_lmt_disableupdate":"no","_lmt_disable":"","site-sidebar-layout":"default","site-content-layout":"content-boxed-container","ast-site-content-layout":"normal-width-container","site-content-style":"boxed","site-sidebar-style":"unboxed","ast-global-header-display":"","ast-banner-title-visibility":"","ast-main-header-display":"","ast-hfb-above-header-display":"","ast-hfb-below-header-display":"","ast-hfb-mobile-header-display":"","site-post-title":"","ast-breadcrumbs-content":"","ast-featured-img":"","footer-sml-layout":"","theme-transparent-header-meta":"default","adv-header-id-meta":"","stick-header-meta":"","header-above-stick-meta":"","header-main-stick-meta":"","header-below-stick-meta":"","astra-migrate-meta-layouts":"set","_joinchat":[]},"product_cat":[165,153,155,33,59,100,34,158,157,154,152,58,84,156,63,32],"product_tag":[77,36,37,41,73,40],"class_list":["post-1775","product","type-product","status-publish","has-post-thumbnail","hentry","product_cat-15000-puffs-disposable-vape","product_cat-hot-disposable-vapes","product_cat-belgium-hot-disposable-vapes","product_cat-france-vape-hot-sale","product_cat-germany-hot-disposable-vape","product_cat-germany-wholesale-vape-shop","product_cat-netherlands-vape-good-sale","product_cat-norway-hot-disposable-vapes","product_cat-poland-hot-disposable-vapes","product_cat-portugal-hot-disposable-vapes","product_cat-spain-hot-disposable-vapes","product_cat-sweden-hot-disposable-vape","product_cat-sweden-wholesale-vape","product_cat-switzerland-hot-disposable-vapes","product_cat-top-sale-disposable-vape","product_cat-vape-hot-sale-this-week","product_tag-15000-puffs","product_tag-good-vape","product_tag-hot-sale-disposable-vape","product_tag-poland-hot-vape","product_tag-randm-10000puffs-vape","product_tag-sweden-hot-vape","desktop-align-left","tablet-align-left","mobile-align-left"],"yoast_head":"<!-- This site is optimized with the Yoast SEO plugin v21.1 - https:\/\/yoast.com\/wordpress\/plugins\/seo\/ -->\n<title>QST Rum Bar Tornado 15000 Good Disposable Vape - vapebulkp.com<\/title>\n<meta name=\"description\" content=\"Get the QST Rum Bar Tornado 15000 Puffs Disposable Vape \u2014 high-capacity, sleek, and ready to use with rich flavors.\" \/>\n<meta name=\"robots\" content=\"index, follow, max-snippet:-1, max-image-preview:large, max-video-preview:-1\" \/>\n<link rel=\"canonical\" href=\"https:\/\/vapebulkp.com\/sv\/product\/qst-rum-bar-tornado-15000-good-disposable-vape\/\" \/>\n<meta property=\"og:locale\" content=\"sv_SE\" \/>\n<meta property=\"og:type\" content=\"article\" \/>\n<meta property=\"og:title\" content=\"QST Rum Bar Tornado 15000 Good Disposable Vape - vapebulkp.com\" \/>\n<meta property=\"og:description\" content=\"Get the QST Rum Bar Tornado 15000 Puffs Disposable Vape \u2014 high-capacity, sleek, and ready to use with rich flavors.\" \/>\n<meta property=\"og:url\" content=\"https:\/\/vapebulkp.com\/sv\/product\/qst-rum-bar-tornado-15000-good-disposable-vape\/\" \/>\n<meta property=\"og:site_name\" content=\"vapebulkp.com\" \/>\n<meta property=\"article:modified_time\" content=\"2025-09-01T03:11:12+00:00\" \/>\n<meta property=\"og:image\" content=\"http:\/\/vapebulkp.com\/wp-content\/uploads\/2023\/10\/Rumbar-tornado-15000-Puffs.jpg\" \/>\n\t<meta property=\"og:image:width\" content=\"1000\" \/>\n\t<meta property=\"og:image:height\" content=\"734\" \/>\n\t<meta property=\"og:image:type\" content=\"image\/jpeg\" \/>\n<meta name=\"twitter:card\" content=\"summary_large_image\" \/>\n<meta name=\"twitter:label1\" content=\"Ber\u00e4knad l\u00e4stid\" \/>\n\t<meta name=\"twitter:data1\" content=\"4 minuter\" \/>\n<script type=\"application\/ld+json\" class=\"yoast-schema-graph\">{\"@context\":\"https:\/\/schema.org\",\"@graph\":[{\"@type\":\"WebPage\",\"@id\":\"https:\/\/vapebulkp.com\/product\/qst-rum-bar-tornado-15000-good-disposable-vape\/\",\"url\":\"https:\/\/vapebulkp.com\/product\/qst-rum-bar-tornado-15000-good-disposable-vape\/\",\"name\":\"QST Rum Bar Tornado 15000 Good Disposable Vape - vapebulkp.com\",\"isPartOf\":{\"@id\":\"https:\/\/vapebulkp.com\/#website\"},\"datePublished\":\"2023-10-23T07:23:01+00:00\",\"dateModified\":\"2025-09-01T03:11:12+00:00\",\"description\":\"Get the QST Rum Bar Tornado 15000 Puffs Disposable Vape \u2014 high-capacity, sleek, and ready to use with rich flavors.\",\"breadcrumb\":{\"@id\":\"https:\/\/vapebulkp.com\/product\/qst-rum-bar-tornado-15000-good-disposable-vape\/#breadcrumb\"},\"inLanguage\":\"sv-SE\",\"potentialAction\":[{\"@type\":\"ReadAction\",\"target\":[\"https:\/\/vapebulkp.com\/product\/qst-rum-bar-tornado-15000-good-disposable-vape\/\"]}]},{\"@type\":\"BreadcrumbList\",\"@id\":\"https:\/\/vapebulkp.com\/product\/qst-rum-bar-tornado-15000-good-disposable-vape\/#breadcrumb\",\"itemListElement\":[{\"@type\":\"ListItem\",\"position\":1,\"name\":\"Home\",\"item\":\"https:\/\/vapebulkp.com\/\"},{\"@type\":\"ListItem\",\"position\":2,\"name\":\"Hot Trend Vapes\",\"item\":\"https:\/\/vapebulkp.com\/vape-shop\/\"},{\"@type\":\"ListItem\",\"position\":3,\"name\":\"QST Rum Bar Tornado 15000 Good Disposable Vape\"}]},{\"@type\":\"WebSite\",\"@id\":\"https:\/\/vapebulkp.com\/#website\",\"url\":\"https:\/\/vapebulkp.com\/\",\"name\":\"vapebulkp.com\",\"description\":\"Buy Vape In Cheap Bulk Price Near you\",\"publisher\":{\"@id\":\"https:\/\/vapebulkp.com\/#organization\"},\"potentialAction\":[{\"@type\":\"SearchAction\",\"target\":{\"@type\":\"EntryPoint\",\"urlTemplate\":\"https:\/\/vapebulkp.com\/?s={search_term_string}\"},\"query-input\":\"required name=search_term_string\"}],\"inLanguage\":\"sv-SE\"},{\"@type\":\"Organization\",\"@id\":\"https:\/\/vapebulkp.com\/#organization\",\"name\":\"vapebulkp.com\",\"url\":\"https:\/\/vapebulkp.com\/\",\"logo\":{\"@type\":\"ImageObject\",\"inLanguage\":\"sv-SE\",\"@id\":\"https:\/\/vapebulkp.com\/#\/schema\/logo\/image\/\",\"url\":\"https:\/\/vapebulkp.com\/wp-content\/uploads\/2023\/09\/cropped-vapebulkp.png\",\"contentUrl\":\"https:\/\/vapebulkp.com\/wp-content\/uploads\/2023\/09\/cropped-vapebulkp.png\",\"width\":516,\"height\":163,\"caption\":\"vapebulkp.com\"},\"image\":{\"@id\":\"https:\/\/vapebulkp.com\/#\/schema\/logo\/image\/\"}}]}<\/script>\n<!-- \/ Yoast SEO plugin. -->","yoast_head_json":{"title":"QST Rum Bar Tornado 15000 Good Disposable Vape - vapebulkp.com","description":"Get the QST Rum Bar Tornado 15000 Puffs Disposable Vape \u2014 high-capacity, sleek, and ready to use with rich flavors.","robots":{"index":"index","follow":"follow","max-snippet":"max-snippet:-1","max-image-preview":"max-image-preview:large","max-video-preview":"max-video-preview:-1"},"canonical":"https:\/\/vapebulkp.com\/sv\/product\/qst-rum-bar-tornado-15000-good-disposable-vape\/","og_locale":"sv_SE","og_type":"article","og_title":"QST Rum Bar Tornado 15000 Good Disposable Vape - vapebulkp.com","og_description":"Get the QST Rum Bar Tornado 15000 Puffs Disposable Vape \u2014 high-capacity, sleek, and ready to use with rich flavors.","og_url":"https:\/\/vapebulkp.com\/sv\/product\/qst-rum-bar-tornado-15000-good-disposable-vape\/","og_site_name":"vapebulkp.com","article_modified_time":"2025-09-01T03:11:12+00:00","og_image":[{"width":1000,"height":734,"url":"http:\/\/vapebulkp.com\/wp-content\/uploads\/2023\/10\/Rumbar-tornado-15000-Puffs.jpg","type":"image\/jpeg"}],"twitter_card":"summary_large_image","twitter_misc":{"Ber\u00e4knad l\u00e4stid":"4 minuter"},"schema":{"@context":"https:\/\/schema.org","@graph":[{"@type":"WebPage","@id":"https:\/\/vapebulkp.com\/product\/qst-rum-bar-tornado-15000-good-disposable-vape\/","url":"https:\/\/vapebulkp.com\/product\/qst-rum-bar-tornado-15000-good-disposable-vape\/","name":"QST Rum Bar Tornado 15000 Good Disposable Vape - vapebulkp.com","isPartOf":{"@id":"https:\/\/vapebulkp.com\/#website"},"datePublished":"2023-10-23T07:23:01+00:00","dateModified":"2025-09-01T03:11:12+00:00","description":"Get the QST Rum Bar Tornado 15000 Puffs Disposable Vape \u2014 high-capacity, sleek, and ready to use with rich flavors.","breadcrumb":{"@id":"https:\/\/vapebulkp.com\/product\/qst-rum-bar-tornado-15000-good-disposable-vape\/#breadcrumb"},"inLanguage":"sv-SE","potentialAction":[{"@type":"ReadAction","target":["https:\/\/vapebulkp.com\/product\/qst-rum-bar-tornado-15000-good-disposable-vape\/"]}]},{"@type":"BreadcrumbList","@id":"https:\/\/vapebulkp.com\/product\/qst-rum-bar-tornado-15000-good-disposable-vape\/#breadcrumb","itemListElement":[{"@type":"ListItem","position":1,"name":"Home","item":"https:\/\/vapebulkp.com\/"},{"@type":"ListItem","position":2,"name":"Hot Trend Vapes","item":"https:\/\/vapebulkp.com\/vape-shop\/"},{"@type":"ListItem","position":3,"name":"QST Rum Bar Tornado 15000 Good Disposable Vape"}]},{"@type":"WebSite","@id":"https:\/\/vapebulkp.com\/#website","url":"https:\/\/vapebulkp.com\/","name":"vapebulkp.com","description":"Buy Vape In Cheap Bulk Price Near you","publisher":{"@id":"https:\/\/vapebulkp.com\/#organization"},"potentialAction":[{"@type":"SearchAction","target":{"@type":"EntryPoint","urlTemplate":"https:\/\/vapebulkp.com\/?s={search_term_string}"},"query-input":"required name=search_term_string"}],"inLanguage":"sv-SE"},{"@type":"Organization","@id":"https:\/\/vapebulkp.com\/#organization","name":"vapebulkp.com","url":"https:\/\/vapebulkp.com\/","logo":{"@type":"ImageObject","inLanguage":"sv-SE","@id":"https:\/\/vapebulkp.com\/#\/schema\/logo\/image\/","url":"https:\/\/vapebulkp.com\/wp-content\/uploads\/2023\/09\/cropped-vapebulkp.png","contentUrl":"https:\/\/vapebulkp.com\/wp-content\/uploads\/2023\/09\/cropped-vapebulkp.png","width":516,"height":163,"caption":"vapebulkp.com"},"image":{"@id":"https:\/\/vapebulkp.com\/#\/schema\/logo\/image\/"}}]}},"uagb_featured_image_src":{"full":["https:\/\/vapebulkp.com\/wp-content\/uploads\/2023\/10\/Rumbar-tornado-15000-Puffs.jpg",1000,734,false],"thumbnail":["https:\/\/vapebulkp.com\/wp-content\/uploads\/2023\/10\/Rumbar-tornado-15000-Puffs-150x150.jpg",150,150,true],"medium":["https:\/\/vapebulkp.com\/wp-content\/uploads\/2023\/10\/Rumbar-tornado-15000-Puffs-300x220.jpg",300,220,true],"medium_large":["https:\/\/vapebulkp.com\/wp-content\/uploads\/2023\/10\/Rumbar-tornado-15000-Puffs-768x564.jpg",768,564,true],"large":["https:\/\/vapebulkp.com\/wp-content\/uploads\/2023\/10\/Rumbar-tornado-15000-Puffs.jpg",1000,734,false],"1536x1536":["https:\/\/vapebulkp.com\/wp-content\/uploads\/2023\/10\/Rumbar-tornado-15000-Puffs.jpg",1000,734,false],"2048x2048":["https:\/\/vapebulkp.com\/wp-content\/uploads\/2023\/10\/Rumbar-tornado-15000-Puffs.jpg",1000,734,false],"trp-custom-language-flag":["https:\/\/vapebulkp.com\/wp-content\/uploads\/2023\/10\/Rumbar-tornado-15000-Puffs.jpg",16,12,false],"woocommerce_thumbnail":["https:\/\/vapebulkp.com\/wp-content\/uploads\/2023\/10\/Rumbar-tornado-15000-Puffs-300x300.jpg",300,300,true],"woocommerce_single":["https:\/\/vapebulkp.com\/wp-content\/uploads\/2023\/10\/Rumbar-tornado-15000-Puffs-600x440.jpg",600,440,true],"woocommerce_gallery_thumbnail":["https:\/\/vapebulkp.com\/wp-content\/uploads\/2023\/10\/Rumbar-tornado-15000-Puffs-100x100.jpg",100,100,true],"wcpr-photo-reviews":["https:\/\/vapebulkp.com\/wp-content\/uploads\/2023\/10\/Rumbar-tornado-15000-Puffs.jpg",500,367,false]},"uagb_author_info":{"display_name":"Mandy vape bulk price","author_link":"https:\/\/vapebulkp.com\/sv\/author\/"},"uagb_comment_info":1,"uagb_excerpt":"Good Sale Vape Rumbar Tornado 15000Puffs Rumbar Tornado 15000Puffs VAPE KIT Sweden Best Vape Rumbar Tornado 15000Puffs VAPE BAR Popular Rumbar Tornado 15000Puffs VAPE\u00a0 France Good Vape Rumbar Tornado 15000Puffs Top Sale Vape Pls Contact Mandy's WhatsApp For Discount Price+8618077105796 NOTE: Prices on our website does not include shipping costs","_links":{"self":[{"href":"https:\/\/vapebulkp.com\/sv\/wp-json\/wp\/v2\/product\/1775","targetHints":{"allow":["GET"]}}],"collection":[{"href":"https:\/\/vapebulkp.com\/sv\/wp-json\/wp\/v2\/product"}],"about":[{"href":"https:\/\/vapebulkp.com\/sv\/wp-json\/wp\/v2\/types\/product"}],"replies":[{"embeddable":true,"href":"https:\/\/vapebulkp.com\/sv\/wp-json\/wp\/v2\/comments?post=1775"}],"wp:featuredmedia":[{"embeddable":true,"href":"https:\/\/vapebulkp.com\/sv\/wp-json\/wp\/v2\/media\/1939"}],"wp:attachment":[{"href":"https:\/\/vapebulkp.com\/sv\/wp-json\/wp\/v2\/media?parent=1775"}],"wp:term":[{"taxonomy":"product_cat","embeddable":true,"href":"https:\/\/vapebulkp.com\/sv\/wp-json\/wp\/v2\/product_cat?post=1775"},{"taxonomy":"product_tag","embeddable":true,"href":"https:\/\/vapebulkp.com\/sv\/wp-json\/wp\/v2\/product_tag?post=1775"}],"curies":[{"name":"wp","href":"https:\/\/api.w.org\/{rel}","templated":true}]}}