{"id":1810,"date":"2023-10-26T08:51:36","date_gmt":"2023-10-26T06:51:36","guid":{"rendered":"https:\/\/vapebulkp.com\/?post_type=product&#038;p=1810"},"modified":"2025-09-08T06:04:57","modified_gmt":"2025-09-08T04:04:57","slug":"joymy-ultra15000puffs-best-disposable-vape-2023","status":"publish","type":"product","link":"https:\/\/vapebulkp.com\/sv\/product\/joymy-ultra15000puffs-best-disposable-vape-2023\/","title":{"rendered":"JOYMY ULTRA15000Puffs B\u00e4sta Eng\u00e5ngsvape 2023"},"content":{"rendered":"<h2>JOYMY ULTRA 15000Puffs B\u00e4sta eng\u00e5ngs-vape 2023<\/h2>\n<p>JOYMY ULTRA \u00a0<a href=\"https:\/\/vapebulkp.com\/sv\/product-category\/15000-puffs-disposable-vape\/\">15000Puffs Eng\u00e5ngs-vape<\/a> \u00e4r en eng\u00e5ngs-vape med h\u00f6g kapacitet designad f\u00f6r svenska vaping-entusiaster som v\u00e4rdes\u00e4tter prestanda, smak och bekv\u00e4mlighet. Byggd med ett robust 650mAh-batteri och Type-C snabbladdning s\u00e4kerst\u00e4ller denna l\u00e5ngvariga eng\u00e5ngs-vape oavbrutna sessioner samtidigt som den levererar en j\u00e4mn, konsekvent \u00e5nga.<\/p>\n<p>Med en gener\u00f6s 20 ml e-v\u00e4tskebeh\u00e5llare och avancerad mesh coil-vape-teknik, producerar 15000 Puffs Eng\u00e5ngs-vape t\u00e4ta moln och rik smak fr\u00e5n b\u00f6rjan till slut. Tillg\u00e4nglig i ett brett urval av premiumsmaker och nikotinsalt-vape-styrkor, tillfredsst\u00e4ller den b\u00e5de tillf\u00e4lliga anv\u00e4ndare och erfarna vapers som s\u00f6ker tillfredsst\u00e4llande drag.<\/p>\n<p>Kompakt och portabel, den laddningsbara vapen JOYMY ULTRA 15000 Puff passar enkelt i fickan eller v\u00e4skan, vilket g\u00f6r den perfekt f\u00f6r resor, sociala sammanhang eller daglig anv\u00e4ndning. Idealisk f\u00f6r enskilda anv\u00e4ndare och grossistk\u00f6pare, erbjuder denna eng\u00e5ngs-vape med h\u00f6g kapacitet en l\u00e5g minsta best\u00e4llningskvantitet, vilket g\u00f6r den till ett attraktivt alternativ f\u00f6r \u00e5terf\u00f6rs\u00e4ljare i Sverige.<\/p>\n<p>Lyft din kollektion med JOYMY ULTRA 15000Puffs Vape Bar \u2013 en redo att anv\u00e4nda, p\u00e5litlig och elegant enhet framtagen f\u00f6r l\u00e5ngvarig tillfredsst\u00e4llelse.<\/p>\n<p><img decoding=\"async\" class=\"alignnone size-full wp-image-1815\" src=\"http:\/\/vapebulkp.com\/wp-content\/uploads\/2023\/10\/Good-Sale-JOYMY-15000-Puffs-Hot-vape.png\" alt=\"Bra f\u00f6rs\u00e4ljning JOYMY 15000 Puffar Het vape\" width=\"680\" height=\"340\" srcset=\"https:\/\/vapebulkp.com\/wp-content\/uploads\/2023\/10\/Good-Sale-JOYMY-15000-Puffs-Hot-vape.png 680w, https:\/\/vapebulkp.com\/wp-content\/uploads\/2023\/10\/Good-Sale-JOYMY-15000-Puffs-Hot-vape-300x150.png 300w, https:\/\/vapebulkp.com\/wp-content\/uploads\/2023\/10\/Good-Sale-JOYMY-15000-Puffs-Hot-vape-600x300.png 600w\" sizes=\"(max-width: 680px) 100vw, 680px\" \/><\/p>\n<h6>Kontakta Mandy via WhatsApp f\u00f6r rabatterat pris<a href=\"https:\/\/wa.me\/8618077105796\">+8618077105796<\/a><\/h6>\n<p><img decoding=\"async\" class=\"alignnone wp-image-2151\" src=\"http:\/\/vapebulkp.com\/wp-content\/uploads\/2024\/04\/Mandy-WhatsApp-Randm.jpg\" alt=\"Mandy WhatsApp Randm\" width=\"267\" height=\"284\" srcset=\"https:\/\/vapebulkp.com\/wp-content\/uploads\/2024\/04\/Mandy-WhatsApp-Randm.jpg 916w, https:\/\/vapebulkp.com\/wp-content\/uploads\/2024\/04\/Mandy-WhatsApp-Randm-282x300.jpg 282w, https:\/\/vapebulkp.com\/wp-content\/uploads\/2024\/04\/Mandy-WhatsApp-Randm-768x817.jpg 768w, https:\/\/vapebulkp.com\/wp-content\/uploads\/2024\/04\/Mandy-WhatsApp-Randm-600x638.jpg 600w\" sizes=\"(max-width: 267px) 100vw, 267px\" \/><\/p>\n<h2>T\u00e4nkte att du kanske vill veta om JOYMY ULTRA 15000Puffs\uff1a<\/h2>\n<p>&nbsp;<\/p>\n<h6>1. VAD \u00c4R E-V\u00c4TSKEKAPACITETEN P\u00c5 Vapen JOYMY 15000 Puffs?<\/h6>\n<p>Denna enhet har 20 ml e-v\u00e4tska.<\/p>\n<h6>2. HUR L\u00c4NGE H\u00c5LLER DENNA VAPE?<\/h6>\n<p>500 puffar\/dag, kan r\u00e4cka 30 dagar<br \/>\n1000 puffar\/dag, kan r\u00e4cka 15 dagar<br \/>\n2000 bloss\/dag, kan h\u00e5lla 8 dagar<\/p>\n<h6>3. HUR LADDAR MAN ENG\u00c5NGS-VAPEN JOYMY ULTRA 15000Puffs ENHETEN?<\/h6>\n<p>Snabbladdare kan inte anv\u00e4ndas. Den standardm\u00e4ssiga s\u00e4kra effekten f\u00f6r eng\u00e5ngs-e-cigaretter \u00e4r 5V 1A. Varje laddningstid f\u00e5r inte \u00f6verstiga 1 timme, och den s\u00e4kra laddningstiden \u00e4r en halvtimme.<\/p>\n<p><span style=\"color: #ff6600\">Observera: kan inte ladda om hela natten!<\/span><\/p>\n<h6>4. Hur man anv\u00e4nder <strong><span style=\"vertical-align: inherit\">JOYMY ULTRA 15000Puffs<\/span><\/strong>?<\/h6>\n<p>1: Innan du anv\u00e4nder 15k bloss, dra ut plastr\u00f6ret.<br \/>\n2: V\u00e4nta cirka 3 minuter s\u00e5 att juicen kan tr\u00e4nga in i spolen inuti.<br \/>\n3: B\u00f6rja njuta av den<\/p>\n<h2><strong><span style=\"vertical-align: inherit\">Specifikation f\u00f6r JOYMY 15000 Puff<\/span><\/strong><strong><span style=\"vertical-align: inherit\">\uff1a<\/span><br \/>\n<\/strong><\/h2>\n<ul>\n<li>Batteri: 650mAh (Typ C)<br \/>\nKapacitet: 20ml<br \/>\nSpole: 0.8 ohm mesh<br \/>\nUngef\u00e4rlig sugvolym: 15000 puffar<br \/>\nPlus nikotinstyrka: 2%,5%<\/li>\n<li>Effektiv och Konsekvent Kraftleverans<\/li>\n<li>MOQ: 100ST<\/li>\n<\/ul>\n<h2><strong>Vilka \u00e4r de b\u00e4sta smakerna f\u00f6r Vape JOYMY 15000 Puffar?<\/strong><\/h2>\n<p>&nbsp;<\/p>\n<p><strong>1. bl\u00e5b\u00e4r <\/strong><\/p>\n<p><strong>2. svart is <\/strong><\/p>\n<p><strong>3. vattenmelon<\/strong><\/p>\n<p><strong> 4. citronmynta<\/strong><\/p>\n<p><strong> 5. tuggummimynta <\/strong><\/p>\n<p><strong>6.druv is <\/strong><\/p>\n<p><strong>7.Jordgubbsmango<\/strong><\/p>\n<p><strong> 8. dubbelt \u00e4pple <\/strong><\/p>\n<p><strong>9. honungsmelon <\/strong><\/p>\n<p><strong>10.jordgubb kiwi<\/strong><\/p>\n<p>&nbsp;<\/p>\n<p><a href=\"https:\/\/vapebulkp.com\/sv\/product\/popular-randm-tornado-7000puffs-disposable-vape-best-price\/\"><span style=\"vertical-align: inherit\">RandM Tornado 7000 Bloss <\/span><\/a><\/p>\n<p><span style=\"vertical-align: inherit\">Hitta fler produkter du kanske gillar:<\/span><em><a href=\"https:\/\/wa.me\/8618077105796\"><span style=\"vertical-align: inherit\">\u00a0K\u00f6p nu<\/span><\/a><\/em><\/p>\n<p><span style=\"vertical-align: inherit\">Andra Puffs du kanske gillar:<\/span><a href=\"https:\/\/vapebulkp.com\/sv\/product\/bang-box-12000puffs-good-vape-sweden-wholesale-price\/\"><span style=\"vertical-align: inherit\">Bang Box 12000 bloss<\/span><\/a><span style=\"vertical-align: inherit\">\u3001<\/span><a href=\"https:\/\/vapebulkp.com\/sv\/product\/top-sale-waspe-12000puffs-disposable-vape-wholesale-france\/\"><span style=\"vertical-align: inherit\">WASPE 12000 bloss<\/span><\/a><span style=\"vertical-align: inherit\">\/ <\/span><a href=\"https:\/\/vapebulkp.com\/sv\/product\/wholesale-randm-tornado-9000-puffs-germany\/\"><span style=\"vertical-align: inherit\">RandM Tornado 9000 bloss<\/span><\/a><span style=\"vertical-align: inherit\">\/ <\/span><a href=\"https:\/\/vapebulkp.com\/sv\/product\/disposable-vape-crystal-600-puffs\/\"><span style=\"vertical-align: inherit\">Crystal 600 bloss<\/span><\/a><\/p>\n<p><span style=\"vertical-align: inherit\">E-cigarettflaska med specialform:<\/span><a href=\"https:\/\/vapebulkp.com\/sv\/product\/good-sale-randm-tornado-10000-puffs-plus\/\"><span style=\"vertical-align: inherit\">RandM Tornado 10000 Puffar Plus <\/span><\/a><span style=\"vertical-align: inherit\">\/<\/span><a href=\"https:\/\/vapebulkp.com\/sv\/product\/wholesale-price-og-super-smash-10000-puffs-disposable-vape\/\"><span style=\"vertical-align: inherit\">OG Super smash 10000 Puffar<\/span><\/a><\/p>\n<h3>Produktionskvalifikation:<\/h3>\n<p><img decoding=\"async\" class=\"alignnone size-full wp-image-1841\" src=\"http:\/\/vapebulkp.com\/wp-content\/uploads\/2023\/11\/Vape-production-process-2.jpeg\" alt=\"Vape produktionsprocess\" width=\"650\" height=\"434\" srcset=\"https:\/\/vapebulkp.com\/wp-content\/uploads\/2023\/11\/Vape-production-process-2.jpeg 650w, https:\/\/vapebulkp.com\/wp-content\/uploads\/2023\/11\/Vape-production-process-2-300x200.jpeg 300w, https:\/\/vapebulkp.com\/wp-content\/uploads\/2023\/11\/Vape-production-process-2-600x401.jpeg 600w\" sizes=\"(max-width: 650px) 100vw, 650px\" \/><\/p>\n<p><img decoding=\"async\" class=\"alignnone wp-image-1843\" src=\"http:\/\/vapebulkp.com\/wp-content\/uploads\/2023\/11\/Vape-production-process.jpeg\" alt=\"Vape produktionsprocess\" width=\"647\" height=\"1036\" srcset=\"https:\/\/vapebulkp.com\/wp-content\/uploads\/2023\/11\/Vape-production-process.jpeg 641w, https:\/\/vapebulkp.com\/wp-content\/uploads\/2023\/11\/Vape-production-process-187x300.jpeg 187w, https:\/\/vapebulkp.com\/wp-content\/uploads\/2023\/11\/Vape-production-process-640x1024.jpeg 640w, https:\/\/vapebulkp.com\/wp-content\/uploads\/2023\/11\/Vape-production-process-600x960.jpeg 600w\" sizes=\"(max-width: 647px) 100vw, 647px\" \/><\/p>\n<h3>Vanliga fr\u00e5gor och svar:<\/h3>\n<p>F: Vad \u00e4r MOQ f\u00f6r grossist Vape JOYMY ULTRA 15000 Puffar?<br \/>\nS: Minsta best\u00e4llning \u00e4r 50 st.<br \/>\nF: Vad \u00e4r leveranstiden f\u00f6r den best\u00e4llda vapen?<br \/>\nS: Vanligtvis \u00e4r det 10-15 dagar efter leverans<br \/>\nF: Hur mycket kostar frakten? S: Fraktkostnaden beror p\u00e5 vikten. Olika kvantiteter har olika fraktkostnader, v\u00e4nligen kontakta oss f\u00f6r att bekr\u00e4fta fraktkostnaden.<\/p>\n<h4>Leveransdetaljer:<\/h4>\n<p><span style=\"color: #ff6600\">Produktionstid: 5-10 arbetsdagar<\/span><br \/>\n<span style=\"color: #ff6600\">Leveranstid: 8-14 arbetsdagar<\/span><\/p>\n<p>Alla produkter i v\u00e5r butik \u00e4r 100% originala och autentiska, d\u00e4rf\u00f6r \u00e4r Tiofaldig ers\u00e4ttning f\u00f6r falska varor v\u00e5r butikspolicy. Vi anv\u00e4nder logistikkanaler som UPS\/DHL\/FEDEX\/DPD f\u00f6r att leverera varor till dig.<\/p>\n<p>F\u00f6r paket som skickas inom Sverige tar det vanligtvis 10 arbetsdagar att anl\u00e4nda. Leveranser till andra europeiska l\u00e4nder tar vanligtvis 12 till 15 arbetsdagar att anl\u00e4nda. Vi uppdaterar logistikinformationen f\u00f6r dig i realtid.<\/p>\n<h3>Bra service efter k\u00f6p:<\/h3>\n<p><span style=\"color: #ff6600\">Obs: Inga \u00e5terbetalningar eller byten f\u00f6r problem som inte \u00e4r relaterade till kvalitet<\/span><br \/>\n1. Kunder kan v\u00e4lja den smak de vill ha, men om smaken \u00e4r slut i lager kommer produktionsavdelningen att v\u00e4lja en popul\u00e4r smak som ers\u00e4ttning. Kunder har inte r\u00e4tt att beg\u00e4ra \u00e5terbetalning eller byte baserat p\u00e5 smaker.<\/p>\n<p>2. N\u00e4r kvalitetsproblem uppst\u00e5r, v\u00e4nligen tillhandah\u00e5ll specifika video- och bildbeskrivningar.<br \/>\nOm du inte kan tillhandah\u00e5lla bevis som videor och foton kan varorna inte bytas ut.<\/p>","protected":false},"excerpt":{"rendered":"<p>Bra vape till salu JOYMY 15000Puffs B\u00e4sts\u00e4ljande vape Sverige<br \/>\nJOYMY 15000Puffs VAPE-KIT Sverige<br \/>\nPopular Vape JOYMY 15000Puffs VAPE BAR<br \/>\nPopul\u00e4r JOYMY 15000Puffs VAPE Sverige<br \/>\nBra vape JOYMY 15000Puffs Topps\u00e4ljande vape<\/p>\n<p><img decoding=\"async\" class=\"alignnone wp-image-2151\" src=\"http:\/\/vapebulkp.com\/wp-content\/uploads\/2024\/04\/Mandy-WhatsApp-Randm.jpg\" alt=\"Mandy WhatsApp Randm\" width=\"294\" height=\"313\" srcset=\"https:\/\/vapebulkp.com\/wp-content\/uploads\/2024\/04\/Mandy-WhatsApp-Randm.jpg 916w, https:\/\/vapebulkp.com\/wp-content\/uploads\/2024\/04\/Mandy-WhatsApp-Randm-282x300.jpg 282w, https:\/\/vapebulkp.com\/wp-content\/uploads\/2024\/04\/Mandy-WhatsApp-Randm-768x817.jpg 768w, https:\/\/vapebulkp.com\/wp-content\/uploads\/2024\/04\/Mandy-WhatsApp-Randm-600x638.jpg 600w\" sizes=\"(max-width: 294px) 100vw, 294px\" \/><\/p>\n<p>Kontakta Mandy via WhatsApp f\u00f6r rabatterat pris<a href=\"https:\/\/wa.me\/8618077105796\">+8618077105796<\/a><\/p>\n<p><span style=\"color: #ff0000\">OBS: Priserna p\u00e5 v\u00e5r webbplats inkluderar inte fraktkostnader<\/span><\/p>","protected":false},"featured_media":1811,"comment_status":"open","ping_status":"closed","template":"","meta":{"_uag_custom_page_level_css":"","_lmt_disableupdate":"no","_lmt_disable":"","site-sidebar-layout":"default","site-content-layout":"content-boxed-container","ast-site-content-layout":"normal-width-container","site-content-style":"boxed","site-sidebar-style":"unboxed","ast-global-header-display":"","ast-banner-title-visibility":"","ast-main-header-display":"","ast-hfb-above-header-display":"","ast-hfb-below-header-display":"","ast-hfb-mobile-header-display":"","site-post-title":"","ast-breadcrumbs-content":"","ast-featured-img":"","footer-sml-layout":"","theme-transparent-header-meta":"default","adv-header-id-meta":"","stick-header-meta":"","header-above-stick-meta":"","header-main-stick-meta":"","header-below-stick-meta":"","astra-migrate-meta-layouts":"set","_joinchat":[]},"product_cat":[165,153,155,33,59,100,87,34,158,157,154,152,58,84,156,63,32],"product_tag":[77,36,37,41,73,40],"class_list":["post-1810","product","type-product","status-publish","has-post-thumbnail","hentry","product_cat-15000-puffs-disposable-vape","product_cat-hot-disposable-vapes","product_cat-belgium-hot-disposable-vapes","product_cat-france-vape-hot-sale","product_cat-germany-hot-disposable-vape","product_cat-germany-wholesale-vape-shop","product_cat-minimum-order-quantity-50pcs","product_cat-netherlands-vape-good-sale","product_cat-norway-hot-disposable-vapes","product_cat-poland-hot-disposable-vapes","product_cat-portugal-hot-disposable-vapes","product_cat-spain-hot-disposable-vapes","product_cat-sweden-hot-disposable-vape","product_cat-sweden-wholesale-vape","product_cat-switzerland-hot-disposable-vapes","product_cat-top-sale-disposable-vape","product_cat-vape-hot-sale-this-week","product_tag-15000-puffs","product_tag-good-vape","product_tag-hot-sale-disposable-vape","product_tag-poland-hot-vape","product_tag-randm-10000puffs-vape","product_tag-sweden-hot-vape","desktop-align-left","tablet-align-left","mobile-align-left"],"yoast_head":"<!-- This site is optimized with the Yoast SEO plugin v21.1 - https:\/\/yoast.com\/wordpress\/plugins\/seo\/ -->\n<title>JOYMY ULTRA15000Puffs Best Disposable Vape 2023 - vapebulkp.com<\/title>\n<meta name=\"description\" content=\"Join the Vaping Revolution with JOYMY ULTRA15000Puffs Best Disposable Vape 2023Disposable E-CigaretteIt&#039;s time to join the vaping revolution with the JOYMY ULTRA15k Puffs .\" \/>\n<meta name=\"robots\" content=\"index, follow, max-snippet:-1, max-image-preview:large, max-video-preview:-1\" \/>\n<link rel=\"canonical\" href=\"https:\/\/vapebulkp.com\/sv\/product\/joymy-ultra15000puffs-best-disposable-vape-2023\/\" \/>\n<meta property=\"og:locale\" content=\"sv_SE\" \/>\n<meta property=\"og:type\" content=\"article\" \/>\n<meta property=\"og:title\" content=\"JOYMY ULTRA15000Puffs Best Disposable Vape 2023 - vapebulkp.com\" \/>\n<meta property=\"og:description\" content=\"Join the Vaping Revolution with JOYMY ULTRA15000Puffs Best Disposable Vape 2023Disposable E-CigaretteIt&#039;s time to join the vaping revolution with the JOYMY ULTRA15k Puffs .\" \/>\n<meta property=\"og:url\" content=\"https:\/\/vapebulkp.com\/sv\/product\/joymy-ultra15000puffs-best-disposable-vape-2023\/\" \/>\n<meta property=\"og:site_name\" content=\"vapebulkp.com\" \/>\n<meta property=\"article:modified_time\" content=\"2025-09-08T04:04:57+00:00\" \/>\n<meta property=\"og:image\" content=\"http:\/\/vapebulkp.com\/wp-content\/uploads\/2023\/10\/Ploand-Good-JOYMY-15000-Puffs-Vape-2-768x1024.png\" \/>\n\t<meta property=\"og:image:width\" content=\"768\" \/>\n\t<meta property=\"og:image:height\" content=\"1024\" \/>\n\t<meta property=\"og:image:type\" content=\"image\/png\" \/>\n<meta name=\"twitter:card\" content=\"summary_large_image\" \/>\n<meta name=\"twitter:label1\" content=\"Ber\u00e4knad l\u00e4stid\" \/>\n\t<meta name=\"twitter:data1\" content=\"4 minuter\" \/>\n<script type=\"application\/ld+json\" class=\"yoast-schema-graph\">{\"@context\":\"https:\/\/schema.org\",\"@graph\":[{\"@type\":\"WebPage\",\"@id\":\"https:\/\/vapebulkp.com\/product\/joymy-ultra15000puffs-best-disposable-vape-2023\/\",\"url\":\"https:\/\/vapebulkp.com\/product\/joymy-ultra15000puffs-best-disposable-vape-2023\/\",\"name\":\"JOYMY ULTRA15000Puffs Best Disposable Vape 2023 - vapebulkp.com\",\"isPartOf\":{\"@id\":\"https:\/\/vapebulkp.com\/#website\"},\"datePublished\":\"2023-10-26T06:51:36+00:00\",\"dateModified\":\"2025-09-08T04:04:57+00:00\",\"description\":\"Join the Vaping Revolution with JOYMY ULTRA15000Puffs Best Disposable Vape 2023Disposable E-CigaretteIt's time to join the vaping revolution with the JOYMY ULTRA15k Puffs .\",\"breadcrumb\":{\"@id\":\"https:\/\/vapebulkp.com\/product\/joymy-ultra15000puffs-best-disposable-vape-2023\/#breadcrumb\"},\"inLanguage\":\"sv-SE\",\"potentialAction\":[{\"@type\":\"ReadAction\",\"target\":[\"https:\/\/vapebulkp.com\/product\/joymy-ultra15000puffs-best-disposable-vape-2023\/\"]}]},{\"@type\":\"BreadcrumbList\",\"@id\":\"https:\/\/vapebulkp.com\/product\/joymy-ultra15000puffs-best-disposable-vape-2023\/#breadcrumb\",\"itemListElement\":[{\"@type\":\"ListItem\",\"position\":1,\"name\":\"Home\",\"item\":\"https:\/\/vapebulkp.com\/\"},{\"@type\":\"ListItem\",\"position\":2,\"name\":\"Hot Trend Vapes\",\"item\":\"https:\/\/vapebulkp.com\/vape-shop\/\"},{\"@type\":\"ListItem\",\"position\":3,\"name\":\"JOYMY ULTRA15000Puffs Best Disposable Vape 2023\"}]},{\"@type\":\"WebSite\",\"@id\":\"https:\/\/vapebulkp.com\/#website\",\"url\":\"https:\/\/vapebulkp.com\/\",\"name\":\"vapebulkp.com\",\"description\":\"Buy Vape In Cheap Bulk Price Near you\",\"publisher\":{\"@id\":\"https:\/\/vapebulkp.com\/#organization\"},\"potentialAction\":[{\"@type\":\"SearchAction\",\"target\":{\"@type\":\"EntryPoint\",\"urlTemplate\":\"https:\/\/vapebulkp.com\/?s={search_term_string}\"},\"query-input\":\"required name=search_term_string\"}],\"inLanguage\":\"sv-SE\"},{\"@type\":\"Organization\",\"@id\":\"https:\/\/vapebulkp.com\/#organization\",\"name\":\"vapebulkp.com\",\"url\":\"https:\/\/vapebulkp.com\/\",\"logo\":{\"@type\":\"ImageObject\",\"inLanguage\":\"sv-SE\",\"@id\":\"https:\/\/vapebulkp.com\/#\/schema\/logo\/image\/\",\"url\":\"https:\/\/vapebulkp.com\/wp-content\/uploads\/2023\/09\/cropped-vapebulkp.png\",\"contentUrl\":\"https:\/\/vapebulkp.com\/wp-content\/uploads\/2023\/09\/cropped-vapebulkp.png\",\"width\":516,\"height\":163,\"caption\":\"vapebulkp.com\"},\"image\":{\"@id\":\"https:\/\/vapebulkp.com\/#\/schema\/logo\/image\/\"}}]}<\/script>\n<!-- \/ Yoast SEO plugin. -->","yoast_head_json":{"title":"JOYMY ULTRA15000Puffs Best Disposable Vape 2023 - vapebulkp.com","description":"Join the Vaping Revolution with JOYMY ULTRA15000Puffs Best Disposable Vape 2023Disposable E-CigaretteIt's time to join the vaping revolution with the JOYMY ULTRA15k Puffs .","robots":{"index":"index","follow":"follow","max-snippet":"max-snippet:-1","max-image-preview":"max-image-preview:large","max-video-preview":"max-video-preview:-1"},"canonical":"https:\/\/vapebulkp.com\/sv\/product\/joymy-ultra15000puffs-best-disposable-vape-2023\/","og_locale":"sv_SE","og_type":"article","og_title":"JOYMY ULTRA15000Puffs Best Disposable Vape 2023 - vapebulkp.com","og_description":"Join the Vaping Revolution with JOYMY ULTRA15000Puffs Best Disposable Vape 2023Disposable E-CigaretteIt's time to join the vaping revolution with the JOYMY ULTRA15k Puffs .","og_url":"https:\/\/vapebulkp.com\/sv\/product\/joymy-ultra15000puffs-best-disposable-vape-2023\/","og_site_name":"vapebulkp.com","article_modified_time":"2025-09-08T04:04:57+00:00","og_image":[{"width":768,"height":1024,"url":"http:\/\/vapebulkp.com\/wp-content\/uploads\/2023\/10\/Ploand-Good-JOYMY-15000-Puffs-Vape-2-768x1024.png","type":"image\/png"}],"twitter_card":"summary_large_image","twitter_misc":{"Ber\u00e4knad l\u00e4stid":"4 minuter"},"schema":{"@context":"https:\/\/schema.org","@graph":[{"@type":"WebPage","@id":"https:\/\/vapebulkp.com\/product\/joymy-ultra15000puffs-best-disposable-vape-2023\/","url":"https:\/\/vapebulkp.com\/product\/joymy-ultra15000puffs-best-disposable-vape-2023\/","name":"JOYMY ULTRA15000Puffs Best Disposable Vape 2023 - vapebulkp.com","isPartOf":{"@id":"https:\/\/vapebulkp.com\/#website"},"datePublished":"2023-10-26T06:51:36+00:00","dateModified":"2025-09-08T04:04:57+00:00","description":"Join the Vaping Revolution with JOYMY ULTRA15000Puffs Best Disposable Vape 2023Disposable E-CigaretteIt's time to join the vaping revolution with the JOYMY ULTRA15k Puffs .","breadcrumb":{"@id":"https:\/\/vapebulkp.com\/product\/joymy-ultra15000puffs-best-disposable-vape-2023\/#breadcrumb"},"inLanguage":"sv-SE","potentialAction":[{"@type":"ReadAction","target":["https:\/\/vapebulkp.com\/product\/joymy-ultra15000puffs-best-disposable-vape-2023\/"]}]},{"@type":"BreadcrumbList","@id":"https:\/\/vapebulkp.com\/product\/joymy-ultra15000puffs-best-disposable-vape-2023\/#breadcrumb","itemListElement":[{"@type":"ListItem","position":1,"name":"Home","item":"https:\/\/vapebulkp.com\/"},{"@type":"ListItem","position":2,"name":"Hot Trend Vapes","item":"https:\/\/vapebulkp.com\/vape-shop\/"},{"@type":"ListItem","position":3,"name":"JOYMY ULTRA15000Puffs Best Disposable Vape 2023"}]},{"@type":"WebSite","@id":"https:\/\/vapebulkp.com\/#website","url":"https:\/\/vapebulkp.com\/","name":"vapebulkp.com","description":"Buy Vape In Cheap Bulk Price Near you","publisher":{"@id":"https:\/\/vapebulkp.com\/#organization"},"potentialAction":[{"@type":"SearchAction","target":{"@type":"EntryPoint","urlTemplate":"https:\/\/vapebulkp.com\/?s={search_term_string}"},"query-input":"required name=search_term_string"}],"inLanguage":"sv-SE"},{"@type":"Organization","@id":"https:\/\/vapebulkp.com\/#organization","name":"vapebulkp.com","url":"https:\/\/vapebulkp.com\/","logo":{"@type":"ImageObject","inLanguage":"sv-SE","@id":"https:\/\/vapebulkp.com\/#\/schema\/logo\/image\/","url":"https:\/\/vapebulkp.com\/wp-content\/uploads\/2023\/09\/cropped-vapebulkp.png","contentUrl":"https:\/\/vapebulkp.com\/wp-content\/uploads\/2023\/09\/cropped-vapebulkp.png","width":516,"height":163,"caption":"vapebulkp.com"},"image":{"@id":"https:\/\/vapebulkp.com\/#\/schema\/logo\/image\/"}}]}},"uagb_featured_image_src":{"full":["https:\/\/vapebulkp.com\/wp-content\/uploads\/2023\/10\/Ploand-Good-JOYMY-15000-Puffs-Vape-2.png",1536,2048,false],"thumbnail":["https:\/\/vapebulkp.com\/wp-content\/uploads\/2023\/10\/Ploand-Good-JOYMY-15000-Puffs-Vape-2-150x150.png",150,150,true],"medium":["https:\/\/vapebulkp.com\/wp-content\/uploads\/2023\/10\/Ploand-Good-JOYMY-15000-Puffs-Vape-2-225x300.png",225,300,true],"medium_large":["https:\/\/vapebulkp.com\/wp-content\/uploads\/2023\/10\/Ploand-Good-JOYMY-15000-Puffs-Vape-2-768x1024.png",768,1024,true],"large":["https:\/\/vapebulkp.com\/wp-content\/uploads\/2023\/10\/Ploand-Good-JOYMY-15000-Puffs-Vape-2-768x1024.png",768,1024,true],"1536x1536":["https:\/\/vapebulkp.com\/wp-content\/uploads\/2023\/10\/Ploand-Good-JOYMY-15000-Puffs-Vape-2-1152x1536.png",1152,1536,true],"2048x2048":["https:\/\/vapebulkp.com\/wp-content\/uploads\/2023\/10\/Ploand-Good-JOYMY-15000-Puffs-Vape-2.png",1536,2048,false],"trp-custom-language-flag":["https:\/\/vapebulkp.com\/wp-content\/uploads\/2023\/10\/Ploand-Good-JOYMY-15000-Puffs-Vape-2.png",9,12,false],"woocommerce_thumbnail":["https:\/\/vapebulkp.com\/wp-content\/uploads\/2023\/10\/Ploand-Good-JOYMY-15000-Puffs-Vape-2-300x300.png",300,300,true],"woocommerce_single":["https:\/\/vapebulkp.com\/wp-content\/uploads\/2023\/10\/Ploand-Good-JOYMY-15000-Puffs-Vape-2-600x800.png",600,800,true],"woocommerce_gallery_thumbnail":["https:\/\/vapebulkp.com\/wp-content\/uploads\/2023\/10\/Ploand-Good-JOYMY-15000-Puffs-Vape-2-100x100.png",100,100,true],"wcpr-photo-reviews":["https:\/\/vapebulkp.com\/wp-content\/uploads\/2023\/10\/Ploand-Good-JOYMY-15000-Puffs-Vape-2.png",375,500,false]},"uagb_author_info":{"display_name":"Mandy vape bulk price","author_link":"https:\/\/vapebulkp.com\/sv\/author\/"},"uagb_comment_info":0,"uagb_excerpt":"Good Sale Vape JOYMY 15000Puffs Hot Sale Vape France JOYMY 15000Puffs VAPE KIT Sweden Popular Vape JOYMY 15000Puffs VAPE BAR Popular JOYMY 15000Puffs VAPE\u00a0 France Good Vape JOYMY 15000Puffs Top Sale Vape Pls Contact Mandy's WhatsApp For Discount Price+8618077105796 NOTE: Prices on our website does not include shipping costs","_links":{"self":[{"href":"https:\/\/vapebulkp.com\/sv\/wp-json\/wp\/v2\/product\/1810","targetHints":{"allow":["GET"]}}],"collection":[{"href":"https:\/\/vapebulkp.com\/sv\/wp-json\/wp\/v2\/product"}],"about":[{"href":"https:\/\/vapebulkp.com\/sv\/wp-json\/wp\/v2\/types\/product"}],"replies":[{"embeddable":true,"href":"https:\/\/vapebulkp.com\/sv\/wp-json\/wp\/v2\/comments?post=1810"}],"wp:featuredmedia":[{"embeddable":true,"href":"https:\/\/vapebulkp.com\/sv\/wp-json\/wp\/v2\/media\/1811"}],"wp:attachment":[{"href":"https:\/\/vapebulkp.com\/sv\/wp-json\/wp\/v2\/media?parent=1810"}],"wp:term":[{"taxonomy":"product_cat","embeddable":true,"href":"https:\/\/vapebulkp.com\/sv\/wp-json\/wp\/v2\/product_cat?post=1810"},{"taxonomy":"product_tag","embeddable":true,"href":"https:\/\/vapebulkp.com\/sv\/wp-json\/wp\/v2\/product_tag?post=1810"}],"curies":[{"name":"wp","href":"https:\/\/api.w.org\/{rel}","templated":true}]}}