{"id":1849,"date":"2023-11-09T08:16:47","date_gmt":"2023-11-09T07:16:47","guid":{"rendered":"https:\/\/vapebulkp.com\/?post_type=product&#038;p=1849"},"modified":"2025-09-24T05:13:26","modified_gmt":"2025-09-24T03:13:26","slug":"popular-vape-bang-king-15000-puffs-bang-vape","status":"publish","type":"product","link":"https:\/\/vapebulkp.com\/sv\/product\/popular-vape-bang-king-15000-puffs-bang-vape\/","title":{"rendered":"Popul\u00e4r Vape Bang King 15000 Puffar Bang Vape"},"content":{"rendered":"<h2>Popul\u00e4r Vape Bang King 15000 Puffar Bang Vape<\/h2>\n<p data-start=\"118\" data-end=\"446\">Den <strong data-start=\"122\" data-end=\"141\">Bang King 15000 Puffar<\/strong>\u00a0\u00e4r en h\u00f6gkapacitets <strong data-start=\"161\" data-end=\"193\">uppladdningsbar eng\u00e5ngsvape<\/strong> designad f\u00f6r j\u00e4mn, l\u00e5ngvarig prestanda. Kompakt och b\u00e4rbar, dess eleganta flaskdesign g\u00f6r den l\u00e4tt att b\u00e4ra med sig \u00f6verallt. Med en 25 ml e-v\u00e4tsketank och nikotinsaltalternativ p\u00e5 2% eller 5% levererar den rik, tillfredsst\u00e4llande smak f\u00f6r upp till 15 000 bloss.<\/p>\n<p data-start=\"448\" data-end=\"749\">Utrustad med ett h\u00f6gpresterande 650mAh-batteri, <strong data-start=\"501\" data-end=\"543\">Bang King 15000 eng\u00e5ngs e-cigarett<\/strong> s\u00e4kerst\u00e4ller konsekvent \u00e5nga och p\u00e5litliga drag under hela dagen. Dess RGB-belysningssystem \u00e4ndrar dynamiskt f\u00e4rg baserat p\u00e5 batteriniv\u00e5 och vald smak, vilket ger en visuellt sl\u00e5ende touch f\u00f6r anv\u00e4ndarna.<\/p>\n<p data-start=\"751\" data-end=\"971\">Idealisk f\u00f6r b\u00e5de daglig vaping och sociala sammanhang, denna <strong data-start=\"805\" data-end=\"838\">h\u00f6gkapacitets <a href=\"https:\/\/vapebulkp.com\/sv\/product-category\/15000-puffs-disposable-vape\/\">15000 Puffs Eng\u00e5ngs Vape<\/a><\/strong> kombinerar stil, kraft och avancerad funktionalitet, vilket g\u00f6r den till ett toppval f\u00f6r svenska konsumenter och grossistdistribut\u00f6rer.<\/p>\n<p><img decoding=\"async\" class=\"alignnone wp-image-1853\" src=\"http:\/\/vapebulkp.com\/wp-content\/uploads\/2023\/11\/Bang-King-15000-puffs-Germany-Vape.png\" alt=\"Bang King 15000 puffar Tyskland Vape\" width=\"938\" height=\"528\" srcset=\"https:\/\/vapebulkp.com\/wp-content\/uploads\/2023\/11\/Bang-King-15000-puffs-Germany-Vape.png 1920w, https:\/\/vapebulkp.com\/wp-content\/uploads\/2023\/11\/Bang-King-15000-puffs-Germany-Vape-300x169.png 300w, https:\/\/vapebulkp.com\/wp-content\/uploads\/2023\/11\/Bang-King-15000-puffs-Germany-Vape-1024x576.png 1024w, https:\/\/vapebulkp.com\/wp-content\/uploads\/2023\/11\/Bang-King-15000-puffs-Germany-Vape-768x432.png 768w, https:\/\/vapebulkp.com\/wp-content\/uploads\/2023\/11\/Bang-King-15000-puffs-Germany-Vape-1536x864.png 1536w, https:\/\/vapebulkp.com\/wp-content\/uploads\/2023\/11\/Bang-King-15000-puffs-Germany-Vape-600x338.png 600w\" sizes=\"(max-width: 938px) 100vw, 938px\" \/><\/p>\n<h6>Kontakta Mandy via WhatsApp f\u00f6r rabatterat pris<a href=\"https:\/\/wa.me\/8618077105796\">+8618077105796<\/a><\/h6>\n<h3><img decoding=\"async\" class=\"alignnone wp-image-2151\" src=\"http:\/\/vapebulkp.com\/wp-content\/uploads\/2024\/04\/Mandy-WhatsApp-Randm.jpg\" alt=\"Mandy WhatsApp Randm\" width=\"225\" height=\"239\" srcset=\"https:\/\/vapebulkp.com\/wp-content\/uploads\/2024\/04\/Mandy-WhatsApp-Randm.jpg 916w, https:\/\/vapebulkp.com\/wp-content\/uploads\/2024\/04\/Mandy-WhatsApp-Randm-282x300.jpg 282w, https:\/\/vapebulkp.com\/wp-content\/uploads\/2024\/04\/Mandy-WhatsApp-Randm-768x817.jpg 768w, https:\/\/vapebulkp.com\/wp-content\/uploads\/2024\/04\/Mandy-WhatsApp-Randm-600x638.jpg 600w\" sizes=\"(max-width: 225px) 100vw, 225px\" \/><\/h3>\n<h2>T\u00e4nkte att du kanske ville veta om Bang eng\u00e5ngsvapes 15000 puffar:<\/h2>\n<p>&nbsp;<\/p>\n<h6>1. VILKEN E-V\u00c4TSKEKAPACITET HAR Bang Vape 15000 Puffar?<\/h6>\n<p>Denna enhet har 25 ml e-v\u00e4tska.<\/p>\n<h6>2. Hur l\u00e4nge r\u00e4cker denna puff bang king?<\/h6>\n<p>500 puffar\/dag, kan r\u00e4cka 30 dagar<br \/>\n1000 puffar\/dag, kan r\u00e4cka 15 dagar<br \/>\n2000 puffar\/dag, kan r\u00e4cka 7,5 dagar<\/p>\n<h6>3. HUR LADDARE MAN ENG\u00c5NGSVAPEN Bang Vape 15000 Puffar?<\/h6>\n<p>Snabbladdare kan inte anv\u00e4ndas. Den standardm\u00e4ssiga s\u00e4kra effekten f\u00f6r eng\u00e5ngs-e-cigaretter \u00e4r 5V 1A. Varje laddningstid f\u00e5r inte \u00f6verstiga 1 timme, och den s\u00e4kra laddningstiden \u00e4r en halvtimme.<\/p>\n<p><span style=\"color: #ff6600\">Observera: kan inte ladda om hela natten!<\/span><\/p>\n<h6>4. Hur anv\u00e4nder man Bang Vape 15000 Puff flaskan?<\/h6>\n<p>1: Riv av f\u00f6rpackningen innan du anv\u00e4nder 15k Puffar.<br \/>\n2: S\u00e4tt sedan t\u00e4tningen p\u00e5 undersidan av vapen<br \/>\n3: B\u00f6rja njuta av den<\/p>\n<h3><strong><span style=\"vertical-align: inherit\">Specifikationer f\u00f6r grossist Vape Bang King 15000<\/span><\/strong>Puffar<strong><span style=\"vertical-align: inherit\">\uff1a<\/span><br \/>\n<\/strong><\/h3>\n<ul>\n<li>650mAh Inbyggt Batteri<\/li>\n<li>Uppladdningsbart<\/li>\n<li>Effektiv och Konsekvent Kraftleverans<\/li>\n<li>25ml F\u00f6rfylld E-juice<\/li>\n<li>2% 5% Nikotinniv\u00e5<\/li>\n<li>Tillfredsst\u00e4ller N\u00e4stan 15000 Puffar<\/li>\n<li>Justerbart luftfl\u00f6de<\/li>\n<li>MOQ: 100ST<\/li>\n<\/ul>\n<h3><strong>Vad \u00e4r den b\u00e4sta bang vape<\/strong> 15k puffar f<strong>smaker 15000Puffar?<\/strong><\/h3>\n<p>1.Jordgubbe Vattenmelon<br \/>\n3. B\u00e4rtrippel Is<br \/>\n4. Lush Ice<br \/>\n4.PERSICA Ice<br \/>\n5.Jordgubbe Kiwi<br \/>\n6. Bl\u00e5 Hallon Is<br \/>\n7.Aloe Druva<br \/>\n8.Persika Mango<br \/>\n9.Dubbel \u00c4pple<br \/>\n10.Tropisk Frukt<\/p>\n<p><span style=\"vertical-align: inherit\">Hitta fler produkter du kanske gillar:<\/span><em><a href=\"https:\/\/wa.me\/8618077105796\"><span style=\"vertical-align: inherit\">\u00a0K\u00f6p nu<\/span><\/a><\/em><\/p>\n<p><span style=\"vertical-align: inherit\">Andra Puffs du kanske gillar:<\/span><a href=\"https:\/\/vapebulkp.com\/sv\/product\/bang-box-12000puffs-good-vape-sweden-wholesale-price\/\"><span style=\"vertical-align: inherit\">Bang Box 12000 bloss<\/span><\/a><span style=\"vertical-align: inherit\">\u3001<\/span><a href=\"https:\/\/vapebulkp.com\/sv\/product\/top-sale-waspe-12000puffs-disposable-vape-wholesale-france\/\"><span style=\"vertical-align: inherit\">WASPE 12000 bloss<\/span><\/a><span style=\"vertical-align: inherit\">\/ <\/span><a href=\"https:\/\/vapebulkp.com\/sv\/product\/wholesale-randm-tornado-9000-puffs-germany\/\"><span style=\"vertical-align: inherit\">RandM Tornado 9000 bloss<\/span><\/a><span style=\"vertical-align: inherit\">\/ <\/span><a href=\"https:\/\/vapebulkp.com\/sv\/product\/wholesale-price-og-super-smash-10000-puffs-disposable-vape\/\"><span style=\"vertical-align: inherit\">Og Super samsh 10000 Puffar<\/span><\/a><\/p>\n<p><span style=\"vertical-align: inherit\">E-cigarettflaska med specialform:<\/span><a href=\"https:\/\/vapebulkp.com\/sv\/product\/good-sale-randm-tornado-10000-puffs-plus\/\"><span style=\"vertical-align: inherit\">RandM Tornado 10000 Puffar Plus <\/span><\/a><span style=\"vertical-align: inherit\">\/<\/span><a href=\"https:\/\/vapebulkp.com\/sv\/product\/fumot-digital-box-12000-disposable-vape-wholesale\/\"><span style=\"vertical-align: inherit\">Fumot Vape Digital Box 12000 bloss<\/span><\/a><\/p>\n<h4>Produktionskvalifikation:<\/h4>\n<p><img decoding=\"async\" class=\"alignnone wp-image-1842\" src=\"http:\/\/vapebulkp.com\/wp-content\/uploads\/2023\/11\/Vape-production-process-2.jpg\" alt=\"Vape produktionsprocess\" width=\"671\" height=\"301\" srcset=\"https:\/\/vapebulkp.com\/wp-content\/uploads\/2023\/11\/Vape-production-process-2.jpg 800w, https:\/\/vapebulkp.com\/wp-content\/uploads\/2023\/11\/Vape-production-process-2-300x135.jpg 300w, https:\/\/vapebulkp.com\/wp-content\/uploads\/2023\/11\/Vape-production-process-2-768x345.jpg 768w, https:\/\/vapebulkp.com\/wp-content\/uploads\/2023\/11\/Vape-production-process-2-600x269.jpg 600w\" sizes=\"(max-width: 671px) 100vw, 671px\" \/><\/p>\n<p><img decoding=\"async\" class=\"alignnone wp-image-1843\" src=\"http:\/\/vapebulkp.com\/wp-content\/uploads\/2023\/11\/Vape-production-process.jpeg\" alt=\"Vape produktionsprocess\" width=\"671\" height=\"1074\" srcset=\"https:\/\/vapebulkp.com\/wp-content\/uploads\/2023\/11\/Vape-production-process.jpeg 641w, https:\/\/vapebulkp.com\/wp-content\/uploads\/2023\/11\/Vape-production-process-187x300.jpeg 187w, https:\/\/vapebulkp.com\/wp-content\/uploads\/2023\/11\/Vape-production-process-640x1024.jpeg 640w, https:\/\/vapebulkp.com\/wp-content\/uploads\/2023\/11\/Vape-production-process-600x960.jpeg 600w\" sizes=\"(max-width: 671px) 100vw, 671px\" \/><\/p>\n<h5>Vanliga fr\u00e5gor och svar:<\/h5>\n<p>F: Vad \u00e4r MOQ f\u00f6r Bang King 15000 Puffar?<br \/>\nS: Minsta best\u00e4llning \u00e4r 100st.<br \/>\nF: Vad \u00e4r leveranstiden f\u00f6r den best\u00e4llda vapen?<br \/>\nS: Vanligtvis \u00e4r det 10-15 dagar efter leverans<br \/>\nF: Hur mycket kostar frakten? S: Fraktkostnaden beror p\u00e5 vikten. Olika kvantiteter har olika fraktkostnader, v\u00e4nligen kontakta oss f\u00f6r att bekr\u00e4fta fraktkostnaden.<\/p>\n<p>&nbsp;<\/p>\n<h4>Leveransdetaljer:<\/h4>\n<p><span style=\"color: #ff6600\">Produktionstid: 5-10 arbetsdagar<\/span><br \/>\n<span style=\"color: #ff6600\">Leveranstid: 8-14 arbetsdagar<\/span><\/p>\n<p>Alla produkter i v\u00e5r butik \u00e4r 100% originala och autentiska, d\u00e4rf\u00f6r \u00e4r Tiofaldig ers\u00e4ttning f\u00f6r falska varor v\u00e5r butikspolicy. Vi anv\u00e4nder logistikkanaler som UPS\/DHL\/FEDEX\/DPD f\u00f6r att leverera varor till dig.<\/p>\n<p>F\u00f6r paket som skickas inom Sverige tar det vanligtvis 10 arbetsdagar att anl\u00e4nda. Leveranser till andra europeiska l\u00e4nder tar vanligtvis 12 till 15 arbetsdagar att anl\u00e4nda. Vi uppdaterar logistikinformationen f\u00f6r dig i realtid.<\/p>\n<h3>Bra service efter k\u00f6p:<\/h3>\n<p><span style=\"color: #ff6600\">Obs: Inga \u00e5terbetalningar eller byten f\u00f6r problem som inte \u00e4r relaterade till kvalitet<\/span><br \/>\n1. Kunder kan v\u00e4lja den smak de vill ha, men om smaken \u00e4r slut i lager kommer produktionsavdelningen att v\u00e4lja en popul\u00e4r smak som ers\u00e4ttning. Kunder har inte r\u00e4tt att beg\u00e4ra \u00e5terbetalning eller byte baserat p\u00e5 smaker.<\/p>\n<p>2. N\u00e4r kvalitetsproblem uppst\u00e5r, v\u00e4nligen tillhandah\u00e5ll specifika video- och bildbeskrivningar.<br \/>\nOm du inte kan tillhandah\u00e5lla bevis som videor och foton kan varorna inte bytas ut.<\/p>","protected":false},"excerpt":{"rendered":"<p>Den nyligen lanserade popul\u00e4ra Vape Bang King 15000 Puffs Bang Vape \u00e4lskas av kunderna. Denna e-cigarett kan ge upp till 15 000 bloss av mjuk och tillfredsst\u00e4llande r\u00f6k, och det \u00e4r en uppladdningsbar enhet som du f\u00f6rtj\u00e4nar.<\/p>\n<p><img decoding=\"async\" class=\"alignnone wp-image-2151\" src=\"http:\/\/vapebulkp.com\/wp-content\/uploads\/2024\/04\/Mandy-WhatsApp-Randm.jpg\" alt=\"Mandy WhatsApp Randm\" width=\"249\" height=\"265\" srcset=\"https:\/\/vapebulkp.com\/wp-content\/uploads\/2024\/04\/Mandy-WhatsApp-Randm.jpg 916w, https:\/\/vapebulkp.com\/wp-content\/uploads\/2024\/04\/Mandy-WhatsApp-Randm-282x300.jpg 282w, https:\/\/vapebulkp.com\/wp-content\/uploads\/2024\/04\/Mandy-WhatsApp-Randm-768x817.jpg 768w, https:\/\/vapebulkp.com\/wp-content\/uploads\/2024\/04\/Mandy-WhatsApp-Randm-600x638.jpg 600w\" sizes=\"(max-width: 249px) 100vw, 249px\" \/><\/p>\n<p>Kontakta Mandy via WhatsApp f\u00f6r rabatterat pris<a href=\"https:\/\/wa.me\/8618077105796\">+8618077105796<\/a><\/p>\n<p><span style=\"color: #ff0000\">OBS: Priserna p\u00e5 v\u00e5r webbplats inkluderar inte fraktkostnader<\/span><\/p>","protected":false},"featured_media":1851,"comment_status":"open","ping_status":"closed","template":"","meta":{"_uag_custom_page_level_css":"","_lmt_disableupdate":"no","_lmt_disable":"","site-sidebar-layout":"default","site-content-layout":"content-boxed-container","ast-site-content-layout":"normal-width-container","site-content-style":"boxed","site-sidebar-style":"unboxed","ast-global-header-display":"","ast-banner-title-visibility":"","ast-main-header-display":"","ast-hfb-above-header-display":"","ast-hfb-below-header-display":"","ast-hfb-mobile-header-display":"","site-post-title":"","ast-breadcrumbs-content":"","ast-featured-img":"","footer-sml-layout":"","theme-transparent-header-meta":"default","adv-header-id-meta":"","stick-header-meta":"","header-above-stick-meta":"","header-main-stick-meta":"","header-below-stick-meta":"","astra-migrate-meta-layouts":"set","_joinchat":[]},"product_cat":[165,153,344,155,33,59,100,98,34,158,157,154,152,58,84,156,63,32],"product_tag":[77,36,37,41,73,40],"class_list":["post-1849","product","type-product","status-publish","has-post-thumbnail","hentry","product_cat-15000-puffs-disposable-vape","product_cat-hot-disposable-vapes","product_cat-bang-king-vape","product_cat-belgium-hot-disposable-vapes","product_cat-france-vape-hot-sale","product_cat-germany-hot-disposable-vape","product_cat-germany-wholesale-vape-shop","product_cat-moq-100pcs","product_cat-netherlands-vape-good-sale","product_cat-norway-hot-disposable-vapes","product_cat-poland-hot-disposable-vapes","product_cat-portugal-hot-disposable-vapes","product_cat-spain-hot-disposable-vapes","product_cat-sweden-hot-disposable-vape","product_cat-sweden-wholesale-vape","product_cat-switzerland-hot-disposable-vapes","product_cat-top-sale-disposable-vape","product_cat-vape-hot-sale-this-week","product_tag-15000-puffs","product_tag-good-vape","product_tag-hot-sale-disposable-vape","product_tag-poland-hot-vape","product_tag-randm-10000puffs-vape","product_tag-sweden-hot-vape","pa_brand-bang-king-vape","desktop-align-left","tablet-align-left","mobile-align-left"],"yoast_head":"<!-- This site is optimized with the Yoast SEO plugin v21.1 - https:\/\/yoast.com\/wordpress\/plugins\/seo\/ -->\n<title>Popular Vape Bang King 15000 Puffs Bang Vape - vapebulkp.com<\/title>\n<meta name=\"description\" content=\"The newly launched Popular Vape Bang King 15000 Puffs Bang Vape is loved by customers. This e-cigarette can provide up to 15,000 puffs of smooth and satisfying smoke, and it is a rechargeable device that you deserve.\" \/>\n<meta name=\"robots\" content=\"index, follow, max-snippet:-1, max-image-preview:large, max-video-preview:-1\" \/>\n<link rel=\"canonical\" href=\"https:\/\/vapebulkp.com\/sv\/product\/popular-vape-bang-king-15000-puffs-bang-vape\/\" \/>\n<meta property=\"og:locale\" content=\"sv_SE\" \/>\n<meta property=\"og:type\" content=\"article\" \/>\n<meta property=\"og:title\" content=\"Popular Vape Bang King 15000 Puffs Bang Vape - vapebulkp.com\" \/>\n<meta property=\"og:description\" content=\"The newly launched Popular Vape Bang King 15000 Puffs Bang Vape is loved by customers. This e-cigarette can provide up to 15,000 puffs of smooth and satisfying smoke, and it is a rechargeable device that you deserve.\" \/>\n<meta property=\"og:url\" content=\"https:\/\/vapebulkp.com\/sv\/product\/popular-vape-bang-king-15000-puffs-bang-vape\/\" \/>\n<meta property=\"og:site_name\" content=\"vapebulkp.com\" \/>\n<meta property=\"article:modified_time\" content=\"2025-09-24T03:13:26+00:00\" \/>\n<meta property=\"og:image\" content=\"http:\/\/vapebulkp.com\/wp-content\/uploads\/2023\/11\/Bang-King-15000-puffs-Top-Sale-Vape.png\" \/>\n\t<meta property=\"og:image:width\" content=\"800\" \/>\n\t<meta property=\"og:image:height\" content=\"544\" \/>\n\t<meta property=\"og:image:type\" content=\"image\/png\" \/>\n<meta name=\"twitter:card\" content=\"summary_large_image\" \/>\n<meta name=\"twitter:label1\" content=\"Ber\u00e4knad l\u00e4stid\" \/>\n\t<meta name=\"twitter:data1\" content=\"4 minuter\" \/>\n<script type=\"application\/ld+json\" class=\"yoast-schema-graph\">{\"@context\":\"https:\/\/schema.org\",\"@graph\":[{\"@type\":\"WebPage\",\"@id\":\"https:\/\/vapebulkp.com\/product\/popular-vape-bang-king-15000-puffs-bang-vape\/\",\"url\":\"https:\/\/vapebulkp.com\/product\/popular-vape-bang-king-15000-puffs-bang-vape\/\",\"name\":\"Popular Vape Bang King 15000 Puffs Bang Vape - vapebulkp.com\",\"isPartOf\":{\"@id\":\"https:\/\/vapebulkp.com\/#website\"},\"datePublished\":\"2023-11-09T07:16:47+00:00\",\"dateModified\":\"2025-09-24T03:13:26+00:00\",\"description\":\"The newly launched Popular Vape Bang King 15000 Puffs Bang Vape is loved by customers. This e-cigarette can provide up to 15,000 puffs of smooth and satisfying smoke, and it is a rechargeable device that you deserve.\",\"breadcrumb\":{\"@id\":\"https:\/\/vapebulkp.com\/product\/popular-vape-bang-king-15000-puffs-bang-vape\/#breadcrumb\"},\"inLanguage\":\"sv-SE\",\"potentialAction\":[{\"@type\":\"ReadAction\",\"target\":[\"https:\/\/vapebulkp.com\/product\/popular-vape-bang-king-15000-puffs-bang-vape\/\"]}]},{\"@type\":\"BreadcrumbList\",\"@id\":\"https:\/\/vapebulkp.com\/product\/popular-vape-bang-king-15000-puffs-bang-vape\/#breadcrumb\",\"itemListElement\":[{\"@type\":\"ListItem\",\"position\":1,\"name\":\"Home\",\"item\":\"https:\/\/vapebulkp.com\/\"},{\"@type\":\"ListItem\",\"position\":2,\"name\":\"Hot Trend Vapes\",\"item\":\"https:\/\/vapebulkp.com\/vape-shop\/\"},{\"@type\":\"ListItem\",\"position\":3,\"name\":\"Popular Vape Bang King 15000 Puffs Bang Vape\"}]},{\"@type\":\"WebSite\",\"@id\":\"https:\/\/vapebulkp.com\/#website\",\"url\":\"https:\/\/vapebulkp.com\/\",\"name\":\"vapebulkp.com\",\"description\":\"Buy Vape In Cheap Bulk Price Near you\",\"publisher\":{\"@id\":\"https:\/\/vapebulkp.com\/#organization\"},\"potentialAction\":[{\"@type\":\"SearchAction\",\"target\":{\"@type\":\"EntryPoint\",\"urlTemplate\":\"https:\/\/vapebulkp.com\/?s={search_term_string}\"},\"query-input\":\"required name=search_term_string\"}],\"inLanguage\":\"sv-SE\"},{\"@type\":\"Organization\",\"@id\":\"https:\/\/vapebulkp.com\/#organization\",\"name\":\"vapebulkp.com\",\"url\":\"https:\/\/vapebulkp.com\/\",\"logo\":{\"@type\":\"ImageObject\",\"inLanguage\":\"sv-SE\",\"@id\":\"https:\/\/vapebulkp.com\/#\/schema\/logo\/image\/\",\"url\":\"https:\/\/vapebulkp.com\/wp-content\/uploads\/2023\/09\/cropped-vapebulkp.png\",\"contentUrl\":\"https:\/\/vapebulkp.com\/wp-content\/uploads\/2023\/09\/cropped-vapebulkp.png\",\"width\":516,\"height\":163,\"caption\":\"vapebulkp.com\"},\"image\":{\"@id\":\"https:\/\/vapebulkp.com\/#\/schema\/logo\/image\/\"}}]}<\/script>\n<!-- \/ Yoast SEO plugin. -->","yoast_head_json":{"title":"Popular Vape Bang King 15000 Puffs Bang Vape - vapebulkp.com","description":"The newly launched Popular Vape Bang King 15000 Puffs Bang Vape is loved by customers. This e-cigarette can provide up to 15,000 puffs of smooth and satisfying smoke, and it is a rechargeable device that you deserve.","robots":{"index":"index","follow":"follow","max-snippet":"max-snippet:-1","max-image-preview":"max-image-preview:large","max-video-preview":"max-video-preview:-1"},"canonical":"https:\/\/vapebulkp.com\/sv\/product\/popular-vape-bang-king-15000-puffs-bang-vape\/","og_locale":"sv_SE","og_type":"article","og_title":"Popular Vape Bang King 15000 Puffs Bang Vape - vapebulkp.com","og_description":"The newly launched Popular Vape Bang King 15000 Puffs Bang Vape is loved by customers. This e-cigarette can provide up to 15,000 puffs of smooth and satisfying smoke, and it is a rechargeable device that you deserve.","og_url":"https:\/\/vapebulkp.com\/sv\/product\/popular-vape-bang-king-15000-puffs-bang-vape\/","og_site_name":"vapebulkp.com","article_modified_time":"2025-09-24T03:13:26+00:00","og_image":[{"width":800,"height":544,"url":"http:\/\/vapebulkp.com\/wp-content\/uploads\/2023\/11\/Bang-King-15000-puffs-Top-Sale-Vape.png","type":"image\/png"}],"twitter_card":"summary_large_image","twitter_misc":{"Ber\u00e4knad l\u00e4stid":"4 minuter"},"schema":{"@context":"https:\/\/schema.org","@graph":[{"@type":"WebPage","@id":"https:\/\/vapebulkp.com\/product\/popular-vape-bang-king-15000-puffs-bang-vape\/","url":"https:\/\/vapebulkp.com\/product\/popular-vape-bang-king-15000-puffs-bang-vape\/","name":"Popular Vape Bang King 15000 Puffs Bang Vape - vapebulkp.com","isPartOf":{"@id":"https:\/\/vapebulkp.com\/#website"},"datePublished":"2023-11-09T07:16:47+00:00","dateModified":"2025-09-24T03:13:26+00:00","description":"The newly launched Popular Vape Bang King 15000 Puffs Bang Vape is loved by customers. This e-cigarette can provide up to 15,000 puffs of smooth and satisfying smoke, and it is a rechargeable device that you deserve.","breadcrumb":{"@id":"https:\/\/vapebulkp.com\/product\/popular-vape-bang-king-15000-puffs-bang-vape\/#breadcrumb"},"inLanguage":"sv-SE","potentialAction":[{"@type":"ReadAction","target":["https:\/\/vapebulkp.com\/product\/popular-vape-bang-king-15000-puffs-bang-vape\/"]}]},{"@type":"BreadcrumbList","@id":"https:\/\/vapebulkp.com\/product\/popular-vape-bang-king-15000-puffs-bang-vape\/#breadcrumb","itemListElement":[{"@type":"ListItem","position":1,"name":"Home","item":"https:\/\/vapebulkp.com\/"},{"@type":"ListItem","position":2,"name":"Hot Trend Vapes","item":"https:\/\/vapebulkp.com\/vape-shop\/"},{"@type":"ListItem","position":3,"name":"Popular Vape Bang King 15000 Puffs Bang Vape"}]},{"@type":"WebSite","@id":"https:\/\/vapebulkp.com\/#website","url":"https:\/\/vapebulkp.com\/","name":"vapebulkp.com","description":"Buy Vape In Cheap Bulk Price Near you","publisher":{"@id":"https:\/\/vapebulkp.com\/#organization"},"potentialAction":[{"@type":"SearchAction","target":{"@type":"EntryPoint","urlTemplate":"https:\/\/vapebulkp.com\/?s={search_term_string}"},"query-input":"required name=search_term_string"}],"inLanguage":"sv-SE"},{"@type":"Organization","@id":"https:\/\/vapebulkp.com\/#organization","name":"vapebulkp.com","url":"https:\/\/vapebulkp.com\/","logo":{"@type":"ImageObject","inLanguage":"sv-SE","@id":"https:\/\/vapebulkp.com\/#\/schema\/logo\/image\/","url":"https:\/\/vapebulkp.com\/wp-content\/uploads\/2023\/09\/cropped-vapebulkp.png","contentUrl":"https:\/\/vapebulkp.com\/wp-content\/uploads\/2023\/09\/cropped-vapebulkp.png","width":516,"height":163,"caption":"vapebulkp.com"},"image":{"@id":"https:\/\/vapebulkp.com\/#\/schema\/logo\/image\/"}}]}},"uagb_featured_image_src":{"full":["https:\/\/vapebulkp.com\/wp-content\/uploads\/2023\/11\/Bang-King-15000-puffs-Top-Sale-Vape.png",800,544,false],"thumbnail":["https:\/\/vapebulkp.com\/wp-content\/uploads\/2023\/11\/Bang-King-15000-puffs-Top-Sale-Vape-150x150.png",150,150,true],"medium":["https:\/\/vapebulkp.com\/wp-content\/uploads\/2023\/11\/Bang-King-15000-puffs-Top-Sale-Vape-300x204.png",300,204,true],"medium_large":["https:\/\/vapebulkp.com\/wp-content\/uploads\/2023\/11\/Bang-King-15000-puffs-Top-Sale-Vape-768x522.png",768,522,true],"large":["https:\/\/vapebulkp.com\/wp-content\/uploads\/2023\/11\/Bang-King-15000-puffs-Top-Sale-Vape.png",800,544,false],"1536x1536":["https:\/\/vapebulkp.com\/wp-content\/uploads\/2023\/11\/Bang-King-15000-puffs-Top-Sale-Vape.png",800,544,false],"2048x2048":["https:\/\/vapebulkp.com\/wp-content\/uploads\/2023\/11\/Bang-King-15000-puffs-Top-Sale-Vape.png",800,544,false],"trp-custom-language-flag":["https:\/\/vapebulkp.com\/wp-content\/uploads\/2023\/11\/Bang-King-15000-puffs-Top-Sale-Vape.png",18,12,false],"woocommerce_thumbnail":["https:\/\/vapebulkp.com\/wp-content\/uploads\/2023\/11\/Bang-King-15000-puffs-Top-Sale-Vape-300x300.png",300,300,true],"woocommerce_single":["https:\/\/vapebulkp.com\/wp-content\/uploads\/2023\/11\/Bang-King-15000-puffs-Top-Sale-Vape-600x408.png",600,408,true],"woocommerce_gallery_thumbnail":["https:\/\/vapebulkp.com\/wp-content\/uploads\/2023\/11\/Bang-King-15000-puffs-Top-Sale-Vape-100x100.png",100,100,true],"wcpr-photo-reviews":["https:\/\/vapebulkp.com\/wp-content\/uploads\/2023\/11\/Bang-King-15000-puffs-Top-Sale-Vape.png",500,340,false]},"uagb_author_info":{"display_name":"Mandy vape bulk price","author_link":"https:\/\/vapebulkp.com\/sv\/author\/"},"uagb_comment_info":1,"uagb_excerpt":"The newly launched Popular Vape Bang King 15000 Puffs Bang Vape is loved by customers. This e-cigarette can provide up to 15,000 puffs of smooth and satisfying smoke, and it is a rechargeable device that you deserve. Pls Contact Mandy's WhatsApp For Discount Price+8618077105796 NOTE: Prices on our website does not include shipping costs","_links":{"self":[{"href":"https:\/\/vapebulkp.com\/sv\/wp-json\/wp\/v2\/product\/1849","targetHints":{"allow":["GET"]}}],"collection":[{"href":"https:\/\/vapebulkp.com\/sv\/wp-json\/wp\/v2\/product"}],"about":[{"href":"https:\/\/vapebulkp.com\/sv\/wp-json\/wp\/v2\/types\/product"}],"replies":[{"embeddable":true,"href":"https:\/\/vapebulkp.com\/sv\/wp-json\/wp\/v2\/comments?post=1849"}],"wp:featuredmedia":[{"embeddable":true,"href":"https:\/\/vapebulkp.com\/sv\/wp-json\/wp\/v2\/media\/1851"}],"wp:attachment":[{"href":"https:\/\/vapebulkp.com\/sv\/wp-json\/wp\/v2\/media?parent=1849"}],"wp:term":[{"taxonomy":"product_cat","embeddable":true,"href":"https:\/\/vapebulkp.com\/sv\/wp-json\/wp\/v2\/product_cat?post=1849"},{"taxonomy":"product_tag","embeddable":true,"href":"https:\/\/vapebulkp.com\/sv\/wp-json\/wp\/v2\/product_tag?post=1849"}],"curies":[{"name":"wp","href":"https:\/\/api.w.org\/{rel}","templated":true}]}}