{"id":1883,"date":"2023-11-22T10:39:51","date_gmt":"2023-11-22T09:39:51","guid":{"rendered":"https:\/\/vapebulkp.com\/?post_type=product&#038;p=1883"},"modified":"2025-09-01T09:09:34","modified_gmt":"2025-09-01T07:09:34","slug":"puff-flex-2800-puffs-authentic-vape-wholesale-italy","status":"publish","type":"product","link":"https:\/\/vapebulkp.com\/sv\/product\/puff-flex-2800-puffs-authentic-vape-wholesale-italy\/","title":{"rendered":"Puff Flex 2800 Puffs Autentisk Vape Partihandel Sverige"},"content":{"rendered":"<h2>Vad \u00e4r Puff Flex 2800 Puffs \u00c4kta Vape Grossist Italien?<\/h2>\n<p data-start=\"157\" data-end=\"486\">Den <strong data-start=\"161\" data-end=\"201\">Puff Flex 2800 Puffs Eng\u00e5ngs Vape<\/strong> \u00e4r en h\u00f6gkvalitativ, p\u00e5litlig e-cigarett designad f\u00f6r europeiska vapingentusiaster som v\u00e4rdes\u00e4tter smak, bekv\u00e4mlighet och prestanda. Tillverkad med f\u00f6rstklassiga blandade e-v\u00e4tskor, levererar varje enhet j\u00e4mn, konsekvent \u00e5nga och rik smak \u00f6ver 2 800 bloss, vilket l\u00e4mnar en uppfriskande eftersmak.<\/p>\n<p data-start=\"488\" data-end=\"772\">L\u00e4tt och b\u00e4rbar, den <strong data-start=\"518\" data-end=\"558\">Puff Flex 2800 Puffs Eng\u00e5ngs Vape<\/strong> har ett unikt ergonomiskt munstycke f\u00f6r bekv\u00e4m anv\u00e4ndning n\u00e4r som helst, var som helst. Med ett 850mAh f\u00f6rladdat batteri kr\u00e4ver det ingen laddning, vilket g\u00f6r det idealiskt f\u00f6r resor, sociala sammankomster eller dagliga vapingsessioner.<\/p>\n<p data-start=\"774\" data-end=\"1107\">Finns i ett brett utbud av smaker, fr\u00e5n klassisk tobak och mentol till frukt- och dessertblandningar, denna eng\u00e5ngs vape tillgodoser olika preferenser. Betrodd av grossistk\u00f6pare \u00f6ver hela Italien och Europa, den <strong data-start=\"983\" data-end=\"1023\">Puff Flex 2800 Puffs Eng\u00e5ngs Vape<\/strong> kombinerar bekv\u00e4mlighet, stil och premiumkvalitet i en elegant, redo att anv\u00e4nda enhet.<\/p>\n<h6 style=\"text-align: left\"><img decoding=\"async\" class=\"alignnone wp-image-1884\" src=\"http:\/\/vapebulkp.com\/wp-content\/uploads\/2023\/11\/Italy-Wholesale-Puff-Flex-2800-puffs-good-sale.png\" alt=\"Italien Grossist Puff Flex 2800 bloss bra f\u00f6rs\u00e4ljning\" width=\"456\" height=\"456\" srcset=\"https:\/\/vapebulkp.com\/wp-content\/uploads\/2023\/11\/Italy-Wholesale-Puff-Flex-2800-puffs-good-sale.png 800w, https:\/\/vapebulkp.com\/wp-content\/uploads\/2023\/11\/Italy-Wholesale-Puff-Flex-2800-puffs-good-sale-300x300.png 300w, https:\/\/vapebulkp.com\/wp-content\/uploads\/2023\/11\/Italy-Wholesale-Puff-Flex-2800-puffs-good-sale-150x150.png 150w, https:\/\/vapebulkp.com\/wp-content\/uploads\/2023\/11\/Italy-Wholesale-Puff-Flex-2800-puffs-good-sale-768x768.png 768w, https:\/\/vapebulkp.com\/wp-content\/uploads\/2023\/11\/Italy-Wholesale-Puff-Flex-2800-puffs-good-sale-600x600.png 600w, https:\/\/vapebulkp.com\/wp-content\/uploads\/2023\/11\/Italy-Wholesale-Puff-Flex-2800-puffs-good-sale-100x100.png 100w\" sizes=\"(max-width: 456px) 100vw, 456px\" \/><\/h6>\n<h6>Kontakta Mandy via WhatsApp f\u00f6r rabatterat pris<a href=\"https:\/\/wa.me\/8618077105796\">+8618077105796<\/a><\/h6>\n<p><img decoding=\"async\" class=\"alignnone wp-image-2151\" src=\"http:\/\/vapebulkp.com\/wp-content\/uploads\/2024\/04\/Mandy-WhatsApp-Randm.jpg\" alt=\"Mandy WhatsApp Randm\" width=\"265\" height=\"282\" srcset=\"https:\/\/vapebulkp.com\/wp-content\/uploads\/2024\/04\/Mandy-WhatsApp-Randm.jpg 916w, https:\/\/vapebulkp.com\/wp-content\/uploads\/2024\/04\/Mandy-WhatsApp-Randm-282x300.jpg 282w, https:\/\/vapebulkp.com\/wp-content\/uploads\/2024\/04\/Mandy-WhatsApp-Randm-768x817.jpg 768w, https:\/\/vapebulkp.com\/wp-content\/uploads\/2024\/04\/Mandy-WhatsApp-Randm-600x638.jpg 600w\" sizes=\"(max-width: 265px) 100vw, 265px\" \/><\/p>\n<h2><\/h2>\n<h2>T\u00e4nkte att du kanske vill veta om Puff flex 2800 Eng\u00e5ngs vape:<\/h2>\n<p><strong>1. Vilka smaker finns tillg\u00e4ngliga f\u00f6r Puff Flex 2800 eng\u00e5ngs e-cigarett?<\/strong><\/p>\n<p>Svar: Puff Flex 2800 eng\u00e5ngs e-cigarett finns i en m\u00e4ngd olika smaker, inklusive mentol, tobak, fruktblandningar och dessertsmaker som jordgubbe, mango, vattenmelon och mer.<\/p>\n<p><strong>2. Hur l\u00e4nge r\u00e4cker batteriet p\u00e5 Puff Flex 2800?<\/strong><\/p>\n<p>Svar: Batteriets livsl\u00e4ngd f\u00f6r Puff Flex 2800 eng\u00e5ngs e-cigarett varierar beroende p\u00e5 anv\u00e4ndning, men i genomsnitt kan det r\u00e4cka upp till 2800 bloss, vilket ger en ut\u00f6kad vapingupplevelse.<\/p>\n<p><strong>3. \u00c4r Puff Flex 2800 e-cigarett uppladdningsbar eller p\u00e5fyllningsbar?<\/strong><\/p>\n<p>Svar: Nej, Puff Flex 2800 \u00e4r en eng\u00e5ngs e-cigarett och \u00e4r inte uppladdningsbar eller p\u00e5fyllningsbar. N\u00e4r e-v\u00e4tskan \u00e4r utt\u00f6md eller batteriets livsl\u00e4ngd tar slut kasseras den och ers\u00e4tts med en ny.<\/p>\n<p><strong>4. Vilka nikotinstyrkor finns tillg\u00e4ngliga f\u00f6r Puff Flex 2800?<\/strong><\/p>\n<p>Svar: Puff Flex 2800 eng\u00e5ngs e-cigarett finns i olika nikotinstyrkor, som tillgodoser olika preferenser, inklusive alternativ f\u00f6r h\u00f6gre nikotinkoncentrationer och l\u00e4gre nikotin eller nikotinfria val.<\/p>\n<p><strong>5. Finns det n\u00e5gra s\u00e4kerhetsfunktioner i Puff Flex 2800 e-cigarett?<\/strong><\/p>\n<p>Svar: Ja, Puff Flex 2800 eng\u00e5ngs e-cigarett \u00e4r designad med s\u00e4kerhetsfunktioner som \u00f6verhettningsskydd och kortslutningsskydd f\u00f6r att s\u00e4kerst\u00e4lla en s\u00e4ker vapingupplevelse f\u00f6r anv\u00e4ndarna.<\/p>\n<p>&nbsp;<\/p>\n<p><span style=\"color: #ff6600\">Observera: kan inte ladda om hela natten!<\/span><\/p>\n<p>&nbsp;<\/p>\n<h3>Chap Price Vape Puff Flex 2800 Puff Produktspecifikation:<\/h3>\n<ul>\n<li>850 mAh inbyggt batteri<\/li>\n<li>Laddningsbar<\/li>\n<li>Effektiv, konsekvent kraft\u00f6verf\u00f6ring<\/li>\n<li>8 ml f\u00f6rfylld e-v\u00e4tska<\/li>\n<li>\u00a02%5% Nikotinniv\u00e5<\/li>\n<\/ul>\n<h3><strong>\u00a0B\u00e4sta Vape Puff Flex 2800 PuffS Smaker?<\/strong><\/h3>\n<p>1) Vattenmelon Is<br \/>\n2) Jordgubbsbanan<br \/>\n3) Banan Is<br \/>\n4) Bl\u00e5 Hallon Lemonad<br \/>\n5) Frodig Is<br \/>\n6) Mango Is<br \/>\n7) Pina Colada<br \/>\n8) Persika Is<br \/>\n9) Blandade B\u00e4r<br \/>\n10) Jordgubbsvattenmelon<br \/>\n11) Mamba<br \/>\n12) Sval Mint<br \/>\n13) Bl\u00e5b\u00e4r P\u00e5 Is<br \/>\n14) Red Bull<br \/>\n15) Gummybj\u00f6rnsis<br \/>\n16) Grape Lemonade Is<br \/>\n17) Shake Shake Is<br \/>\n18) Sockervadd<br \/>\n19) Godisregnb\u00e5ge<br \/>\n20) Energidryck<br \/>\n21) Cola Is<br \/>\n22) Jordgubbsis<br \/>\n23) Jordgubb Mango Is<br \/>\n24) Grape<br \/>\n25) Jordgubbsglass<\/p>\n<p><a href=\"https:\/\/vapebulkp.com\/sv\/product\/popular-randm-tornado-7000puffs-disposable-vape-best-price\/\">Randm tornado 7000 bloss<\/a><\/p>\n<p><span style=\"vertical-align: inherit\">Hitta fler produkter du kanske gillar:<\/span><em><a href=\"https:\/\/wa.me\/8618077105796\"><span style=\"vertical-align: inherit\">\u00a0K\u00f6p nu<\/span><\/a><\/em><\/p>\n<p><span style=\"vertical-align: inherit\">Andra Puffs du kanske gillar:<\/span><a href=\"https:\/\/vapebulkp.com\/sv\/product\/good-sale-randm-tornado-10000-puffs-plus\/\"><span style=\"vertical-align: inherit\">RandM 10000 bloss<\/span><\/a><span style=\"vertical-align: inherit\">\u3001 <\/span><a href=\"https:\/\/vapebulkp.com\/sv\/product\/wholesale-randm-tornado-9000-puffs-germany\/\"><span style=\"vertical-align: inherit\">RandM Tornado 9000 bloss<\/span><\/a><span style=\"vertical-align: inherit\">\/ <\/span><a href=\"https:\/\/vapebulkp.com\/sv\/product\/popular-bang-king-10000-puffs-vape-good-price\/\"><span style=\"vertical-align: inherit\">Bang King 10000 bloss<\/span><\/a><span style=\"vertical-align: inherit\">\/ <\/span><a href=\"https:\/\/vapebulkp.com\/sv\/product\/bang-king-12000puffs\/\"><span style=\"vertical-align: inherit\">Bang King 12000 Puffar<\/span><\/a><\/p>\n<p><span style=\"vertical-align: inherit\">E-cigarettflaska med specialform:<\/span><a href=\"https:\/\/vapebulkp.com\/sv\/product\/popular-kulx-10000puffs-disposable-vape-good-price\/\"><span style=\"vertical-align: inherit\">Kulx 10000 bloss<\/span><\/a><span style=\"vertical-align: inherit\">\/ <\/span><a href=\"https:\/\/vapebulkp.com\/sv\/product\/disposable-vape-crystal-600-puffs\/\"><span style=\"vertical-align: inherit\">Crystal Legend 600 puffar<\/span><\/a><span style=\"vertical-align: inherit\">\/<\/span><a href=\"https:\/\/vapebulkp.com\/sv\/product\/bang-box-12000puffs-good-vape-sweden-wholesale-price\/\"><span style=\"vertical-align: inherit\">Bang Box vape 12000 bloss<\/span><\/a><\/p>\n<h4>Leveransdetaljer:<\/h4>\n<p><span style=\"color: #ff6600\">Produktionstid: 5-10 arbetsdagar<\/span><br \/>\n<span style=\"color: #ff6600\">Leveranstid: 8-14 arbetsdagar<\/span><\/p>\n<p>Alla produkter i v\u00e5r butik \u00e4r 100% originala och autentiska, d\u00e4rf\u00f6r \u00e4r Tiofaldig ers\u00e4ttning f\u00f6r falska varor v\u00e5r butikspolicy. Vi anv\u00e4nder logistikkanaler som UPS\/DHL\/FEDEX\/DPD f\u00f6r att leverera varor till dig.<\/p>\n<p>F\u00f6r paket som skickas inom Sverige tar det vanligtvis 10 arbetsdagar att anl\u00e4nda. Leveranser till andra europeiska l\u00e4nder tar vanligtvis 12 till 15 arbetsdagar att anl\u00e4nda. Vi uppdaterar logistikinformationen f\u00f6r dig i realtid.<\/p>","protected":false},"excerpt":{"rendered":"<p>PUFF FLXE eng\u00e5ngs e-cigarett \u00e4r ett av de mest popul\u00e4ra varum\u00e4rkena. Denna e-cigarett l\u00e5ter dig r\u00f6ka utan att ladda. Efter att ha r\u00f6kt PUFF FLXE 2800 eng\u00e5ngs e-cigarett kan den l\u00e4mna en kvardr\u00f6jande doft i munnen, vilket f\u00e5r dig att k\u00e4nna dig \u00e4gd.<\/p>\n<p><img decoding=\"async\" class=\"alignnone wp-image-2151\" src=\"http:\/\/vapebulkp.com\/wp-content\/uploads\/2024\/04\/Mandy-WhatsApp-Randm.jpg\" alt=\"Mandy WhatsApp Randm\" width=\"280\" height=\"298\" srcset=\"https:\/\/vapebulkp.com\/wp-content\/uploads\/2024\/04\/Mandy-WhatsApp-Randm.jpg 916w, https:\/\/vapebulkp.com\/wp-content\/uploads\/2024\/04\/Mandy-WhatsApp-Randm-282x300.jpg 282w, https:\/\/vapebulkp.com\/wp-content\/uploads\/2024\/04\/Mandy-WhatsApp-Randm-768x817.jpg 768w, https:\/\/vapebulkp.com\/wp-content\/uploads\/2024\/04\/Mandy-WhatsApp-Randm-600x638.jpg 600w\" sizes=\"(max-width: 280px) 100vw, 280px\" \/><\/p>\n<p>Kontakta Mandy via WhatsApp f\u00f6r rabatterat pris<a href=\"https:\/\/wa.me\/8618077105796\">+8618077105796<\/a><\/p>\n<p><span style=\"color: #ff0000\">OBS: Priserna p\u00e5 v\u00e5r webbplats inkluderar inte fraktkostnader<\/span><\/p>","protected":false},"featured_media":1895,"comment_status":"open","ping_status":"closed","template":"","meta":{"_uag_custom_page_level_css":"","_lmt_disableupdate":"no","_lmt_disable":"","site-sidebar-layout":"default","site-content-layout":"content-boxed-container","ast-site-content-layout":"normal-width-container","site-content-style":"boxed","site-sidebar-style":"unboxed","ast-global-header-display":"","ast-banner-title-visibility":"","ast-main-header-display":"","ast-hfb-above-header-display":"","ast-hfb-below-header-display":"","ast-hfb-mobile-header-display":"","site-post-title":"","ast-breadcrumbs-content":"","ast-featured-img":"","footer-sml-layout":"","theme-transparent-header-meta":"default","adv-header-id-meta":"","stick-header-meta":"","header-above-stick-meta":"","header-main-stick-meta":"","header-below-stick-meta":"","astra-migrate-meta-layouts":"set","_joinchat":[]},"product_cat":[153,155,33,59,100,34,158,157,154,152,58,84,156,63,32],"product_tag":[86,36,37,91,41,71,40],"class_list":["post-1883","product","type-product","status-publish","has-post-thumbnail","hentry","product_cat-hot-disposable-vapes","product_cat-belgium-hot-disposable-vapes","product_cat-france-vape-hot-sale","product_cat-germany-hot-disposable-vape","product_cat-germany-wholesale-vape-shop","product_cat-netherlands-vape-good-sale","product_cat-norway-hot-disposable-vapes","product_cat-poland-hot-disposable-vapes","product_cat-portugal-hot-disposable-vapes","product_cat-spain-hot-disposable-vapes","product_cat-sweden-hot-disposable-vape","product_cat-sweden-wholesale-vape","product_cat-switzerland-hot-disposable-vapes","product_cat-top-sale-disposable-vape","product_cat-vape-hot-sale-this-week","product_tag-2800-puffs","product_tag-good-vape","product_tag-hot-sale-disposable-vape","product_tag-italy-hot-vape","product_tag-poland-hot-vape","product_tag-randm","product_tag-sweden-hot-vape","desktop-align-left","tablet-align-left","mobile-align-left"],"yoast_head":"<!-- This site is optimized with the Yoast SEO plugin v21.1 - https:\/\/yoast.com\/wordpress\/plugins\/seo\/ -->\n<title>Puff Flex 2800 Puffs Authentic Vape Wholesale Italy - vapebulkp.com<\/title>\n<meta name=\"description\" content=\"Puff flex 2800 disposable e-cigarette is one of the most popular brands. This e-cigarette allows you to smoke without charging. After smoking Puff flex 2.8 puffs disposable e-cigarette, it can leave a lingering fragrance in your mouth, making you feel owned.\" \/>\n<meta name=\"robots\" content=\"index, follow, max-snippet:-1, max-image-preview:large, max-video-preview:-1\" \/>\n<link rel=\"canonical\" href=\"https:\/\/vapebulkp.com\/sv\/product\/puff-flex-2800-puffs-authentic-vape-wholesale-italy\/\" \/>\n<meta property=\"og:locale\" content=\"sv_SE\" \/>\n<meta property=\"og:type\" content=\"article\" \/>\n<meta property=\"og:title\" content=\"Puff Flex 2800 Puffs Authentic Vape Wholesale Italy - vapebulkp.com\" \/>\n<meta property=\"og:description\" content=\"Puff flex 2800 disposable e-cigarette is one of the most popular brands. This e-cigarette allows you to smoke without charging. After smoking Puff flex 2.8 puffs disposable e-cigarette, it can leave a lingering fragrance in your mouth, making you feel owned.\" \/>\n<meta property=\"og:url\" content=\"https:\/\/vapebulkp.com\/sv\/product\/puff-flex-2800-puffs-authentic-vape-wholesale-italy\/\" \/>\n<meta property=\"og:site_name\" content=\"vapebulkp.com\" \/>\n<meta property=\"article:modified_time\" content=\"2025-09-01T07:09:34+00:00\" \/>\n<meta property=\"og:image\" content=\"http:\/\/vapebulkp.com\/wp-content\/uploads\/2023\/11\/Wholesale-Puff-Flex-2800-puffs-1.jpg\" \/>\n\t<meta property=\"og:image:width\" content=\"1000\" \/>\n\t<meta property=\"og:image:height\" content=\"1000\" \/>\n\t<meta property=\"og:image:type\" content=\"image\/jpeg\" \/>\n<meta name=\"twitter:card\" content=\"summary_large_image\" \/>\n<meta name=\"twitter:label1\" content=\"Ber\u00e4knad l\u00e4stid\" \/>\n\t<meta name=\"twitter:data1\" content=\"3 minuter\" \/>\n<script type=\"application\/ld+json\" class=\"yoast-schema-graph\">{\"@context\":\"https:\/\/schema.org\",\"@graph\":[{\"@type\":\"WebPage\",\"@id\":\"https:\/\/vapebulkp.com\/product\/puff-flex-2800-puffs-authentic-vape-wholesale-italy\/\",\"url\":\"https:\/\/vapebulkp.com\/product\/puff-flex-2800-puffs-authentic-vape-wholesale-italy\/\",\"name\":\"Puff Flex 2800 Puffs Authentic Vape Wholesale Italy - vapebulkp.com\",\"isPartOf\":{\"@id\":\"https:\/\/vapebulkp.com\/#website\"},\"datePublished\":\"2023-11-22T09:39:51+00:00\",\"dateModified\":\"2025-09-01T07:09:34+00:00\",\"description\":\"Puff flex 2800 disposable e-cigarette is one of the most popular brands. This e-cigarette allows you to smoke without charging. After smoking Puff flex 2.8 puffs disposable e-cigarette, it can leave a lingering fragrance in your mouth, making you feel owned.\",\"breadcrumb\":{\"@id\":\"https:\/\/vapebulkp.com\/product\/puff-flex-2800-puffs-authentic-vape-wholesale-italy\/#breadcrumb\"},\"inLanguage\":\"sv-SE\",\"potentialAction\":[{\"@type\":\"ReadAction\",\"target\":[\"https:\/\/vapebulkp.com\/product\/puff-flex-2800-puffs-authentic-vape-wholesale-italy\/\"]}]},{\"@type\":\"BreadcrumbList\",\"@id\":\"https:\/\/vapebulkp.com\/product\/puff-flex-2800-puffs-authentic-vape-wholesale-italy\/#breadcrumb\",\"itemListElement\":[{\"@type\":\"ListItem\",\"position\":1,\"name\":\"Home\",\"item\":\"https:\/\/vapebulkp.com\/\"},{\"@type\":\"ListItem\",\"position\":2,\"name\":\"Hot Trend Vapes\",\"item\":\"https:\/\/vapebulkp.com\/vape-shop\/\"},{\"@type\":\"ListItem\",\"position\":3,\"name\":\"Puff Flex 2800 Puffs Authentic Vape Wholesale Italy\"}]},{\"@type\":\"WebSite\",\"@id\":\"https:\/\/vapebulkp.com\/#website\",\"url\":\"https:\/\/vapebulkp.com\/\",\"name\":\"vapebulkp.com\",\"description\":\"Buy Vape In Cheap Bulk Price Near you\",\"publisher\":{\"@id\":\"https:\/\/vapebulkp.com\/#organization\"},\"potentialAction\":[{\"@type\":\"SearchAction\",\"target\":{\"@type\":\"EntryPoint\",\"urlTemplate\":\"https:\/\/vapebulkp.com\/?s={search_term_string}\"},\"query-input\":\"required name=search_term_string\"}],\"inLanguage\":\"sv-SE\"},{\"@type\":\"Organization\",\"@id\":\"https:\/\/vapebulkp.com\/#organization\",\"name\":\"vapebulkp.com\",\"url\":\"https:\/\/vapebulkp.com\/\",\"logo\":{\"@type\":\"ImageObject\",\"inLanguage\":\"sv-SE\",\"@id\":\"https:\/\/vapebulkp.com\/#\/schema\/logo\/image\/\",\"url\":\"https:\/\/vapebulkp.com\/wp-content\/uploads\/2023\/09\/cropped-vapebulkp.png\",\"contentUrl\":\"https:\/\/vapebulkp.com\/wp-content\/uploads\/2023\/09\/cropped-vapebulkp.png\",\"width\":516,\"height\":163,\"caption\":\"vapebulkp.com\"},\"image\":{\"@id\":\"https:\/\/vapebulkp.com\/#\/schema\/logo\/image\/\"}}]}<\/script>\n<!-- \/ Yoast SEO plugin. -->","yoast_head_json":{"title":"Puff Flex 2800 Puffs Authentic Vape Wholesale Italy - vapebulkp.com","description":"Puff flex 2800 disposable e-cigarette is one of the most popular brands. This e-cigarette allows you to smoke without charging. After smoking Puff flex 2.8 puffs disposable e-cigarette, it can leave a lingering fragrance in your mouth, making you feel owned.","robots":{"index":"index","follow":"follow","max-snippet":"max-snippet:-1","max-image-preview":"max-image-preview:large","max-video-preview":"max-video-preview:-1"},"canonical":"https:\/\/vapebulkp.com\/sv\/product\/puff-flex-2800-puffs-authentic-vape-wholesale-italy\/","og_locale":"sv_SE","og_type":"article","og_title":"Puff Flex 2800 Puffs Authentic Vape Wholesale Italy - vapebulkp.com","og_description":"Puff flex 2800 disposable e-cigarette is one of the most popular brands. This e-cigarette allows you to smoke without charging. After smoking Puff flex 2.8 puffs disposable e-cigarette, it can leave a lingering fragrance in your mouth, making you feel owned.","og_url":"https:\/\/vapebulkp.com\/sv\/product\/puff-flex-2800-puffs-authentic-vape-wholesale-italy\/","og_site_name":"vapebulkp.com","article_modified_time":"2025-09-01T07:09:34+00:00","og_image":[{"width":1000,"height":1000,"url":"http:\/\/vapebulkp.com\/wp-content\/uploads\/2023\/11\/Wholesale-Puff-Flex-2800-puffs-1.jpg","type":"image\/jpeg"}],"twitter_card":"summary_large_image","twitter_misc":{"Ber\u00e4knad l\u00e4stid":"3 minuter"},"schema":{"@context":"https:\/\/schema.org","@graph":[{"@type":"WebPage","@id":"https:\/\/vapebulkp.com\/product\/puff-flex-2800-puffs-authentic-vape-wholesale-italy\/","url":"https:\/\/vapebulkp.com\/product\/puff-flex-2800-puffs-authentic-vape-wholesale-italy\/","name":"Puff Flex 2800 Puffs Authentic Vape Wholesale Italy - vapebulkp.com","isPartOf":{"@id":"https:\/\/vapebulkp.com\/#website"},"datePublished":"2023-11-22T09:39:51+00:00","dateModified":"2025-09-01T07:09:34+00:00","description":"Puff flex 2800 disposable e-cigarette is one of the most popular brands. This e-cigarette allows you to smoke without charging. After smoking Puff flex 2.8 puffs disposable e-cigarette, it can leave a lingering fragrance in your mouth, making you feel owned.","breadcrumb":{"@id":"https:\/\/vapebulkp.com\/product\/puff-flex-2800-puffs-authentic-vape-wholesale-italy\/#breadcrumb"},"inLanguage":"sv-SE","potentialAction":[{"@type":"ReadAction","target":["https:\/\/vapebulkp.com\/product\/puff-flex-2800-puffs-authentic-vape-wholesale-italy\/"]}]},{"@type":"BreadcrumbList","@id":"https:\/\/vapebulkp.com\/product\/puff-flex-2800-puffs-authentic-vape-wholesale-italy\/#breadcrumb","itemListElement":[{"@type":"ListItem","position":1,"name":"Home","item":"https:\/\/vapebulkp.com\/"},{"@type":"ListItem","position":2,"name":"Hot Trend Vapes","item":"https:\/\/vapebulkp.com\/vape-shop\/"},{"@type":"ListItem","position":3,"name":"Puff Flex 2800 Puffs Authentic Vape Wholesale Italy"}]},{"@type":"WebSite","@id":"https:\/\/vapebulkp.com\/#website","url":"https:\/\/vapebulkp.com\/","name":"vapebulkp.com","description":"Buy Vape In Cheap Bulk Price Near you","publisher":{"@id":"https:\/\/vapebulkp.com\/#organization"},"potentialAction":[{"@type":"SearchAction","target":{"@type":"EntryPoint","urlTemplate":"https:\/\/vapebulkp.com\/?s={search_term_string}"},"query-input":"required name=search_term_string"}],"inLanguage":"sv-SE"},{"@type":"Organization","@id":"https:\/\/vapebulkp.com\/#organization","name":"vapebulkp.com","url":"https:\/\/vapebulkp.com\/","logo":{"@type":"ImageObject","inLanguage":"sv-SE","@id":"https:\/\/vapebulkp.com\/#\/schema\/logo\/image\/","url":"https:\/\/vapebulkp.com\/wp-content\/uploads\/2023\/09\/cropped-vapebulkp.png","contentUrl":"https:\/\/vapebulkp.com\/wp-content\/uploads\/2023\/09\/cropped-vapebulkp.png","width":516,"height":163,"caption":"vapebulkp.com"},"image":{"@id":"https:\/\/vapebulkp.com\/#\/schema\/logo\/image\/"}}]}},"uagb_featured_image_src":{"full":["https:\/\/vapebulkp.com\/wp-content\/uploads\/2023\/11\/Wholesale-Puff-Flex-2800-puffs-1.jpg",1000,1000,false],"thumbnail":["https:\/\/vapebulkp.com\/wp-content\/uploads\/2023\/11\/Wholesale-Puff-Flex-2800-puffs-1-150x150.jpg",150,150,true],"medium":["https:\/\/vapebulkp.com\/wp-content\/uploads\/2023\/11\/Wholesale-Puff-Flex-2800-puffs-1-300x300.jpg",300,300,true],"medium_large":["https:\/\/vapebulkp.com\/wp-content\/uploads\/2023\/11\/Wholesale-Puff-Flex-2800-puffs-1-768x768.jpg",768,768,true],"large":["https:\/\/vapebulkp.com\/wp-content\/uploads\/2023\/11\/Wholesale-Puff-Flex-2800-puffs-1.jpg",1000,1000,false],"1536x1536":["https:\/\/vapebulkp.com\/wp-content\/uploads\/2023\/11\/Wholesale-Puff-Flex-2800-puffs-1.jpg",1000,1000,false],"2048x2048":["https:\/\/vapebulkp.com\/wp-content\/uploads\/2023\/11\/Wholesale-Puff-Flex-2800-puffs-1.jpg",1000,1000,false],"trp-custom-language-flag":["https:\/\/vapebulkp.com\/wp-content\/uploads\/2023\/11\/Wholesale-Puff-Flex-2800-puffs-1.jpg",12,12,false],"woocommerce_thumbnail":["https:\/\/vapebulkp.com\/wp-content\/uploads\/2023\/11\/Wholesale-Puff-Flex-2800-puffs-1-300x300.jpg",300,300,true],"woocommerce_single":["https:\/\/vapebulkp.com\/wp-content\/uploads\/2023\/11\/Wholesale-Puff-Flex-2800-puffs-1-600x600.jpg",600,600,true],"woocommerce_gallery_thumbnail":["https:\/\/vapebulkp.com\/wp-content\/uploads\/2023\/11\/Wholesale-Puff-Flex-2800-puffs-1-100x100.jpg",100,100,true],"wcpr-photo-reviews":["https:\/\/vapebulkp.com\/wp-content\/uploads\/2023\/11\/Wholesale-Puff-Flex-2800-puffs-1.jpg",500,500,false]},"uagb_author_info":{"display_name":"Mandy vape bulk price","author_link":"https:\/\/vapebulkp.com\/sv\/author\/"},"uagb_comment_info":0,"uagb_excerpt":"PUFF FLXE disposable e-cigarette is one of the most popular brands. This e-cigarette allows you to smoke without charging. After smoking PUFF FLXE 2800 disposable e-cigarette, it can leave a lingering fragrance in your mouth, making you feel owned. Pls Contact Mandy's WhatsApp For Discount Price+8618077105796 NOTE: Prices on our website does not include shipping&hellip;","_links":{"self":[{"href":"https:\/\/vapebulkp.com\/sv\/wp-json\/wp\/v2\/product\/1883","targetHints":{"allow":["GET"]}}],"collection":[{"href":"https:\/\/vapebulkp.com\/sv\/wp-json\/wp\/v2\/product"}],"about":[{"href":"https:\/\/vapebulkp.com\/sv\/wp-json\/wp\/v2\/types\/product"}],"replies":[{"embeddable":true,"href":"https:\/\/vapebulkp.com\/sv\/wp-json\/wp\/v2\/comments?post=1883"}],"wp:featuredmedia":[{"embeddable":true,"href":"https:\/\/vapebulkp.com\/sv\/wp-json\/wp\/v2\/media\/1895"}],"wp:attachment":[{"href":"https:\/\/vapebulkp.com\/sv\/wp-json\/wp\/v2\/media?parent=1883"}],"wp:term":[{"taxonomy":"product_cat","embeddable":true,"href":"https:\/\/vapebulkp.com\/sv\/wp-json\/wp\/v2\/product_cat?post=1883"},{"taxonomy":"product_tag","embeddable":true,"href":"https:\/\/vapebulkp.com\/sv\/wp-json\/wp\/v2\/product_tag?post=1883"}],"curies":[{"name":"wp","href":"https:\/\/api.w.org\/{rel}","templated":true}]}}