{"id":1896,"date":"2023-11-24T04:48:25","date_gmt":"2023-11-24T03:48:25","guid":{"rendered":"https:\/\/vapebulkp.com\/?post_type=product&#038;p=1896"},"modified":"2025-09-24T05:45:58","modified_gmt":"2025-09-24T03:45:58","slug":"elf-box-14000-puffs-2-5-nicotine-rechargeable-vape-sweden-wholesale","status":"publish","type":"product","link":"https:\/\/vapebulkp.com\/sv\/product\/elf-box-14000-puffs-2-5-nicotine-rechargeable-vape-sweden-wholesale\/","title":{"rendered":"ELF BOX 14000 bloss uppladdningsbar vape Sverige"},"content":{"rendered":"<h2 class=\"product_title entry-title\"><strong>ELF BOX 14000 bloss uppladdningsbar vape Sverige<\/strong><\/h2>\n<p>Den <b>ELF BOX 14000 Puffar Uppladdningsbar Vape<\/b> \u00e4r en ny standard f\u00f6r sofistikerade <b>vejpningsenheter<\/b>. Designad f\u00f6r den kr\u00e4sna vejparen i Sverige, detta \u00e4r inte bara en eng\u00e5ngse-cigarett; det \u00e4r ett \u00e5tagande f\u00f6r en oavbruten och djupt tillfredsst\u00e4llande resa. Enhetens avancerade ingenj\u00f6rskonst och eleganta formfaktor ger ett monumentalt spr\u00e5ng i prestanda och l\u00e4mnar bakom sig begr\u00e4nsningarna hos en standard <strong>14000<\/strong><b>\u00a0Puffar Eng\u00e5ngsvape<\/b>.<\/p>\n<p>I grunden \u00e4r denna <b>vape-penna<\/b> byggd f\u00f6r l\u00e5ng livsl\u00e4ngd. Ett robust 850mAh uppladdningsbart batteri, drivet av en modern Type-C-anslutning, s\u00e4kerst\u00e4ller att du kan utnyttja alla dess 14 000 puffar fullt ut. Den f\u00f6rfyllda 23 ml reservoaren med premium <b>nikotinsalt<\/b> e-v\u00e4tska fungerar i harmoni med en h\u00f6gpresterande <b>meshspole<\/b> f\u00f6r att leverera en konsekvent ren och uppslukande smak fr\u00e5n din allra f\u00f6rsta bloss. Spolens precisionsf\u00f6rstoftning garanterar en rik och j\u00e4mn \u00e5ngmoln med varje bloss.<\/p>\n<p>Denna <b>l\u00e5ngvarig vape<\/b> \u00e4r den perfekta f\u00f6ljeslagaren f\u00f6r alla livsstilar. Dess kompakta design erbjuder enkel portabilitet utan att kompromissa med kraft eller smak. ELF BOX 14000 \u00e4r d\u00e4r banbrytande teknik och exceptionell smak konvergerar.<\/p>\n<p><img decoding=\"async\" class=\"alignnone size-full wp-image-1907\" src=\"http:\/\/vapebulkp.com\/wp-content\/uploads\/2023\/11\/Elf-Box-14000pufHot-Sale-vape-11.png\" alt=\"Elf Box 14000 puff Het f\u00f6rs\u00e4ljning Vape Sverige\" width=\"715\" height=\"565\" \/><\/p>\n<p>&nbsp;<\/p>\n<h6 style=\"text-align: left\"><\/h6>\n<h6>Kontakta Mandy via WhatsApp f\u00f6r rabatterat pris<a href=\"https:\/\/wa.me\/8618077105796\">+8618077105796<\/a><\/h6>\n<p><img decoding=\"async\" class=\"alignnone wp-image-2151\" src=\"http:\/\/vapebulkp.com\/wp-content\/uploads\/2024\/04\/Mandy-WhatsApp-Randm.jpg\" alt=\"Mandy WhatsApp Randm\" width=\"288\" height=\"306\" srcset=\"https:\/\/vapebulkp.com\/wp-content\/uploads\/2024\/04\/Mandy-WhatsApp-Randm.jpg 916w, https:\/\/vapebulkp.com\/wp-content\/uploads\/2024\/04\/Mandy-WhatsApp-Randm-282x300.jpg 282w, https:\/\/vapebulkp.com\/wp-content\/uploads\/2024\/04\/Mandy-WhatsApp-Randm-768x817.jpg 768w, https:\/\/vapebulkp.com\/wp-content\/uploads\/2024\/04\/Mandy-WhatsApp-Randm-600x638.jpg 600w\" sizes=\"(max-width: 288px) 100vw, 288px\" \/><\/p>\n<h2>Saker du kanske vill veta om ELF BOX 14K Puffar Vape-enhet:<\/h2>\n<h6>1. Om jag g\u00f6r en best\u00e4llning, kan den skickas till mitt land?<\/h6>\n<p>Svaret \u00e4r ja, vi kan skicka till de flesta europeiska l\u00e4nder, s\u00e5som Nederl\u00e4nderna, Tyskland, Frankrike, Spanien, Italien, Belgien, Luxemburg, \u00d6sterrike, Tjeckien, Slovakien, Ungern, Slovenien, Rum\u00e4nien, Bulgarien, Grekland, Polen, Sverige, Irland, Portugal, Finland, Estland, Lettland, Litauen, etc.<\/p>\n<h6>2. Hur laddar jag ELF BOX 14000 Puffar-porten n\u00e4r enheten \u00e4r urladdad?<\/h6>\n<p>Du kan anv\u00e4nda en Android typ-c-laddare ist\u00e4llet f\u00f6r en supersnabb laddare. Den lyser bl\u00e5tt l\u00e4ngst ner p\u00e5 enheten och sl\u00e4cks n\u00e4r den \u00e4r fulladdad.<\/p>\n<h6>3. Hur l\u00e5ng tid tar det att ladda ELF BOX 14000 Puffar?<\/h6>\n<p>Full laddning tar cirka 30 minuter. N\u00e4r e-cigarettenheten \u00e4r fulladdad sl\u00e4cks den bl\u00e5 laddningsindikatorn.<\/p>\n<h3>ELF BOX 14000 Puffar Eng\u00e5ngsvape Pod Funktioner:<\/h3>\n<ul>\n<li>V\u00e4tska: 23ML<\/li>\n<li>Batteri: 850mAh<\/li>\n<li>USB: TYP-C<\/li>\n<li>INMATNING: 5V 1A<\/li>\n<li>Material: PC<\/li>\n<li>Garantiperiod: 1 \u00e5r<\/li>\n<li>MFD: Se f\u00f6rpackning<\/li>\n<li>F\u00f6rpackning: 1 l\u00e5da 10 st<\/li>\n<li>Salt nik: 0%~2%~5%(valfritt)<\/li>\n<li>Mesh-spole<\/li>\n<li>LED-f\u00e4rgljus<\/li>\n<\/ul>\n<p>&nbsp;<\/p>\n<h3><strong>Vilka \u00e4r de b\u00e4sta ELF BOX 14000 Puffs-smakerna?<\/strong><\/h3>\n<p>1. Bl\u00e5 hallon-is<br \/>\n2. Jordgubbsis<br \/>\n3.Druva is<br \/>\n4. Jordgubb Vattenmelon<br \/>\n5. Mint-is<br \/>\n6. Red Bull<br \/>\n7. Dubbelt \u00e4pple<br \/>\n8. Lush Ice<br \/>\n9. Persika Mango<br \/>\n10. K\u00f6rsb\u00e4rssoda<\/p>\n<p><a href=\"https:\/\/vapebulkp.com\/sv\/product\/popular-randm-tornado-7000puffs-disposable-vape-best-price\/\"><span style=\"vertical-align: inherit\">RandM Tornado 7000 Bloss <\/span><\/a><\/p>\n<p><span style=\"vertical-align: inherit\">Hitta fler produkter du kanske gillar:<\/span><em><a href=\"https:\/\/wa.me\/8618077105796\"><span style=\"vertical-align: inherit\">\u00a0K\u00f6p nu<\/span><\/a><\/em><\/p>\n<p><span style=\"vertical-align: inherit\">Andra Puffs du kanske gillar:<\/span><a href=\"https:\/\/vapebulkp.com\/sv\/product\/joymy-ultra15000puffs-best-disposable-vape-2023\/\"><span style=\"vertical-align: inherit\">JOYMY 15000 Puffs<\/span><\/a><span style=\"vertical-align: inherit\">\u3001<\/span><a href=\"https:\/\/vapebulkp.com\/sv\/product\/wholesale-randm-tornado-9000-puffs-germany\/\"><span style=\"vertical-align: inherit\">RandM 9000 Puffar<\/span><\/a><span style=\"vertical-align: inherit\">\/ <\/span><a href=\"https:\/\/vapebulkp.com\/sv\/product\/bang-tornado-12000-puffs-rechargeable-disposable-pod\/\"><span style=\"vertical-align: inherit\">Bang Tornado 12000Puffs<\/span><\/a><span style=\"vertical-align: inherit\">\/ <\/span><a href=\"https:\/\/vapebulkp.com\/sv\/product\/wholesale-tornado-rum-bar-9000-puffs-sweden\/\"><span style=\"vertical-align: inherit\">Rumbar 9000 bloss<\/span><\/a><\/p>\n<p><span style=\"vertical-align: inherit\">E-cigarettflaska med specialform:<\/span><a href=\"https:\/\/vapebulkp.com\/sv\/product\/wholesale-kulx-8000-puffs-disposable-vape\/\"><span style=\"vertical-align: inherit\">\u00a0Kulx 8000 bloss<\/span><\/a><span style=\"vertical-align: inherit\">\/ <\/span><a href=\"https:\/\/vapebulkp.com\/sv\/product\/popular-bang-king-10000-puffs-vape-good-price\/\"><span style=\"vertical-align: inherit\">\u00a0Bang King 10000 Puffar <\/span><\/a><span style=\"vertical-align: inherit\">\/<\/span><a href=\"https:\/\/vapebulkp.com\/sv\/product\/disposable-vape-crystal-600-puffs\/\"><span style=\"vertical-align: inherit\"> Crystal 600 bloss<\/span><\/a><\/p>\n<h5>Produktionskvalifikation:<\/h5>\n<p><img decoding=\"async\" class=\"alignnone size-full wp-image-1841\" src=\"http:\/\/vapebulkp.com\/wp-content\/uploads\/2023\/11\/Vape-production-process-2.jpeg\" alt=\"Vape produktionsprocess\" width=\"650\" height=\"434\" srcset=\"https:\/\/vapebulkp.com\/wp-content\/uploads\/2023\/11\/Vape-production-process-2.jpeg 650w, https:\/\/vapebulkp.com\/wp-content\/uploads\/2023\/11\/Vape-production-process-2-300x200.jpeg 300w, https:\/\/vapebulkp.com\/wp-content\/uploads\/2023\/11\/Vape-production-process-2-600x401.jpeg 600w\" sizes=\"(max-width: 650px) 100vw, 650px\" \/><\/p>\n<p><img decoding=\"async\" class=\"alignnone size-full wp-image-1843\" src=\"http:\/\/vapebulkp.com\/wp-content\/uploads\/2023\/11\/Vape-production-process.jpeg\" alt=\"Vape produktionsprocess\" width=\"641\" height=\"1026\" srcset=\"https:\/\/vapebulkp.com\/wp-content\/uploads\/2023\/11\/Vape-production-process.jpeg 641w, https:\/\/vapebulkp.com\/wp-content\/uploads\/2023\/11\/Vape-production-process-187x300.jpeg 187w, https:\/\/vapebulkp.com\/wp-content\/uploads\/2023\/11\/Vape-production-process-640x1024.jpeg 640w, https:\/\/vapebulkp.com\/wp-content\/uploads\/2023\/11\/Vape-production-process-600x960.jpeg 600w\" sizes=\"(max-width: 641px) 100vw, 641px\" \/><\/p>\n<h5>Vanliga fr\u00e5gor och svar:<\/h5>\n<p>F: Vad \u00e4r MOQ f\u00f6r ELF BOX 14000 Puffs?<br \/>\nS: Minsta best\u00e4llning \u00e4r 100st.<br \/>\nF: Vad \u00e4r leveranstiden f\u00f6r de best\u00e4llda ELF Box-vapes?<br \/>\nS: Vanligtvis \u00e4r det 10-15 dagar efter leverans<br \/>\nF: Hur mycket kostar frakten? S: Fraktkostnaden beror p\u00e5 vikten. Olika kvantiteter har olika fraktkostnader, v\u00e4nligen kontakta oss f\u00f6r att bekr\u00e4fta fraktkostnaden.<\/p>\n<h4>Leveransdetaljer:<\/h4>\n<p><span style=\"color: #ff6600\">Produktionstid: 5-10 arbetsdagar<\/span><br \/>\n<span style=\"color: #ff6600\">Leveranstid: 8-14 arbetsdagar<\/span><\/p>\n<p>Alla produkter i v\u00e5r butik \u00e4r 100% originala och autentiska, d\u00e4rf\u00f6r \u00e4r Tiofaldig ers\u00e4ttning f\u00f6r falska varor v\u00e5r butikspolicy. Vi anv\u00e4nder logistikkanaler som UPS\/DHL\/FEDEX\/DPD f\u00f6r att leverera varor till dig.<\/p>\n<p>F\u00f6r paket som skickas inom Sverige tar det vanligtvis 10 arbetsdagar att anl\u00e4nda. Leveranser till andra europeiska l\u00e4nder tar vanligtvis 12 till 15 arbetsdagar att anl\u00e4nda. Vi uppdaterar logistikinformationen f\u00f6r dig i realtid.<\/p>\n<p><span style=\"color: #ff0000\"><a style=\"color: #ff0000\" href=\"https:\/\/vapebulkp.com\/sv\/faq-about-vape-bulk-order\/\">Leverans: 10~13 arbetsdagar, l\u00e4s mer!<\/a><\/span><\/p>","protected":false},"excerpt":{"rendered":"<p>ELF BOX 14000 Puffs omedelbar e-cigarett har en ny designmodell f\u00f6r att ge dig en tydlig och trevlig upplevelse varje g\u00e5ng du anv\u00e4nder den.<\/p>\n<p><img decoding=\"async\" class=\"alignnone wp-image-2151\" src=\"http:\/\/vapebulkp.com\/wp-content\/uploads\/2024\/04\/Mandy-WhatsApp-Randm.jpg\" alt=\"Mandy WhatsApp Randm\" width=\"302\" height=\"321\" srcset=\"https:\/\/vapebulkp.com\/wp-content\/uploads\/2024\/04\/Mandy-WhatsApp-Randm.jpg 916w, https:\/\/vapebulkp.com\/wp-content\/uploads\/2024\/04\/Mandy-WhatsApp-Randm-282x300.jpg 282w, https:\/\/vapebulkp.com\/wp-content\/uploads\/2024\/04\/Mandy-WhatsApp-Randm-768x817.jpg 768w, https:\/\/vapebulkp.com\/wp-content\/uploads\/2024\/04\/Mandy-WhatsApp-Randm-600x638.jpg 600w\" sizes=\"(max-width: 302px) 100vw, 302px\" \/><\/p>\n<p>Kontakta Mandy via WhatsApp f\u00f6r rabatterat pris<a href=\"https:\/\/wa.me\/8618077105796\">+8618077105796<\/a><\/p>\n<p><span style=\"color: #ff0000\">OBS: Priserna p\u00e5 v\u00e5r webbplats inkluderar inte fraktkostnader<\/span><\/p>","protected":false},"featured_media":1907,"comment_status":"open","ping_status":"closed","template":"","meta":{"_uag_custom_page_level_css":"","_lmt_disableupdate":"no","_lmt_disable":"","site-sidebar-layout":"default","site-content-layout":"content-boxed-container","ast-site-content-layout":"normal-width-container","site-content-style":"boxed","site-sidebar-style":"unboxed","ast-global-header-display":"","ast-banner-title-visibility":"","ast-main-header-display":"","ast-hfb-above-header-display":"","ast-hfb-below-header-display":"","ast-hfb-mobile-header-display":"","site-post-title":"","ast-breadcrumbs-content":"","ast-featured-img":"","footer-sml-layout":"","theme-transparent-header-meta":"default","adv-header-id-meta":"","stick-header-meta":"","header-above-stick-meta":"","header-main-stick-meta":"","header-below-stick-meta":"","astra-migrate-meta-layouts":"set","_joinchat":[]},"product_cat":[153,155,347,33,59,100,34,158,157,154,152,58,84,156,63,32],"product_tag":[90,36,37,41,40],"class_list":["post-1896","product","type-product","status-publish","has-post-thumbnail","hentry","product_cat-hot-disposable-vapes","product_cat-belgium-hot-disposable-vapes","product_cat-elf-box-vape","product_cat-france-vape-hot-sale","product_cat-germany-hot-disposable-vape","product_cat-germany-wholesale-vape-shop","product_cat-netherlands-vape-good-sale","product_cat-norway-hot-disposable-vapes","product_cat-poland-hot-disposable-vapes","product_cat-portugal-hot-disposable-vapes","product_cat-spain-hot-disposable-vapes","product_cat-sweden-hot-disposable-vape","product_cat-sweden-wholesale-vape","product_cat-switzerland-hot-disposable-vapes","product_cat-top-sale-disposable-vape","product_cat-vape-hot-sale-this-week","product_tag-14000-puffs","product_tag-good-vape","product_tag-hot-sale-disposable-vape","product_tag-poland-hot-vape","product_tag-sweden-hot-vape","pa_brand-elf-box-vape","desktop-align-left","tablet-align-left","mobile-align-left"],"yoast_head":"<!-- This site is optimized with the Yoast SEO plugin v21.1 - https:\/\/yoast.com\/wordpress\/plugins\/seo\/ -->\n<title>ELF BOX 14000 Puffs Rechargeable Vape Sweden - vapebulkp.com<\/title>\n<meta name=\"description\" content=\"ELF BOX 14000 Puffs instant e-cigarette adopts a new design model to provide you with a clear and pleasant experience every time you use it.\" \/>\n<meta name=\"robots\" content=\"index, follow, max-snippet:-1, max-image-preview:large, max-video-preview:-1\" \/>\n<link rel=\"canonical\" href=\"https:\/\/vapebulkp.com\/sv\/product\/elf-box-14000-puffs-2-5-nicotine-rechargeable-vape-sweden-wholesale\/\" \/>\n<meta property=\"og:locale\" content=\"sv_SE\" \/>\n<meta property=\"og:type\" content=\"article\" \/>\n<meta property=\"og:title\" content=\"ELF BOX 14000 Puffs Rechargeable Vape Sweden - vapebulkp.com\" \/>\n<meta property=\"og:description\" content=\"ELF BOX 14000 Puffs instant e-cigarette adopts a new design model to provide you with a clear and pleasant experience every time you use it.\" \/>\n<meta property=\"og:url\" content=\"https:\/\/vapebulkp.com\/sv\/product\/elf-box-14000-puffs-2-5-nicotine-rechargeable-vape-sweden-wholesale\/\" \/>\n<meta property=\"og:site_name\" content=\"vapebulkp.com\" \/>\n<meta property=\"article:modified_time\" content=\"2025-09-24T03:45:58+00:00\" \/>\n<meta property=\"og:image\" content=\"http:\/\/vapebulkp.com\/wp-content\/uploads\/2023\/11\/Elf-Box-14000pufHot-Sale-vape-11-e1702370505263.png\" \/>\n\t<meta property=\"og:image:width\" content=\"666\" \/>\n\t<meta property=\"og:image:height\" content=\"506\" \/>\n\t<meta property=\"og:image:type\" content=\"image\/png\" \/>\n<meta name=\"twitter:card\" content=\"summary_large_image\" \/>\n<meta name=\"twitter:label1\" content=\"Ber\u00e4knad l\u00e4stid\" \/>\n\t<meta name=\"twitter:data1\" content=\"4 minuter\" \/>\n<script type=\"application\/ld+json\" class=\"yoast-schema-graph\">{\"@context\":\"https:\/\/schema.org\",\"@graph\":[{\"@type\":\"WebPage\",\"@id\":\"https:\/\/vapebulkp.com\/product\/elf-box-14000-puffs-2-5-nicotine-rechargeable-vape-sweden-wholesale\/\",\"url\":\"https:\/\/vapebulkp.com\/product\/elf-box-14000-puffs-2-5-nicotine-rechargeable-vape-sweden-wholesale\/\",\"name\":\"ELF BOX 14000 Puffs Rechargeable Vape Sweden - vapebulkp.com\",\"isPartOf\":{\"@id\":\"https:\/\/vapebulkp.com\/#website\"},\"datePublished\":\"2023-11-24T03:48:25+00:00\",\"dateModified\":\"2025-09-24T03:45:58+00:00\",\"description\":\"ELF BOX 14000 Puffs instant e-cigarette adopts a new design model to provide you with a clear and pleasant experience every time you use it.\",\"breadcrumb\":{\"@id\":\"https:\/\/vapebulkp.com\/product\/elf-box-14000-puffs-2-5-nicotine-rechargeable-vape-sweden-wholesale\/#breadcrumb\"},\"inLanguage\":\"sv-SE\",\"potentialAction\":[{\"@type\":\"ReadAction\",\"target\":[\"https:\/\/vapebulkp.com\/product\/elf-box-14000-puffs-2-5-nicotine-rechargeable-vape-sweden-wholesale\/\"]}]},{\"@type\":\"BreadcrumbList\",\"@id\":\"https:\/\/vapebulkp.com\/product\/elf-box-14000-puffs-2-5-nicotine-rechargeable-vape-sweden-wholesale\/#breadcrumb\",\"itemListElement\":[{\"@type\":\"ListItem\",\"position\":1,\"name\":\"Home\",\"item\":\"https:\/\/vapebulkp.com\/\"},{\"@type\":\"ListItem\",\"position\":2,\"name\":\"Hot Trend Vapes\",\"item\":\"https:\/\/vapebulkp.com\/vape-shop\/\"},{\"@type\":\"ListItem\",\"position\":3,\"name\":\"ELF BOX 14000 Puffs Rechargeable Vape Sweden\"}]},{\"@type\":\"WebSite\",\"@id\":\"https:\/\/vapebulkp.com\/#website\",\"url\":\"https:\/\/vapebulkp.com\/\",\"name\":\"vapebulkp.com\",\"description\":\"Buy Vape In Cheap Bulk Price Near you\",\"publisher\":{\"@id\":\"https:\/\/vapebulkp.com\/#organization\"},\"potentialAction\":[{\"@type\":\"SearchAction\",\"target\":{\"@type\":\"EntryPoint\",\"urlTemplate\":\"https:\/\/vapebulkp.com\/?s={search_term_string}\"},\"query-input\":\"required name=search_term_string\"}],\"inLanguage\":\"sv-SE\"},{\"@type\":\"Organization\",\"@id\":\"https:\/\/vapebulkp.com\/#organization\",\"name\":\"vapebulkp.com\",\"url\":\"https:\/\/vapebulkp.com\/\",\"logo\":{\"@type\":\"ImageObject\",\"inLanguage\":\"sv-SE\",\"@id\":\"https:\/\/vapebulkp.com\/#\/schema\/logo\/image\/\",\"url\":\"https:\/\/vapebulkp.com\/wp-content\/uploads\/2023\/09\/cropped-vapebulkp.png\",\"contentUrl\":\"https:\/\/vapebulkp.com\/wp-content\/uploads\/2023\/09\/cropped-vapebulkp.png\",\"width\":516,\"height\":163,\"caption\":\"vapebulkp.com\"},\"image\":{\"@id\":\"https:\/\/vapebulkp.com\/#\/schema\/logo\/image\/\"}}]}<\/script>\n<!-- \/ Yoast SEO plugin. -->","yoast_head_json":{"title":"ELF BOX 14000 Puffs Rechargeable Vape Sweden - vapebulkp.com","description":"ELF BOX 14000 Puffs instant e-cigarette adopts a new design model to provide you with a clear and pleasant experience every time you use it.","robots":{"index":"index","follow":"follow","max-snippet":"max-snippet:-1","max-image-preview":"max-image-preview:large","max-video-preview":"max-video-preview:-1"},"canonical":"https:\/\/vapebulkp.com\/sv\/product\/elf-box-14000-puffs-2-5-nicotine-rechargeable-vape-sweden-wholesale\/","og_locale":"sv_SE","og_type":"article","og_title":"ELF BOX 14000 Puffs Rechargeable Vape Sweden - vapebulkp.com","og_description":"ELF BOX 14000 Puffs instant e-cigarette adopts a new design model to provide you with a clear and pleasant experience every time you use it.","og_url":"https:\/\/vapebulkp.com\/sv\/product\/elf-box-14000-puffs-2-5-nicotine-rechargeable-vape-sweden-wholesale\/","og_site_name":"vapebulkp.com","article_modified_time":"2025-09-24T03:45:58+00:00","og_image":[{"width":666,"height":506,"url":"http:\/\/vapebulkp.com\/wp-content\/uploads\/2023\/11\/Elf-Box-14000pufHot-Sale-vape-11-e1702370505263.png","type":"image\/png"}],"twitter_card":"summary_large_image","twitter_misc":{"Ber\u00e4knad l\u00e4stid":"4 minuter"},"schema":{"@context":"https:\/\/schema.org","@graph":[{"@type":"WebPage","@id":"https:\/\/vapebulkp.com\/product\/elf-box-14000-puffs-2-5-nicotine-rechargeable-vape-sweden-wholesale\/","url":"https:\/\/vapebulkp.com\/product\/elf-box-14000-puffs-2-5-nicotine-rechargeable-vape-sweden-wholesale\/","name":"ELF BOX 14000 Puffs Rechargeable Vape Sweden - vapebulkp.com","isPartOf":{"@id":"https:\/\/vapebulkp.com\/#website"},"datePublished":"2023-11-24T03:48:25+00:00","dateModified":"2025-09-24T03:45:58+00:00","description":"ELF BOX 14000 Puffs instant e-cigarette adopts a new design model to provide you with a clear and pleasant experience every time you use it.","breadcrumb":{"@id":"https:\/\/vapebulkp.com\/product\/elf-box-14000-puffs-2-5-nicotine-rechargeable-vape-sweden-wholesale\/#breadcrumb"},"inLanguage":"sv-SE","potentialAction":[{"@type":"ReadAction","target":["https:\/\/vapebulkp.com\/product\/elf-box-14000-puffs-2-5-nicotine-rechargeable-vape-sweden-wholesale\/"]}]},{"@type":"BreadcrumbList","@id":"https:\/\/vapebulkp.com\/product\/elf-box-14000-puffs-2-5-nicotine-rechargeable-vape-sweden-wholesale\/#breadcrumb","itemListElement":[{"@type":"ListItem","position":1,"name":"Home","item":"https:\/\/vapebulkp.com\/"},{"@type":"ListItem","position":2,"name":"Hot Trend Vapes","item":"https:\/\/vapebulkp.com\/vape-shop\/"},{"@type":"ListItem","position":3,"name":"ELF BOX 14000 Puffs Rechargeable Vape Sweden"}]},{"@type":"WebSite","@id":"https:\/\/vapebulkp.com\/#website","url":"https:\/\/vapebulkp.com\/","name":"vapebulkp.com","description":"Buy Vape In Cheap Bulk Price Near you","publisher":{"@id":"https:\/\/vapebulkp.com\/#organization"},"potentialAction":[{"@type":"SearchAction","target":{"@type":"EntryPoint","urlTemplate":"https:\/\/vapebulkp.com\/?s={search_term_string}"},"query-input":"required name=search_term_string"}],"inLanguage":"sv-SE"},{"@type":"Organization","@id":"https:\/\/vapebulkp.com\/#organization","name":"vapebulkp.com","url":"https:\/\/vapebulkp.com\/","logo":{"@type":"ImageObject","inLanguage":"sv-SE","@id":"https:\/\/vapebulkp.com\/#\/schema\/logo\/image\/","url":"https:\/\/vapebulkp.com\/wp-content\/uploads\/2023\/09\/cropped-vapebulkp.png","contentUrl":"https:\/\/vapebulkp.com\/wp-content\/uploads\/2023\/09\/cropped-vapebulkp.png","width":516,"height":163,"caption":"vapebulkp.com"},"image":{"@id":"https:\/\/vapebulkp.com\/#\/schema\/logo\/image\/"}}]}},"uagb_featured_image_src":{"full":["https:\/\/vapebulkp.com\/wp-content\/uploads\/2023\/11\/Elf-Box-14000pufHot-Sale-vape-11-e1702370505263.png",666,506,false],"thumbnail":["https:\/\/vapebulkp.com\/wp-content\/uploads\/2023\/11\/Elf-Box-14000pufHot-Sale-vape-11-e1702370505263-150x150.png",150,150,true],"medium":["https:\/\/vapebulkp.com\/wp-content\/uploads\/2023\/11\/Elf-Box-14000pufHot-Sale-vape-11-e1702370505263-300x228.png",300,228,true],"medium_large":["https:\/\/vapebulkp.com\/wp-content\/uploads\/2023\/11\/Elf-Box-14000pufHot-Sale-vape-11-e1702370505263.png",666,506,false],"large":["https:\/\/vapebulkp.com\/wp-content\/uploads\/2023\/11\/Elf-Box-14000pufHot-Sale-vape-11-e1702370505263.png",666,506,false],"1536x1536":["https:\/\/vapebulkp.com\/wp-content\/uploads\/2023\/11\/Elf-Box-14000pufHot-Sale-vape-11-e1702370505263.png",666,506,false],"2048x2048":["https:\/\/vapebulkp.com\/wp-content\/uploads\/2023\/11\/Elf-Box-14000pufHot-Sale-vape-11-e1702370505263.png",666,506,false],"trp-custom-language-flag":["https:\/\/vapebulkp.com\/wp-content\/uploads\/2023\/11\/Elf-Box-14000pufHot-Sale-vape-11-e1702370505263.png",16,12,false],"woocommerce_thumbnail":["https:\/\/vapebulkp.com\/wp-content\/uploads\/2023\/11\/Elf-Box-14000pufHot-Sale-vape-11-e1702370505263-300x300.png",300,300,true],"woocommerce_single":["https:\/\/vapebulkp.com\/wp-content\/uploads\/2023\/11\/Elf-Box-14000pufHot-Sale-vape-11-e1702370505263-600x456.png",600,456,true],"woocommerce_gallery_thumbnail":["https:\/\/vapebulkp.com\/wp-content\/uploads\/2023\/11\/Elf-Box-14000pufHot-Sale-vape-11-e1702370505263-100x100.png",100,100,true],"wcpr-photo-reviews":["https:\/\/vapebulkp.com\/wp-content\/uploads\/2023\/11\/Elf-Box-14000pufHot-Sale-vape-11-e1702370505263.png",500,380,false]},"uagb_author_info":{"display_name":"Mandy vape bulk price","author_link":"https:\/\/vapebulkp.com\/sv\/author\/"},"uagb_comment_info":0,"uagb_excerpt":"ELF BOX 14000 Puffs instant e-cigarette adopts a new design model to provide you with a clear and pleasant experience every time you use it. Pls Contact Mandy's WhatsApp For Discount Price+8618077105796 NOTE: Prices on our website does not include shipping costs","_links":{"self":[{"href":"https:\/\/vapebulkp.com\/sv\/wp-json\/wp\/v2\/product\/1896","targetHints":{"allow":["GET"]}}],"collection":[{"href":"https:\/\/vapebulkp.com\/sv\/wp-json\/wp\/v2\/product"}],"about":[{"href":"https:\/\/vapebulkp.com\/sv\/wp-json\/wp\/v2\/types\/product"}],"replies":[{"embeddable":true,"href":"https:\/\/vapebulkp.com\/sv\/wp-json\/wp\/v2\/comments?post=1896"}],"wp:featuredmedia":[{"embeddable":true,"href":"https:\/\/vapebulkp.com\/sv\/wp-json\/wp\/v2\/media\/1907"}],"wp:attachment":[{"href":"https:\/\/vapebulkp.com\/sv\/wp-json\/wp\/v2\/media?parent=1896"}],"wp:term":[{"taxonomy":"product_cat","embeddable":true,"href":"https:\/\/vapebulkp.com\/sv\/wp-json\/wp\/v2\/product_cat?post=1896"},{"taxonomy":"product_tag","embeddable":true,"href":"https:\/\/vapebulkp.com\/sv\/wp-json\/wp\/v2\/product_tag?post=1896"}],"curies":[{"name":"wp","href":"https:\/\/api.w.org\/{rel}","templated":true}]}}