{"id":1957,"date":"2023-12-14T09:21:57","date_gmt":"2023-12-14T08:21:57","guid":{"rendered":"https:\/\/vapebulkp.com\/?post_type=product&#038;p=1957"},"modified":"2025-09-08T05:34:08","modified_gmt":"2025-09-08T03:34:08","slug":"prime-bar-8000-disposable-pod-device-wholesale-price","status":"publish","type":"product","link":"https:\/\/vapebulkp.com\/sv\/product\/prime-bar-8000-disposable-pod-device-wholesale-price\/","title":{"rendered":"Prime Bar 8000 Eng\u00e5ngs Pod enhet grossistpris"},"content":{"rendered":"<h2>Prime Bar 8000 Eng\u00e5ngs Pod enhet grossistpris<\/h2>\n<p>Prime Bar 8000 Disposable Pod Device \u00e4r tillverkad f\u00f6r den kr\u00e4sna europeiska vejparen och s\u00e4tter en ny standard f\u00f6r lyx och prestanda inom eng\u00e5ngs vaping. Drivs av ett avancerat 650mAh integrerat batteri och banbrytande mesh coil-teknik, s\u00e4kerst\u00e4ller denna enhet exceptionellt smidig och rik \u00e5ngproduktion fr\u00e5n f\u00f6rsta puffen till den sista.<\/p>\n<p>F\u00f6rfylld med premium nikotinsalt e-v\u00e4tska, levererar den en intensiv och tillfredsst\u00e4llande smakupplevelse \u00f6ver ett sofistikerat utbud av profiler \u2013 fr\u00e5n raffinerad tobak och isig mentol till exotiska frukter och njutningsfulla dessertblandningar. Varje variant \u00e4r utformad f\u00f6r att m\u00f6ta de h\u00f6ga f\u00f6rv\u00e4ntningarna hos moderna europeiska vapingentusiaster som v\u00e4rdes\u00e4tter b\u00e5de smak och konsistens.<\/p>\n<p>Med sin ergonomiska och eleganta design f\u00f6rblir 8000 Puffs Disposable Vape enkelt b\u00e4rbar, vilket g\u00f6r den till den idealiska f\u00f6ljeslagaren f\u00f6r resor, utekv\u00e4llar eller daglig anv\u00e4ndning. Dess anv\u00e4ndarv\u00e4nliga, dragaktiverade mekanism kr\u00e4ver inget underh\u00e5ll eller laddning, vilket levererar problemfri tillfredsst\u00e4llelse n\u00e4r som helst, var som helst.<\/p>\n<p>Denna enhet \u00e4r konstruerad f\u00f6r l\u00e5ng livsl\u00e4ngd och tillf\u00f6rlitlighet och utm\u00e4rker sig som ett toppval f\u00f6r b\u00e5de enskilda anv\u00e4ndare och grossistk\u00f6pare som s\u00f6ker premium eng\u00e5ngs vapes skr\u00e4ddarsydda f\u00f6r den europeiska marknaden. Upplev o\u00f6vertr\u00e4ffad smak och prestanda med 8000 Puffs Disposable Vape \u2013 d\u00e4r innovation m\u00f6ter elegans.<\/p>\n<p><img decoding=\"async\" class=\"alignnone wp-image-1965\" src=\"http:\/\/vapebulkp.com\/wp-content\/uploads\/2023\/12\/PRIME-BAR-WHOLESALE-PRICE-PUFF-8000.jpg\" alt=\"PRIME BAR GROSSISTPRIS BLOSS 8000\" width=\"551\" height=\"551\" srcset=\"https:\/\/vapebulkp.com\/wp-content\/uploads\/2023\/12\/PRIME-BAR-WHOLESALE-PRICE-PUFF-8000.jpg 1001w, https:\/\/vapebulkp.com\/wp-content\/uploads\/2023\/12\/PRIME-BAR-WHOLESALE-PRICE-PUFF-8000-300x300.jpg 300w, https:\/\/vapebulkp.com\/wp-content\/uploads\/2023\/12\/PRIME-BAR-WHOLESALE-PRICE-PUFF-8000-150x150.jpg 150w, https:\/\/vapebulkp.com\/wp-content\/uploads\/2023\/12\/PRIME-BAR-WHOLESALE-PRICE-PUFF-8000-768x768.jpg 768w, https:\/\/vapebulkp.com\/wp-content\/uploads\/2023\/12\/PRIME-BAR-WHOLESALE-PRICE-PUFF-8000-600x600.jpg 600w, https:\/\/vapebulkp.com\/wp-content\/uploads\/2023\/12\/PRIME-BAR-WHOLESALE-PRICE-PUFF-8000-100x100.jpg 100w\" sizes=\"(max-width: 551px) 100vw, 551px\" \/><\/p>\n<p>&nbsp;<\/p>\n<h6 style=\"text-align: left\"><\/h6>\n<h6>Kontakta Mandy via WhatsApp f\u00f6r rabatterat pris<a href=\"https:\/\/wa.me\/8618077105796\">+8618077105796<\/a><\/h6>\n<p><img decoding=\"async\" class=\"alignnone wp-image-2151\" src=\"http:\/\/vapebulkp.com\/wp-content\/uploads\/2024\/04\/Mandy-WhatsApp-Randm.jpg\" alt=\"Mandy WhatsApp Randm\" width=\"305\" height=\"325\" srcset=\"https:\/\/vapebulkp.com\/wp-content\/uploads\/2024\/04\/Mandy-WhatsApp-Randm.jpg 916w, https:\/\/vapebulkp.com\/wp-content\/uploads\/2024\/04\/Mandy-WhatsApp-Randm-282x300.jpg 282w, https:\/\/vapebulkp.com\/wp-content\/uploads\/2024\/04\/Mandy-WhatsApp-Randm-768x817.jpg 768w, https:\/\/vapebulkp.com\/wp-content\/uploads\/2024\/04\/Mandy-WhatsApp-Randm-600x638.jpg 600w\" sizes=\"(max-width: 305px) 100vw, 305px\" \/><\/p>\n<h2><span style=\"vertical-align: inherit\">T\u00e4nkte att du kanske vill veta om <\/span>Prime Bar 8000 <span style=\"vertical-align: inherit\">Eng\u00e5ngs Vape:<\/span><\/h2>\n<p>&nbsp;<\/p>\n<h5>1. Kan Prime Bar 8k puffs <span style=\"vertical-align: inherit\">Eng\u00e5ngsvape <\/span>skickas till mitt land?<\/h5>\n<p>Absolut! Vi erbjuder frakttj\u00e4nster till olika europeiska l\u00e4nder, inklusive Nederl\u00e4nderna, Tyskland, Frankrike, Spanien, Italien, Belgien, Luxemburg, \u00d6sterrike, Tjeckien, Slovakien, Ungern, Slovenien, Rum\u00e4nien, Bulgarien, Grekland, Polen, Sverige, Irland, Portugal, Finland, Estland, Lettland, Litauen och fler.<\/p>\n<h5>2. Vad \u00e4r laddningsprocessen f\u00f6r Prime Bar 8k puff?<\/h5>\n<p>Att ladda Prime Bar 8k puff \u00e4r enkelt. Anv\u00e4nd bara en Android Type-C-laddare (inte en supersnabb laddare). Vid laddning lyser ett bl\u00e5tt ljus l\u00e4ngst ner p\u00e5 enheten. Ljuset sl\u00e4cks n\u00e4r enheten \u00e4r fulladdad och redo att anv\u00e4ndas.<\/p>\n<h5>3. Hur l\u00e5ng tid tar det att ladda Prime Bar 8000 puff fullst\u00e4ndigt?<\/h5>\n<p>Prime Bar 8000 puff tar vanligtvis cirka 30 minuter f\u00f6r att uppn\u00e5 en fullst\u00e4ndig laddning. H\u00e5ll utkik efter att den bl\u00e5 indikatorlampan slocknar, vilket indikerar att din vaping-enhet \u00e4r fulladdad och redo att anv\u00e4ndas!<\/p>\n<p><span style=\"color: #ff6600\">Observera: kan inte ladda om hela natten!<\/span><\/p>\n<p>&nbsp;<\/p>\n<h3>B\u00e4sta Vape Prime Bar 8000 Puff Nyckelfunktion:<\/h3>\n<p>Modell: RGB-ljus Prime Bar 8000 Puffs<\/p>\n<p>M\u00e5tt: 110 mm x 25 mm x 15 mm<\/p>\n<p>Nettovikt: 40g<\/p>\n<p>Nikotinstyrka: 20mg (2%)<\/p>\n<p>E-v\u00e4tskekapacitet: 2 ml<\/p>\n<p>Batterikapacitet: 1500mAh<\/p>\n<p>Laddningsport: Type-C<\/p>\n<p>Bloss: Upp till 8000<\/p>\n<h3>F\u00f6rdelar med Prime Bar 8000 bloss vape bar:<\/h3>\n<p>1.Citron Lime<br \/>\n2. Gummibj\u00f6rn<br \/>\n3. Isglass<br \/>\n4. Jordgubbs Hallon K\u00f6rsb\u00e4r Is<br \/>\n5. Brusk\u00f6rsb\u00e4r<br \/>\n6. Tropisk Punch<br \/>\n7. Bl\u00e5 Hallon<br \/>\n8. Mr Blue<br \/>\n9. Meta Moon<br \/>\n10. Jordgubbsvattenmelon<br \/>\n11. Persika Mango<br \/>\n12. Mango Apelsin<br \/>\n13. Druva<br \/>\n14. Bl\u00e5 Slush<br \/>\n15. Bl\u00e5b\u00e4r K\u00f6rsb\u00e4r Tranb\u00e4r<br \/>\n16. K\u00f6rsb\u00e4rs Slush<br \/>\n17. Hubba Bubba<br \/>\n18. Ananas<br \/>\n19. Hallonslush<br \/>\n20. Jordgubbsslush<br \/>\n21. Vattenmelonslush<\/p>\n<h3>Prime Bar 8000 Puffar <strong>Smaklista:<\/strong><\/h3>\n<p>1.Bl\u00e5b\u00e4r Hallon<br \/>\n2. Druvb\u00e4r<br \/>\n3.Jordgubbsvattenmelon-bubbelgum<br \/>\n4.Jordgubbs-hallongodis<br \/>\n5. Jordgubb Banan<br \/>\n6. Jordgubbsmango<br \/>\n7. Persika Mango Ananas<br \/>\n8. Vattenmelon Is<br \/>\n9. Trippel Mango<br \/>\n10. K\u00f6rsb\u00e4rsglass<br \/>\n11. Passionsfrukt Melonglass<br \/>\n12. Kiwi Passionsfrukt Guava<\/p>\n<p><a href=\"https:\/\/vapebulkp.com\/sv\/product\/popular-randm-tornado-7000puffs-disposable-vape-best-price\/\">Randm tornado 7000 bloss<\/a><\/p>\n<p><span style=\"vertical-align: inherit\">Hitta fler produkter du kanske gillar:<\/span><em><a href=\"https:\/\/wa.me\/8618077105796\"><span style=\"vertical-align: inherit\">\u00a0K\u00f6p nu<\/span><\/a><\/em><\/p>\n<p><span style=\"vertical-align: inherit\">Andra Puffs du kanske gillar:<\/span><a href=\"https:\/\/vapebulkp.com\/sv\/product\/good-sale-randm-tornado-10000-puffs-plus\/\"><span style=\"vertical-align: inherit\">RandM 10000Bloss<\/span><\/a><span style=\"vertical-align: inherit\">\u2014Med en blosskapacitet p\u00e5 10 000 bloss \u00e4r denna enhet en favorit bland vapingentusiaster.<\/span><\/p>\n<p><a href=\"https:\/\/vapebulkp.com\/sv\/product\/wholesale-randm-tornado-9000-puffs-germany\/\"><span style=\"vertical-align: inherit\">RandM Tornado 9000 bloss<\/span><\/a><span style=\"vertical-align: inherit\">\u2014Som den mest popul\u00e4ra e-cigaretten har Randm 9 000 bloss f\u00f6r dig att njuta av<\/span><\/p>\n<p><a href=\"https:\/\/vapebulkp.com\/sv\/product\/popular-bang-king-10000-puffs-vape-good-price\/\"><span style=\"vertical-align: inherit\">Bang King 10000 bloss<\/span><\/a><span style=\"vertical-align: inherit\">\u2014Bang King \u00e4r ett popul\u00e4rt m\u00e4rke med unika modeller och 10000 bloss<\/span><\/p>\n<p><a href=\"https:\/\/vapebulkp.com\/sv\/product\/bang-king-12000puffs\/\"><span style=\"vertical-align: inherit\">Bang King 12000 Puffar<\/span><\/a>\u2014-Bang King 12000 bloss \u00e4r ett popul\u00e4rt m\u00e4rke med unika modeller och 12 000 bloss, ett annat alternativ f\u00f6r att f\u00f6rb\u00e4ttra dina vapingbehov<\/p>\n<p><span style=\"vertical-align: inherit\">E-cigarettflaska med specialform:<\/span><a href=\"https:\/\/vapebulkp.com\/sv\/product\/popular-kulx-10000puffs-disposable-vape-good-price\/\"><span style=\"vertical-align: inherit\">Kulx 10000 bloss<\/span><\/a><span style=\"vertical-align: inherit\">\/ <\/span><a href=\"https:\/\/vapebulkp.com\/sv\/product\/disposable-vape-crystal-600-puffs\/\"><span style=\"vertical-align: inherit\">Crystal Legend 600 puffar<\/span><\/a><span style=\"vertical-align: inherit\">\/<\/span><a href=\"https:\/\/vapebulkp.com\/sv\/product\/bang-box-12000puffs-good-vape-sweden-wholesale-price\/\"><span style=\"vertical-align: inherit\">Bang Box vape 12000 bloss<\/span><\/a><\/p>\n<h4>Saker du kanske vill veta om elektroniska cigaretter (e-cigaretter):<\/h4>\n<p>F: Varf\u00f6r l\u00e4cker elektroniska cigaretter olja?<br \/>\nS: Oljel\u00e4ckage fr\u00e5n e-cigaretter kan orsakas av att f\u00f6r\u00e5ngark\u00e4rnan \u00e4r felaktigt installerad eller att t\u00e4tningsringen \u00e4r skadad vid p\u00e5fyllning. Se till att inte \u00f6verfylla med olja och kontrollera att t\u00e4tningsringen \u00e4r intakt, vilket effektivt kan minska oljel\u00e4ckage.<\/p>\n<p>F: Varf\u00f6r luktar e-cigaretten br\u00e4nt?<br \/>\nS: Den br\u00e4nda lukten orsakas oftast av torrf\u00f6rbr\u00e4nning av f\u00f6r\u00e5ngark\u00e4rnan eller otillr\u00e4cklig olja. Det rekommenderas att byta ut f\u00f6r\u00e5ngark\u00e4rnan regelbundet och se till att det finns tillr\u00e4ckligt med olja f\u00f6r att undvika torrf\u00f6rbr\u00e4nning.<\/p>\n<p>F: Varf\u00f6r blir sugkraften fr\u00e5n e-cigaretter svagare?<br \/>\nS: Svag sugkraft kan bero p\u00e5 otillr\u00e4cklig batterikraft, \u00e5ldrad f\u00f6r\u00e5ngark\u00e4rna eller blockering av f\u00f6r\u00e5ngark\u00e4rnan. Prova att ladda batteriet eller byt ut f\u00f6r\u00e5ngark\u00e4rnan mot en ny f\u00f6r att l\u00f6sa problemet med svag sugkraft.<\/p>\n<p>F: Hur reng\u00f6r man e-cigarettutrustning?<br \/>\nS: Att reng\u00f6ra din e-cigarettenhet regelbundet bibeh\u00e5ller dess prestanda och smak. Anv\u00e4nd en mjuk trasa f\u00f6r att f\u00f6rsiktigt torka av enhetens yta och bomullspinnar f\u00f6r att reng\u00f6ra anslutningar eller inre ytor, men var f\u00f6rsiktig s\u00e5 att du undviker skador.<\/p>\n<p>F: \u00c4r e-cigaretter skadliga f\u00f6r h\u00e4lsan?<br \/>\nS: \u00c4ven om e-cigaretter kan inneh\u00e5lla f\u00e4rre skadliga \u00e4mnen \u00e4n traditionella cigaretter, betyder det inte att de \u00e4r helt ofarliga. L\u00e5ngvarig anv\u00e4ndning av e-cigaretter kan fortfarande ha vissa effekter p\u00e5 h\u00e4lsan. Det \u00e4r b\u00e4st att begr\u00e4nsa anv\u00e4ndningen och s\u00f6ka medicinsk professionell r\u00e5dgivning.<\/p>\n<h4>Leveransdetaljer:<\/h4>\n<p><span style=\"color: #ff6600\">Produktionstid: 5-10 arbetsdagar<\/span><br \/>\n<span style=\"color: #ff6600\">Leveranstid: 8-14 arbetsdagar<\/span><\/p>\n<p>Alla produkter i v\u00e5r butik \u00e4r 100% originala och autentiska, d\u00e4rf\u00f6r \u00e4r Tiofaldig ers\u00e4ttning f\u00f6r falska varor v\u00e5r butikspolicy. Vi anv\u00e4nder logistikkanaler som UPS\/DHL\/FEDEX\/DPD f\u00f6r att leverera varor till dig.<\/p>\n<p>F\u00f6r paket som skickas inom Sverige tar det vanligtvis 10 arbetsdagar att anl\u00e4nda. Leveranser till andra europeiska l\u00e4nder tar vanligtvis 12 till 15 arbetsdagar att anl\u00e4nda. Vi uppdaterar logistikinformationen f\u00f6r dig i realtid.<\/p>\n<p>Kontakta oss s\u00e5 kan vi erbjuda dig Hazebar 12000 Puff och ta din verksamhet till nya h\u00f6jder!<\/p>","protected":false},"excerpt":{"rendered":"<p>Njut av vaping p\u00e5 spr\u00e5ng med Prime Bar 8000 Eng\u00e5ngs Vape Puff i grossistledet. Prime Bar 8000 Puffs \u00e4r den eng\u00e5ngs e-cigarett du f\u00f6rtj\u00e4nar.<\/p>\n<p><img decoding=\"async\" class=\"alignnone wp-image-2151\" src=\"http:\/\/vapebulkp.com\/wp-content\/uploads\/2024\/04\/Mandy-WhatsApp-Randm.jpg\" alt=\"Mandy WhatsApp Randm\" width=\"310\" height=\"329\" srcset=\"https:\/\/vapebulkp.com\/wp-content\/uploads\/2024\/04\/Mandy-WhatsApp-Randm.jpg 916w, https:\/\/vapebulkp.com\/wp-content\/uploads\/2024\/04\/Mandy-WhatsApp-Randm-282x300.jpg 282w, https:\/\/vapebulkp.com\/wp-content\/uploads\/2024\/04\/Mandy-WhatsApp-Randm-768x817.jpg 768w, https:\/\/vapebulkp.com\/wp-content\/uploads\/2024\/04\/Mandy-WhatsApp-Randm-600x638.jpg 600w\" sizes=\"(max-width: 310px) 100vw, 310px\" \/><\/p>\n<p>Kontakta Mandy via WhatsApp f\u00f6r rabatterat pris<a href=\"https:\/\/wa.me\/8618077105796\">+8618077105796<\/a><\/p>\n<p><span style=\"color: #ff0000\">OBS: Priserna p\u00e5 v\u00e5r webbplats inkluderar inte fraktkostnader<\/span><\/p>","protected":false},"featured_media":1958,"comment_status":"open","ping_status":"closed","template":"","meta":{"_uag_custom_page_level_css":"","_lmt_disableupdate":"no","_lmt_disable":"","site-sidebar-layout":"default","site-content-layout":"content-boxed-container","ast-site-content-layout":"normal-width-container","site-content-style":"boxed","site-sidebar-style":"unboxed","ast-global-header-display":"","ast-banner-title-visibility":"","ast-main-header-display":"","ast-hfb-above-header-display":"","ast-hfb-below-header-display":"","ast-hfb-mobile-header-display":"","site-post-title":"","ast-breadcrumbs-content":"","ast-featured-img":"","footer-sml-layout":"","theme-transparent-header-meta":"default","adv-header-id-meta":"","stick-header-meta":"","header-above-stick-meta":"","header-main-stick-meta":"","header-below-stick-meta":"","astra-migrate-meta-layouts":"set","_joinchat":[]},"product_cat":[169,153,155,33,59,100,34,158,157,154,152,58,84,156,63,32],"product_tag":[52,36,37,91,41,71,40],"class_list":["post-1957","product","type-product","status-publish","has-post-thumbnail","hentry","product_cat-8000-puffs-disposable-vape","product_cat-hot-disposable-vapes","product_cat-belgium-hot-disposable-vapes","product_cat-france-vape-hot-sale","product_cat-germany-hot-disposable-vape","product_cat-germany-wholesale-vape-shop","product_cat-netherlands-vape-good-sale","product_cat-norway-hot-disposable-vapes","product_cat-poland-hot-disposable-vapes","product_cat-portugal-hot-disposable-vapes","product_cat-spain-hot-disposable-vapes","product_cat-sweden-hot-disposable-vape","product_cat-sweden-wholesale-vape","product_cat-switzerland-hot-disposable-vapes","product_cat-top-sale-disposable-vape","product_cat-vape-hot-sale-this-week","product_tag-8000-puffs","product_tag-good-vape","product_tag-hot-sale-disposable-vape","product_tag-italy-hot-vape","product_tag-poland-hot-vape","product_tag-randm","product_tag-sweden-hot-vape","desktop-align-left","tablet-align-left","mobile-align-left"],"yoast_head":"<!-- This site is optimized with the Yoast SEO plugin v21.1 - https:\/\/yoast.com\/wordpress\/plugins\/seo\/ -->\n<title>Prime Bar 8000 Disposable Pod Device Wholesale Price - vapebulkp.com<\/title>\n<meta name=\"description\" content=\"Elevate your vaping experience withPrime Bar 8000 Disposable Pod\u2014a premium disposable vape designed for flavour and reliability. Enjoy intense tastes and extended puffs with no charging needed. Your perfect everyday vaping companion in the EU.\" \/>\n<meta name=\"robots\" content=\"index, follow, max-snippet:-1, max-image-preview:large, max-video-preview:-1\" \/>\n<link rel=\"canonical\" href=\"https:\/\/vapebulkp.com\/sv\/product\/prime-bar-8000-disposable-pod-device-wholesale-price\/\" \/>\n<meta property=\"og:locale\" content=\"sv_SE\" \/>\n<meta property=\"og:type\" content=\"article\" \/>\n<meta property=\"og:title\" content=\"Prime Bar 8000 Disposable Pod Device Wholesale Price - vapebulkp.com\" \/>\n<meta property=\"og:description\" content=\"Elevate your vaping experience withPrime Bar 8000 Disposable Pod\u2014a premium disposable vape designed for flavour and reliability. Enjoy intense tastes and extended puffs with no charging needed. Your perfect everyday vaping companion in the EU.\" \/>\n<meta property=\"og:url\" content=\"https:\/\/vapebulkp.com\/sv\/product\/prime-bar-8000-disposable-pod-device-wholesale-price\/\" \/>\n<meta property=\"og:site_name\" content=\"vapebulkp.com\" \/>\n<meta property=\"article:modified_time\" content=\"2025-09-08T03:34:08+00:00\" \/>\n<meta property=\"og:image\" content=\"http:\/\/vapebulkp.com\/wp-content\/uploads\/2023\/12\/PRIME-BAR-BULK-PRICE-PUFF-8000.jpg\" \/>\n\t<meta property=\"og:image:width\" content=\"1001\" \/>\n\t<meta property=\"og:image:height\" content=\"1001\" \/>\n\t<meta property=\"og:image:type\" content=\"image\/jpeg\" \/>\n<meta name=\"twitter:card\" content=\"summary_large_image\" \/>\n<meta name=\"twitter:label1\" content=\"Ber\u00e4knad l\u00e4stid\" \/>\n\t<meta name=\"twitter:data1\" content=\"5 minuter\" \/>\n<script type=\"application\/ld+json\" class=\"yoast-schema-graph\">{\"@context\":\"https:\/\/schema.org\",\"@graph\":[{\"@type\":\"WebPage\",\"@id\":\"https:\/\/vapebulkp.com\/product\/prime-bar-8000-disposable-pod-device-wholesale-price\/\",\"url\":\"https:\/\/vapebulkp.com\/product\/prime-bar-8000-disposable-pod-device-wholesale-price\/\",\"name\":\"Prime Bar 8000 Disposable Pod Device Wholesale Price - vapebulkp.com\",\"isPartOf\":{\"@id\":\"https:\/\/vapebulkp.com\/#website\"},\"datePublished\":\"2023-12-14T08:21:57+00:00\",\"dateModified\":\"2025-09-08T03:34:08+00:00\",\"description\":\"Elevate your vaping experience withPrime Bar 8000 Disposable Pod\u2014a premium disposable vape designed for flavour and reliability. Enjoy intense tastes and extended puffs with no charging needed. Your perfect everyday vaping companion in the EU.\",\"breadcrumb\":{\"@id\":\"https:\/\/vapebulkp.com\/product\/prime-bar-8000-disposable-pod-device-wholesale-price\/#breadcrumb\"},\"inLanguage\":\"sv-SE\",\"potentialAction\":[{\"@type\":\"ReadAction\",\"target\":[\"https:\/\/vapebulkp.com\/product\/prime-bar-8000-disposable-pod-device-wholesale-price\/\"]}]},{\"@type\":\"BreadcrumbList\",\"@id\":\"https:\/\/vapebulkp.com\/product\/prime-bar-8000-disposable-pod-device-wholesale-price\/#breadcrumb\",\"itemListElement\":[{\"@type\":\"ListItem\",\"position\":1,\"name\":\"Home\",\"item\":\"https:\/\/vapebulkp.com\/\"},{\"@type\":\"ListItem\",\"position\":2,\"name\":\"Hot Trend Vapes\",\"item\":\"https:\/\/vapebulkp.com\/vape-shop\/\"},{\"@type\":\"ListItem\",\"position\":3,\"name\":\"Prime Bar 8000 Disposable Pod Device Wholesale Price\"}]},{\"@type\":\"WebSite\",\"@id\":\"https:\/\/vapebulkp.com\/#website\",\"url\":\"https:\/\/vapebulkp.com\/\",\"name\":\"vapebulkp.com\",\"description\":\"Buy Vape In Cheap Bulk Price Near you\",\"publisher\":{\"@id\":\"https:\/\/vapebulkp.com\/#organization\"},\"potentialAction\":[{\"@type\":\"SearchAction\",\"target\":{\"@type\":\"EntryPoint\",\"urlTemplate\":\"https:\/\/vapebulkp.com\/?s={search_term_string}\"},\"query-input\":\"required name=search_term_string\"}],\"inLanguage\":\"sv-SE\"},{\"@type\":\"Organization\",\"@id\":\"https:\/\/vapebulkp.com\/#organization\",\"name\":\"vapebulkp.com\",\"url\":\"https:\/\/vapebulkp.com\/\",\"logo\":{\"@type\":\"ImageObject\",\"inLanguage\":\"sv-SE\",\"@id\":\"https:\/\/vapebulkp.com\/#\/schema\/logo\/image\/\",\"url\":\"https:\/\/vapebulkp.com\/wp-content\/uploads\/2023\/09\/cropped-vapebulkp.png\",\"contentUrl\":\"https:\/\/vapebulkp.com\/wp-content\/uploads\/2023\/09\/cropped-vapebulkp.png\",\"width\":516,\"height\":163,\"caption\":\"vapebulkp.com\"},\"image\":{\"@id\":\"https:\/\/vapebulkp.com\/#\/schema\/logo\/image\/\"}}]}<\/script>\n<!-- \/ Yoast SEO plugin. -->","yoast_head_json":{"title":"Prime Bar 8000 Disposable Pod Device Wholesale Price - vapebulkp.com","description":"Elevate your vaping experience withPrime Bar 8000 Disposable Pod\u2014a premium disposable vape designed for flavour and reliability. Enjoy intense tastes and extended puffs with no charging needed. Your perfect everyday vaping companion in the EU.","robots":{"index":"index","follow":"follow","max-snippet":"max-snippet:-1","max-image-preview":"max-image-preview:large","max-video-preview":"max-video-preview:-1"},"canonical":"https:\/\/vapebulkp.com\/sv\/product\/prime-bar-8000-disposable-pod-device-wholesale-price\/","og_locale":"sv_SE","og_type":"article","og_title":"Prime Bar 8000 Disposable Pod Device Wholesale Price - vapebulkp.com","og_description":"Elevate your vaping experience withPrime Bar 8000 Disposable Pod\u2014a premium disposable vape designed for flavour and reliability. Enjoy intense tastes and extended puffs with no charging needed. Your perfect everyday vaping companion in the EU.","og_url":"https:\/\/vapebulkp.com\/sv\/product\/prime-bar-8000-disposable-pod-device-wholesale-price\/","og_site_name":"vapebulkp.com","article_modified_time":"2025-09-08T03:34:08+00:00","og_image":[{"width":1001,"height":1001,"url":"http:\/\/vapebulkp.com\/wp-content\/uploads\/2023\/12\/PRIME-BAR-BULK-PRICE-PUFF-8000.jpg","type":"image\/jpeg"}],"twitter_card":"summary_large_image","twitter_misc":{"Ber\u00e4knad l\u00e4stid":"5 minuter"},"schema":{"@context":"https:\/\/schema.org","@graph":[{"@type":"WebPage","@id":"https:\/\/vapebulkp.com\/product\/prime-bar-8000-disposable-pod-device-wholesale-price\/","url":"https:\/\/vapebulkp.com\/product\/prime-bar-8000-disposable-pod-device-wholesale-price\/","name":"Prime Bar 8000 Disposable Pod Device Wholesale Price - vapebulkp.com","isPartOf":{"@id":"https:\/\/vapebulkp.com\/#website"},"datePublished":"2023-12-14T08:21:57+00:00","dateModified":"2025-09-08T03:34:08+00:00","description":"Elevate your vaping experience withPrime Bar 8000 Disposable Pod\u2014a premium disposable vape designed for flavour and reliability. Enjoy intense tastes and extended puffs with no charging needed. Your perfect everyday vaping companion in the EU.","breadcrumb":{"@id":"https:\/\/vapebulkp.com\/product\/prime-bar-8000-disposable-pod-device-wholesale-price\/#breadcrumb"},"inLanguage":"sv-SE","potentialAction":[{"@type":"ReadAction","target":["https:\/\/vapebulkp.com\/product\/prime-bar-8000-disposable-pod-device-wholesale-price\/"]}]},{"@type":"BreadcrumbList","@id":"https:\/\/vapebulkp.com\/product\/prime-bar-8000-disposable-pod-device-wholesale-price\/#breadcrumb","itemListElement":[{"@type":"ListItem","position":1,"name":"Home","item":"https:\/\/vapebulkp.com\/"},{"@type":"ListItem","position":2,"name":"Hot Trend Vapes","item":"https:\/\/vapebulkp.com\/vape-shop\/"},{"@type":"ListItem","position":3,"name":"Prime Bar 8000 Disposable Pod Device Wholesale Price"}]},{"@type":"WebSite","@id":"https:\/\/vapebulkp.com\/#website","url":"https:\/\/vapebulkp.com\/","name":"vapebulkp.com","description":"Buy Vape In Cheap Bulk Price Near you","publisher":{"@id":"https:\/\/vapebulkp.com\/#organization"},"potentialAction":[{"@type":"SearchAction","target":{"@type":"EntryPoint","urlTemplate":"https:\/\/vapebulkp.com\/?s={search_term_string}"},"query-input":"required name=search_term_string"}],"inLanguage":"sv-SE"},{"@type":"Organization","@id":"https:\/\/vapebulkp.com\/#organization","name":"vapebulkp.com","url":"https:\/\/vapebulkp.com\/","logo":{"@type":"ImageObject","inLanguage":"sv-SE","@id":"https:\/\/vapebulkp.com\/#\/schema\/logo\/image\/","url":"https:\/\/vapebulkp.com\/wp-content\/uploads\/2023\/09\/cropped-vapebulkp.png","contentUrl":"https:\/\/vapebulkp.com\/wp-content\/uploads\/2023\/09\/cropped-vapebulkp.png","width":516,"height":163,"caption":"vapebulkp.com"},"image":{"@id":"https:\/\/vapebulkp.com\/#\/schema\/logo\/image\/"}}]}},"uagb_featured_image_src":{"full":["https:\/\/vapebulkp.com\/wp-content\/uploads\/2023\/12\/PRIME-BAR-BULK-PRICE-PUFF-8000.jpg",1001,1001,false],"thumbnail":["https:\/\/vapebulkp.com\/wp-content\/uploads\/2023\/12\/PRIME-BAR-BULK-PRICE-PUFF-8000-150x150.jpg",150,150,true],"medium":["https:\/\/vapebulkp.com\/wp-content\/uploads\/2023\/12\/PRIME-BAR-BULK-PRICE-PUFF-8000-300x300.jpg",300,300,true],"medium_large":["https:\/\/vapebulkp.com\/wp-content\/uploads\/2023\/12\/PRIME-BAR-BULK-PRICE-PUFF-8000-768x768.jpg",768,768,true],"large":["https:\/\/vapebulkp.com\/wp-content\/uploads\/2023\/12\/PRIME-BAR-BULK-PRICE-PUFF-8000.jpg",1001,1001,false],"1536x1536":["https:\/\/vapebulkp.com\/wp-content\/uploads\/2023\/12\/PRIME-BAR-BULK-PRICE-PUFF-8000.jpg",1001,1001,false],"2048x2048":["https:\/\/vapebulkp.com\/wp-content\/uploads\/2023\/12\/PRIME-BAR-BULK-PRICE-PUFF-8000.jpg",1001,1001,false],"trp-custom-language-flag":["https:\/\/vapebulkp.com\/wp-content\/uploads\/2023\/12\/PRIME-BAR-BULK-PRICE-PUFF-8000.jpg",12,12,false],"woocommerce_thumbnail":["https:\/\/vapebulkp.com\/wp-content\/uploads\/2023\/12\/PRIME-BAR-BULK-PRICE-PUFF-8000-300x300.jpg",300,300,true],"woocommerce_single":["https:\/\/vapebulkp.com\/wp-content\/uploads\/2023\/12\/PRIME-BAR-BULK-PRICE-PUFF-8000-600x600.jpg",600,600,true],"woocommerce_gallery_thumbnail":["https:\/\/vapebulkp.com\/wp-content\/uploads\/2023\/12\/PRIME-BAR-BULK-PRICE-PUFF-8000-100x100.jpg",100,100,true],"wcpr-photo-reviews":["https:\/\/vapebulkp.com\/wp-content\/uploads\/2023\/12\/PRIME-BAR-BULK-PRICE-PUFF-8000.jpg",500,500,false]},"uagb_author_info":{"display_name":"Mandy vape bulk price","author_link":"https:\/\/vapebulkp.com\/sv\/author\/"},"uagb_comment_info":0,"uagb_excerpt":"Enjoy vaping on the go with the Prime Bar 8000 Disposable Vape Puff\u00a0 Wholesale. Prime Bar 8000 Puffs is the disposable e-cigarette you deserve. Pls Contact Mandy's WhatsApp For Discount Price+8618077105796 NOTE: Prices on our website does not include shipping costs","_links":{"self":[{"href":"https:\/\/vapebulkp.com\/sv\/wp-json\/wp\/v2\/product\/1957","targetHints":{"allow":["GET"]}}],"collection":[{"href":"https:\/\/vapebulkp.com\/sv\/wp-json\/wp\/v2\/product"}],"about":[{"href":"https:\/\/vapebulkp.com\/sv\/wp-json\/wp\/v2\/types\/product"}],"replies":[{"embeddable":true,"href":"https:\/\/vapebulkp.com\/sv\/wp-json\/wp\/v2\/comments?post=1957"}],"wp:featuredmedia":[{"embeddable":true,"href":"https:\/\/vapebulkp.com\/sv\/wp-json\/wp\/v2\/media\/1958"}],"wp:attachment":[{"href":"https:\/\/vapebulkp.com\/sv\/wp-json\/wp\/v2\/media?parent=1957"}],"wp:term":[{"taxonomy":"product_cat","embeddable":true,"href":"https:\/\/vapebulkp.com\/sv\/wp-json\/wp\/v2\/product_cat?post=1957"},{"taxonomy":"product_tag","embeddable":true,"href":"https:\/\/vapebulkp.com\/sv\/wp-json\/wp\/v2\/product_tag?post=1957"}],"curies":[{"name":"wp","href":"https:\/\/api.w.org\/{rel}","templated":true}]}}