{"id":2106,"date":"2024-03-21T09:56:58","date_gmt":"2024-03-21T08:56:58","guid":{"rendered":"https:\/\/vapebulkp.com\/?post_type=product&#038;p=2106"},"modified":"2025-09-24T05:42:13","modified_gmt":"2025-09-24T03:42:13","slug":"bang-with-a-vape-18000-puffs-crown-bar-hot-vape","status":"publish","type":"product","link":"https:\/\/vapebulkp.com\/sv\/product\/bang-with-a-vape-18000-puffs-crown-bar-hot-vape\/","title":{"rendered":"Bang With A Vape 18000 bloss CROWN BAR Hot Vape"},"content":{"rendered":"<h2 style=\"text-align: left\">Bang With A Vape 18000 bloss CROWN BAR Hot Vape<\/h2>\n<p data-start=\"280\" data-end=\"543\">Den <strong data-start=\"284\" data-end=\"330\">Bang CROWN BAR 18000 bloss eng\u00e5ngsvape<\/strong> kombinerar h\u00f6g kapacitet, mjuk smak och modern design skr\u00e4ddarsydd f\u00f6r europeiska vapers. Med upp till <strong data-start=\"436\" data-end=\"452\">18 000 bloss<\/strong>sticker den ut som ett p\u00e5litligt val f\u00f6r anv\u00e4ndare som vill ha b\u00e5de uth\u00e5llighet och premium smak.<\/p>\n<p data-start=\"545\" data-end=\"918\">Denna <strong data-start=\"550\" data-end=\"582\">uppladdningsbar eng\u00e5ngsvape<\/strong> drivs av ett 650mAh-batteri med Type-C snabbladdning, vilket garanterar konsekvent prestanda med minimal nedtid. Ett <strong data-start=\"698\" data-end=\"716\">mesh coil vape<\/strong> system f\u00f6rb\u00e4ttrar smakupplevelsen och \u00e5ngdensiteten, medan den <strong data-start=\"778\" data-end=\"816\">justerbara luftfl\u00f6desfunktionen p\u00e5 eng\u00e5ngsvapen<\/strong> l\u00e5ter anv\u00e4ndarna finjustera sitt drag \u2014 fr\u00e5n en stram, stark tr\u00e4ff till en l\u00e4ttare, mer \u00f6ppen inandning.<\/p>\n<p data-start=\"920\" data-end=\"1289\">F\u00f6rfylld med 20 ml h\u00f6gkvalitativ <strong data-start=\"957\" data-end=\"982\">kategorin nikotinsalt vape Sverige<\/strong> formula, den erbjuder en mjuk k\u00e4nsla i halsen och finns i 2% och 5% nikotinstyrkor. Den intelligenta batteri- och e-v\u00e4tskeindikatorn g\u00f6r varje session f\u00f6ruts\u00e4gbar och stressfri. Med 16 raffinerade smaker, fr\u00e5n fruktiga blandningar till kylande mentol, tillgodoser denna vape olika preferenser i hela Europa.<\/p>\n<p data-start=\"1291\" data-end=\"1564\">Designad f\u00f6r b\u00e4rbarhet och bekv\u00e4mlighet, \u00e4r <strong data-start=\"1337\" data-end=\"1383\">Bang CROWN BAR <a href=\"https:\/\/vapebulkp.com\/sv\/product-category\/18000-puffs-disposable-vape\/\">18000 Puffs Eng\u00e5ngs Vape<\/a><\/strong> inte bara en favorit bland konsumenter utan ocks\u00e5 ett starkt alternativ f\u00f6r <strong data-start=\"1445\" data-end=\"1470\">partihandel vape Sverige<\/strong>, vilket ger \u00e5terf\u00f6rs\u00e4ljare en l\u00f6nsam produkt som levererar p\u00e5 b\u00e5de prestanda och stil.<\/p>\n<p><img decoding=\"async\" class=\"alignnone wp-image-2102\" src=\"http:\/\/vapebulkp.com\/wp-content\/uploads\/2024\/03\/Good-sale-vape-Bang-18000-puffs-top-sale-3.jpg\" alt=\"Bra f\u00f6rs\u00e4ljning vape Bang 18000 puffs topps\u00e4ljare\" width=\"421\" height=\"561\" srcset=\"https:\/\/vapebulkp.com\/wp-content\/uploads\/2024\/03\/Good-sale-vape-Bang-18000-puffs-top-sale-3.jpg 1080w, https:\/\/vapebulkp.com\/wp-content\/uploads\/2024\/03\/Good-sale-vape-Bang-18000-puffs-top-sale-3-225x300.jpg 225w, https:\/\/vapebulkp.com\/wp-content\/uploads\/2024\/03\/Good-sale-vape-Bang-18000-puffs-top-sale-3-769x1024.jpg 769w, https:\/\/vapebulkp.com\/wp-content\/uploads\/2024\/03\/Good-sale-vape-Bang-18000-puffs-top-sale-3-768x1023.jpg 768w, https:\/\/vapebulkp.com\/wp-content\/uploads\/2024\/03\/Good-sale-vape-Bang-18000-puffs-top-sale-3-600x799.jpg 600w\" sizes=\"(max-width: 421px) 100vw, 421px\" \/><\/p>\n<h6>Kontakta Mandy via WhatsApp f\u00f6r rabatterat pris<a href=\"https:\/\/wa.me\/8618077105796\">+8618077105796<\/a><\/h6>\n<p><img decoding=\"async\" class=\"alignnone wp-image-2151\" src=\"http:\/\/vapebulkp.com\/wp-content\/uploads\/2024\/04\/Mandy-WhatsApp-Randm.jpg\" alt=\"Mandy WhatsApp Randm\" width=\"324\" height=\"330\" \/><\/p>\n<h2>T\u00e4nkte att du kanske vill veta om Bang 18000 Puffs eng\u00e5ngs VAPE:<\/h2>\n<h5>1.Hur man anv\u00e4nder Bang 18k Puffs Vape Pen?<\/h5>\n<p>Steg 1. Innan du anv\u00e4nder 18k bloss, dra ut plastr\u00f6ret.<\/p>\n<p>Steg 2. V\u00e4nta cirka 3 minuter tills juicen kommer in i spolen inuti.<\/p>\n<p>Steg 3. Njut av det<\/p>\n<h5>2.HUR MAN LADDAR ENG\u00c5NGSVAPEN Bang 18k PUFFS ENHET?<\/h5>\n<p>Snabbladdare kan inte anv\u00e4ndas, och den s\u00e4kra standardeffekten f\u00f6r eng\u00e5ngs-e-cigaretter \u00e4r 5V 1A.<\/p>\n<p>Varje laddningstid f\u00e5r inte \u00f6verstiga 1 timme, och den s\u00e4kra laddningstiden \u00e4r en halvtimme.<\/p>\n<p><span style=\"color: #ff6600\">Observera: kan inte ladda om hela natten!<\/span><\/p>\n<h5>3.Vad \u00e4r e-v\u00e4tskekapaciteten f\u00f6r Bang 18000 Puffs WAPE?<\/h5>\n<p>\u2014\u201420 ml<\/p>\n<h5>4.Hur m\u00e5nga puffar kan jag ta av denna Bang 18000 Puffs?<\/h5>\n<p>\u2014\u201318k Puffar<\/p>\n<h3>Bang 18000 Puffs Eng\u00e5ngs Vape Pod Funktioner:<\/h3>\n<ul>\n<li>Puffar: UPP till 18000 puffar<\/li>\n<li>\u00a0V\u00e4tska: 20 ml f\u00f6rfylld e-v\u00e4tskekassett<\/li>\n<li>Nikotin: 2\/5% Nikotinsalt<\/li>\n<li>\u00a0Typer: Eng\u00e5ngs<\/li>\n<li>\u00a0650mAh batteri<\/li>\n<li>\u00a00.6 Mesh Coil, JUSTERBART LUFTFL\u00d6DE<\/li>\n<li>\u00a0Type-c laddningskabel<\/li>\n<li>\u00a016 Smaker Tillg\u00e4ngliga<\/li>\n<\/ul>\n<p>&nbsp;<\/p>\n<h3><strong>Vilken \u00e4r den b\u00e4sta Vape Bang med en vape 18000 Puffs Smaker?<\/strong><\/h3>\n<p>1.PERSIKA MANGO<br \/>\n2.SURA \u00c4PPEL<br \/>\n3.DRUVA<br \/>\n4.TIGER BLOD<br \/>\n5.BL\u00c5B\u00c4R HALLON<br \/>\n6.BL\u00c5B\u00c4R DRUVOR<br \/>\n7.BLANDADE FRUKTER<br \/>\n8.JORDGUBB VATTENMELON<br \/>\n9.JORDGUBB KIWI<br \/>\n10.JORDGUBB MANGO<br \/>\n11.ANANAS KOKOSN\u00d6T<br \/>\n12.MINT IS<br \/>\n13.VATTENMELON<br \/>\n14.BL\u00c5B\u00c4R IS<br \/>\n15.PERSIKA IS<br \/>\n16.VATTENMELON TUGGUMMI<\/p>\n<p><a href=\"https:\/\/vapebulkp.com\/sv\/product\/popular-randm-tornado-7000puffs-disposable-vape-best-price\/\"><span style=\"vertical-align: inherit\">RandM Tornado 7000 Bloss <\/span><\/a><\/p>\n<p><span style=\"vertical-align: inherit\">Hitta fler produkter du kanske gillar:<\/span><em><a href=\"https:\/\/wa.me\/8618077105796\"><span style=\"vertical-align: inherit\">\u00a0K\u00f6p nu<\/span><\/a><\/em><\/p>\n<p><span style=\"vertical-align: inherit\">Andra Puffs du kanske gillar:<\/span><a href=\"https:\/\/vapebulkp.com\/sv\/product\/joymy-ultra15000puffs-best-disposable-vape-2023\/\"><span style=\"vertical-align: inherit\">JOYMY 15000 Puffs<\/span><\/a><span style=\"vertical-align: inherit\">\u3001<\/span><a href=\"https:\/\/vapebulkp.com\/sv\/product\/wholesale-randm-tornado-9000-puffs-germany\/\"><span style=\"vertical-align: inherit\">RandM 9000 Puffar<\/span><\/a><span style=\"vertical-align: inherit\">\/ <\/span><a href=\"https:\/\/vapebulkp.com\/sv\/product\/bang-king-12000puffs\/\"><span style=\"vertical-align: inherit\">Bang King 12000 Puffar<\/span><\/a><span style=\"vertical-align: inherit\">\/ <\/span><a href=\"https:\/\/vapebulkp.com\/sv\/product\/wholesale-tornado-rum-bar-9000-puffs-sweden\/\"><span style=\"vertical-align: inherit\">Rumbar 9000 bloss<\/span><\/a><\/p>\n<p><span style=\"vertical-align: inherit\">E-cigarettflaska med specialform:<\/span><a href=\"https:\/\/vapebulkp.com\/sv\/product\/original-vape-bang-tn-12000-puffs-bang-vape\/\"><span style=\"vertical-align: inherit\"> Bang TN 12000 Bloss<\/span><\/a><span style=\"vertical-align: inherit\">\/ <\/span><a href=\"https:\/\/vapebulkp.com\/sv\/product\/popular-bang-king-10000-puffs-vape-good-price\/\"><span style=\"vertical-align: inherit\">\u00a0Bang King 10000 Puffar <\/span><\/a><span style=\"vertical-align: inherit\">\/<\/span><a href=\"https:\/\/vapebulkp.com\/sv\/product\/bang-tornado-12000-puffs-rechargeable-disposable-pod\/\"><span style=\"vertical-align: inherit\"> Bang Tornado 12000 Bloss<\/span><\/a><\/p>\n<h5>Produktionskvalifikation:<\/h5>\n<p><img decoding=\"async\" class=\"alignnone size-full wp-image-1841\" src=\"http:\/\/vapebulkp.com\/wp-content\/uploads\/2023\/11\/Vape-production-process-2.jpeg\" alt=\"Vape produktionsprocess\" width=\"650\" height=\"434\" srcset=\"https:\/\/vapebulkp.com\/wp-content\/uploads\/2023\/11\/Vape-production-process-2.jpeg 650w, https:\/\/vapebulkp.com\/wp-content\/uploads\/2023\/11\/Vape-production-process-2-300x200.jpeg 300w, https:\/\/vapebulkp.com\/wp-content\/uploads\/2023\/11\/Vape-production-process-2-600x401.jpeg 600w\" sizes=\"(max-width: 650px) 100vw, 650px\" \/><\/p>\n<p><img decoding=\"async\" class=\"alignnone size-full wp-image-1843\" src=\"http:\/\/vapebulkp.com\/wp-content\/uploads\/2023\/11\/Vape-production-process.jpeg\" alt=\"Vape produktionsprocess\" width=\"641\" height=\"1026\" srcset=\"https:\/\/vapebulkp.com\/wp-content\/uploads\/2023\/11\/Vape-production-process.jpeg 641w, https:\/\/vapebulkp.com\/wp-content\/uploads\/2023\/11\/Vape-production-process-187x300.jpeg 187w, https:\/\/vapebulkp.com\/wp-content\/uploads\/2023\/11\/Vape-production-process-640x1024.jpeg 640w, https:\/\/vapebulkp.com\/wp-content\/uploads\/2023\/11\/Vape-production-process-600x960.jpeg 600w\" sizes=\"(max-width: 641px) 100vw, 641px\" \/><\/p>\n<h5>Vanliga fr\u00e5gor och svar:<\/h5>\n<p>F: Vad \u00e4r MOQ f\u00f6r Bang 18000 Puffs?<br \/>\nS: Minsta best\u00e4llning \u00e4r 100st.<br \/>\nF: Vad \u00e4r leveranstiden f\u00f6r den best\u00e4llda vapen?<br \/>\nS: Vanligtvis \u00e4r det 10-15 dagar efter leverans<br \/>\nF: Hur mycket kostar frakten? S: Fraktkostnaden beror p\u00e5 vikten. Olika kvantiteter har olika fraktkostnader, v\u00e4nligen kontakta oss f\u00f6r att bekr\u00e4fta fraktkostnaden.<\/p>\n<h4>Leveransdetaljer:<\/h4>\n<p><span style=\"color: #ff6600\">Produktionstid: 5-10 arbetsdagar<\/span><br \/>\n<span style=\"color: #ff6600\">Leveranstid: 8-14 arbetsdagar<\/span><\/p>\n<p>Alla produkter i v\u00e5r butik \u00e4r 100% originala och autentiska, d\u00e4rf\u00f6r \u00e4r Tiofaldig ers\u00e4ttning f\u00f6r falska varor v\u00e5r butikspolicy. Vi anv\u00e4nder logistikkanaler som UPS\/DHL\/FEDEX\/DPD f\u00f6r att leverera varor till dig.<\/p>\n<p>F\u00f6r paket som skickas inom Sverige tar det vanligtvis 10 arbetsdagar att anl\u00e4nda. Leveranser till andra europeiska l\u00e4nder tar vanligtvis 12 till 15 arbetsdagar att anl\u00e4nda. Vi uppdaterar logistikinformationen f\u00f6r dig i realtid.<\/p>","protected":false},"excerpt":{"rendered":"<p>Den nyligen lanserade Bang with a vape 18000 bloss \u00e4r v\u00e4rd att \u00e4ga!<\/p>\n<p>Kontakta Mandy via WhatsApp f\u00f6r rabatterat pris<a href=\"https:\/\/wa.me\/8618077105796\">+8618077105796<\/a><\/p>\n<p><img decoding=\"async\" class=\"alignnone wp-image-2151\" src=\"http:\/\/vapebulkp.com\/wp-content\/uploads\/2024\/04\/Mandy-WhatsApp-Randm.jpg\" alt=\"Mandy WhatsApp Randm\" width=\"297\" height=\"316\" srcset=\"https:\/\/vapebulkp.com\/wp-content\/uploads\/2024\/04\/Mandy-WhatsApp-Randm.jpg 916w, https:\/\/vapebulkp.com\/wp-content\/uploads\/2024\/04\/Mandy-WhatsApp-Randm-282x300.jpg 282w, https:\/\/vapebulkp.com\/wp-content\/uploads\/2024\/04\/Mandy-WhatsApp-Randm-768x817.jpg 768w, https:\/\/vapebulkp.com\/wp-content\/uploads\/2024\/04\/Mandy-WhatsApp-Randm-600x638.jpg 600w\" sizes=\"(max-width: 297px) 100vw, 297px\" \/><\/p>\n<p><span style=\"color: #ff0000\">OBS: Priserna p\u00e5 v\u00e5r webbplats inkluderar inte fraktkostnader<\/span><\/p>\n<p>&nbsp;<\/p>","protected":false},"featured_media":2104,"comment_status":"open","ping_status":"closed","template":"","meta":{"_uag_custom_page_level_css":"","_lmt_disableupdate":"no","_lmt_disable":"","site-sidebar-layout":"default","site-content-layout":"content-boxed-container","ast-site-content-layout":"normal-width-container","site-content-style":"boxed","site-sidebar-style":"unboxed","ast-global-header-display":"","ast-banner-title-visibility":"","ast-main-header-display":"","ast-hfb-above-header-display":"","ast-hfb-below-header-display":"","ast-hfb-mobile-header-display":"","site-post-title":"","ast-breadcrumbs-content":"","ast-featured-img":"","footer-sml-layout":"","theme-transparent-header-meta":"default","adv-header-id-meta":"","stick-header-meta":"","header-above-stick-meta":"","header-main-stick-meta":"","header-below-stick-meta":"","astra-migrate-meta-layouts":"set","_joinchat":[]},"product_cat":[163,153,345,155,33,59,100,87,34,158,157,154,152,58,84,156,63,32],"product_tag":[111,36,37,41,40],"class_list":["post-2106","product","type-product","status-publish","has-post-thumbnail","hentry","product_cat-18000-puffs-disposable-vape","product_cat-hot-disposable-vapes","product_cat-bang-vapes","product_cat-belgium-hot-disposable-vapes","product_cat-france-vape-hot-sale","product_cat-germany-hot-disposable-vape","product_cat-germany-wholesale-vape-shop","product_cat-minimum-order-quantity-50pcs","product_cat-netherlands-vape-good-sale","product_cat-norway-hot-disposable-vapes","product_cat-poland-hot-disposable-vapes","product_cat-portugal-hot-disposable-vapes","product_cat-spain-hot-disposable-vapes","product_cat-sweden-hot-disposable-vape","product_cat-sweden-wholesale-vape","product_cat-switzerland-hot-disposable-vapes","product_cat-top-sale-disposable-vape","product_cat-vape-hot-sale-this-week","product_tag-18000puffs","product_tag-good-vape","product_tag-hot-sale-disposable-vape","product_tag-poland-hot-vape","product_tag-sweden-hot-vape","pa_brand-bang-king-vape","desktop-align-left","tablet-align-left","mobile-align-left"],"yoast_head":"<!-- This site is optimized with the Yoast SEO plugin v21.1 - https:\/\/yoast.com\/wordpress\/plugins\/seo\/ -->\n<title>Bang With A Vape 18000 puffs CROWN BAR Hot Vape - vapebulkp.com<\/title>\n<meta name=\"description\" content=\"Bang With A Vape 18000 puffs CROWN BAR Hot Vape, this disposable e-cigarette allows you to experience the unique e-cigarette flavor, and the new design will make you fall in love with it\" \/>\n<meta name=\"robots\" content=\"index, follow, max-snippet:-1, max-image-preview:large, max-video-preview:-1\" \/>\n<link rel=\"canonical\" href=\"https:\/\/vapebulkp.com\/sv\/product\/bang-with-a-vape-18000-puffs-crown-bar-hot-vape\/\" \/>\n<meta property=\"og:locale\" content=\"sv_SE\" \/>\n<meta property=\"og:type\" content=\"article\" \/>\n<meta property=\"og:title\" content=\"Bang With A Vape 18000 puffs CROWN BAR Hot Vape - vapebulkp.com\" \/>\n<meta property=\"og:description\" content=\"Bang With A Vape 18000 puffs CROWN BAR Hot Vape, this disposable e-cigarette allows you to experience the unique e-cigarette flavor, and the new design will make you fall in love with it\" \/>\n<meta property=\"og:url\" content=\"https:\/\/vapebulkp.com\/sv\/product\/bang-with-a-vape-18000-puffs-crown-bar-hot-vape\/\" \/>\n<meta property=\"og:site_name\" content=\"vapebulkp.com\" \/>\n<meta property=\"article:modified_time\" content=\"2025-09-24T03:42:13+00:00\" \/>\n<meta property=\"og:image\" content=\"http:\/\/vapebulkp.com\/wp-content\/uploads\/2024\/03\/Good-sale-vape-Bang-18000-puffs-top-sale-5.jpg\" \/>\n\t<meta property=\"og:image:width\" content=\"1080\" \/>\n\t<meta property=\"og:image:height\" content=\"1555\" \/>\n\t<meta property=\"og:image:type\" content=\"image\/jpeg\" \/>\n<meta name=\"twitter:card\" content=\"summary_large_image\" \/>\n<meta name=\"twitter:label1\" content=\"Ber\u00e4knad l\u00e4stid\" \/>\n\t<meta name=\"twitter:data1\" content=\"4 minuter\" \/>\n<script type=\"application\/ld+json\" class=\"yoast-schema-graph\">{\"@context\":\"https:\/\/schema.org\",\"@graph\":[{\"@type\":\"WebPage\",\"@id\":\"https:\/\/vapebulkp.com\/product\/bang-with-a-vape-18000-puffs-crown-bar-hot-vape\/\",\"url\":\"https:\/\/vapebulkp.com\/product\/bang-with-a-vape-18000-puffs-crown-bar-hot-vape\/\",\"name\":\"Bang With A Vape 18000 puffs CROWN BAR Hot Vape - vapebulkp.com\",\"isPartOf\":{\"@id\":\"https:\/\/vapebulkp.com\/#website\"},\"datePublished\":\"2024-03-21T08:56:58+00:00\",\"dateModified\":\"2025-09-24T03:42:13+00:00\",\"description\":\"Bang With A Vape 18000 puffs CROWN BAR Hot Vape, this disposable e-cigarette allows you to experience the unique e-cigarette flavor, and the new design will make you fall in love with it\",\"breadcrumb\":{\"@id\":\"https:\/\/vapebulkp.com\/product\/bang-with-a-vape-18000-puffs-crown-bar-hot-vape\/#breadcrumb\"},\"inLanguage\":\"sv-SE\",\"potentialAction\":[{\"@type\":\"ReadAction\",\"target\":[\"https:\/\/vapebulkp.com\/product\/bang-with-a-vape-18000-puffs-crown-bar-hot-vape\/\"]}]},{\"@type\":\"BreadcrumbList\",\"@id\":\"https:\/\/vapebulkp.com\/product\/bang-with-a-vape-18000-puffs-crown-bar-hot-vape\/#breadcrumb\",\"itemListElement\":[{\"@type\":\"ListItem\",\"position\":1,\"name\":\"Home\",\"item\":\"https:\/\/vapebulkp.com\/\"},{\"@type\":\"ListItem\",\"position\":2,\"name\":\"Hot Trend Vapes\",\"item\":\"https:\/\/vapebulkp.com\/vape-shop\/\"},{\"@type\":\"ListItem\",\"position\":3,\"name\":\"Bang With A Vape 18000 puffs CROWN BAR Hot Vape\"}]},{\"@type\":\"WebSite\",\"@id\":\"https:\/\/vapebulkp.com\/#website\",\"url\":\"https:\/\/vapebulkp.com\/\",\"name\":\"vapebulkp.com\",\"description\":\"Buy Vape In Cheap Bulk Price Near you\",\"publisher\":{\"@id\":\"https:\/\/vapebulkp.com\/#organization\"},\"potentialAction\":[{\"@type\":\"SearchAction\",\"target\":{\"@type\":\"EntryPoint\",\"urlTemplate\":\"https:\/\/vapebulkp.com\/?s={search_term_string}\"},\"query-input\":\"required name=search_term_string\"}],\"inLanguage\":\"sv-SE\"},{\"@type\":\"Organization\",\"@id\":\"https:\/\/vapebulkp.com\/#organization\",\"name\":\"vapebulkp.com\",\"url\":\"https:\/\/vapebulkp.com\/\",\"logo\":{\"@type\":\"ImageObject\",\"inLanguage\":\"sv-SE\",\"@id\":\"https:\/\/vapebulkp.com\/#\/schema\/logo\/image\/\",\"url\":\"https:\/\/vapebulkp.com\/wp-content\/uploads\/2023\/09\/cropped-vapebulkp.png\",\"contentUrl\":\"https:\/\/vapebulkp.com\/wp-content\/uploads\/2023\/09\/cropped-vapebulkp.png\",\"width\":516,\"height\":163,\"caption\":\"vapebulkp.com\"},\"image\":{\"@id\":\"https:\/\/vapebulkp.com\/#\/schema\/logo\/image\/\"}}]}<\/script>\n<!-- \/ Yoast SEO plugin. -->","yoast_head_json":{"title":"Bang With A Vape 18000 puffs CROWN BAR Hot Vape - vapebulkp.com","description":"Bang With A Vape 18000 puffs CROWN BAR Hot Vape, this disposable e-cigarette allows you to experience the unique e-cigarette flavor, and the new design will make you fall in love with it","robots":{"index":"index","follow":"follow","max-snippet":"max-snippet:-1","max-image-preview":"max-image-preview:large","max-video-preview":"max-video-preview:-1"},"canonical":"https:\/\/vapebulkp.com\/sv\/product\/bang-with-a-vape-18000-puffs-crown-bar-hot-vape\/","og_locale":"sv_SE","og_type":"article","og_title":"Bang With A Vape 18000 puffs CROWN BAR Hot Vape - vapebulkp.com","og_description":"Bang With A Vape 18000 puffs CROWN BAR Hot Vape, this disposable e-cigarette allows you to experience the unique e-cigarette flavor, and the new design will make you fall in love with it","og_url":"https:\/\/vapebulkp.com\/sv\/product\/bang-with-a-vape-18000-puffs-crown-bar-hot-vape\/","og_site_name":"vapebulkp.com","article_modified_time":"2025-09-24T03:42:13+00:00","og_image":[{"width":1080,"height":1555,"url":"http:\/\/vapebulkp.com\/wp-content\/uploads\/2024\/03\/Good-sale-vape-Bang-18000-puffs-top-sale-5.jpg","type":"image\/jpeg"}],"twitter_card":"summary_large_image","twitter_misc":{"Ber\u00e4knad l\u00e4stid":"4 minuter"},"schema":{"@context":"https:\/\/schema.org","@graph":[{"@type":"WebPage","@id":"https:\/\/vapebulkp.com\/product\/bang-with-a-vape-18000-puffs-crown-bar-hot-vape\/","url":"https:\/\/vapebulkp.com\/product\/bang-with-a-vape-18000-puffs-crown-bar-hot-vape\/","name":"Bang With A Vape 18000 puffs CROWN BAR Hot Vape - vapebulkp.com","isPartOf":{"@id":"https:\/\/vapebulkp.com\/#website"},"datePublished":"2024-03-21T08:56:58+00:00","dateModified":"2025-09-24T03:42:13+00:00","description":"Bang With A Vape 18000 puffs CROWN BAR Hot Vape, this disposable e-cigarette allows you to experience the unique e-cigarette flavor, and the new design will make you fall in love with it","breadcrumb":{"@id":"https:\/\/vapebulkp.com\/product\/bang-with-a-vape-18000-puffs-crown-bar-hot-vape\/#breadcrumb"},"inLanguage":"sv-SE","potentialAction":[{"@type":"ReadAction","target":["https:\/\/vapebulkp.com\/product\/bang-with-a-vape-18000-puffs-crown-bar-hot-vape\/"]}]},{"@type":"BreadcrumbList","@id":"https:\/\/vapebulkp.com\/product\/bang-with-a-vape-18000-puffs-crown-bar-hot-vape\/#breadcrumb","itemListElement":[{"@type":"ListItem","position":1,"name":"Home","item":"https:\/\/vapebulkp.com\/"},{"@type":"ListItem","position":2,"name":"Hot Trend Vapes","item":"https:\/\/vapebulkp.com\/vape-shop\/"},{"@type":"ListItem","position":3,"name":"Bang With A Vape 18000 puffs CROWN BAR Hot Vape"}]},{"@type":"WebSite","@id":"https:\/\/vapebulkp.com\/#website","url":"https:\/\/vapebulkp.com\/","name":"vapebulkp.com","description":"Buy Vape In Cheap Bulk Price Near you","publisher":{"@id":"https:\/\/vapebulkp.com\/#organization"},"potentialAction":[{"@type":"SearchAction","target":{"@type":"EntryPoint","urlTemplate":"https:\/\/vapebulkp.com\/?s={search_term_string}"},"query-input":"required name=search_term_string"}],"inLanguage":"sv-SE"},{"@type":"Organization","@id":"https:\/\/vapebulkp.com\/#organization","name":"vapebulkp.com","url":"https:\/\/vapebulkp.com\/","logo":{"@type":"ImageObject","inLanguage":"sv-SE","@id":"https:\/\/vapebulkp.com\/#\/schema\/logo\/image\/","url":"https:\/\/vapebulkp.com\/wp-content\/uploads\/2023\/09\/cropped-vapebulkp.png","contentUrl":"https:\/\/vapebulkp.com\/wp-content\/uploads\/2023\/09\/cropped-vapebulkp.png","width":516,"height":163,"caption":"vapebulkp.com"},"image":{"@id":"https:\/\/vapebulkp.com\/#\/schema\/logo\/image\/"}}]}},"uagb_featured_image_src":{"full":["https:\/\/vapebulkp.com\/wp-content\/uploads\/2024\/03\/Good-sale-vape-Bang-18000-puffs-top-sale-5.jpg",1080,1555,false],"thumbnail":["https:\/\/vapebulkp.com\/wp-content\/uploads\/2024\/03\/Good-sale-vape-Bang-18000-puffs-top-sale-5-150x150.jpg",150,150,true],"medium":["https:\/\/vapebulkp.com\/wp-content\/uploads\/2024\/03\/Good-sale-vape-Bang-18000-puffs-top-sale-5-208x300.jpg",208,300,true],"medium_large":["https:\/\/vapebulkp.com\/wp-content\/uploads\/2024\/03\/Good-sale-vape-Bang-18000-puffs-top-sale-5-768x1106.jpg",768,1106,true],"large":["https:\/\/vapebulkp.com\/wp-content\/uploads\/2024\/03\/Good-sale-vape-Bang-18000-puffs-top-sale-5-711x1024.jpg",711,1024,true],"1536x1536":["https:\/\/vapebulkp.com\/wp-content\/uploads\/2024\/03\/Good-sale-vape-Bang-18000-puffs-top-sale-5-1067x1536.jpg",1067,1536,true],"2048x2048":["https:\/\/vapebulkp.com\/wp-content\/uploads\/2024\/03\/Good-sale-vape-Bang-18000-puffs-top-sale-5.jpg",1080,1555,false],"trp-custom-language-flag":["https:\/\/vapebulkp.com\/wp-content\/uploads\/2024\/03\/Good-sale-vape-Bang-18000-puffs-top-sale-5.jpg",8,12,false],"woocommerce_thumbnail":["https:\/\/vapebulkp.com\/wp-content\/uploads\/2024\/03\/Good-sale-vape-Bang-18000-puffs-top-sale-5-300x300.jpg",300,300,true],"woocommerce_single":["https:\/\/vapebulkp.com\/wp-content\/uploads\/2024\/03\/Good-sale-vape-Bang-18000-puffs-top-sale-5-600x864.jpg",600,864,true],"woocommerce_gallery_thumbnail":["https:\/\/vapebulkp.com\/wp-content\/uploads\/2024\/03\/Good-sale-vape-Bang-18000-puffs-top-sale-5-100x100.jpg",100,100,true],"wcpr-photo-reviews":["https:\/\/vapebulkp.com\/wp-content\/uploads\/2024\/03\/Good-sale-vape-Bang-18000-puffs-top-sale-5.jpg",347,500,false]},"uagb_author_info":{"display_name":"Mandy vape bulk price","author_link":"https:\/\/vapebulkp.com\/sv\/author\/"},"uagb_comment_info":2,"uagb_excerpt":"The newly launched Bang with a vape 18000 puffs is worth owning\uff01 Pls Contact Mandy's WhatsApp For Discount Price+8618077105796 NOTE: Prices on our website does not include shipping costs &nbsp;","_links":{"self":[{"href":"https:\/\/vapebulkp.com\/sv\/wp-json\/wp\/v2\/product\/2106","targetHints":{"allow":["GET"]}}],"collection":[{"href":"https:\/\/vapebulkp.com\/sv\/wp-json\/wp\/v2\/product"}],"about":[{"href":"https:\/\/vapebulkp.com\/sv\/wp-json\/wp\/v2\/types\/product"}],"replies":[{"embeddable":true,"href":"https:\/\/vapebulkp.com\/sv\/wp-json\/wp\/v2\/comments?post=2106"}],"wp:featuredmedia":[{"embeddable":true,"href":"https:\/\/vapebulkp.com\/sv\/wp-json\/wp\/v2\/media\/2104"}],"wp:attachment":[{"href":"https:\/\/vapebulkp.com\/sv\/wp-json\/wp\/v2\/media?parent=2106"}],"wp:term":[{"taxonomy":"product_cat","embeddable":true,"href":"https:\/\/vapebulkp.com\/sv\/wp-json\/wp\/v2\/product_cat?post=2106"},{"taxonomy":"product_tag","embeddable":true,"href":"https:\/\/vapebulkp.com\/sv\/wp-json\/wp\/v2\/product_tag?post=2106"}],"curies":[{"name":"wp","href":"https:\/\/api.w.org\/{rel}","templated":true}]}}