{"id":2303,"date":"2024-04-24T11:58:02","date_gmt":"2024-04-24T09:58:02","guid":{"rendered":"https:\/\/vapebulkp.com\/?post_type=product&#038;p=2303"},"modified":"2025-09-24T05:19:58","modified_gmt":"2025-09-24T03:19:58","slug":"original-vape-bang-rocket-18000-puffs-good-sale","status":"publish","type":"product","link":"https:\/\/vapebulkp.com\/sv\/product\/original-vape-bang-rocket-18000-puffs-good-sale\/","title":{"rendered":"Original Vape Bang Rocket 18000 Puffar Bra Pris"},"content":{"rendered":"<h2 style=\"text-align: left\">Original Vape Bang Rocket 18000 Puffar Bra Pris<\/h2>\n<p data-start=\"128\" data-end=\"456\">Den <strong data-start=\"132\" data-end=\"173\">Original Vape Bang Rocket 18000 Puffar<\/strong> \u00e4r en premiumprodukt <a href=\"https:\/\/vapebulkp.com\/sv\/product-category\/18000-puffs-disposable-vape\/\"><strong data-start=\"187\" data-end=\"218\">18000 Puffs Eng\u00e5ngs Vape<\/strong><\/a> konstruerad f\u00f6r l\u00e5ngvarig prestanda och mjuka, smakrika bloss. Utrustad med ett 650mAh uppladdningsbart batteri, denna <strong data-start=\"338\" data-end=\"370\">uppladdningsbar eng\u00e5ngsvape<\/strong> levererar oavbrutna sessioner, vilket g\u00f6r den idealisk f\u00f6r dagligt bruk eller l\u00e5nga utflykter.<\/p>\n<p data-start=\"458\" data-end=\"745\">Dess <strong data-start=\"462\" data-end=\"485\">dubbel mesh coil vape<\/strong> inst\u00e4llning f\u00f6rb\u00e4ttrar \u00e5ngt\u00e4theten och smaken, vilket ger rika, tillfredsst\u00e4llande moln fr\u00e5n b\u00f6rjan till slut. E-v\u00e4tskekapaciteten p\u00e5 20 ml och nikotinsaltalternativ fr\u00e5n 0% till 5% s\u00e4kerst\u00e4ller en <strong data-start=\"669\" data-end=\"702\">eng\u00e5ngsvape med h\u00f6g kapacitet<\/strong> upplevelse anpassad efter varje preferens.<\/p>\n<p data-start=\"747\" data-end=\"1012\">Kompakt och elegant, den <strong data-start=\"770\" data-end=\"813\">Bang Rocket 18k Puffs uppladdningsbar Vape<\/strong> \u00e4r perfekt f\u00f6r grossistk\u00f6pare i Sverige som s\u00f6ker en p\u00e5litlig produkt med h\u00f6g efterfr\u00e5gan. Med ett brett utbud av smaker och modern design \u00e4r den ett toppval f\u00f6r svenska vapers som v\u00e4rdes\u00e4tter kvalitet och bekv\u00e4mlighet.<\/p>\n<p><img decoding=\"async\" class=\"alignnone size-full wp-image-2278\" src=\"http:\/\/vapebulkp.com\/wp-content\/uploads\/2024\/04\/Bang-Rocket-18000-Puffs-Disposable-Vape-Germany.png\" alt=\"Bang Rocket 18000 Puffs Eng\u00e5ngs Vape Sverige\" width=\"1000\" height=\"1000\" srcset=\"https:\/\/vapebulkp.com\/wp-content\/uploads\/2024\/04\/Bang-Rocket-18000-Puffs-Disposable-Vape-Germany.png 1000w, https:\/\/vapebulkp.com\/wp-content\/uploads\/2024\/04\/Bang-Rocket-18000-Puffs-Disposable-Vape-Germany-300x300.png 300w, https:\/\/vapebulkp.com\/wp-content\/uploads\/2024\/04\/Bang-Rocket-18000-Puffs-Disposable-Vape-Germany-150x150.png 150w, https:\/\/vapebulkp.com\/wp-content\/uploads\/2024\/04\/Bang-Rocket-18000-Puffs-Disposable-Vape-Germany-768x768.png 768w, https:\/\/vapebulkp.com\/wp-content\/uploads\/2024\/04\/Bang-Rocket-18000-Puffs-Disposable-Vape-Germany-600x600.png 600w, https:\/\/vapebulkp.com\/wp-content\/uploads\/2024\/04\/Bang-Rocket-18000-Puffs-Disposable-Vape-Germany-100x100.png 100w\" sizes=\"(max-width: 1000px) 100vw, 1000px\" \/><\/p>\n<h6>Kontakta Mandy via WhatsApp f\u00f6r rabatterat pris<a href=\"https:\/\/wa.me\/8618077105796\">+8618077105796<\/a><\/h6>\n<p><img decoding=\"async\" class=\"alignnone wp-image-2151\" src=\"http:\/\/vapebulkp.com\/wp-content\/uploads\/2024\/04\/Mandy-WhatsApp-Randm.jpg\" alt=\"Mandy WhatsApp Randm\" width=\"324\" height=\"330\" \/><\/p>\n<h2>T\u00e4nkte att du kanske vill veta om Bang Rocket 18000Puffs eng\u00e5ngsvape:<\/h2>\n<h5>1.Hur man anv\u00e4nder Bang Rocket 18k Puffs Vape Pen?<\/h5>\n<p>Steg 1. Innan du anv\u00e4nder 18k bloss, dra ut plastr\u00f6ret.<\/p>\n<p>Steg 2. V\u00e4nta cirka 3 minuter tills juicen kommer in i spolen inuti.<\/p>\n<p>Steg 3. Njut av det<\/p>\n<h5>2.Hur man laddar eng\u00e5ngsvapen Bang Rocket 18k Puffs?<\/h5>\n<p>Snabbladdare kan inte anv\u00e4ndas, och den s\u00e4kra standardeffekten f\u00f6r eng\u00e5ngs-e-cigaretter \u00e4r 5V 1A.<\/p>\n<p>Varje laddningstid f\u00e5r inte \u00f6verstiga 1 timme, och den s\u00e4kra laddningstiden \u00e4r en halvtimme.<\/p>\n<p><span style=\"color: #ff6600\">Observera: kan inte ladda om hela natten!<\/span><\/p>\n<h5>3.Vad \u00e4r e-v\u00e4tskekapaciteten f\u00f6r Bang Rocket 18000 Puffs Bra Vape?<\/h5>\n<p>\u2014\u201420 ml<\/p>\n<h5>4.Hur m\u00e5nga bloss kan jag ta av denna Bang Rocket 18000 Puffs?<\/h5>\n<p>\u2014\u20139000-18000 bloss<\/p>\n<h3>Bang Rocket 18000 Puff Eng\u00e5ngsvape Pod Egenskaper:<\/h3>\n<p>&nbsp;<\/p>\n<ul>\n<li>\u00a0V\u00e4tska: 20 ml f\u00f6rfylld e-v\u00e4tskekassett<\/li>\n<li>Nikotin: 2\/5% Nikotinsalt<\/li>\n<li>\u00a0Typer: Eng\u00e5ngs<\/li>\n<li>\u00a0650mAh batteri<\/li>\n<li>\u00a00.6 Mesh Coil, JUSTERBART LUFTFL\u00d6DE<\/li>\n<li>\u00a0Type-c laddningskabel<\/li>\n<li>\u00a012 Smaker Tillg\u00e4ngliga<\/li>\n<\/ul>\n<p>&nbsp;<\/p>\n<h3><strong>B\u00e4sta vape Bang Rocket 18k Puffs smaker:<\/strong><\/h3>\n<p>1. Cheery Bomb<br \/>\n2. Juicy Peach Ice<br \/>\n3. Tropical Fruit<br \/>\n4. Grape Ice<br \/>\n5. Peach Mango<br \/>\n6. Strawberry Banana<br \/>\n7. Strawberry Mango<br \/>\n8. Triple Berry Ice<br \/>\n9. Strawberry Watermelon<br \/>\n10. Watermelon Ice<br \/>\n11. Blue Razz Ice<br \/>\n12. Sour Apple Ice<\/p>\n<p><a href=\"https:\/\/vapebulkp.com\/sv\/product\/popular-randm-tornado-7000puffs-disposable-vape-best-price\/\"><span style=\"vertical-align: inherit\">RandM Tornado 7000 Bloss <\/span><\/a><\/p>\n<p><span style=\"vertical-align: inherit\">Hitta fler produkter du kanske gillar:<\/span><em><a href=\"https:\/\/wa.me\/8618077105796\"><span style=\"vertical-align: inherit\">\u00a0K\u00f6p nu<\/span><\/a><\/em><\/p>\n<p><span style=\"vertical-align: inherit\">Andra Puffs du kanske gillar:<\/span><a href=\"https:\/\/vapebulkp.com\/sv\/product\/joymy-ultra15000puffs-best-disposable-vape-2023\/\"><span style=\"vertical-align: inherit\">JOYMY 15000 Puffs<\/span><\/a><span style=\"vertical-align: inherit\">\u3001<\/span><a href=\"https:\/\/vapebulkp.com\/sv\/product\/wholesale-randm-tornado-9000-puffs-germany\/\"><span style=\"vertical-align: inherit\">RandM 9000 Puffar<\/span><\/a><span style=\"vertical-align: inherit\">\/ <\/span><a href=\"https:\/\/vapebulkp.com\/sv\/product\/bang-king-12000puffs\/\"><span style=\"vertical-align: inherit\">Bang King 12000 Puffar<\/span><\/a><span style=\"vertical-align: inherit\">\/ <\/span><a href=\"https:\/\/vapebulkp.com\/sv\/product\/wholesale-tornado-rum-bar-9000-puffs-sweden\/\"><span style=\"vertical-align: inherit\">Rumbar 9000 bloss<\/span><\/a><\/p>\n<p><span style=\"vertical-align: inherit\">E-cigarettflaska med specialform:<\/span><a href=\"https:\/\/vapebulkp.com\/sv\/product\/original-vape-bang-tn-12000-puffs-bang-vape\/\"><span style=\"vertical-align: inherit\"> Bang TN 12000 Bloss<\/span><\/a><span style=\"vertical-align: inherit\">\/ <\/span><a href=\"https:\/\/vapebulkp.com\/sv\/product\/popular-bang-king-10000-puffs-vape-good-price\/\"><span style=\"vertical-align: inherit\">\u00a0Bang King 10000 Puffar <\/span><\/a><span style=\"vertical-align: inherit\">\/<\/span><a href=\"https:\/\/vapebulkp.com\/sv\/product\/bang-tornado-12000-puffs-rechargeable-disposable-pod\/\"><span style=\"vertical-align: inherit\"> Bang Tornado 12000 Bloss<\/span><\/a><\/p>\n<h5>Produktionskvalifikation:<\/h5>\n<p><img decoding=\"async\" class=\"alignnone size-full wp-image-1841\" src=\"http:\/\/vapebulkp.com\/wp-content\/uploads\/2023\/11\/Vape-production-process-2.jpeg\" alt=\"Vape produktionsprocess\" width=\"650\" height=\"434\" srcset=\"https:\/\/vapebulkp.com\/wp-content\/uploads\/2023\/11\/Vape-production-process-2.jpeg 650w, https:\/\/vapebulkp.com\/wp-content\/uploads\/2023\/11\/Vape-production-process-2-300x200.jpeg 300w, https:\/\/vapebulkp.com\/wp-content\/uploads\/2023\/11\/Vape-production-process-2-600x401.jpeg 600w\" sizes=\"(max-width: 650px) 100vw, 650px\" \/><\/p>\n<p><img decoding=\"async\" class=\"alignnone size-full wp-image-1843\" src=\"http:\/\/vapebulkp.com\/wp-content\/uploads\/2023\/11\/Vape-production-process.jpeg\" alt=\"Vape produktionsprocess\" width=\"641\" height=\"1026\" srcset=\"https:\/\/vapebulkp.com\/wp-content\/uploads\/2023\/11\/Vape-production-process.jpeg 641w, https:\/\/vapebulkp.com\/wp-content\/uploads\/2023\/11\/Vape-production-process-187x300.jpeg 187w, https:\/\/vapebulkp.com\/wp-content\/uploads\/2023\/11\/Vape-production-process-640x1024.jpeg 640w, https:\/\/vapebulkp.com\/wp-content\/uploads\/2023\/11\/Vape-production-process-600x960.jpeg 600w\" sizes=\"(max-width: 641px) 100vw, 641px\" \/><\/p>\n<h5>Vanliga fr\u00e5gor och svar:<\/h5>\n<p>F: Vad \u00e4r MOQ f\u00f6r Bang Rocket 18000 Puffs?<br \/>\nS: Minsta best\u00e4llning \u00e4r 100st.<br \/>\nF: Vad \u00e4r leveranstiden f\u00f6r den best\u00e4llda vapen?<br \/>\nS: Vanligtvis \u00e4r det 10-15 dagar efter leverans<br \/>\nF: Hur mycket kostar frakten? S: Fraktkostnaden beror p\u00e5 vikten. Olika kvantiteter har olika fraktkostnader, v\u00e4nligen kontakta oss f\u00f6r att bekr\u00e4fta fraktkostnaden.<\/p>\n<h4>Leveransdetaljer:<\/h4>\n<p><span style=\"color: #ff6600\">Produktionstid: 5-10 arbetsdagar<\/span><br \/>\n<span style=\"color: #ff6600\">Leveranstid: 8-14 arbetsdagar<\/span><\/p>\n<p>Alla produkter i v\u00e5r butik \u00e4r 100% originala och autentiska, d\u00e4rf\u00f6r \u00e4r Tiofaldig ers\u00e4ttning f\u00f6r falska varor v\u00e5r butikspolicy. Vi anv\u00e4nder logistikkanaler som UPS\/DHL\/FEDEX\/DPD f\u00f6r att leverera varor till dig.<\/p>\n<p>F\u00f6r paket som skickas inom Sverige tar det vanligtvis 10 arbetsdagar att anl\u00e4nda. Leveranser till andra europeiska l\u00e4nder tar vanligtvis 12 till 15 arbetsdagar att anl\u00e4nda. Vi uppdaterar logistikinformationen f\u00f6r dig i realtid.<\/p>","protected":false},"excerpt":{"rendered":"<p><a href=\"https:\/\/vapebulkp.com\/sv\/product\/original-vape-bang-rocket-18000-puffs-good-sale\/\">Den goda Vape Bang Rocket 18000 bloss \u00e4r v\u00e4rd att \u00e4ga!<\/a><\/p>\n<p>Kontakta Mandy via WhatsApp f\u00f6r rabatterat pris<a href=\"https:\/\/wa.me\/8618077105796\">+8618077105796<\/a><\/p>\n<p><img decoding=\"async\" class=\"alignnone wp-image-2151\" src=\"http:\/\/vapebulkp.com\/wp-content\/uploads\/2024\/04\/Mandy-WhatsApp-Randm.jpg\" alt=\"Mandy WhatsApp Randm\" width=\"297\" height=\"316\" srcset=\"https:\/\/vapebulkp.com\/wp-content\/uploads\/2024\/04\/Mandy-WhatsApp-Randm.jpg 916w, https:\/\/vapebulkp.com\/wp-content\/uploads\/2024\/04\/Mandy-WhatsApp-Randm-282x300.jpg 282w, https:\/\/vapebulkp.com\/wp-content\/uploads\/2024\/04\/Mandy-WhatsApp-Randm-768x817.jpg 768w, https:\/\/vapebulkp.com\/wp-content\/uploads\/2024\/04\/Mandy-WhatsApp-Randm-600x638.jpg 600w\" sizes=\"(max-width: 297px) 100vw, 297px\" \/><\/p>\n<p><span style=\"color: #ff0000\">OBS: Priserna p\u00e5 v\u00e5r webbplats inkluderar inte fraktkostnader<\/span><\/p>\n<p>&nbsp;<\/p>","protected":false},"featured_media":2279,"comment_status":"open","ping_status":"closed","template":"","meta":{"_uag_custom_page_level_css":"","_lmt_disableupdate":"no","_lmt_disable":"","site-sidebar-layout":"default","site-content-layout":"content-boxed-container","ast-site-content-layout":"normal-width-container","site-content-style":"boxed","site-sidebar-style":"unboxed","ast-global-header-display":"","ast-banner-title-visibility":"","ast-main-header-display":"","ast-hfb-above-header-display":"","ast-hfb-below-header-display":"","ast-hfb-mobile-header-display":"","site-post-title":"","ast-breadcrumbs-content":"","ast-featured-img":"","footer-sml-layout":"","theme-transparent-header-meta":"default","adv-header-id-meta":"","stick-header-meta":"","header-above-stick-meta":"","header-main-stick-meta":"","header-below-stick-meta":"","astra-migrate-meta-layouts":"set","_joinchat":[]},"product_cat":[163,153,345,155,33,59,100,34,158,157,154,152,58,84,156,63,32],"product_tag":[111,36,37,41,40],"class_list":["post-2303","product","type-product","status-publish","has-post-thumbnail","hentry","product_cat-18000-puffs-disposable-vape","product_cat-hot-disposable-vapes","product_cat-bang-vapes","product_cat-belgium-hot-disposable-vapes","product_cat-france-vape-hot-sale","product_cat-germany-hot-disposable-vape","product_cat-germany-wholesale-vape-shop","product_cat-netherlands-vape-good-sale","product_cat-norway-hot-disposable-vapes","product_cat-poland-hot-disposable-vapes","product_cat-portugal-hot-disposable-vapes","product_cat-spain-hot-disposable-vapes","product_cat-sweden-hot-disposable-vape","product_cat-sweden-wholesale-vape","product_cat-switzerland-hot-disposable-vapes","product_cat-top-sale-disposable-vape","product_cat-vape-hot-sale-this-week","product_tag-18000puffs","product_tag-good-vape","product_tag-hot-sale-disposable-vape","product_tag-poland-hot-vape","product_tag-sweden-hot-vape","pa_brand-bang-vape","desktop-align-left","tablet-align-left","mobile-align-left"],"yoast_head":"<!-- This site is optimized with the Yoast SEO plugin v21.1 - https:\/\/yoast.com\/wordpress\/plugins\/seo\/ -->\n<title>Original Vape Bang Rocket 18000 Puffs Good Sale - vapebulkp.com<\/title>\n<meta name=\"description\" content=\"Bang Rocket 18000 Puffs vape with a robust 650mAh battery and a whopping 20ml e-liquid capacity, this device ensures long-lasting satisfaction..\" \/>\n<meta name=\"robots\" content=\"index, follow, max-snippet:-1, max-image-preview:large, max-video-preview:-1\" \/>\n<link rel=\"canonical\" href=\"https:\/\/vapebulkp.com\/sv\/product\/original-vape-bang-rocket-18000-puffs-good-sale\/\" \/>\n<meta property=\"og:locale\" content=\"sv_SE\" \/>\n<meta property=\"og:type\" content=\"article\" \/>\n<meta property=\"og:title\" content=\"Original Vape Bang Rocket 18000 Puffs Good Sale - vapebulkp.com\" \/>\n<meta property=\"og:description\" content=\"Bang Rocket 18000 Puffs vape with a robust 650mAh battery and a whopping 20ml e-liquid capacity, this device ensures long-lasting satisfaction..\" \/>\n<meta property=\"og:url\" content=\"https:\/\/vapebulkp.com\/sv\/product\/original-vape-bang-rocket-18000-puffs-good-sale\/\" \/>\n<meta property=\"og:site_name\" content=\"vapebulkp.com\" \/>\n<meta property=\"article:modified_time\" content=\"2025-09-24T03:19:58+00:00\" \/>\n<meta property=\"og:image\" content=\"http:\/\/vapebulkp.com\/wp-content\/uploads\/2024\/04\/Bang-Rocket-18000-Puffs-Disposable-Vape-Nehterlands-1024x1024.png\" \/>\n\t<meta property=\"og:image:width\" content=\"1024\" \/>\n\t<meta property=\"og:image:height\" content=\"1024\" \/>\n\t<meta property=\"og:image:type\" content=\"image\/png\" \/>\n<meta name=\"twitter:card\" content=\"summary_large_image\" \/>\n<meta name=\"twitter:label1\" content=\"Ber\u00e4knad l\u00e4stid\" \/>\n\t<meta name=\"twitter:data1\" content=\"4 minuter\" \/>\n<script type=\"application\/ld+json\" class=\"yoast-schema-graph\">{\"@context\":\"https:\/\/schema.org\",\"@graph\":[{\"@type\":\"WebPage\",\"@id\":\"https:\/\/vapebulkp.com\/product\/original-vape-bang-rocket-18000-puffs-good-sale\/\",\"url\":\"https:\/\/vapebulkp.com\/product\/original-vape-bang-rocket-18000-puffs-good-sale\/\",\"name\":\"Original Vape Bang Rocket 18000 Puffs Good Sale - vapebulkp.com\",\"isPartOf\":{\"@id\":\"https:\/\/vapebulkp.com\/#website\"},\"datePublished\":\"2024-04-24T09:58:02+00:00\",\"dateModified\":\"2025-09-24T03:19:58+00:00\",\"description\":\"Bang Rocket 18000 Puffs vape with a robust 650mAh battery and a whopping 20ml e-liquid capacity, this device ensures long-lasting satisfaction..\",\"breadcrumb\":{\"@id\":\"https:\/\/vapebulkp.com\/product\/original-vape-bang-rocket-18000-puffs-good-sale\/#breadcrumb\"},\"inLanguage\":\"sv-SE\",\"potentialAction\":[{\"@type\":\"ReadAction\",\"target\":[\"https:\/\/vapebulkp.com\/product\/original-vape-bang-rocket-18000-puffs-good-sale\/\"]}]},{\"@type\":\"BreadcrumbList\",\"@id\":\"https:\/\/vapebulkp.com\/product\/original-vape-bang-rocket-18000-puffs-good-sale\/#breadcrumb\",\"itemListElement\":[{\"@type\":\"ListItem\",\"position\":1,\"name\":\"Home\",\"item\":\"https:\/\/vapebulkp.com\/\"},{\"@type\":\"ListItem\",\"position\":2,\"name\":\"Hot Trend Vapes\",\"item\":\"https:\/\/vapebulkp.com\/vape-shop\/\"},{\"@type\":\"ListItem\",\"position\":3,\"name\":\"Original Vape Bang Rocket 18000 Puffs Good Sale\"}]},{\"@type\":\"WebSite\",\"@id\":\"https:\/\/vapebulkp.com\/#website\",\"url\":\"https:\/\/vapebulkp.com\/\",\"name\":\"vapebulkp.com\",\"description\":\"Buy Vape In Cheap Bulk Price Near you\",\"publisher\":{\"@id\":\"https:\/\/vapebulkp.com\/#organization\"},\"potentialAction\":[{\"@type\":\"SearchAction\",\"target\":{\"@type\":\"EntryPoint\",\"urlTemplate\":\"https:\/\/vapebulkp.com\/?s={search_term_string}\"},\"query-input\":\"required name=search_term_string\"}],\"inLanguage\":\"sv-SE\"},{\"@type\":\"Organization\",\"@id\":\"https:\/\/vapebulkp.com\/#organization\",\"name\":\"vapebulkp.com\",\"url\":\"https:\/\/vapebulkp.com\/\",\"logo\":{\"@type\":\"ImageObject\",\"inLanguage\":\"sv-SE\",\"@id\":\"https:\/\/vapebulkp.com\/#\/schema\/logo\/image\/\",\"url\":\"https:\/\/vapebulkp.com\/wp-content\/uploads\/2023\/09\/cropped-vapebulkp.png\",\"contentUrl\":\"https:\/\/vapebulkp.com\/wp-content\/uploads\/2023\/09\/cropped-vapebulkp.png\",\"width\":516,\"height\":163,\"caption\":\"vapebulkp.com\"},\"image\":{\"@id\":\"https:\/\/vapebulkp.com\/#\/schema\/logo\/image\/\"}}]}<\/script>\n<!-- \/ Yoast SEO plugin. -->","yoast_head_json":{"title":"Original Vape Bang Rocket 18000 Puffs Good Sale - vapebulkp.com","description":"Bang Rocket 18000 Puffs vape with a robust 650mAh battery and a whopping 20ml e-liquid capacity, this device ensures long-lasting satisfaction..","robots":{"index":"index","follow":"follow","max-snippet":"max-snippet:-1","max-image-preview":"max-image-preview:large","max-video-preview":"max-video-preview:-1"},"canonical":"https:\/\/vapebulkp.com\/sv\/product\/original-vape-bang-rocket-18000-puffs-good-sale\/","og_locale":"sv_SE","og_type":"article","og_title":"Original Vape Bang Rocket 18000 Puffs Good Sale - vapebulkp.com","og_description":"Bang Rocket 18000 Puffs vape with a robust 650mAh battery and a whopping 20ml e-liquid capacity, this device ensures long-lasting satisfaction..","og_url":"https:\/\/vapebulkp.com\/sv\/product\/original-vape-bang-rocket-18000-puffs-good-sale\/","og_site_name":"vapebulkp.com","article_modified_time":"2025-09-24T03:19:58+00:00","og_image":[{"width":1024,"height":1024,"url":"http:\/\/vapebulkp.com\/wp-content\/uploads\/2024\/04\/Bang-Rocket-18000-Puffs-Disposable-Vape-Nehterlands-1024x1024.png","type":"image\/png"}],"twitter_card":"summary_large_image","twitter_misc":{"Ber\u00e4knad l\u00e4stid":"4 minuter"},"schema":{"@context":"https:\/\/schema.org","@graph":[{"@type":"WebPage","@id":"https:\/\/vapebulkp.com\/product\/original-vape-bang-rocket-18000-puffs-good-sale\/","url":"https:\/\/vapebulkp.com\/product\/original-vape-bang-rocket-18000-puffs-good-sale\/","name":"Original Vape Bang Rocket 18000 Puffs Good Sale - vapebulkp.com","isPartOf":{"@id":"https:\/\/vapebulkp.com\/#website"},"datePublished":"2024-04-24T09:58:02+00:00","dateModified":"2025-09-24T03:19:58+00:00","description":"Bang Rocket 18000 Puffs vape with a robust 650mAh battery and a whopping 20ml e-liquid capacity, this device ensures long-lasting satisfaction..","breadcrumb":{"@id":"https:\/\/vapebulkp.com\/product\/original-vape-bang-rocket-18000-puffs-good-sale\/#breadcrumb"},"inLanguage":"sv-SE","potentialAction":[{"@type":"ReadAction","target":["https:\/\/vapebulkp.com\/product\/original-vape-bang-rocket-18000-puffs-good-sale\/"]}]},{"@type":"BreadcrumbList","@id":"https:\/\/vapebulkp.com\/product\/original-vape-bang-rocket-18000-puffs-good-sale\/#breadcrumb","itemListElement":[{"@type":"ListItem","position":1,"name":"Home","item":"https:\/\/vapebulkp.com\/"},{"@type":"ListItem","position":2,"name":"Hot Trend Vapes","item":"https:\/\/vapebulkp.com\/vape-shop\/"},{"@type":"ListItem","position":3,"name":"Original Vape Bang Rocket 18000 Puffs Good Sale"}]},{"@type":"WebSite","@id":"https:\/\/vapebulkp.com\/#website","url":"https:\/\/vapebulkp.com\/","name":"vapebulkp.com","description":"Buy Vape In Cheap Bulk Price Near you","publisher":{"@id":"https:\/\/vapebulkp.com\/#organization"},"potentialAction":[{"@type":"SearchAction","target":{"@type":"EntryPoint","urlTemplate":"https:\/\/vapebulkp.com\/?s={search_term_string}"},"query-input":"required name=search_term_string"}],"inLanguage":"sv-SE"},{"@type":"Organization","@id":"https:\/\/vapebulkp.com\/#organization","name":"vapebulkp.com","url":"https:\/\/vapebulkp.com\/","logo":{"@type":"ImageObject","inLanguage":"sv-SE","@id":"https:\/\/vapebulkp.com\/#\/schema\/logo\/image\/","url":"https:\/\/vapebulkp.com\/wp-content\/uploads\/2023\/09\/cropped-vapebulkp.png","contentUrl":"https:\/\/vapebulkp.com\/wp-content\/uploads\/2023\/09\/cropped-vapebulkp.png","width":516,"height":163,"caption":"vapebulkp.com"},"image":{"@id":"https:\/\/vapebulkp.com\/#\/schema\/logo\/image\/"}}]}},"uagb_featured_image_src":{"full":["https:\/\/vapebulkp.com\/wp-content\/uploads\/2024\/04\/Bang-Rocket-18000-Puffs-Disposable-Vape-Nehterlands.png",1500,1500,false],"thumbnail":["https:\/\/vapebulkp.com\/wp-content\/uploads\/2024\/04\/Bang-Rocket-18000-Puffs-Disposable-Vape-Nehterlands-150x150.png",150,150,true],"medium":["https:\/\/vapebulkp.com\/wp-content\/uploads\/2024\/04\/Bang-Rocket-18000-Puffs-Disposable-Vape-Nehterlands-300x300.png",300,300,true],"medium_large":["https:\/\/vapebulkp.com\/wp-content\/uploads\/2024\/04\/Bang-Rocket-18000-Puffs-Disposable-Vape-Nehterlands-768x768.png",768,768,true],"large":["https:\/\/vapebulkp.com\/wp-content\/uploads\/2024\/04\/Bang-Rocket-18000-Puffs-Disposable-Vape-Nehterlands-1024x1024.png",1024,1024,true],"1536x1536":["https:\/\/vapebulkp.com\/wp-content\/uploads\/2024\/04\/Bang-Rocket-18000-Puffs-Disposable-Vape-Nehterlands.png",1500,1500,false],"2048x2048":["https:\/\/vapebulkp.com\/wp-content\/uploads\/2024\/04\/Bang-Rocket-18000-Puffs-Disposable-Vape-Nehterlands.png",1500,1500,false],"trp-custom-language-flag":["https:\/\/vapebulkp.com\/wp-content\/uploads\/2024\/04\/Bang-Rocket-18000-Puffs-Disposable-Vape-Nehterlands.png",12,12,false],"woocommerce_thumbnail":["https:\/\/vapebulkp.com\/wp-content\/uploads\/2024\/04\/Bang-Rocket-18000-Puffs-Disposable-Vape-Nehterlands-300x300.png",300,300,true],"woocommerce_single":["https:\/\/vapebulkp.com\/wp-content\/uploads\/2024\/04\/Bang-Rocket-18000-Puffs-Disposable-Vape-Nehterlands-600x600.png",600,600,true],"woocommerce_gallery_thumbnail":["https:\/\/vapebulkp.com\/wp-content\/uploads\/2024\/04\/Bang-Rocket-18000-Puffs-Disposable-Vape-Nehterlands-100x100.png",100,100,true],"wcpr-photo-reviews":["https:\/\/vapebulkp.com\/wp-content\/uploads\/2024\/04\/Bang-Rocket-18000-Puffs-Disposable-Vape-Nehterlands.png",500,500,false]},"uagb_author_info":{"display_name":"Mandy vape bulk price","author_link":"https:\/\/vapebulkp.com\/sv\/author\/"},"uagb_comment_info":2,"uagb_excerpt":"The Good Vape\u00a0 Bang Rocket 18000 puffs is worth owning\uff01 Pls Contact Mandy's WhatsApp For Discount Price+8618077105796 NOTE: Prices on our website does not include shipping costs &nbsp;","_links":{"self":[{"href":"https:\/\/vapebulkp.com\/sv\/wp-json\/wp\/v2\/product\/2303","targetHints":{"allow":["GET"]}}],"collection":[{"href":"https:\/\/vapebulkp.com\/sv\/wp-json\/wp\/v2\/product"}],"about":[{"href":"https:\/\/vapebulkp.com\/sv\/wp-json\/wp\/v2\/types\/product"}],"replies":[{"embeddable":true,"href":"https:\/\/vapebulkp.com\/sv\/wp-json\/wp\/v2\/comments?post=2303"}],"wp:featuredmedia":[{"embeddable":true,"href":"https:\/\/vapebulkp.com\/sv\/wp-json\/wp\/v2\/media\/2279"}],"wp:attachment":[{"href":"https:\/\/vapebulkp.com\/sv\/wp-json\/wp\/v2\/media?parent=2303"}],"wp:term":[{"taxonomy":"product_cat","embeddable":true,"href":"https:\/\/vapebulkp.com\/sv\/wp-json\/wp\/v2\/product_cat?post=2303"},{"taxonomy":"product_tag","embeddable":true,"href":"https:\/\/vapebulkp.com\/sv\/wp-json\/wp\/v2\/product_tag?post=2303"}],"curies":[{"name":"wp","href":"https:\/\/api.w.org\/{rel}","templated":true}]}}