{"id":233,"date":"2021-08-18T03:20:53","date_gmt":"2021-08-18T01:20:53","guid":{"rendered":"https:\/\/vapebulkp.com\/product\/pachira-braid\/"},"modified":"2025-09-01T10:39:43","modified_gmt":"2025-09-01T08:39:43","slug":"disposable-vape-crystal-600-puffs","status":"publish","type":"product","link":"https:\/\/vapebulkp.com\/sv\/product\/disposable-vape-crystal-600-puffs\/","title":{"rendered":"Partipris Eng\u00e5ngs Vape Crystal 600 Puffs"},"content":{"rendered":"<h2 style=\"text-align: left\">Partipris Eng\u00e5ngs Vape Crystal 600 Puffs<\/h2>\n<p data-start=\"152\" data-end=\"466\">Den <strong data-start=\"156\" data-end=\"197\">SKI Crystal 600 Puffar Eng\u00e5ngs Vape<\/strong> levererar mjuka, tillfredsst\u00e4llande drag i en kompakt, resef\u00e4rdig design. Varje enhet har en 2 ml e-v\u00e4tskekapacitet med premium blandningar, som erbjuder en m\u00e4ngd smaker fr\u00e5n stark tobak och kylande mentol till s\u00f6ta och fruktiga alternativ, utformade f\u00f6r att passa alla preferenser.<\/p>\n<p data-start=\"468\" data-end=\"772\">Utrustad med en 0,8\u03a9 mesh-spole och ett 50mAh Type-C uppladdningsbart batteri, s\u00e4kerst\u00e4ller <strong data-start=\"544\" data-end=\"573\">600 Puffar Eng\u00e5ngs Vape<\/strong> konsekvent \u00e5ngproduktion och rik smak med varje puff. Dess ergonomiska design ger ett bekv\u00e4mt grepp, medan dess l\u00e4tta, fick-stora form g\u00f6r den idealisk f\u00f6r vaping p\u00e5 spr\u00e5ng.<\/p>\n<p data-start=\"774\" data-end=\"1128\">Finns med nikotinstyrkor p\u00e5 2% eller 5%, denna eng\u00e5ngs vape kombinerar bekv\u00e4mlighet och prestanda f\u00f6r europeiska vaping-entusiaster som s\u00f6ker h\u00f6gkvalitativa, f\u00e4rdiga att anv\u00e4nda enheter. Perfekt f\u00f6r daglig anv\u00e4ndning, sociala tillf\u00e4llen eller grossist distribution, utm\u00e4rker sig <strong data-start=\"1026\" data-end=\"1067\">SKI Crystal 600 Puff Uppladdningsbar Vape<\/strong> f\u00f6r tillf\u00f6rlitlighet, stil och smak konsistens.<\/p>\n<p><img decoding=\"async\" class=\"alignnone wp-image-1683\" src=\"http:\/\/vapebulkp.com\/wp-content\/uploads\/2021\/08\/Crystal-600-Flavors-Factory.png\" alt=\"Crystal 600 Smaker Bra pris\" width=\"426\" height=\"426\" srcset=\"https:\/\/vapebulkp.com\/wp-content\/uploads\/2021\/08\/Crystal-600-Flavors-Factory.png 500w, https:\/\/vapebulkp.com\/wp-content\/uploads\/2021\/08\/Crystal-600-Flavors-Factory-300x300.png 300w, https:\/\/vapebulkp.com\/wp-content\/uploads\/2021\/08\/Crystal-600-Flavors-Factory-150x150.png 150w, https:\/\/vapebulkp.com\/wp-content\/uploads\/2021\/08\/Crystal-600-Flavors-Factory-100x100.png 100w\" sizes=\"(max-width: 426px) 100vw, 426px\" \/><\/p>\n<h6 style=\"text-align: left\"><\/h6>\n<h6>Kontakta Mandy via WhatsApp f\u00f6r rabatterat pris<a href=\"https:\/\/wa.me\/8618077105796\">+8618077105796<\/a><\/h6>\n<p><img decoding=\"async\" class=\"alignnone size-medium wp-image-1455\" src=\"http:\/\/vapebulkp.com\/wp-content\/uploads\/2021\/08\/WhatsApp-300x279.jpg\" alt=\"\" width=\"300\" height=\"279\" srcset=\"https:\/\/vapebulkp.com\/wp-content\/uploads\/2021\/08\/WhatsApp-300x279.jpg 300w, https:\/\/vapebulkp.com\/wp-content\/uploads\/2021\/08\/WhatsApp-1024x951.jpg 1024w, https:\/\/vapebulkp.com\/wp-content\/uploads\/2021\/08\/WhatsApp-768x713.jpg 768w, https:\/\/vapebulkp.com\/wp-content\/uploads\/2021\/08\/WhatsApp-600x557.jpg 600w, https:\/\/vapebulkp.com\/wp-content\/uploads\/2021\/08\/WhatsApp.jpg 1080w\" sizes=\"(max-width: 300px) 100vw, 300px\" \/><\/p>\n<h2><span style=\"vertical-align: inherit\">T\u00e4nkte att du kanske vill veta om Good Crystal 600 Puffar:<\/span><\/h2>\n<p>&nbsp;<\/p>\n<h4 class=\"style-scope ytd-watch-metadata\">1. Hur anv\u00e4nder man Crystal 600 Puffar Vape Penna?<\/h4>\n<p>Steg 1. Innan du anv\u00e4nder 600 puffar, koppla ur plastr\u00f6ret.<\/p>\n<p>Steg 2. V\u00e4nta cirka 3 minuter tills juicen kommer in i spolen inuti.<\/p>\n<p>Steg 3. Njut av det<\/p>\n<h6>2. HUR LADDAR MAN ENG\u00c5NGS VAPE Crystal 600 PUFFS ENHETEN?<\/h6>\n<p>Snabbladdare kan inte anv\u00e4ndas, och den s\u00e4kra standardeffekten f\u00f6r eng\u00e5ngs-e-cigaretter \u00e4r 5V 1A.<\/p>\n<p>Varje laddningstid f\u00e5r inte \u00f6verstiga 1 timme, och den s\u00e4kra laddningstiden \u00e4r en halvtimme.<\/p>\n<p><span style=\"color: #ff6600\">Observera: kan inte ladda om hela natten!<\/span><\/p>\n<h4>3. Vad \u00e4r e-v\u00e4tskekapaciteten f\u00f6r Crystal 600 Puffar WAPE?<\/h4>\n<p>\u2014\u20142ml<\/p>\n<h4>4. Hur m\u00e5nga puffar kan jag ta av denna Crystal 600 Puffar?<\/h4>\n<p>\u2014\u2014600Puffar<\/p>\n<h3><strong><span style=\"vertical-align: inherit\">Specifikation f\u00f6r SKI Crystal 600 Puffs Vape-enhet:<\/span><br \/>\n<\/strong><\/h3>\n<p>Batteri: 50mAh (Typ C)<br \/>\nKapacitet: 2 ml<br \/>\nSpole: 0.8 ohm mesh<br \/>\nUngef\u00e4rlig sugvolym: 600 bloss<br \/>\nPlus nikotinstyrka: 2%,5%<br \/>\nMOQ: 100ST<\/p>\n<h3><strong>Partihandel Vape Crystal 600 Puffs Smaker:<\/strong><\/h3>\n<p>1.Svartvinb\u00e4rsmentol<br \/>\n2.Bl\u00e5b\u00e4r Hallon<br \/>\n3.Cocacola Lime<br \/>\n4.Fizz K\u00f6rsb\u00e4r<br \/>\n5.Vattenmelon is<br \/>\n6.Druva \u00c4pple Redbull<br \/>\n7.Gummy Bj\u00f6rn<br \/>\n8.Citron Lime<br \/>\n9.Kiwi Passionsfrukt Guava<br \/>\n10.Mad Bl\u00e5<br \/>\n11.Passion Mango Is<br \/>\n12.Redbull Is<br \/>\n13.Sakura Druva<br \/>\n14.Jordgubbs Hallon ice<br \/>\n15.Vattenmelon Godis<br \/>\n16.Vilda B\u00e4r<br \/>\n17.Rosa Lemonad<br \/>\n18.K\u00f6rsb\u00e4rscola<br \/>\n19.Skittles<br \/>\n20.S\u00f6tmynta<\/p>\n<p><a href=\"https:\/\/vapebulkp.com\/sv\/product\/popular-randm-tornado-7000puffs-disposable-vape-best-price\/\"><span style=\"vertical-align: inherit\">RandM Tornado 7000 bloss <\/span><\/a><\/p>\n<p><span style=\"vertical-align: inherit\">Hitta fler produkter du kanske gillar:<\/span><em><a href=\"https:\/\/wa.me\/8618077105796\"><span style=\"vertical-align: inherit\">\u00a0K\u00f6p nu<\/span><\/a><\/em><\/p>\n<p><span style=\"vertical-align: inherit\">Andra Puffs du kanske gillar:<\/span><a href=\"https:\/\/vapebulkp.com\/sv\/product\/bulk-buy-kulx-8800-puffs-disposable-vape-wholesale-germany\/\"><span style=\"vertical-align: inherit\">Kulx 8800Puffar<\/span><\/a><span style=\"vertical-align: inherit\">\u3001<\/span><a href=\"https:\/\/sigvape.com\/product\/wholesale-randm-tornado-10000-plus\/\"><span style=\"vertical-align: inherit\">Bang King 12000 bloss<\/span><\/a><span style=\"vertical-align: inherit\">\/ <\/span><a href=\"https:\/\/vapebulkp.com\/sv\/product\/good-sale-randm-tornado-10000-puffs-plus\/\"><span style=\"vertical-align: inherit\">RandM Tornado 10000 bloss<\/span><\/a><span style=\"vertical-align: inherit\">\/ <\/span><a href=\"https:\/\/sigvape.com\/product\/netherlands-vape-pod-crystal-8000-puffs-wholesale-price\/\"><span style=\"vertical-align: inherit\">Crystal 8000 bloss<\/span><\/a><\/p>\n<p><span style=\"vertical-align: inherit\">E-cigarettflaska med specialform:<\/span><a href=\"https:\/\/vapebulkp.com\/sv\/product\/wholesale-kulx-8000-puffs-disposable-vape\/\"><span style=\"vertical-align: inherit\">Cola-form<\/span><\/a><span style=\"vertical-align: inherit\">\/ <\/span><a href=\"https:\/\/vapebulkp.com\/sv\/product\/popular-bang-king-10000-puffs-vape-good-price\/\"><span style=\"vertical-align: inherit\">RGB-lampor<\/span><\/a><span style=\"vertical-align: inherit\">\/<\/span><a href=\"https:\/\/sigvape.com\/product\/netherlands-vape-pod-crystal-8000-puffs-wholesale-price\/\"><span style=\"vertical-align: inherit\">magisk kristall<\/span><\/a><\/p>\n<h4>Produktionskvalifikation:<\/h4>\n<p><img decoding=\"async\" class=\"alignnone size-full wp-image-1841\" src=\"http:\/\/vapebulkp.com\/wp-content\/uploads\/2023\/11\/Vape-production-process-2.jpeg\" alt=\"Vape produktionsprocess\" width=\"650\" height=\"434\" srcset=\"https:\/\/vapebulkp.com\/wp-content\/uploads\/2023\/11\/Vape-production-process-2.jpeg 650w, https:\/\/vapebulkp.com\/wp-content\/uploads\/2023\/11\/Vape-production-process-2-300x200.jpeg 300w, https:\/\/vapebulkp.com\/wp-content\/uploads\/2023\/11\/Vape-production-process-2-600x401.jpeg 600w\" sizes=\"(max-width: 650px) 100vw, 650px\" \/><\/p>\n<p><img decoding=\"async\" class=\"alignnone size-full wp-image-1843\" src=\"http:\/\/vapebulkp.com\/wp-content\/uploads\/2023\/11\/Vape-production-process.jpeg\" alt=\"Vape produktionsprocess\" width=\"641\" height=\"1026\" srcset=\"https:\/\/vapebulkp.com\/wp-content\/uploads\/2023\/11\/Vape-production-process.jpeg 641w, https:\/\/vapebulkp.com\/wp-content\/uploads\/2023\/11\/Vape-production-process-187x300.jpeg 187w, https:\/\/vapebulkp.com\/wp-content\/uploads\/2023\/11\/Vape-production-process-640x1024.jpeg 640w, https:\/\/vapebulkp.com\/wp-content\/uploads\/2023\/11\/Vape-production-process-600x960.jpeg 600w\" sizes=\"(max-width: 641px) 100vw, 641px\" \/><\/p>\n<h4>Leveransdetaljer:<\/h4>\n<p><span style=\"color: #ff6600\">Produktionstid: 5-10 arbetsdagar<\/span><br \/>\n<span style=\"color: #ff6600\">Leveranstid: 8-14 arbetsdagar<\/span><\/p>\n<p>Alla produkter i v\u00e5r butik \u00e4r 100% originala och autentiska, d\u00e4rf\u00f6r \u00e4r Tiofaldig ers\u00e4ttning f\u00f6r falska varor v\u00e5r butikspolicy. Vi anv\u00e4nder logistikkanaler som UPS\/DHL\/FEDEX\/DPD f\u00f6r att leverera varor till dig.<\/p>\n<p>F\u00f6r paket som skickas inom Sverige tar det vanligtvis 10 arbetsdagar att anl\u00e4nda. Leveranser till andra europeiska l\u00e4nder tar vanligtvis 12 till 15 arbetsdagar att anl\u00e4nda. Vi uppdaterar logistikinformationen f\u00f6r dig i realtid.<\/p>\n<p>Vanliga fr\u00e5gor<br \/>\nF: Vad \u00e4r minsta best\u00e4llningskvantitet f\u00f6r Crystal 600 bloss?<br \/>\nS: Minsta best\u00e4llning \u00e4r 100st.<br \/>\nF: Vad \u00e4r leveranstiden f\u00f6r den best\u00e4llda vapen?<br \/>\nS: Vanligtvis \u00e4r det 10-15 dagar efter leverans<br \/>\nF: Hur mycket kostar frakten? S: Fraktkostnaden beror p\u00e5 vikten. Olika kvantiteter har olika fraktkostnader, v\u00e4nligen kontakta oss f\u00f6r att bekr\u00e4fta fraktkostnaden.<\/p>","protected":false},"excerpt":{"rendered":"<p>Crystal 600 \u00e4r utformad med b\u00e4rbarhet i \u00e5tanke, den \u00e4r kompakt och ergonomisk och passar bekv\u00e4mt i din hand eller ficka. Den \u00e4r din idealiska f\u00f6ljeslagare f\u00f6r vaping p\u00e5 spr\u00e5ng, vilket s\u00e4kerst\u00e4ller att du kan njuta av dina favorit smaker vart livet \u00e4n tar dig. S\u00e4g adj\u00f6 till komplexiteten med traditionell vaping. Crystal 600 kr\u00e4ver ingen laddning, p\u00e5fyllning eller byte av spolar. Packa bara upp, andas in och njut av den extraordin\u00e4ra \u00e5ngan. Lyft ditt vaping-spel till nya h\u00f6jder med Crystal 600 Eng\u00e5ngs E-Cigarett.<\/p>\n<p><img decoding=\"async\" class=\"alignnone size-medium wp-image-1455\" src=\"http:\/\/vapebulkp.com\/wp-content\/uploads\/2021\/08\/WhatsApp-300x279.jpg\" alt=\"\" width=\"300\" height=\"279\" srcset=\"https:\/\/vapebulkp.com\/wp-content\/uploads\/2021\/08\/WhatsApp-300x279.jpg 300w, https:\/\/vapebulkp.com\/wp-content\/uploads\/2021\/08\/WhatsApp-1024x951.jpg 1024w, https:\/\/vapebulkp.com\/wp-content\/uploads\/2021\/08\/WhatsApp-768x713.jpg 768w, https:\/\/vapebulkp.com\/wp-content\/uploads\/2021\/08\/WhatsApp-600x557.jpg 600w, https:\/\/vapebulkp.com\/wp-content\/uploads\/2021\/08\/WhatsApp.jpg 1080w\" sizes=\"(max-width: 300px) 100vw, 300px\" \/><\/p>\n<p>Kontakta Mandy via WhatsApp f\u00f6r rabatterat pris<a href=\"https:\/\/wa.me\/8618077105796\">+8618077105796<\/a><\/p>\n<p><span style=\"color: #ff0000\">OBS: Priserna p\u00e5 v\u00e5r webbplats inkluderar inte fraktkostnader<\/span><\/p>","protected":false},"featured_media":1684,"comment_status":"open","ping_status":"closed","template":"","meta":{"_uag_custom_page_level_css":"","_lmt_disableupdate":"no","_lmt_disable":"","site-sidebar-layout":"default","site-content-layout":"content-boxed-container","ast-site-content-layout":"normal-width-container","site-content-style":"boxed","site-sidebar-style":"unboxed","ast-global-header-display":"","ast-banner-title-visibility":"","ast-main-header-display":"","ast-hfb-above-header-display":"","ast-hfb-below-header-display":"","ast-hfb-mobile-header-display":"","site-post-title":"","ast-breadcrumbs-content":"","ast-featured-img":"","footer-sml-layout":"","theme-transparent-header-meta":"default","adv-header-id-meta":"","stick-header-meta":"","header-above-stick-meta":"","header-main-stick-meta":"","header-below-stick-meta":"","astra-migrate-meta-layouts":"set","_joinchat":[]},"product_cat":[153,155,30,33,59,100,34,158,157,154,152,58,84,156,63,32],"product_tag":[35,36,37,74],"class_list":["post-233","product","type-product","status-publish","has-post-thumbnail","hentry","product_cat-hot-disposable-vapes","product_cat-belgium-hot-disposable-vapes","product_cat-crystal-600-vape","product_cat-france-vape-hot-sale","product_cat-germany-hot-disposable-vape","product_cat-germany-wholesale-vape-shop","product_cat-netherlands-vape-good-sale","product_cat-norway-hot-disposable-vapes","product_cat-poland-hot-disposable-vapes","product_cat-portugal-hot-disposable-vapes","product_cat-spain-hot-disposable-vapes","product_cat-sweden-hot-disposable-vape","product_cat-sweden-wholesale-vape","product_cat-switzerland-hot-disposable-vapes","product_cat-top-sale-disposable-vape","product_cat-vape-hot-sale-this-week","product_tag-600puffs","product_tag-good-vape","product_tag-hot-sale-disposable-vape","product_tag-randm-vape","desktop-align-left","tablet-align-left","mobile-align-left"],"yoast_head":"<!-- This site is optimized with the Yoast SEO plugin v21.1 - https:\/\/yoast.com\/wordpress\/plugins\/seo\/ -->\n<title>Wholesale Price Disposable Vape Crystal 600 Puffs - vapebulkp.com<\/title>\n<meta name=\"description\" content=\"Enjoy smooth, convenient vaping with the 600 Puffs Disposable Vape, featuring rich flavors and a portable, ready-to-use design for European vapers.\" \/>\n<meta name=\"robots\" content=\"index, follow, max-snippet:-1, max-image-preview:large, max-video-preview:-1\" \/>\n<link rel=\"canonical\" href=\"https:\/\/vapebulkp.com\/sv\/product\/disposable-vape-crystal-600-puffs\/\" \/>\n<meta property=\"og:locale\" content=\"sv_SE\" \/>\n<meta property=\"og:type\" content=\"article\" \/>\n<meta property=\"og:title\" content=\"Wholesale Price Disposable Vape Crystal 600 Puffs - vapebulkp.com\" \/>\n<meta property=\"og:description\" content=\"Enjoy smooth, convenient vaping with the 600 Puffs Disposable Vape, featuring rich flavors and a portable, ready-to-use design for European vapers.\" \/>\n<meta property=\"og:url\" content=\"https:\/\/vapebulkp.com\/sv\/product\/disposable-vape-crystal-600-puffs\/\" \/>\n<meta property=\"og:site_name\" content=\"vapebulkp.com\" \/>\n<meta property=\"article:modified_time\" content=\"2025-09-01T08:39:43+00:00\" \/>\n<meta property=\"og:image\" content=\"http:\/\/vapebulkp.com\/wp-content\/uploads\/2021\/08\/Crystal-600-Manufacturers.png\" \/>\n\t<meta property=\"og:image:width\" content=\"500\" \/>\n\t<meta property=\"og:image:height\" content=\"500\" \/>\n\t<meta property=\"og:image:type\" content=\"image\/png\" \/>\n<meta name=\"twitter:card\" content=\"summary_large_image\" \/>\n<meta name=\"twitter:label1\" content=\"Ber\u00e4knad l\u00e4stid\" \/>\n\t<meta name=\"twitter:data1\" content=\"4 minuter\" \/>\n<script type=\"application\/ld+json\" class=\"yoast-schema-graph\">{\"@context\":\"https:\/\/schema.org\",\"@graph\":[{\"@type\":\"WebPage\",\"@id\":\"https:\/\/vapebulkp.com\/product\/disposable-vape-crystal-600-puffs\/\",\"url\":\"https:\/\/vapebulkp.com\/product\/disposable-vape-crystal-600-puffs\/\",\"name\":\"Wholesale Price Disposable Vape Crystal 600 Puffs - vapebulkp.com\",\"isPartOf\":{\"@id\":\"https:\/\/vapebulkp.com\/#website\"},\"datePublished\":\"2021-08-18T01:20:53+00:00\",\"dateModified\":\"2025-09-01T08:39:43+00:00\",\"description\":\"Enjoy smooth, convenient vaping with the 600 Puffs Disposable Vape, featuring rich flavors and a portable, ready-to-use design for European vapers.\",\"breadcrumb\":{\"@id\":\"https:\/\/vapebulkp.com\/product\/disposable-vape-crystal-600-puffs\/#breadcrumb\"},\"inLanguage\":\"sv-SE\",\"potentialAction\":[{\"@type\":\"ReadAction\",\"target\":[\"https:\/\/vapebulkp.com\/product\/disposable-vape-crystal-600-puffs\/\"]}]},{\"@type\":\"BreadcrumbList\",\"@id\":\"https:\/\/vapebulkp.com\/product\/disposable-vape-crystal-600-puffs\/#breadcrumb\",\"itemListElement\":[{\"@type\":\"ListItem\",\"position\":1,\"name\":\"Home\",\"item\":\"https:\/\/vapebulkp.com\/\"},{\"@type\":\"ListItem\",\"position\":2,\"name\":\"Hot Trend Vapes\",\"item\":\"https:\/\/vapebulkp.com\/vape-shop\/\"},{\"@type\":\"ListItem\",\"position\":3,\"name\":\"Wholesale Price Disposable Vape Crystal 600 Puffs\"}]},{\"@type\":\"WebSite\",\"@id\":\"https:\/\/vapebulkp.com\/#website\",\"url\":\"https:\/\/vapebulkp.com\/\",\"name\":\"vapebulkp.com\",\"description\":\"Buy Vape In Cheap Bulk Price Near you\",\"publisher\":{\"@id\":\"https:\/\/vapebulkp.com\/#organization\"},\"potentialAction\":[{\"@type\":\"SearchAction\",\"target\":{\"@type\":\"EntryPoint\",\"urlTemplate\":\"https:\/\/vapebulkp.com\/?s={search_term_string}\"},\"query-input\":\"required name=search_term_string\"}],\"inLanguage\":\"sv-SE\"},{\"@type\":\"Organization\",\"@id\":\"https:\/\/vapebulkp.com\/#organization\",\"name\":\"vapebulkp.com\",\"url\":\"https:\/\/vapebulkp.com\/\",\"logo\":{\"@type\":\"ImageObject\",\"inLanguage\":\"sv-SE\",\"@id\":\"https:\/\/vapebulkp.com\/#\/schema\/logo\/image\/\",\"url\":\"https:\/\/vapebulkp.com\/wp-content\/uploads\/2023\/09\/cropped-vapebulkp.png\",\"contentUrl\":\"https:\/\/vapebulkp.com\/wp-content\/uploads\/2023\/09\/cropped-vapebulkp.png\",\"width\":516,\"height\":163,\"caption\":\"vapebulkp.com\"},\"image\":{\"@id\":\"https:\/\/vapebulkp.com\/#\/schema\/logo\/image\/\"}}]}<\/script>\n<!-- \/ Yoast SEO plugin. -->","yoast_head_json":{"title":"Wholesale Price Disposable Vape Crystal 600 Puffs - vapebulkp.com","description":"Enjoy smooth, convenient vaping with the 600 Puffs Disposable Vape, featuring rich flavors and a portable, ready-to-use design for European vapers.","robots":{"index":"index","follow":"follow","max-snippet":"max-snippet:-1","max-image-preview":"max-image-preview:large","max-video-preview":"max-video-preview:-1"},"canonical":"https:\/\/vapebulkp.com\/sv\/product\/disposable-vape-crystal-600-puffs\/","og_locale":"sv_SE","og_type":"article","og_title":"Wholesale Price Disposable Vape Crystal 600 Puffs - vapebulkp.com","og_description":"Enjoy smooth, convenient vaping with the 600 Puffs Disposable Vape, featuring rich flavors and a portable, ready-to-use design for European vapers.","og_url":"https:\/\/vapebulkp.com\/sv\/product\/disposable-vape-crystal-600-puffs\/","og_site_name":"vapebulkp.com","article_modified_time":"2025-09-01T08:39:43+00:00","og_image":[{"width":500,"height":500,"url":"http:\/\/vapebulkp.com\/wp-content\/uploads\/2021\/08\/Crystal-600-Manufacturers.png","type":"image\/png"}],"twitter_card":"summary_large_image","twitter_misc":{"Ber\u00e4knad l\u00e4stid":"4 minuter"},"schema":{"@context":"https:\/\/schema.org","@graph":[{"@type":"WebPage","@id":"https:\/\/vapebulkp.com\/product\/disposable-vape-crystal-600-puffs\/","url":"https:\/\/vapebulkp.com\/product\/disposable-vape-crystal-600-puffs\/","name":"Wholesale Price Disposable Vape Crystal 600 Puffs - vapebulkp.com","isPartOf":{"@id":"https:\/\/vapebulkp.com\/#website"},"datePublished":"2021-08-18T01:20:53+00:00","dateModified":"2025-09-01T08:39:43+00:00","description":"Enjoy smooth, convenient vaping with the 600 Puffs Disposable Vape, featuring rich flavors and a portable, ready-to-use design for European vapers.","breadcrumb":{"@id":"https:\/\/vapebulkp.com\/product\/disposable-vape-crystal-600-puffs\/#breadcrumb"},"inLanguage":"sv-SE","potentialAction":[{"@type":"ReadAction","target":["https:\/\/vapebulkp.com\/product\/disposable-vape-crystal-600-puffs\/"]}]},{"@type":"BreadcrumbList","@id":"https:\/\/vapebulkp.com\/product\/disposable-vape-crystal-600-puffs\/#breadcrumb","itemListElement":[{"@type":"ListItem","position":1,"name":"Home","item":"https:\/\/vapebulkp.com\/"},{"@type":"ListItem","position":2,"name":"Hot Trend Vapes","item":"https:\/\/vapebulkp.com\/vape-shop\/"},{"@type":"ListItem","position":3,"name":"Wholesale Price Disposable Vape Crystal 600 Puffs"}]},{"@type":"WebSite","@id":"https:\/\/vapebulkp.com\/#website","url":"https:\/\/vapebulkp.com\/","name":"vapebulkp.com","description":"Buy Vape In Cheap Bulk Price Near you","publisher":{"@id":"https:\/\/vapebulkp.com\/#organization"},"potentialAction":[{"@type":"SearchAction","target":{"@type":"EntryPoint","urlTemplate":"https:\/\/vapebulkp.com\/?s={search_term_string}"},"query-input":"required name=search_term_string"}],"inLanguage":"sv-SE"},{"@type":"Organization","@id":"https:\/\/vapebulkp.com\/#organization","name":"vapebulkp.com","url":"https:\/\/vapebulkp.com\/","logo":{"@type":"ImageObject","inLanguage":"sv-SE","@id":"https:\/\/vapebulkp.com\/#\/schema\/logo\/image\/","url":"https:\/\/vapebulkp.com\/wp-content\/uploads\/2023\/09\/cropped-vapebulkp.png","contentUrl":"https:\/\/vapebulkp.com\/wp-content\/uploads\/2023\/09\/cropped-vapebulkp.png","width":516,"height":163,"caption":"vapebulkp.com"},"image":{"@id":"https:\/\/vapebulkp.com\/#\/schema\/logo\/image\/"}}]}},"uagb_featured_image_src":{"full":["https:\/\/vapebulkp.com\/wp-content\/uploads\/2021\/08\/Crystal-600-Manufacturers.png",500,500,false],"thumbnail":["https:\/\/vapebulkp.com\/wp-content\/uploads\/2021\/08\/Crystal-600-Manufacturers-150x150.png",150,150,true],"medium":["https:\/\/vapebulkp.com\/wp-content\/uploads\/2021\/08\/Crystal-600-Manufacturers-300x300.png",300,300,true],"medium_large":["https:\/\/vapebulkp.com\/wp-content\/uploads\/2021\/08\/Crystal-600-Manufacturers.png",500,500,false],"large":["https:\/\/vapebulkp.com\/wp-content\/uploads\/2021\/08\/Crystal-600-Manufacturers.png",500,500,false],"1536x1536":["https:\/\/vapebulkp.com\/wp-content\/uploads\/2021\/08\/Crystal-600-Manufacturers.png",500,500,false],"2048x2048":["https:\/\/vapebulkp.com\/wp-content\/uploads\/2021\/08\/Crystal-600-Manufacturers.png",500,500,false],"trp-custom-language-flag":["https:\/\/vapebulkp.com\/wp-content\/uploads\/2021\/08\/Crystal-600-Manufacturers.png",12,12,false],"woocommerce_thumbnail":["https:\/\/vapebulkp.com\/wp-content\/uploads\/2021\/08\/Crystal-600-Manufacturers-300x300.png",300,300,true],"woocommerce_single":["https:\/\/vapebulkp.com\/wp-content\/uploads\/2021\/08\/Crystal-600-Manufacturers.png",500,500,false],"woocommerce_gallery_thumbnail":["https:\/\/vapebulkp.com\/wp-content\/uploads\/2021\/08\/Crystal-600-Manufacturers-100x100.png",100,100,true],"wcpr-photo-reviews":["https:\/\/vapebulkp.com\/wp-content\/uploads\/2021\/08\/Crystal-600-Manufacturers.png",500,500,false]},"uagb_author_info":{"display_name":"vapebulkp.com","author_link":"https:\/\/vapebulkp.com\/sv\/author\/"},"uagb_comment_info":1,"uagb_excerpt":"Designed with portability in mind, the Crystal 600 is compact and ergonomic, fitting comfortably in your hand or pocket. It's your ideal companion for vaping on the go, ensuring you can enjoy your favorite flavors wherever life takes you.Bid farewell to the complexities of traditional vaping. The Crystal 600 requires no charging, refilling, or coil&hellip;","_links":{"self":[{"href":"https:\/\/vapebulkp.com\/sv\/wp-json\/wp\/v2\/product\/233","targetHints":{"allow":["GET"]}}],"collection":[{"href":"https:\/\/vapebulkp.com\/sv\/wp-json\/wp\/v2\/product"}],"about":[{"href":"https:\/\/vapebulkp.com\/sv\/wp-json\/wp\/v2\/types\/product"}],"replies":[{"embeddable":true,"href":"https:\/\/vapebulkp.com\/sv\/wp-json\/wp\/v2\/comments?post=233"}],"wp:featuredmedia":[{"embeddable":true,"href":"https:\/\/vapebulkp.com\/sv\/wp-json\/wp\/v2\/media\/1684"}],"wp:attachment":[{"href":"https:\/\/vapebulkp.com\/sv\/wp-json\/wp\/v2\/media?parent=233"}],"wp:term":[{"taxonomy":"product_cat","embeddable":true,"href":"https:\/\/vapebulkp.com\/sv\/wp-json\/wp\/v2\/product_cat?post=233"},{"taxonomy":"product_tag","embeddable":true,"href":"https:\/\/vapebulkp.com\/sv\/wp-json\/wp\/v2\/product_tag?post=233"}],"curies":[{"name":"wp","href":"https:\/\/api.w.org\/{rel}","templated":true}]}}