{"id":2336,"date":"2024-04-28T08:11:05","date_gmt":"2024-04-28T06:11:05","guid":{"rendered":"https:\/\/vapebulkp.com\/?post_type=product&#038;p=2336"},"modified":"2025-09-17T10:34:35","modified_gmt":"2025-09-17T08:34:35","slug":"best-price-wga-crystal-pro-max-15k-puffs-original-vape","status":"publish","type":"product","link":"https:\/\/vapebulkp.com\/sv\/product\/best-price-wga-crystal-pro-max-15k-puffs-original-vape\/","title":{"rendered":"B\u00e4sta pris WGA Crystal Pro Max 15k Puffar Original Vape"},"content":{"rendered":"<h2>B\u00e4sta pris WGA Crystal Pro Max 15k Puffar Original Vape<\/h2>\n<p data-start=\"170\" data-end=\"465\">Den <strong data-start=\"174\" data-end=\"201\">WGA Crystal Pro Max 15k Puffar<\/strong> \u00e4r en h\u00f6gpresterande <a href=\"https:\/\/vapebulkp.com\/sv\/product-category\/15000-puffs-disposable-vape\/\"><strong data-start=\"224\" data-end=\"255\">15000 Puffs Eng\u00e5ngs Vape<\/strong><\/a> tillverkad f\u00f6r svenska vapingentusiaster som v\u00e4rdes\u00e4tter l\u00e5ngvarig kraft och f\u00f6rstklassig smak. Designad med <strong data-start=\"359\" data-end=\"383\">mesh coil-teknologi<\/strong>, den levererar smidig, t\u00e4t \u00e5nga och konsekvent smak genom alla 15 000 bloss.<\/p>\n<p data-start=\"467\" data-end=\"732\">Denna <strong data-start=\"472\" data-end=\"505\">eng\u00e5ngsvape med h\u00f6g kapacitet<\/strong> har ett 650mAh batteri, vilket garanterar ut\u00f6kade sessioner utan avbrott. Med 30 noggrant utvalda <strong data-start=\"609\" data-end=\"628\">premiumsmaker<\/strong>, som str\u00e4cker sig fr\u00e5n kylande mentol och f\u00e4rska frukter till dessertinspirerade blandningar, tillfredsst\u00e4ller den varje smak.<\/p>\n<p data-start=\"734\" data-end=\"1055\">Kompakt och <strong data-start=\"746\" data-end=\"765\">resev\u00e4nlig<\/strong>, den <strong data-start=\"771\" data-end=\"820\">WGA Crystal Pro Max 15k Puffs B\u00e4sta Eng\u00e5ngs Vape<\/strong> \u00e4r l\u00e4tt att b\u00e4ra och redo att anv\u00e4ndas, perfekt f\u00f6r daglig anv\u00e4ndning, sociala sammankomster eller vaping p\u00e5 spr\u00e5ng. Genom att kombinera stil, bekv\u00e4mlighet och p\u00e5litlig prestanda, sticker den ut som ett toppval f\u00f6r b\u00e5de avslappnade och erfarna svenska vapers.<\/p>\n<p>&nbsp;<\/p>\n<h6 style=\"text-align: left\"><img decoding=\"async\" class=\"alignnone wp-image-2318\" src=\"http:\/\/vapebulkp.com\/wp-content\/uploads\/2024\/04\/WGA-crystal-Pro-Max-Extra-15k-puffs-France.png\" alt=\"WGA crystal Pro Max Extra 15k bloss Sverige\" width=\"520\" height=\"641\" srcset=\"https:\/\/vapebulkp.com\/wp-content\/uploads\/2024\/04\/WGA-crystal-Pro-Max-Extra-15k-puffs-France.png 535w, https:\/\/vapebulkp.com\/wp-content\/uploads\/2024\/04\/WGA-crystal-Pro-Max-Extra-15k-puffs-France-244x300.png 244w\" sizes=\"(max-width: 520px) 100vw, 520px\" \/>\u3002<\/h6>\n<h6>Kontakta Mandy via WhatsApp f\u00f6r rabatterat pris<a href=\"https:\/\/wa.me\/8618077105796\">+8618077105796<\/a><\/h6>\n<p><img decoding=\"async\" class=\"alignnone wp-image-2151\" src=\"http:\/\/vapebulkp.com\/wp-content\/uploads\/2024\/04\/Mandy-WhatsApp-Randm.jpg\" alt=\"Mandy WhatsApp Randm\" width=\"271\" height=\"289\" srcset=\"https:\/\/vapebulkp.com\/wp-content\/uploads\/2024\/04\/Mandy-WhatsApp-Randm.jpg 916w, https:\/\/vapebulkp.com\/wp-content\/uploads\/2024\/04\/Mandy-WhatsApp-Randm-282x300.jpg 282w, https:\/\/vapebulkp.com\/wp-content\/uploads\/2024\/04\/Mandy-WhatsApp-Randm-768x817.jpg 768w, https:\/\/vapebulkp.com\/wp-content\/uploads\/2024\/04\/Mandy-WhatsApp-Randm-600x638.jpg 600w\" sizes=\"(max-width: 271px) 100vw, 271px\" \/><\/p>\n<h2><span style=\"vertical-align: inherit\">T\u00e4nkte att du kanske vill veta om WGA Crystal Pro Max Extra puff 15k Crystal Vapes:<\/span><\/h2>\n<p>&nbsp;<\/p>\n<h6 class=\"style-scope ytd-watch-metadata\">1.Hur man anv\u00e4nder 15000 WGA Crystal Pro Max 15k Puffs Vape?<\/h6>\n<p>Denna WGA Crystal Pro Max Extra 15k puffs eng\u00e5ngs e-cigarett anv\u00e4nder oljek\u00e4rneseparationsteknologi, v\u00e4nligen anv\u00e4nd den enligt instruktionerna.<br \/>\nInstruktioner:<br \/>\n1: Riv upp produktf\u00f6rpackningen<br \/>\n2: Riv av den nedre klisterm\u00e4rken<br \/>\n3: L\u00e5t den sitta i 3 minuter f\u00f6re anv\u00e4ndning.<\/p>\n<h6>2.Hur man laddar WGA Crystal 15000 Puffs Crystal Vape Kopen:<\/h6>\n<p>Snabbladdare kan inte anv\u00e4ndas, och den s\u00e4kra standardeffekten f\u00f6r eng\u00e5ngs-e-cigaretter \u00e4r 5V 1A.<\/p>\n<p>Varje laddningstid f\u00e5r inte \u00f6verstiga 1 timme, och den s\u00e4kra laddningstiden \u00e4r en halvtimme.<\/p>\n<p><span style=\"color: #ff6600\">Observera: kan inte ladda om hela natten!<\/span><\/p>\n<h6>3.Vad \u00e4r e-v\u00e4tskekapaciteten f\u00f6r WGA Crystal Pro Max Extra 15000 Puffs vape?<\/h6>\n<p>\u2014\u201425ml<\/p>\n<h6>4.Hur l\u00e4nge r\u00e4cker WGA Crystal Pro Max 15000 puffs vape:<\/h6>\n<p>\u2014\u201315000 bloss<\/p>\n<h3 class=\"faqs-answer\"><\/h3>\n<h3><span style=\"vertical-align: inherit\">WGA Crystal Pro Max Extra 15000 Puffs specifikation:<\/span><strong><br \/>\n<\/strong><\/h3>\n<ul>\n<li>Bra batteri: 650mAh (Typ C)<\/li>\n<li>H\u00f6g kapacitet: 25ml<\/li>\n<li>H\u00f6gkvalitativ spole: 0.8 ohm mesh<\/li>\n<li>Upp till 15000 bloss<\/li>\n<li>MTL Vaping och Trippel Mesh Coil<\/li>\n<li>Justerbart luftfl\u00f6de och LED-display<\/li>\n<li>Bekv\u00e4m och b\u00e4rbar, kompakt enhet<\/li>\n<li>20mg (2%) nikotinstyrka<\/li>\n<\/ul>\n<h3>\u00a0B\u00e4sta vape WGA Crystal Pro Max Extra 15000 puffs smaker lista:<\/h3>\n<p>&nbsp;<\/p>\n<p>1.Fizzig K\u00f6rsb\u00e4r<br \/>\n2.Vattenmelon Is<br \/>\n3.Gummibj\u00f6rn<br \/>\n4. Bl\u00e5b\u00e4r Hallon<br \/>\n5.Citron Lime<br \/>\n6.Jordgubb Is<br \/>\n7.Bl\u00e5b\u00e4r Sur Hallon<br \/>\n8.Bl\u00e5 Razz Is<br \/>\n9.Skittles<br \/>\n10.Bl\u00e5b\u00e4r K\u00f6rsb\u00e4r Tranb\u00e4r<br \/>\n11.K\u00f6rsb\u00e4r Is<br \/>\n12.Trippel Mango<br \/>\n13.Ananas Is<br \/>\n14.Banan Is<br \/>\n15.Sommardr\u00f6m<br \/>\n16.Frisk Mynta<br \/>\n17.Bj\u00f6rnb\u00e4r Bl\u00e5b\u00e4r Hallon<br \/>\n18.Mogu Mogu Litchi<br \/>\n19.Jordgubbsisglass<br \/>\n20.Jordgubb k\u00f6rsb\u00e4r tuggummi<br \/>\n21.Oas Slush<br \/>\n22.WGA Bl\u00e5<br \/>\n23.WGA Rosa<br \/>\n24.Prime Jordgubb Vattenmelon<br \/>\n25.Hubba Bubba<br \/>\n26.Saftig Persika<br \/>\n27. Bl\u00e5b\u00e4rs-isglass<br \/>\n28.Jordgubb Hallon K\u00f6rsb\u00e4r Is<br \/>\n29.Bj\u00f6rnb\u00e4r Bl\u00e5b\u00e4r Hallon<br \/>\n30.Hallon K\u00f6rsb\u00e4r Is<\/p>\n<p><a href=\"https:\/\/vapebulkp.com\/sv\/product\/cloud-bar-tornado-9000puffs-randm-vape-original-vape\/\"><span style=\"vertical-align: inherit\">Bra f\u00f6rs\u00e4ljning Vape Cloud Bar 9000 Puffar<\/span><\/a><\/p>\n<p><span style=\"vertical-align: inherit\">Hitta fler produkter du kanske gillar:<\/span><em><a href=\"https:\/\/wa.me\/8618077105796\"><span style=\"vertical-align: inherit\">\u00a0K\u00f6p nu<\/span><\/a><\/em><\/p>\n<p><span style=\"vertical-align: inherit\">Andra Puffs du kanske gillar:<\/span><a href=\"https:\/\/vapebulkp.com\/sv\/product\/good-vape-jnr-shisha-15000-puffs-wholesale-vapme-shisha\/\"><span style=\"vertical-align: inherit\">JNR Vapme shisha 15000 Puffar<\/span><\/a><span style=\"vertical-align: inherit\">\u3001<\/span><a href=\"https:\/\/vapebulkp.com\/sv\/product\/good-sale-randm-tornado-10000-puffs-plus\/\"><span style=\"vertical-align: inherit\">Randm 10000 bloss<\/span><\/a><span style=\"vertical-align: inherit\">\/ <\/span><a href=\"https:\/\/vapebulkp.com\/sv\/product\/popular-vape-bang-king-15000-puffs-bang-vape\/\"><span style=\"vertical-align: inherit\">Bang King 15000 Puffar<\/span><\/a><span style=\"vertical-align: inherit\">\/ <\/span><a href=\"https:\/\/vapebulkp.com\/sv\/product\/popular-randm-tornado-7000puffs-disposable-vape-best-price\/\"><span style=\"vertical-align: inherit\">RandM Tornado 7000 bloss<\/span><\/a><\/p>\n<p><span style=\"vertical-align: inherit\">E-cigarettflaska med specialform:<\/span><a href=\"https:\/\/vapebulkp.com\/sv\/product\/bang-tornado-12000-puffs-rechargeable-disposable-pod\/\"><span style=\"vertical-align: inherit\">Bang Tornado 12000 bloss <\/span><\/a><span style=\"vertical-align: inherit\">\/ <\/span><a href=\"https:\/\/vapebulkp.com\/sv\/product\/wholesale-tornado-rum-bar-9000-puffs-sweden\/\"><span style=\"vertical-align: inherit\">Rumbar 9000 bloss<\/span><\/a><span style=\"vertical-align: inherit\">\/<\/span><a href=\"https:\/\/vapebulkp.com\/sv\/product\/top-sale-waspe-12000puffs-disposable-vape-wholesale-france\/\"><span style=\"vertical-align: inherit\">WASPE 12000 bloss<\/span><\/a><\/p>\n<h4>Produktionskvalifikation:<\/h4>\n<p><img decoding=\"async\" class=\"alignnone size-full wp-image-1841\" src=\"http:\/\/vapebulkp.com\/wp-content\/uploads\/2023\/11\/Vape-production-process-2.jpeg\" alt=\"Vape produktionsprocess\" width=\"650\" height=\"434\" srcset=\"https:\/\/vapebulkp.com\/wp-content\/uploads\/2023\/11\/Vape-production-process-2.jpeg 650w, https:\/\/vapebulkp.com\/wp-content\/uploads\/2023\/11\/Vape-production-process-2-300x200.jpeg 300w, https:\/\/vapebulkp.com\/wp-content\/uploads\/2023\/11\/Vape-production-process-2-600x401.jpeg 600w\" sizes=\"(max-width: 650px) 100vw, 650px\" \/><\/p>\n<p><img decoding=\"async\" class=\"alignnone size-full wp-image-1843\" src=\"http:\/\/vapebulkp.com\/wp-content\/uploads\/2023\/11\/Vape-production-process.jpeg\" alt=\"Vape produktionsprocess\" width=\"641\" height=\"1026\" srcset=\"https:\/\/vapebulkp.com\/wp-content\/uploads\/2023\/11\/Vape-production-process.jpeg 641w, https:\/\/vapebulkp.com\/wp-content\/uploads\/2023\/11\/Vape-production-process-187x300.jpeg 187w, https:\/\/vapebulkp.com\/wp-content\/uploads\/2023\/11\/Vape-production-process-640x1024.jpeg 640w, https:\/\/vapebulkp.com\/wp-content\/uploads\/2023\/11\/Vape-production-process-600x960.jpeg 600w\" sizes=\"(max-width: 641px) 100vw, 641px\" \/><\/p>\n<p>&nbsp;<\/p>\n<h4>Leveransdetaljer:<\/h4>\n<p><span style=\"color: #ff6600\">Produktionstid: 5-10 arbetsdagar<\/span><br \/>\n<span style=\"color: #ff6600\">Leveranstid: 8-14 arbetsdagar<\/span><\/p>\n<p>Alla produkter i v\u00e5r butik \u00e4r 100% originala och autentiska, d\u00e4rf\u00f6r \u00e4r Tiofaldig ers\u00e4ttning f\u00f6r falska varor v\u00e5r butikspolicy. Vi anv\u00e4nder logistikkanaler som UPS\/DHL\/FEDEX\/DPD f\u00f6r att leverera varor till dig.<\/p>\n<p>F\u00f6r paket som skickas inom Sverige tar det vanligtvis 10 arbetsdagar att anl\u00e4nda. Leveranser till andra europeiska l\u00e4nder tar vanligtvis 12 till 15 arbetsdagar att anl\u00e4nda. Vi uppdaterar logistikinformationen f\u00f6r dig i realtid.<\/p>","protected":false},"excerpt":{"rendered":"<p>Topprea Vape WGA Crystal Pro Max 15k Puffs<\/p>\n<p>Kontakta Mandy via WhatsApp f\u00f6r rabatterat pris<a href=\"https:\/\/wa.me\/8618077105796\">+8618077105796<\/a><\/p>\n<p><img decoding=\"async\" class=\"alignnone wp-image-2151\" src=\"http:\/\/vapebulkp.com\/wp-content\/uploads\/2024\/04\/Mandy-WhatsApp-Randm.jpg\" alt=\"Mandy WhatsApp Randm\" width=\"297\" height=\"316\" srcset=\"https:\/\/vapebulkp.com\/wp-content\/uploads\/2024\/04\/Mandy-WhatsApp-Randm.jpg 916w, https:\/\/vapebulkp.com\/wp-content\/uploads\/2024\/04\/Mandy-WhatsApp-Randm-282x300.jpg 282w, https:\/\/vapebulkp.com\/wp-content\/uploads\/2024\/04\/Mandy-WhatsApp-Randm-768x817.jpg 768w, https:\/\/vapebulkp.com\/wp-content\/uploads\/2024\/04\/Mandy-WhatsApp-Randm-600x638.jpg 600w\" sizes=\"(max-width: 297px) 100vw, 297px\" \/><\/p>\n<p><span style=\"color: #ff0000\">OBS: Priserna p\u00e5 v\u00e5r webbplats inkluderar inte fraktkostnader<\/span><\/p>\n<p>Huvudanledningar till k\u00f6p<br \/>\n1. Utm\u00e4rkt kvalitet och o\u00f6vertr\u00e4ffad prestanda.<\/p>\n<p>2. Konkurrenskraftigt pris och snabbt v\u00e4rde.<\/p>\n<p>3. Flera alternativ och snabb leverans.<\/p>\n<p>4. En tillfredsst\u00e4llande shoppingupplevelse<\/p>","protected":false},"featured_media":2322,"comment_status":"open","ping_status":"closed","template":"","meta":{"_uag_custom_page_level_css":"","_lmt_disableupdate":"no","_lmt_disable":"","site-sidebar-layout":"default","site-content-layout":"content-boxed-container","ast-site-content-layout":"normal-width-container","site-content-style":"boxed","site-sidebar-style":"unboxed","ast-global-header-display":"","ast-banner-title-visibility":"","ast-main-header-display":"","ast-hfb-above-header-display":"","ast-hfb-below-header-display":"","ast-hfb-mobile-header-display":"","site-post-title":"","ast-breadcrumbs-content":"","ast-featured-img":"","footer-sml-layout":"","theme-transparent-header-meta":"default","adv-header-id-meta":"","stick-header-meta":"","header-above-stick-meta":"","header-main-stick-meta":"","header-below-stick-meta":"","astra-migrate-meta-layouts":"set","_joinchat":[]},"product_cat":[165,153,155,33,59,100,87,34,158,157,154,152,58,84,156,63,32,366],"product_tag":[77,36,37,41,75,40],"class_list":["post-2336","product","type-product","status-publish","has-post-thumbnail","hentry","product_cat-15000-puffs-disposable-vape","product_cat-hot-disposable-vapes","product_cat-belgium-hot-disposable-vapes","product_cat-france-vape-hot-sale","product_cat-germany-hot-disposable-vape","product_cat-germany-wholesale-vape-shop","product_cat-minimum-order-quantity-50pcs","product_cat-netherlands-vape-good-sale","product_cat-norway-hot-disposable-vapes","product_cat-poland-hot-disposable-vapes","product_cat-portugal-hot-disposable-vapes","product_cat-spain-hot-disposable-vapes","product_cat-sweden-hot-disposable-vape","product_cat-sweden-wholesale-vape","product_cat-switzerland-hot-disposable-vapes","product_cat-top-sale-disposable-vape","product_cat-vape-hot-sale-this-week","product_cat-wga-vape","product_tag-15000-puffs","product_tag-good-vape","product_tag-hot-sale-disposable-vape","product_tag-poland-hot-vape","product_tag-randm-vape-9000-puffs","product_tag-sweden-hot-vape","pa_brand-wga-vape","desktop-align-left","tablet-align-left","mobile-align-left"],"yoast_head":"<!-- This site is optimized with the Yoast SEO plugin v21.1 - https:\/\/yoast.com\/wordpress\/plugins\/seo\/ -->\n<title>Best Price WGA Crystal Pro Max 15k Puffs Original Vape - vapebulkp.com<\/title>\n<meta name=\"description\" content=\"Best Price WGA Crystal Pro Max 15k Puffs Original Vape , setting a new standard in disposable vaping. With an impressive puff count of 15,000 and a selection of 30 distinct flavors,\" \/>\n<meta name=\"robots\" content=\"index, follow, max-snippet:-1, max-image-preview:large, max-video-preview:-1\" \/>\n<link rel=\"canonical\" href=\"https:\/\/vapebulkp.com\/sv\/product\/best-price-wga-crystal-pro-max-15k-puffs-original-vape\/\" \/>\n<meta property=\"og:locale\" content=\"sv_SE\" \/>\n<meta property=\"og:type\" content=\"article\" \/>\n<meta property=\"og:title\" content=\"Best Price WGA Crystal Pro Max 15k Puffs Original Vape - vapebulkp.com\" \/>\n<meta property=\"og:description\" content=\"Best Price WGA Crystal Pro Max 15k Puffs Original Vape , setting a new standard in disposable vaping. With an impressive puff count of 15,000 and a selection of 30 distinct flavors,\" \/>\n<meta property=\"og:url\" content=\"https:\/\/vapebulkp.com\/sv\/product\/best-price-wga-crystal-pro-max-15k-puffs-original-vape\/\" \/>\n<meta property=\"og:site_name\" content=\"vapebulkp.com\" \/>\n<meta property=\"article:modified_time\" content=\"2025-09-17T08:34:35+00:00\" \/>\n<meta property=\"og:image\" content=\"http:\/\/vapebulkp.com\/wp-content\/uploads\/2024\/04\/WGA-crystal-Pro-Max-Extra-15000-puff-Discount-Price-scaled.jpg\" \/>\n\t<meta property=\"og:image:width\" content=\"1922\" \/>\n\t<meta property=\"og:image:height\" content=\"2560\" \/>\n\t<meta property=\"og:image:type\" content=\"image\/jpeg\" \/>\n<meta name=\"twitter:card\" content=\"summary_large_image\" \/>\n<meta name=\"twitter:label1\" content=\"Ber\u00e4knad l\u00e4stid\" \/>\n\t<meta name=\"twitter:data1\" content=\"4 minuter\" \/>\n<script type=\"application\/ld+json\" class=\"yoast-schema-graph\">{\"@context\":\"https:\/\/schema.org\",\"@graph\":[{\"@type\":\"WebPage\",\"@id\":\"https:\/\/vapebulkp.com\/product\/best-price-wga-crystal-pro-max-15k-puffs-original-vape\/\",\"url\":\"https:\/\/vapebulkp.com\/product\/best-price-wga-crystal-pro-max-15k-puffs-original-vape\/\",\"name\":\"Best Price WGA Crystal Pro Max 15k Puffs Original Vape - vapebulkp.com\",\"isPartOf\":{\"@id\":\"https:\/\/vapebulkp.com\/#website\"},\"datePublished\":\"2024-04-28T06:11:05+00:00\",\"dateModified\":\"2025-09-17T08:34:35+00:00\",\"description\":\"Best Price WGA Crystal Pro Max 15k Puffs Original Vape , setting a new standard in disposable vaping. With an impressive puff count of 15,000 and a selection of 30 distinct flavors,\",\"breadcrumb\":{\"@id\":\"https:\/\/vapebulkp.com\/product\/best-price-wga-crystal-pro-max-15k-puffs-original-vape\/#breadcrumb\"},\"inLanguage\":\"sv-SE\",\"potentialAction\":[{\"@type\":\"ReadAction\",\"target\":[\"https:\/\/vapebulkp.com\/product\/best-price-wga-crystal-pro-max-15k-puffs-original-vape\/\"]}]},{\"@type\":\"BreadcrumbList\",\"@id\":\"https:\/\/vapebulkp.com\/product\/best-price-wga-crystal-pro-max-15k-puffs-original-vape\/#breadcrumb\",\"itemListElement\":[{\"@type\":\"ListItem\",\"position\":1,\"name\":\"Home\",\"item\":\"https:\/\/vapebulkp.com\/\"},{\"@type\":\"ListItem\",\"position\":2,\"name\":\"Hot Trend Vapes\",\"item\":\"https:\/\/vapebulkp.com\/vape-shop\/\"},{\"@type\":\"ListItem\",\"position\":3,\"name\":\"Best Price WGA Crystal Pro Max 15k Puffs Original Vape\"}]},{\"@type\":\"WebSite\",\"@id\":\"https:\/\/vapebulkp.com\/#website\",\"url\":\"https:\/\/vapebulkp.com\/\",\"name\":\"vapebulkp.com\",\"description\":\"Buy Vape In Cheap Bulk Price Near you\",\"publisher\":{\"@id\":\"https:\/\/vapebulkp.com\/#organization\"},\"potentialAction\":[{\"@type\":\"SearchAction\",\"target\":{\"@type\":\"EntryPoint\",\"urlTemplate\":\"https:\/\/vapebulkp.com\/?s={search_term_string}\"},\"query-input\":\"required name=search_term_string\"}],\"inLanguage\":\"sv-SE\"},{\"@type\":\"Organization\",\"@id\":\"https:\/\/vapebulkp.com\/#organization\",\"name\":\"vapebulkp.com\",\"url\":\"https:\/\/vapebulkp.com\/\",\"logo\":{\"@type\":\"ImageObject\",\"inLanguage\":\"sv-SE\",\"@id\":\"https:\/\/vapebulkp.com\/#\/schema\/logo\/image\/\",\"url\":\"https:\/\/vapebulkp.com\/wp-content\/uploads\/2023\/09\/cropped-vapebulkp.png\",\"contentUrl\":\"https:\/\/vapebulkp.com\/wp-content\/uploads\/2023\/09\/cropped-vapebulkp.png\",\"width\":516,\"height\":163,\"caption\":\"vapebulkp.com\"},\"image\":{\"@id\":\"https:\/\/vapebulkp.com\/#\/schema\/logo\/image\/\"}}]}<\/script>\n<!-- \/ Yoast SEO plugin. -->","yoast_head_json":{"title":"Best Price WGA Crystal Pro Max 15k Puffs Original Vape - vapebulkp.com","description":"Best Price WGA Crystal Pro Max 15k Puffs Original Vape , setting a new standard in disposable vaping. With an impressive puff count of 15,000 and a selection of 30 distinct flavors,","robots":{"index":"index","follow":"follow","max-snippet":"max-snippet:-1","max-image-preview":"max-image-preview:large","max-video-preview":"max-video-preview:-1"},"canonical":"https:\/\/vapebulkp.com\/sv\/product\/best-price-wga-crystal-pro-max-15k-puffs-original-vape\/","og_locale":"sv_SE","og_type":"article","og_title":"Best Price WGA Crystal Pro Max 15k Puffs Original Vape - vapebulkp.com","og_description":"Best Price WGA Crystal Pro Max 15k Puffs Original Vape , setting a new standard in disposable vaping. With an impressive puff count of 15,000 and a selection of 30 distinct flavors,","og_url":"https:\/\/vapebulkp.com\/sv\/product\/best-price-wga-crystal-pro-max-15k-puffs-original-vape\/","og_site_name":"vapebulkp.com","article_modified_time":"2025-09-17T08:34:35+00:00","og_image":[{"width":1922,"height":2560,"url":"http:\/\/vapebulkp.com\/wp-content\/uploads\/2024\/04\/WGA-crystal-Pro-Max-Extra-15000-puff-Discount-Price-scaled.jpg","type":"image\/jpeg"}],"twitter_card":"summary_large_image","twitter_misc":{"Ber\u00e4knad l\u00e4stid":"4 minuter"},"schema":{"@context":"https:\/\/schema.org","@graph":[{"@type":"WebPage","@id":"https:\/\/vapebulkp.com\/product\/best-price-wga-crystal-pro-max-15k-puffs-original-vape\/","url":"https:\/\/vapebulkp.com\/product\/best-price-wga-crystal-pro-max-15k-puffs-original-vape\/","name":"Best Price WGA Crystal Pro Max 15k Puffs Original Vape - vapebulkp.com","isPartOf":{"@id":"https:\/\/vapebulkp.com\/#website"},"datePublished":"2024-04-28T06:11:05+00:00","dateModified":"2025-09-17T08:34:35+00:00","description":"Best Price WGA Crystal Pro Max 15k Puffs Original Vape , setting a new standard in disposable vaping. With an impressive puff count of 15,000 and a selection of 30 distinct flavors,","breadcrumb":{"@id":"https:\/\/vapebulkp.com\/product\/best-price-wga-crystal-pro-max-15k-puffs-original-vape\/#breadcrumb"},"inLanguage":"sv-SE","potentialAction":[{"@type":"ReadAction","target":["https:\/\/vapebulkp.com\/product\/best-price-wga-crystal-pro-max-15k-puffs-original-vape\/"]}]},{"@type":"BreadcrumbList","@id":"https:\/\/vapebulkp.com\/product\/best-price-wga-crystal-pro-max-15k-puffs-original-vape\/#breadcrumb","itemListElement":[{"@type":"ListItem","position":1,"name":"Home","item":"https:\/\/vapebulkp.com\/"},{"@type":"ListItem","position":2,"name":"Hot Trend Vapes","item":"https:\/\/vapebulkp.com\/vape-shop\/"},{"@type":"ListItem","position":3,"name":"Best Price WGA Crystal Pro Max 15k Puffs Original Vape"}]},{"@type":"WebSite","@id":"https:\/\/vapebulkp.com\/#website","url":"https:\/\/vapebulkp.com\/","name":"vapebulkp.com","description":"Buy Vape In Cheap Bulk Price Near you","publisher":{"@id":"https:\/\/vapebulkp.com\/#organization"},"potentialAction":[{"@type":"SearchAction","target":{"@type":"EntryPoint","urlTemplate":"https:\/\/vapebulkp.com\/?s={search_term_string}"},"query-input":"required name=search_term_string"}],"inLanguage":"sv-SE"},{"@type":"Organization","@id":"https:\/\/vapebulkp.com\/#organization","name":"vapebulkp.com","url":"https:\/\/vapebulkp.com\/","logo":{"@type":"ImageObject","inLanguage":"sv-SE","@id":"https:\/\/vapebulkp.com\/#\/schema\/logo\/image\/","url":"https:\/\/vapebulkp.com\/wp-content\/uploads\/2023\/09\/cropped-vapebulkp.png","contentUrl":"https:\/\/vapebulkp.com\/wp-content\/uploads\/2023\/09\/cropped-vapebulkp.png","width":516,"height":163,"caption":"vapebulkp.com"},"image":{"@id":"https:\/\/vapebulkp.com\/#\/schema\/logo\/image\/"}}]}},"uagb_featured_image_src":{"full":["https:\/\/vapebulkp.com\/wp-content\/uploads\/2024\/04\/WGA-crystal-Pro-Max-Extra-15000-puff-Discount-Price-scaled.jpg",1922,2560,false],"thumbnail":["https:\/\/vapebulkp.com\/wp-content\/uploads\/2024\/04\/WGA-crystal-Pro-Max-Extra-15000-puff-Discount-Price-150x150.jpg",150,150,true],"medium":["https:\/\/vapebulkp.com\/wp-content\/uploads\/2024\/04\/WGA-crystal-Pro-Max-Extra-15000-puff-Discount-Price-225x300.jpg",225,300,true],"medium_large":["https:\/\/vapebulkp.com\/wp-content\/uploads\/2024\/04\/WGA-crystal-Pro-Max-Extra-15000-puff-Discount-Price-768x1023.jpg",768,1023,true],"large":["https:\/\/vapebulkp.com\/wp-content\/uploads\/2024\/04\/WGA-crystal-Pro-Max-Extra-15000-puff-Discount-Price-769x1024.jpg",769,1024,true],"1536x1536":["https:\/\/vapebulkp.com\/wp-content\/uploads\/2024\/04\/WGA-crystal-Pro-Max-Extra-15000-puff-Discount-Price-1153x1536.jpg",1153,1536,true],"2048x2048":["https:\/\/vapebulkp.com\/wp-content\/uploads\/2024\/04\/WGA-crystal-Pro-Max-Extra-15000-puff-Discount-Price-1538x2048.jpg",1538,2048,true],"trp-custom-language-flag":["https:\/\/vapebulkp.com\/wp-content\/uploads\/2024\/04\/WGA-crystal-Pro-Max-Extra-15000-puff-Discount-Price-scaled.jpg",9,12,false],"woocommerce_thumbnail":["https:\/\/vapebulkp.com\/wp-content\/uploads\/2024\/04\/WGA-crystal-Pro-Max-Extra-15000-puff-Discount-Price-300x300.jpg",300,300,true],"woocommerce_single":["https:\/\/vapebulkp.com\/wp-content\/uploads\/2024\/04\/WGA-crystal-Pro-Max-Extra-15000-puff-Discount-Price-600x799.jpg",600,799,true],"woocommerce_gallery_thumbnail":["https:\/\/vapebulkp.com\/wp-content\/uploads\/2024\/04\/WGA-crystal-Pro-Max-Extra-15000-puff-Discount-Price-100x100.jpg",100,100,true],"wcpr-photo-reviews":["https:\/\/vapebulkp.com\/wp-content\/uploads\/2024\/04\/WGA-crystal-Pro-Max-Extra-15000-puff-Discount-Price-scaled.jpg",375,500,false]},"uagb_author_info":{"display_name":"Mandy vape bulk price","author_link":"https:\/\/vapebulkp.com\/sv\/author\/"},"uagb_comment_info":1,"uagb_excerpt":"Tops Sale Vape WGA Crystal Pro Max 15k Puffs Pls Contact Mandy's WhatsApp For Discount Price+8618077105796 NOTE: Prices on our website does not include shipping costs Main reason for purchase 1. Excellent quality and unparalleled performance. 2. Competitive price and fast value. 3. Multiple options and timely delivery. 4. A satisfying shopping experience","_links":{"self":[{"href":"https:\/\/vapebulkp.com\/sv\/wp-json\/wp\/v2\/product\/2336","targetHints":{"allow":["GET"]}}],"collection":[{"href":"https:\/\/vapebulkp.com\/sv\/wp-json\/wp\/v2\/product"}],"about":[{"href":"https:\/\/vapebulkp.com\/sv\/wp-json\/wp\/v2\/types\/product"}],"replies":[{"embeddable":true,"href":"https:\/\/vapebulkp.com\/sv\/wp-json\/wp\/v2\/comments?post=2336"}],"wp:featuredmedia":[{"embeddable":true,"href":"https:\/\/vapebulkp.com\/sv\/wp-json\/wp\/v2\/media\/2322"}],"wp:attachment":[{"href":"https:\/\/vapebulkp.com\/sv\/wp-json\/wp\/v2\/media?parent=2336"}],"wp:term":[{"taxonomy":"product_cat","embeddable":true,"href":"https:\/\/vapebulkp.com\/sv\/wp-json\/wp\/v2\/product_cat?post=2336"},{"taxonomy":"product_tag","embeddable":true,"href":"https:\/\/vapebulkp.com\/sv\/wp-json\/wp\/v2\/product_tag?post=2336"}],"curies":[{"name":"wp","href":"https:\/\/api.w.org\/{rel}","templated":true}]}}