{"id":2462,"date":"2024-05-23T09:20:53","date_gmt":"2024-05-23T07:20:53","guid":{"rendered":"https:\/\/vapebulkp.com\/?post_type=product&#038;p=2462"},"modified":"2025-09-24T05:18:50","modified_gmt":"2025-09-24T03:18:50","slug":"uzy-bang-digital-15000puffs-led-display-e-cigarettes","status":"publish","type":"product","link":"https:\/\/vapebulkp.com\/sv\/product\/uzy-bang-digital-15000puffs-led-display-e-cigarettes\/","title":{"rendered":"UZY Bang Digital 15000Puffs LED Display E-Cigaretter"},"content":{"rendered":"<h2>UZY Bang Digital 15000Puffs LED-display E-cigaretter<\/h2>\n<p data-start=\"287\" data-end=\"598\">UZY Bang Digital 15000 Puffs \u00e4r en enhet med h\u00f6g kapacitet <a href=\"https:\/\/vapebulkp.com\/sv\/product-category\/15000-puffs-disposable-vape\/\"><strong data-start=\"343\" data-end=\"374\">15000 Puffs Eng\u00e5ngs Vape<\/strong><\/a> med en LED-sk\u00e4rm f\u00f6r att i realtid se batteristatus och antal puffar. Utrustad med ett uppladdningsbart 850 mAh-batteri och 20 ml premium e-v\u00e4tska med nikotinsalt, ger den en j\u00e4mn, t\u00e4t \u00e5nga f\u00f6r <strong data-start=\"563\" data-end=\"595\">l\u00e5ngvariga vapingsessioner<\/strong>.<\/p>\n<p data-start=\"600\" data-end=\"965\">V\u00e4lj mellan 20 livfulla smaker med nikotinalternativ p\u00e5 2 % och 5 % f\u00f6r att passa alla preferenser. Den 0,8 \u03a9 <strong data-start=\"707\" data-end=\"725\">mesh coil vape<\/strong> s\u00e4kerst\u00e4ller konsekvent smak och tillfredsst\u00e4llande drag, vilket g\u00f6r den till ett toppval f\u00f6r b\u00e5de tillf\u00e4lliga och erfarna vejpare. Kompakt och snygg, denna <strong data-start=\"863\" data-end=\"895\">uppladdningsbara vapes<\/strong> kombinerar bekv\u00e4mlighet, prestanda och modern design i en enhet.<\/p>\n<p data-start=\"967\" data-end=\"1169\">Perfekt f\u00f6r daglig anv\u00e4ndning, resor eller grossistdistribution, den <strong data-start=\"1029\" data-end=\"1061\">UZY Bang Digital 15000 Bloss<\/strong> sticker ut som en premium <strong data-start=\"1086\" data-end=\"1118\">l\u00e5ngvarig eng\u00e5ngsvape<\/strong> f\u00f6r svenska vejpare som s\u00f6ker kvalitet och variation.<\/p>\n<p><img decoding=\"async\" class=\"alignnone wp-image-2469\" src=\"http:\/\/vapebulkp.com\/wp-content\/uploads\/2024\/05\/UZY-Bang-Digital-15k-Puffs-Good-Price.png\" alt=\"UZY Bang Digital 15k Puffs Bra Pris\" width=\"587\" height=\"587\" srcset=\"https:\/\/vapebulkp.com\/wp-content\/uploads\/2024\/05\/UZY-Bang-Digital-15k-Puffs-Good-Price.png 1000w, https:\/\/vapebulkp.com\/wp-content\/uploads\/2024\/05\/UZY-Bang-Digital-15k-Puffs-Good-Price-300x300.png 300w, https:\/\/vapebulkp.com\/wp-content\/uploads\/2024\/05\/UZY-Bang-Digital-15k-Puffs-Good-Price-150x150.png 150w, https:\/\/vapebulkp.com\/wp-content\/uploads\/2024\/05\/UZY-Bang-Digital-15k-Puffs-Good-Price-768x768.png 768w, https:\/\/vapebulkp.com\/wp-content\/uploads\/2024\/05\/UZY-Bang-Digital-15k-Puffs-Good-Price-600x600.png 600w, https:\/\/vapebulkp.com\/wp-content\/uploads\/2024\/05\/UZY-Bang-Digital-15k-Puffs-Good-Price-100x100.png 100w\" sizes=\"(max-width: 587px) 100vw, 587px\" \/><\/p>\n<h6>Kontakta Mandy via WhatsApp f\u00f6r rabatterat pris<a href=\"https:\/\/wa.me\/8618077105796\">+8618077105796<\/a><\/h6>\n<h3><img decoding=\"async\" class=\"alignnone wp-image-2151\" src=\"http:\/\/vapebulkp.com\/wp-content\/uploads\/2024\/04\/Mandy-WhatsApp-Randm.jpg\" alt=\"Mandy WhatsApp Randm\" width=\"268\" height=\"285\" srcset=\"https:\/\/vapebulkp.com\/wp-content\/uploads\/2024\/04\/Mandy-WhatsApp-Randm.jpg 916w, https:\/\/vapebulkp.com\/wp-content\/uploads\/2024\/04\/Mandy-WhatsApp-Randm-282x300.jpg 282w, https:\/\/vapebulkp.com\/wp-content\/uploads\/2024\/04\/Mandy-WhatsApp-Randm-768x817.jpg 768w, https:\/\/vapebulkp.com\/wp-content\/uploads\/2024\/04\/Mandy-WhatsApp-Randm-600x638.jpg 600w\" sizes=\"(max-width: 268px) 100vw, 268px\" \/><\/h3>\n<h2>Vanliga fr\u00e5gor om Best Vape UZY Bang Digital Box 15000 Puffs\uff1a<\/h2>\n<p data-start=\"189\" data-end=\"359\"><strong data-start=\"189\" data-end=\"249\">1. Hur m\u00e5nga puffar ger UZY Bang Digital Box?<\/strong><br data-start=\"249\" data-end=\"252\" \/>Enheten ger <strong data-start=\"272\" data-end=\"288\">15 000 puffar<\/strong>, vilket g\u00f6r den till ett <strong data-start=\"302\" data-end=\"335\">eng\u00e5ngsvape med h\u00f6g kapacitet<\/strong> f\u00f6r l\u00e5ngvarig anv\u00e4ndning.<\/p>\n<p data-start=\"361\" data-end=\"508\"><strong data-start=\"361\" data-end=\"398\">2. Vad \u00e4r e-v\u00e4tskekapaciteten f\u00f6r uzy vape 15k puffar?<\/strong><br data-start=\"398\" data-end=\"401\" \/>Den levereras med <strong data-start=\"415\" data-end=\"457\">20 ml premium e-v\u00e4tska med nikotinsalt<\/strong>, finns i 0%, 2%, 3% eller 5% nikotinniv\u00e5er.<\/p>\n<p data-start=\"510\" data-end=\"614\"><strong data-start=\"510\" data-end=\"548\">3. Hur m\u00e5nga smaker finns tillg\u00e4ngliga f\u00f6r UZY Bang Digital Box 15k Puffs?<\/strong><br data-start=\"548\" data-end=\"551\" \/>V\u00e4lj bland 12<strong data-start=\"563\" data-end=\"586\">\u00a0sp\u00e4nnande smaker<\/strong> f\u00f6r att passa alla preferenser.<\/p>\n<p data-start=\"616\" data-end=\"771\"><strong data-start=\"616\" data-end=\"648\">4. Vilket batteri anv\u00e4nder grossist bang vape 15000 puffs?<\/strong><br data-start=\"648\" data-end=\"651\" \/>Utrustad med ett <strong data-start=\"668\" data-end=\"699\">850mAh uppladdningsbart batteri<\/strong>, enheten s\u00e4kerst\u00e4ller konsekvent kraft under hela dina vaping-sessioner.<\/p>\n<h3><strong><span style=\"vertical-align: inherit\">Specifikation f\u00f6r Hot Sale Disposable Vape UZY BANG<\/span><\/strong> Digital 15000 Puffs<strong><span style=\"vertical-align: inherit\">\uff1a<br \/>\n<\/span><\/strong><span style=\"font-size: 16px\">Nic: 2% , 5% Nikotininneh\u00e5ll<\/span><\/h3>\n<p>Puffs: 15000<br \/>\nKapacitet: 20ml<br \/>\n12 smaker tillg\u00e4ngliga<br \/>\n850mah Uppladdningsbar<br \/>\nMesh Coil 0.8\u03a9, LED-sk\u00e4rm<\/p>\n<p>Min. best\u00e4llning: 50 stycken<\/p>\n<h3><strong>\u00a0Billigt pris Vape UZY BANG <\/strong>\u00a0Digital l\u00e5da 15000 puffar <strong>Smaklista:<\/strong><\/h3>\n<p><span style=\"font-size: 16px\">1.Jordgubbe Vattenmelon<\/span><\/p>\n<p>2.Bl\u00e5b\u00e4r p\u00e5 is<br \/>\n3. Persika Mango Ananas<br \/>\n4.Druvis<br \/>\n5.Vattenmelon ice<br \/>\n6.Persikois<br \/>\n7. Jordgubbskiwi<br \/>\n8. Bl\u00e5b\u00e4r Hallon<br \/>\n9. Kiwi Passionsfrukt<br \/>\n10. MR Bl\u00e5<br \/>\n11. Trippel Mango is<br \/>\n12. R\u00f6d Energi is<\/p>\n<p>&nbsp;<\/p>\n<p><a href=\"https:\/\/vapebulkp.com\/sv\/product\/popular-randm-tornado-7000puffs-disposable-vape-best-price\/\"><span style=\"vertical-align: inherit\">RandM Tornado 7000 Bloss <\/span><\/a><\/p>\n<p><span style=\"vertical-align: inherit\">Hitta fler produkter du kanske gillar:<\/span><em><a href=\"https:\/\/wa.me\/8618077105796\"><span style=\"vertical-align: inherit\">\u00a0K\u00f6p nu<\/span><\/a><\/em><\/p>\n<p><span style=\"vertical-align: inherit\">Andra Puffs du kanske gillar:<\/span><a href=\"https:\/\/vapebulkp.com\/sv\/product\/fluumbox-digital-box-15k-puffs-rechargeable-vape-geek-bar\/\"><span style=\"vertical-align: inherit\">FLUUMBOX Digital box 15000 Puffar<\/span><\/a><span style=\"vertical-align: inherit\">\u3001<\/span><a href=\"https:\/\/vapebulkp.com\/sv\/product\/top-sale-waspe-12000puffs-disposable-vape-wholesale-france\/\"><span style=\"vertical-align: inherit\">UTCO Digital l\u00e5da 12000 puffar<\/span><\/a><span style=\"vertical-align: inherit\">\/ <\/span><a href=\"https:\/\/vapebulkp.com\/sv\/product\/wholesale-randm-tornado-9000-puffs-germany\/\"><span style=\"vertical-align: inherit\">RandM Tornado 9000 bloss<\/span><\/a><span style=\"vertical-align: inherit\">\/ <\/span><a href=\"https:\/\/vapebulkp.com\/sv\/product\/vapme-crystal-7000-puffs-original-vape-good-flavor\/\"><span style=\"vertical-align: inherit\">Crystal 7000 Puffs<\/span><\/a><\/p>\n<p><span style=\"vertical-align: inherit\">E-cigarettflaska med specialform:<\/span><a href=\"https:\/\/vapebulkp.com\/sv\/product\/good-sale-randm-tornado-10000-puffs-plus\/\"><span style=\"vertical-align: inherit\">RandM Tornado 10000 Puffar Plus <\/span><\/a><span style=\"vertical-align: inherit\">\/<a href=\"https:\/\/vapebulkp.com\/sv\/product\/wholesale-price-randm-15k-waspe-15000-puffs-best-vape\/\"> Randm Tornado 15000 Puffar<\/a><\/span><\/p>\n<h4>Produktionskvalifikation:<\/h4>\n<p><img decoding=\"async\" class=\"alignnone wp-image-1842\" src=\"http:\/\/vapebulkp.com\/wp-content\/uploads\/2023\/11\/Vape-production-process-2.jpg\" alt=\"Vape produktionsprocess\" width=\"671\" height=\"301\" srcset=\"https:\/\/vapebulkp.com\/wp-content\/uploads\/2023\/11\/Vape-production-process-2.jpg 800w, https:\/\/vapebulkp.com\/wp-content\/uploads\/2023\/11\/Vape-production-process-2-300x135.jpg 300w, https:\/\/vapebulkp.com\/wp-content\/uploads\/2023\/11\/Vape-production-process-2-768x345.jpg 768w, https:\/\/vapebulkp.com\/wp-content\/uploads\/2023\/11\/Vape-production-process-2-600x269.jpg 600w\" sizes=\"(max-width: 671px) 100vw, 671px\" \/><\/p>\n<p><img decoding=\"async\" class=\"alignnone wp-image-1843\" src=\"http:\/\/vapebulkp.com\/wp-content\/uploads\/2023\/11\/Vape-production-process.jpeg\" alt=\"Vape produktionsprocess\" width=\"671\" height=\"1074\" srcset=\"https:\/\/vapebulkp.com\/wp-content\/uploads\/2023\/11\/Vape-production-process.jpeg 641w, https:\/\/vapebulkp.com\/wp-content\/uploads\/2023\/11\/Vape-production-process-187x300.jpeg 187w, https:\/\/vapebulkp.com\/wp-content\/uploads\/2023\/11\/Vape-production-process-640x1024.jpeg 640w, https:\/\/vapebulkp.com\/wp-content\/uploads\/2023\/11\/Vape-production-process-600x960.jpeg 600w\" sizes=\"(max-width: 671px) 100vw, 671px\" \/><\/p>\n<p>&nbsp;<\/p>\n<h4>Leveransdetaljer:<\/h4>\n<p><span style=\"color: #ff6600\">Produktionstid: 5-10 arbetsdagar<\/span><br \/>\n<span style=\"color: #ff6600\">Leveranstid: 8-14 arbetsdagar<\/span><\/p>\n<p>Alla produkter i v\u00e5r butik \u00e4r 100% originala och autentiska, d\u00e4rf\u00f6r \u00e4r Tiofaldig ers\u00e4ttning f\u00f6r falska varor v\u00e5r butikspolicy. Vi anv\u00e4nder logistikkanaler som UPS\/DHL\/FEDEX\/DPD f\u00f6r att leverera varor till dig.<\/p>\n<p>F\u00f6r paket som skickas inom Sverige tar det vanligtvis 10 arbetsdagar att anl\u00e4nda. Leveranser till andra europeiska l\u00e4nder tar vanligtvis 12 till 15 arbetsdagar att anl\u00e4nda. Vi uppdaterar logistikinformationen f\u00f6r dig i realtid.<\/p>","protected":false},"excerpt":{"rendered":"<p>UZY BANG Digital Box 15000 Puffs het f\u00f6rs\u00e4ljning denna vecka<\/p>\n<p>BANG Digital Box 15k Puffs Original Vape UZY Digital Vape<\/p>\n<p><img decoding=\"async\" class=\"alignnone wp-image-2151\" src=\"http:\/\/vapebulkp.com\/wp-content\/uploads\/2024\/04\/Mandy-WhatsApp-Randm.jpg\" alt=\"Mandy WhatsApp Randm\" width=\"247\" height=\"263\" srcset=\"https:\/\/vapebulkp.com\/wp-content\/uploads\/2024\/04\/Mandy-WhatsApp-Randm.jpg 916w, https:\/\/vapebulkp.com\/wp-content\/uploads\/2024\/04\/Mandy-WhatsApp-Randm-282x300.jpg 282w, https:\/\/vapebulkp.com\/wp-content\/uploads\/2024\/04\/Mandy-WhatsApp-Randm-768x817.jpg 768w, https:\/\/vapebulkp.com\/wp-content\/uploads\/2024\/04\/Mandy-WhatsApp-Randm-600x638.jpg 600w\" sizes=\"(max-width: 247px) 100vw, 247px\" \/><\/p>\n<p>Kontakta Mandy via WhatsApp f\u00f6r rabatterat pris<a href=\"https:\/\/wa.me\/8618077105796\">+8618077105796<\/a><\/p>\n<p><span style=\"color: #ff0000\">OBS: Priserna p\u00e5 v\u00e5r webbplats inkluderar inte fraktkostnader<\/span><\/p>","protected":false},"featured_media":2469,"comment_status":"open","ping_status":"closed","template":"","meta":{"_uag_custom_page_level_css":"","_lmt_disableupdate":"no","_lmt_disable":"","site-sidebar-layout":"default","site-content-layout":"content-boxed-container","ast-site-content-layout":"normal-width-container","site-content-style":"boxed","site-sidebar-style":"unboxed","ast-global-header-display":"","ast-banner-title-visibility":"","ast-main-header-display":"","ast-hfb-above-header-display":"","ast-hfb-below-header-display":"","ast-hfb-mobile-header-display":"","site-post-title":"","ast-breadcrumbs-content":"","ast-featured-img":"","footer-sml-layout":"","theme-transparent-header-meta":"default","adv-header-id-meta":"","stick-header-meta":"","header-above-stick-meta":"","header-main-stick-meta":"","header-below-stick-meta":"","astra-migrate-meta-layouts":"set","_joinchat":[]},"product_cat":[165,153,155,33,59,100,87,34,158,157,154,152,58,84,156,63,361,32],"product_tag":[77,36,37,41,73,40],"class_list":["post-2462","product","type-product","status-publish","has-post-thumbnail","hentry","product_cat-15000-puffs-disposable-vape","product_cat-hot-disposable-vapes","product_cat-belgium-hot-disposable-vapes","product_cat-france-vape-hot-sale","product_cat-germany-hot-disposable-vape","product_cat-germany-wholesale-vape-shop","product_cat-minimum-order-quantity-50pcs","product_cat-netherlands-vape-good-sale","product_cat-norway-hot-disposable-vapes","product_cat-poland-hot-disposable-vapes","product_cat-portugal-hot-disposable-vapes","product_cat-spain-hot-disposable-vapes","product_cat-sweden-hot-disposable-vape","product_cat-sweden-wholesale-vape","product_cat-switzerland-hot-disposable-vapes","product_cat-top-sale-disposable-vape","product_cat-uzy-vapes","product_cat-vape-hot-sale-this-week","product_tag-15000-puffs","product_tag-good-vape","product_tag-hot-sale-disposable-vape","product_tag-poland-hot-vape","product_tag-randm-10000puffs-vape","product_tag-sweden-hot-vape","pa_brand-uzy-vape","desktop-align-left","tablet-align-left","mobile-align-left"],"yoast_head":"<!-- This site is optimized with the Yoast SEO plugin v21.1 - https:\/\/yoast.com\/wordpress\/plugins\/seo\/ -->\n<title>UZY Bang Digital 15000Puffs LED Display E-Cigarettes - vapebulkp.com<\/title>\n<meta name=\"description\" content=\"UZY BANG Digital Box 15000 Puffs Wholesale Vape, blending convenience and rich flavor for an exceptional vaping experience. Available in both 2% and 5% nicotine options, it allows you to select the strength that suits your preference.\" \/>\n<meta name=\"robots\" content=\"index, follow, max-snippet:-1, max-image-preview:large, max-video-preview:-1\" \/>\n<link rel=\"canonical\" href=\"https:\/\/vapebulkp.com\/sv\/product\/uzy-bang-digital-15000puffs-led-display-e-cigarettes\/\" \/>\n<meta property=\"og:locale\" content=\"sv_SE\" \/>\n<meta property=\"og:type\" content=\"article\" \/>\n<meta property=\"og:title\" content=\"UZY Bang Digital 15000Puffs LED Display E-Cigarettes - vapebulkp.com\" \/>\n<meta property=\"og:description\" content=\"UZY BANG Digital Box 15000 Puffs Wholesale Vape, blending convenience and rich flavor for an exceptional vaping experience. Available in both 2% and 5% nicotine options, it allows you to select the strength that suits your preference.\" \/>\n<meta property=\"og:url\" content=\"https:\/\/vapebulkp.com\/sv\/product\/uzy-bang-digital-15000puffs-led-display-e-cigarettes\/\" \/>\n<meta property=\"og:site_name\" content=\"vapebulkp.com\" \/>\n<meta property=\"article:modified_time\" content=\"2025-09-24T03:18:50+00:00\" \/>\n<meta property=\"og:image\" content=\"http:\/\/vapebulkp.com\/wp-content\/uploads\/2024\/05\/UZY-Bang-Digital-15k-Puffs-Good-Price.png\" \/>\n\t<meta property=\"og:image:width\" content=\"1000\" \/>\n\t<meta property=\"og:image:height\" content=\"1000\" \/>\n\t<meta property=\"og:image:type\" content=\"image\/png\" \/>\n<meta name=\"twitter:card\" content=\"summary_large_image\" \/>\n<meta name=\"twitter:label1\" content=\"Ber\u00e4knad l\u00e4stid\" \/>\n\t<meta name=\"twitter:data1\" content=\"3 minuter\" \/>\n<script type=\"application\/ld+json\" class=\"yoast-schema-graph\">{\"@context\":\"https:\/\/schema.org\",\"@graph\":[{\"@type\":\"WebPage\",\"@id\":\"https:\/\/vapebulkp.com\/product\/uzy-bang-digital-15000puffs-led-display-e-cigarettes\/\",\"url\":\"https:\/\/vapebulkp.com\/product\/uzy-bang-digital-15000puffs-led-display-e-cigarettes\/\",\"name\":\"UZY Bang Digital 15000Puffs LED Display E-Cigarettes - vapebulkp.com\",\"isPartOf\":{\"@id\":\"https:\/\/vapebulkp.com\/#website\"},\"datePublished\":\"2024-05-23T07:20:53+00:00\",\"dateModified\":\"2025-09-24T03:18:50+00:00\",\"description\":\"UZY BANG Digital Box 15000 Puffs Wholesale Vape, blending convenience and rich flavor for an exceptional vaping experience. Available in both 2% and 5% nicotine options, it allows you to select the strength that suits your preference.\",\"breadcrumb\":{\"@id\":\"https:\/\/vapebulkp.com\/product\/uzy-bang-digital-15000puffs-led-display-e-cigarettes\/#breadcrumb\"},\"inLanguage\":\"sv-SE\",\"potentialAction\":[{\"@type\":\"ReadAction\",\"target\":[\"https:\/\/vapebulkp.com\/product\/uzy-bang-digital-15000puffs-led-display-e-cigarettes\/\"]}]},{\"@type\":\"BreadcrumbList\",\"@id\":\"https:\/\/vapebulkp.com\/product\/uzy-bang-digital-15000puffs-led-display-e-cigarettes\/#breadcrumb\",\"itemListElement\":[{\"@type\":\"ListItem\",\"position\":1,\"name\":\"Home\",\"item\":\"https:\/\/vapebulkp.com\/\"},{\"@type\":\"ListItem\",\"position\":2,\"name\":\"Hot Trend Vapes\",\"item\":\"https:\/\/vapebulkp.com\/vape-shop\/\"},{\"@type\":\"ListItem\",\"position\":3,\"name\":\"UZY Bang Digital 15000Puffs LED Display E-Cigarettes\"}]},{\"@type\":\"WebSite\",\"@id\":\"https:\/\/vapebulkp.com\/#website\",\"url\":\"https:\/\/vapebulkp.com\/\",\"name\":\"vapebulkp.com\",\"description\":\"Buy Vape In Cheap Bulk Price Near you\",\"publisher\":{\"@id\":\"https:\/\/vapebulkp.com\/#organization\"},\"potentialAction\":[{\"@type\":\"SearchAction\",\"target\":{\"@type\":\"EntryPoint\",\"urlTemplate\":\"https:\/\/vapebulkp.com\/?s={search_term_string}\"},\"query-input\":\"required name=search_term_string\"}],\"inLanguage\":\"sv-SE\"},{\"@type\":\"Organization\",\"@id\":\"https:\/\/vapebulkp.com\/#organization\",\"name\":\"vapebulkp.com\",\"url\":\"https:\/\/vapebulkp.com\/\",\"logo\":{\"@type\":\"ImageObject\",\"inLanguage\":\"sv-SE\",\"@id\":\"https:\/\/vapebulkp.com\/#\/schema\/logo\/image\/\",\"url\":\"https:\/\/vapebulkp.com\/wp-content\/uploads\/2023\/09\/cropped-vapebulkp.png\",\"contentUrl\":\"https:\/\/vapebulkp.com\/wp-content\/uploads\/2023\/09\/cropped-vapebulkp.png\",\"width\":516,\"height\":163,\"caption\":\"vapebulkp.com\"},\"image\":{\"@id\":\"https:\/\/vapebulkp.com\/#\/schema\/logo\/image\/\"}}]}<\/script>\n<!-- \/ Yoast SEO plugin. -->","yoast_head_json":{"title":"UZY Bang Digital 15000Puffs LED Display E-Cigarettes - vapebulkp.com","description":"UZY BANG Digital Box 15000 Puffs Wholesale Vape, blending convenience and rich flavor for an exceptional vaping experience. Available in both 2% and 5% nicotine options, it allows you to select the strength that suits your preference.","robots":{"index":"index","follow":"follow","max-snippet":"max-snippet:-1","max-image-preview":"max-image-preview:large","max-video-preview":"max-video-preview:-1"},"canonical":"https:\/\/vapebulkp.com\/sv\/product\/uzy-bang-digital-15000puffs-led-display-e-cigarettes\/","og_locale":"sv_SE","og_type":"article","og_title":"UZY Bang Digital 15000Puffs LED Display E-Cigarettes - vapebulkp.com","og_description":"UZY BANG Digital Box 15000 Puffs Wholesale Vape, blending convenience and rich flavor for an exceptional vaping experience. Available in both 2% and 5% nicotine options, it allows you to select the strength that suits your preference.","og_url":"https:\/\/vapebulkp.com\/sv\/product\/uzy-bang-digital-15000puffs-led-display-e-cigarettes\/","og_site_name":"vapebulkp.com","article_modified_time":"2025-09-24T03:18:50+00:00","og_image":[{"width":1000,"height":1000,"url":"http:\/\/vapebulkp.com\/wp-content\/uploads\/2024\/05\/UZY-Bang-Digital-15k-Puffs-Good-Price.png","type":"image\/png"}],"twitter_card":"summary_large_image","twitter_misc":{"Ber\u00e4knad l\u00e4stid":"3 minuter"},"schema":{"@context":"https:\/\/schema.org","@graph":[{"@type":"WebPage","@id":"https:\/\/vapebulkp.com\/product\/uzy-bang-digital-15000puffs-led-display-e-cigarettes\/","url":"https:\/\/vapebulkp.com\/product\/uzy-bang-digital-15000puffs-led-display-e-cigarettes\/","name":"UZY Bang Digital 15000Puffs LED Display E-Cigarettes - vapebulkp.com","isPartOf":{"@id":"https:\/\/vapebulkp.com\/#website"},"datePublished":"2024-05-23T07:20:53+00:00","dateModified":"2025-09-24T03:18:50+00:00","description":"UZY BANG Digital Box 15000 Puffs Wholesale Vape, blending convenience and rich flavor for an exceptional vaping experience. Available in both 2% and 5% nicotine options, it allows you to select the strength that suits your preference.","breadcrumb":{"@id":"https:\/\/vapebulkp.com\/product\/uzy-bang-digital-15000puffs-led-display-e-cigarettes\/#breadcrumb"},"inLanguage":"sv-SE","potentialAction":[{"@type":"ReadAction","target":["https:\/\/vapebulkp.com\/product\/uzy-bang-digital-15000puffs-led-display-e-cigarettes\/"]}]},{"@type":"BreadcrumbList","@id":"https:\/\/vapebulkp.com\/product\/uzy-bang-digital-15000puffs-led-display-e-cigarettes\/#breadcrumb","itemListElement":[{"@type":"ListItem","position":1,"name":"Home","item":"https:\/\/vapebulkp.com\/"},{"@type":"ListItem","position":2,"name":"Hot Trend Vapes","item":"https:\/\/vapebulkp.com\/vape-shop\/"},{"@type":"ListItem","position":3,"name":"UZY Bang Digital 15000Puffs LED Display E-Cigarettes"}]},{"@type":"WebSite","@id":"https:\/\/vapebulkp.com\/#website","url":"https:\/\/vapebulkp.com\/","name":"vapebulkp.com","description":"Buy Vape In Cheap Bulk Price Near you","publisher":{"@id":"https:\/\/vapebulkp.com\/#organization"},"potentialAction":[{"@type":"SearchAction","target":{"@type":"EntryPoint","urlTemplate":"https:\/\/vapebulkp.com\/?s={search_term_string}"},"query-input":"required name=search_term_string"}],"inLanguage":"sv-SE"},{"@type":"Organization","@id":"https:\/\/vapebulkp.com\/#organization","name":"vapebulkp.com","url":"https:\/\/vapebulkp.com\/","logo":{"@type":"ImageObject","inLanguage":"sv-SE","@id":"https:\/\/vapebulkp.com\/#\/schema\/logo\/image\/","url":"https:\/\/vapebulkp.com\/wp-content\/uploads\/2023\/09\/cropped-vapebulkp.png","contentUrl":"https:\/\/vapebulkp.com\/wp-content\/uploads\/2023\/09\/cropped-vapebulkp.png","width":516,"height":163,"caption":"vapebulkp.com"},"image":{"@id":"https:\/\/vapebulkp.com\/#\/schema\/logo\/image\/"}}]}},"uagb_featured_image_src":{"full":["https:\/\/vapebulkp.com\/wp-content\/uploads\/2024\/05\/UZY-Bang-Digital-15k-Puffs-Good-Price.png",1000,1000,false],"thumbnail":["https:\/\/vapebulkp.com\/wp-content\/uploads\/2024\/05\/UZY-Bang-Digital-15k-Puffs-Good-Price-150x150.png",150,150,true],"medium":["https:\/\/vapebulkp.com\/wp-content\/uploads\/2024\/05\/UZY-Bang-Digital-15k-Puffs-Good-Price-300x300.png",300,300,true],"medium_large":["https:\/\/vapebulkp.com\/wp-content\/uploads\/2024\/05\/UZY-Bang-Digital-15k-Puffs-Good-Price-768x768.png",768,768,true],"large":["https:\/\/vapebulkp.com\/wp-content\/uploads\/2024\/05\/UZY-Bang-Digital-15k-Puffs-Good-Price.png",1000,1000,false],"1536x1536":["https:\/\/vapebulkp.com\/wp-content\/uploads\/2024\/05\/UZY-Bang-Digital-15k-Puffs-Good-Price.png",1000,1000,false],"2048x2048":["https:\/\/vapebulkp.com\/wp-content\/uploads\/2024\/05\/UZY-Bang-Digital-15k-Puffs-Good-Price.png",1000,1000,false],"trp-custom-language-flag":["https:\/\/vapebulkp.com\/wp-content\/uploads\/2024\/05\/UZY-Bang-Digital-15k-Puffs-Good-Price.png",12,12,false],"woocommerce_thumbnail":["https:\/\/vapebulkp.com\/wp-content\/uploads\/2024\/05\/UZY-Bang-Digital-15k-Puffs-Good-Price-300x300.png",300,300,true],"woocommerce_single":["https:\/\/vapebulkp.com\/wp-content\/uploads\/2024\/05\/UZY-Bang-Digital-15k-Puffs-Good-Price-600x600.png",600,600,true],"woocommerce_gallery_thumbnail":["https:\/\/vapebulkp.com\/wp-content\/uploads\/2024\/05\/UZY-Bang-Digital-15k-Puffs-Good-Price-100x100.png",100,100,true],"wcpr-photo-reviews":["https:\/\/vapebulkp.com\/wp-content\/uploads\/2024\/05\/UZY-Bang-Digital-15k-Puffs-Good-Price.png",500,500,false]},"uagb_author_info":{"display_name":"Mandy vape bulk price","author_link":"https:\/\/vapebulkp.com\/sv\/author\/"},"uagb_comment_info":3,"uagb_excerpt":"UZY BANG Digital Box 15000Puffs Hot Sale this Week BANG Digital Box 15k Puffs Original Vape UZY Digital Vape Pls Contact Mandy's WhatsApp For Discount Price+8618077105796 NOTE: Prices on our website does not include shipping costs","_links":{"self":[{"href":"https:\/\/vapebulkp.com\/sv\/wp-json\/wp\/v2\/product\/2462","targetHints":{"allow":["GET"]}}],"collection":[{"href":"https:\/\/vapebulkp.com\/sv\/wp-json\/wp\/v2\/product"}],"about":[{"href":"https:\/\/vapebulkp.com\/sv\/wp-json\/wp\/v2\/types\/product"}],"replies":[{"embeddable":true,"href":"https:\/\/vapebulkp.com\/sv\/wp-json\/wp\/v2\/comments?post=2462"}],"wp:featuredmedia":[{"embeddable":true,"href":"https:\/\/vapebulkp.com\/sv\/wp-json\/wp\/v2\/media\/2469"}],"wp:attachment":[{"href":"https:\/\/vapebulkp.com\/sv\/wp-json\/wp\/v2\/media?parent=2462"}],"wp:term":[{"taxonomy":"product_cat","embeddable":true,"href":"https:\/\/vapebulkp.com\/sv\/wp-json\/wp\/v2\/product_cat?post=2462"},{"taxonomy":"product_tag","embeddable":true,"href":"https:\/\/vapebulkp.com\/sv\/wp-json\/wp\/v2\/product_tag?post=2462"}],"curies":[{"name":"wp","href":"https:\/\/api.w.org\/{rel}","templated":true}]}}