{"id":2532,"date":"2024-06-06T11:02:46","date_gmt":"2024-06-06T09:02:46","guid":{"rendered":"https:\/\/vapebulkp.com\/?post_type=product&#038;p=2532"},"modified":"2025-09-24T05:21:02","modified_gmt":"2025-09-24T03:21:02","slug":"bang-25000puffs-lcd-screen-rechargeable-vape","status":"publish","type":"product","link":"https:\/\/vapebulkp.com\/sv\/product\/bang-25000puffs-lcd-screen-rechargeable-vape\/","title":{"rendered":"Bang 25000Puffs LCD-sk\u00e4rm Uppladdningsbar Vape"},"content":{"rendered":"<h2 style=\"text-align: left\">Bang 25000Puffs LCD-sk\u00e4rm Uppladdningsbar Vape<\/h2>\n<p data-start=\"338\" data-end=\"645\">Topps\u00e4ljaren <strong data-start=\"342\" data-end=\"377\">Bang 25000Puffs Eng\u00e5ngsvape<\/strong> \u00e4r ett premiumval f\u00f6r svenska vapingentusiaster som kr\u00e4ver avancerad teknik, h\u00f6g kapacitet och dj\u00e4rv design. Byggd med en integrerad LCD-sk\u00e4rm ger den realtidsuppdateringar om batteriets livsl\u00e4ngd och e-v\u00e4tskeniv\u00e5er, vilket ger anv\u00e4ndarna full kontroll \u00f6ver varje session.<\/p>\n<p data-start=\"647\" data-end=\"968\">Varje enhet levereras f\u00f6rfylld med <strong data-start=\"681\" data-end=\"715\">30 ml nikotinsalt e-v\u00e4tska<\/strong> i 2 % eller 5 % styrka, vilket ger j\u00e4mna halsstr\u00e4ck och konsekvent smak fr\u00e5n den f\u00f6rsta till den sista puffen. Drivs av ett p\u00e5litligt 650mAh uppladdningsbart batteri med <strong data-start=\"878\" data-end=\"902\">Type-C snabbladdning<\/strong>, minimerar det stillest\u00e5nd samtidigt som det s\u00e4kerst\u00e4ller l\u00e5ngvarig prestanda.<\/p>\n<p data-start=\"970\" data-end=\"1294\">Den avancerade <strong data-start=\"983\" data-end=\"1001\">1.0\u03a9 meshspole<\/strong> producerar t\u00e4ta \u00e5ngmoln och f\u00f6rb\u00e4ttrar smakleveransen, vilket g\u00f6r den l\u00e4mplig f\u00f6r b\u00e5de tillf\u00e4lliga vapers och erfarna anv\u00e4ndare. Med 12 noggrant utformade smaker, inklusive fruktiga, mentol och klassiska blandningar, erbjuder <strong data-start=\"1211\" data-end=\"1246\">Sm\u00e4ll <a href=\"https:\/\/vapebulkp.com\/sv\/product-category\/25000-puffs-disposable-vape\/\">25000 Puffs Eng\u00e5ngs E-cigarett<\/a><\/strong> m\u00e5ngsidighet f\u00f6r olika preferenser.<\/p>\n<p data-start=\"1296\" data-end=\"1564\">Designad f\u00f6r bekv\u00e4mlighet, denna <strong data-start=\"1327\" data-end=\"1350\">LCD eng\u00e5ngsvape<\/strong> kombinerar stil med praktiskhet. Dess kompakta kropp \u00e4r l\u00e4tt att b\u00e4ra, medan grossisttillg\u00e4ngligheten i hela Sverige garanterar snabb distribution f\u00f6r \u00e5terf\u00f6rs\u00e4ljare p\u00e5 marknader som Tyskland, Italien, Spanien och Nederl\u00e4nderna.<\/p>\n<p data-start=\"1566\" data-end=\"1752\">F\u00f6r en <strong data-start=\"1572\" data-end=\"1604\">uppladdningsbar eng\u00e5ngsvape<\/strong> som levererar kapacitet, kraft och premiumsmak, utm\u00e4rker sig <strong data-start=\"1660\" data-end=\"1695\">Bang 25k Puffs Vape Grossist<\/strong> som ett p\u00e5litligt val p\u00e5 den svenska marknaden.<\/p>\n<p><img decoding=\"async\" class=\"alignnone wp-image-2523\" src=\"http:\/\/vapebulkp.com\/wp-content\/uploads\/2024\/06\/Big-Puffs-Bang-25000Puffs.jpg\" alt=\"Stora bloss Bang 25000Puffs\" width=\"585\" height=\"585\" srcset=\"https:\/\/vapebulkp.com\/wp-content\/uploads\/2024\/06\/Big-Puffs-Bang-25000Puffs.jpg 1000w, https:\/\/vapebulkp.com\/wp-content\/uploads\/2024\/06\/Big-Puffs-Bang-25000Puffs-300x300.jpg 300w, https:\/\/vapebulkp.com\/wp-content\/uploads\/2024\/06\/Big-Puffs-Bang-25000Puffs-150x150.jpg 150w, https:\/\/vapebulkp.com\/wp-content\/uploads\/2024\/06\/Big-Puffs-Bang-25000Puffs-768x768.jpg 768w, https:\/\/vapebulkp.com\/wp-content\/uploads\/2024\/06\/Big-Puffs-Bang-25000Puffs-600x600.jpg 600w, https:\/\/vapebulkp.com\/wp-content\/uploads\/2024\/06\/Big-Puffs-Bang-25000Puffs-100x100.jpg 100w\" sizes=\"(max-width: 585px) 100vw, 585px\" \/><\/p>\n<h6>Kontakta Mandy via WhatsApp f\u00f6r rabatterat pris<a href=\"https:\/\/wa.me\/8618077105796\">+8618077105796<\/a><\/h6>\n<p><img decoding=\"async\" class=\"alignnone wp-image-2151\" src=\"http:\/\/vapebulkp.com\/wp-content\/uploads\/2024\/04\/Mandy-WhatsApp-Randm.jpg\" alt=\"Mandy WhatsApp Randm\" width=\"324\" height=\"330\" \/><\/p>\n<h2>T\u00e4nkte att du kanske skulle vilja veta mer om Bang with a vape 25000 Puffs e-cigaretter:<\/h2>\n<h5>1.Hur anv\u00e4nder man Bang 25k Puffs Vape Pen?<\/h5>\n<p>Steg 1. Innan du anv\u00e4nder 25k puffs, dra ut plastr\u00f6ret.<\/p>\n<p>Steg 2. V\u00e4nta cirka 3 minuter tills juicen kommer in i spolen inuti.<\/p>\n<p>Steg 3. Njut av det<\/p>\n<h5>2.Hur laddar man den eng\u00e5ngsvapen Bang King Vape 25k Puffs?<\/h5>\n<p>Snabbladdare kan inte anv\u00e4ndas, och den s\u00e4kra standardeffekten f\u00f6r eng\u00e5ngs-e-cigaretter \u00e4r 5V 1A.<\/p>\n<p>Varje laddningstid f\u00e5r inte \u00f6verstiga 1 timme, och den s\u00e4kra laddningstiden \u00e4r en halvtimme.<\/p>\n<p><span style=\"color: #ff6600\">Observera: kan inte ladda om hela natten!<\/span><\/p>\n<h5>3.Vad \u00e4r e-v\u00e4tskekapaciteten f\u00f6r Bang 25000 Puffs Top Sale Uppladdningsbar Vape?<\/h5>\n<p>30 ml<\/p>\n<h5>4.Hur m\u00e5nga puffar kan jag ta av denna Big Bang 25k Puffs?<\/h5>\n<p>\u2014\u201325000 puffar<\/p>\n<h3>Bang With a Vape 25000 Puffs Eng\u00e5ngs Vape Pod-funktioner:<\/h3>\n<p>&nbsp;<\/p>\n<ul>\n<li>\u00a0V\u00e4tska: 30 ml f\u00f6rfylld e-v\u00e4tskekassett<\/li>\n<li>Nikotin: 2\/5% Nikotinsalt<\/li>\n<li>\u00a0Typer: LCD Eng\u00e5ngs Vape<\/li>\n<li>\u00a0650mAh batteri<\/li>\n<li>\u00a01.0 Mesh Spole<\/li>\n<li>\u00a0Type-c laddningskabel<\/li>\n<li>\u00a012 Smaker Tillg\u00e4ngliga<\/li>\n<\/ul>\n<p>&nbsp;<\/p>\n<h3><strong>Big Puff Bang Vape 25k Puffs Smaker?<\/strong><\/h3>\n<p>1.Bl\u00e5b\u00e4rsis<\/p>\n<p>2.Jordgubb Kiwi<\/p>\n<p>3.Jordgubbsvattenmelon<\/p>\n<p>4.Blandad frukt<\/p>\n<p>5.Bl\u00e5b\u00e4rsmynta<\/p>\n<p>6.Tigerblod<\/p>\n<p>7.Mango Persika<\/p>\n<p>8.Druvis<\/p>\n<p>9.Bl\u00e5b\u00e4r Hallon<\/p>\n<p>10. Watermelon Ice<\/p>\n<p>11.Vattenmelon Bubble Gum<\/p>\n<p>12.Jordgubbsis<\/p>\n<p><a href=\"https:\/\/vapebulkp.com\/sv\/product\/popular-randm-tornado-7000puffs-disposable-vape-best-price\/\"><span style=\"vertical-align: inherit\">RandM Tornado 7000 Bloss <\/span><\/a><\/p>\n<p><span style=\"vertical-align: inherit\">Hitta fler produkter du kanske gillar:<\/span><em><a href=\"https:\/\/wa.me\/8618077105796\"><span style=\"vertical-align: inherit\">\u00a0K\u00f6p nu<\/span><\/a><\/em><\/p>\n<p><span style=\"vertical-align: inherit\">Andra Puffs du kanske gillar:<\/span><a href=\"https:\/\/vapebulkp.com\/sv\/product\/bang-with-a-vape-gear-20000-puffs-discount-price\/\"><span style=\"vertical-align: inherit\">Bang Gear Vape 20000Bloss<\/span><\/a><span style=\"vertical-align: inherit\">\u3001<\/span><a href=\"https:\/\/vapebulkp.com\/sv\/product\/vapme-crystal-30000-puffs-3in1-disposable-vape-wholesale-price\/\"><span style=\"vertical-align: inherit\">Vapme Kristall 30000 Puffar<\/span><\/a><span style=\"vertical-align: inherit\">\/ <\/span><a href=\"https:\/\/vapebulkp.com\/sv\/product\/bang-king-12000puffs\/\"><span style=\"vertical-align: inherit\">Bang King 12000 Puffar<\/span><\/a><span style=\"vertical-align: inherit\">\/ <\/span><a href=\"https:\/\/vapebulkp.com\/sv\/product\/uzy-qute-800-puffs-original-disposable-vape\/\"><span style=\"vertical-align: inherit\">UZY QUTE 800Puffs<\/span><\/a><\/p>\n<p><span style=\"vertical-align: inherit\">E-cigarettflaska med specialform:<\/span><a href=\"https:\/\/vapebulkp.com\/sv\/product\/vozol-vista-40000-puffs-vape-wholesale-best-price\/\"><span style=\"vertical-align: inherit\"> Vozol Vista 40000 Puffar<\/span><\/a><span style=\"vertical-align: inherit\">\/ <\/span><a href=\"https:\/\/vapebulkp.com\/sv\/fi\/product\/best-price-wga-crystal-pro-max-15k-puffs-original-vape\/\"><span style=\"vertical-align: inherit\">\u00a0WGA Crystal pro max 15k Bloss <\/span><\/a><span style=\"vertical-align: inherit\">\/<\/span><a href=\"https:\/\/vapebulkp.com\/sv\/product\/bood-lumo-60000-puffs-best-price-disposable-vape-2-5-nicotine\/\"><span style=\"vertical-align: inherit\"> BOOD LUMO 60000 Puffar<\/span><\/a><\/p>\n<h5>Produktionskvalifikation:<\/h5>\n<p><img decoding=\"async\" class=\"alignnone size-full wp-image-1841\" src=\"http:\/\/vapebulkp.com\/wp-content\/uploads\/2023\/11\/Vape-production-process-2.jpeg\" alt=\"Vape produktionsprocess\" width=\"650\" height=\"434\" srcset=\"https:\/\/vapebulkp.com\/wp-content\/uploads\/2023\/11\/Vape-production-process-2.jpeg 650w, https:\/\/vapebulkp.com\/wp-content\/uploads\/2023\/11\/Vape-production-process-2-300x200.jpeg 300w, https:\/\/vapebulkp.com\/wp-content\/uploads\/2023\/11\/Vape-production-process-2-600x401.jpeg 600w\" sizes=\"(max-width: 650px) 100vw, 650px\" \/><\/p>\n<p><img decoding=\"async\" class=\"alignnone size-full wp-image-1843\" src=\"http:\/\/vapebulkp.com\/wp-content\/uploads\/2023\/11\/Vape-production-process.jpeg\" alt=\"Vape produktionsprocess\" width=\"641\" height=\"1026\" srcset=\"https:\/\/vapebulkp.com\/wp-content\/uploads\/2023\/11\/Vape-production-process.jpeg 641w, https:\/\/vapebulkp.com\/wp-content\/uploads\/2023\/11\/Vape-production-process-187x300.jpeg 187w, https:\/\/vapebulkp.com\/wp-content\/uploads\/2023\/11\/Vape-production-process-640x1024.jpeg 640w, https:\/\/vapebulkp.com\/wp-content\/uploads\/2023\/11\/Vape-production-process-600x960.jpeg 600w\" sizes=\"(max-width: 641px) 100vw, 641px\" \/><\/p>\n<h4>Vanliga fr\u00e5gor och svar:<\/h4>\n<p>F: Vad \u00e4r MOQ f\u00f6r B\u00e4sta F\u00f6rs\u00e4ljning Bang Vape 25000 Puffs?<br \/>\nS: Minsta best\u00e4llning \u00e4r 100st.<br \/>\nF: Vad \u00e4r leveranstiden f\u00f6r den best\u00e4llda vapen?<br \/>\nS: Vanligtvis \u00e4r det 10-15 dagar efter leverans<br \/>\nF: Hur mycket kostar frakten? S: Fraktkostnaden beror p\u00e5 vikten. Olika kvantiteter har olika fraktkostnader, v\u00e4nligen kontakta oss f\u00f6r att bekr\u00e4fta fraktkostnaden.<\/p>\n<h4>Leveransdetaljer:<\/h4>\n<p><span style=\"color: #ff6600\">Produktionstid: 5-10 arbetsdagar<\/span><br \/>\n<span style=\"color: #ff6600\">Leveranstid: 8-14 arbetsdagar<\/span><\/p>\n<p>Alla produkter i v\u00e5r butik \u00e4r 100% originala och autentiska, d\u00e4rf\u00f6r \u00e4r Tiofaldig ers\u00e4ttning f\u00f6r falska varor v\u00e5r butikspolicy. Vi anv\u00e4nder logistikkanaler som UPS\/DHL\/FEDEX\/DPD f\u00f6r att leverera varor till dig.<\/p>\n<p>F\u00f6r paket som skickas inom Sverige tar det vanligtvis 10 arbetsdagar att anl\u00e4nda. Leveranser till andra europeiska l\u00e4nder tar vanligtvis 12 till 15 arbetsdagar att anl\u00e4nda. Vi uppdaterar logistikinformationen f\u00f6r dig i realtid.<\/p>","protected":false},"excerpt":{"rendered":"<p>Topps\u00e4ljande Vape Bang Vape 25000Puffs H\u00f6gkvalitativ Vape<\/p>\n<p>Kontakta Mandy via WhatsApp f\u00f6r rabatterat pris<a href=\"https:\/\/wa.me\/8618077105796\">+8618077105796<\/a><\/p>\n<p><img decoding=\"async\" class=\"alignnone wp-image-2151\" src=\"http:\/\/vapebulkp.com\/wp-content\/uploads\/2024\/04\/Mandy-WhatsApp-Randm.jpg\" alt=\"Mandy WhatsApp Randm\" width=\"297\" height=\"316\" srcset=\"https:\/\/vapebulkp.com\/wp-content\/uploads\/2024\/04\/Mandy-WhatsApp-Randm.jpg 916w, https:\/\/vapebulkp.com\/wp-content\/uploads\/2024\/04\/Mandy-WhatsApp-Randm-282x300.jpg 282w, https:\/\/vapebulkp.com\/wp-content\/uploads\/2024\/04\/Mandy-WhatsApp-Randm-768x817.jpg 768w, https:\/\/vapebulkp.com\/wp-content\/uploads\/2024\/04\/Mandy-WhatsApp-Randm-600x638.jpg 600w\" sizes=\"(max-width: 297px) 100vw, 297px\" \/><\/p>\n<p><span style=\"color: #ff0000\">OBS: Priserna p\u00e5 v\u00e5r webbplats inkluderar inte fraktkostnader<\/span><\/p>\n<p>&nbsp;<\/p>","protected":false},"featured_media":2523,"comment_status":"open","ping_status":"closed","template":"","meta":{"_uag_custom_page_level_css":"","_lmt_disableupdate":"no","_lmt_disable":"","site-sidebar-layout":"default","site-content-layout":"content-boxed-container","ast-site-content-layout":"normal-width-container","site-content-style":"boxed","site-sidebar-style":"unboxed","ast-global-header-display":"","ast-banner-title-visibility":"","ast-main-header-display":"","ast-hfb-above-header-display":"","ast-hfb-below-header-display":"","ast-hfb-mobile-header-display":"","site-post-title":"","ast-breadcrumbs-content":"","ast-featured-img":"","footer-sml-layout":"","theme-transparent-header-meta":"default","adv-header-id-meta":"","stick-header-meta":"","header-above-stick-meta":"","header-main-stick-meta":"","header-below-stick-meta":"","astra-migrate-meta-layouts":"set","_joinchat":[]},"product_cat":[161,153,345,155,33,59,100,34,158,157,154,152,58,84,156,63,32],"product_tag":[137,36,37,41,40],"class_list":["post-2532","product","type-product","status-publish","has-post-thumbnail","hentry","product_cat-25000-puffs-disposable-vape","product_cat-hot-disposable-vapes","product_cat-bang-vapes","product_cat-belgium-hot-disposable-vapes","product_cat-france-vape-hot-sale","product_cat-germany-hot-disposable-vape","product_cat-germany-wholesale-vape-shop","product_cat-netherlands-vape-good-sale","product_cat-norway-hot-disposable-vapes","product_cat-poland-hot-disposable-vapes","product_cat-portugal-hot-disposable-vapes","product_cat-spain-hot-disposable-vapes","product_cat-sweden-hot-disposable-vape","product_cat-sweden-wholesale-vape","product_cat-switzerland-hot-disposable-vapes","product_cat-top-sale-disposable-vape","product_cat-vape-hot-sale-this-week","product_tag-25000puffs","product_tag-good-vape","product_tag-hot-sale-disposable-vape","product_tag-poland-hot-vape","product_tag-sweden-hot-vape","pa_brand-bang-king-vape","desktop-align-left","tablet-align-left","mobile-align-left"],"yoast_head":"<!-- This site is optimized with the Yoast SEO plugin v21.1 - https:\/\/yoast.com\/wordpress\/plugins\/seo\/ -->\n<title>Bang 25000Puffs LCD Screen Rechargeable Vape - vapebulkp.com<\/title>\n<meta name=\"description\" content=\"Bang Vape 25000 Puffs features an elegant design that is ergonomic, practical and stylish. It is equipped with a real-time battery and power display, a dual HD screen for a refined touch, a 650 mAh battery, and advanced model settings are usually included.\" \/>\n<meta name=\"robots\" content=\"index, follow, max-snippet:-1, max-image-preview:large, max-video-preview:-1\" \/>\n<link rel=\"canonical\" href=\"https:\/\/vapebulkp.com\/sv\/product\/bang-25000puffs-lcd-screen-rechargeable-vape\/\" \/>\n<meta property=\"og:locale\" content=\"sv_SE\" \/>\n<meta property=\"og:type\" content=\"article\" \/>\n<meta property=\"og:title\" content=\"Bang 25000Puffs LCD Screen Rechargeable Vape - vapebulkp.com\" \/>\n<meta property=\"og:description\" content=\"Bang Vape 25000 Puffs features an elegant design that is ergonomic, practical and stylish. It is equipped with a real-time battery and power display, a dual HD screen for a refined touch, a 650 mAh battery, and advanced model settings are usually included.\" \/>\n<meta property=\"og:url\" content=\"https:\/\/vapebulkp.com\/sv\/product\/bang-25000puffs-lcd-screen-rechargeable-vape\/\" \/>\n<meta property=\"og:site_name\" content=\"vapebulkp.com\" \/>\n<meta property=\"article:modified_time\" content=\"2025-09-24T03:21:02+00:00\" \/>\n<meta property=\"og:image\" content=\"http:\/\/vapebulkp.com\/wp-content\/uploads\/2024\/06\/Big-Puffs-Bang-25000Puffs.jpg\" \/>\n\t<meta property=\"og:image:width\" content=\"1000\" \/>\n\t<meta property=\"og:image:height\" content=\"1000\" \/>\n\t<meta property=\"og:image:type\" content=\"image\/jpeg\" \/>\n<meta name=\"twitter:card\" content=\"summary_large_image\" \/>\n<meta name=\"twitter:label1\" content=\"Ber\u00e4knad l\u00e4stid\" \/>\n\t<meta name=\"twitter:data1\" content=\"4 minuter\" \/>\n<script type=\"application\/ld+json\" class=\"yoast-schema-graph\">{\"@context\":\"https:\/\/schema.org\",\"@graph\":[{\"@type\":\"WebPage\",\"@id\":\"https:\/\/vapebulkp.com\/product\/bang-25000puffs-lcd-screen-rechargeable-vape\/\",\"url\":\"https:\/\/vapebulkp.com\/product\/bang-25000puffs-lcd-screen-rechargeable-vape\/\",\"name\":\"Bang 25000Puffs LCD Screen Rechargeable Vape - vapebulkp.com\",\"isPartOf\":{\"@id\":\"https:\/\/vapebulkp.com\/#website\"},\"datePublished\":\"2024-06-06T09:02:46+00:00\",\"dateModified\":\"2025-09-24T03:21:02+00:00\",\"description\":\"Bang Vape 25000 Puffs features an elegant design that is ergonomic, practical and stylish. It is equipped with a real-time battery and power display, a dual HD screen for a refined touch, a 650 mAh battery, and advanced model settings are usually included.\",\"breadcrumb\":{\"@id\":\"https:\/\/vapebulkp.com\/product\/bang-25000puffs-lcd-screen-rechargeable-vape\/#breadcrumb\"},\"inLanguage\":\"sv-SE\",\"potentialAction\":[{\"@type\":\"ReadAction\",\"target\":[\"https:\/\/vapebulkp.com\/product\/bang-25000puffs-lcd-screen-rechargeable-vape\/\"]}]},{\"@type\":\"BreadcrumbList\",\"@id\":\"https:\/\/vapebulkp.com\/product\/bang-25000puffs-lcd-screen-rechargeable-vape\/#breadcrumb\",\"itemListElement\":[{\"@type\":\"ListItem\",\"position\":1,\"name\":\"Home\",\"item\":\"https:\/\/vapebulkp.com\/\"},{\"@type\":\"ListItem\",\"position\":2,\"name\":\"Hot Trend Vapes\",\"item\":\"https:\/\/vapebulkp.com\/vape-shop\/\"},{\"@type\":\"ListItem\",\"position\":3,\"name\":\"Bang 25000Puffs LCD Screen Rechargeable Vape\"}]},{\"@type\":\"WebSite\",\"@id\":\"https:\/\/vapebulkp.com\/#website\",\"url\":\"https:\/\/vapebulkp.com\/\",\"name\":\"vapebulkp.com\",\"description\":\"Buy Vape In Cheap Bulk Price Near you\",\"publisher\":{\"@id\":\"https:\/\/vapebulkp.com\/#organization\"},\"potentialAction\":[{\"@type\":\"SearchAction\",\"target\":{\"@type\":\"EntryPoint\",\"urlTemplate\":\"https:\/\/vapebulkp.com\/?s={search_term_string}\"},\"query-input\":\"required name=search_term_string\"}],\"inLanguage\":\"sv-SE\"},{\"@type\":\"Organization\",\"@id\":\"https:\/\/vapebulkp.com\/#organization\",\"name\":\"vapebulkp.com\",\"url\":\"https:\/\/vapebulkp.com\/\",\"logo\":{\"@type\":\"ImageObject\",\"inLanguage\":\"sv-SE\",\"@id\":\"https:\/\/vapebulkp.com\/#\/schema\/logo\/image\/\",\"url\":\"https:\/\/vapebulkp.com\/wp-content\/uploads\/2023\/09\/cropped-vapebulkp.png\",\"contentUrl\":\"https:\/\/vapebulkp.com\/wp-content\/uploads\/2023\/09\/cropped-vapebulkp.png\",\"width\":516,\"height\":163,\"caption\":\"vapebulkp.com\"},\"image\":{\"@id\":\"https:\/\/vapebulkp.com\/#\/schema\/logo\/image\/\"}}]}<\/script>\n<!-- \/ Yoast SEO plugin. -->","yoast_head_json":{"title":"Bang 25000Puffs LCD Screen Rechargeable Vape - vapebulkp.com","description":"Bang Vape 25000 Puffs features an elegant design that is ergonomic, practical and stylish. It is equipped with a real-time battery and power display, a dual HD screen for a refined touch, a 650 mAh battery, and advanced model settings are usually included.","robots":{"index":"index","follow":"follow","max-snippet":"max-snippet:-1","max-image-preview":"max-image-preview:large","max-video-preview":"max-video-preview:-1"},"canonical":"https:\/\/vapebulkp.com\/sv\/product\/bang-25000puffs-lcd-screen-rechargeable-vape\/","og_locale":"sv_SE","og_type":"article","og_title":"Bang 25000Puffs LCD Screen Rechargeable Vape - vapebulkp.com","og_description":"Bang Vape 25000 Puffs features an elegant design that is ergonomic, practical and stylish. It is equipped with a real-time battery and power display, a dual HD screen for a refined touch, a 650 mAh battery, and advanced model settings are usually included.","og_url":"https:\/\/vapebulkp.com\/sv\/product\/bang-25000puffs-lcd-screen-rechargeable-vape\/","og_site_name":"vapebulkp.com","article_modified_time":"2025-09-24T03:21:02+00:00","og_image":[{"width":1000,"height":1000,"url":"http:\/\/vapebulkp.com\/wp-content\/uploads\/2024\/06\/Big-Puffs-Bang-25000Puffs.jpg","type":"image\/jpeg"}],"twitter_card":"summary_large_image","twitter_misc":{"Ber\u00e4knad l\u00e4stid":"4 minuter"},"schema":{"@context":"https:\/\/schema.org","@graph":[{"@type":"WebPage","@id":"https:\/\/vapebulkp.com\/product\/bang-25000puffs-lcd-screen-rechargeable-vape\/","url":"https:\/\/vapebulkp.com\/product\/bang-25000puffs-lcd-screen-rechargeable-vape\/","name":"Bang 25000Puffs LCD Screen Rechargeable Vape - vapebulkp.com","isPartOf":{"@id":"https:\/\/vapebulkp.com\/#website"},"datePublished":"2024-06-06T09:02:46+00:00","dateModified":"2025-09-24T03:21:02+00:00","description":"Bang Vape 25000 Puffs features an elegant design that is ergonomic, practical and stylish. It is equipped with a real-time battery and power display, a dual HD screen for a refined touch, a 650 mAh battery, and advanced model settings are usually included.","breadcrumb":{"@id":"https:\/\/vapebulkp.com\/product\/bang-25000puffs-lcd-screen-rechargeable-vape\/#breadcrumb"},"inLanguage":"sv-SE","potentialAction":[{"@type":"ReadAction","target":["https:\/\/vapebulkp.com\/product\/bang-25000puffs-lcd-screen-rechargeable-vape\/"]}]},{"@type":"BreadcrumbList","@id":"https:\/\/vapebulkp.com\/product\/bang-25000puffs-lcd-screen-rechargeable-vape\/#breadcrumb","itemListElement":[{"@type":"ListItem","position":1,"name":"Home","item":"https:\/\/vapebulkp.com\/"},{"@type":"ListItem","position":2,"name":"Hot Trend Vapes","item":"https:\/\/vapebulkp.com\/vape-shop\/"},{"@type":"ListItem","position":3,"name":"Bang 25000Puffs LCD Screen Rechargeable Vape"}]},{"@type":"WebSite","@id":"https:\/\/vapebulkp.com\/#website","url":"https:\/\/vapebulkp.com\/","name":"vapebulkp.com","description":"Buy Vape In Cheap Bulk Price Near you","publisher":{"@id":"https:\/\/vapebulkp.com\/#organization"},"potentialAction":[{"@type":"SearchAction","target":{"@type":"EntryPoint","urlTemplate":"https:\/\/vapebulkp.com\/?s={search_term_string}"},"query-input":"required name=search_term_string"}],"inLanguage":"sv-SE"},{"@type":"Organization","@id":"https:\/\/vapebulkp.com\/#organization","name":"vapebulkp.com","url":"https:\/\/vapebulkp.com\/","logo":{"@type":"ImageObject","inLanguage":"sv-SE","@id":"https:\/\/vapebulkp.com\/#\/schema\/logo\/image\/","url":"https:\/\/vapebulkp.com\/wp-content\/uploads\/2023\/09\/cropped-vapebulkp.png","contentUrl":"https:\/\/vapebulkp.com\/wp-content\/uploads\/2023\/09\/cropped-vapebulkp.png","width":516,"height":163,"caption":"vapebulkp.com"},"image":{"@id":"https:\/\/vapebulkp.com\/#\/schema\/logo\/image\/"}}]}},"uagb_featured_image_src":{"full":["https:\/\/vapebulkp.com\/wp-content\/uploads\/2024\/06\/Big-Puffs-Bang-25000Puffs.jpg",1000,1000,false],"thumbnail":["https:\/\/vapebulkp.com\/wp-content\/uploads\/2024\/06\/Big-Puffs-Bang-25000Puffs-150x150.jpg",150,150,true],"medium":["https:\/\/vapebulkp.com\/wp-content\/uploads\/2024\/06\/Big-Puffs-Bang-25000Puffs-300x300.jpg",300,300,true],"medium_large":["https:\/\/vapebulkp.com\/wp-content\/uploads\/2024\/06\/Big-Puffs-Bang-25000Puffs-768x768.jpg",768,768,true],"large":["https:\/\/vapebulkp.com\/wp-content\/uploads\/2024\/06\/Big-Puffs-Bang-25000Puffs.jpg",1000,1000,false],"1536x1536":["https:\/\/vapebulkp.com\/wp-content\/uploads\/2024\/06\/Big-Puffs-Bang-25000Puffs.jpg",1000,1000,false],"2048x2048":["https:\/\/vapebulkp.com\/wp-content\/uploads\/2024\/06\/Big-Puffs-Bang-25000Puffs.jpg",1000,1000,false],"trp-custom-language-flag":["https:\/\/vapebulkp.com\/wp-content\/uploads\/2024\/06\/Big-Puffs-Bang-25000Puffs.jpg",12,12,false],"woocommerce_thumbnail":["https:\/\/vapebulkp.com\/wp-content\/uploads\/2024\/06\/Big-Puffs-Bang-25000Puffs-300x300.jpg",300,300,true],"woocommerce_single":["https:\/\/vapebulkp.com\/wp-content\/uploads\/2024\/06\/Big-Puffs-Bang-25000Puffs-600x600.jpg",600,600,true],"woocommerce_gallery_thumbnail":["https:\/\/vapebulkp.com\/wp-content\/uploads\/2024\/06\/Big-Puffs-Bang-25000Puffs-100x100.jpg",100,100,true],"wcpr-photo-reviews":["https:\/\/vapebulkp.com\/wp-content\/uploads\/2024\/06\/Big-Puffs-Bang-25000Puffs.jpg",500,500,false]},"uagb_author_info":{"display_name":"Mandy vape bulk price","author_link":"https:\/\/vapebulkp.com\/sv\/author\/"},"uagb_comment_info":0,"uagb_excerpt":"Top Sale Vape Bang Vape 25000Puffs\u00a0 HQ\u00a0 Vape Pls Contact Mandy's WhatsApp For Discount Price+8618077105796 NOTE: Prices on our website does not include shipping costs &nbsp;","_links":{"self":[{"href":"https:\/\/vapebulkp.com\/sv\/wp-json\/wp\/v2\/product\/2532","targetHints":{"allow":["GET"]}}],"collection":[{"href":"https:\/\/vapebulkp.com\/sv\/wp-json\/wp\/v2\/product"}],"about":[{"href":"https:\/\/vapebulkp.com\/sv\/wp-json\/wp\/v2\/types\/product"}],"replies":[{"embeddable":true,"href":"https:\/\/vapebulkp.com\/sv\/wp-json\/wp\/v2\/comments?post=2532"}],"wp:featuredmedia":[{"embeddable":true,"href":"https:\/\/vapebulkp.com\/sv\/wp-json\/wp\/v2\/media\/2523"}],"wp:attachment":[{"href":"https:\/\/vapebulkp.com\/sv\/wp-json\/wp\/v2\/media?parent=2532"}],"wp:term":[{"taxonomy":"product_cat","embeddable":true,"href":"https:\/\/vapebulkp.com\/sv\/wp-json\/wp\/v2\/product_cat?post=2532"},{"taxonomy":"product_tag","embeddable":true,"href":"https:\/\/vapebulkp.com\/sv\/wp-json\/wp\/v2\/product_tag?post=2532"}],"curies":[{"name":"wp","href":"https:\/\/api.w.org\/{rel}","templated":true}]}}