{"id":2677,"date":"2024-07-23T03:02:16","date_gmt":"2024-07-23T01:02:16","guid":{"rendered":"https:\/\/vapebulkp.com\/?post_type=product&#038;p=2677"},"modified":"2025-09-24T05:22:37","modified_gmt":"2025-09-24T03:22:37","slug":"hot-selling-brand-vape-mesii-visual-16000puffs-wholesale-price","status":"publish","type":"product","link":"https:\/\/vapebulkp.com\/sv\/product\/hot-selling-brand-vape-mesii-visual-16000puffs-wholesale-price\/","title":{"rendered":"Heta S\u00e4ljare M\u00e4rke Vape Mesii Visual 16000Puffs Partihandel Pris"},"content":{"rendered":"<h2>Heta S\u00e4ljare M\u00e4rke Vape Mesii Visual 16000Puffs Partihandel Pris<\/h2>\n<p>Mesii Visual 16000Puffs \u00e4r en h\u00f6gpresterande eng\u00e5ngs-vape med stor kapacitet, utformad f\u00f6r europeiska vaping-entusiaster som s\u00f6ker stil, bekv\u00e4mlighet och konsekvent smak. Utrustad med ett kraftfullt 600mAh-batteri och avancerad mesh coil-teknologi levererar den smidig, t\u00e4t \u00e5nga f\u00f6r upp till 16 000 bloss.<\/p>\n<p>Med en stor digital display ger 16000 Puffs eng\u00e5ngs-vape information i realtid om batteriniv\u00e5, antal bloss och justerbar sp\u00e4nning, vilket l\u00e5ter anv\u00e4ndare finjustera sina sessioner f\u00f6r det perfekta draget. F\u00f6rfylld med h\u00f6gkvalitativa nikotinsalt-e-v\u00e4tskor, erbjuder den ett brett utbud av premiumsmaker, fr\u00e5n klassisk tobak och mentol till frukt- och dessertblandningar, f\u00f6r en tillfredsst\u00e4llande och l\u00e5ngvarig vaping-upplevelse.<\/p>\n<p>Kompakt och portabel, denna l\u00e5ngvariga eng\u00e5ngs-vape \u00e4r idealisk f\u00f6r daglig anv\u00e4ndning, resor eller sociala sammanhang. Genom att kombinera elegant design, avancerad funktionalitet och ut\u00f6kad batteritid, ger Mesii 16000 Puffs eng\u00e5ngs-vape en m\u00e5ngsidig och p\u00e5litlig l\u00f6sning f\u00f6r b\u00e5de nya och erfarna anv\u00e4ndare.<\/p>\n<p><img decoding=\"async\" class=\"alignnone size-full wp-image-2667\" src=\"http:\/\/vapebulkp.com\/wp-content\/uploads\/2024\/07\/Hot-Vape-MESii-VISUAL-BOX-16000Puffs.jpg\" alt=\"Het Vape MESii VISUAL BOX 16000Puffs\" width=\"800\" height=\"800\" srcset=\"https:\/\/vapebulkp.com\/wp-content\/uploads\/2024\/07\/Hot-Vape-MESii-VISUAL-BOX-16000Puffs.jpg 800w, https:\/\/vapebulkp.com\/wp-content\/uploads\/2024\/07\/Hot-Vape-MESii-VISUAL-BOX-16000Puffs-300x300.jpg 300w, https:\/\/vapebulkp.com\/wp-content\/uploads\/2024\/07\/Hot-Vape-MESii-VISUAL-BOX-16000Puffs-150x150.jpg 150w, https:\/\/vapebulkp.com\/wp-content\/uploads\/2024\/07\/Hot-Vape-MESii-VISUAL-BOX-16000Puffs-768x768.jpg 768w, https:\/\/vapebulkp.com\/wp-content\/uploads\/2024\/07\/Hot-Vape-MESii-VISUAL-BOX-16000Puffs-600x600.jpg 600w, https:\/\/vapebulkp.com\/wp-content\/uploads\/2024\/07\/Hot-Vape-MESii-VISUAL-BOX-16000Puffs-100x100.jpg 100w\" sizes=\"(max-width: 800px) 100vw, 800px\" \/><\/p>\n<h6>Kontakta Mandy via WhatsApp f\u00f6r rabatterat pris<a href=\"https:\/\/wa.me\/8618077105796\">+8618077105796<\/a><\/h6>\n<p><img decoding=\"async\" class=\"alignnone wp-image-2151\" src=\"http:\/\/vapebulkp.com\/wp-content\/uploads\/2024\/04\/Mandy-WhatsApp-Randm.jpg\" alt=\"Mandy WhatsApp Randm\" width=\"263\" height=\"280\" srcset=\"https:\/\/vapebulkp.com\/wp-content\/uploads\/2024\/04\/Mandy-WhatsApp-Randm.jpg 916w, https:\/\/vapebulkp.com\/wp-content\/uploads\/2024\/04\/Mandy-WhatsApp-Randm-282x300.jpg 282w, https:\/\/vapebulkp.com\/wp-content\/uploads\/2024\/04\/Mandy-WhatsApp-Randm-768x817.jpg 768w, https:\/\/vapebulkp.com\/wp-content\/uploads\/2024\/04\/Mandy-WhatsApp-Randm-600x638.jpg 600w\" sizes=\"(max-width: 263px) 100vw, 263px\" \/><\/p>\n<h2><span style=\"vertical-align: inherit\">T\u00e4nkte att du kanske vill veta om MESii 16k Puffs Popul\u00e4r Vape:<\/span><\/h2>\n<p>&nbsp;<\/p>\n<h6>1.Hur man anv\u00e4nder MESii VISUAL 16000 Puffs Display Vape: En steg-f\u00f6r-steg-guide?<\/h6>\n<p>Att anv\u00e4nda MESii VISUAL 16000 Puffs Vape \u00e4r enkelt. F\u00f6lj dessa enkla steg f\u00f6r en optimal vaping-upplevelse:<\/p>\n<p>\u00d6ppna den f\u00f6rseglade f\u00f6rpackningen: B\u00f6rja med att riva upp den skyddande f\u00f6rpackningen f\u00f6r att s\u00e4kerst\u00e4lla att enheten f\u00f6rblir fr\u00e4sch och redo att anv\u00e4ndas.<\/p>\n<p>Ta bort klisterm\u00e4rket: Dra f\u00f6rsiktigt bort det skyddande klisterm\u00e4rket som t\u00e4cker vapen f\u00f6r att aktivera den.<\/p>\n<p>F\u00f6rbered vapen: Dra f\u00f6rsiktigt ut silikonpluggen fr\u00e5n munstycket och l\u00e5t enheten vila i cirka 10 minuter. Detta g\u00f6r att e-v\u00e4tskan kan m\u00e4tta coilen helt, vilket s\u00e4kerst\u00e4ller smidig \u00e5nga fr\u00e5n ditt allra f\u00f6rsta bloss.<\/p>\n<p>Efter dessa snabba steg \u00e4r din MESii VISUAL 16000 Puffs Display Vape redo att anv\u00e4ndas!<\/p>\n<h6>2.Hur laddar man MESii VISUAL 16k Puffs-enheten?<\/h6>\n<p>Laddning av MESii VISUAL 16000 Puffs-enheten: S\u00e4kerhetsriktlinjer<\/p>\n<p>Att ladda din MESii vape korrekt s\u00e4kerst\u00e4ller dess livsl\u00e4ngd och s\u00e4kra anv\u00e4ndning. H\u00e4r \u00e4r de viktiga laddningstipsen:<\/p>\n<p>Undvik snabbladdare: Snabbladdningsadaptrar \u00e4r inte l\u00e4mpliga f\u00f6r eng\u00e5ngs-vapes. Anv\u00e4nd ist\u00e4llet en standardladdare med en s\u00e4ker uteffekt p\u00e5 5V och 1A.<\/p>\n<p>\u00d6vervaka laddningstiden: F\u00f6r att f\u00f6rhindra \u00f6verhettning eller skada p\u00e5 batteriet, begr\u00e4nsa varje laddningssession till 30 minuter. \u00d6verskrid aldrig en timme per laddning f\u00f6r maximal s\u00e4kerhet och batterih\u00e4lsa.<\/p>\n<p>Genom att f\u00f6lja dessa riktlinjer kommer din enhet att f\u00f6rbli i toppskick.<\/p>\n<h6>3.Hur m\u00e5nga bloss kan du f\u00e5 fr\u00e5n MESii VISUAL 16000 Puffs Vape?<\/h6>\n<p>Som namnet antyder, erbjuder MESii VISUAL vape imponerande 16 000 bloss per enhet, vilket g\u00f6r den till en av de mest h\u00e5llbara och l\u00e5ngvariga eng\u00e5ngs-vapes p\u00e5 marknaden. Oavsett om du \u00e4r en l\u00e4tt eller m\u00e5ttlig anv\u00e4ndare, \u00e4r denna vape utformad f\u00f6r att h\u00e5lla, vilket ger en p\u00e5litlig och smakrik upplevelse.<\/p>\n<p><span style=\"color: #ff6600\">Observera: kan inte ladda om hela natten!<\/span><\/p>\n<h6>4.Varf\u00f6r v\u00e4lja MESii VISUAL 16k Puffs Vape?<\/h6>\n<ul>\n<li><strong>H\u00f6g puffkapacitet<\/strong>: Med 16 000 bloss erbjuder den en omfattande vapingupplevelse utan att beh\u00f6va bytas ut ofta.<\/li>\n<li><strong>Stor e-v\u00e4tskevolym<\/strong>: Den 16 ml stora e-v\u00e4tskekapaciteten inneb\u00e4r f\u00e4rre p\u00e5fyllningar, vilket ger bekv\u00e4mlighet f\u00f6r anv\u00e4ndare som f\u00f6redrar mindre underh\u00e5ll.<\/li>\n<li><strong>Nikotinalternativ<\/strong>: Den erbjuder flexibilitet med nikotininneh\u00e5ll, fr\u00e5n 0 % (nikotinfri) till 5 % nikotinsalt e-v\u00e4tska, vilket tillgodoser olika preferenser och nikotintoleransniv\u00e5er.<\/li>\n<li><strong>Batteritid<\/strong>: 600mAh-batteriet ger tillr\u00e4ckligt med str\u00f6m f\u00f6r att st\u00f6dja det h\u00f6ga antalet bloss, vilket s\u00e4kerst\u00e4ller p\u00e5litlig prestanda under hela dess livsl\u00e4ngd.<\/li>\n<li><strong>Eng\u00e5ngs och bekv\u00e4m<\/strong>: Som en eng\u00e5ngsvape eliminerar den behovet av p\u00e5fyllning eller laddning, vilket g\u00f6r den idealisk f\u00f6r resor eller situationer d\u00e4r bekv\u00e4mlighet \u00e4r av st\u00f6rsta vikt.<\/li>\n<li><strong>Kvalitet och tillf\u00f6rlitlighet<\/strong>: Designad med kvalitetsmaterial och eventuellt med s\u00e4kerhetsskydd, garanterar den en s\u00e4ker och njutbar vapingupplevelse.<\/li>\n<\/ul>\n<h3>MESII VISUAL 16k Vape-funktion:<\/h3>\n<p>Modell: MESII VISUAL 16000 Puffs Bra f\u00f6rs\u00e4ljning Vape<br \/>\nPuffar: 16000 bloss<br \/>\nBatterikapacitet: 600mAh<br \/>\nE-v\u00e4tskevolym: 16 ml<br \/>\nNikotininneh\u00e5ll: 2%\/\/5% Nikotinsalt<br \/>\nF\u00f6rpackning: 10 stycken i 1 displayl\u00e5da<br \/>\nMinsta best\u00e4llningskvantitet (MOQ): 100 stycken<\/p>\n<h3><strong>\u00a0Original vape MESII VISUAL<\/strong> 16000 Puffar\u00a0 <strong>Smaklista:<\/strong><\/h3>\n<p>1.Bl\u00e5b\u00e4rsstorm<br \/>\n2.Bl\u00e5 Hallon Is<br \/>\n3.Miami Mint<br \/>\n4.BPeach Ice<br \/>\n5.Vattenmelon is<br \/>\n6. Drakkfrukt Banan K\u00f6rsb\u00e4r<br \/>\n7. Blandade b\u00e4r<br \/>\n8. Surt \u00c4pple Is<br \/>\n9. Ananas Kokos<br \/>\n10. Hallon Vattenmelon<br \/>\n11. Vattenmelon Bubbelgum<br \/>\n12. Jordgubb vattenmelon<br \/>\n13. Jordgubb Hallon K\u00f6rsb\u00e4r<br \/>\n14. Druva Is<br \/>\n15. Jordgubb Kiwi<\/p>\n<p><a href=\"https:\/\/vapebulkp.com\/sv\/product\/popular-randm-tornado-7000puffs-disposable-vape-best-price\/\">Randm tornado 7000 bloss<\/a><\/p>\n<p><span style=\"vertical-align: inherit\">Hitta fler produkter du kanske gillar:<\/span><em><a href=\"https:\/\/wa.me\/8618077105796\"><span style=\"vertical-align: inherit\">\u00a0K\u00f6p nu<\/span><\/a><\/em><\/p>\n<p><span style=\"vertical-align: inherit\">Andra Puffs du kanske gillar:<\/span><a href=\"https:\/\/vapebulkp.com\/sv\/product\/good-sale-randm-tornado-10000-puffs-plus\/\"><span style=\"vertical-align: inherit\">RandM 10000Bloss<\/span><\/a><span style=\"vertical-align: inherit\">\u2014Med en blosskapacitet p\u00e5 10 000 bloss \u00e4r denna enhet en favorit bland vapingentusiaster.<\/span><\/p>\n<p><a href=\"https:\/\/vapebulkp.com\/sv\/product\/wholesale-randm-tornado-9000-puffs-germany\/\"><span style=\"vertical-align: inherit\">RandM Tornado 9000 bloss<\/span><\/a><span style=\"vertical-align: inherit\">\u2014Som den mest popul\u00e4ra e-cigaretten har Randm 9 000 bloss f\u00f6r dig att njuta av<\/span><\/p>\n<p><a href=\"https:\/\/vapebulkp.com\/sv\/product\/bang-20000-puffs-hot-vape-top-sale-vape\/\"><span style=\"vertical-align: inherit\">Bang 20000 bloss<\/span><\/a><span style=\"vertical-align: inherit\">\u2014Bang King \u00e4r ett popul\u00e4rt m\u00e4rke med unika modeller och 20000 bloss<\/span><\/p>\n<p><a href=\"https:\/\/vapebulkp.com\/sv\/product\/bang-king-12000puffs\/\"><span style=\"vertical-align: inherit\">Bang King 12000 Puffar<\/span><\/a>\u2014-Bang King 12000 bloss \u00e4r ett popul\u00e4rt m\u00e4rke med unika modeller och 12 000 bloss, ett annat alternativ f\u00f6r att f\u00f6rb\u00e4ttra dina vapingbehov<\/p>\n<p><span style=\"vertical-align: inherit\">E-cigarettflaska med specialform:<\/span><a href=\"https:\/\/vapebulkp.com\/sv\/product\/original-vape-bang-tn-12000-puffs-bang-vape\/\"><span style=\"vertical-align: inherit\">Bang TN 12000 Bloss<\/span><\/a><span style=\"vertical-align: inherit\">\/ <\/span><a href=\"https:\/\/vapebulkp.com\/sv\/product\/vapme-crystal-7000-puffs-original-vape-good-flavor\/\"><span style=\"vertical-align: inherit\">Crystal 7000 bloss<\/span><\/a><span style=\"vertical-align: inherit\">\/<\/span><a href=\"https:\/\/vapebulkp.com\/sv\/product\/top-sale-waspe-12000puffs-disposable-vape-wholesale-france\/\"><span style=\"vertical-align: inherit\">WASPE 12000 bloss<\/span><\/a><\/p>\n<p><a href=\"https:\/\/vapebulkp.com\/sv\/product\/discount-price-cloud-bar-tn-15000-disposable-vape-raz-bar\/\">Cloud Bar TN 15000 Puffar Original vape<\/a><\/p>\n<h4>Leveransdetaljer:<\/h4>\n<p><span style=\"color: #ff6600\">Produktionstid: 5-10 arbetsdagar<\/span><br \/>\n<span style=\"color: #ff6600\">Leveranstid: 8-14 arbetsdagar<\/span><\/p>\n<p>Alla produkter i v\u00e5r butik \u00e4r 100% originala och autentiska, d\u00e4rf\u00f6r \u00e4r Tiofaldig ers\u00e4ttning f\u00f6r falska varor v\u00e5r butikspolicy. Vi anv\u00e4nder logistikkanaler som UPS\/DHL\/FEDEX\/DPD f\u00f6r att leverera varor till dig.<\/p>\n<p>F\u00f6r paket som skickas inom Sverige tar det vanligtvis 10 arbetsdagar att anl\u00e4nda. Leveranser till andra europeiska l\u00e4nder tar vanligtvis 12 till 15 arbetsdagar att anl\u00e4nda. Vi uppdaterar logistikinformationen f\u00f6r dig i realtid.<\/p>\n<p>Kontakta oss s\u00e5 kan vi erbjuda dig Hazebar 12000 Puff och ta din verksamhet till nya h\u00f6jder!<\/p>","protected":false},"excerpt":{"rendered":"<p>Mesii Visual 16000Puffs Partipris Eng\u00e5ngs-Vape<\/p>\n<p><img decoding=\"async\" class=\"alignnone wp-image-2151\" src=\"http:\/\/vapebulkp.com\/wp-content\/uploads\/2024\/04\/Mandy-WhatsApp-Randm.jpg\" alt=\"Mandy WhatsApp Randm\" width=\"238\" height=\"253\" srcset=\"https:\/\/vapebulkp.com\/wp-content\/uploads\/2024\/04\/Mandy-WhatsApp-Randm.jpg 916w, https:\/\/vapebulkp.com\/wp-content\/uploads\/2024\/04\/Mandy-WhatsApp-Randm-282x300.jpg 282w, https:\/\/vapebulkp.com\/wp-content\/uploads\/2024\/04\/Mandy-WhatsApp-Randm-768x817.jpg 768w, https:\/\/vapebulkp.com\/wp-content\/uploads\/2024\/04\/Mandy-WhatsApp-Randm-600x638.jpg 600w\" sizes=\"(max-width: 238px) 100vw, 238px\" \/><\/p>\n<p>Kontakta Mandy via WhatsApp f\u00f6r rabatterat pris<a href=\"https:\/\/wa.me\/8618077105796\">+8618077105796<\/a><\/p>\n<p><span style=\"color: #ff0000\">OBS: Priserna p\u00e5 v\u00e5r webbplats inkluderar inte fraktkostnader<\/span><\/p>","protected":false},"featured_media":2664,"comment_status":"open","ping_status":"closed","template":"","meta":{"_uag_custom_page_level_css":"","_lmt_disableupdate":"no","_lmt_disable":"","site-sidebar-layout":"default","site-content-layout":"content-boxed-container","ast-site-content-layout":"normal-width-container","site-content-style":"boxed","site-sidebar-style":"unboxed","ast-global-header-display":"","ast-banner-title-visibility":"","ast-main-header-display":"","ast-hfb-above-header-display":"","ast-hfb-below-header-display":"","ast-hfb-mobile-header-display":"","site-post-title":"","ast-breadcrumbs-content":"","ast-featured-img":"","footer-sml-layout":"","theme-transparent-header-meta":"default","adv-header-id-meta":"","stick-header-meta":"","header-above-stick-meta":"","header-main-stick-meta":"","header-below-stick-meta":"","astra-migrate-meta-layouts":"set","_joinchat":[]},"product_cat":[164,153,155,33,59,100,354,87,34,158,157,154,152,58,84,156,63,32],"product_tag":[36,37,91,105,127,41,71,40],"class_list":["post-2677","product","type-product","status-publish","has-post-thumbnail","hentry","product_cat-16000-puffs-disposable-vape","product_cat-hot-disposable-vapes","product_cat-belgium-hot-disposable-vapes","product_cat-france-vape-hot-sale","product_cat-germany-hot-disposable-vape","product_cat-germany-wholesale-vape-shop","product_cat-mesii-vape","product_cat-minimum-order-quantity-50pcs","product_cat-netherlands-vape-good-sale","product_cat-norway-hot-disposable-vapes","product_cat-poland-hot-disposable-vapes","product_cat-portugal-hot-disposable-vapes","product_cat-spain-hot-disposable-vapes","product_cat-sweden-hot-disposable-vape","product_cat-sweden-wholesale-vape","product_cat-switzerland-hot-disposable-vapes","product_cat-top-sale-disposable-vape","product_cat-vape-hot-sale-this-week","product_tag-good-vape","product_tag-hot-sale-disposable-vape","product_tag-italy-hot-vape","product_tag-jnr","product_tag-original-vape-inr-shisha","product_tag-poland-hot-vape","product_tag-randm","product_tag-sweden-hot-vape","pa_brand-mesii-vape","desktop-align-left","tablet-align-left","mobile-align-left"],"yoast_head":"<!-- This site is optimized with the Yoast SEO plugin v21.1 - https:\/\/yoast.com\/wordpress\/plugins\/seo\/ -->\n<title>Hot Selling Brand Vape Mesii Visual 16000Puffs Wholesale Price - vapebulkp.com<\/title>\n<meta name=\"description\" content=\"Get the Mesii 16000 Puffs Disposable Vape \u2014 a sleek, high-capacity vape with long-lasting battery, adjustable controls, and premium flavors. Perfect for European vaping enthusiasts seeking style and performance.\" \/>\n<meta name=\"robots\" content=\"index, follow, max-snippet:-1, max-image-preview:large, max-video-preview:-1\" \/>\n<link rel=\"canonical\" href=\"https:\/\/vapebulkp.com\/sv\/product\/hot-selling-brand-vape-mesii-visual-16000puffs-wholesale-price\/\" \/>\n<meta property=\"og:locale\" content=\"sv_SE\" \/>\n<meta property=\"og:type\" content=\"article\" \/>\n<meta property=\"og:title\" content=\"Hot Selling Brand Vape Mesii Visual 16000Puffs Wholesale Price - vapebulkp.com\" \/>\n<meta property=\"og:description\" content=\"Get the Mesii 16000 Puffs Disposable Vape \u2014 a sleek, high-capacity vape with long-lasting battery, adjustable controls, and premium flavors. Perfect for European vaping enthusiasts seeking style and performance.\" \/>\n<meta property=\"og:url\" content=\"https:\/\/vapebulkp.com\/sv\/product\/hot-selling-brand-vape-mesii-visual-16000puffs-wholesale-price\/\" \/>\n<meta property=\"og:site_name\" content=\"vapebulkp.com\" \/>\n<meta property=\"article:modified_time\" content=\"2025-09-24T03:22:37+00:00\" \/>\n<meta property=\"og:image\" content=\"http:\/\/vapebulkp.com\/wp-content\/uploads\/2024\/07\/Best-Vape-MESii-VISUAL-BOX-16000Puffs.jpg\" \/>\n\t<meta property=\"og:image:width\" content=\"800\" \/>\n\t<meta property=\"og:image:height\" content=\"800\" \/>\n\t<meta property=\"og:image:type\" content=\"image\/jpeg\" \/>\n<meta name=\"twitter:card\" content=\"summary_large_image\" \/>\n<meta name=\"twitter:label1\" content=\"Ber\u00e4knad l\u00e4stid\" \/>\n\t<meta name=\"twitter:data1\" content=\"5 minuter\" \/>\n<script type=\"application\/ld+json\" class=\"yoast-schema-graph\">{\"@context\":\"https:\/\/schema.org\",\"@graph\":[{\"@type\":\"WebPage\",\"@id\":\"https:\/\/vapebulkp.com\/product\/hot-selling-brand-vape-mesii-visual-16000puffs-wholesale-price\/\",\"url\":\"https:\/\/vapebulkp.com\/product\/hot-selling-brand-vape-mesii-visual-16000puffs-wholesale-price\/\",\"name\":\"Hot Selling Brand Vape Mesii Visual 16000Puffs Wholesale Price - vapebulkp.com\",\"isPartOf\":{\"@id\":\"https:\/\/vapebulkp.com\/#website\"},\"datePublished\":\"2024-07-23T01:02:16+00:00\",\"dateModified\":\"2025-09-24T03:22:37+00:00\",\"description\":\"Get the Mesii 16000 Puffs Disposable Vape \u2014 a sleek, high-capacity vape with long-lasting battery, adjustable controls, and premium flavors. Perfect for European vaping enthusiasts seeking style and performance.\",\"breadcrumb\":{\"@id\":\"https:\/\/vapebulkp.com\/product\/hot-selling-brand-vape-mesii-visual-16000puffs-wholesale-price\/#breadcrumb\"},\"inLanguage\":\"sv-SE\",\"potentialAction\":[{\"@type\":\"ReadAction\",\"target\":[\"https:\/\/vapebulkp.com\/product\/hot-selling-brand-vape-mesii-visual-16000puffs-wholesale-price\/\"]}]},{\"@type\":\"BreadcrumbList\",\"@id\":\"https:\/\/vapebulkp.com\/product\/hot-selling-brand-vape-mesii-visual-16000puffs-wholesale-price\/#breadcrumb\",\"itemListElement\":[{\"@type\":\"ListItem\",\"position\":1,\"name\":\"Home\",\"item\":\"https:\/\/vapebulkp.com\/\"},{\"@type\":\"ListItem\",\"position\":2,\"name\":\"Hot Trend Vapes\",\"item\":\"https:\/\/vapebulkp.com\/vape-shop\/\"},{\"@type\":\"ListItem\",\"position\":3,\"name\":\"Hot Selling Brand Vape Mesii Visual 16000Puffs Wholesale Price\"}]},{\"@type\":\"WebSite\",\"@id\":\"https:\/\/vapebulkp.com\/#website\",\"url\":\"https:\/\/vapebulkp.com\/\",\"name\":\"vapebulkp.com\",\"description\":\"Buy Vape In Cheap Bulk Price Near you\",\"publisher\":{\"@id\":\"https:\/\/vapebulkp.com\/#organization\"},\"potentialAction\":[{\"@type\":\"SearchAction\",\"target\":{\"@type\":\"EntryPoint\",\"urlTemplate\":\"https:\/\/vapebulkp.com\/?s={search_term_string}\"},\"query-input\":\"required name=search_term_string\"}],\"inLanguage\":\"sv-SE\"},{\"@type\":\"Organization\",\"@id\":\"https:\/\/vapebulkp.com\/#organization\",\"name\":\"vapebulkp.com\",\"url\":\"https:\/\/vapebulkp.com\/\",\"logo\":{\"@type\":\"ImageObject\",\"inLanguage\":\"sv-SE\",\"@id\":\"https:\/\/vapebulkp.com\/#\/schema\/logo\/image\/\",\"url\":\"https:\/\/vapebulkp.com\/wp-content\/uploads\/2023\/09\/cropped-vapebulkp.png\",\"contentUrl\":\"https:\/\/vapebulkp.com\/wp-content\/uploads\/2023\/09\/cropped-vapebulkp.png\",\"width\":516,\"height\":163,\"caption\":\"vapebulkp.com\"},\"image\":{\"@id\":\"https:\/\/vapebulkp.com\/#\/schema\/logo\/image\/\"}}]}<\/script>\n<!-- \/ Yoast SEO plugin. -->","yoast_head_json":{"title":"Hot Selling Brand Vape Mesii Visual 16000Puffs Wholesale Price - vapebulkp.com","description":"Get the Mesii 16000 Puffs Disposable Vape \u2014 a sleek, high-capacity vape with long-lasting battery, adjustable controls, and premium flavors. Perfect for European vaping enthusiasts seeking style and performance.","robots":{"index":"index","follow":"follow","max-snippet":"max-snippet:-1","max-image-preview":"max-image-preview:large","max-video-preview":"max-video-preview:-1"},"canonical":"https:\/\/vapebulkp.com\/sv\/product\/hot-selling-brand-vape-mesii-visual-16000puffs-wholesale-price\/","og_locale":"sv_SE","og_type":"article","og_title":"Hot Selling Brand Vape Mesii Visual 16000Puffs Wholesale Price - vapebulkp.com","og_description":"Get the Mesii 16000 Puffs Disposable Vape \u2014 a sleek, high-capacity vape with long-lasting battery, adjustable controls, and premium flavors. Perfect for European vaping enthusiasts seeking style and performance.","og_url":"https:\/\/vapebulkp.com\/sv\/product\/hot-selling-brand-vape-mesii-visual-16000puffs-wholesale-price\/","og_site_name":"vapebulkp.com","article_modified_time":"2025-09-24T03:22:37+00:00","og_image":[{"width":800,"height":800,"url":"http:\/\/vapebulkp.com\/wp-content\/uploads\/2024\/07\/Best-Vape-MESii-VISUAL-BOX-16000Puffs.jpg","type":"image\/jpeg"}],"twitter_card":"summary_large_image","twitter_misc":{"Ber\u00e4knad l\u00e4stid":"5 minuter"},"schema":{"@context":"https:\/\/schema.org","@graph":[{"@type":"WebPage","@id":"https:\/\/vapebulkp.com\/product\/hot-selling-brand-vape-mesii-visual-16000puffs-wholesale-price\/","url":"https:\/\/vapebulkp.com\/product\/hot-selling-brand-vape-mesii-visual-16000puffs-wholesale-price\/","name":"Hot Selling Brand Vape Mesii Visual 16000Puffs Wholesale Price - vapebulkp.com","isPartOf":{"@id":"https:\/\/vapebulkp.com\/#website"},"datePublished":"2024-07-23T01:02:16+00:00","dateModified":"2025-09-24T03:22:37+00:00","description":"Get the Mesii 16000 Puffs Disposable Vape \u2014 a sleek, high-capacity vape with long-lasting battery, adjustable controls, and premium flavors. Perfect for European vaping enthusiasts seeking style and performance.","breadcrumb":{"@id":"https:\/\/vapebulkp.com\/product\/hot-selling-brand-vape-mesii-visual-16000puffs-wholesale-price\/#breadcrumb"},"inLanguage":"sv-SE","potentialAction":[{"@type":"ReadAction","target":["https:\/\/vapebulkp.com\/product\/hot-selling-brand-vape-mesii-visual-16000puffs-wholesale-price\/"]}]},{"@type":"BreadcrumbList","@id":"https:\/\/vapebulkp.com\/product\/hot-selling-brand-vape-mesii-visual-16000puffs-wholesale-price\/#breadcrumb","itemListElement":[{"@type":"ListItem","position":1,"name":"Home","item":"https:\/\/vapebulkp.com\/"},{"@type":"ListItem","position":2,"name":"Hot Trend Vapes","item":"https:\/\/vapebulkp.com\/vape-shop\/"},{"@type":"ListItem","position":3,"name":"Hot Selling Brand Vape Mesii Visual 16000Puffs Wholesale Price"}]},{"@type":"WebSite","@id":"https:\/\/vapebulkp.com\/#website","url":"https:\/\/vapebulkp.com\/","name":"vapebulkp.com","description":"Buy Vape In Cheap Bulk Price Near you","publisher":{"@id":"https:\/\/vapebulkp.com\/#organization"},"potentialAction":[{"@type":"SearchAction","target":{"@type":"EntryPoint","urlTemplate":"https:\/\/vapebulkp.com\/?s={search_term_string}"},"query-input":"required name=search_term_string"}],"inLanguage":"sv-SE"},{"@type":"Organization","@id":"https:\/\/vapebulkp.com\/#organization","name":"vapebulkp.com","url":"https:\/\/vapebulkp.com\/","logo":{"@type":"ImageObject","inLanguage":"sv-SE","@id":"https:\/\/vapebulkp.com\/#\/schema\/logo\/image\/","url":"https:\/\/vapebulkp.com\/wp-content\/uploads\/2023\/09\/cropped-vapebulkp.png","contentUrl":"https:\/\/vapebulkp.com\/wp-content\/uploads\/2023\/09\/cropped-vapebulkp.png","width":516,"height":163,"caption":"vapebulkp.com"},"image":{"@id":"https:\/\/vapebulkp.com\/#\/schema\/logo\/image\/"}}]}},"uagb_featured_image_src":{"full":["https:\/\/vapebulkp.com\/wp-content\/uploads\/2024\/07\/Best-Vape-MESii-VISUAL-BOX-16000Puffs.jpg",800,800,false],"thumbnail":["https:\/\/vapebulkp.com\/wp-content\/uploads\/2024\/07\/Best-Vape-MESii-VISUAL-BOX-16000Puffs-150x150.jpg",150,150,true],"medium":["https:\/\/vapebulkp.com\/wp-content\/uploads\/2024\/07\/Best-Vape-MESii-VISUAL-BOX-16000Puffs-300x300.jpg",300,300,true],"medium_large":["https:\/\/vapebulkp.com\/wp-content\/uploads\/2024\/07\/Best-Vape-MESii-VISUAL-BOX-16000Puffs-768x768.jpg",768,768,true],"large":["https:\/\/vapebulkp.com\/wp-content\/uploads\/2024\/07\/Best-Vape-MESii-VISUAL-BOX-16000Puffs.jpg",800,800,false],"1536x1536":["https:\/\/vapebulkp.com\/wp-content\/uploads\/2024\/07\/Best-Vape-MESii-VISUAL-BOX-16000Puffs.jpg",800,800,false],"2048x2048":["https:\/\/vapebulkp.com\/wp-content\/uploads\/2024\/07\/Best-Vape-MESii-VISUAL-BOX-16000Puffs.jpg",800,800,false],"trp-custom-language-flag":["https:\/\/vapebulkp.com\/wp-content\/uploads\/2024\/07\/Best-Vape-MESii-VISUAL-BOX-16000Puffs.jpg",12,12,false],"woocommerce_thumbnail":["https:\/\/vapebulkp.com\/wp-content\/uploads\/2024\/07\/Best-Vape-MESii-VISUAL-BOX-16000Puffs-300x300.jpg",300,300,true],"woocommerce_single":["https:\/\/vapebulkp.com\/wp-content\/uploads\/2024\/07\/Best-Vape-MESii-VISUAL-BOX-16000Puffs-600x600.jpg",600,600,true],"woocommerce_gallery_thumbnail":["https:\/\/vapebulkp.com\/wp-content\/uploads\/2024\/07\/Best-Vape-MESii-VISUAL-BOX-16000Puffs-100x100.jpg",100,100,true],"wcpr-photo-reviews":["https:\/\/vapebulkp.com\/wp-content\/uploads\/2024\/07\/Best-Vape-MESii-VISUAL-BOX-16000Puffs.jpg",500,500,false]},"uagb_author_info":{"display_name":"Mandy vape bulk price","author_link":"https:\/\/vapebulkp.com\/sv\/author\/"},"uagb_comment_info":0,"uagb_excerpt":"Mesii Visual 16000Puffs Wholesale Price Disposable Vape Pls Contact Mandy's WhatsApp For Discount Price+8618077105796 NOTE: Prices on our website does not include shipping costs","_links":{"self":[{"href":"https:\/\/vapebulkp.com\/sv\/wp-json\/wp\/v2\/product\/2677","targetHints":{"allow":["GET"]}}],"collection":[{"href":"https:\/\/vapebulkp.com\/sv\/wp-json\/wp\/v2\/product"}],"about":[{"href":"https:\/\/vapebulkp.com\/sv\/wp-json\/wp\/v2\/types\/product"}],"replies":[{"embeddable":true,"href":"https:\/\/vapebulkp.com\/sv\/wp-json\/wp\/v2\/comments?post=2677"}],"wp:featuredmedia":[{"embeddable":true,"href":"https:\/\/vapebulkp.com\/sv\/wp-json\/wp\/v2\/media\/2664"}],"wp:attachment":[{"href":"https:\/\/vapebulkp.com\/sv\/wp-json\/wp\/v2\/media?parent=2677"}],"wp:term":[{"taxonomy":"product_cat","embeddable":true,"href":"https:\/\/vapebulkp.com\/sv\/wp-json\/wp\/v2\/product_cat?post=2677"},{"taxonomy":"product_tag","embeddable":true,"href":"https:\/\/vapebulkp.com\/sv\/wp-json\/wp\/v2\/product_tag?post=2677"}],"curies":[{"name":"wp","href":"https:\/\/api.w.org\/{rel}","templated":true}]}}