{"id":2713,"date":"2024-08-07T10:58:18","date_gmt":"2024-08-07T08:58:18","guid":{"rendered":"https:\/\/vapebulkp.com\/?post_type=product&#038;p=2713"},"modified":"2025-09-24T05:24:25","modified_gmt":"2025-09-24T03:24:25","slug":"best-elfworld-i15-pro-disposable-vape-12k-puffs","status":"publish","type":"product","link":"https:\/\/vapebulkp.com\/sv\/product\/best-elfworld-i15-pro-disposable-vape-12k-puffs\/","title":{"rendered":"B\u00e4sta ELFWORLD I15 Pro Eng\u00e5ngs vape 12k bloss"},"content":{"rendered":"<h2 style=\"text-align: left\">B\u00e4sta ELFWORLD I15 Pro Eng\u00e5ngs vape 12k bloss<\/h2>\n<p data-start=\"396\" data-end=\"774\">ELFWORLD I15 Pro Eng\u00e5ngsvape 12k bloss \u00e4r <strong data-start=\"454\" data-end=\"487\">eng\u00e5ngsvape med h\u00f6g kapacitet<\/strong> byggd f\u00f6r <strong data-start=\"498\" data-end=\"529\">svenska vapingentusiaster<\/strong> som kr\u00e4ver l\u00e5ngvarig prestanda och f\u00f6rstklassig smak. F\u00f6rfylld med 18 ml e-v\u00e4tska och utrustad med ett 600 mAh <strong data-start=\"646\" data-end=\"678\">uppladdningsbar eng\u00e5ngsvape<\/strong> batteri, ger den cirka 12 000 j\u00e4mna bloss, vilket s\u00e4kerst\u00e4ller l\u00e5ngvarig anv\u00e4ndning utan avbrott.<\/p>\n<p data-start=\"776\" data-end=\"1182\">Denna enhet anv\u00e4nder avancerad <strong data-start=\"802\" data-end=\"820\">mesh coil vape<\/strong> teknik f\u00f6r rik, t\u00e4t \u00e5nga och konsekvent smak med varje drag. Designad som en <strong data-start=\"907\" data-end=\"928\">MTL-vape-enhet<\/strong>, erbjuder den en tillfredsst\u00e4llande k\u00e4nsla i halsen och j\u00e4mn nikotintillf\u00f6rsel p\u00e5 5% (50mg). Den inbyggda sk\u00e4rmen visar tydligt batteritid och e-v\u00e4tskeniv\u00e5er, medan snabb <strong data-start=\"1089\" data-end=\"1121\">USB Typ-C uppladdningsbar vape<\/strong> funktionalitet h\u00e5ller den laddad snabbt och effektivt.<\/p>\n<p data-start=\"1184\" data-end=\"1471\">Kompakt och ergonomisk, I15 Pro \u00e4r perfekt f\u00f6r daglig anv\u00e4ndning, resor eller sociala sammanhang. Genom att kombinera elegant design med h\u00f6g prestanda, \u00e4r <a href=\"https:\/\/vapebulkp.com\/sv\/product-category\/12000-puffs-disposable-vape\/\"><strong data-start=\"1323\" data-end=\"1354\">12000 Puffs Eng\u00e5ngs Vape<\/strong><\/a> fr\u00e5n ELFWORLD en p\u00e5litlig, f\u00f6rstklassig l\u00f6sning f\u00f6r vapers som letar efter bekv\u00e4mlighet, stil och smak i en enhet.<\/p>\n<p><img decoding=\"async\" class=\"alignnone wp-image-2706\" src=\"http:\/\/vapebulkp.com\/wp-content\/uploads\/2024\/08\/ELF-WORLD-I15PRO-12k-Puffs-Wholeale-Vape.jpg\" alt=\"ELF WORLD I15PRO 12k Puffs Partihandel Vape\" width=\"426\" height=\"558\" srcset=\"https:\/\/vapebulkp.com\/wp-content\/uploads\/2024\/08\/ELF-WORLD-I15PRO-12k-Puffs-Wholeale-Vape.jpg 1416w, https:\/\/vapebulkp.com\/wp-content\/uploads\/2024\/08\/ELF-WORLD-I15PRO-12k-Puffs-Wholeale-Vape-229x300.jpg 229w, https:\/\/vapebulkp.com\/wp-content\/uploads\/2024\/08\/ELF-WORLD-I15PRO-12k-Puffs-Wholeale-Vape-781x1024.jpg 781w, https:\/\/vapebulkp.com\/wp-content\/uploads\/2024\/08\/ELF-WORLD-I15PRO-12k-Puffs-Wholeale-Vape-768x1007.jpg 768w, https:\/\/vapebulkp.com\/wp-content\/uploads\/2024\/08\/ELF-WORLD-I15PRO-12k-Puffs-Wholeale-Vape-1172x1536.jpg 1172w, https:\/\/vapebulkp.com\/wp-content\/uploads\/2024\/08\/ELF-WORLD-I15PRO-12k-Puffs-Wholeale-Vape-600x786.jpg 600w\" sizes=\"(max-width: 426px) 100vw, 426px\" \/><\/p>\n<h6>Kontakta Mandy via WhatsApp f\u00f6r rabatterat pris<a href=\"https:\/\/wa.me\/8618077105796\">+8618077105796<\/a><\/h6>\n<p><img decoding=\"async\" class=\"alignnone wp-image-2151\" src=\"http:\/\/vapebulkp.com\/wp-content\/uploads\/2024\/04\/Mandy-WhatsApp-Randm.jpg\" alt=\"Mandy WhatsApp Randm\" width=\"324\" height=\"330\" \/><\/p>\n<h2>T\u00e4nkte att du kanske vill veta om ELFWORLD Vape 12k Bloss\uff1a<\/h2>\n<h5>1.Hur man anv\u00e4nder ELFWORLD I15 Pro Top Sale Vape 12k Bloss?<\/h5>\n<p>Steg 1. F\u00f6re anv\u00e4ndning av 12k bloss, koppla ur plastr\u00f6ret.<\/p>\n<p>Steg 2. V\u00e4nta cirka 3 minuter tills juicen kommer in i spolen inuti.<\/p>\n<p>Steg 3. Njut av det<\/p>\n<h5>2.Hur man laddar den nya VAPE ELFWORLD Eng\u00e5ngsvape 12k Bloss?<\/h5>\n<p>Snabbladdare kan inte anv\u00e4ndas, och den s\u00e4kra standardeffekten f\u00f6r eng\u00e5ngs-e-cigaretter \u00e4r 5V 1A.<\/p>\n<p>Varje laddningstid f\u00e5r inte \u00f6verstiga 1 timme, och den s\u00e4kra laddningstiden \u00e4r en halvtimme.<\/p>\n<p><span style=\"color: #ff6600\">Observera: kan inte ladda om hela natten!<\/span><\/p>\n<h5>3.Vad \u00e4r e-v\u00e4tskekapaciteten f\u00f6r HQ ELFWORLD I15 Pro 12k Bloss?<\/h5>\n<p>\u2014\u201418ml<\/p>\n<h5>4.Hur m\u00e5nga bloss kan jag ta av denna ELFWORLD I15 Pro 12000 Puffs Vape-enhet till grossistpris?<\/h5>\n<p>\u2014\u201312000 bloss<\/p>\n<h3>ELFWORLD I15 Pro 12k Puffs Grossist Vape Funktioner:<\/h3>\n<p>&nbsp;<\/p>\n<ul>\n<li>18ml F\u00f6rfylld E-v\u00e4tska<\/li>\n<li>5% (50mg) Nikotinstyrka<\/li>\n<li>Mesh Coil-teknik<\/li>\n<li>Cirka 12 000 bloss<\/li>\n<li>600mAh Uppladdningsbart batteri<\/li>\n<li>Sk\u00e4rm som visar batteritid och E-v\u00e4tskeniv\u00e5<\/li>\n<li>USB Typ-C Laddning (kabel ing\u00e5r ej)<\/li>\n<li>Drag-aktiverad mekanism<\/li>\n<li>MTL (Mun-till-Lunga) Vaping<\/li>\n<\/ul>\n<h3><strong>Het s\u00e4ljare Vape ELFWORLD I15 Pro 12k Puffs Smaker:<\/strong><\/h3>\n<p>1.Vattenmelon is<br \/>\n2.Bl\u00e5 Hallon Is<br \/>\n3.Jordgubbsis<br \/>\n4.Vanilj Casta Tobak<br \/>\n5.Drakfrukt b\u00e4r<br \/>\n6.Sakura vindruva<br \/>\n7.Persika mango<br \/>\n8.Godis regnb\u00e5ge<br \/>\n9.Mint<br \/>\n10.Blandade b\u00e4r<\/p>\n<p><a href=\"https:\/\/vapebulkp.com\/sv\/product\/popular-randm-tornado-7000puffs-disposable-vape-best-price\/\"><span style=\"vertical-align: inherit\">RandM Tornado 7000 Bloss <\/span><\/a><\/p>\n<p><span style=\"vertical-align: inherit\">Hitta fler produkter du kanske gillar:<\/span><em><a href=\"https:\/\/wa.me\/8618077105796\"><span style=\"vertical-align: inherit\">\u00a0K\u00f6p nu<\/span><\/a><\/em><\/p>\n<p><span style=\"vertical-align: inherit\">Andra Puffs du kanske gillar:<\/span><a href=\"https:\/\/vapebulkp.com\/sv\/product\/bang-with-a-vape-gear-20000-puffs-discount-price\/\"><span style=\"vertical-align: inherit\">Bang Gear Vape 20000Bloss<\/span><\/a><span style=\"vertical-align: inherit\">\u3001<\/span><a href=\"https:\/\/vapebulkp.com\/sv\/product\/wholesale-randm-tornado-9000-puffs-germany\/\"><span style=\"vertical-align: inherit\">RandM 9000 Puffar<\/span><\/a><span style=\"vertical-align: inherit\">\/ <\/span><a href=\"https:\/\/vapebulkp.com\/sv\/fi\/product\/bang-30k-puffs-new-double-taste-good-vape\/\"><span style=\"vertical-align: inherit\">Bang Vape 30000 bloss<\/span><\/a><span style=\"vertical-align: inherit\">\/ <\/span><a href=\"https:\/\/vapebulkp.com\/sv\/fi\/product\/uzy-bang-digital-12000puffs-led-display-e-cigarettes\/\"><span style=\"vertical-align: inherit\">UZY Bang Digital 15000 Bloss<\/span><\/a><\/p>\n<p><span style=\"vertical-align: inherit\">E-cigarettflaska med specialform:<\/span><a href=\"https:\/\/vapebulkp.com\/sv\/product\/uzy-bang-king-12k-disposable-vape-affordable-price\/\"><span style=\"vertical-align: inherit\"> Bang King 12k bloss<\/span><\/a><span style=\"vertical-align: inherit\">\/ <\/span><a href=\"https:\/\/vapebulkp.com\/sv\/fi\/product\/best-price-wga-crystal-pro-max-15k-puffs-original-vape\/\"><span style=\"vertical-align: inherit\">\u00a0WGA Crystal pro max 15k Bloss <\/span><\/a><span style=\"vertical-align: inherit\">\/<\/span><a href=\"https:\/\/vapebulkp.com\/sv\/product\/bang-tornado-12000-puffs-rechargeable-disposable-pod\/\"><span style=\"vertical-align: inherit\"> Bang Tornado 12000 Bloss<\/span><\/a><\/p>\n<h5>Produktionskvalifikation:<\/h5>\n<p><img decoding=\"async\" class=\"alignnone size-full wp-image-1841\" src=\"http:\/\/vapebulkp.com\/wp-content\/uploads\/2023\/11\/Vape-production-process-2.jpeg\" alt=\"Vape produktionsprocess\" width=\"650\" height=\"434\" srcset=\"https:\/\/vapebulkp.com\/wp-content\/uploads\/2023\/11\/Vape-production-process-2.jpeg 650w, https:\/\/vapebulkp.com\/wp-content\/uploads\/2023\/11\/Vape-production-process-2-300x200.jpeg 300w, https:\/\/vapebulkp.com\/wp-content\/uploads\/2023\/11\/Vape-production-process-2-600x401.jpeg 600w\" sizes=\"(max-width: 650px) 100vw, 650px\" \/><\/p>\n<p><img decoding=\"async\" class=\"alignnone size-full wp-image-1843\" src=\"http:\/\/vapebulkp.com\/wp-content\/uploads\/2023\/11\/Vape-production-process.jpeg\" alt=\"Vape produktionsprocess\" width=\"641\" height=\"1026\" srcset=\"https:\/\/vapebulkp.com\/wp-content\/uploads\/2023\/11\/Vape-production-process.jpeg 641w, https:\/\/vapebulkp.com\/wp-content\/uploads\/2023\/11\/Vape-production-process-187x300.jpeg 187w, https:\/\/vapebulkp.com\/wp-content\/uploads\/2023\/11\/Vape-production-process-640x1024.jpeg 640w, https:\/\/vapebulkp.com\/wp-content\/uploads\/2023\/11\/Vape-production-process-600x960.jpeg 600w\" sizes=\"(max-width: 641px) 100vw, 641px\" \/><\/p>\n<h4>Vanliga fr\u00e5gor och svar:<\/h4>\n<p>F: Vad \u00e4r MOQ f\u00f6r EUR Hot Sale Vape ELFWORLD I15 Pro 12k bloss?<br \/>\nS: Minsta best\u00e4llning \u00e4r 100st.<br \/>\nF: Vad \u00e4r leveranstiden f\u00f6r den best\u00e4llda vapen?<br \/>\nS: Vanligtvis \u00e4r det 10-15 dagar efter leverans<br \/>\nF: Hur mycket kostar frakten?S: Fraktkostnaden beror p\u00e5 vikten. Olika kvantiteter har olika fraktkostnader, v\u00e4nligen kontakta oss f\u00f6r att bekr\u00e4fta fraktkostnaden.<\/p>\n<h4>Leveransdetaljer:<\/h4>\n<p><span style=\"color: #ff6600\">Produktionstid: 5-10 arbetsdagar<\/span><br \/>\n<span style=\"color: #ff6600\">Leveranstid: 8-14 arbetsdagar<\/span><\/p>\n<p>Alla produkter i v\u00e5r butik \u00e4r 100% originala och autentiska, d\u00e4rf\u00f6r \u00e4r Tiofaldig ers\u00e4ttning f\u00f6r falska varor v\u00e5r butikspolicy. Vi anv\u00e4nder logistikkanaler som UPS\/DHL\/FEDEX\/DPD f\u00f6r att leverera varor till dig.<\/p>\n<p>F\u00f6r paket som skickas inom Sverige tar det vanligtvis 10 arbetsdagar att anl\u00e4nda. Leveranser till andra europeiska l\u00e4nder tar vanligtvis 12 till 15 arbetsdagar att anl\u00e4nda. Vi uppdaterar logistikinformationen f\u00f6r dig i realtid.<\/p>","protected":false},"excerpt":{"rendered":"<p>B\u00e4sta ELFWORLD I15 Pro Eng\u00e5ngsvape 12k bloss har en 18 ml f\u00f6rfylld beh\u00e5llare med vape-juice och ett uppladdningsbart 600 mAh-batteri. Den har ocks\u00e5 en sk\u00e4rm som visar b\u00e5de batteri- och juiceniv\u00e5er och kan leverera imponerande 12 000 bloss.<\/p>\n<p>Kontakta Mandy via WhatsApp f\u00f6r rabatterat pris<a href=\"https:\/\/wa.me\/8618077105796\">+8618077105796<\/a><\/p>\n<p><img decoding=\"async\" class=\"alignnone wp-image-2151\" src=\"http:\/\/vapebulkp.com\/wp-content\/uploads\/2024\/04\/Mandy-WhatsApp-Randm.jpg\" alt=\"Mandy WhatsApp Randm\" width=\"297\" height=\"316\" srcset=\"https:\/\/vapebulkp.com\/wp-content\/uploads\/2024\/04\/Mandy-WhatsApp-Randm.jpg 916w, https:\/\/vapebulkp.com\/wp-content\/uploads\/2024\/04\/Mandy-WhatsApp-Randm-282x300.jpg 282w, https:\/\/vapebulkp.com\/wp-content\/uploads\/2024\/04\/Mandy-WhatsApp-Randm-768x817.jpg 768w, https:\/\/vapebulkp.com\/wp-content\/uploads\/2024\/04\/Mandy-WhatsApp-Randm-600x638.jpg 600w\" sizes=\"(max-width: 297px) 100vw, 297px\" \/><\/p>\n<p><span style=\"color: #ff0000\">OBS: Priserna p\u00e5 v\u00e5r webbplats inkluderar inte fraktkostnader<\/span><\/p>\n<p>&nbsp;<\/p>","protected":false},"featured_media":2707,"comment_status":"open","ping_status":"closed","template":"","meta":{"_uag_custom_page_level_css":"","_lmt_disableupdate":"no","_lmt_disable":"","site-sidebar-layout":"default","site-content-layout":"content-boxed-container","ast-site-content-layout":"normal-width-container","site-content-style":"boxed","site-sidebar-style":"unboxed","ast-global-header-display":"","ast-banner-title-visibility":"","ast-main-header-display":"","ast-hfb-above-header-display":"","ast-hfb-below-header-display":"","ast-hfb-mobile-header-display":"","site-post-title":"","ast-breadcrumbs-content":"","ast-featured-img":"","footer-sml-layout":"","theme-transparent-header-meta":"default","adv-header-id-meta":"","stick-header-meta":"","header-above-stick-meta":"","header-main-stick-meta":"","header-below-stick-meta":"","astra-migrate-meta-layouts":"set","_joinchat":[]},"product_cat":[166,348,33,59,100,87,34,158,157,154,152,58,84,156,63,32],"product_tag":[36,37,41,40],"class_list":["post-2713","product","type-product","status-publish","has-post-thumbnail","hentry","product_cat-12000-puffs-disposable-vape","product_cat-elf-world-vape","product_cat-france-vape-hot-sale","product_cat-germany-hot-disposable-vape","product_cat-germany-wholesale-vape-shop","product_cat-minimum-order-quantity-50pcs","product_cat-netherlands-vape-good-sale","product_cat-norway-hot-disposable-vapes","product_cat-poland-hot-disposable-vapes","product_cat-portugal-hot-disposable-vapes","product_cat-spain-hot-disposable-vapes","product_cat-sweden-hot-disposable-vape","product_cat-sweden-wholesale-vape","product_cat-switzerland-hot-disposable-vapes","product_cat-top-sale-disposable-vape","product_cat-vape-hot-sale-this-week","product_tag-good-vape","product_tag-hot-sale-disposable-vape","product_tag-poland-hot-vape","product_tag-sweden-hot-vape","pa_brand-elf-world-vape","desktop-align-left","tablet-align-left","mobile-align-left"],"yoast_head":"<!-- This site is optimized with the Yoast SEO plugin v21.1 - https:\/\/yoast.com\/wordpress\/plugins\/seo\/ -->\n<title>Best ELFWORLD I15 Pro Disposable Vape 12k Puffs - vapebulkp.com<\/title>\n<meta name=\"description\" content=\"Best ELFWORLD I15 Pro Disposable Vape 12k Puffs features 18ml of pre-filled vape juice, a rechargeable 600mAh battery, and a screen that displays both battery life and juice level. It is capable of delivering up to 12,000 puffs.\" \/>\n<meta name=\"robots\" content=\"index, follow, max-snippet:-1, max-image-preview:large, max-video-preview:-1\" \/>\n<link rel=\"canonical\" href=\"https:\/\/vapebulkp.com\/sv\/product\/best-elfworld-i15-pro-disposable-vape-12k-puffs\/\" \/>\n<meta property=\"og:locale\" content=\"sv_SE\" \/>\n<meta property=\"og:type\" content=\"article\" \/>\n<meta property=\"og:title\" content=\"Best ELFWORLD I15 Pro Disposable Vape 12k Puffs - vapebulkp.com\" \/>\n<meta property=\"og:description\" content=\"Best ELFWORLD I15 Pro Disposable Vape 12k Puffs features 18ml of pre-filled vape juice, a rechargeable 600mAh battery, and a screen that displays both battery life and juice level. It is capable of delivering up to 12,000 puffs.\" \/>\n<meta property=\"og:url\" content=\"https:\/\/vapebulkp.com\/sv\/product\/best-elfworld-i15-pro-disposable-vape-12k-puffs\/\" \/>\n<meta property=\"og:site_name\" content=\"vapebulkp.com\" \/>\n<meta property=\"article:modified_time\" content=\"2025-09-24T03:24:25+00:00\" \/>\n<meta property=\"og:image\" content=\"http:\/\/vapebulkp.com\/wp-content\/uploads\/2024\/08\/ELF-WORLD-I15PRO-12k-Top-Sale-Vape-12k-Puffs-scaled.jpg\" \/>\n\t<meta property=\"og:image:width\" content=\"2560\" \/>\n\t<meta property=\"og:image:height\" content=\"2434\" \/>\n\t<meta property=\"og:image:type\" content=\"image\/jpeg\" \/>\n<meta name=\"twitter:card\" content=\"summary_large_image\" \/>\n<meta name=\"twitter:label1\" content=\"Ber\u00e4knad l\u00e4stid\" \/>\n\t<meta name=\"twitter:data1\" content=\"4 minuter\" \/>\n<script type=\"application\/ld+json\" class=\"yoast-schema-graph\">{\"@context\":\"https:\/\/schema.org\",\"@graph\":[{\"@type\":\"WebPage\",\"@id\":\"https:\/\/vapebulkp.com\/product\/best-elfworld-i15-pro-disposable-vape-12k-puffs\/\",\"url\":\"https:\/\/vapebulkp.com\/product\/best-elfworld-i15-pro-disposable-vape-12k-puffs\/\",\"name\":\"Best ELFWORLD I15 Pro Disposable Vape 12k Puffs - vapebulkp.com\",\"isPartOf\":{\"@id\":\"https:\/\/vapebulkp.com\/#website\"},\"datePublished\":\"2024-08-07T08:58:18+00:00\",\"dateModified\":\"2025-09-24T03:24:25+00:00\",\"description\":\"Best ELFWORLD I15 Pro Disposable Vape 12k Puffs features 18ml of pre-filled vape juice, a rechargeable 600mAh battery, and a screen that displays both battery life and juice level. It is capable of delivering up to 12,000 puffs.\",\"breadcrumb\":{\"@id\":\"https:\/\/vapebulkp.com\/product\/best-elfworld-i15-pro-disposable-vape-12k-puffs\/#breadcrumb\"},\"inLanguage\":\"sv-SE\",\"potentialAction\":[{\"@type\":\"ReadAction\",\"target\":[\"https:\/\/vapebulkp.com\/product\/best-elfworld-i15-pro-disposable-vape-12k-puffs\/\"]}]},{\"@type\":\"BreadcrumbList\",\"@id\":\"https:\/\/vapebulkp.com\/product\/best-elfworld-i15-pro-disposable-vape-12k-puffs\/#breadcrumb\",\"itemListElement\":[{\"@type\":\"ListItem\",\"position\":1,\"name\":\"Home\",\"item\":\"https:\/\/vapebulkp.com\/\"},{\"@type\":\"ListItem\",\"position\":2,\"name\":\"Hot Trend Vapes\",\"item\":\"https:\/\/vapebulkp.com\/vape-shop\/\"},{\"@type\":\"ListItem\",\"position\":3,\"name\":\"Best ELFWORLD I15 Pro Disposable Vape 12k Puffs\"}]},{\"@type\":\"WebSite\",\"@id\":\"https:\/\/vapebulkp.com\/#website\",\"url\":\"https:\/\/vapebulkp.com\/\",\"name\":\"vapebulkp.com\",\"description\":\"Buy Vape In Cheap Bulk Price Near you\",\"publisher\":{\"@id\":\"https:\/\/vapebulkp.com\/#organization\"},\"potentialAction\":[{\"@type\":\"SearchAction\",\"target\":{\"@type\":\"EntryPoint\",\"urlTemplate\":\"https:\/\/vapebulkp.com\/?s={search_term_string}\"},\"query-input\":\"required name=search_term_string\"}],\"inLanguage\":\"sv-SE\"},{\"@type\":\"Organization\",\"@id\":\"https:\/\/vapebulkp.com\/#organization\",\"name\":\"vapebulkp.com\",\"url\":\"https:\/\/vapebulkp.com\/\",\"logo\":{\"@type\":\"ImageObject\",\"inLanguage\":\"sv-SE\",\"@id\":\"https:\/\/vapebulkp.com\/#\/schema\/logo\/image\/\",\"url\":\"https:\/\/vapebulkp.com\/wp-content\/uploads\/2023\/09\/cropped-vapebulkp.png\",\"contentUrl\":\"https:\/\/vapebulkp.com\/wp-content\/uploads\/2023\/09\/cropped-vapebulkp.png\",\"width\":516,\"height\":163,\"caption\":\"vapebulkp.com\"},\"image\":{\"@id\":\"https:\/\/vapebulkp.com\/#\/schema\/logo\/image\/\"}}]}<\/script>\n<!-- \/ Yoast SEO plugin. -->","yoast_head_json":{"title":"Best ELFWORLD I15 Pro Disposable Vape 12k Puffs - vapebulkp.com","description":"Best ELFWORLD I15 Pro Disposable Vape 12k Puffs features 18ml of pre-filled vape juice, a rechargeable 600mAh battery, and a screen that displays both battery life and juice level. It is capable of delivering up to 12,000 puffs.","robots":{"index":"index","follow":"follow","max-snippet":"max-snippet:-1","max-image-preview":"max-image-preview:large","max-video-preview":"max-video-preview:-1"},"canonical":"https:\/\/vapebulkp.com\/sv\/product\/best-elfworld-i15-pro-disposable-vape-12k-puffs\/","og_locale":"sv_SE","og_type":"article","og_title":"Best ELFWORLD I15 Pro Disposable Vape 12k Puffs - vapebulkp.com","og_description":"Best ELFWORLD I15 Pro Disposable Vape 12k Puffs features 18ml of pre-filled vape juice, a rechargeable 600mAh battery, and a screen that displays both battery life and juice level. It is capable of delivering up to 12,000 puffs.","og_url":"https:\/\/vapebulkp.com\/sv\/product\/best-elfworld-i15-pro-disposable-vape-12k-puffs\/","og_site_name":"vapebulkp.com","article_modified_time":"2025-09-24T03:24:25+00:00","og_image":[{"width":2560,"height":2434,"url":"http:\/\/vapebulkp.com\/wp-content\/uploads\/2024\/08\/ELF-WORLD-I15PRO-12k-Top-Sale-Vape-12k-Puffs-scaled.jpg","type":"image\/jpeg"}],"twitter_card":"summary_large_image","twitter_misc":{"Ber\u00e4knad l\u00e4stid":"4 minuter"},"schema":{"@context":"https:\/\/schema.org","@graph":[{"@type":"WebPage","@id":"https:\/\/vapebulkp.com\/product\/best-elfworld-i15-pro-disposable-vape-12k-puffs\/","url":"https:\/\/vapebulkp.com\/product\/best-elfworld-i15-pro-disposable-vape-12k-puffs\/","name":"Best ELFWORLD I15 Pro Disposable Vape 12k Puffs - vapebulkp.com","isPartOf":{"@id":"https:\/\/vapebulkp.com\/#website"},"datePublished":"2024-08-07T08:58:18+00:00","dateModified":"2025-09-24T03:24:25+00:00","description":"Best ELFWORLD I15 Pro Disposable Vape 12k Puffs features 18ml of pre-filled vape juice, a rechargeable 600mAh battery, and a screen that displays both battery life and juice level. It is capable of delivering up to 12,000 puffs.","breadcrumb":{"@id":"https:\/\/vapebulkp.com\/product\/best-elfworld-i15-pro-disposable-vape-12k-puffs\/#breadcrumb"},"inLanguage":"sv-SE","potentialAction":[{"@type":"ReadAction","target":["https:\/\/vapebulkp.com\/product\/best-elfworld-i15-pro-disposable-vape-12k-puffs\/"]}]},{"@type":"BreadcrumbList","@id":"https:\/\/vapebulkp.com\/product\/best-elfworld-i15-pro-disposable-vape-12k-puffs\/#breadcrumb","itemListElement":[{"@type":"ListItem","position":1,"name":"Home","item":"https:\/\/vapebulkp.com\/"},{"@type":"ListItem","position":2,"name":"Hot Trend Vapes","item":"https:\/\/vapebulkp.com\/vape-shop\/"},{"@type":"ListItem","position":3,"name":"Best ELFWORLD I15 Pro Disposable Vape 12k Puffs"}]},{"@type":"WebSite","@id":"https:\/\/vapebulkp.com\/#website","url":"https:\/\/vapebulkp.com\/","name":"vapebulkp.com","description":"Buy Vape In Cheap Bulk Price Near you","publisher":{"@id":"https:\/\/vapebulkp.com\/#organization"},"potentialAction":[{"@type":"SearchAction","target":{"@type":"EntryPoint","urlTemplate":"https:\/\/vapebulkp.com\/?s={search_term_string}"},"query-input":"required name=search_term_string"}],"inLanguage":"sv-SE"},{"@type":"Organization","@id":"https:\/\/vapebulkp.com\/#organization","name":"vapebulkp.com","url":"https:\/\/vapebulkp.com\/","logo":{"@type":"ImageObject","inLanguage":"sv-SE","@id":"https:\/\/vapebulkp.com\/#\/schema\/logo\/image\/","url":"https:\/\/vapebulkp.com\/wp-content\/uploads\/2023\/09\/cropped-vapebulkp.png","contentUrl":"https:\/\/vapebulkp.com\/wp-content\/uploads\/2023\/09\/cropped-vapebulkp.png","width":516,"height":163,"caption":"vapebulkp.com"},"image":{"@id":"https:\/\/vapebulkp.com\/#\/schema\/logo\/image\/"}}]}},"uagb_featured_image_src":{"full":["https:\/\/vapebulkp.com\/wp-content\/uploads\/2024\/08\/ELF-WORLD-I15PRO-12k-Top-Sale-Vape-12k-Puffs-scaled.jpg",2560,2434,false],"thumbnail":["https:\/\/vapebulkp.com\/wp-content\/uploads\/2024\/08\/ELF-WORLD-I15PRO-12k-Top-Sale-Vape-12k-Puffs-150x150.jpg",150,150,true],"medium":["https:\/\/vapebulkp.com\/wp-content\/uploads\/2024\/08\/ELF-WORLD-I15PRO-12k-Top-Sale-Vape-12k-Puffs-300x285.jpg",300,285,true],"medium_large":["https:\/\/vapebulkp.com\/wp-content\/uploads\/2024\/08\/ELF-WORLD-I15PRO-12k-Top-Sale-Vape-12k-Puffs-768x730.jpg",768,730,true],"large":["https:\/\/vapebulkp.com\/wp-content\/uploads\/2024\/08\/ELF-WORLD-I15PRO-12k-Top-Sale-Vape-12k-Puffs-1024x974.jpg",1024,974,true],"1536x1536":["https:\/\/vapebulkp.com\/wp-content\/uploads\/2024\/08\/ELF-WORLD-I15PRO-12k-Top-Sale-Vape-12k-Puffs-1536x1461.jpg",1536,1461,true],"2048x2048":["https:\/\/vapebulkp.com\/wp-content\/uploads\/2024\/08\/ELF-WORLD-I15PRO-12k-Top-Sale-Vape-12k-Puffs-2048x1947.jpg",2048,1947,true],"trp-custom-language-flag":["https:\/\/vapebulkp.com\/wp-content\/uploads\/2024\/08\/ELF-WORLD-I15PRO-12k-Top-Sale-Vape-12k-Puffs-scaled.jpg",13,12,false],"woocommerce_thumbnail":["https:\/\/vapebulkp.com\/wp-content\/uploads\/2024\/08\/ELF-WORLD-I15PRO-12k-Top-Sale-Vape-12k-Puffs-300x300.jpg",300,300,true],"woocommerce_single":["https:\/\/vapebulkp.com\/wp-content\/uploads\/2024\/08\/ELF-WORLD-I15PRO-12k-Top-Sale-Vape-12k-Puffs-600x571.jpg",600,571,true],"woocommerce_gallery_thumbnail":["https:\/\/vapebulkp.com\/wp-content\/uploads\/2024\/08\/ELF-WORLD-I15PRO-12k-Top-Sale-Vape-12k-Puffs-100x100.jpg",100,100,true],"wcpr-photo-reviews":["https:\/\/vapebulkp.com\/wp-content\/uploads\/2024\/08\/ELF-WORLD-I15PRO-12k-Top-Sale-Vape-12k-Puffs-scaled.jpg",500,475,false]},"uagb_author_info":{"display_name":"Mandy vape bulk price","author_link":"https:\/\/vapebulkp.com\/sv\/author\/"},"uagb_comment_info":0,"uagb_excerpt":"Best ELFWORLD I15 Pro Disposable Vape 12k Puffs features an 18ml reservoir of pre-filled vape juice and a rechargeable 600mAh battery. It also includes a screen that displays both battery life and juice levels, and it can deliver an impressive 12,000 puffs. Pls Contact Mandy's WhatsApp For Discount Price+8618077105796 NOTE: Prices on our website does&hellip;","_links":{"self":[{"href":"https:\/\/vapebulkp.com\/sv\/wp-json\/wp\/v2\/product\/2713","targetHints":{"allow":["GET"]}}],"collection":[{"href":"https:\/\/vapebulkp.com\/sv\/wp-json\/wp\/v2\/product"}],"about":[{"href":"https:\/\/vapebulkp.com\/sv\/wp-json\/wp\/v2\/types\/product"}],"replies":[{"embeddable":true,"href":"https:\/\/vapebulkp.com\/sv\/wp-json\/wp\/v2\/comments?post=2713"}],"wp:featuredmedia":[{"embeddable":true,"href":"https:\/\/vapebulkp.com\/sv\/wp-json\/wp\/v2\/media\/2707"}],"wp:attachment":[{"href":"https:\/\/vapebulkp.com\/sv\/wp-json\/wp\/v2\/media?parent=2713"}],"wp:term":[{"taxonomy":"product_cat","embeddable":true,"href":"https:\/\/vapebulkp.com\/sv\/wp-json\/wp\/v2\/product_cat?post=2713"},{"taxonomy":"product_tag","embeddable":true,"href":"https:\/\/vapebulkp.com\/sv\/wp-json\/wp\/v2\/product_tag?post=2713"}],"curies":[{"name":"wp","href":"https:\/\/api.w.org\/{rel}","templated":true}]}}