{"id":2927,"date":"2024-09-24T10:27:32","date_gmt":"2024-09-24T08:27:32","guid":{"rendered":"https:\/\/vapebulkp.com\/?post_type=product&#038;p=2927"},"modified":"2025-09-24T05:16:28","modified_gmt":"2025-09-24T03:16:28","slug":"waspe-tornado-vape-30k-puffs-fihp-best-long-lasting-vape","status":"publish","type":"product","link":"https:\/\/vapebulkp.com\/sv\/product\/waspe-tornado-vape-30k-puffs-fihp-best-long-lasting-vape\/","title":{"rendered":"WASPE Tornado Vape 30k Puffs FIHP B\u00e4sta L\u00e5ngvariga Vape"},"content":{"rendered":"<h1 style=\"text-align: left\">WASPE Tornado Vape 30k Puffs FIHP B\u00e4sta l\u00e5ngvariga vape<\/h1>\n<p data-start=\"205\" data-end=\"513\">Den <strong data-start=\"209\" data-end=\"241\">WASPE Tornado Vape 30 000 Puffar<\/strong> \u00e4r en h\u00f6gpresterande <a href=\"https:\/\/vapebulkp.com\/sv\/product-category\/30000-puff-disposable-vape\/\"><strong data-start=\"264\" data-end=\"295\">Eng\u00e5ngsvejp 30000 bloss<\/strong> <\/a>designad f\u00f6r europeiska unga m\u00e4n. Med dubbla effektl\u00e4gen\u201412W Regular och 25W Turbo\u2014levererar den en mjuk, t\u00e4t \u00e5nga och anpassningsbar intensitet f\u00f6r varje puff, vilket g\u00f6r den till ett toppval f\u00f6r <strong data-start=\"479\" data-end=\"510\">premium nikotinsalt vapes<\/strong>.<\/p>\n<p data-start=\"515\" data-end=\"1001\">Utrustad med avancerad <strong data-start=\"538\" data-end=\"567\">dubbel mesh-spiralteknik<\/strong>, en 28 ml <strong data-start=\"576\" data-end=\"601\">premium e-v\u00e4tsketank<\/strong>, och ett 850mAh <strong data-start=\"617\" data-end=\"646\">uppladdningsbart vapebatteri<\/strong> med Type-C snabbladdning, ger den <strong data-start=\"686\" data-end=\"709\">l\u00e5ngvarig smak<\/strong> och oavbruten vaping. Med 5% nikotinsalt ger den en stark halsk\u00e4nsla samtidigt som den bibeh\u00e5ller fylliga, konsekventa moln. Kompakt, snygg och p\u00e5litlig, \u00e4r <strong data-start=\"868\" data-end=\"900\">WASPE Tornado Vape 30 000 Puffar<\/strong> idealisk som en <strong data-start=\"915\" data-end=\"948\">eng\u00e5ngsvape med h\u00f6g kapacitet<\/strong> f\u00f6r daglig anv\u00e4ndning, resor, eller <a href=\"https:\/\/vapebulkp.com\/sv\/ot-disposable-vapes-europe\/\"><strong>vape grossistbest\u00e4llningar<\/strong><\/a>.<\/p>\n<p><img decoding=\"async\" class=\"alignnone wp-image-2923\" src=\"http:\/\/vapebulkp.com\/wp-content\/uploads\/2024\/09\/FIHP-WASPE-30000-Puff-Tornado-Vape.jpg\" alt=\"FIHP WASPE 30000 Puff Tornado Vape\" width=\"607\" height=\"597\" srcset=\"https:\/\/vapebulkp.com\/wp-content\/uploads\/2024\/09\/FIHP-WASPE-30000-Puff-Tornado-Vape.jpg 929w, https:\/\/vapebulkp.com\/wp-content\/uploads\/2024\/09\/FIHP-WASPE-30000-Puff-Tornado-Vape-300x295.jpg 300w, https:\/\/vapebulkp.com\/wp-content\/uploads\/2024\/09\/FIHP-WASPE-30000-Puff-Tornado-Vape-768x756.jpg 768w, https:\/\/vapebulkp.com\/wp-content\/uploads\/2024\/09\/FIHP-WASPE-30000-Puff-Tornado-Vape-600x590.jpg 600w\" sizes=\"(max-width: 607px) 100vw, 607px\" \/><\/p>\n<h6>Kontakta Mandy via WhatsApp f\u00f6r rabatterat pris<a href=\"https:\/\/wa.me\/8618077105796\">+8618077105796<\/a><\/h6>\n<p><img decoding=\"async\" class=\"alignnone wp-image-2151\" src=\"http:\/\/vapebulkp.com\/wp-content\/uploads\/2024\/04\/Mandy-WhatsApp-Randm.jpg\" alt=\"Mandy WhatsApp Randm\" width=\"324\" height=\"330\" \/><\/p>\n<h2>T\u00e4nkte att du kanske vill veta om WASPE FIHP 30k Puff Uppladdningsbar eng\u00e5ngsvape:<\/h2>\n<p>&nbsp;<\/p>\n<h5>1.Hur l\u00e4nge h\u00e5ller batteriet p\u00e5 WASPE FIHP Vape 30k Puffs?<\/h5>\n<p>WASPE FIHP Vape drivs av ett <strong>850mAh uppladdningsbart batteri<\/strong>. Med dubbla effektl\u00e4gen (12W Regular Mode f\u00f6r 30 000 bloss och 25W Turbo Mode f\u00f6r 15 000 bloss) \u00e4r batteriet utformat f\u00f6r att r\u00e4cka genom flera sessioner, vilket ger en problemfri upplevelse.<\/p>\n<h5>2.\u00c4r WASPE FIHP Vape 30k Puffs l\u00e4tt att ladda, och hur l\u00e5ng tid tar det att ladda den helt?<\/h5>\n<p>Ja, enheten \u00e4r utrustad med en <strong>Type-C laddningsport<\/strong> f\u00f6r snabb och bekv\u00e4m uppladdning. Det tar vanligtvis runt <strong>1-2 timmar<\/strong> f\u00f6r att ladda det 850mAh-batteriet helt, vilket m\u00f6jligg\u00f6r kontinuerlig vaping med minimal stillest\u00e5ndstid.<\/p>\n<p><span style=\"color: #ff6600\">Observera: kan inte ladda om hela natten!<\/span><\/p>\n<h5>3. Vilken nikotinstyrka erbjuder WASPE FIHP Vape 30k Puffs?<\/h5>\n<p>WASPE FIHP Vape kommer med <strong>2%,<\/strong> <strong>5% nikotinstyrka<\/strong>, vilket ger en tillfredsst\u00e4llande halsk\u00e4nsla f\u00f6r erfarna vejpare, vilket g\u00f6r den popul\u00e4r bland kunder i l\u00e4nder som <strong>Sverige<\/strong> och <strong>Sverige<\/strong>, d\u00e4r starkare nikotinprodukter ofta \u00e4r efterfr\u00e5gade.<\/p>\n<h5>4. \u00c4r WASPE Vape FIHP 30k Puffs f\u00f6renlig med europeiska TPD-best\u00e4mmelser?<\/h5>\n<p>WASPE FIHP Vape uppfyller <strong>europeiska TPD (tobaksproduktdirektivet)<\/strong> best\u00e4mmelserna, och erbjuder en <strong>2%<\/strong> ,<strong>5% nikotinstyrka<\/strong> som uppfyller lagliga krav i l\u00e4nder d\u00e4r s\u00e5dana koncentrationer \u00e4r till\u00e5tna. V\u00e4nligen s\u00e4kerst\u00e4ll \u00f6verensst\u00e4mmelse med specifika best\u00e4mmelser i ditt land innan du k\u00f6per.<\/p>\n<h5>5. Hur j\u00e4mf\u00f6r WASPE FIHP Vape 30k Puffs med andra eng\u00e5ngsvapes p\u00e5 marknaden?<\/h5>\n<p>WASPE FIHP Vape 30k Puffs sticker ut p\u00e5 grund av sina <strong>dubbla effektl\u00e4gesalternativ<\/strong>, <strong>stor e-v\u00e4tskekapacitet<\/strong>, och <strong>smidig \u00e5ngproduktion<\/strong> via dubbla n\u00e4tspolar. Den erbjuder fler puffar j\u00e4mf\u00f6rt med standard eng\u00e5ngsvapes och ger anv\u00e4ndare flexibiliteten att v\u00e4lja mellan ut\u00f6kade eller intensiva vapingsessioner.<\/p>\n<p>&nbsp;<\/p>\n<h3>Dragaktiverad vape WASPE FIHP 30000 Puffs Funktioner:<\/h3>\n<p>&nbsp;<\/p>\n<ul>\n<li>E-v\u00e4tskekapacitet: 28 ml f\u00f6rfylld e-v\u00e4tskekassett<\/li>\n<li>Nikotinstyrka: 2\/5% Nikotinsalt<\/li>\n<li>Laddare <strong>:\u00a0<\/strong>Typ C<\/li>\n<li>Batteri: Drivs av ett <strong>850mAh uppladdningsbart batteri<\/strong>, vilket ger ut\u00f6kad anv\u00e4ndning och p\u00e5litlig prestanda.<\/li>\n<li>Puffkapacitet: Ger upp till <strong>30 000 puffar<\/strong> i vanligt l\u00e4ge och <strong>15 000 puffar<\/strong> i turbol\u00e4ge.<\/li>\n<li>Avancerad teknik: Utrustad med <strong>Dual Mesh Coil-teknologi<\/strong>, vilket s\u00e4kerst\u00e4ller en mjuk och konsekvent \u00e5ngproduktion vid varje puff.<\/li>\n<\/ul>\n<h3><strong>L\u00e5ngvarig Vape WASPE FIHP 30k Puffs Smaklista:<\/strong><\/h3>\n<ol>\n<li><strong>Jordgubb Mango<\/strong><\/li>\n<li><strong>Blandade b\u00e4r<\/strong><\/li>\n<li><strong>Vattenmelon Is<\/strong><\/li>\n<li><strong>Jordgubbsvattenmelon<\/strong><\/li>\n<li><strong>Jordgubbe Red Bull<\/strong><\/li>\n<li><strong>Kiwi passionsfrukt guava<\/strong><\/li>\n<li><strong>Druvis<\/strong><\/li>\n<li><strong>Dubbel \u00e4pple is<\/strong><\/li>\n<li><strong>Bl\u00e5b\u00e4r hallon<\/strong><\/li>\n<li><strong>Vattenmelon mango is<\/strong><\/li>\n<li><strong>Bl\u00e5b\u00e4rs-is<\/strong><\/li>\n<li><strong>Persika b\u00e4r<\/strong><\/li>\n<li><strong>Jordgubbe kiwi<\/strong><\/li>\n<li><strong>K\u00f6rsb\u00e4r is<\/strong><\/li>\n<li><strong>Jordgubbe Superburst k\u00f6rsb\u00e4r<\/strong><\/li>\n<li><strong>Vattenmelon bubbelgum<\/strong><\/li>\n<\/ol>\n<p><a href=\"https:\/\/vapebulkp.com\/sv\/product\/popular-randm-tornado-7000puffs-disposable-vape-best-price\/\"><span style=\"vertical-align: inherit\">RandM Tornado 7000 Bloss <\/span><\/a><\/p>\n<p><span style=\"vertical-align: inherit\">Hitta fler produkter du kanske gillar:<\/span><em><a href=\"https:\/\/wa.me\/8618077105796\"><span style=\"vertical-align: inherit\">\u00a0K\u00f6p nu<\/span><\/a><\/em><\/p>\n<p><span style=\"vertical-align: inherit\">Andra Puffs du kanske gillar:<\/span><a href=\"https:\/\/vapebulkp.com\/sv\/product\/bang-with-a-vape-gear-20000-puffs-discount-price\/\"><span style=\"vertical-align: inherit\">Bang Gear Vape 20000Bloss<\/span><\/a><span style=\"vertical-align: inherit\">\u3001<\/span><a href=\"https:\/\/vapebulkp.com\/sv\/product\/wholesale-randm-tornado-9000-puffs-germany\/\"><span style=\"vertical-align: inherit\">RandM 9000 Puffar<\/span><\/a><span style=\"vertical-align: inherit\">\/ <\/span><a href=\"https:\/\/vapebulkp.com\/sv\/product\/bang-king-12000puffs\/\"><span style=\"vertical-align: inherit\">Bang King 12000 Puffar<\/span><\/a><span style=\"vertical-align: inherit\">\/ <\/span><a href=\"https:\/\/vapebulkp.com\/sv\/product\/uzy-qute-800-puffs-original-disposable-vape\/\"><span style=\"vertical-align: inherit\">UZY QUTE 800Puffs<\/span><\/a><\/p>\n<p><span style=\"vertical-align: inherit\">E-cigarettflaska med specialform:<\/span><a href=\"https:\/\/vapebulkp.com\/sv\/product\/original-vape-bang-tn-12000-puffs-bang-vape\/\"><span style=\"vertical-align: inherit\"> Bang TN 12000 Bloss<\/span><\/a><span style=\"vertical-align: inherit\">\/ <\/span><a href=\"https:\/\/vapebulkp.com\/sv\/fi\/product\/best-price-wga-crystal-pro-max-15k-puffs-original-vape\/\"><span style=\"vertical-align: inherit\">\u00a0WGA Crystal pro max 15k Bloss <\/span><\/a><span style=\"vertical-align: inherit\">\/<\/span><a href=\"https:\/\/vapebulkp.com\/sv\/product\/bang-tornado-12000-puffs-rechargeable-disposable-pod\/\"><span style=\"vertical-align: inherit\"> Bang Tornado 12000 Bloss<\/span><\/a><\/p>\n<h5>Produktionskvalifikation:<\/h5>\n<p><img decoding=\"async\" class=\"alignnone size-full wp-image-1841\" src=\"http:\/\/vapebulkp.com\/wp-content\/uploads\/2023\/11\/Vape-production-process-2.jpeg\" alt=\"Vape produktionsprocess\" width=\"650\" height=\"434\" srcset=\"https:\/\/vapebulkp.com\/wp-content\/uploads\/2023\/11\/Vape-production-process-2.jpeg 650w, https:\/\/vapebulkp.com\/wp-content\/uploads\/2023\/11\/Vape-production-process-2-300x200.jpeg 300w, https:\/\/vapebulkp.com\/wp-content\/uploads\/2023\/11\/Vape-production-process-2-600x401.jpeg 600w\" sizes=\"(max-width: 650px) 100vw, 650px\" \/><\/p>\n<p><img decoding=\"async\" class=\"alignnone size-full wp-image-1843\" src=\"http:\/\/vapebulkp.com\/wp-content\/uploads\/2023\/11\/Vape-production-process.jpeg\" alt=\"Vape produktionsprocess\" width=\"641\" height=\"1026\" srcset=\"https:\/\/vapebulkp.com\/wp-content\/uploads\/2023\/11\/Vape-production-process.jpeg 641w, https:\/\/vapebulkp.com\/wp-content\/uploads\/2023\/11\/Vape-production-process-187x300.jpeg 187w, https:\/\/vapebulkp.com\/wp-content\/uploads\/2023\/11\/Vape-production-process-640x1024.jpeg 640w, https:\/\/vapebulkp.com\/wp-content\/uploads\/2023\/11\/Vape-production-process-600x960.jpeg 600w\" sizes=\"(max-width: 641px) 100vw, 641px\" \/><\/p>\n<h5>Vanliga fr\u00e5gor och svar:<\/h5>\n<p>F: Vad \u00e4r MOQ f\u00f6r h\u00f6geffekts vape WASPE Tornado Vape FIHP 30000 bloss?<br \/>\nS: Minsta best\u00e4llning \u00e4r 5 stycken.<br \/>\nF: Vad \u00e4r leveranstiden f\u00f6r den best\u00e4llda vapen?<br \/>\nS: Vanligtvis \u00e4r det 10-15 dagar efter leverans<br \/>\nF: Hur mycket kostar frakten? S: Fraktkostnaden beror p\u00e5 vikten. Olika kvantiteter har olika fraktkostnader, v\u00e4nligen kontakta oss f\u00f6r att bekr\u00e4fta fraktkostnaden.<\/p>\n<h4>Leveransdetaljer:<\/h4>\n<p><span style=\"color: #ff6600\">Produktionstid: 5-10 arbetsdagar<\/span><br \/>\n<span style=\"color: #ff6600\">Leveranstid: 8-14 arbetsdagar<\/span><\/p>\n<p>Alla produkter i v\u00e5r butik \u00e4r 100% originala och autentiska, d\u00e4rf\u00f6r \u00e4r Tiofaldig ers\u00e4ttning f\u00f6r falska varor v\u00e5r butikspolicy. Vi anv\u00e4nder logistikkanaler som UPS\/DHL\/FEDEX\/DPD f\u00f6r att leverera varor till dig.<\/p>\n<p>F\u00f6r paket som skickas inom Sverige tar det vanligtvis 10 arbetsdagar att anl\u00e4nda. Leveranser till andra europeiska l\u00e4nder tar vanligtvis 12 till 15 arbetsdagar att anl\u00e4nda. Vi uppdaterar logistikinformationen f\u00f6r dig i realtid.<\/p>","protected":false},"excerpt":{"rendered":"<p>WASPE FIHP 30000 Puffs Eng\u00e5ngsvape med God Smak \u2013 K\u00f6p i Bulk<\/p>\n<p>Kontakta Mandy via WhatsApp f\u00f6r rabatterat pris<a href=\"https:\/\/wa.me\/8618077105796\">+8618077105796<\/a><\/p>\n<p><img decoding=\"async\" class=\"alignnone wp-image-2151\" src=\"http:\/\/vapebulkp.com\/wp-content\/uploads\/2024\/04\/Mandy-WhatsApp-Randm.jpg\" alt=\"Mandy WhatsApp Randm\" width=\"297\" height=\"316\" srcset=\"https:\/\/vapebulkp.com\/wp-content\/uploads\/2024\/04\/Mandy-WhatsApp-Randm.jpg 916w, https:\/\/vapebulkp.com\/wp-content\/uploads\/2024\/04\/Mandy-WhatsApp-Randm-282x300.jpg 282w, https:\/\/vapebulkp.com\/wp-content\/uploads\/2024\/04\/Mandy-WhatsApp-Randm-768x817.jpg 768w, https:\/\/vapebulkp.com\/wp-content\/uploads\/2024\/04\/Mandy-WhatsApp-Randm-600x638.jpg 600w\" sizes=\"(max-width: 297px) 100vw, 297px\" \/><\/p>\n<p><span style=\"color: #ff0000\">OBS: Priserna p\u00e5 v\u00e5r webbplats inkluderar inte fraktkostnader<\/span><\/p>\n<p>&nbsp;<\/p>","protected":false},"featured_media":2924,"comment_status":"open","ping_status":"closed","template":"","meta":{"_uag_custom_page_level_css":"","_lmt_disableupdate":"no","_lmt_disable":"","site-sidebar-layout":"default","site-content-layout":"content-boxed-container","ast-site-content-layout":"normal-width-container","site-content-style":"boxed","site-sidebar-style":"unboxed","ast-global-header-display":"","ast-banner-title-visibility":"","ast-main-header-display":"","ast-hfb-above-header-display":"","ast-hfb-below-header-display":"","ast-hfb-mobile-header-display":"","site-post-title":"","ast-breadcrumbs-content":"","ast-featured-img":"","footer-sml-layout":"","theme-transparent-header-meta":"default","adv-header-id-meta":"","stick-header-meta":"","header-above-stick-meta":"","header-main-stick-meta":"","header-below-stick-meta":"","astra-migrate-meta-layouts":"set","_joinchat":[]},"product_cat":[160,153,155,33,59,100,34,158,157,154,152,58,84,156,63,32,365],"product_tag":[139,36,37,41,40],"class_list":["post-2927","product","type-product","status-publish","has-post-thumbnail","hentry","product_cat-30000-puff-disposable-vape","product_cat-hot-disposable-vapes","product_cat-belgium-hot-disposable-vapes","product_cat-france-vape-hot-sale","product_cat-germany-hot-disposable-vape","product_cat-germany-wholesale-vape-shop","product_cat-netherlands-vape-good-sale","product_cat-norway-hot-disposable-vapes","product_cat-poland-hot-disposable-vapes","product_cat-portugal-hot-disposable-vapes","product_cat-spain-hot-disposable-vapes","product_cat-sweden-hot-disposable-vape","product_cat-sweden-wholesale-vape","product_cat-switzerland-hot-disposable-vapes","product_cat-top-sale-disposable-vape","product_cat-vape-hot-sale-this-week","product_cat-waspe-vape","product_tag-30k-puffs","product_tag-good-vape","product_tag-hot-sale-disposable-vape","product_tag-poland-hot-vape","product_tag-sweden-hot-vape","pa_brand-waspe-vape","desktop-align-left","tablet-align-left","mobile-align-left"],"yoast_head":"<!-- This site is optimized with the Yoast SEO plugin v21.1 - https:\/\/yoast.com\/wordpress\/plugins\/seo\/ -->\n<title>WASPE Tornado Vape 30k Puffs FIHP Best Long-Lasting Vape - vapebulkp.com<\/title>\n<meta name=\"description\" content=\"Buy the WASPE Tornado Vape 30k Puffs, a high-capacity 30000 Puffs Disposable Vape with dual mesh coils and fast rechargeable battery. EU shipping \u2014 order now!\" \/>\n<meta name=\"robots\" content=\"index, follow, max-snippet:-1, max-image-preview:large, max-video-preview:-1\" \/>\n<link rel=\"canonical\" href=\"https:\/\/vapebulkp.com\/sv\/product\/waspe-tornado-vape-30k-puffs-fihp-best-long-lasting-vape\/\" \/>\n<meta property=\"og:locale\" content=\"sv_SE\" \/>\n<meta property=\"og:type\" content=\"article\" \/>\n<meta property=\"og:title\" content=\"WASPE Tornado Vape 30k Puffs FIHP Best Long-Lasting Vape - vapebulkp.com\" \/>\n<meta property=\"og:description\" content=\"Buy the WASPE Tornado Vape 30k Puffs, a high-capacity 30000 Puffs Disposable Vape with dual mesh coils and fast rechargeable battery. EU shipping \u2014 order now!\" \/>\n<meta property=\"og:url\" content=\"https:\/\/vapebulkp.com\/sv\/product\/waspe-tornado-vape-30k-puffs-fihp-best-long-lasting-vape\/\" \/>\n<meta property=\"og:site_name\" content=\"vapebulkp.com\" \/>\n<meta property=\"article:modified_time\" content=\"2025-09-24T03:16:28+00:00\" \/>\n<meta property=\"og:image\" content=\"http:\/\/vapebulkp.com\/wp-content\/uploads\/2024\/09\/FIHP-WASPE-30000-Puff-Vape-Pen-Discount-Price-France.jpg\" \/>\n\t<meta property=\"og:image:width\" content=\"1276\" \/>\n\t<meta property=\"og:image:height\" content=\"1702\" \/>\n\t<meta property=\"og:image:type\" content=\"image\/jpeg\" \/>\n<meta name=\"twitter:card\" content=\"summary_large_image\" \/>\n<meta name=\"twitter:label1\" content=\"Ber\u00e4knad l\u00e4stid\" \/>\n\t<meta name=\"twitter:data1\" content=\"5 minuter\" \/>\n<script type=\"application\/ld+json\" class=\"yoast-schema-graph\">{\"@context\":\"https:\/\/schema.org\",\"@graph\":[{\"@type\":\"WebPage\",\"@id\":\"https:\/\/vapebulkp.com\/product\/waspe-tornado-vape-30k-puffs-fihp-best-long-lasting-vape\/\",\"url\":\"https:\/\/vapebulkp.com\/product\/waspe-tornado-vape-30k-puffs-fihp-best-long-lasting-vape\/\",\"name\":\"WASPE Tornado Vape 30k Puffs FIHP Best Long-Lasting Vape - vapebulkp.com\",\"isPartOf\":{\"@id\":\"https:\/\/vapebulkp.com\/#website\"},\"datePublished\":\"2024-09-24T08:27:32+00:00\",\"dateModified\":\"2025-09-24T03:16:28+00:00\",\"description\":\"Buy the WASPE Tornado Vape 30k Puffs, a high-capacity 30000 Puffs Disposable Vape with dual mesh coils and fast rechargeable battery. EU shipping \u2014 order now!\",\"breadcrumb\":{\"@id\":\"https:\/\/vapebulkp.com\/product\/waspe-tornado-vape-30k-puffs-fihp-best-long-lasting-vape\/#breadcrumb\"},\"inLanguage\":\"sv-SE\",\"potentialAction\":[{\"@type\":\"ReadAction\",\"target\":[\"https:\/\/vapebulkp.com\/product\/waspe-tornado-vape-30k-puffs-fihp-best-long-lasting-vape\/\"]}]},{\"@type\":\"BreadcrumbList\",\"@id\":\"https:\/\/vapebulkp.com\/product\/waspe-tornado-vape-30k-puffs-fihp-best-long-lasting-vape\/#breadcrumb\",\"itemListElement\":[{\"@type\":\"ListItem\",\"position\":1,\"name\":\"Home\",\"item\":\"https:\/\/vapebulkp.com\/\"},{\"@type\":\"ListItem\",\"position\":2,\"name\":\"Hot Trend Vapes\",\"item\":\"https:\/\/vapebulkp.com\/vape-shop\/\"},{\"@type\":\"ListItem\",\"position\":3,\"name\":\"WASPE Tornado Vape 30k Puffs FIHP Best Long-Lasting Vape\"}]},{\"@type\":\"WebSite\",\"@id\":\"https:\/\/vapebulkp.com\/#website\",\"url\":\"https:\/\/vapebulkp.com\/\",\"name\":\"vapebulkp.com\",\"description\":\"Buy Vape In Cheap Bulk Price Near you\",\"publisher\":{\"@id\":\"https:\/\/vapebulkp.com\/#organization\"},\"potentialAction\":[{\"@type\":\"SearchAction\",\"target\":{\"@type\":\"EntryPoint\",\"urlTemplate\":\"https:\/\/vapebulkp.com\/?s={search_term_string}\"},\"query-input\":\"required name=search_term_string\"}],\"inLanguage\":\"sv-SE\"},{\"@type\":\"Organization\",\"@id\":\"https:\/\/vapebulkp.com\/#organization\",\"name\":\"vapebulkp.com\",\"url\":\"https:\/\/vapebulkp.com\/\",\"logo\":{\"@type\":\"ImageObject\",\"inLanguage\":\"sv-SE\",\"@id\":\"https:\/\/vapebulkp.com\/#\/schema\/logo\/image\/\",\"url\":\"https:\/\/vapebulkp.com\/wp-content\/uploads\/2023\/09\/cropped-vapebulkp.png\",\"contentUrl\":\"https:\/\/vapebulkp.com\/wp-content\/uploads\/2023\/09\/cropped-vapebulkp.png\",\"width\":516,\"height\":163,\"caption\":\"vapebulkp.com\"},\"image\":{\"@id\":\"https:\/\/vapebulkp.com\/#\/schema\/logo\/image\/\"}}]}<\/script>\n<!-- \/ Yoast SEO plugin. -->","yoast_head_json":{"title":"WASPE Tornado Vape 30k Puffs FIHP Best Long-Lasting Vape - vapebulkp.com","description":"Buy the WASPE Tornado Vape 30k Puffs, a high-capacity 30000 Puffs Disposable Vape with dual mesh coils and fast rechargeable battery. EU shipping \u2014 order now!","robots":{"index":"index","follow":"follow","max-snippet":"max-snippet:-1","max-image-preview":"max-image-preview:large","max-video-preview":"max-video-preview:-1"},"canonical":"https:\/\/vapebulkp.com\/sv\/product\/waspe-tornado-vape-30k-puffs-fihp-best-long-lasting-vape\/","og_locale":"sv_SE","og_type":"article","og_title":"WASPE Tornado Vape 30k Puffs FIHP Best Long-Lasting Vape - vapebulkp.com","og_description":"Buy the WASPE Tornado Vape 30k Puffs, a high-capacity 30000 Puffs Disposable Vape with dual mesh coils and fast rechargeable battery. EU shipping \u2014 order now!","og_url":"https:\/\/vapebulkp.com\/sv\/product\/waspe-tornado-vape-30k-puffs-fihp-best-long-lasting-vape\/","og_site_name":"vapebulkp.com","article_modified_time":"2025-09-24T03:16:28+00:00","og_image":[{"width":1276,"height":1702,"url":"http:\/\/vapebulkp.com\/wp-content\/uploads\/2024\/09\/FIHP-WASPE-30000-Puff-Vape-Pen-Discount-Price-France.jpg","type":"image\/jpeg"}],"twitter_card":"summary_large_image","twitter_misc":{"Ber\u00e4knad l\u00e4stid":"5 minuter"},"schema":{"@context":"https:\/\/schema.org","@graph":[{"@type":"WebPage","@id":"https:\/\/vapebulkp.com\/product\/waspe-tornado-vape-30k-puffs-fihp-best-long-lasting-vape\/","url":"https:\/\/vapebulkp.com\/product\/waspe-tornado-vape-30k-puffs-fihp-best-long-lasting-vape\/","name":"WASPE Tornado Vape 30k Puffs FIHP Best Long-Lasting Vape - vapebulkp.com","isPartOf":{"@id":"https:\/\/vapebulkp.com\/#website"},"datePublished":"2024-09-24T08:27:32+00:00","dateModified":"2025-09-24T03:16:28+00:00","description":"Buy the WASPE Tornado Vape 30k Puffs, a high-capacity 30000 Puffs Disposable Vape with dual mesh coils and fast rechargeable battery. EU shipping \u2014 order now!","breadcrumb":{"@id":"https:\/\/vapebulkp.com\/product\/waspe-tornado-vape-30k-puffs-fihp-best-long-lasting-vape\/#breadcrumb"},"inLanguage":"sv-SE","potentialAction":[{"@type":"ReadAction","target":["https:\/\/vapebulkp.com\/product\/waspe-tornado-vape-30k-puffs-fihp-best-long-lasting-vape\/"]}]},{"@type":"BreadcrumbList","@id":"https:\/\/vapebulkp.com\/product\/waspe-tornado-vape-30k-puffs-fihp-best-long-lasting-vape\/#breadcrumb","itemListElement":[{"@type":"ListItem","position":1,"name":"Home","item":"https:\/\/vapebulkp.com\/"},{"@type":"ListItem","position":2,"name":"Hot Trend Vapes","item":"https:\/\/vapebulkp.com\/vape-shop\/"},{"@type":"ListItem","position":3,"name":"WASPE Tornado Vape 30k Puffs FIHP Best Long-Lasting Vape"}]},{"@type":"WebSite","@id":"https:\/\/vapebulkp.com\/#website","url":"https:\/\/vapebulkp.com\/","name":"vapebulkp.com","description":"Buy Vape In Cheap Bulk Price Near you","publisher":{"@id":"https:\/\/vapebulkp.com\/#organization"},"potentialAction":[{"@type":"SearchAction","target":{"@type":"EntryPoint","urlTemplate":"https:\/\/vapebulkp.com\/?s={search_term_string}"},"query-input":"required name=search_term_string"}],"inLanguage":"sv-SE"},{"@type":"Organization","@id":"https:\/\/vapebulkp.com\/#organization","name":"vapebulkp.com","url":"https:\/\/vapebulkp.com\/","logo":{"@type":"ImageObject","inLanguage":"sv-SE","@id":"https:\/\/vapebulkp.com\/#\/schema\/logo\/image\/","url":"https:\/\/vapebulkp.com\/wp-content\/uploads\/2023\/09\/cropped-vapebulkp.png","contentUrl":"https:\/\/vapebulkp.com\/wp-content\/uploads\/2023\/09\/cropped-vapebulkp.png","width":516,"height":163,"caption":"vapebulkp.com"},"image":{"@id":"https:\/\/vapebulkp.com\/#\/schema\/logo\/image\/"}}]}},"uagb_featured_image_src":{"full":["https:\/\/vapebulkp.com\/wp-content\/uploads\/2024\/09\/FIHP-WASPE-30000-Puff-Vape-Pen-Discount-Price-France.jpg",1276,1702,false],"thumbnail":["https:\/\/vapebulkp.com\/wp-content\/uploads\/2024\/09\/FIHP-WASPE-30000-Puff-Vape-Pen-Discount-Price-France-150x150.jpg",150,150,true],"medium":["https:\/\/vapebulkp.com\/wp-content\/uploads\/2024\/09\/FIHP-WASPE-30000-Puff-Vape-Pen-Discount-Price-France-225x300.jpg",225,300,true],"medium_large":["https:\/\/vapebulkp.com\/wp-content\/uploads\/2024\/09\/FIHP-WASPE-30000-Puff-Vape-Pen-Discount-Price-France-768x1024.jpg",768,1024,true],"large":["https:\/\/vapebulkp.com\/wp-content\/uploads\/2024\/09\/FIHP-WASPE-30000-Puff-Vape-Pen-Discount-Price-France-768x1024.jpg",768,1024,true],"1536x1536":["https:\/\/vapebulkp.com\/wp-content\/uploads\/2024\/09\/FIHP-WASPE-30000-Puff-Vape-Pen-Discount-Price-France-1152x1536.jpg",1152,1536,true],"2048x2048":["https:\/\/vapebulkp.com\/wp-content\/uploads\/2024\/09\/FIHP-WASPE-30000-Puff-Vape-Pen-Discount-Price-France.jpg",1276,1702,false],"trp-custom-language-flag":["https:\/\/vapebulkp.com\/wp-content\/uploads\/2024\/09\/FIHP-WASPE-30000-Puff-Vape-Pen-Discount-Price-France.jpg",9,12,false],"woocommerce_thumbnail":["https:\/\/vapebulkp.com\/wp-content\/uploads\/2024\/09\/FIHP-WASPE-30000-Puff-Vape-Pen-Discount-Price-France-300x300.jpg",300,300,true],"woocommerce_single":["https:\/\/vapebulkp.com\/wp-content\/uploads\/2024\/09\/FIHP-WASPE-30000-Puff-Vape-Pen-Discount-Price-France-600x800.jpg",600,800,true],"woocommerce_gallery_thumbnail":["https:\/\/vapebulkp.com\/wp-content\/uploads\/2024\/09\/FIHP-WASPE-30000-Puff-Vape-Pen-Discount-Price-France-100x100.jpg",100,100,true],"wcpr-photo-reviews":["https:\/\/vapebulkp.com\/wp-content\/uploads\/2024\/09\/FIHP-WASPE-30000-Puff-Vape-Pen-Discount-Price-France.jpg",375,500,false]},"uagb_author_info":{"display_name":"Mandy vape bulk price","author_link":"https:\/\/vapebulkp.com\/sv\/author\/"},"uagb_comment_info":0,"uagb_excerpt":"WASPE FIHP 30000 Puffs Good Taste Disposable Vape \u2013 Bulk Buy Pls Contact Mandy's WhatsApp For Discount Price+8618077105796 NOTE: Prices on our website does not include shipping costs &nbsp;","_links":{"self":[{"href":"https:\/\/vapebulkp.com\/sv\/wp-json\/wp\/v2\/product\/2927","targetHints":{"allow":["GET"]}}],"collection":[{"href":"https:\/\/vapebulkp.com\/sv\/wp-json\/wp\/v2\/product"}],"about":[{"href":"https:\/\/vapebulkp.com\/sv\/wp-json\/wp\/v2\/types\/product"}],"replies":[{"embeddable":true,"href":"https:\/\/vapebulkp.com\/sv\/wp-json\/wp\/v2\/comments?post=2927"}],"wp:featuredmedia":[{"embeddable":true,"href":"https:\/\/vapebulkp.com\/sv\/wp-json\/wp\/v2\/media\/2924"}],"wp:attachment":[{"href":"https:\/\/vapebulkp.com\/sv\/wp-json\/wp\/v2\/media?parent=2927"}],"wp:term":[{"taxonomy":"product_cat","embeddable":true,"href":"https:\/\/vapebulkp.com\/sv\/wp-json\/wp\/v2\/product_cat?post=2927"},{"taxonomy":"product_tag","embeddable":true,"href":"https:\/\/vapebulkp.com\/sv\/wp-json\/wp\/v2\/product_tag?post=2927"}],"curies":[{"name":"wp","href":"https:\/\/api.w.org\/{rel}","templated":true}]}}