{"id":2941,"date":"2024-09-25T10:02:50","date_gmt":"2024-09-25T08:02:50","guid":{"rendered":"https:\/\/vapebulkp.com\/?post_type=product&#038;p=2941"},"modified":"2025-09-24T05:47:17","modified_gmt":"2025-09-24T03:47:17","slug":"vozol-vista-20000-puff-rechargeable-vape-cheap-price-today","status":"publish","type":"product","link":"https:\/\/vapebulkp.com\/sv\/product\/vozol-vista-20000-puff-rechargeable-vape-cheap-price-today\/","title":{"rendered":"Vozol Vista 20000 Puffs Uppladdningsbar Vape Billigt Pris Idag"},"content":{"rendered":"<h2 style=\"text-align: left\">Vozol Vista 20000 Puffs Uppladdningsbar Vape Billigt Pris Idag<\/h2>\n<p data-start=\"310\" data-end=\"689\">Den <strong data-start=\"354\" data-end=\"397\">Vozol Vista 20000 Puff Eng\u00e5ngsvape<\/strong> levererar l\u00e5ngvarig prestanda f\u00f6r seri\u00f6sa svenska vejpare. Med \u00f6ver 20 000 bloss och ett 650mAh uppladdningsbart batteri kombinerar den uth\u00e5llighet med bekv\u00e4mlighet f\u00f6r daglig anv\u00e4ndning eller resor. Den inbyggda OLED-sk\u00e4rmen visar batteritid och e-v\u00e4tskeniv\u00e5er, vilket h\u00e5ller varje session under kontroll.<\/p>\n<p data-start=\"691\" data-end=\"1018\">Utrustad med S.i.L.C Tech dubbla mesh-spolar, producerar denna <a href=\"https:\/\/vapebulkp.com\/sv\/product-category\/20000-puffs-disposable-vape\/\"><strong data-start=\"740\" data-end=\"771\">20000 Puffs Eng\u00e5ngs Vape<\/strong><\/a> t\u00e4t \u00e5nga och rik smak, perfekt f\u00f6r MTL (mun-till-lunga) vejping-entusiaster. Sex effektniv\u00e5er m\u00f6jligg\u00f6r exakt justering av smakintensitet och \u00e5ngproduktion, vilket tillgodoser b\u00e5de m\u00e5ttliga och starka preferenser f\u00f6r nikotinsaltvejp.<\/p>\n<p data-start=\"1020\" data-end=\"1278\">Tillverkad av 65 % PCR-\u00e5tervinningsbara material, erbjuder Vozol Vista 20k puffs Vape Pods ett milj\u00f6medvetet alternativ f\u00f6r h\u00f6gkapacitetsanv\u00e4ndare, <strong data-start=\"1127\" data-end=\"1159\">uppladdningsbar eng\u00e5ngsvape<\/strong> Kompakt, elegant och redo f\u00f6r grossistf\u00f6rs\u00e4ljning, \u00e4r den idealisk f\u00f6r svenska \u00e5terf\u00f6rs\u00e4ljare som letar efter en p\u00e5litlig produkt med h\u00f6g efterfr\u00e5gan.<\/p>\n<h6 style=\"text-align: left\"><img decoding=\"async\" class=\"alignnone wp-image-2943\" src=\"http:\/\/vapebulkp.com\/wp-content\/uploads\/2024\/09\/VOZOL-VISTA-20000-Puffs-Top-Sale-Vape-1-1-e1727254794504.png\" alt=\"VOZOL VISTA 20000 Puffs B\u00e4sts\u00e4ljande Vape\" width=\"958\" height=\"385\" srcset=\"https:\/\/vapebulkp.com\/wp-content\/uploads\/2024\/09\/VOZOL-VISTA-20000-Puffs-Top-Sale-Vape-1-1-e1727254794504.png 3441w, https:\/\/vapebulkp.com\/wp-content\/uploads\/2024\/09\/VOZOL-VISTA-20000-Puffs-Top-Sale-Vape-1-1-e1727254794504-300x121.png 300w, https:\/\/vapebulkp.com\/wp-content\/uploads\/2024\/09\/VOZOL-VISTA-20000-Puffs-Top-Sale-Vape-1-1-e1727254794504-1024x412.png 1024w, https:\/\/vapebulkp.com\/wp-content\/uploads\/2024\/09\/VOZOL-VISTA-20000-Puffs-Top-Sale-Vape-1-1-e1727254794504-768x309.png 768w, https:\/\/vapebulkp.com\/wp-content\/uploads\/2024\/09\/VOZOL-VISTA-20000-Puffs-Top-Sale-Vape-1-1-e1727254794504-1536x618.png 1536w, https:\/\/vapebulkp.com\/wp-content\/uploads\/2024\/09\/VOZOL-VISTA-20000-Puffs-Top-Sale-Vape-1-1-e1727254794504-2048x824.png 2048w, https:\/\/vapebulkp.com\/wp-content\/uploads\/2024\/09\/VOZOL-VISTA-20000-Puffs-Top-Sale-Vape-1-1-e1727254794504-600x241.png 600w\" sizes=\"(max-width: 958px) 100vw, 958px\" \/><\/h6>\n<h6>Kontakta Mandy via WhatsApp f\u00f6r rabatterat pris<a href=\"https:\/\/wa.me\/8618077105796\">+8618077105796<\/a><\/h6>\n<p><img decoding=\"async\" class=\"alignnone wp-image-2151\" src=\"http:\/\/vapebulkp.com\/wp-content\/uploads\/2024\/04\/Mandy-WhatsApp-Randm.jpg\" alt=\"Mandy WhatsApp Randm\" width=\"287\" height=\"305\" srcset=\"https:\/\/vapebulkp.com\/wp-content\/uploads\/2024\/04\/Mandy-WhatsApp-Randm.jpg 916w, https:\/\/vapebulkp.com\/wp-content\/uploads\/2024\/04\/Mandy-WhatsApp-Randm-282x300.jpg 282w, https:\/\/vapebulkp.com\/wp-content\/uploads\/2024\/04\/Mandy-WhatsApp-Randm-768x817.jpg 768w, https:\/\/vapebulkp.com\/wp-content\/uploads\/2024\/04\/Mandy-WhatsApp-Randm-600x638.jpg 600w\" sizes=\"(max-width: 287px) 100vw, 287px\" \/><\/p>\n<h2>T\u00e4nkte att du kanske vill veta om <strong>VOZOL VISTA 20000 Puffs vozol vape<\/strong>\uff1a<\/h2>\n<p>&nbsp;<\/p>\n<ul>\n<li>\n<h6><strong>Vad \u00e4r f\u00f6rdelen med OLED-sk\u00e4rmen p\u00e5 VOZOL VISTA 20k Puffs?<\/strong><\/h6>\n<p>OLED-sk\u00e4rmen g\u00f6r att anv\u00e4ndare enkelt kan \u00f6vervaka batteritid och e-v\u00e4tskeniv\u00e5er, vilket s\u00e4kerst\u00e4ller att du aldrig f\u00e5r slut ov\u00e4ntat under dina vejpningssessioner.<\/li>\n<li>\n<h6><strong>Hur m\u00e5nga bloss kan jag f\u00f6rv\u00e4nta mig fr\u00e5n VOZOL VISTA 20000 Puffs eng\u00e5ngsvape?<\/strong><\/h6>\n<p>Denna eng\u00e5ngsvape erbjuder imponerande 20 000+ bloss, vilket g\u00f6r den till ett av de l\u00e4ngsta alternativen p\u00e5 marknaden f\u00f6r dem som s\u00f6ker ut\u00f6kad anv\u00e4ndning.<\/li>\n<li>\n<h6><strong>Kan jag justera effekten p\u00e5 VOZOL VISTA?<\/strong><\/h6>\n<p>Ja, VOZOL VISTA har en 6-niv\u00e5s justering av effektuttaget, vilket g\u00f6r att du kan anpassa din vejpingupplevelse baserat p\u00e5 dina preferenser f\u00f6r smak och \u00e5ngproduktion.<\/li>\n<li>\n<h6><strong>Hur l\u00e5ng tid tar det att ladda VOZOL VISTA 650mAh-batteriet helt?<\/strong><\/h6>\n<p>Det uppladdningsbara batteriet p\u00e5 650 mAh kan laddas helt p\u00e5 bara 45 minuter, vilket ger snabb bekv\u00e4mlighet f\u00f6r anv\u00e4ndare som st\u00e4ndigt \u00e4r i farten.<\/li>\n<li>\n<h6><strong>Vilken typ av coil anv\u00e4nder VOZOL VISTA f\u00f6r b\u00e4ttre smak?<\/strong><\/h6>\n<p>Den anv\u00e4nder S.i.L.C Tech dual mesh-coilen, som f\u00f6rb\u00e4ttrar smak- och \u00e5ngproduktionen, vilket g\u00f6r den till ett utm\u00e4rkt val f\u00f6r dem som gillar rika vejpupplevelser.<\/li>\n<li>\n<h6><strong>\u00c4r VOZOL VISTA milj\u00f6v\u00e4nlig?<\/strong><\/h6>\n<p>Ja, materialen som anv\u00e4nds f\u00f6r VOZOL VISTA inkluderar 65% PCR (\u00e5tervinningsbar milj\u00f6v\u00e4nlig plast), vilket g\u00f6r den till ett mer h\u00e5llbart alternativ f\u00f6r medvetna vejpare.<\/li>\n<li>\n<h6><strong>\u00c4r VOZOL VISTA l\u00e4mplig f\u00f6r MTL-vejping?<\/strong><\/h6>\n<p>Absolut! Designen \u00e4r optimerad f\u00f6r mun-till-lunga (MTL) vejping, vilket g\u00f6r den idealisk f\u00f6r b\u00e5de nya och erfarna anv\u00e4ndare som f\u00f6redrar denna stil av vejping.<\/li>\n<\/ul>\n<h3><strong>VOZOL VISTA 20000 Puffs Eng\u00e5ngs-vejp egenskaper:<\/strong><\/h3>\n<ul>\n<li><strong>OLED-sk\u00e4rm:<\/strong> \u00d6vervaka enkelt batteri- och e-v\u00e4tskeniv\u00e5er f\u00f6r en optimal vejpupplevelse.<\/li>\n<li><strong>Imponerande antal bloss:<\/strong> Njut av \u00f6ver 20 000 bloss, vilket g\u00f6r den till en av de mest h\u00e5llbara eng\u00e5ngsvejparna som finns.<\/li>\n<li><strong>Justerbar Wattstyrka:<\/strong> Anpassa din upplevelse med en 6-niv\u00e5ers justering av watteffekten f\u00f6r skr\u00e4ddarsydd vejping.<\/li>\n<li><strong>Snabb uppladdning:<\/strong> Har ett uppladdningsbart 650mAh-batteri som laddas helt p\u00e5 bara 45 minuter f\u00f6r bekv\u00e4mlighet.<\/li>\n<li><strong>Avancerad Coilsteknik:<\/strong> Utrustad med S.i.L.C Tech dual mesh-coil f\u00f6r f\u00f6rb\u00e4ttrad smak- och \u00e5ngproduktion.<\/li>\n<li><strong>P\u00e5litligt processorchip:<\/strong> Anv\u00e4nder ett MCU-chip f\u00f6r f\u00f6rb\u00e4ttrad prestanda och s\u00e4kerhet.<\/li>\n<li><strong>Milj\u00f6v\u00e4nliga material:<\/strong> Konstruerad av 65% PCR (\u00e5tervinningsbar milj\u00f6v\u00e4nlig plast) f\u00f6r att minimera milj\u00f6p\u00e5verkan.<\/li>\n<li><strong>MTL-vaping:<\/strong> Designad f\u00f6r mun-till-lung-vaping, som passar b\u00e5de nyb\u00f6rjare och erfarna anv\u00e4ndare.<\/li>\n<\/ul>\n<p>&nbsp;<\/p>\n<h3><strong>\u00a0 Popul\u00e4r Vape <\/strong>Vozol Vista 20000 Puff prisv\u00e4rda vape-alternativ<strong>\u00a0Smaker:<\/strong><\/h3>\n<ol>\n<li>Bl\u00e5 hallon is<\/li>\n<li>K\u00f6rsb\u00e4rscola<\/li>\n<li>Druvis<\/li>\n<li>Citronlime<\/li>\n<li>Mango Is<\/li>\n<li>Miami Mint<\/li>\n<li>Blandade B\u00e4r<\/li>\n<li>Persika Mango Vattenmelon<\/li>\n<li>Hallon Vattenmelon<\/li>\n<li>Surt \u00c4pple Is<\/li>\n<li>Jordgubb Mango<\/li>\n<li>Jordgubb Hallon K\u00f6rsb\u00e4r<\/li>\n<li>Vaniljs\u00e5s Tobak<\/li>\n<li>Vattenmelon Tuggummi<\/li>\n<\/ol>\n<p><a href=\"https:\/\/vapebulkp.com\/sv\/product\/popular-randm-tornado-7000puffs-disposable-vape-best-price\/\"><span style=\"vertical-align: inherit\">RandM Tornado 7000 Bloss <\/span><\/a><\/p>\n<p><span style=\"vertical-align: inherit\">Hitta fler produkter du kanske gillar:<\/span><em><a href=\"https:\/\/wa.me\/8618077105796\"><span style=\"vertical-align: inherit\">\u00a0K\u00f6p nu<\/span><\/a><\/em><\/p>\n<p><span style=\"vertical-align: inherit\">Andra Puffs du kanske gillar:<\/span><a href=\"https:\/\/vapebulkp.com\/sv\/product\/uzy-bang-king-12k-disposable-vape-affordable-price\/\"><span style=\"vertical-align: inherit\">UZY Bang King 12000Puffs<\/span><\/a><span style=\"vertical-align: inherit\">\u3001<\/span><a href=\"https:\/\/vapebulkp.com\/sv\/product\/wholesale-randm-tornado-9000-puffs-germany\/\"><span style=\"vertical-align: inherit\">RandM 9000 Puffar<\/span><\/a><span style=\"vertical-align: inherit\">\/ <\/span><a href=\"https:\/\/vapebulkp.com\/sv\/product\/bang-king-12000puffs\/\"><span style=\"vertical-align: inherit\">Bang King 12000 Puffar<\/span><\/a><span style=\"vertical-align: inherit\">\/ <\/span><a href=\"https:\/\/vapebulkp.com\/sv\/product\/wholesale-tornado-rum-bar-9000-puffs-sweden\/\"><span style=\"vertical-align: inherit\">Rumbar 9000 bloss<\/span><\/a><\/p>\n<p><span style=\"vertical-align: inherit\">E-cigarettflaska med specialform:<\/span><a href=\"https:\/\/vapebulkp.com\/sv\/product\/wholesale-kulx-8000-puffs-disposable-vape\/\"><span style=\"vertical-align: inherit\">\u00a0Kulx 8000 bloss<\/span><\/a><span style=\"vertical-align: inherit\">\/ <\/span><a href=\"https:\/\/vapebulkp.com\/sv\/product\/original-bang-vape-box-20k-puff-disposable-vape\/\"><span style=\"vertical-align: inherit\">\u00a0Bang Box 20000 bloss <\/span><\/a><span style=\"vertical-align: inherit\">\/<\/span><a href=\"https:\/\/vapebulkp.com\/sv\/product\/wga-crystal-plus-16000-puffs-led-light-disposable-vape\/\"><span style=\"vertical-align: inherit\"> WGA Crystal 16000 Puffar<\/span><\/a><\/p>\n<h5>Produktionskvalifikation:<\/h5>\n<p><img decoding=\"async\" class=\"alignnone size-full wp-image-1841\" src=\"http:\/\/vapebulkp.com\/wp-content\/uploads\/2023\/11\/Vape-production-process-2.jpeg\" alt=\"Vape produktionsprocess\" width=\"650\" height=\"434\" srcset=\"https:\/\/vapebulkp.com\/wp-content\/uploads\/2023\/11\/Vape-production-process-2.jpeg 650w, https:\/\/vapebulkp.com\/wp-content\/uploads\/2023\/11\/Vape-production-process-2-300x200.jpeg 300w, https:\/\/vapebulkp.com\/wp-content\/uploads\/2023\/11\/Vape-production-process-2-600x401.jpeg 600w\" sizes=\"(max-width: 650px) 100vw, 650px\" \/><\/p>\n<p><img decoding=\"async\" class=\"alignnone size-full wp-image-1843\" src=\"http:\/\/vapebulkp.com\/wp-content\/uploads\/2023\/11\/Vape-production-process.jpeg\" alt=\"Vape produktionsprocess\" width=\"641\" height=\"1026\" srcset=\"https:\/\/vapebulkp.com\/wp-content\/uploads\/2023\/11\/Vape-production-process.jpeg 641w, https:\/\/vapebulkp.com\/wp-content\/uploads\/2023\/11\/Vape-production-process-187x300.jpeg 187w, https:\/\/vapebulkp.com\/wp-content\/uploads\/2023\/11\/Vape-production-process-640x1024.jpeg 640w, https:\/\/vapebulkp.com\/wp-content\/uploads\/2023\/11\/Vape-production-process-600x960.jpeg 600w\" sizes=\"(max-width: 641px) 100vw, 641px\" \/><\/p>\n<h5>Vanliga fr\u00e5gor och svar:<\/h5>\n<p>F: Vad \u00e4r MOQ f\u00f6r Vozol Vista 20000 Puff?<br \/>\nS: Minsta best\u00e4llning \u00e4r 50 st.<br \/>\nF: Vad \u00e4r leveranstiden f\u00f6r den best\u00e4llda vapen?<br \/>\nS: Vanligtvis \u00e4r det 10-15 dagar efter leverans<br \/>\nF: Hur mycket kostar frakten? S: Fraktkostnaden beror p\u00e5 vikten. Olika kvantiteter har olika fraktkostnader, v\u00e4nligen kontakta oss f\u00f6r att bekr\u00e4fta fraktkostnaden.<\/p>\n<h4>Leveransdetaljer:<\/h4>\n<p><span style=\"color: #ff6600\">Produktionstid: 5-10 arbetsdagar<\/span><br \/>\n<span style=\"color: #ff6600\">Leveranstid: 8-14 arbetsdagar<\/span><\/p>\n<p>Alla produkter i v\u00e5r butik \u00e4r 100% originala och autentiska, d\u00e4rf\u00f6r \u00e4r Tiofaldig ers\u00e4ttning f\u00f6r falska varor v\u00e5r butikspolicy. Vi anv\u00e4nder logistikkanaler som UPS\/DHL\/FEDEX\/DPD f\u00f6r att leverera varor till dig.<\/p>\n<p>F\u00f6r paket som skickas inom Sverige tar det vanligtvis 10 arbetsdagar att anl\u00e4nda. Leveranser till andra europeiska l\u00e4nder tar vanligtvis 12 till 15 arbetsdagar att anl\u00e4nda. Vi uppdaterar logistikinformationen f\u00f6r dig i realtid.<\/p>","protected":false},"excerpt":{"rendered":"<p><strong>VOZOL VISTA 20000 Puffar<\/strong> Vape med h\u00f6g kapacitet Sverige<\/p>\n<p><strong>L\u00e5ngvarig eng\u00e5ngsvape<\/strong> VOZOL VISTA 20 000 puffar<\/p>\n<p>Eng\u00e5ngsvape i bulkpris <strong>VOZOL VISTA 20 000 puffar<\/strong><\/p>\n<p><img decoding=\"async\" class=\"alignnone wp-image-2151\" src=\"http:\/\/vapebulkp.com\/wp-content\/uploads\/2024\/04\/Mandy-WhatsApp-Randm.jpg\" alt=\"Mandy WhatsApp Randm\" width=\"234\" height=\"249\" srcset=\"https:\/\/vapebulkp.com\/wp-content\/uploads\/2024\/04\/Mandy-WhatsApp-Randm.jpg 916w, https:\/\/vapebulkp.com\/wp-content\/uploads\/2024\/04\/Mandy-WhatsApp-Randm-282x300.jpg 282w, https:\/\/vapebulkp.com\/wp-content\/uploads\/2024\/04\/Mandy-WhatsApp-Randm-768x817.jpg 768w, https:\/\/vapebulkp.com\/wp-content\/uploads\/2024\/04\/Mandy-WhatsApp-Randm-600x638.jpg 600w\" sizes=\"(max-width: 234px) 100vw, 234px\" \/><\/p>\n<p>Kontakta Mandy via WhatsApp f\u00f6r rabatterat pris<a href=\"https:\/\/wa.me\/8618077105796\">+8618077105796<\/a><\/p>\n<p><span style=\"color: #ff0000\">OBS: Priserna p\u00e5 v\u00e5r webbplats inkluderar inte fraktkostnader<\/span><\/p>\n<p>&nbsp;<\/p>","protected":false},"featured_media":2934,"comment_status":"open","ping_status":"closed","template":"","meta":{"_uag_custom_page_level_css":"","_lmt_disableupdate":"no","_lmt_disable":"","site-sidebar-layout":"default","site-content-layout":"content-boxed-container","ast-site-content-layout":"normal-width-container","site-content-style":"boxed","site-sidebar-style":"unboxed","ast-global-header-display":"","ast-banner-title-visibility":"","ast-main-header-display":"","ast-hfb-above-header-display":"","ast-hfb-below-header-display":"","ast-hfb-mobile-header-display":"","site-post-title":"","ast-breadcrumbs-content":"","ast-featured-img":"","footer-sml-layout":"","theme-transparent-header-meta":"default","adv-header-id-meta":"","stick-header-meta":"","header-above-stick-meta":"","header-main-stick-meta":"","header-below-stick-meta":"","astra-migrate-meta-layouts":"set","_joinchat":[]},"product_cat":[162,153,155,33,59,100,34,158,157,154,152,58,84,156,63,32,364],"product_tag":[109,36,37,41,40],"class_list":["post-2941","product","type-product","status-publish","has-post-thumbnail","hentry","product_cat-20000-puffs-disposable-vape","product_cat-hot-disposable-vapes","product_cat-belgium-hot-disposable-vapes","product_cat-france-vape-hot-sale","product_cat-germany-hot-disposable-vape","product_cat-germany-wholesale-vape-shop","product_cat-netherlands-vape-good-sale","product_cat-norway-hot-disposable-vapes","product_cat-poland-hot-disposable-vapes","product_cat-portugal-hot-disposable-vapes","product_cat-spain-hot-disposable-vapes","product_cat-sweden-hot-disposable-vape","product_cat-sweden-wholesale-vape","product_cat-switzerland-hot-disposable-vapes","product_cat-top-sale-disposable-vape","product_cat-vape-hot-sale-this-week","product_cat-vozol-vape","product_tag-20000-puffs","product_tag-good-vape","product_tag-hot-sale-disposable-vape","product_tag-poland-hot-vape","product_tag-sweden-hot-vape","pa_brand-vozol-vape","desktop-align-left","tablet-align-left","mobile-align-left"],"yoast_head":"<!-- This site is optimized with the Yoast SEO plugin v21.1 - https:\/\/yoast.com\/wordpress\/plugins\/seo\/ -->\n<title>Vozol Vista 20000 Puff Rechargeable Vape Cheap Price Today - vapebulkp.com<\/title>\n<meta name=\"description\" content=\"Order the Wholesale Price Vozol Vista 20000 Puffs Disposable Vape with dual mesh coils, adjustable wattage, and rechargeable battery.\" \/>\n<meta name=\"robots\" content=\"index, follow, max-snippet:-1, max-image-preview:large, max-video-preview:-1\" \/>\n<link rel=\"canonical\" href=\"https:\/\/vapebulkp.com\/sv\/product\/vozol-vista-20000-puff-rechargeable-vape-cheap-price-today\/\" \/>\n<meta property=\"og:locale\" content=\"sv_SE\" \/>\n<meta property=\"og:type\" content=\"article\" \/>\n<meta property=\"og:title\" content=\"Vozol Vista 20000 Puff Rechargeable Vape Cheap Price Today - vapebulkp.com\" \/>\n<meta property=\"og:description\" content=\"Order the Wholesale Price Vozol Vista 20000 Puffs Disposable Vape with dual mesh coils, adjustable wattage, and rechargeable battery.\" \/>\n<meta property=\"og:url\" content=\"https:\/\/vapebulkp.com\/sv\/product\/vozol-vista-20000-puff-rechargeable-vape-cheap-price-today\/\" \/>\n<meta property=\"og:site_name\" content=\"vapebulkp.com\" \/>\n<meta property=\"article:modified_time\" content=\"2025-09-24T03:47:17+00:00\" \/>\n<meta property=\"og:image\" content=\"http:\/\/vapebulkp.com\/wp-content\/uploads\/2024\/09\/VOZOL-VISTA-20000-Puffs-Best-disposable-vape-Europe.png\" \/>\n\t<meta property=\"og:image:width\" content=\"575\" \/>\n\t<meta property=\"og:image:height\" content=\"873\" \/>\n\t<meta property=\"og:image:type\" content=\"image\/png\" \/>\n<meta name=\"twitter:card\" content=\"summary_large_image\" \/>\n<meta name=\"twitter:label1\" content=\"Ber\u00e4knad l\u00e4stid\" \/>\n\t<meta name=\"twitter:data1\" content=\"5 minuter\" \/>\n<script type=\"application\/ld+json\" class=\"yoast-schema-graph\">{\"@context\":\"https:\/\/schema.org\",\"@graph\":[{\"@type\":\"WebPage\",\"@id\":\"https:\/\/vapebulkp.com\/product\/vozol-vista-20000-puff-rechargeable-vape-cheap-price-today\/\",\"url\":\"https:\/\/vapebulkp.com\/product\/vozol-vista-20000-puff-rechargeable-vape-cheap-price-today\/\",\"name\":\"Vozol Vista 20000 Puff Rechargeable Vape Cheap Price Today - vapebulkp.com\",\"isPartOf\":{\"@id\":\"https:\/\/vapebulkp.com\/#website\"},\"datePublished\":\"2024-09-25T08:02:50+00:00\",\"dateModified\":\"2025-09-24T03:47:17+00:00\",\"description\":\"Order the Wholesale Price Vozol Vista 20000 Puffs Disposable Vape with dual mesh coils, adjustable wattage, and rechargeable battery.\",\"breadcrumb\":{\"@id\":\"https:\/\/vapebulkp.com\/product\/vozol-vista-20000-puff-rechargeable-vape-cheap-price-today\/#breadcrumb\"},\"inLanguage\":\"sv-SE\",\"potentialAction\":[{\"@type\":\"ReadAction\",\"target\":[\"https:\/\/vapebulkp.com\/product\/vozol-vista-20000-puff-rechargeable-vape-cheap-price-today\/\"]}]},{\"@type\":\"BreadcrumbList\",\"@id\":\"https:\/\/vapebulkp.com\/product\/vozol-vista-20000-puff-rechargeable-vape-cheap-price-today\/#breadcrumb\",\"itemListElement\":[{\"@type\":\"ListItem\",\"position\":1,\"name\":\"Home\",\"item\":\"https:\/\/vapebulkp.com\/\"},{\"@type\":\"ListItem\",\"position\":2,\"name\":\"Hot Trend Vapes\",\"item\":\"https:\/\/vapebulkp.com\/vape-shop\/\"},{\"@type\":\"ListItem\",\"position\":3,\"name\":\"Vozol Vista 20000 Puff Rechargeable Vape Cheap Price Today\"}]},{\"@type\":\"WebSite\",\"@id\":\"https:\/\/vapebulkp.com\/#website\",\"url\":\"https:\/\/vapebulkp.com\/\",\"name\":\"vapebulkp.com\",\"description\":\"Buy Vape In Cheap Bulk Price Near you\",\"publisher\":{\"@id\":\"https:\/\/vapebulkp.com\/#organization\"},\"potentialAction\":[{\"@type\":\"SearchAction\",\"target\":{\"@type\":\"EntryPoint\",\"urlTemplate\":\"https:\/\/vapebulkp.com\/?s={search_term_string}\"},\"query-input\":\"required name=search_term_string\"}],\"inLanguage\":\"sv-SE\"},{\"@type\":\"Organization\",\"@id\":\"https:\/\/vapebulkp.com\/#organization\",\"name\":\"vapebulkp.com\",\"url\":\"https:\/\/vapebulkp.com\/\",\"logo\":{\"@type\":\"ImageObject\",\"inLanguage\":\"sv-SE\",\"@id\":\"https:\/\/vapebulkp.com\/#\/schema\/logo\/image\/\",\"url\":\"https:\/\/vapebulkp.com\/wp-content\/uploads\/2023\/09\/cropped-vapebulkp.png\",\"contentUrl\":\"https:\/\/vapebulkp.com\/wp-content\/uploads\/2023\/09\/cropped-vapebulkp.png\",\"width\":516,\"height\":163,\"caption\":\"vapebulkp.com\"},\"image\":{\"@id\":\"https:\/\/vapebulkp.com\/#\/schema\/logo\/image\/\"}}]}<\/script>\n<!-- \/ Yoast SEO plugin. -->","yoast_head_json":{"title":"Vozol Vista 20000 Puff Rechargeable Vape Cheap Price Today - vapebulkp.com","description":"Order the Wholesale Price Vozol Vista 20000 Puffs Disposable Vape with dual mesh coils, adjustable wattage, and rechargeable battery.","robots":{"index":"index","follow":"follow","max-snippet":"max-snippet:-1","max-image-preview":"max-image-preview:large","max-video-preview":"max-video-preview:-1"},"canonical":"https:\/\/vapebulkp.com\/sv\/product\/vozol-vista-20000-puff-rechargeable-vape-cheap-price-today\/","og_locale":"sv_SE","og_type":"article","og_title":"Vozol Vista 20000 Puff Rechargeable Vape Cheap Price Today - vapebulkp.com","og_description":"Order the Wholesale Price Vozol Vista 20000 Puffs Disposable Vape with dual mesh coils, adjustable wattage, and rechargeable battery.","og_url":"https:\/\/vapebulkp.com\/sv\/product\/vozol-vista-20000-puff-rechargeable-vape-cheap-price-today\/","og_site_name":"vapebulkp.com","article_modified_time":"2025-09-24T03:47:17+00:00","og_image":[{"width":575,"height":873,"url":"http:\/\/vapebulkp.com\/wp-content\/uploads\/2024\/09\/VOZOL-VISTA-20000-Puffs-Best-disposable-vape-Europe.png","type":"image\/png"}],"twitter_card":"summary_large_image","twitter_misc":{"Ber\u00e4knad l\u00e4stid":"5 minuter"},"schema":{"@context":"https:\/\/schema.org","@graph":[{"@type":"WebPage","@id":"https:\/\/vapebulkp.com\/product\/vozol-vista-20000-puff-rechargeable-vape-cheap-price-today\/","url":"https:\/\/vapebulkp.com\/product\/vozol-vista-20000-puff-rechargeable-vape-cheap-price-today\/","name":"Vozol Vista 20000 Puff Rechargeable Vape Cheap Price Today - vapebulkp.com","isPartOf":{"@id":"https:\/\/vapebulkp.com\/#website"},"datePublished":"2024-09-25T08:02:50+00:00","dateModified":"2025-09-24T03:47:17+00:00","description":"Order the Wholesale Price Vozol Vista 20000 Puffs Disposable Vape with dual mesh coils, adjustable wattage, and rechargeable battery.","breadcrumb":{"@id":"https:\/\/vapebulkp.com\/product\/vozol-vista-20000-puff-rechargeable-vape-cheap-price-today\/#breadcrumb"},"inLanguage":"sv-SE","potentialAction":[{"@type":"ReadAction","target":["https:\/\/vapebulkp.com\/product\/vozol-vista-20000-puff-rechargeable-vape-cheap-price-today\/"]}]},{"@type":"BreadcrumbList","@id":"https:\/\/vapebulkp.com\/product\/vozol-vista-20000-puff-rechargeable-vape-cheap-price-today\/#breadcrumb","itemListElement":[{"@type":"ListItem","position":1,"name":"Home","item":"https:\/\/vapebulkp.com\/"},{"@type":"ListItem","position":2,"name":"Hot Trend Vapes","item":"https:\/\/vapebulkp.com\/vape-shop\/"},{"@type":"ListItem","position":3,"name":"Vozol Vista 20000 Puff Rechargeable Vape Cheap Price Today"}]},{"@type":"WebSite","@id":"https:\/\/vapebulkp.com\/#website","url":"https:\/\/vapebulkp.com\/","name":"vapebulkp.com","description":"Buy Vape In Cheap Bulk Price Near you","publisher":{"@id":"https:\/\/vapebulkp.com\/#organization"},"potentialAction":[{"@type":"SearchAction","target":{"@type":"EntryPoint","urlTemplate":"https:\/\/vapebulkp.com\/?s={search_term_string}"},"query-input":"required name=search_term_string"}],"inLanguage":"sv-SE"},{"@type":"Organization","@id":"https:\/\/vapebulkp.com\/#organization","name":"vapebulkp.com","url":"https:\/\/vapebulkp.com\/","logo":{"@type":"ImageObject","inLanguage":"sv-SE","@id":"https:\/\/vapebulkp.com\/#\/schema\/logo\/image\/","url":"https:\/\/vapebulkp.com\/wp-content\/uploads\/2023\/09\/cropped-vapebulkp.png","contentUrl":"https:\/\/vapebulkp.com\/wp-content\/uploads\/2023\/09\/cropped-vapebulkp.png","width":516,"height":163,"caption":"vapebulkp.com"},"image":{"@id":"https:\/\/vapebulkp.com\/#\/schema\/logo\/image\/"}}]}},"uagb_featured_image_src":{"full":["https:\/\/vapebulkp.com\/wp-content\/uploads\/2024\/09\/VOZOL-VISTA-20000-Puffs-Best-disposable-vape-Europe.png",575,873,false],"thumbnail":["https:\/\/vapebulkp.com\/wp-content\/uploads\/2024\/09\/VOZOL-VISTA-20000-Puffs-Best-disposable-vape-Europe-150x150.png",150,150,true],"medium":["https:\/\/vapebulkp.com\/wp-content\/uploads\/2024\/09\/VOZOL-VISTA-20000-Puffs-Best-disposable-vape-Europe-198x300.png",198,300,true],"medium_large":["https:\/\/vapebulkp.com\/wp-content\/uploads\/2024\/09\/VOZOL-VISTA-20000-Puffs-Best-disposable-vape-Europe.png",575,873,false],"large":["https:\/\/vapebulkp.com\/wp-content\/uploads\/2024\/09\/VOZOL-VISTA-20000-Puffs-Best-disposable-vape-Europe.png",575,873,false],"1536x1536":["https:\/\/vapebulkp.com\/wp-content\/uploads\/2024\/09\/VOZOL-VISTA-20000-Puffs-Best-disposable-vape-Europe.png",575,873,false],"2048x2048":["https:\/\/vapebulkp.com\/wp-content\/uploads\/2024\/09\/VOZOL-VISTA-20000-Puffs-Best-disposable-vape-Europe.png",575,873,false],"trp-custom-language-flag":["https:\/\/vapebulkp.com\/wp-content\/uploads\/2024\/09\/VOZOL-VISTA-20000-Puffs-Best-disposable-vape-Europe.png",8,12,false],"woocommerce_thumbnail":["https:\/\/vapebulkp.com\/wp-content\/uploads\/2024\/09\/VOZOL-VISTA-20000-Puffs-Best-disposable-vape-Europe-300x300.png",300,300,true],"woocommerce_single":["https:\/\/vapebulkp.com\/wp-content\/uploads\/2024\/09\/VOZOL-VISTA-20000-Puffs-Best-disposable-vape-Europe.png",575,873,false],"woocommerce_gallery_thumbnail":["https:\/\/vapebulkp.com\/wp-content\/uploads\/2024\/09\/VOZOL-VISTA-20000-Puffs-Best-disposable-vape-Europe-100x100.png",100,100,true],"wcpr-photo-reviews":["https:\/\/vapebulkp.com\/wp-content\/uploads\/2024\/09\/VOZOL-VISTA-20000-Puffs-Best-disposable-vape-Europe.png",329,500,false]},"uagb_author_info":{"display_name":"Mandy vape bulk price","author_link":"https:\/\/vapebulkp.com\/sv\/author\/"},"uagb_comment_info":0,"uagb_excerpt":"VOZOL VISTA 20000 Puffs High-capacity vape Germany Long-last disposable vape VOZOL VISTA 20k Puffs Bulk Price disposable vape VOZOL VISTA 20k Puffs Pls Contact Mandy's WhatsApp For Discount Price+8618077105796 NOTE: Prices on our website does not include shipping costs &nbsp;","_links":{"self":[{"href":"https:\/\/vapebulkp.com\/sv\/wp-json\/wp\/v2\/product\/2941","targetHints":{"allow":["GET"]}}],"collection":[{"href":"https:\/\/vapebulkp.com\/sv\/wp-json\/wp\/v2\/product"}],"about":[{"href":"https:\/\/vapebulkp.com\/sv\/wp-json\/wp\/v2\/types\/product"}],"replies":[{"embeddable":true,"href":"https:\/\/vapebulkp.com\/sv\/wp-json\/wp\/v2\/comments?post=2941"}],"wp:featuredmedia":[{"embeddable":true,"href":"https:\/\/vapebulkp.com\/sv\/wp-json\/wp\/v2\/media\/2934"}],"wp:attachment":[{"href":"https:\/\/vapebulkp.com\/sv\/wp-json\/wp\/v2\/media?parent=2941"}],"wp:term":[{"taxonomy":"product_cat","embeddable":true,"href":"https:\/\/vapebulkp.com\/sv\/wp-json\/wp\/v2\/product_cat?post=2941"},{"taxonomy":"product_tag","embeddable":true,"href":"https:\/\/vapebulkp.com\/sv\/wp-json\/wp\/v2\/product_tag?post=2941"}],"curies":[{"name":"wp","href":"https:\/\/api.w.org\/{rel}","templated":true}]}}