{"id":2954,"date":"2024-09-26T09:30:48","date_gmt":"2024-09-26T07:30:48","guid":{"rendered":"https:\/\/vapebulkp.com\/?post_type=product&#038;p=2954"},"modified":"2025-09-24T05:15:54","modified_gmt":"2025-09-24T03:15:54","slug":"waspe-aiviou-25000-puffs-high-capacity-disposable-vape","status":"publish","type":"product","link":"https:\/\/vapebulkp.com\/sv\/product\/waspe-aiviou-25000-puffs-high-capacity-disposable-vape\/","title":{"rendered":"WASPE AIVIOU 25000 Puffs Eng\u00e5ngsvape med h\u00f6g kapacitet"},"content":{"rendered":"<h1 style=\"text-align: left\">WASPE AIVIOU 25000 Puffs Eng\u00e5ngsvape med h\u00f6g kapacitet<\/h1>\n<p data-start=\"322\" data-end=\"651\">Den <strong data-start=\"366\" data-end=\"394\">WASPE AIVIOU 25000 Bloss<\/strong> \u00e4r en premiumprodukt <a href=\"https:\/\/vapebulkp.com\/sv\/product-category\/25000-puffs-disposable-vape\/\"><strong data-start=\"408\" data-end=\"439\">25000 Puffs Eng\u00e5ngs E-cigarett<\/strong><\/a> byggd f\u00f6r europeiska unga m\u00e4n som vill ha l\u00e5ngvarig prestanda och stark smak. Drivs av ett uppladdningsbart 650mAh-batteri med Type-C snabbladdning, vilket ger upp till 25 000 bloss utan frekvent laddning.<\/p>\n<p data-start=\"653\" data-end=\"933\">Med en 25 ml e-v\u00e4tsketank och nikotinalternativ p\u00e5 0%, 2% eller 5%, erbjuder den flexibilitet f\u00f6r b\u00e5de l\u00e4tta och starka preferenser. Dual mesh coil-teknik s\u00e4kerst\u00e4ller t\u00e4t \u00e5nga och konsekvent smak, medan LCD-sk\u00e4rmen h\u00e5ller dig uppdaterad om batteri, antal bloss och e-v\u00e4tskeniv\u00e5er.<\/p>\n<p data-start=\"935\" data-end=\"1168\">Kompakt, kraftfull och problemfri, den <strong data-start=\"975\" data-end=\"1003\">WASPE AIVIOU 25000 Bloss<\/strong> finns i 10 popul\u00e4ra smaker. Levereras fr\u00e5n EU-lager, det \u00e4r den idealiska <strong data-start=\"1083\" data-end=\"1129\">uppladdningsbar eng\u00e5ngsvape med h\u00f6g kapacitet<\/strong> f\u00f6r b\u00e5de grossister och konsumenter.<\/p>\n<p><img decoding=\"async\" class=\"alignnone size-full wp-image-2952\" src=\"http:\/\/vapebulkp.com\/wp-content\/uploads\/2024\/09\/WASPE-AIVIOU-25000-Puffs-Tornado-Vape-25k.png\" alt=\"WASPE AIVIOU 25000 Puffar Tornado Vape 25k\" width=\"520\" height=\"550\" srcset=\"https:\/\/vapebulkp.com\/wp-content\/uploads\/2024\/09\/WASPE-AIVIOU-25000-Puffs-Tornado-Vape-25k.png 520w, https:\/\/vapebulkp.com\/wp-content\/uploads\/2024\/09\/WASPE-AIVIOU-25000-Puffs-Tornado-Vape-25k-284x300.png 284w\" sizes=\"(max-width: 520px) 100vw, 520px\" \/><\/p>\n<h6>Kontakta Mandy via WhatsApp f\u00f6r rabatterat pris<a href=\"https:\/\/wa.me\/8618077105796\">+8618077105796<\/a><\/h6>\n<p><img decoding=\"async\" class=\"alignnone wp-image-2151\" src=\"http:\/\/vapebulkp.com\/wp-content\/uploads\/2024\/04\/Mandy-WhatsApp-Randm.jpg\" alt=\"Mandy WhatsApp Randm\" width=\"324\" height=\"330\" \/><\/p>\n<h2>T\u00e4nkte att du kanske ville veta om Vape Partihandel <strong>WASPE AIVIOU 25000 Bloss<\/strong>\u00a0 \uff1a<\/h2>\n<p>&nbsp;<\/p>\n<p><strong>F: Vad f\u00e5r WASPE AIVIOU 25000 Bloss att sticka ut p\u00e5 marknaden f\u00f6r eng\u00e5ngsvapes?<\/strong><br \/>\nS: WASPE AIVIOU 25k bloss Vape-kit erbjuder imponerande 25 000 bloss, vilket g\u00f6r det till ett av de mest h\u00e5llbara alternativen som finns, idealiskt f\u00f6r anv\u00e4ndare som s\u00f6ker h\u00e5llbarhet och v\u00e4rde.<\/p>\n<p><strong>F: Finns det olika smakalternativ f\u00f6r WASPE AIVIOU 25000 Bloss?<\/strong><br \/>\nS: Ja, den har ett varierat utbud av smaker, fr\u00e5n fruktiga alternativ som Mango Melon till uppfriskande val som Cool Mint, som tillgodoser olika smakpreferenser.<\/p>\n<p><strong>F: Hur st\u00e5r sig batteritiden f\u00f6r WASPE AIVIOU 25k Bloss j\u00e4mf\u00f6rt med andra eng\u00e5ngsvapes?<\/strong><br \/>\nS: Med sin robusta batteridesign s\u00e4kerst\u00e4ller WASPE AIVIOU konsekvent prestanda under hela sin livsl\u00e4ngd, vilket g\u00f6r det till ett toppval f\u00f6r dem som letar efter l\u00e5ngvariga eng\u00e5ngsvapes.<\/p>\n<p><strong>F: \u00c4r den milj\u00f6v\u00e4nliga AIVIOU 25k Bloss l\u00e4tt att anv\u00e4nda f\u00f6r nyb\u00f6rjare?<\/strong><br \/>\nS: Absolut! Dess anv\u00e4ndarv\u00e4nliga design g\u00f6r den perfekt f\u00f6r nykomlingar till vaping, och erbjuder en problemfri upplevelse utan komplicerade inst\u00e4llningar.<\/p>\n<p><strong>F: Var kan jag hitta de b\u00e4sta erbjudandena p\u00e5 WASPE AIVIOU 25000 Bloss?<\/strong><br \/>\nS: Ja, du kan k\u00f6pa WASPE AIVIOU 25000 Bloss p\u00e5 <a href=\"https:\/\/vapebulkp.com\/sv\/\">vapebulkp.com.<\/a> De erbjuder vanligtvis en m\u00e4ngd olika smaker och f\u00f6rpackningsalternativ, vilket g\u00f6r det till ett bekv\u00e4mt val f\u00f6r dina vapingbehov.<\/p>\n<h3>\u00a0WAPE AIVIOU Vape 25k Puffs Partipris Vape Egenskaper:<\/h3>\n<p>&nbsp;<\/p>\n<ul>\n<li><strong>Nikotinalternativ:\u00a0 <\/strong><span style=\"font-size: 16px\">Tillg\u00e4nglig med 0%, 2% och 5% nikotinniv\u00e5er, anpassat f\u00f6r olika vapingpreferenser f\u00f6r b\u00e5de nyb\u00f6rjare och erfarna anv\u00e4ndare.<\/span><\/li>\n<li><strong>Antal bloss:<\/strong> Imponerande 25 000 bloss, vilket garanterar en l\u00e5ngvarig vapingupplevelse, perfekt f\u00f6r dem som s\u00f6ker h\u00e5llbara eng\u00e5ngsvapes.<\/li>\n<li><strong>E-v\u00e4tskekapacitet:<\/strong> Har en gener\u00f6s e-v\u00e4tskekapacitet p\u00e5 25 ml, vilket m\u00f6jligg\u00f6r ut\u00f6kad anv\u00e4ndning utan frekventa byten.<\/li>\n<li><strong>F\u00f6rpackning:<\/strong> Varje kartong inneh\u00e5ller 200 stycken, vilket g\u00f6r det till ett utm\u00e4rkt val f\u00f6r \u00e5terf\u00f6rs\u00e4ljare eller inbitna vejpare som vill bunkra upp.<\/li>\n<li><strong>Smakvariation:<\/strong> Erbjuder 10 h\u00e4rliga smaker, inklusive popul\u00e4ra alternativ som tilltalar svenska kunder, vilket s\u00e4kerst\u00e4ller att det finns n\u00e5got f\u00f6r alla.<\/li>\n<li><strong>Dubbel Meshteknik:<\/strong><span style=\"font-size: 16px\">Utrustad med avancerade dubbla mesh-coils f\u00f6r f\u00f6rb\u00e4ttrad smak- och \u00e5ngproduktion, vilket ger en \u00f6verl\u00e4gsen vapingupplevelse.<\/span><\/li>\n<li><strong>LCD-sk\u00e4rm:<\/strong> Inkluderar en inbyggd LCD-sk\u00e4rm f\u00f6r realtids\u00f6vervakning av blossantal och batteritid, vilket ger anv\u00e4ndarna bekv\u00e4mlighet.<\/li>\n<li><strong>Typ-C Laddningsport:<\/strong> Har en modern Typ-C laddningsport f\u00f6r snabb och effektiv laddning, perfekt f\u00f6r anv\u00e4ndning p\u00e5 spr\u00e5ng.<\/li>\n<li><strong>Batterikapacitet:<\/strong> Drivs av ett p\u00e5litligt 650mAh-batteri, vilket garanterar konsekvent prestanda under hela dess livsl\u00e4ngd.<\/li>\n<li><strong>Spole Design:<\/strong> Anv\u00e4nder en h\u00f6gkvalitativ mesh-coil f\u00f6r optimal smakleverans och j\u00e4mna drag.<\/li>\n<li><strong>Kartongspecifikationer:<\/strong> Varje kartong v\u00e4ger 21 kg och m\u00e4ter 685 mm x 330 mm x 230 mm, vilket g\u00f6r den enkel att hantera och f\u00f6rvara.<\/li>\n<\/ul>\n<h3><strong>Billig Pris Vape WASPE AIVIOU 25000 Puffs Organiska smaker:<\/strong><\/h3>\n<p>1 vattenmelon is<br \/>\n2 Bl\u00e5b\u00e4r p\u00e5 is<br \/>\n3 jordgubbsvattenmelon<br \/>\n4 bl\u00e5b\u00e4r hallonlemonad<br \/>\n5 k\u00f6rsb\u00e4rs-is<br \/>\n6 persika mango vattenmelon<br \/>\n7 Blandade b\u00e4r<br \/>\n8 persika-is<br \/>\n9 jordgubbskiwi<br \/>\n10 druv-is<\/p>\n<p><a href=\"https:\/\/vapebulkp.com\/sv\/product\/popular-randm-tornado-7000puffs-disposable-vape-best-price\/\"><span style=\"vertical-align: inherit\">RandM Tornado 7000 Bloss <\/span><\/a><\/p>\n<p><span style=\"vertical-align: inherit\">Hitta fler produkter du kanske gillar:<\/span><em><a href=\"https:\/\/wa.me\/8618077105796\"><span style=\"vertical-align: inherit\">\u00a0K\u00f6p nu<\/span><\/a><\/em><\/p>\n<p><span style=\"vertical-align: inherit\">Andra Puffs du kanske gillar:<\/span><a href=\"https:\/\/vapebulkp.com\/sv\/product\/bang-with-a-vape-gear-20000-puffs-discount-price\/\"><span style=\"vertical-align: inherit\">Bang Gear Vape 20000Bloss<\/span><\/a><span style=\"vertical-align: inherit\">\u3001<\/span><a href=\"https:\/\/vapebulkp.com\/sv\/product\/wholesale-randm-tornado-9000-puffs-germany\/\"><span style=\"vertical-align: inherit\">RandM 9000 Puffar<\/span><\/a><span style=\"vertical-align: inherit\">\/ <\/span><a href=\"https:\/\/vapebulkp.com\/sv\/product\/bang-king-12000puffs\/\"><span style=\"vertical-align: inherit\">Bang King 12000 Puffar<\/span><\/a><span style=\"vertical-align: inherit\">\/ <\/span><a href=\"https:\/\/vapebulkp.com\/sv\/product\/uzy-qute-800-puffs-original-disposable-vape\/\"><span style=\"vertical-align: inherit\">UZY QUTE 800Puffs<\/span><\/a><\/p>\n<p><span style=\"vertical-align: inherit\">E-cigarettflaska med specialform:<\/span><a href=\"https:\/\/vapebulkp.com\/sv\/product\/original-vape-bang-tn-12000-puffs-bang-vape\/\"><span style=\"vertical-align: inherit\"> Bang TN 12000 Bloss<\/span><\/a><span style=\"vertical-align: inherit\">\/ <\/span><a href=\"https:\/\/vapebulkp.com\/sv\/fi\/product\/best-price-wga-crystal-pro-max-15k-puffs-original-vape\/\"><span style=\"vertical-align: inherit\">\u00a0WGA Crystal pro max 15k Bloss <\/span><\/a><span style=\"vertical-align: inherit\">\/<\/span><a href=\"https:\/\/vapebulkp.com\/sv\/product\/bang-tornado-12000-puffs-rechargeable-disposable-pod\/\"><span style=\"vertical-align: inherit\"> Bang Tornado 12000 Bloss<\/span><\/a><\/p>\n<h5>Produktionskvalifikation:<\/h5>\n<p><img decoding=\"async\" class=\"alignnone size-full wp-image-1841\" src=\"http:\/\/vapebulkp.com\/wp-content\/uploads\/2023\/11\/Vape-production-process-2.jpeg\" alt=\"Vape produktionsprocess\" width=\"650\" height=\"434\" srcset=\"https:\/\/vapebulkp.com\/wp-content\/uploads\/2023\/11\/Vape-production-process-2.jpeg 650w, https:\/\/vapebulkp.com\/wp-content\/uploads\/2023\/11\/Vape-production-process-2-300x200.jpeg 300w, https:\/\/vapebulkp.com\/wp-content\/uploads\/2023\/11\/Vape-production-process-2-600x401.jpeg 600w\" sizes=\"(max-width: 650px) 100vw, 650px\" \/><\/p>\n<p><img decoding=\"async\" class=\"alignnone size-full wp-image-1843\" src=\"http:\/\/vapebulkp.com\/wp-content\/uploads\/2023\/11\/Vape-production-process.jpeg\" alt=\"Vape produktionsprocess\" width=\"641\" height=\"1026\" srcset=\"https:\/\/vapebulkp.com\/wp-content\/uploads\/2023\/11\/Vape-production-process.jpeg 641w, https:\/\/vapebulkp.com\/wp-content\/uploads\/2023\/11\/Vape-production-process-187x300.jpeg 187w, https:\/\/vapebulkp.com\/wp-content\/uploads\/2023\/11\/Vape-production-process-640x1024.jpeg 640w, https:\/\/vapebulkp.com\/wp-content\/uploads\/2023\/11\/Vape-production-process-600x960.jpeg 600w\" sizes=\"(max-width: 641px) 100vw, 641px\" \/><\/p>\n<h5>Vanliga fr\u00e5gor och svar:<\/h5>\n<p>F: Vad \u00e4r MOQ f\u00f6r h\u00e4lsomedveten vaping WASPE AIVIOU 25000 Puffs?<br \/>\nS: Minsta best\u00e4llning \u00e4r 5 stycken.<br \/>\nF: Vad \u00e4r leveranstiden f\u00f6r den best\u00e4llda vapen?<br \/>\nS: Vanligtvis \u00e4r det 10-15 dagar efter leverans<br \/>\nF: Hur mycket kostar frakten? S: Fraktkostnaden beror p\u00e5 vikten. Olika kvantiteter har olika fraktkostnader, v\u00e4nligen kontakta oss f\u00f6r att bekr\u00e4fta fraktkostnaden.<\/p>\n<h4>Leveransdetaljer:<\/h4>\n<p><span style=\"color: #ff6600\">Produktionstid: 5-10 arbetsdagar<\/span><br \/>\n<span style=\"color: #ff6600\">Leveranstid: 8-14 arbetsdagar<\/span><\/p>\n<p>Alla produkter i v\u00e5r butik \u00e4r 100% originala och autentiska, d\u00e4rf\u00f6r \u00e4r Tiofaldig ers\u00e4ttning f\u00f6r falska varor v\u00e5r butikspolicy. Vi anv\u00e4nder logistikkanaler som UPS\/DHL\/FEDEX\/DPD f\u00f6r att leverera varor till dig.<\/p>\n<p>F\u00f6r paket som skickas inom Sverige tar det vanligtvis 10 arbetsdagar att anl\u00e4nda. Leveranser till andra europeiska l\u00e4nder tar vanligtvis 12 till 15 arbetsdagar att anl\u00e4nda. Vi uppdaterar logistikinformationen f\u00f6r dig i realtid.<\/p>","protected":false},"excerpt":{"rendered":"<p>Milj\u00f6v\u00e4nliga material <strong>WASPE AIVIOU 25000 Puffs Eng\u00e5ngsvape<\/strong><\/p>\n<p>Ren vapeteknik\u00a0 <strong>WASPE AIVIOU 25k Puffar<\/strong><\/p>\n<p>Kontakta Mandy via WhatsApp f\u00f6r rabatterat pris<a href=\"https:\/\/wa.me\/8618077105796\">+8618077105796<\/a><\/p>\n<p><img decoding=\"async\" class=\"alignnone wp-image-2151\" src=\"http:\/\/vapebulkp.com\/wp-content\/uploads\/2024\/04\/Mandy-WhatsApp-Randm.jpg\" alt=\"Mandy WhatsApp Randm\" width=\"297\" height=\"316\" srcset=\"https:\/\/vapebulkp.com\/wp-content\/uploads\/2024\/04\/Mandy-WhatsApp-Randm.jpg 916w, https:\/\/vapebulkp.com\/wp-content\/uploads\/2024\/04\/Mandy-WhatsApp-Randm-282x300.jpg 282w, https:\/\/vapebulkp.com\/wp-content\/uploads\/2024\/04\/Mandy-WhatsApp-Randm-768x817.jpg 768w, https:\/\/vapebulkp.com\/wp-content\/uploads\/2024\/04\/Mandy-WhatsApp-Randm-600x638.jpg 600w\" sizes=\"(max-width: 297px) 100vw, 297px\" \/><\/p>\n<p><span style=\"color: #ff0000\">OBS: Priserna p\u00e5 v\u00e5r webbplats inkluderar inte fraktkostnader<\/span><\/p>\n<p>&nbsp;<\/p>","protected":false},"featured_media":2952,"comment_status":"open","ping_status":"closed","template":"","meta":{"_uag_custom_page_level_css":"","_lmt_disableupdate":"no","_lmt_disable":"","site-sidebar-layout":"default","site-content-layout":"content-boxed-container","ast-site-content-layout":"normal-width-container","site-content-style":"boxed","site-sidebar-style":"unboxed","ast-global-header-display":"","ast-banner-title-visibility":"","ast-main-header-display":"","ast-hfb-above-header-display":"","ast-hfb-below-header-display":"","ast-hfb-mobile-header-display":"","site-post-title":"","ast-breadcrumbs-content":"","ast-featured-img":"","footer-sml-layout":"","theme-transparent-header-meta":"default","adv-header-id-meta":"","stick-header-meta":"","header-above-stick-meta":"","header-main-stick-meta":"","header-below-stick-meta":"","astra-migrate-meta-layouts":"set","_joinchat":[]},"product_cat":[161,153,155,33,59,100,34,158,157,154,152,58,84,156,63,32,365],"product_tag":[139,36,37,41,40],"class_list":["post-2954","product","type-product","status-publish","has-post-thumbnail","hentry","product_cat-25000-puffs-disposable-vape","product_cat-hot-disposable-vapes","product_cat-belgium-hot-disposable-vapes","product_cat-france-vape-hot-sale","product_cat-germany-hot-disposable-vape","product_cat-germany-wholesale-vape-shop","product_cat-netherlands-vape-good-sale","product_cat-norway-hot-disposable-vapes","product_cat-poland-hot-disposable-vapes","product_cat-portugal-hot-disposable-vapes","product_cat-spain-hot-disposable-vapes","product_cat-sweden-hot-disposable-vape","product_cat-sweden-wholesale-vape","product_cat-switzerland-hot-disposable-vapes","product_cat-top-sale-disposable-vape","product_cat-vape-hot-sale-this-week","product_cat-waspe-vape","product_tag-30k-puffs","product_tag-good-vape","product_tag-hot-sale-disposable-vape","product_tag-poland-hot-vape","product_tag-sweden-hot-vape","pa_brand-waspe-vape","desktop-align-left","tablet-align-left","mobile-align-left"],"yoast_head":"<!-- This site is optimized with the Yoast SEO plugin v21.1 - https:\/\/yoast.com\/wordpress\/plugins\/seo\/ -->\n<title>WASPE AIVIOU 25000 Puffs High-capacity Disposable Vape - vapebulkp.com<\/title>\n<meta name=\"description\" content=\"Order the WASPE AIVIOU 25000 Puffs, a high-capacity 25000 Puffs Disposable Vape with dual mesh coils and LCD display. Fast EU shipping \u2014 buy now!\" \/>\n<meta name=\"robots\" content=\"index, follow, max-snippet:-1, max-image-preview:large, max-video-preview:-1\" \/>\n<link rel=\"canonical\" href=\"https:\/\/vapebulkp.com\/sv\/product\/waspe-aiviou-25000-puffs-high-capacity-disposable-vape\/\" \/>\n<meta property=\"og:locale\" content=\"sv_SE\" \/>\n<meta property=\"og:type\" content=\"article\" \/>\n<meta property=\"og:title\" content=\"WASPE AIVIOU 25000 Puffs High-capacity Disposable Vape - vapebulkp.com\" \/>\n<meta property=\"og:description\" content=\"Order the WASPE AIVIOU 25000 Puffs, a high-capacity 25000 Puffs Disposable Vape with dual mesh coils and LCD display. Fast EU shipping \u2014 buy now!\" \/>\n<meta property=\"og:url\" content=\"https:\/\/vapebulkp.com\/sv\/product\/waspe-aiviou-25000-puffs-high-capacity-disposable-vape\/\" \/>\n<meta property=\"og:site_name\" content=\"vapebulkp.com\" \/>\n<meta property=\"article:modified_time\" content=\"2025-09-24T03:15:54+00:00\" \/>\n<meta property=\"og:image\" content=\"http:\/\/vapebulkp.com\/wp-content\/uploads\/2024\/09\/WASPE-AIVIOU-25000-Puffs-Tornado-Vape-25k.png\" \/>\n\t<meta property=\"og:image:width\" content=\"520\" \/>\n\t<meta property=\"og:image:height\" content=\"550\" \/>\n\t<meta property=\"og:image:type\" content=\"image\/png\" \/>\n<meta name=\"twitter:card\" content=\"summary_large_image\" \/>\n<meta name=\"twitter:label1\" content=\"Ber\u00e4knad l\u00e4stid\" \/>\n\t<meta name=\"twitter:data1\" content=\"5 minuter\" \/>\n<script type=\"application\/ld+json\" class=\"yoast-schema-graph\">{\"@context\":\"https:\/\/schema.org\",\"@graph\":[{\"@type\":\"WebPage\",\"@id\":\"https:\/\/vapebulkp.com\/product\/waspe-aiviou-25000-puffs-high-capacity-disposable-vape\/\",\"url\":\"https:\/\/vapebulkp.com\/product\/waspe-aiviou-25000-puffs-high-capacity-disposable-vape\/\",\"name\":\"WASPE AIVIOU 25000 Puffs High-capacity Disposable Vape - vapebulkp.com\",\"isPartOf\":{\"@id\":\"https:\/\/vapebulkp.com\/#website\"},\"datePublished\":\"2024-09-26T07:30:48+00:00\",\"dateModified\":\"2025-09-24T03:15:54+00:00\",\"description\":\"Order the WASPE AIVIOU 25000 Puffs, a high-capacity 25000 Puffs Disposable Vape with dual mesh coils and LCD display. Fast EU shipping \u2014 buy now!\",\"breadcrumb\":{\"@id\":\"https:\/\/vapebulkp.com\/product\/waspe-aiviou-25000-puffs-high-capacity-disposable-vape\/#breadcrumb\"},\"inLanguage\":\"sv-SE\",\"potentialAction\":[{\"@type\":\"ReadAction\",\"target\":[\"https:\/\/vapebulkp.com\/product\/waspe-aiviou-25000-puffs-high-capacity-disposable-vape\/\"]}]},{\"@type\":\"BreadcrumbList\",\"@id\":\"https:\/\/vapebulkp.com\/product\/waspe-aiviou-25000-puffs-high-capacity-disposable-vape\/#breadcrumb\",\"itemListElement\":[{\"@type\":\"ListItem\",\"position\":1,\"name\":\"Home\",\"item\":\"https:\/\/vapebulkp.com\/\"},{\"@type\":\"ListItem\",\"position\":2,\"name\":\"Hot Trend Vapes\",\"item\":\"https:\/\/vapebulkp.com\/vape-shop\/\"},{\"@type\":\"ListItem\",\"position\":3,\"name\":\"WASPE AIVIOU 25000 Puffs High-capacity Disposable Vape\"}]},{\"@type\":\"WebSite\",\"@id\":\"https:\/\/vapebulkp.com\/#website\",\"url\":\"https:\/\/vapebulkp.com\/\",\"name\":\"vapebulkp.com\",\"description\":\"Buy Vape In Cheap Bulk Price Near you\",\"publisher\":{\"@id\":\"https:\/\/vapebulkp.com\/#organization\"},\"potentialAction\":[{\"@type\":\"SearchAction\",\"target\":{\"@type\":\"EntryPoint\",\"urlTemplate\":\"https:\/\/vapebulkp.com\/?s={search_term_string}\"},\"query-input\":\"required name=search_term_string\"}],\"inLanguage\":\"sv-SE\"},{\"@type\":\"Organization\",\"@id\":\"https:\/\/vapebulkp.com\/#organization\",\"name\":\"vapebulkp.com\",\"url\":\"https:\/\/vapebulkp.com\/\",\"logo\":{\"@type\":\"ImageObject\",\"inLanguage\":\"sv-SE\",\"@id\":\"https:\/\/vapebulkp.com\/#\/schema\/logo\/image\/\",\"url\":\"https:\/\/vapebulkp.com\/wp-content\/uploads\/2023\/09\/cropped-vapebulkp.png\",\"contentUrl\":\"https:\/\/vapebulkp.com\/wp-content\/uploads\/2023\/09\/cropped-vapebulkp.png\",\"width\":516,\"height\":163,\"caption\":\"vapebulkp.com\"},\"image\":{\"@id\":\"https:\/\/vapebulkp.com\/#\/schema\/logo\/image\/\"}}]}<\/script>\n<!-- \/ Yoast SEO plugin. -->","yoast_head_json":{"title":"WASPE AIVIOU 25000 Puffs High-capacity Disposable Vape - vapebulkp.com","description":"Order the WASPE AIVIOU 25000 Puffs, a high-capacity 25000 Puffs Disposable Vape with dual mesh coils and LCD display. Fast EU shipping \u2014 buy now!","robots":{"index":"index","follow":"follow","max-snippet":"max-snippet:-1","max-image-preview":"max-image-preview:large","max-video-preview":"max-video-preview:-1"},"canonical":"https:\/\/vapebulkp.com\/sv\/product\/waspe-aiviou-25000-puffs-high-capacity-disposable-vape\/","og_locale":"sv_SE","og_type":"article","og_title":"WASPE AIVIOU 25000 Puffs High-capacity Disposable Vape - vapebulkp.com","og_description":"Order the WASPE AIVIOU 25000 Puffs, a high-capacity 25000 Puffs Disposable Vape with dual mesh coils and LCD display. Fast EU shipping \u2014 buy now!","og_url":"https:\/\/vapebulkp.com\/sv\/product\/waspe-aiviou-25000-puffs-high-capacity-disposable-vape\/","og_site_name":"vapebulkp.com","article_modified_time":"2025-09-24T03:15:54+00:00","og_image":[{"width":520,"height":550,"url":"http:\/\/vapebulkp.com\/wp-content\/uploads\/2024\/09\/WASPE-AIVIOU-25000-Puffs-Tornado-Vape-25k.png","type":"image\/png"}],"twitter_card":"summary_large_image","twitter_misc":{"Ber\u00e4knad l\u00e4stid":"5 minuter"},"schema":{"@context":"https:\/\/schema.org","@graph":[{"@type":"WebPage","@id":"https:\/\/vapebulkp.com\/product\/waspe-aiviou-25000-puffs-high-capacity-disposable-vape\/","url":"https:\/\/vapebulkp.com\/product\/waspe-aiviou-25000-puffs-high-capacity-disposable-vape\/","name":"WASPE AIVIOU 25000 Puffs High-capacity Disposable Vape - vapebulkp.com","isPartOf":{"@id":"https:\/\/vapebulkp.com\/#website"},"datePublished":"2024-09-26T07:30:48+00:00","dateModified":"2025-09-24T03:15:54+00:00","description":"Order the WASPE AIVIOU 25000 Puffs, a high-capacity 25000 Puffs Disposable Vape with dual mesh coils and LCD display. Fast EU shipping \u2014 buy now!","breadcrumb":{"@id":"https:\/\/vapebulkp.com\/product\/waspe-aiviou-25000-puffs-high-capacity-disposable-vape\/#breadcrumb"},"inLanguage":"sv-SE","potentialAction":[{"@type":"ReadAction","target":["https:\/\/vapebulkp.com\/product\/waspe-aiviou-25000-puffs-high-capacity-disposable-vape\/"]}]},{"@type":"BreadcrumbList","@id":"https:\/\/vapebulkp.com\/product\/waspe-aiviou-25000-puffs-high-capacity-disposable-vape\/#breadcrumb","itemListElement":[{"@type":"ListItem","position":1,"name":"Home","item":"https:\/\/vapebulkp.com\/"},{"@type":"ListItem","position":2,"name":"Hot Trend Vapes","item":"https:\/\/vapebulkp.com\/vape-shop\/"},{"@type":"ListItem","position":3,"name":"WASPE AIVIOU 25000 Puffs High-capacity Disposable Vape"}]},{"@type":"WebSite","@id":"https:\/\/vapebulkp.com\/#website","url":"https:\/\/vapebulkp.com\/","name":"vapebulkp.com","description":"Buy Vape In Cheap Bulk Price Near you","publisher":{"@id":"https:\/\/vapebulkp.com\/#organization"},"potentialAction":[{"@type":"SearchAction","target":{"@type":"EntryPoint","urlTemplate":"https:\/\/vapebulkp.com\/?s={search_term_string}"},"query-input":"required name=search_term_string"}],"inLanguage":"sv-SE"},{"@type":"Organization","@id":"https:\/\/vapebulkp.com\/#organization","name":"vapebulkp.com","url":"https:\/\/vapebulkp.com\/","logo":{"@type":"ImageObject","inLanguage":"sv-SE","@id":"https:\/\/vapebulkp.com\/#\/schema\/logo\/image\/","url":"https:\/\/vapebulkp.com\/wp-content\/uploads\/2023\/09\/cropped-vapebulkp.png","contentUrl":"https:\/\/vapebulkp.com\/wp-content\/uploads\/2023\/09\/cropped-vapebulkp.png","width":516,"height":163,"caption":"vapebulkp.com"},"image":{"@id":"https:\/\/vapebulkp.com\/#\/schema\/logo\/image\/"}}]}},"uagb_featured_image_src":{"full":["https:\/\/vapebulkp.com\/wp-content\/uploads\/2024\/09\/WASPE-AIVIOU-25000-Puffs-Tornado-Vape-25k.png",520,550,false],"thumbnail":["https:\/\/vapebulkp.com\/wp-content\/uploads\/2024\/09\/WASPE-AIVIOU-25000-Puffs-Tornado-Vape-25k-150x150.png",150,150,true],"medium":["https:\/\/vapebulkp.com\/wp-content\/uploads\/2024\/09\/WASPE-AIVIOU-25000-Puffs-Tornado-Vape-25k-284x300.png",284,300,true],"medium_large":["https:\/\/vapebulkp.com\/wp-content\/uploads\/2024\/09\/WASPE-AIVIOU-25000-Puffs-Tornado-Vape-25k.png",520,550,false],"large":["https:\/\/vapebulkp.com\/wp-content\/uploads\/2024\/09\/WASPE-AIVIOU-25000-Puffs-Tornado-Vape-25k.png",520,550,false],"1536x1536":["https:\/\/vapebulkp.com\/wp-content\/uploads\/2024\/09\/WASPE-AIVIOU-25000-Puffs-Tornado-Vape-25k.png",520,550,false],"2048x2048":["https:\/\/vapebulkp.com\/wp-content\/uploads\/2024\/09\/WASPE-AIVIOU-25000-Puffs-Tornado-Vape-25k.png",520,550,false],"trp-custom-language-flag":["https:\/\/vapebulkp.com\/wp-content\/uploads\/2024\/09\/WASPE-AIVIOU-25000-Puffs-Tornado-Vape-25k.png",11,12,false],"woocommerce_thumbnail":["https:\/\/vapebulkp.com\/wp-content\/uploads\/2024\/09\/WASPE-AIVIOU-25000-Puffs-Tornado-Vape-25k-300x300.png",300,300,true],"woocommerce_single":["https:\/\/vapebulkp.com\/wp-content\/uploads\/2024\/09\/WASPE-AIVIOU-25000-Puffs-Tornado-Vape-25k.png",520,550,false],"woocommerce_gallery_thumbnail":["https:\/\/vapebulkp.com\/wp-content\/uploads\/2024\/09\/WASPE-AIVIOU-25000-Puffs-Tornado-Vape-25k-100x100.png",100,100,true],"wcpr-photo-reviews":["https:\/\/vapebulkp.com\/wp-content\/uploads\/2024\/09\/WASPE-AIVIOU-25000-Puffs-Tornado-Vape-25k.png",473,500,false]},"uagb_author_info":{"display_name":"Mandy vape bulk price","author_link":"https:\/\/vapebulkp.com\/sv\/author\/"},"uagb_comment_info":0,"uagb_excerpt":"Eco-friendly materials WASPE AIVIOU 25000 Puffs Disposable Vape Clean vaping technology\u00a0 WASPE AIVIOU 25k Puffs Pls Contact Mandy's WhatsApp For Discount Price+8618077105796 NOTE: Prices on our website does not include shipping costs &nbsp;","_links":{"self":[{"href":"https:\/\/vapebulkp.com\/sv\/wp-json\/wp\/v2\/product\/2954","targetHints":{"allow":["GET"]}}],"collection":[{"href":"https:\/\/vapebulkp.com\/sv\/wp-json\/wp\/v2\/product"}],"about":[{"href":"https:\/\/vapebulkp.com\/sv\/wp-json\/wp\/v2\/types\/product"}],"replies":[{"embeddable":true,"href":"https:\/\/vapebulkp.com\/sv\/wp-json\/wp\/v2\/comments?post=2954"}],"wp:featuredmedia":[{"embeddable":true,"href":"https:\/\/vapebulkp.com\/sv\/wp-json\/wp\/v2\/media\/2952"}],"wp:attachment":[{"href":"https:\/\/vapebulkp.com\/sv\/wp-json\/wp\/v2\/media?parent=2954"}],"wp:term":[{"taxonomy":"product_cat","embeddable":true,"href":"https:\/\/vapebulkp.com\/sv\/wp-json\/wp\/v2\/product_cat?post=2954"},{"taxonomy":"product_tag","embeddable":true,"href":"https:\/\/vapebulkp.com\/sv\/wp-json\/wp\/v2\/product_tag?post=2954"}],"curies":[{"name":"wp","href":"https:\/\/api.w.org\/{rel}","templated":true}]}}