{"id":2986,"date":"2024-10-08T09:21:41","date_gmt":"2024-10-08T07:21:41","guid":{"rendered":"https:\/\/vapebulkp.com\/?post_type=product&#038;p=2986"},"modified":"2025-09-24T05:04:22","modified_gmt":"2025-09-24T03:04:22","slug":"bang-box-30k-puff-led-display-wholesale-disposable-vape","status":"publish","type":"product","link":"https:\/\/vapebulkp.com\/sv\/produkt\/bang-box-30k-puff-led-display-wholesale-disposable-vape\/","title":{"rendered":"Bang Box 30k Puff LED Display Eng\u00e5ngsvape Partihandel"},"content":{"rendered":"<h2 style=\"text-align: left\">Bang Box 30k Puff LED-display Eng\u00e5ngsvape Grossist<\/h2>\n<p>Bang Box 30k Puff LED-display \u00e4r en premiumprodukt <a href=\"https:\/\/vapebulkp.com\/sv\/produkt-kategori\/30000-puff-disposable-vape\/\">Eng\u00e5ngsvejp 30000 bloss<\/a> tillverkad f\u00f6r vapers i Sverige som vill ha prestanda, smak och h\u00e5llbarhet i en enhet. Med en massiv 35 ml f\u00f6rfylld e-v\u00e4tskekapacitet och nikotinalternativ p\u00e5 2% (20 mg) och 5% (50 mg) ger den l\u00e5ngvarig tillfredsst\u00e4llelse f\u00f6r b\u00e5de m\u00e5ttliga och tunga anv\u00e4ndare.<\/p>\n<p>Ett 850 mAh uppladdningsbart batteri med USB Type-C-snabbladdning garanterar j\u00e4mn str\u00f6m, medan dubbel mesh coil-teknologi producerar rik \u00e5nga och fyllig smak under alla 30 000 bloss. Den dragaktiverade designen g\u00f6r den enkel att anv\u00e4nda, utan knappar eller komplicerade inst\u00e4llningar.<\/p>\n<p>En inbyggd LED-display visar b\u00e5de e-v\u00e4tske- och batteriniv\u00e5er, s\u00e5 att du hela tiden har kontroll. Med 12 smakalternativ, fr\u00e5n uppfriskande fruktblandningar till len mentol och klassiska tobaksprofiler, \u00e4r Bang Box 30k Puff Eng\u00e5ngsvape skr\u00e4ddarsydd f\u00f6r unga vuxna vapers och grossistk\u00f6pare i Sverige.<\/p>\n<p>Genom att kombinera en snygg design, ett avancerat spiralsystem och h\u00f6gkapacitetsprestanda \u00e4r Bang Box 30k den perfekta uppladdningsbara eng\u00e5ngsvapen f\u00f6r \u00e5terf\u00f6rs\u00e4ljare och entusiaster som s\u00f6ker p\u00e5litliga, h\u00e5llbara enheter som skickas direkt fr\u00e5n svenska lager.<\/p>\n<p><img decoding=\"async\" class=\"alignnone wp-image-2982\" src=\"http:\/\/vapebulkp.com\/wp-content\/uploads\/2024\/10\/Bang-Box-30000-Puffs-Vape-KIT-Wholesale-Price-Long-LAST-VAPE-scaled.jpg\" alt=\"Bang Box 30000 Puffs Vape KIT grossistpris L\u00c5NGVARIG VAPE\" width=\"471\" height=\"591\" srcset=\"https:\/\/vapebulkp.com\/wp-content\/uploads\/2024\/10\/Bang-Box-30000-Puffs-Vape-KIT-Wholesale-Price-Long-LAST-VAPE-scaled.jpg 2040w, https:\/\/vapebulkp.com\/wp-content\/uploads\/2024\/10\/Bang-Box-30000-Puffs-Vape-KIT-Wholesale-Price-Long-LAST-VAPE-239x300.jpg 239w, https:\/\/vapebulkp.com\/wp-content\/uploads\/2024\/10\/Bang-Box-30000-Puffs-Vape-KIT-Wholesale-Price-Long-LAST-VAPE-816x1024.jpg 816w, https:\/\/vapebulkp.com\/wp-content\/uploads\/2024\/10\/Bang-Box-30000-Puffs-Vape-KIT-Wholesale-Price-Long-LAST-VAPE-768x964.jpg 768w, https:\/\/vapebulkp.com\/wp-content\/uploads\/2024\/10\/Bang-Box-30000-Puffs-Vape-KIT-Wholesale-Price-Long-LAST-VAPE-1224x1536.jpg 1224w, https:\/\/vapebulkp.com\/wp-content\/uploads\/2024\/10\/Bang-Box-30000-Puffs-Vape-KIT-Wholesale-Price-Long-LAST-VAPE-1632x2048.jpg 1632w, https:\/\/vapebulkp.com\/wp-content\/uploads\/2024\/10\/Bang-Box-30000-Puffs-Vape-KIT-Wholesale-Price-Long-LAST-VAPE-600x753.jpg 600w\" sizes=\"(max-width: 471px) 100vw, 471px\" \/><\/p>\n<h6>Kontakta Mandy via WhatsApp f\u00f6r rabatterat pris<a href=\"https:\/\/wa.me\/8618077105796\">+8618077105796<\/a><\/h6>\n<p><img decoding=\"async\" class=\"alignnone wp-image-2151\" src=\"http:\/\/vapebulkp.com\/wp-content\/uploads\/2024\/04\/Mandy-WhatsApp-Randm.jpg\" alt=\"Mandy WhatsApp Randm\" width=\"324\" height=\"330\" \/><\/p>\n<h2>T\u00e4nkte att du kanske vill veta om popul\u00e4ra Bang Box 30000 Puffs:<\/h2>\n<p>&nbsp;<\/p>\n<h6><strong>F1: Hur stor \u00e4r e-v\u00e4tskekapaciteten i Bang Box Vape?<\/strong><\/h6>\n<p>S: Bang Box Vape 30K Puffs har en imponerande f\u00f6rfylld kapacitet p\u00e5 35 ml, vilket m\u00f6jligg\u00f6r en l\u00e5ngvarig vapingsession utan behov av frekventa p\u00e5fyllningar.<\/p>\n<p>&nbsp;<\/p>\n<h6><strong>F2: Vilken typ av batteri anv\u00e4nder Bang Box Vape, och hur laddar jag det?<\/strong><\/h6>\n<p>Den <strong>Bang Box Vape<\/strong> drivs av ett h\u00e5llbart <strong>850mAh batteri<\/strong> och har en <strong>USB Type-C-laddningsport<\/strong>, vilket garanterar snabb och effektiv laddning f\u00f6r oavbruten anv\u00e4ndning.<\/p>\n<p><span style=\"color: #ff6600\">Observera: kan inte ladda om hela natten!<\/span><\/p>\n<h6><strong>F3: Vilken spiralteknologi anv\u00e4nder Bang Box Vape?<\/strong><\/h6>\n<p><strong>A:<\/strong> Utrustad med ett <strong>integrerad dubbel mesh coil<\/strong>, garanterar Bang Box Vape j\u00e4mn \u00e5ngproduktion och rik smak vid varje bloss.<\/p>\n<h6><strong>F4: Har Bang Box Vape en display?<\/strong><\/h6>\n<p>S: Ja, Bang Box Vape 30 000 Puffs har en display som visar viktig information, inklusive indikatorer f\u00f6r batteriniv\u00e5 och e-v\u00e4tskeniv\u00e5, s\u00e5 att du enkelt kan h\u00e5lla koll p\u00e5 din vapes status.<\/p>\n<h2>Bang Box 30k Puffs Eng\u00e5ngsvape Funktioner:<\/h2>\n<ul>\n<li><strong>Maximala bloss<\/strong>: Njut av upp till <strong>30 000 puffar<\/strong>, vilket ger en ut\u00f6kad vapingupplevelse utan behov av frekventa byten.<\/li>\n<li><strong>Nikotinstyrkealternativ<\/strong>: Finns i <strong>2% (20 mg)<\/strong> och <strong>5% (50 mg)<\/strong> nikotinniv\u00e5er, vilket g\u00f6r att anv\u00e4ndare kan v\u00e4lja sin f\u00f6redragna styrka.<\/li>\n<li><strong>F\u00f6rfylld e-v\u00e4tskekapacitet<\/strong>: Levereras med en gener\u00f6s <strong>35mL f\u00f6rfylld e-v\u00e4tskekapacitet<\/strong>, vilket garanterar gott om smak och \u00e5nga f\u00f6r l\u00e5ngvarig njutning.<\/li>\n<li><strong>Batterikapacitet<\/strong>: Har en <strong>850mAh batteri<\/strong>, som erbjuder p\u00e5litlig prestanda under hela dess livsl\u00e4ngd f\u00f6r att maximera dina vapingsessioner.<\/li>\n<li><strong>Laddningsport<\/strong>: Utrustad med en <strong>USB Type-C-laddningsport<\/strong> f\u00f6r snabb och effektiv uppladdning, vilket g\u00f6r den bekv\u00e4m f\u00f6r anv\u00e4ndning p\u00e5 spr\u00e5ng.<\/li>\n<li><strong>Driftsl\u00e4ge<\/strong>: Anv\u00e4nder <strong>drag-aktivering<\/strong>, vilket g\u00f6r det m\u00f6jligt f\u00f6r anv\u00e4ndare att enkelt aktivera enheten genom att helt enkelt andas in.<\/li>\n<li><strong>Integrerad dubbel mesh-spole<\/strong>: Denna avancerade spoleteknik f\u00f6rb\u00e4ttrar smakupplevelsen och \u00e5ngproduktionen, vilket resulterar i en rikare vapingupplevelse.<\/li>\n<li><strong>Display Sk\u00e4rm<\/strong>: En inbyggd displaysk\u00e4rm ger viktig information med en blick, vilket f\u00f6rb\u00e4ttrar anv\u00e4ndarupplevelsen.<\/li>\n<li><strong>Batteriniv\u00e5indikator<\/strong>: Kontrollera enkelt din batteritid med den integrerade batteriniv\u00e5indikatorn f\u00f6r att s\u00e4kerst\u00e4lla att du alltid \u00e4r redo att vejpa.<\/li>\n<li><strong>E-v\u00e4tskeniv\u00e5indikator<\/strong>: E-v\u00e4tskeniv\u00e5indikatorn g\u00f6r det m\u00f6jligt f\u00f6r anv\u00e4ndare att \u00f6vervaka \u00e5terst\u00e5ende e-v\u00e4tska, vilket s\u00e4kerst\u00e4ller att du aldrig f\u00e5r slut ov\u00e4ntat.<\/li>\n<li><strong>Smakval<\/strong>: V\u00e4lj fr\u00e5n <strong>12 uts\u00f6kta smaker<\/strong>, som tillgodoser en m\u00e4ngd olika preferenser och f\u00f6rb\u00e4ttrar din \u00f6vergripande vapingupplevelse.<\/li>\n<\/ul>\n<p>&nbsp;<\/p>\n<h2><strong>\u00a0Original Vape Bang Vape 30k Puffs Smaker:<\/strong><\/h2>\n<p>1.jordgubb kiwi<br \/>\n2.svart explosion<br \/>\n3.jordgubb vattenmelon<br \/>\n4.passionsfrukt<br \/>\n5.bl\u00e5b\u00e4r sur hallon is<br \/>\n6.vattenmelon is<br \/>\n7.bl\u00e5b\u00e4r granat\u00e4pple<br \/>\n8.\u00e4pple persika<br \/>\n9.bl\u00e5b\u00e4r is<br \/>\n10.dubbel druva<br \/>\n11.bl\u00e5 explosion<br \/>\n12.djungeljuice<\/p>\n<p><span style=\"vertical-align: inherit\">Hitta fler produkter du kanske gillar:<\/span><em><a href=\"https:\/\/wa.me\/8618077105796\"><span style=\"vertical-align: inherit\">\u00a0K\u00f6p nu<\/span><\/a><\/em><\/p>\n<p><span style=\"vertical-align: inherit\">Andra Puffs du kanske gillar:<\/span><a href=\"https:\/\/vapebulkp.com\/sv\/produkt\/vopk-80000-puffs-wholesale-price-4-in-1-flavor-switch-vape-device\/\"><span style=\"vertical-align: inherit\">Het rea Vape VOPK 80000 bloss<\/span><\/a><span style=\"vertical-align: inherit\">\u3001<\/span><a href=\"https:\/\/vapebulkp.com\/sv\/produkt\/aivono-fat-bear-80000-puffs-3-flavors-modes-disposable-vape-bulk-wholesale\/\"><span style=\"vertical-align: inherit\">AIVONAO Fat Bear 80000 bloss<\/span><\/a><span style=\"vertical-align: inherit\">\/ <\/span><a href=\"https:\/\/vapebulkp.com\/sv\/produkt\/elf-bar-30000-puffs-ice-king-vape-device-hot-sale\/\"><span style=\"vertical-align: inherit\">ELFBAR 30000 bloss<\/span><\/a><span style=\"vertical-align: inherit\">\/ <\/span><a href=\"https:\/\/vapebulkp.com\/sv\/produkt\/vapme-shisha-30000-puffs-hot-sale-rechargeable-e-cigarette\/\"><span style=\"vertical-align: inherit\">Vapme SHISHA 30K bloss<\/span><\/a><\/p>\n<h3>Produktionskvalifikation:<\/h3>\n<p><img decoding=\"async\" class=\"alignnone size-full wp-image-1841\" src=\"http:\/\/vapebulkp.com\/wp-content\/uploads\/2023\/11\/Vape-production-process-2.jpeg\" alt=\"Vape produktionsprocess\" width=\"650\" height=\"434\" srcset=\"https:\/\/vapebulkp.com\/wp-content\/uploads\/2023\/11\/Vape-production-process-2.jpeg 650w, https:\/\/vapebulkp.com\/wp-content\/uploads\/2023\/11\/Vape-production-process-2-300x200.jpeg 300w, https:\/\/vapebulkp.com\/wp-content\/uploads\/2023\/11\/Vape-production-process-2-600x401.jpeg 600w\" sizes=\"(max-width: 650px) 100vw, 650px\" \/><\/p>\n<p><img decoding=\"async\" class=\"alignnone size-full wp-image-1843\" src=\"http:\/\/vapebulkp.com\/wp-content\/uploads\/2023\/11\/Vape-production-process.jpeg\" alt=\"Vape produktionsprocess\" width=\"641\" height=\"1026\" srcset=\"https:\/\/vapebulkp.com\/wp-content\/uploads\/2023\/11\/Vape-production-process.jpeg 641w, https:\/\/vapebulkp.com\/wp-content\/uploads\/2023\/11\/Vape-production-process-187x300.jpeg 187w, https:\/\/vapebulkp.com\/wp-content\/uploads\/2023\/11\/Vape-production-process-640x1024.jpeg 640w, https:\/\/vapebulkp.com\/wp-content\/uploads\/2023\/11\/Vape-production-process-600x960.jpeg 600w\" sizes=\"(max-width: 641px) 100vw, 641px\" \/><\/p>\n<h4>Vanliga fr\u00e5gor och svar:<\/h4>\n<p>F: Vad \u00e4r MOQ f\u00f6r Bang Box 30000 Puffs Vape-enhet?<br \/>\nS: Minsta best\u00e4llning \u00e4r 50 st.<br \/>\nF: Vad \u00e4r leveranstiden f\u00f6r den best\u00e4llda vapen?<br \/>\nS: Vanligtvis \u00e4r det 10-15 dagar efter leverans<br \/>\nF: Hur mycket kostar frakten? S: Fraktkostnaden beror p\u00e5 vikten. Olika kvantiteter har olika fraktkostnader, v\u00e4nligen kontakta oss f\u00f6r att bekr\u00e4fta fraktkostnaden.<\/p>\n<h4>Leveransdetaljer:<\/h4>\n<p><span style=\"color: #ff6600\">Produktionstid: 5-10 arbetsdagar<\/span><br \/>\n<span style=\"color: #ff6600\">Leveranstid: 8-14 arbetsdagar<\/span><\/p>\n<p>Alla produkter i v\u00e5r butik \u00e4r 100% originala och autentiska, d\u00e4rf\u00f6r \u00e4r Tiofaldig ers\u00e4ttning f\u00f6r falska varor v\u00e5r butikspolicy. Vi anv\u00e4nder logistikkanaler som UPS\/DHL\/FEDEX\/DPD f\u00f6r att leverera varor till dig.<\/p>\n<p>F\u00f6r paket som skickas inom Sverige tar det vanligtvis 10 arbetsdagar att anl\u00e4nda. Leveranser till andra europeiska l\u00e4nder tar vanligtvis 12 till 15 arbetsdagar att anl\u00e4nda. Vi uppdaterar logistikinformationen f\u00f6r dig i realtid.<\/p>","protected":false},"excerpt":{"rendered":"<p>Den <strong>Bang Box 30000 Puffs B\u00e4sta Eng\u00e5ngsvape<\/strong> kombinerar h\u00f6gpresterande funktioner med en anv\u00e4ndarfokuserad design, vilket g\u00f6r den till ett enast\u00e5ende val f\u00f6r alla som vill h\u00f6ja sin vapingupplevelse.<\/p>\n<p>Kontakta Mandy via WhatsApp f\u00f6r rabatterat pris<a href=\"https:\/\/wa.me\/8618077105796\">+8618077105796<\/a><\/p>\n<p><img decoding=\"async\" class=\"alignnone wp-image-2151\" src=\"http:\/\/vapebulkp.com\/wp-content\/uploads\/2024\/04\/Mandy-WhatsApp-Randm.jpg\" alt=\"Mandy WhatsApp Randm\" width=\"297\" height=\"316\" srcset=\"https:\/\/vapebulkp.com\/wp-content\/uploads\/2024\/04\/Mandy-WhatsApp-Randm.jpg 916w, https:\/\/vapebulkp.com\/wp-content\/uploads\/2024\/04\/Mandy-WhatsApp-Randm-282x300.jpg 282w, https:\/\/vapebulkp.com\/wp-content\/uploads\/2024\/04\/Mandy-WhatsApp-Randm-768x817.jpg 768w, https:\/\/vapebulkp.com\/wp-content\/uploads\/2024\/04\/Mandy-WhatsApp-Randm-600x638.jpg 600w\" sizes=\"(max-width: 297px) 100vw, 297px\" \/><\/p>\n<p><span style=\"color: #ff0000\">OBS: Priserna p\u00e5 v\u00e5r webbplats inkluderar inte fraktkostnader<\/span><\/p>\n<p>&nbsp;<\/p>","protected":false},"featured_media":2979,"comment_status":"open","ping_status":"closed","template":"","meta":{"_uag_custom_page_level_css":"","_lmt_disableupdate":"no","_lmt_disable":"","site-sidebar-layout":"default","site-content-layout":"content-boxed-container","ast-site-content-layout":"normal-width-container","site-content-style":"boxed","site-sidebar-style":"unboxed","ast-global-header-display":"","ast-banner-title-visibility":"","ast-main-header-display":"","ast-hfb-above-header-display":"","ast-hfb-below-header-display":"","ast-hfb-mobile-header-display":"","site-post-title":"","ast-breadcrumbs-content":"","ast-featured-img":"","footer-sml-layout":"","theme-transparent-header-meta":"default","adv-header-id-meta":"","stick-header-meta":"","header-above-stick-meta":"","header-main-stick-meta":"","header-below-stick-meta":"","astra-migrate-meta-layouts":"set","_joinchat":[]},"product_cat":[160,153,345,155,33,59,100,34,158,157,154,152,58,84,156,63,32],"product_tag":[139,36,37,41,40],"class_list":["post-2986","product","type-product","status-publish","has-post-thumbnail","hentry","product_cat-30000-puff-disposable-vape","product_cat-hot-disposable-vapes","product_cat-bang-vapes","product_cat-belgium-hot-disposable-vapes","product_cat-france-vape-hot-sale","product_cat-germany-hot-disposable-vape","product_cat-germany-wholesale-vape-shop","product_cat-netherlands-vape-good-sale","product_cat-norway-hot-disposable-vapes","product_cat-poland-hot-disposable-vapes","product_cat-portugal-hot-disposable-vapes","product_cat-spain-hot-disposable-vapes","product_cat-sweden-hot-disposable-vape","product_cat-sweden-wholesale-vape","product_cat-switzerland-hot-disposable-vapes","product_cat-top-sale-disposable-vape","product_cat-vape-hot-sale-this-week","product_tag-30k-puffs","product_tag-good-vape","product_tag-hot-sale-disposable-vape","product_tag-poland-hot-vape","product_tag-sweden-hot-vape","pa_brand-bang-vape","desktop-align-left","tablet-align-left","mobile-align-left"],"yoast_head":"<!-- This site is optimized with the Yoast SEO plugin v21.1 - https:\/\/yoast.com\/wordpress\/plugins\/seo\/ -->\n<title>Bang Box 30k Puff LED Display Wholesale Disposable Vape - vapebulkp.com<\/title>\n<meta name=\"description\" content=\"Buy Bang Box 30k Puff LED Display, a premium 30000 Puffs Disposable Vape with 35ml e-liquid, 2% or 5% nicotine, dual mesh coil, and fast Type-C charging. Wholesale orders available across Europe.\" \/>\n<meta name=\"robots\" content=\"index, follow, max-snippet:-1, max-image-preview:large, max-video-preview:-1\" \/>\n<link rel=\"canonical\" href=\"https:\/\/vapebulkp.com\/sv\/produkt\/bang-box-30k-puff-led-display-wholesale-disposable-vape\/\" \/>\n<meta property=\"og:locale\" content=\"sv_SE\" \/>\n<meta property=\"og:type\" content=\"article\" \/>\n<meta property=\"og:title\" content=\"Bang Box 30k Puff LED Display Wholesale Disposable Vape - vapebulkp.com\" \/>\n<meta property=\"og:description\" content=\"Buy Bang Box 30k Puff LED Display, a premium 30000 Puffs Disposable Vape with 35ml e-liquid, 2% or 5% nicotine, dual mesh coil, and fast Type-C charging. Wholesale orders available across Europe.\" \/>\n<meta property=\"og:url\" content=\"https:\/\/vapebulkp.com\/sv\/produkt\/bang-box-30k-puff-led-display-wholesale-disposable-vape\/\" \/>\n<meta property=\"og:site_name\" content=\"vapebulkp.com\" \/>\n<meta property=\"article:modified_time\" content=\"2025-09-24T03:04:22+00:00\" \/>\n<meta property=\"og:image\" content=\"http:\/\/vapebulkp.com\/wp-content\/uploads\/2024\/10\/Bang-Box-30k-Vape-Box-Discount-Price-Long-LAST-VAPE-scaled.jpg\" \/>\n\t<meta property=\"og:image:width\" content=\"1920\" \/>\n\t<meta property=\"og:image:height\" content=\"2560\" \/>\n\t<meta property=\"og:image:type\" content=\"image\/jpeg\" \/>\n<meta name=\"twitter:card\" content=\"summary_large_image\" \/>\n<meta name=\"twitter:label1\" content=\"Ber\u00e4knad l\u00e4stid\" \/>\n\t<meta name=\"twitter:data1\" content=\"5 minuter\" \/>\n<script type=\"application\/ld+json\" class=\"yoast-schema-graph\">{\"@context\":\"https:\/\/schema.org\",\"@graph\":[{\"@type\":\"WebPage\",\"@id\":\"https:\/\/vapebulkp.com\/product\/bang-box-30k-puff-led-display-wholesale-disposable-vape\/\",\"url\":\"https:\/\/vapebulkp.com\/product\/bang-box-30k-puff-led-display-wholesale-disposable-vape\/\",\"name\":\"Bang Box 30k Puff LED Display Wholesale Disposable Vape - vapebulkp.com\",\"isPartOf\":{\"@id\":\"https:\/\/vapebulkp.com\/#website\"},\"datePublished\":\"2024-10-08T07:21:41+00:00\",\"dateModified\":\"2025-09-24T03:04:22+00:00\",\"description\":\"Buy Bang Box 30k Puff LED Display, a premium 30000 Puffs Disposable Vape with 35ml e-liquid, 2% or 5% nicotine, dual mesh coil, and fast Type-C charging. Wholesale orders available across Europe.\",\"breadcrumb\":{\"@id\":\"https:\/\/vapebulkp.com\/product\/bang-box-30k-puff-led-display-wholesale-disposable-vape\/#breadcrumb\"},\"inLanguage\":\"sv-SE\",\"potentialAction\":[{\"@type\":\"ReadAction\",\"target\":[\"https:\/\/vapebulkp.com\/product\/bang-box-30k-puff-led-display-wholesale-disposable-vape\/\"]}]},{\"@type\":\"BreadcrumbList\",\"@id\":\"https:\/\/vapebulkp.com\/product\/bang-box-30k-puff-led-display-wholesale-disposable-vape\/#breadcrumb\",\"itemListElement\":[{\"@type\":\"ListItem\",\"position\":1,\"name\":\"Home\",\"item\":\"https:\/\/vapebulkp.com\/\"},{\"@type\":\"ListItem\",\"position\":2,\"name\":\"Hot Trend Vapes\",\"item\":\"https:\/\/vapebulkp.com\/vape-shop\/\"},{\"@type\":\"ListItem\",\"position\":3,\"name\":\"Bang Box 30k Puff LED Display Wholesale Disposable Vape\"}]},{\"@type\":\"WebSite\",\"@id\":\"https:\/\/vapebulkp.com\/#website\",\"url\":\"https:\/\/vapebulkp.com\/\",\"name\":\"vapebulkp.com\",\"description\":\"Buy Vape In Cheap Bulk Price Near you\",\"publisher\":{\"@id\":\"https:\/\/vapebulkp.com\/#organization\"},\"potentialAction\":[{\"@type\":\"SearchAction\",\"target\":{\"@type\":\"EntryPoint\",\"urlTemplate\":\"https:\/\/vapebulkp.com\/?s={search_term_string}\"},\"query-input\":\"required name=search_term_string\"}],\"inLanguage\":\"sv-SE\"},{\"@type\":\"Organization\",\"@id\":\"https:\/\/vapebulkp.com\/#organization\",\"name\":\"vapebulkp.com\",\"url\":\"https:\/\/vapebulkp.com\/\",\"logo\":{\"@type\":\"ImageObject\",\"inLanguage\":\"sv-SE\",\"@id\":\"https:\/\/vapebulkp.com\/#\/schema\/logo\/image\/\",\"url\":\"https:\/\/vapebulkp.com\/wp-content\/uploads\/2023\/09\/cropped-vapebulkp.png\",\"contentUrl\":\"https:\/\/vapebulkp.com\/wp-content\/uploads\/2023\/09\/cropped-vapebulkp.png\",\"width\":516,\"height\":163,\"caption\":\"vapebulkp.com\"},\"image\":{\"@id\":\"https:\/\/vapebulkp.com\/#\/schema\/logo\/image\/\"}}]}<\/script>\n<!-- \/ Yoast SEO plugin. -->","yoast_head_json":{"title":"Bang Box 30k Puff LED Display Wholesale Disposable Vape - vapebulkp.com","description":"Buy Bang Box 30k Puff LED Display, a premium 30000 Puffs Disposable Vape with 35ml e-liquid, 2% or 5% nicotine, dual mesh coil, and fast Type-C charging. Wholesale orders available across Europe.","robots":{"index":"index","follow":"follow","max-snippet":"max-snippet:-1","max-image-preview":"max-image-preview:large","max-video-preview":"max-video-preview:-1"},"canonical":"https:\/\/vapebulkp.com\/sv\/produkt\/bang-box-30k-puff-led-display-wholesale-disposable-vape\/","og_locale":"sv_SE","og_type":"article","og_title":"Bang Box 30k Puff LED Display Wholesale Disposable Vape - vapebulkp.com","og_description":"Buy Bang Box 30k Puff LED Display, a premium 30000 Puffs Disposable Vape with 35ml e-liquid, 2% or 5% nicotine, dual mesh coil, and fast Type-C charging. Wholesale orders available across Europe.","og_url":"https:\/\/vapebulkp.com\/sv\/produkt\/bang-box-30k-puff-led-display-wholesale-disposable-vape\/","og_site_name":"vapebulkp.com","article_modified_time":"2025-09-24T03:04:22+00:00","og_image":[{"width":1920,"height":2560,"url":"http:\/\/vapebulkp.com\/wp-content\/uploads\/2024\/10\/Bang-Box-30k-Vape-Box-Discount-Price-Long-LAST-VAPE-scaled.jpg","type":"image\/jpeg"}],"twitter_card":"summary_large_image","twitter_misc":{"Ber\u00e4knad l\u00e4stid":"5 minuter"},"schema":{"@context":"https:\/\/schema.org","@graph":[{"@type":"WebPage","@id":"https:\/\/vapebulkp.com\/product\/bang-box-30k-puff-led-display-wholesale-disposable-vape\/","url":"https:\/\/vapebulkp.com\/product\/bang-box-30k-puff-led-display-wholesale-disposable-vape\/","name":"Bang Box 30k Puff LED Display Wholesale Disposable Vape - vapebulkp.com","isPartOf":{"@id":"https:\/\/vapebulkp.com\/#website"},"datePublished":"2024-10-08T07:21:41+00:00","dateModified":"2025-09-24T03:04:22+00:00","description":"Buy Bang Box 30k Puff LED Display, a premium 30000 Puffs Disposable Vape with 35ml e-liquid, 2% or 5% nicotine, dual mesh coil, and fast Type-C charging. Wholesale orders available across Europe.","breadcrumb":{"@id":"https:\/\/vapebulkp.com\/product\/bang-box-30k-puff-led-display-wholesale-disposable-vape\/#breadcrumb"},"inLanguage":"sv-SE","potentialAction":[{"@type":"ReadAction","target":["https:\/\/vapebulkp.com\/product\/bang-box-30k-puff-led-display-wholesale-disposable-vape\/"]}]},{"@type":"BreadcrumbList","@id":"https:\/\/vapebulkp.com\/product\/bang-box-30k-puff-led-display-wholesale-disposable-vape\/#breadcrumb","itemListElement":[{"@type":"ListItem","position":1,"name":"Home","item":"https:\/\/vapebulkp.com\/"},{"@type":"ListItem","position":2,"name":"Hot Trend Vapes","item":"https:\/\/vapebulkp.com\/vape-shop\/"},{"@type":"ListItem","position":3,"name":"Bang Box 30k Puff LED Display Wholesale Disposable Vape"}]},{"@type":"WebSite","@id":"https:\/\/vapebulkp.com\/#website","url":"https:\/\/vapebulkp.com\/","name":"vapebulkp.com","description":"Buy Vape In Cheap Bulk Price Near you","publisher":{"@id":"https:\/\/vapebulkp.com\/#organization"},"potentialAction":[{"@type":"SearchAction","target":{"@type":"EntryPoint","urlTemplate":"https:\/\/vapebulkp.com\/?s={search_term_string}"},"query-input":"required name=search_term_string"}],"inLanguage":"sv-SE"},{"@type":"Organization","@id":"https:\/\/vapebulkp.com\/#organization","name":"vapebulkp.com","url":"https:\/\/vapebulkp.com\/","logo":{"@type":"ImageObject","inLanguage":"sv-SE","@id":"https:\/\/vapebulkp.com\/#\/schema\/logo\/image\/","url":"https:\/\/vapebulkp.com\/wp-content\/uploads\/2023\/09\/cropped-vapebulkp.png","contentUrl":"https:\/\/vapebulkp.com\/wp-content\/uploads\/2023\/09\/cropped-vapebulkp.png","width":516,"height":163,"caption":"vapebulkp.com"},"image":{"@id":"https:\/\/vapebulkp.com\/#\/schema\/logo\/image\/"}}]}},"uagb_featured_image_src":{"full":["https:\/\/vapebulkp.com\/wp-content\/uploads\/2024\/10\/Bang-Box-30k-Vape-Box-Discount-Price-Long-LAST-VAPE-scaled.jpg",1920,2560,false],"thumbnail":["https:\/\/vapebulkp.com\/wp-content\/uploads\/2024\/10\/Bang-Box-30k-Vape-Box-Discount-Price-Long-LAST-VAPE-150x150.jpg",150,150,true],"medium":["https:\/\/vapebulkp.com\/wp-content\/uploads\/2024\/10\/Bang-Box-30k-Vape-Box-Discount-Price-Long-LAST-VAPE-225x300.jpg",225,300,true],"medium_large":["https:\/\/vapebulkp.com\/wp-content\/uploads\/2024\/10\/Bang-Box-30k-Vape-Box-Discount-Price-Long-LAST-VAPE-768x1024.jpg",768,1024,true],"large":["https:\/\/vapebulkp.com\/wp-content\/uploads\/2024\/10\/Bang-Box-30k-Vape-Box-Discount-Price-Long-LAST-VAPE-768x1024.jpg",768,1024,true],"1536x1536":["https:\/\/vapebulkp.com\/wp-content\/uploads\/2024\/10\/Bang-Box-30k-Vape-Box-Discount-Price-Long-LAST-VAPE-1152x1536.jpg",1152,1536,true],"2048x2048":["https:\/\/vapebulkp.com\/wp-content\/uploads\/2024\/10\/Bang-Box-30k-Vape-Box-Discount-Price-Long-LAST-VAPE-1536x2048.jpg",1536,2048,true],"trp-custom-language-flag":["https:\/\/vapebulkp.com\/wp-content\/uploads\/2024\/10\/Bang-Box-30k-Vape-Box-Discount-Price-Long-LAST-VAPE-scaled.jpg",9,12,false],"woocommerce_thumbnail":["https:\/\/vapebulkp.com\/wp-content\/uploads\/2024\/10\/Bang-Box-30k-Vape-Box-Discount-Price-Long-LAST-VAPE-300x300.jpg",300,300,true],"woocommerce_single":["https:\/\/vapebulkp.com\/wp-content\/uploads\/2024\/10\/Bang-Box-30k-Vape-Box-Discount-Price-Long-LAST-VAPE-600x800.jpg",600,800,true],"woocommerce_gallery_thumbnail":["https:\/\/vapebulkp.com\/wp-content\/uploads\/2024\/10\/Bang-Box-30k-Vape-Box-Discount-Price-Long-LAST-VAPE-100x100.jpg",100,100,true],"wcpr-photo-reviews":["https:\/\/vapebulkp.com\/wp-content\/uploads\/2024\/10\/Bang-Box-30k-Vape-Box-Discount-Price-Long-LAST-VAPE-scaled.jpg",375,500,false]},"uagb_author_info":{"display_name":"Mandy vape bulk price","author_link":"https:\/\/vapebulkp.com\/sv\/author\/"},"uagb_comment_info":0,"uagb_excerpt":"The Bang Box 30000 Puffs Best Disposable Vape combines high-performance features with user-centric design, making it a standout choice for anyone looking to elevate their vaping journey. Pls Contact Mandy's WhatsApp For Discount Price+8618077105796 NOTE: Prices on our website does not include shipping costs &nbsp;","_links":{"self":[{"href":"https:\/\/vapebulkp.com\/sv\/wp-json\/wp\/v2\/product\/2986","targetHints":{"allow":["GET"]}}],"collection":[{"href":"https:\/\/vapebulkp.com\/sv\/wp-json\/wp\/v2\/product"}],"about":[{"href":"https:\/\/vapebulkp.com\/sv\/wp-json\/wp\/v2\/types\/product"}],"replies":[{"embeddable":true,"href":"https:\/\/vapebulkp.com\/sv\/wp-json\/wp\/v2\/comments?post=2986"}],"wp:featuredmedia":[{"embeddable":true,"href":"https:\/\/vapebulkp.com\/sv\/wp-json\/wp\/v2\/media\/2979"}],"wp:attachment":[{"href":"https:\/\/vapebulkp.com\/sv\/wp-json\/wp\/v2\/media?parent=2986"}],"wp:term":[{"taxonomy":"product_cat","embeddable":true,"href":"https:\/\/vapebulkp.com\/sv\/wp-json\/wp\/v2\/product_cat?post=2986"},{"taxonomy":"product_tag","embeddable":true,"href":"https:\/\/vapebulkp.com\/sv\/wp-json\/wp\/v2\/product_tag?post=2986"}],"curies":[{"name":"wp","href":"https:\/\/api.w.org\/{rel}","templated":true}]}}