{"id":3006,"date":"2024-10-14T08:38:55","date_gmt":"2024-10-14T06:38:55","guid":{"rendered":"https:\/\/vapebulkp.com\/?post_type=product&#038;p=3006"},"modified":"2025-09-24T05:06:26","modified_gmt":"2025-09-24T03:06:26","slug":"bang-vape-36k-puffs-lcd-screen-fingerprint-recognition-disposable-vape","status":"publish","type":"product","link":"https:\/\/vapebulkp.com\/sv\/product\/bang-vape-36k-puffs-lcd-screen-fingerprint-recognition-disposable-vape\/","title":{"rendered":"Bang Vape 36k Puffs LCD-sk\u00e4rm Fingeravtrycksigenk\u00e4nning Eng\u00e5ngs Vape"},"content":{"rendered":"<h2 style=\"text-align: left\">Bang Vape 36k Puffs LCD-sk\u00e4rm Fingeravtrycksigenk\u00e4nning Eng\u00e5ngs Vape<\/h2>\n<p>&nbsp;<\/p>\n<div class=\"flex max-w-full flex-col flex-grow\">\n<div class=\"min-h-8 text-message flex w-full flex-col items-end gap-2 whitespace-normal break-words [.text-message+&amp;]:mt-5\" dir=\"auto\" data-message-author-role=\"assistant\" data-message-id=\"804b3ea8-e167-4bec-b4d0-906786e28244\" data-message-model-slug=\"gpt-4o-mini\">\n<div class=\"flex w-full flex-col gap-1 empty:hidden first:pt-[3px]\">\n<div class=\"markdown prose w-full break-words dark:prose-invert light\">\n<p>Bang Vape 36k Puffar \u00e4r en banbrytande <a href=\"https:\/\/vapebulkp.com\/sv\/product-category\/36000-puff-disposable-vape\/\">36000 Puffar Eng\u00e5ngsvape<\/a> designad f\u00f6r svenska vejpare som kr\u00e4ver h\u00f6g prestanda och bekv\u00e4mlighet. Utrustad med en 36 ml f\u00f6rfylld nikotinsalt e-v\u00e4tskekassett, levererar den mjuk, smakrik \u00e5nga f\u00f6r l\u00e5ngvariga sessioner. Med nikotinalternativ p\u00e5 2% eller 5% s\u00e4kerst\u00e4ller denna enhet en tillfredsst\u00e4llande tr\u00e4ff varje g\u00e5ng.<\/p>\n<p>Denna premium uppladdningsbara eng\u00e5ngs vape 36K PUFF VAPE Pods har ett 850mAh batteri med Type-C snabbladdning, vilket h\u00e5ller din enhet str\u00f6mf\u00f6rs\u00f6rjd f\u00f6r oavbruten vaping. Den integrerade LCD-sk\u00e4rmen visar puffantal, batteriniv\u00e5 och anv\u00e4ndningsinformation i ett \u00f6gonkast, medan fingeravtrycksigenk\u00e4nningstekniken ger en s\u00e4ker och personlig upplevelse.<\/p>\n<p>Designad f\u00f6r dem som s\u00f6ker en vape med h\u00f6g kapacitet, kombinerar den portabilitet med stil, vilket g\u00f6r den perfekt f\u00f6r daglig anv\u00e4ndning, sociala sammanhang eller resor. Smidig, p\u00e5litlig och fullpackad med teknik, \u00e4r 36000 Puffar Eng\u00e5ngs Vape ett idealiskt val f\u00f6r svenska \u00e5terf\u00f6rs\u00e4ljare och grossistk\u00f6pare som letar efter l\u00e5ngvariga, teknikdrivna vapingl\u00f6sningar.<\/p>\n<\/div>\n<\/div>\n<\/div>\n<\/div>\n<div class=\"mb-2 flex gap-3 empty:hidden -ml-2\">\n<div class=\"items-center justify-start rounded-xl p-1 flex\">\n<div class=\"flex items-center\">\n<div class=\"flex items-center pb-0\"><\/div>\n<\/div>\n<\/div>\n<\/div>\n<p><img decoding=\"async\" class=\"alignnone wp-image-2991\" src=\"http:\/\/vapebulkp.com\/wp-content\/uploads\/2024\/10\/Bang-36000-Puffs-Best-Vape-LCD-screen-Crystal-Vape.jpg\" alt=\"Bang 36000 Puffar B\u00e4sta Vape LCD-sk\u00e4rm Crystal Vape\" width=\"573\" height=\"573\" srcset=\"https:\/\/vapebulkp.com\/wp-content\/uploads\/2024\/10\/Bang-36000-Puffs-Best-Vape-LCD-screen-Crystal-Vape.jpg 1000w, https:\/\/vapebulkp.com\/wp-content\/uploads\/2024\/10\/Bang-36000-Puffs-Best-Vape-LCD-screen-Crystal-Vape-300x300.jpg 300w, https:\/\/vapebulkp.com\/wp-content\/uploads\/2024\/10\/Bang-36000-Puffs-Best-Vape-LCD-screen-Crystal-Vape-150x150.jpg 150w, https:\/\/vapebulkp.com\/wp-content\/uploads\/2024\/10\/Bang-36000-Puffs-Best-Vape-LCD-screen-Crystal-Vape-768x768.jpg 768w, https:\/\/vapebulkp.com\/wp-content\/uploads\/2024\/10\/Bang-36000-Puffs-Best-Vape-LCD-screen-Crystal-Vape-600x600.jpg 600w, https:\/\/vapebulkp.com\/wp-content\/uploads\/2024\/10\/Bang-36000-Puffs-Best-Vape-LCD-screen-Crystal-Vape-100x100.jpg 100w\" sizes=\"(max-width: 573px) 100vw, 573px\" \/><\/p>\n<h6>Kontakta Mandy via WhatsApp f\u00f6r rabatterat pris<a href=\"https:\/\/wa.me\/8618077105796\">+8618077105796<\/a><\/h6>\n<p>&nbsp;<\/p>\n<p><img decoding=\"async\" class=\"alignnone wp-image-2151\" src=\"http:\/\/vapebulkp.com\/wp-content\/uploads\/2024\/04\/Mandy-WhatsApp-Randm.jpg\" alt=\"Mandy WhatsApp Randm\" width=\"261\" height=\"277\" srcset=\"https:\/\/vapebulkp.com\/wp-content\/uploads\/2024\/04\/Mandy-WhatsApp-Randm.jpg 916w, https:\/\/vapebulkp.com\/wp-content\/uploads\/2024\/04\/Mandy-WhatsApp-Randm-282x300.jpg 282w, https:\/\/vapebulkp.com\/wp-content\/uploads\/2024\/04\/Mandy-WhatsApp-Randm-768x817.jpg 768w, https:\/\/vapebulkp.com\/wp-content\/uploads\/2024\/04\/Mandy-WhatsApp-Randm-600x638.jpg 600w\" sizes=\"(max-width: 261px) 100vw, 261px\" \/><\/p>\n<h4>T\u00e4nkte att du kanske ville veta om svenska vape-trender Bang med en vape 36k Puffar:<\/h4>\n<h6>1. <strong>Hur fungerar fingeravtrycksigenk\u00e4nningsfunktionen p\u00e5 Bang Vape 36k Puffar?<\/strong><\/h6>\n<p><strong>Svar:<\/strong>Fingeravtrycksigenk\u00e4nningsfunktionen l\u00e4gger till ett lager av s\u00e4kerhet till din vape och s\u00e4kerst\u00e4ller att bara du kan aktivera den. Den h\u00e4r funktionen \u00e4r utformad f\u00f6r att f\u00f6rhindra obeh\u00f6rig anv\u00e4ndning, vilket g\u00f6r den idealisk f\u00f6r anv\u00e4ndare som v\u00e4rdes\u00e4tter integritet och s\u00e4kerhet i sin vapingupplevelse.<\/p>\n<h6>2. <strong>\u00c4r fingeravtrycksigenk\u00e4nning p\u00e5 Bang med en vape verkligen n\u00f6dv\u00e4ndig?<\/strong><\/h6>\n<p><strong>Svar:<\/strong>\u00c4ven om det inte \u00e4r n\u00f6dv\u00e4ndigt, blir fingeravtrycksigenk\u00e4nningsfunktionen en popul\u00e4r trend bland teknikkunniga vejpare som uppskattar innovation och f\u00f6rb\u00e4ttrad s\u00e4kerhet. Det s\u00e4kerst\u00e4ller att din vape \u00e4r skyddad fr\u00e5n missbruk, s\u00e4rskilt i sociala sammanhang d\u00e4r enheter l\u00e4tt kan delas eller tappas bort.<\/p>\n<h6>3. <strong>P\u00e5verkar fingeravtrycksfunktionen prestandan hos Bang Vape 36k Puffar?<\/strong><\/h6>\n<p><strong>Svar<\/strong>: Nej, fingeravtrycksigenk\u00e4nningen p\u00e5verkar inte prestandan. Den fungerar smidigt i bakgrunden, s\u00e5 att du kan l\u00e5sa upp enheten med en snabb skanning samtidigt som du njuter av samma h\u00f6gkvalitativa prestanda och smakupplevelse i upp till 36 000 puffar.<\/p>\n<h6>4. Drar fingeravtrycksfunktionen ur Bang 36k Puffars batteri snabbare?<\/h6>\n<p><strong>Svar:<\/strong>Den <strong>850mAh batteri<\/strong> \u00e4r utformad f\u00f6r att hantera effektkraven f\u00f6r b\u00e5de fingeravtryckssensorn och LCD-sk\u00e4rmen utan n\u00e5gon betydande inverkan p\u00e5 batteritiden. Du kan njuta av l\u00e5ngvarig anv\u00e4ndning innan du beh\u00f6ver ladda om.<\/p>\n<h5>Bang LCD Vape 36000 Puffar north vapes Funktioner:<\/h5>\n<p><img decoding=\"async\" class=\"alignnone size-full wp-image-3008\" src=\"http:\/\/vapebulkp.com\/wp-content\/uploads\/2024\/10\/Bang-LCD-Vape-36000-Puffs-north-vapes-Features.png\" alt=\"Bang LCD Vape 36000 Puffar north vapes Funktioner\" width=\"797\" height=\"295\" srcset=\"https:\/\/vapebulkp.com\/wp-content\/uploads\/2024\/10\/Bang-LCD-Vape-36000-Puffs-north-vapes-Features.png 797w, https:\/\/vapebulkp.com\/wp-content\/uploads\/2024\/10\/Bang-LCD-Vape-36000-Puffs-north-vapes-Features-300x111.png 300w, https:\/\/vapebulkp.com\/wp-content\/uploads\/2024\/10\/Bang-LCD-Vape-36000-Puffs-north-vapes-Features-768x284.png 768w, https:\/\/vapebulkp.com\/wp-content\/uploads\/2024\/10\/Bang-LCD-Vape-36000-Puffs-north-vapes-Features-600x222.png 600w\" sizes=\"(max-width: 797px) 100vw, 797px\" \/><\/p>\n<p>&nbsp;<\/p>\n<h5><strong>Ny stil <\/strong><strong>36k Puffar Bang Vape north smaker:<\/strong><\/h5>\n<p>1. BLANDAD FRUKT<br \/>\n2. TRIPPELB\u00c4R<br \/>\n3. PERSIKA MANGO VATTENMELON<br \/>\n4. BL\u00c5B\u00c4R HALLON<br \/>\n5. SVART DRAKE IS<br \/>\n6. DRUV IS<br \/>\n7. BL\u00c5B\u00c4RSIS<br \/>\n8.JORDGUBB VATTENMELON<br \/>\n9. JORDGUBBE BANAN<br \/>\n10. JORDGUBBE KIWI<br \/>\n11. JORDGUBBE MANGO<br \/>\n12. VATTENMELON IS<\/p>\n<p><a href=\"https:\/\/vapebulkp.com\/sv\/product\/popular-randm-tornado-7000puffs-disposable-vape-best-price\/\"><span style=\"vertical-align: inherit\">RandM Tornado 7000 Bloss <\/span><\/a><\/p>\n<p><span style=\"vertical-align: inherit\">Hitta fler produkter du kanske gillar:<\/span><em><a href=\"https:\/\/wa.me\/8618077105796\"><span style=\"vertical-align: inherit\">\u00a0K\u00f6p nu<\/span><\/a><\/em><\/p>\n<p><span style=\"vertical-align: inherit\">Andra Puffs du kanske gillar:<\/span><a href=\"https:\/\/vapebulkp.com\/sv\/product\/joymy-ultra15000puffs-best-disposable-vape-2023\/\"><span style=\"vertical-align: inherit\">JOYMY 15000 Puffs<\/span><\/a><span style=\"vertical-align: inherit\">\u3001<\/span><a href=\"https:\/\/vapebulkp.com\/sv\/product\/wholesale-randm-tornado-9000-puffs-germany\/\"><span style=\"vertical-align: inherit\">RandM 9000 Puffar<\/span><\/a><span style=\"vertical-align: inherit\">\/ <\/span><a href=\"https:\/\/vapebulkp.com\/sv\/product\/bang-king-12000puffs\/\"><span style=\"vertical-align: inherit\">Bang King 12000 Puffar<\/span><\/a><span style=\"vertical-align: inherit\">\/ <\/span><a href=\"https:\/\/vapebulkp.com\/sv\/product\/wholesale-tornado-rum-bar-9000-puffs-sweden\/\"><span style=\"vertical-align: inherit\">Rumbar 9000 bloss<\/span><\/a><\/p>\n<h5>Vanliga fr\u00e5gor och svar:<\/h5>\n<p>F: Vad \u00e4r MOQ f\u00f6r milj\u00f6v\u00e4nlig vape Bang 36000 Puffar?<br \/>\nS: Minsta best\u00e4llning \u00e4r 100st.<br \/>\nF: Vad \u00e4r leveranstiden f\u00f6r fume vape som best\u00e4llts?<br \/>\nS: Vanligtvis \u00e4r det 10-15 dagar efter leverans<br \/>\nF: Hur mycket kostar frakten?S: Fraktkostnaden beror p\u00e5 vikten. Olika kvantiteter har olika fraktkostnader, v\u00e4nligen kontakta oss f\u00f6r att bekr\u00e4fta fraktkostnaden.<\/p>\n<h4>Leveransdetaljer:<\/h4>\n<p><span style=\"color: #ff6600\">Produktionstid: 5-10 arbetsdagar<\/span><br \/>\n<span style=\"color: #ff6600\">Leveranstid: 8-14 arbetsdagar<\/span><\/p>\n<p>Alla produkter i v\u00e5r butik \u00e4r 100% originala och autentiska, d\u00e4rf\u00f6r \u00e4r Tiofaldig ers\u00e4ttning f\u00f6r falska varor v\u00e5r butikspolicy. Vi anv\u00e4nder logistikkanaler som UPS\/DHL\/FEDEX\/DPD f\u00f6r att leverera varor till dig.<\/p>\n<p>F\u00f6r paket som skickas inom Sverige tar det vanligtvis 10 arbetsdagar att anl\u00e4nda. Leveranser till andra europeiska l\u00e4nder tar vanligtvis 12 till 15 arbetsdagar att anl\u00e4nda. Vi uppdaterar logistikinformationen f\u00f6r dig i realtid.<\/p>","protected":false},"excerpt":{"rendered":"<p>B\u00e4sta Eng\u00e5ngs Vape 2025 Bang 36k puffar Grossistpris Vape<\/p>\n<p><img decoding=\"async\" class=\"alignnone wp-image-2151\" src=\"http:\/\/vapebulkp.com\/wp-content\/uploads\/2024\/04\/Mandy-WhatsApp-Randm.jpg\" alt=\"Mandy WhatsApp Randm\" width=\"281\" height=\"299\" srcset=\"https:\/\/vapebulkp.com\/wp-content\/uploads\/2024\/04\/Mandy-WhatsApp-Randm.jpg 916w, https:\/\/vapebulkp.com\/wp-content\/uploads\/2024\/04\/Mandy-WhatsApp-Randm-282x300.jpg 282w, https:\/\/vapebulkp.com\/wp-content\/uploads\/2024\/04\/Mandy-WhatsApp-Randm-768x817.jpg 768w, https:\/\/vapebulkp.com\/wp-content\/uploads\/2024\/04\/Mandy-WhatsApp-Randm-600x638.jpg 600w\" sizes=\"(max-width: 281px) 100vw, 281px\" \/><\/p>\n<p>Kontakta Mandy via WhatsApp f\u00f6r rabatterat pris<a href=\"https:\/\/wa.me\/8618077105796\">+8618077105796<\/a><\/p>\n<p><span style=\"color: #ff0000\">OBS: Priserna p\u00e5 v\u00e5r webbplats inkluderar inte fraktkostnader<\/span><\/p>\n<p>&nbsp;<\/p>","protected":false},"featured_media":3003,"comment_status":"open","ping_status":"closed","template":"","meta":{"_uag_custom_page_level_css":"","_lmt_disableupdate":"no","_lmt_disable":"","site-sidebar-layout":"default","site-content-layout":"content-boxed-container","ast-site-content-layout":"normal-width-container","site-content-style":"boxed","site-sidebar-style":"unboxed","ast-global-header-display":"","ast-banner-title-visibility":"","ast-main-header-display":"","ast-hfb-above-header-display":"","ast-hfb-below-header-display":"","ast-hfb-mobile-header-display":"","site-post-title":"","ast-breadcrumbs-content":"","ast-featured-img":"","footer-sml-layout":"","theme-transparent-header-meta":"default","adv-header-id-meta":"","stick-header-meta":"","header-above-stick-meta":"","header-main-stick-meta":"","header-below-stick-meta":"","astra-migrate-meta-layouts":"set","_joinchat":[]},"product_cat":[159,153,345,155,33,59,100,87,34,158,157,154,152,58,84,156,63,32],"product_tag":[130,93,36,37,91,41,40],"class_list":["post-3006","product","type-product","status-publish","has-post-thumbnail","hentry","product_cat-36000-puff-disposable-vape","product_cat-hot-disposable-vapes","product_cat-bang-vapes","product_cat-belgium-hot-disposable-vapes","product_cat-france-vape-hot-sale","product_cat-germany-hot-disposable-vape","product_cat-germany-wholesale-vape-shop","product_cat-minimum-order-quantity-50pcs","product_cat-netherlands-vape-good-sale","product_cat-norway-hot-disposable-vapes","product_cat-poland-hot-disposable-vapes","product_cat-portugal-hot-disposable-vapes","product_cat-spain-hot-disposable-vapes","product_cat-sweden-hot-disposable-vape","product_cat-sweden-wholesale-vape","product_cat-switzerland-hot-disposable-vapes","product_cat-top-sale-disposable-vape","product_cat-vape-hot-sale-this-week","product_tag-36000puffs","product_tag-bang-vape","product_tag-good-vape","product_tag-hot-sale-disposable-vape","product_tag-italy-hot-vape","product_tag-poland-hot-vape","product_tag-sweden-hot-vape","pa_brand-bang-vape","desktop-align-left","tablet-align-left","mobile-align-left"],"yoast_head":"<!-- This site is optimized with the Yoast SEO plugin v21.1 - https:\/\/yoast.com\/wordpress\/plugins\/seo\/ -->\n<title>Bang Vape 36k Puffs LCD Screen Fingerprint Recognition Disposable Vape - vapebulkp.com<\/title>\n<meta name=\"description\" content=\"Wholesale Price Bang Vape 36k Puffs Disposable Vape with LCD screen, fingerprint recognition, 850mAh rechargeable battery, 12 flavors, and 2\u20135% nicotine. Buy now!\" \/>\n<meta name=\"robots\" content=\"index, follow, max-snippet:-1, max-image-preview:large, max-video-preview:-1\" \/>\n<link rel=\"canonical\" href=\"https:\/\/vapebulkp.com\/sv\/product\/bang-vape-36k-puffs-lcd-screen-fingerprint-recognition-disposable-vape\/\" \/>\n<meta property=\"og:locale\" content=\"sv_SE\" \/>\n<meta property=\"og:type\" content=\"article\" \/>\n<meta property=\"og:title\" content=\"Bang Vape 36k Puffs LCD Screen Fingerprint Recognition Disposable Vape - vapebulkp.com\" \/>\n<meta property=\"og:description\" content=\"Wholesale Price Bang Vape 36k Puffs Disposable Vape with LCD screen, fingerprint recognition, 850mAh rechargeable battery, 12 flavors, and 2\u20135% nicotine. Buy now!\" \/>\n<meta property=\"og:url\" content=\"https:\/\/vapebulkp.com\/sv\/product\/bang-vape-36k-puffs-lcd-screen-fingerprint-recognition-disposable-vape\/\" \/>\n<meta property=\"og:site_name\" content=\"vapebulkp.com\" \/>\n<meta property=\"article:modified_time\" content=\"2025-09-24T03:06:26+00:00\" \/>\n<meta property=\"og:image\" content=\"http:\/\/vapebulkp.com\/wp-content\/uploads\/2024\/10\/Bang-Vape-36000-Puffs-Disposable-Vape-LCD-screen-Big-Puffs-Tornado-Vape.jpg\" \/>\n\t<meta property=\"og:image:width\" content=\"1000\" \/>\n\t<meta property=\"og:image:height\" content=\"1000\" \/>\n\t<meta property=\"og:image:type\" content=\"image\/jpeg\" \/>\n<meta name=\"twitter:card\" content=\"summary_large_image\" \/>\n<meta name=\"twitter:label1\" content=\"Ber\u00e4knad l\u00e4stid\" \/>\n\t<meta name=\"twitter:data1\" content=\"4 minuter\" \/>\n<script type=\"application\/ld+json\" class=\"yoast-schema-graph\">{\"@context\":\"https:\/\/schema.org\",\"@graph\":[{\"@type\":\"WebPage\",\"@id\":\"https:\/\/vapebulkp.com\/product\/bang-vape-36k-puffs-lcd-screen-fingerprint-recognition-disposable-vape\/\",\"url\":\"https:\/\/vapebulkp.com\/product\/bang-vape-36k-puffs-lcd-screen-fingerprint-recognition-disposable-vape\/\",\"name\":\"Bang Vape 36k Puffs LCD Screen Fingerprint Recognition Disposable Vape - vapebulkp.com\",\"isPartOf\":{\"@id\":\"https:\/\/vapebulkp.com\/#website\"},\"datePublished\":\"2024-10-14T06:38:55+00:00\",\"dateModified\":\"2025-09-24T03:06:26+00:00\",\"description\":\"Wholesale Price Bang Vape 36k Puffs Disposable Vape with LCD screen, fingerprint recognition, 850mAh rechargeable battery, 12 flavors, and 2\u20135% nicotine. Buy now!\",\"breadcrumb\":{\"@id\":\"https:\/\/vapebulkp.com\/product\/bang-vape-36k-puffs-lcd-screen-fingerprint-recognition-disposable-vape\/#breadcrumb\"},\"inLanguage\":\"sv-SE\",\"potentialAction\":[{\"@type\":\"ReadAction\",\"target\":[\"https:\/\/vapebulkp.com\/product\/bang-vape-36k-puffs-lcd-screen-fingerprint-recognition-disposable-vape\/\"]}]},{\"@type\":\"BreadcrumbList\",\"@id\":\"https:\/\/vapebulkp.com\/product\/bang-vape-36k-puffs-lcd-screen-fingerprint-recognition-disposable-vape\/#breadcrumb\",\"itemListElement\":[{\"@type\":\"ListItem\",\"position\":1,\"name\":\"Home\",\"item\":\"https:\/\/vapebulkp.com\/\"},{\"@type\":\"ListItem\",\"position\":2,\"name\":\"Hot Trend Vapes\",\"item\":\"https:\/\/vapebulkp.com\/vape-shop\/\"},{\"@type\":\"ListItem\",\"position\":3,\"name\":\"Bang Vape 36k Puffs LCD Screen Fingerprint Recognition Disposable Vape\"}]},{\"@type\":\"WebSite\",\"@id\":\"https:\/\/vapebulkp.com\/#website\",\"url\":\"https:\/\/vapebulkp.com\/\",\"name\":\"vapebulkp.com\",\"description\":\"Buy Vape In Cheap Bulk Price Near you\",\"publisher\":{\"@id\":\"https:\/\/vapebulkp.com\/#organization\"},\"potentialAction\":[{\"@type\":\"SearchAction\",\"target\":{\"@type\":\"EntryPoint\",\"urlTemplate\":\"https:\/\/vapebulkp.com\/?s={search_term_string}\"},\"query-input\":\"required name=search_term_string\"}],\"inLanguage\":\"sv-SE\"},{\"@type\":\"Organization\",\"@id\":\"https:\/\/vapebulkp.com\/#organization\",\"name\":\"vapebulkp.com\",\"url\":\"https:\/\/vapebulkp.com\/\",\"logo\":{\"@type\":\"ImageObject\",\"inLanguage\":\"sv-SE\",\"@id\":\"https:\/\/vapebulkp.com\/#\/schema\/logo\/image\/\",\"url\":\"https:\/\/vapebulkp.com\/wp-content\/uploads\/2023\/09\/cropped-vapebulkp.png\",\"contentUrl\":\"https:\/\/vapebulkp.com\/wp-content\/uploads\/2023\/09\/cropped-vapebulkp.png\",\"width\":516,\"height\":163,\"caption\":\"vapebulkp.com\"},\"image\":{\"@id\":\"https:\/\/vapebulkp.com\/#\/schema\/logo\/image\/\"}}]}<\/script>\n<!-- \/ Yoast SEO plugin. -->","yoast_head_json":{"title":"Bang Vape 36k Puffs LCD Screen Fingerprint Recognition Disposable Vape - vapebulkp.com","description":"Wholesale Price Bang Vape 36k Puffs Disposable Vape with LCD screen, fingerprint recognition, 850mAh rechargeable battery, 12 flavors, and 2\u20135% nicotine. Buy now!","robots":{"index":"index","follow":"follow","max-snippet":"max-snippet:-1","max-image-preview":"max-image-preview:large","max-video-preview":"max-video-preview:-1"},"canonical":"https:\/\/vapebulkp.com\/sv\/product\/bang-vape-36k-puffs-lcd-screen-fingerprint-recognition-disposable-vape\/","og_locale":"sv_SE","og_type":"article","og_title":"Bang Vape 36k Puffs LCD Screen Fingerprint Recognition Disposable Vape - vapebulkp.com","og_description":"Wholesale Price Bang Vape 36k Puffs Disposable Vape with LCD screen, fingerprint recognition, 850mAh rechargeable battery, 12 flavors, and 2\u20135% nicotine. Buy now!","og_url":"https:\/\/vapebulkp.com\/sv\/product\/bang-vape-36k-puffs-lcd-screen-fingerprint-recognition-disposable-vape\/","og_site_name":"vapebulkp.com","article_modified_time":"2025-09-24T03:06:26+00:00","og_image":[{"width":1000,"height":1000,"url":"http:\/\/vapebulkp.com\/wp-content\/uploads\/2024\/10\/Bang-Vape-36000-Puffs-Disposable-Vape-LCD-screen-Big-Puffs-Tornado-Vape.jpg","type":"image\/jpeg"}],"twitter_card":"summary_large_image","twitter_misc":{"Ber\u00e4knad l\u00e4stid":"4 minuter"},"schema":{"@context":"https:\/\/schema.org","@graph":[{"@type":"WebPage","@id":"https:\/\/vapebulkp.com\/product\/bang-vape-36k-puffs-lcd-screen-fingerprint-recognition-disposable-vape\/","url":"https:\/\/vapebulkp.com\/product\/bang-vape-36k-puffs-lcd-screen-fingerprint-recognition-disposable-vape\/","name":"Bang Vape 36k Puffs LCD Screen Fingerprint Recognition Disposable Vape - vapebulkp.com","isPartOf":{"@id":"https:\/\/vapebulkp.com\/#website"},"datePublished":"2024-10-14T06:38:55+00:00","dateModified":"2025-09-24T03:06:26+00:00","description":"Wholesale Price Bang Vape 36k Puffs Disposable Vape with LCD screen, fingerprint recognition, 850mAh rechargeable battery, 12 flavors, and 2\u20135% nicotine. Buy now!","breadcrumb":{"@id":"https:\/\/vapebulkp.com\/product\/bang-vape-36k-puffs-lcd-screen-fingerprint-recognition-disposable-vape\/#breadcrumb"},"inLanguage":"sv-SE","potentialAction":[{"@type":"ReadAction","target":["https:\/\/vapebulkp.com\/product\/bang-vape-36k-puffs-lcd-screen-fingerprint-recognition-disposable-vape\/"]}]},{"@type":"BreadcrumbList","@id":"https:\/\/vapebulkp.com\/product\/bang-vape-36k-puffs-lcd-screen-fingerprint-recognition-disposable-vape\/#breadcrumb","itemListElement":[{"@type":"ListItem","position":1,"name":"Home","item":"https:\/\/vapebulkp.com\/"},{"@type":"ListItem","position":2,"name":"Hot Trend Vapes","item":"https:\/\/vapebulkp.com\/vape-shop\/"},{"@type":"ListItem","position":3,"name":"Bang Vape 36k Puffs LCD Screen Fingerprint Recognition Disposable Vape"}]},{"@type":"WebSite","@id":"https:\/\/vapebulkp.com\/#website","url":"https:\/\/vapebulkp.com\/","name":"vapebulkp.com","description":"Buy Vape In Cheap Bulk Price Near you","publisher":{"@id":"https:\/\/vapebulkp.com\/#organization"},"potentialAction":[{"@type":"SearchAction","target":{"@type":"EntryPoint","urlTemplate":"https:\/\/vapebulkp.com\/?s={search_term_string}"},"query-input":"required name=search_term_string"}],"inLanguage":"sv-SE"},{"@type":"Organization","@id":"https:\/\/vapebulkp.com\/#organization","name":"vapebulkp.com","url":"https:\/\/vapebulkp.com\/","logo":{"@type":"ImageObject","inLanguage":"sv-SE","@id":"https:\/\/vapebulkp.com\/#\/schema\/logo\/image\/","url":"https:\/\/vapebulkp.com\/wp-content\/uploads\/2023\/09\/cropped-vapebulkp.png","contentUrl":"https:\/\/vapebulkp.com\/wp-content\/uploads\/2023\/09\/cropped-vapebulkp.png","width":516,"height":163,"caption":"vapebulkp.com"},"image":{"@id":"https:\/\/vapebulkp.com\/#\/schema\/logo\/image\/"}}]}},"uagb_featured_image_src":{"full":["https:\/\/vapebulkp.com\/wp-content\/uploads\/2024\/10\/Bang-Vape-36000-Puffs-Disposable-Vape-LCD-screen-Big-Puffs-Tornado-Vape.jpg",1000,1000,false],"thumbnail":["https:\/\/vapebulkp.com\/wp-content\/uploads\/2024\/10\/Bang-Vape-36000-Puffs-Disposable-Vape-LCD-screen-Big-Puffs-Tornado-Vape-150x150.jpg",150,150,true],"medium":["https:\/\/vapebulkp.com\/wp-content\/uploads\/2024\/10\/Bang-Vape-36000-Puffs-Disposable-Vape-LCD-screen-Big-Puffs-Tornado-Vape-300x300.jpg",300,300,true],"medium_large":["https:\/\/vapebulkp.com\/wp-content\/uploads\/2024\/10\/Bang-Vape-36000-Puffs-Disposable-Vape-LCD-screen-Big-Puffs-Tornado-Vape-768x768.jpg",768,768,true],"large":["https:\/\/vapebulkp.com\/wp-content\/uploads\/2024\/10\/Bang-Vape-36000-Puffs-Disposable-Vape-LCD-screen-Big-Puffs-Tornado-Vape.jpg",1000,1000,false],"1536x1536":["https:\/\/vapebulkp.com\/wp-content\/uploads\/2024\/10\/Bang-Vape-36000-Puffs-Disposable-Vape-LCD-screen-Big-Puffs-Tornado-Vape.jpg",1000,1000,false],"2048x2048":["https:\/\/vapebulkp.com\/wp-content\/uploads\/2024\/10\/Bang-Vape-36000-Puffs-Disposable-Vape-LCD-screen-Big-Puffs-Tornado-Vape.jpg",1000,1000,false],"trp-custom-language-flag":["https:\/\/vapebulkp.com\/wp-content\/uploads\/2024\/10\/Bang-Vape-36000-Puffs-Disposable-Vape-LCD-screen-Big-Puffs-Tornado-Vape.jpg",12,12,false],"woocommerce_thumbnail":["https:\/\/vapebulkp.com\/wp-content\/uploads\/2024\/10\/Bang-Vape-36000-Puffs-Disposable-Vape-LCD-screen-Big-Puffs-Tornado-Vape-300x300.jpg",300,300,true],"woocommerce_single":["https:\/\/vapebulkp.com\/wp-content\/uploads\/2024\/10\/Bang-Vape-36000-Puffs-Disposable-Vape-LCD-screen-Big-Puffs-Tornado-Vape-600x600.jpg",600,600,true],"woocommerce_gallery_thumbnail":["https:\/\/vapebulkp.com\/wp-content\/uploads\/2024\/10\/Bang-Vape-36000-Puffs-Disposable-Vape-LCD-screen-Big-Puffs-Tornado-Vape-100x100.jpg",100,100,true],"wcpr-photo-reviews":["https:\/\/vapebulkp.com\/wp-content\/uploads\/2024\/10\/Bang-Vape-36000-Puffs-Disposable-Vape-LCD-screen-Big-Puffs-Tornado-Vape.jpg",500,500,false]},"uagb_author_info":{"display_name":"Mandy vape bulk price","author_link":"https:\/\/vapebulkp.com\/sv\/author\/"},"uagb_comment_info":0,"uagb_excerpt":"Best Disposable Vape 2025 Bang 36k puffs Wholesale Price Vape Pls Contact Mandy's WhatsApp For Discount Price+8618077105796 NOTE: Prices on our website does not include shipping costs &nbsp;","_links":{"self":[{"href":"https:\/\/vapebulkp.com\/sv\/wp-json\/wp\/v2\/product\/3006","targetHints":{"allow":["GET"]}}],"collection":[{"href":"https:\/\/vapebulkp.com\/sv\/wp-json\/wp\/v2\/product"}],"about":[{"href":"https:\/\/vapebulkp.com\/sv\/wp-json\/wp\/v2\/types\/product"}],"replies":[{"embeddable":true,"href":"https:\/\/vapebulkp.com\/sv\/wp-json\/wp\/v2\/comments?post=3006"}],"wp:featuredmedia":[{"embeddable":true,"href":"https:\/\/vapebulkp.com\/sv\/wp-json\/wp\/v2\/media\/3003"}],"wp:attachment":[{"href":"https:\/\/vapebulkp.com\/sv\/wp-json\/wp\/v2\/media?parent=3006"}],"wp:term":[{"taxonomy":"product_cat","embeddable":true,"href":"https:\/\/vapebulkp.com\/sv\/wp-json\/wp\/v2\/product_cat?post=3006"},{"taxonomy":"product_tag","embeddable":true,"href":"https:\/\/vapebulkp.com\/sv\/wp-json\/wp\/v2\/product_tag?post=3006"}],"curies":[{"name":"wp","href":"https:\/\/api.w.org\/{rel}","templated":true}]}}