{"id":3047,"date":"2024-10-23T09:54:46","date_gmt":"2024-10-23T07:54:46","guid":{"rendered":"https:\/\/vapebulkp.com\/?post_type=product&#038;p=3047"},"modified":"2025-09-08T05:08:08","modified_gmt":"2025-09-08T03:08:08","slug":"vapme-shisha-pro-max-20k-type-c-rechargeable-vape","status":"publish","type":"product","link":"https:\/\/vapebulkp.com\/sv\/product\/vapme-shisha-pro-max-20k-type-c-rechargeable-vape\/","title":{"rendered":"Vapme Shisha PRO Max 20k Type-C Uppladdningsbar Vape"},"content":{"rendered":"<h2>Vapme Shisha PRO Max 20k Type-C Uppladdningsbar Vape<\/h2>\n<div class=\"flex max-w-full flex-col flex-grow\">\n<div class=\"min-h-8 text-message flex w-full flex-col items-end gap-2 whitespace-normal break-words [.text-message+&amp;]:mt-5\" dir=\"auto\" data-message-author-role=\"assistant\" data-message-id=\"d4e5856e-b87d-43e1-bf1b-fe5b0e62d5d8\" data-message-model-slug=\"gpt-4o\">\n<div class=\"flex w-full flex-col gap-1 empty:hidden first:pt-[3px]\">\n<div class=\"markdown prose w-full break-words dark:prose-invert light\">\n<p>Vapme Shisha PRO Max 20k \u00e4r en h\u00f6gpresterande enhet <a href=\"https:\/\/vapebulkp.com\/sv\/product-category\/20000-puffs-disposable-vape\/\">20000 Puffs Eng\u00e5ngs Vape<\/a> designad f\u00f6r svenska vapers som kr\u00e4ver b\u00e5de smak och p\u00e5litlighet. Som en uppladdningsbar penna har den ett Type-C-batteri f\u00f6r snabb laddning, vilket garanterar oavbrutna sessioner under hela dagen.<\/p>\n<p>Denna f\u00f6rfyllda vape shisha med h\u00f6g kapacitet, 20000 bloss, kommer med en 28mL e-v\u00e4tskebeh\u00e5llare och en 0.6\u03a9 mesh coil, som levererar j\u00e4mn \u00e5nga och konsekvent smak med varje puff. Dess DTL (Direct-to-Lung) design g\u00f6r den perfekt f\u00f6r vape-entusiaster som jagar moln, och producerar t\u00e4ta moln och en intensiv k\u00e4nsla i halsen vid varje drag.<\/p>\n<p>Tillg\u00e4nglig i 24 premium smaker med 2% nikotinstyrka, tillfredsst\u00e4ller denna premium b\u00e4rbara vape-enhet en m\u00e4ngd olika smakpreferenser. L\u00e4tt, ergonomisk och elegant, Vapme Shisha PRO Max 20k puff kombinerar bekv\u00e4mlighet, stil och prestanda. Perfekt f\u00f6r svenska \u00e5terf\u00f6rs\u00e4ljare och bulkk\u00f6pare, den sticker ut p\u00e5 marknaden f\u00f6r uppladdningsbara eng\u00e5ngsvapes f\u00f6r sin h\u00f6ga kapacitet och molnproducerande egenskaper.<\/p>\n<\/div>\n<\/div>\n<\/div>\n<\/div>\n<p><img decoding=\"async\" class=\"alignnone wp-image-3044\" src=\"http:\/\/vapebulkp.com\/wp-content\/uploads\/2024\/10\/Original-Vapme-Shisha-PRO-Max-20000-Puffs-Disposable-Vape.jpg\" alt=\"Original Vapme Shisha PRO Max 20000 bloss eng\u00e5ngsvape\" width=\"544\" height=\"374\" srcset=\"https:\/\/vapebulkp.com\/wp-content\/uploads\/2024\/10\/Original-Vapme-Shisha-PRO-Max-20000-Puffs-Disposable-Vape.jpg 1060w, https:\/\/vapebulkp.com\/wp-content\/uploads\/2024\/10\/Original-Vapme-Shisha-PRO-Max-20000-Puffs-Disposable-Vape-300x206.jpg 300w, https:\/\/vapebulkp.com\/wp-content\/uploads\/2024\/10\/Original-Vapme-Shisha-PRO-Max-20000-Puffs-Disposable-Vape-1024x704.jpg 1024w, https:\/\/vapebulkp.com\/wp-content\/uploads\/2024\/10\/Original-Vapme-Shisha-PRO-Max-20000-Puffs-Disposable-Vape-768x528.jpg 768w, https:\/\/vapebulkp.com\/wp-content\/uploads\/2024\/10\/Original-Vapme-Shisha-PRO-Max-20000-Puffs-Disposable-Vape-600x413.jpg 600w\" sizes=\"(max-width: 544px) 100vw, 544px\" \/><\/p>\n<h6 style=\"text-align: left\"><\/h6>\n<h6>Kontakta Mandy via WhatsApp f\u00f6r rabatterat pris<a href=\"https:\/\/wa.me\/8618077105796\">+8618077105796<\/a><\/h6>\n<p><img decoding=\"async\" class=\"alignnone wp-image-2151\" src=\"http:\/\/vapebulkp.com\/wp-content\/uploads\/2024\/04\/Mandy-WhatsApp-Randm.jpg\" alt=\"Mandy WhatsApp Randm\" width=\"263\" height=\"280\" srcset=\"https:\/\/vapebulkp.com\/wp-content\/uploads\/2024\/04\/Mandy-WhatsApp-Randm.jpg 916w, https:\/\/vapebulkp.com\/wp-content\/uploads\/2024\/04\/Mandy-WhatsApp-Randm-282x300.jpg 282w, https:\/\/vapebulkp.com\/wp-content\/uploads\/2024\/04\/Mandy-WhatsApp-Randm-768x817.jpg 768w, https:\/\/vapebulkp.com\/wp-content\/uploads\/2024\/04\/Mandy-WhatsApp-Randm-600x638.jpg 600w\" sizes=\"(max-width: 263px) 100vw, 263px\" \/><\/p>\n<h2><span style=\"vertical-align: inherit\">T\u00e4nkte att du kanske vill veta om Vapme shisha Pro Max 20k Puff:<\/span><\/h2>\n<p>&nbsp;<\/p>\n<h5><strong>1. Kan Vapme Shisha Pro Max 20k Puffs laddas?<\/strong><\/h5>\n<p><strong>Svar: <\/strong>Ja, Vapme Shisha Pro Max 20k puff har en Type-C laddningsport f\u00f6r snabb och bekv\u00e4m laddning. Detta g\u00f6r att du kan h\u00e5lla enheten laddad under hela dess livsl\u00e4ngd.<\/p>\n<h5><strong>2. Hur laddar jag Vapme Shisha Pro Max 20k Puffs?<\/strong><\/h5>\n<p><strong>Svar: <\/strong>F\u00f6r att ladda enheten, anslut helt enkelt en Type-C-kabel till porten och anslut den till en USB-str\u00f6mk\u00e4lla. Det rekommenderas att anv\u00e4nda en standardladdare f\u00f6r att undvika \u00f6verladdning eller skada p\u00e5 batteriet.<\/p>\n<h5><strong>3. Vad ska jag t\u00e4nka p\u00e5 n\u00e4r jag laddar min L\u00e5ngvarig Eng\u00e5ngs Vape 20000 Puffs Vapme shisha?<\/strong><\/h5>\n<p><strong>Svar: <\/strong>Se till att du anv\u00e4nder en kompatibel Type-C-laddningskabel och undvik att \u00f6verladda batteriet. Det \u00e4r b\u00e4st att koppla bort laddaren n\u00e4r enheten \u00e4r fulladdad f\u00f6r att bevara batteriets livsl\u00e4ngd.<\/p>\n<h5><strong>4. Vilken typ av coil anv\u00e4nds i Vapme shisha Pro Max 20000 Puff?<\/strong><\/h5>\n<p><strong>Svar: <\/strong>Denna enhet \u00e4r utrustad med en 0.6\u03a9 mesh coil, designad f\u00f6r att f\u00f6rb\u00e4ttra b\u00e5de smak och \u00e5ngproduktion, vilket ger en j\u00e4mn och tillfredsst\u00e4llande vapingupplevelse.<\/p>\n<h5><strong>5. St\u00f6der den B\u00e4rbara Mesh Coil Vape Vapme shisha vape Pro Max 20k puff Direct-to-Lung (DTL) vaping?<\/strong><\/h5>\n<p><strong>Svar: <\/strong>Ja, Vapme Shisha Pro Max 20k \u00e4r specifikt designad f\u00f6r en Direct-to-Lung (DTL) vaping-stil, som erbjuder intensiva smaker och st\u00f6rre \u00e5ngmoln.<\/p>\n<h5><strong>6. Vilka smaker och nikotinstyrkor finns tillg\u00e4ngliga f\u00f6r Vapme shisha 20k Puffs Vapes?<\/strong><\/h5>\n<p><strong>Svar: <\/strong>Vapme Shisha Pro Max 20k finns i 24 olika smaker, allt fr\u00e5n fruktiga till mentol och rika blandningar. Den har en nikotinstyrka p\u00e5 2% och passar vapers som s\u00f6ker ett m\u00e5ttligt nikotininneh\u00e5ll.<\/p>\n<h5><strong>7.Hur vet jag n\u00e4r jag ska ladda min JNR SHISHA Vapme shisha Pro Max 20000 Puffs?<\/strong><\/h5>\n<p><strong>Svar:<\/strong> Om du m\u00e4rker en minskning av \u00e5ngproduktion eller en svagare smak kan det vara dags att ladda. Anslut helt enkelt enheten med Type-C-kabeln f\u00f6r att s\u00e4kerst\u00e4lla att den \u00e4r redo att anv\u00e4ndas.<\/p>\n<p><span style=\"color: #ff6600\">Observera: kan inte ladda om hela natten!<\/span><\/p>\n<p>&nbsp;<\/p>\n<h3><strong>B\u00e4sta direkt-till-lunga eng\u00e5ngs vape-penna Vapme shisha Pro Max 20000 Puffs \u2013 Produktspecifikationer:<\/strong><\/h3>\n<ul>\n<li><strong>Puffkapacitet<\/strong>: 20 000+ puffar<\/li>\n<li><strong>Batteri<\/strong>: 850mAh, utrustad med en Type-C-port f\u00f6r snabb och bekv\u00e4m laddning<\/li>\n<li><strong>E-v\u00e4tskekapacitet<\/strong>: 28mL av vape-juice<\/li>\n<li><strong>Coil Teknologi<\/strong>: 0.6\u03a9 mesh-coil f\u00f6r f\u00f6rb\u00e4ttrad smak- och \u00e5ngproduktion<\/li>\n<li><strong>Nikotinstyrka<\/strong>: 2%<\/li>\n<li><strong>Smaker<\/strong>: 24 tillg\u00e4ngliga alternativ<\/li>\n<li><strong>Vapingstil<\/strong>: Direkt-till-lunga (DTL) upplevelse f\u00f6r intensiv smak och st\u00f6rre molnproduktion<\/li>\n<li><strong>F\u00f6rpackning<\/strong>: 160 stycken per l\u00e5da, med en totalvikt p\u00e5 19,2 kg per l\u00e5da<\/li>\n<\/ul>\n<h5>Rik smak mesh-coil vape f\u00f6r Vapme shisha 20k Puffs \u00e4lskare:<\/h5>\n<p>Bl\u00e5b\u00e4rsballong<br \/>\nKiwi passionsfrukt guava<br \/>\nBl\u00e5 razz lemonad<br \/>\nJordgubbskiwi<br \/>\nBlandade b\u00e4r<br \/>\nJordgubbs vattenmelon<br \/>\nDruvpunch<br \/>\nVattenmelon is<br \/>\n9.Persika mango ananas<br \/>\n10.Jordgubbsis<br \/>\n11.Saftig persika<br \/>\nLady Killa<br \/>\n13. K\u00f6rsb\u00e4rs-b\u00e4r<br \/>\n14.Bl\u00e5b\u00e4r hallon<br \/>\nLove 66<br \/>\n16.Vattenmelon tjur<br \/>\n17.Jordgubb vindruva<br \/>\n18.Jordgubbs hallon godis<br \/>\nWhite Mamba<br \/>\n20.Vattenmelon k\u00f6rsb\u00e4r<br \/>\n21.Fryst \u00e4pple<br \/>\n22.Citronmynta<br \/>\n23.Svartvinb\u00e4rsis<br \/>\n24.Ananas shake<\/p>\n<p><span style=\"vertical-align: inherit\">Hitta fler produkter du kanske gillar:<\/span><em><a href=\"https:\/\/wa.me\/8618077105796\"><span style=\"vertical-align: inherit\">\u00a0K\u00f6p nu<\/span><\/a><\/em><\/p>\n<p><span style=\"vertical-align: inherit\">Andra Puffs du kanske gillar:<\/span><a href=\"https:\/\/vapebulkp.com\/sv\/product\/fumot-tornado-25k-puffs-cheap-price-disposable-vape\/\"><span style=\"vertical-align: inherit\">RandM Fumot Tornado 25000 Puffar<\/span><\/a><\/p>\n<p><a href=\"https:\/\/vapebulkp.com\/sv\/product\/wholesale-randm-tornado-9000-puffs-germany\/\"><span style=\"vertical-align: inherit\">RandM Tornado 9000 bloss<\/span><\/a><\/p>\n<p><a href=\"https:\/\/vapebulkp.com\/sv\/product\/uwin-crystal-10k-puff-long-lasting-disposable-vape-for-europe\/\"><span style=\"vertical-align: inherit\">UWIN Crystal 10000 Puffar<\/span><\/a><\/p>\n<p><a href=\"https:\/\/vapebulkp.com\/sv\/product\/randm-fumot-tornado-30k-puffs-rechargeable-vapes-best-sale\/\"><span style=\"vertical-align: inherit\">Randm Vape 30k Puffar<\/span><\/a><\/p>\n<p><span style=\"vertical-align: inherit\">E-cigarettflaska med specialform:<\/span><a href=\"https:\/\/vapebulkp.com\/sv\/product\/bang-king-pro-30k-puffs-top-selling-vape-in-europe\/\"><span style=\"vertical-align: inherit\">Bang King Pro 30000 Puffar<\/span><\/a><span style=\"vertical-align: inherit\">\/ <\/span><a href=\"https:\/\/vapebulkp.com\/sv\/product\/waspe-tornado-vape-30k-puffs-fihp-best-long-lasting-vape\/\"><span style=\"vertical-align: inherit\">WASPE Tornado 30000 bloss<\/span><\/a><span style=\"vertical-align: inherit\">\/<\/span><a href=\"https:\/\/vapebulkp.com\/sv\/product\/uzy-bang-digital-15000puffs-led-display-e-cigarettes\/\"><span style=\"vertical-align: inherit\">UZY Bang Digital Box 15000 bloss<\/span><\/a><\/p>\n<h4>Leveransdetaljer:<\/h4>\n<p><span style=\"color: #ff6600\">Produktionstid: 5-10 arbetsdagar<\/span><br \/>\n<span style=\"color: #ff6600\">Leveranstid: 8-14 arbetsdagar<\/span><\/p>\n<p>Alla produkter i v\u00e5r butik \u00e4r 100% originala och autentiska, d\u00e4rf\u00f6r \u00e4r Tiofaldig ers\u00e4ttning f\u00f6r falska varor v\u00e5r butikspolicy. Vi anv\u00e4nder logistikkanaler som UPS\/DHL\/FEDEX\/DPD f\u00f6r att leverera varor till dig.<\/p>\n<p>F\u00f6r paket som skickas inom Sverige tar det vanligtvis 10 arbetsdagar att anl\u00e4nda. Leveranser till andra europeiska l\u00e4nder tar vanligtvis 12 till 15 arbetsdagar att anl\u00e4nda. Vi uppdaterar logistikinformationen f\u00f6r dig i realtid.<\/p>\n<p>Kontakta oss s\u00e5 kan vi erbjuda dig Hazebar 12000 Puff och ta din verksamhet till nya h\u00f6jder!<\/p>","protected":false},"excerpt":{"rendered":"<p>Vapme Shisha Pro Max 20k Puffs f\u00f6r Svenska \u00c5terf\u00f6rs\u00e4ljare<\/p>\n<p>850mAh Uppladdningsbar VAPME shisha Vape 20000 Puffs<br \/>\n<img decoding=\"async\" class=\"alignnone wp-image-2151\" src=\"http:\/\/vapebulkp.com\/wp-content\/uploads\/2024\/04\/Mandy-WhatsApp-Randm.jpg\" alt=\"Mandy WhatsApp Randm\" width=\"238\" height=\"253\" srcset=\"https:\/\/vapebulkp.com\/wp-content\/uploads\/2024\/04\/Mandy-WhatsApp-Randm.jpg 916w, https:\/\/vapebulkp.com\/wp-content\/uploads\/2024\/04\/Mandy-WhatsApp-Randm-282x300.jpg 282w, https:\/\/vapebulkp.com\/wp-content\/uploads\/2024\/04\/Mandy-WhatsApp-Randm-768x817.jpg 768w, https:\/\/vapebulkp.com\/wp-content\/uploads\/2024\/04\/Mandy-WhatsApp-Randm-600x638.jpg 600w\" sizes=\"(max-width: 238px) 100vw, 238px\" \/><\/p>\n<p>Kontakta Mandy via WhatsApp f\u00f6r rabatterat pris<a href=\"https:\/\/wa.me\/8618077105796\">+8618077105796<\/a><\/p>\n<p><span style=\"color: #ff0000\">OBS: Priserna p\u00e5 v\u00e5r webbplats inkluderar inte fraktkostnader<\/span><\/p>","protected":false},"featured_media":3045,"comment_status":"open","ping_status":"closed","template":"","meta":{"_uag_custom_page_level_css":"","_lmt_disableupdate":"no","_lmt_disable":"","site-sidebar-layout":"default","site-content-layout":"content-boxed-container","ast-site-content-layout":"normal-width-container","site-content-style":"boxed","site-sidebar-style":"unboxed","ast-global-header-display":"","ast-banner-title-visibility":"","ast-main-header-display":"","ast-hfb-above-header-display":"","ast-hfb-below-header-display":"","ast-hfb-mobile-header-display":"","site-post-title":"","ast-breadcrumbs-content":"","ast-featured-img":"","footer-sml-layout":"","theme-transparent-header-meta":"default","adv-header-id-meta":"","stick-header-meta":"","header-above-stick-meta":"","header-main-stick-meta":"","header-below-stick-meta":"","astra-migrate-meta-layouts":"set","_joinchat":[]},"product_cat":[162,153,155,33,59,100,34,158,157,154,152,58,84,156,63,32],"product_tag":[77,36,37,91,105,41,71,40],"class_list":["post-3047","product","type-product","status-publish","has-post-thumbnail","hentry","product_cat-20000-puffs-disposable-vape","product_cat-hot-disposable-vapes","product_cat-belgium-hot-disposable-vapes","product_cat-france-vape-hot-sale","product_cat-germany-hot-disposable-vape","product_cat-germany-wholesale-vape-shop","product_cat-netherlands-vape-good-sale","product_cat-norway-hot-disposable-vapes","product_cat-poland-hot-disposable-vapes","product_cat-portugal-hot-disposable-vapes","product_cat-spain-hot-disposable-vapes","product_cat-sweden-hot-disposable-vape","product_cat-sweden-wholesale-vape","product_cat-switzerland-hot-disposable-vapes","product_cat-top-sale-disposable-vape","product_cat-vape-hot-sale-this-week","product_tag-15000-puffs","product_tag-good-vape","product_tag-hot-sale-disposable-vape","product_tag-italy-hot-vape","product_tag-jnr","product_tag-poland-hot-vape","product_tag-randm","product_tag-sweden-hot-vape","desktop-align-left","tablet-align-left","mobile-align-left"],"yoast_head":"<!-- This site is optimized with the Yoast SEO plugin v21.1 - https:\/\/yoast.com\/wordpress\/plugins\/seo\/ -->\n<title>Vapme Shisha PRO Max 20k Type-C Rechargeable Vape - vapebulkp.com<\/title>\n<meta name=\"description\" content=\"Vapme Shisha Pro Max 20k Puffs is a high-capacity rechargeable vape pen with 28mL e-liquid, 24 flavors, and 2% nicotine. Featuring mesh coil and DTL design for rich clouds, it\u2019s perfect for European retailers and cloud-chasing enthusiasts.\" \/>\n<meta name=\"robots\" content=\"index, follow, max-snippet:-1, max-image-preview:large, max-video-preview:-1\" \/>\n<link rel=\"canonical\" href=\"https:\/\/vapebulkp.com\/sv\/product\/vapme-shisha-pro-max-20k-type-c-rechargeable-vape\/\" \/>\n<meta property=\"og:locale\" content=\"sv_SE\" \/>\n<meta property=\"og:type\" content=\"article\" \/>\n<meta property=\"og:title\" content=\"Vapme Shisha PRO Max 20k Type-C Rechargeable Vape - vapebulkp.com\" \/>\n<meta property=\"og:description\" content=\"Vapme Shisha Pro Max 20k Puffs is a high-capacity rechargeable vape pen with 28mL e-liquid, 24 flavors, and 2% nicotine. Featuring mesh coil and DTL design for rich clouds, it\u2019s perfect for European retailers and cloud-chasing enthusiasts.\" \/>\n<meta property=\"og:url\" content=\"https:\/\/vapebulkp.com\/sv\/product\/vapme-shisha-pro-max-20k-type-c-rechargeable-vape\/\" \/>\n<meta property=\"og:site_name\" content=\"vapebulkp.com\" \/>\n<meta property=\"article:modified_time\" content=\"2025-09-08T03:08:08+00:00\" \/>\n<meta property=\"og:image\" content=\"http:\/\/vapebulkp.com\/wp-content\/uploads\/2024\/10\/Vapme-Shisha-PRO-Max-20000-Puffs-Disposable-Vape-20k-Puffs-Vape.jpg\" \/>\n\t<meta property=\"og:image:width\" content=\"550\" \/>\n\t<meta property=\"og:image:height\" content=\"550\" \/>\n\t<meta property=\"og:image:type\" content=\"image\/jpeg\" \/>\n<meta name=\"twitter:card\" content=\"summary_large_image\" \/>\n<meta name=\"twitter:label1\" content=\"Ber\u00e4knad l\u00e4stid\" \/>\n\t<meta name=\"twitter:data1\" content=\"4 minuter\" \/>\n<script type=\"application\/ld+json\" class=\"yoast-schema-graph\">{\"@context\":\"https:\/\/schema.org\",\"@graph\":[{\"@type\":\"WebPage\",\"@id\":\"https:\/\/vapebulkp.com\/product\/vapme-shisha-pro-max-20k-type-c-rechargeable-vape\/\",\"url\":\"https:\/\/vapebulkp.com\/product\/vapme-shisha-pro-max-20k-type-c-rechargeable-vape\/\",\"name\":\"Vapme Shisha PRO Max 20k Type-C Rechargeable Vape - vapebulkp.com\",\"isPartOf\":{\"@id\":\"https:\/\/vapebulkp.com\/#website\"},\"datePublished\":\"2024-10-23T07:54:46+00:00\",\"dateModified\":\"2025-09-08T03:08:08+00:00\",\"description\":\"Vapme Shisha Pro Max 20k Puffs is a high-capacity rechargeable vape pen with 28mL e-liquid, 24 flavors, and 2% nicotine. Featuring mesh coil and DTL design for rich clouds, it\u2019s perfect for European retailers and cloud-chasing enthusiasts.\",\"breadcrumb\":{\"@id\":\"https:\/\/vapebulkp.com\/product\/vapme-shisha-pro-max-20k-type-c-rechargeable-vape\/#breadcrumb\"},\"inLanguage\":\"sv-SE\",\"potentialAction\":[{\"@type\":\"ReadAction\",\"target\":[\"https:\/\/vapebulkp.com\/product\/vapme-shisha-pro-max-20k-type-c-rechargeable-vape\/\"]}]},{\"@type\":\"BreadcrumbList\",\"@id\":\"https:\/\/vapebulkp.com\/product\/vapme-shisha-pro-max-20k-type-c-rechargeable-vape\/#breadcrumb\",\"itemListElement\":[{\"@type\":\"ListItem\",\"position\":1,\"name\":\"Home\",\"item\":\"https:\/\/vapebulkp.com\/\"},{\"@type\":\"ListItem\",\"position\":2,\"name\":\"Hot Trend Vapes\",\"item\":\"https:\/\/vapebulkp.com\/vape-shop\/\"},{\"@type\":\"ListItem\",\"position\":3,\"name\":\"Vapme Shisha PRO Max 20k Type-C Rechargeable Vape\"}]},{\"@type\":\"WebSite\",\"@id\":\"https:\/\/vapebulkp.com\/#website\",\"url\":\"https:\/\/vapebulkp.com\/\",\"name\":\"vapebulkp.com\",\"description\":\"Buy Vape In Cheap Bulk Price Near you\",\"publisher\":{\"@id\":\"https:\/\/vapebulkp.com\/#organization\"},\"potentialAction\":[{\"@type\":\"SearchAction\",\"target\":{\"@type\":\"EntryPoint\",\"urlTemplate\":\"https:\/\/vapebulkp.com\/?s={search_term_string}\"},\"query-input\":\"required name=search_term_string\"}],\"inLanguage\":\"sv-SE\"},{\"@type\":\"Organization\",\"@id\":\"https:\/\/vapebulkp.com\/#organization\",\"name\":\"vapebulkp.com\",\"url\":\"https:\/\/vapebulkp.com\/\",\"logo\":{\"@type\":\"ImageObject\",\"inLanguage\":\"sv-SE\",\"@id\":\"https:\/\/vapebulkp.com\/#\/schema\/logo\/image\/\",\"url\":\"https:\/\/vapebulkp.com\/wp-content\/uploads\/2023\/09\/cropped-vapebulkp.png\",\"contentUrl\":\"https:\/\/vapebulkp.com\/wp-content\/uploads\/2023\/09\/cropped-vapebulkp.png\",\"width\":516,\"height\":163,\"caption\":\"vapebulkp.com\"},\"image\":{\"@id\":\"https:\/\/vapebulkp.com\/#\/schema\/logo\/image\/\"}}]}<\/script>\n<!-- \/ Yoast SEO plugin. -->","yoast_head_json":{"title":"Vapme Shisha PRO Max 20k Type-C Rechargeable Vape - vapebulkp.com","description":"Vapme Shisha Pro Max 20k Puffs is a high-capacity rechargeable vape pen with 28mL e-liquid, 24 flavors, and 2% nicotine. Featuring mesh coil and DTL design for rich clouds, it\u2019s perfect for European retailers and cloud-chasing enthusiasts.","robots":{"index":"index","follow":"follow","max-snippet":"max-snippet:-1","max-image-preview":"max-image-preview:large","max-video-preview":"max-video-preview:-1"},"canonical":"https:\/\/vapebulkp.com\/sv\/product\/vapme-shisha-pro-max-20k-type-c-rechargeable-vape\/","og_locale":"sv_SE","og_type":"article","og_title":"Vapme Shisha PRO Max 20k Type-C Rechargeable Vape - vapebulkp.com","og_description":"Vapme Shisha Pro Max 20k Puffs is a high-capacity rechargeable vape pen with 28mL e-liquid, 24 flavors, and 2% nicotine. Featuring mesh coil and DTL design for rich clouds, it\u2019s perfect for European retailers and cloud-chasing enthusiasts.","og_url":"https:\/\/vapebulkp.com\/sv\/product\/vapme-shisha-pro-max-20k-type-c-rechargeable-vape\/","og_site_name":"vapebulkp.com","article_modified_time":"2025-09-08T03:08:08+00:00","og_image":[{"width":550,"height":550,"url":"http:\/\/vapebulkp.com\/wp-content\/uploads\/2024\/10\/Vapme-Shisha-PRO-Max-20000-Puffs-Disposable-Vape-20k-Puffs-Vape.jpg","type":"image\/jpeg"}],"twitter_card":"summary_large_image","twitter_misc":{"Ber\u00e4knad l\u00e4stid":"4 minuter"},"schema":{"@context":"https:\/\/schema.org","@graph":[{"@type":"WebPage","@id":"https:\/\/vapebulkp.com\/product\/vapme-shisha-pro-max-20k-type-c-rechargeable-vape\/","url":"https:\/\/vapebulkp.com\/product\/vapme-shisha-pro-max-20k-type-c-rechargeable-vape\/","name":"Vapme Shisha PRO Max 20k Type-C Rechargeable Vape - vapebulkp.com","isPartOf":{"@id":"https:\/\/vapebulkp.com\/#website"},"datePublished":"2024-10-23T07:54:46+00:00","dateModified":"2025-09-08T03:08:08+00:00","description":"Vapme Shisha Pro Max 20k Puffs is a high-capacity rechargeable vape pen with 28mL e-liquid, 24 flavors, and 2% nicotine. Featuring mesh coil and DTL design for rich clouds, it\u2019s perfect for European retailers and cloud-chasing enthusiasts.","breadcrumb":{"@id":"https:\/\/vapebulkp.com\/product\/vapme-shisha-pro-max-20k-type-c-rechargeable-vape\/#breadcrumb"},"inLanguage":"sv-SE","potentialAction":[{"@type":"ReadAction","target":["https:\/\/vapebulkp.com\/product\/vapme-shisha-pro-max-20k-type-c-rechargeable-vape\/"]}]},{"@type":"BreadcrumbList","@id":"https:\/\/vapebulkp.com\/product\/vapme-shisha-pro-max-20k-type-c-rechargeable-vape\/#breadcrumb","itemListElement":[{"@type":"ListItem","position":1,"name":"Home","item":"https:\/\/vapebulkp.com\/"},{"@type":"ListItem","position":2,"name":"Hot Trend Vapes","item":"https:\/\/vapebulkp.com\/vape-shop\/"},{"@type":"ListItem","position":3,"name":"Vapme Shisha PRO Max 20k Type-C Rechargeable Vape"}]},{"@type":"WebSite","@id":"https:\/\/vapebulkp.com\/#website","url":"https:\/\/vapebulkp.com\/","name":"vapebulkp.com","description":"Buy Vape In Cheap Bulk Price Near you","publisher":{"@id":"https:\/\/vapebulkp.com\/#organization"},"potentialAction":[{"@type":"SearchAction","target":{"@type":"EntryPoint","urlTemplate":"https:\/\/vapebulkp.com\/?s={search_term_string}"},"query-input":"required name=search_term_string"}],"inLanguage":"sv-SE"},{"@type":"Organization","@id":"https:\/\/vapebulkp.com\/#organization","name":"vapebulkp.com","url":"https:\/\/vapebulkp.com\/","logo":{"@type":"ImageObject","inLanguage":"sv-SE","@id":"https:\/\/vapebulkp.com\/#\/schema\/logo\/image\/","url":"https:\/\/vapebulkp.com\/wp-content\/uploads\/2023\/09\/cropped-vapebulkp.png","contentUrl":"https:\/\/vapebulkp.com\/wp-content\/uploads\/2023\/09\/cropped-vapebulkp.png","width":516,"height":163,"caption":"vapebulkp.com"},"image":{"@id":"https:\/\/vapebulkp.com\/#\/schema\/logo\/image\/"}}]}},"uagb_featured_image_src":{"full":["https:\/\/vapebulkp.com\/wp-content\/uploads\/2024\/10\/Vapme-Shisha-PRO-Max-20000-Puffs-Disposable-Vape-20k-Puffs-Vape.jpg",550,550,false],"thumbnail":["https:\/\/vapebulkp.com\/wp-content\/uploads\/2024\/10\/Vapme-Shisha-PRO-Max-20000-Puffs-Disposable-Vape-20k-Puffs-Vape-150x150.jpg",150,150,true],"medium":["https:\/\/vapebulkp.com\/wp-content\/uploads\/2024\/10\/Vapme-Shisha-PRO-Max-20000-Puffs-Disposable-Vape-20k-Puffs-Vape-300x300.jpg",300,300,true],"medium_large":["https:\/\/vapebulkp.com\/wp-content\/uploads\/2024\/10\/Vapme-Shisha-PRO-Max-20000-Puffs-Disposable-Vape-20k-Puffs-Vape.jpg",550,550,false],"large":["https:\/\/vapebulkp.com\/wp-content\/uploads\/2024\/10\/Vapme-Shisha-PRO-Max-20000-Puffs-Disposable-Vape-20k-Puffs-Vape.jpg",550,550,false],"1536x1536":["https:\/\/vapebulkp.com\/wp-content\/uploads\/2024\/10\/Vapme-Shisha-PRO-Max-20000-Puffs-Disposable-Vape-20k-Puffs-Vape.jpg",550,550,false],"2048x2048":["https:\/\/vapebulkp.com\/wp-content\/uploads\/2024\/10\/Vapme-Shisha-PRO-Max-20000-Puffs-Disposable-Vape-20k-Puffs-Vape.jpg",550,550,false],"trp-custom-language-flag":["https:\/\/vapebulkp.com\/wp-content\/uploads\/2024\/10\/Vapme-Shisha-PRO-Max-20000-Puffs-Disposable-Vape-20k-Puffs-Vape.jpg",12,12,false],"woocommerce_thumbnail":["https:\/\/vapebulkp.com\/wp-content\/uploads\/2024\/10\/Vapme-Shisha-PRO-Max-20000-Puffs-Disposable-Vape-20k-Puffs-Vape-300x300.jpg",300,300,true],"woocommerce_single":["https:\/\/vapebulkp.com\/wp-content\/uploads\/2024\/10\/Vapme-Shisha-PRO-Max-20000-Puffs-Disposable-Vape-20k-Puffs-Vape.jpg",550,550,false],"woocommerce_gallery_thumbnail":["https:\/\/vapebulkp.com\/wp-content\/uploads\/2024\/10\/Vapme-Shisha-PRO-Max-20000-Puffs-Disposable-Vape-20k-Puffs-Vape-100x100.jpg",100,100,true],"wcpr-photo-reviews":["https:\/\/vapebulkp.com\/wp-content\/uploads\/2024\/10\/Vapme-Shisha-PRO-Max-20000-Puffs-Disposable-Vape-20k-Puffs-Vape.jpg",500,500,false]},"uagb_author_info":{"display_name":"Mandy vape bulk price","author_link":"https:\/\/vapebulkp.com\/sv\/author\/"},"uagb_comment_info":0,"uagb_excerpt":"Vapme Shisha Pro Max 20k Puffs for European Retailers 850mAh Rechargeable VAPME shisha Vape 20000 Puffs Pls Contact Mandy's WhatsApp For Discount Price+8618077105796 NOTE: Prices on our website does not include shipping costs","_links":{"self":[{"href":"https:\/\/vapebulkp.com\/sv\/wp-json\/wp\/v2\/product\/3047","targetHints":{"allow":["GET"]}}],"collection":[{"href":"https:\/\/vapebulkp.com\/sv\/wp-json\/wp\/v2\/product"}],"about":[{"href":"https:\/\/vapebulkp.com\/sv\/wp-json\/wp\/v2\/types\/product"}],"replies":[{"embeddable":true,"href":"https:\/\/vapebulkp.com\/sv\/wp-json\/wp\/v2\/comments?post=3047"}],"wp:featuredmedia":[{"embeddable":true,"href":"https:\/\/vapebulkp.com\/sv\/wp-json\/wp\/v2\/media\/3045"}],"wp:attachment":[{"href":"https:\/\/vapebulkp.com\/sv\/wp-json\/wp\/v2\/media?parent=3047"}],"wp:term":[{"taxonomy":"product_cat","embeddable":true,"href":"https:\/\/vapebulkp.com\/sv\/wp-json\/wp\/v2\/product_cat?post=3047"},{"taxonomy":"product_tag","embeddable":true,"href":"https:\/\/vapebulkp.com\/sv\/wp-json\/wp\/v2\/product_tag?post=3047"}],"curies":[{"name":"wp","href":"https:\/\/api.w.org\/{rel}","templated":true}]}}