{"id":3059,"date":"2024-10-25T09:43:51","date_gmt":"2024-10-25T07:43:51","guid":{"rendered":"https:\/\/vapebulkp.com\/?post_type=product&#038;p=3059"},"modified":"2025-09-24T05:13:13","modified_gmt":"2025-09-24T03:13:13","slug":"vapme-spacex-22000-puffs-high-puff-disposable-vape","status":"publish","type":"product","link":"https:\/\/vapebulkp.com\/sv\/product\/vapme-spacex-22000-puffs-high-puff-disposable-vape\/","title":{"rendered":"Vapme Spacex 22000 Puffar Eng\u00e5ngsvape"},"content":{"rendered":"<h1>Vapme Spacex 22000 Puffar h\u00f6g puff eng\u00e5ngsvape<\/h1>\n<p>&nbsp;<\/p>\n<div class=\"flex max-w-full flex-col flex-grow\">\n<div class=\"min-h-8 text-message flex w-full flex-col items-end gap-2 whitespace-normal break-words [.text-message+&amp;]:mt-5\" dir=\"auto\" data-message-author-role=\"assistant\" data-message-id=\"d4e5856e-b87d-43e1-bf1b-fe5b0e62d5d8\" data-message-model-slug=\"gpt-4o\">\n<div class=\"flex w-full flex-col gap-1 empty:hidden first:pt-[3px]\">\n<div class=\"markdown prose w-full break-words dark:prose-invert light\">\n<p data-start=\"282\" data-end=\"691\">Den <strong data-start=\"286\" data-end=\"314\">Vapme Spacex 22000 Puffar<\/strong> \u00e4r en <strong data-start=\"320\" data-end=\"353\">eng\u00e5ngsvape med h\u00f6g kapacitet<\/strong> designad f\u00f6r svenska vapers som s\u00f6ker l\u00e5ngvarig prestanda och j\u00e4mn smak. Med avancerad <strong data-start=\"458\" data-end=\"482\">mesh coil-teknologi<\/strong>, levererar den upp till 22 000 puffar med mjuk, t\u00e4t \u00e5nga, vilket g\u00f6r den perfekt f\u00f6r b\u00e5de nyb\u00f6rjare och erfarna vapers. Justerbar effektsp\u00e4nning och flera nikotinval m\u00f6jligg\u00f6r en skr\u00e4ddarsydd vapingupplevelse.<\/p>\n<p data-start=\"693\" data-end=\"1072\">Med ett <strong data-start=\"700\" data-end=\"726\">30 ml e-v\u00e4tskekapacitet<\/strong> och ett <strong data-start=\"734\" data-end=\"765\">850mAh uppladdningsbart batteri<\/strong> med Type-C snabbladdning, denna <strong data-start=\"798\" data-end=\"830\">uppladdningsbar eng\u00e5ngsvape<\/strong> s\u00e4kerst\u00e4ller oavbrutna sessioner p\u00e5 spr\u00e5ng. V\u00e4lj bland premium fruktbaserade smaker framtagna f\u00f6r svenska smakpreferenser. Dess eleganta, l\u00e4tta design g\u00f6r <strong data-start=\"993\" data-end=\"1021\">Vapme Spacex 22000 Puffar<\/strong> till en bekv\u00e4m <strong data-start=\"1035\" data-end=\"1052\">portabel vape<\/strong> f\u00f6r dagligt bruk.<\/p>\n<p data-start=\"1074\" data-end=\"1293\">Tillg\u00e4nglig f\u00f6r grossistf\u00f6rs\u00e4ljning p\u00e5 Vapebulkp.com, denna <strong data-start=\"1121\" data-end=\"1153\">l\u00e5ngvarig eng\u00e5ngsvape<\/strong> erbjuder exceptionellt v\u00e4rde f\u00f6r \u00e5terf\u00f6rs\u00e4ljare och distribut\u00f6rer som vill lagerf\u00f6ra premium, h\u00f6gpresterande vape-produkter f\u00f6r den svenska marknaden.<\/p>\n<\/div>\n<\/div>\n<\/div>\n<\/div>\n<p>&nbsp;<\/p>\n<p><img decoding=\"async\" class=\"alignnone wp-image-3053\" src=\"http:\/\/vapebulkp.com\/wp-content\/uploads\/2024\/10\/Vapme-Spacex-22k-Puffs-Disposable-Vape-fruit-flavor-e-liquid.jpg\" alt=\"Vapme Spacex 22k Puffs Eng\u00e5ngs vape fruktsmak e-juice\" width=\"379\" height=\"379\" srcset=\"https:\/\/vapebulkp.com\/wp-content\/uploads\/2024\/10\/Vapme-Spacex-22k-Puffs-Disposable-Vape-fruit-flavor-e-liquid.jpg 1060w, https:\/\/vapebulkp.com\/wp-content\/uploads\/2024\/10\/Vapme-Spacex-22k-Puffs-Disposable-Vape-fruit-flavor-e-liquid-300x300.jpg 300w, https:\/\/vapebulkp.com\/wp-content\/uploads\/2024\/10\/Vapme-Spacex-22k-Puffs-Disposable-Vape-fruit-flavor-e-liquid-1024x1024.jpg 1024w, https:\/\/vapebulkp.com\/wp-content\/uploads\/2024\/10\/Vapme-Spacex-22k-Puffs-Disposable-Vape-fruit-flavor-e-liquid-150x150.jpg 150w, https:\/\/vapebulkp.com\/wp-content\/uploads\/2024\/10\/Vapme-Spacex-22k-Puffs-Disposable-Vape-fruit-flavor-e-liquid-768x768.jpg 768w, https:\/\/vapebulkp.com\/wp-content\/uploads\/2024\/10\/Vapme-Spacex-22k-Puffs-Disposable-Vape-fruit-flavor-e-liquid-600x600.jpg 600w, https:\/\/vapebulkp.com\/wp-content\/uploads\/2024\/10\/Vapme-Spacex-22k-Puffs-Disposable-Vape-fruit-flavor-e-liquid-100x100.jpg 100w\" sizes=\"(max-width: 379px) 100vw, 379px\" \/><\/p>\n<p>&nbsp;<\/p>\n<h6>Kontakta Mandy via WhatsApp f\u00f6r rabatterat pris<a href=\"https:\/\/wa.me\/8618077105796\">+8618077105796<\/a><\/h6>\n<p><img decoding=\"async\" class=\"alignnone wp-image-2151\" src=\"http:\/\/vapebulkp.com\/wp-content\/uploads\/2024\/04\/Mandy-WhatsApp-Randm.jpg\" alt=\"Mandy WhatsApp Randm\" width=\"315\" height=\"335\" srcset=\"https:\/\/vapebulkp.com\/wp-content\/uploads\/2024\/04\/Mandy-WhatsApp-Randm.jpg 916w, https:\/\/vapebulkp.com\/wp-content\/uploads\/2024\/04\/Mandy-WhatsApp-Randm-282x300.jpg 282w, https:\/\/vapebulkp.com\/wp-content\/uploads\/2024\/04\/Mandy-WhatsApp-Randm-768x817.jpg 768w, https:\/\/vapebulkp.com\/wp-content\/uploads\/2024\/04\/Mandy-WhatsApp-Randm-600x638.jpg 600w\" sizes=\"(max-width: 315px) 100vw, 315px\" \/><\/p>\n<h2><strong>Varf\u00f6r v\u00e4lja Vapme Spacex 22000 Puffar p\u00e5 <a href=\"https:\/\/vapebulkp.com\/sv\/ot-disposable-vapes-europe\/\">Vapebulkp.com<\/a>?<\/strong><\/h2>\n<ul>\n<li><strong>F\u00f6rl\u00e4ngd batteritid<\/strong>: Med ett <strong>850mAh uppladdningsbart batteri<\/strong>, kan du njuta av ut\u00f6kade vapingsessioner utan konstant laddning.<\/li>\n<li><strong>\u00d6verl\u00e4gsen smak och moln<\/strong>: Tack vare <strong>avancerad mesh coil<\/strong>, upplev rik, tillfredsst\u00e4llande \u00e5nga med varje bloss.<\/li>\n<li><strong>M\u00e5ngsidiga nikotinstyrkor<\/strong>: V\u00e4lj mellan en rad nikotinalternativ som passar dina preferenser och minska nikotinintaget gradvis om s\u00e5 \u00f6nskas.<\/li>\n<li><strong>H\u00e5llbar och l\u00e4tt design<\/strong>: Med en vikt p\u00e5 endast <strong>120g per enhet<\/strong>, \u00e4r Vapme Spacex l\u00e4tt att b\u00e4ra och perfekt f\u00f6r vaping p\u00e5 spr\u00e5ng. Europeiska vapers prioriterar kvalitet, stil och bekv\u00e4mlighet, vilket \u00e4r anledningen till att Vapme Spacex 22000 sticker ut p\u00e5 marknaden. Oavsett om du \u00e4r en grossist eller en enskild k\u00f6pare som vill handla online, erbjuder denna vape-penna en p\u00e5litlig l\u00f6sning f\u00f6r l\u00e5ngvarig vaping-njutning. Med sin e-v\u00e4tskekapacitet med h\u00f6g kapacitet, justerbar sp\u00e4nning och tilltalande fruktiga smaker har den blivit en favorit bland dem som s\u00f6ker en f\u00f6rb\u00e4ttrad eng\u00e5ngsvaping-upplevelse.<\/li>\n<\/ul>\n<p>&nbsp;<\/p>\n<h3><strong>Vanliga fr\u00e5gor om Vapme Vape 22k Puffs:<\/strong><\/h3>\n<ol>\n<li><strong>Hur m\u00e5nga bloss ger Vapme Spacex 22k puff?<\/strong>\n<ul>\n<li>Vapme Spacex erbjuder uppskattningsvis <strong>22 000 bloss<\/strong> med sin stora 30 ml e-v\u00e4tskekapacitet och h\u00e5llbara mesh-coil-design.<\/li>\n<\/ul>\n<\/li>\n<li><strong>\u00c4r Vapme Spacex 22k Puffs uppladdningsbar?<\/strong>\n<ul>\n<li>Ja, den levereras med en <strong>850mAh batteri<\/strong> som kan laddas med en <strong>Typ-C-port<\/strong>, vilket s\u00e4kerst\u00e4ller snabb och enkel laddning.<\/li>\n<\/ul>\n<\/li>\n<li><strong>Vilka smaker finns tillg\u00e4ngliga i Vapme Spacex 22000 Puffs?<\/strong>\n<ul>\n<li>Vapme Spacex erbjuder en m\u00e4ngd fruktsmaker som ger en uppfriskande och njutbar vapingupplevelse.<\/li>\n<\/ul>\n<\/li>\n<\/ol>\n<h3><strong>\u00a0Vape Grossist <\/strong><strong>Vapme Spacex 22000 Puffar <\/strong><strong>Nyckelfunktioner:<\/strong><\/h3>\n<ul>\n<li><strong>Justerbar sp\u00e4nning<\/strong>: Anpassa din vapingupplevelse med justerbara sp\u00e4nningsinst\u00e4llningar f\u00f6r optimal smak och \u00e5ngproduktion.<\/li>\n<li><strong>Mesh Coil-teknik<\/strong>: Ger mjuka och konsekventa tr\u00e4ffar med f\u00f6rb\u00e4ttrad smakleverans.<\/li>\n<li><strong>Flera nikotinalternativ<\/strong>: Finns i 0%, 2%, 3% och 5% nikotinstyrkor f\u00f6r att passa alla preferenser.<\/li>\n<li><strong>Uppladdningsbar Type-C-port<\/strong>: Snabb och effektiv laddning med den senaste Type-C-tekniken.<\/li>\n<li><strong>Fruktsmakserie<\/strong>: Njut av en m\u00e4ngd l\u00e4ckra fruktsmaker som tilltalar alla smakpreferenser.<\/li>\n<\/ul>\n<h3>\u00a0<em>Vapme Spacex 22000 Puffar<\/em>\u00a0tillg\u00e4nglig i popul\u00e4ra europeiska smaker som:<\/h3>\n<p>1. Bl\u00e5 razz lemonad<br \/>\n2. Persika is<br \/>\n3. Vattenmelon is<br \/>\n4. Bl\u00e5b\u00e4r hallon<br \/>\n5. K\u00f6rsb\u00e4r is<br \/>\n6.Jordgubbsis<br \/>\n7. Jordgubbe vattenmelon<br \/>\n8. Mango persika ananas<br \/>\n9. Jordgubbe kiwi<br \/>\n10. Kiwi passionsfrukt guava<br \/>\n11. Energidryck<br \/>\n12. Love 66<\/p>\n<p><a href=\"https:\/\/vapebulkp.com\/sv\/product\/popular-randm-tornado-7000puffs-disposable-vape-best-price\/\">Randm tornado 7000 bloss<\/a><\/p>\n<p><span style=\"vertical-align: inherit\">Hitta fler produkter du kanske gillar:<\/span><em><a href=\"https:\/\/wa.me\/8618077105796\"><span style=\"vertical-align: inherit\">\u00a0K\u00f6p nu<\/span><\/a><\/em><\/p>\n<p><span style=\"vertical-align: inherit\">Andra Puffs du kanske gillar:<\/span><a href=\"https:\/\/vapebulkp.com\/sv\/product\/fumot-tornado-25k-puffs-cheap-price-disposable-vape\/\"><span style=\"vertical-align: inherit\">RandM Fumot Tornado 25000 Puffar<\/span><\/a><\/p>\n<p><a href=\"https:\/\/vapebulkp.com\/sv\/product\/vapme-shisha-pro-max-20k-type-c-rechargeable-vape\/\"><span style=\"vertical-align: inherit\">Vapme shisha pro max 20000 Puffar<\/span><\/a><\/p>\n<p><a href=\"https:\/\/vapebulkp.com\/sv\/product\/uwin-crystal-10k-puff-long-lasting-disposable-vape-for-europe\/\"><span style=\"vertical-align: inherit\">UWIN Crystal 10000 Puffar<\/span><\/a><\/p>\n<p><a href=\"https:\/\/vapebulkp.com\/sv\/product\/randm-fumot-tornado-30k-puffs-rechargeable-vapes-best-sale\/\"><span style=\"vertical-align: inherit\">Randm Vape 30k Puffar<\/span><\/a><\/p>\n<p><span style=\"vertical-align: inherit\">E-cigarettflaska med specialform:<\/span><a href=\"https:\/\/vapebulkp.com\/sv\/product\/elf-box-pulse-x-25000puffs-led-screen-rechargeable-vape\/\"><span style=\"vertical-align: inherit\">ELF BOX pulse v 25000 Puffar<\/span><\/a><span style=\"vertical-align: inherit\">\/ <\/span><a href=\"https:\/\/vapebulkp.com\/sv\/product\/waspe-tornado-vape-30k-puffs-fihp-best-long-lasting-vape\/\"><span style=\"vertical-align: inherit\">WASPE Tornado 30000 bloss<\/span><\/a><span style=\"vertical-align: inherit\">\/<\/span><a href=\"https:\/\/vapebulkp.com\/sv\/product\/bang-king-pro-30k-puffs-top-selling-vape-in-europe\/\"><span style=\"vertical-align: inherit\">\u00a0 Bang King Pro 30000 bloss<\/span><\/a><\/p>\n<h4>Leveransdetaljer:<\/h4>\n<p><span style=\"color: #ff6600\">Produktionstid: 5-10 arbetsdagar<\/span><br \/>\n<span style=\"color: #ff6600\">Leveranstid: 8-14 arbetsdagar<\/span><\/p>\n<p>Alla produkter i v\u00e5r butik \u00e4r 100% originala och autentiska, d\u00e4rf\u00f6r \u00e4r Tiofaldig ers\u00e4ttning f\u00f6r falska varor v\u00e5r butikspolicy. Vi anv\u00e4nder logistikkanaler som UPS\/DHL\/FEDEX\/DPD f\u00f6r att leverera varor till dig.<\/p>\n<p>F\u00f6r paket som skickas inom Sverige tar det vanligtvis 10 arbetsdagar att anl\u00e4nda. Leveranser till andra europeiska l\u00e4nder tar vanligtvis 12 till 15 arbetsdagar att anl\u00e4nda. Vi uppdaterar logistikinformationen f\u00f6r dig i realtid.<\/p>\n<p>Kontakta oss s\u00e5 kan vi erbjuda dig Hazebar 12000 Puff och ta din verksamhet till nya h\u00f6jder!<\/p>","protected":false},"excerpt":{"rendered":"<p>F\u00f6r en premium, l\u00e5ngvarig eng\u00e5ngsvape med m\u00e5ngsidiga smak- och nikotinval, v\u00e4lj <em>Vapme Spacex 22000 Puffar<\/em>. Idealisk f\u00f6r <em>grossistbest\u00e4llningar och svenska \u00e5terf\u00f6rs\u00e4ljare<\/em> som s\u00f6ker h\u00f6gkvalitativa vape-produkter till konkurrenskraftiga priser. Handla nu p\u00e5 <em>Vapebulkp.com<\/em> och upplev framtidens vaping.<br \/>\n<img decoding=\"async\" class=\"alignnone wp-image-2151\" src=\"http:\/\/vapebulkp.com\/wp-content\/uploads\/2024\/04\/Mandy-WhatsApp-Randm.jpg\" alt=\"Mandy WhatsApp Randm\" width=\"238\" height=\"253\" srcset=\"https:\/\/vapebulkp.com\/wp-content\/uploads\/2024\/04\/Mandy-WhatsApp-Randm.jpg 916w, https:\/\/vapebulkp.com\/wp-content\/uploads\/2024\/04\/Mandy-WhatsApp-Randm-282x300.jpg 282w, https:\/\/vapebulkp.com\/wp-content\/uploads\/2024\/04\/Mandy-WhatsApp-Randm-768x817.jpg 768w, https:\/\/vapebulkp.com\/wp-content\/uploads\/2024\/04\/Mandy-WhatsApp-Randm-600x638.jpg 600w\" sizes=\"(max-width: 238px) 100vw, 238px\" \/><\/p>\n<p>Kontakta Mandy via WhatsApp f\u00f6r rabatterat pris<a href=\"https:\/\/wa.me\/8618077105796\">+8618077105796<\/a><\/p>\n<p><span style=\"color: #ff0000\">OBS: Priserna p\u00e5 v\u00e5r webbplats inkluderar inte fraktkostnader<\/span><\/p>","protected":false},"featured_media":3056,"comment_status":"open","ping_status":"closed","template":"","meta":{"_uag_custom_page_level_css":"","_lmt_disableupdate":"no","_lmt_disable":"","site-sidebar-layout":"default","site-content-layout":"content-boxed-container","ast-site-content-layout":"normal-width-container","site-content-style":"boxed","site-sidebar-style":"unboxed","ast-global-header-display":"","ast-banner-title-visibility":"","ast-main-header-display":"","ast-hfb-above-header-display":"","ast-hfb-below-header-display":"","ast-hfb-mobile-header-display":"","site-post-title":"","ast-breadcrumbs-content":"","ast-featured-img":"","footer-sml-layout":"","theme-transparent-header-meta":"default","adv-header-id-meta":"","stick-header-meta":"","header-above-stick-meta":"","header-main-stick-meta":"","header-below-stick-meta":"","astra-migrate-meta-layouts":"set","_joinchat":[]},"product_cat":[171,153,155,33,59,100,34,158,157,154,152,58,84,156,63,32,368],"product_tag":[36,37,91,41,40],"class_list":["post-3059","product","type-product","status-publish","has-post-thumbnail","hentry","product_cat-22000-puffs-disposable-vape","product_cat-hot-disposable-vapes","product_cat-belgium-hot-disposable-vapes","product_cat-france-vape-hot-sale","product_cat-germany-hot-disposable-vape","product_cat-germany-wholesale-vape-shop","product_cat-netherlands-vape-good-sale","product_cat-norway-hot-disposable-vapes","product_cat-poland-hot-disposable-vapes","product_cat-portugal-hot-disposable-vapes","product_cat-spain-hot-disposable-vapes","product_cat-sweden-hot-disposable-vape","product_cat-sweden-wholesale-vape","product_cat-switzerland-hot-disposable-vapes","product_cat-top-sale-disposable-vape","product_cat-vape-hot-sale-this-week","product_cat-vapme-vape","product_tag-good-vape","product_tag-hot-sale-disposable-vape","product_tag-italy-hot-vape","product_tag-poland-hot-vape","product_tag-sweden-hot-vape","pa_brand-vapme-vape","desktop-align-left","tablet-align-left","mobile-align-left"],"yoast_head":"<!-- This site is optimized with the Yoast SEO plugin v21.1 - https:\/\/yoast.com\/wordpress\/plugins\/seo\/ -->\n<title>Vapme Spacex 22000 Puffs High Puff Disposable Vape - vapebulkp.com<\/title>\n<meta name=\"description\" content=\"Shop the Vapme Spacex 22000 Puffs Disposable Vape with 30ml e-liquid capacity, adjustable power voltage, and customizable nicotine levels. Shop wholesale at Vapebulkp for a premium, long-lasting vaping experience.\" \/>\n<meta name=\"robots\" content=\"index, follow, max-snippet:-1, max-image-preview:large, max-video-preview:-1\" \/>\n<link rel=\"canonical\" href=\"https:\/\/vapebulkp.com\/sv\/product\/vapme-spacex-22000-puffs-high-puff-disposable-vape\/\" \/>\n<meta property=\"og:locale\" content=\"sv_SE\" \/>\n<meta property=\"og:type\" content=\"article\" \/>\n<meta property=\"og:title\" content=\"Vapme Spacex 22000 Puffs High Puff Disposable Vape - vapebulkp.com\" \/>\n<meta property=\"og:description\" content=\"Shop the Vapme Spacex 22000 Puffs Disposable Vape with 30ml e-liquid capacity, adjustable power voltage, and customizable nicotine levels. Shop wholesale at Vapebulkp for a premium, long-lasting vaping experience.\" \/>\n<meta property=\"og:url\" content=\"https:\/\/vapebulkp.com\/sv\/product\/vapme-spacex-22000-puffs-high-puff-disposable-vape\/\" \/>\n<meta property=\"og:site_name\" content=\"vapebulkp.com\" \/>\n<meta property=\"article:modified_time\" content=\"2025-09-24T03:13:13+00:00\" \/>\n<meta property=\"og:image\" content=\"http:\/\/vapebulkp.com\/wp-content\/uploads\/2024\/10\/Vapme-Spacex-22000-Puffs-Disposable-Vape-Pen-Style-E-Cigarette-Wholesale-Price.jpg\" \/>\n\t<meta property=\"og:image:width\" content=\"1060\" \/>\n\t<meta property=\"og:image:height\" content=\"1060\" \/>\n\t<meta property=\"og:image:type\" content=\"image\/jpeg\" \/>\n<meta name=\"twitter:card\" content=\"summary_large_image\" \/>\n<meta name=\"twitter:label1\" content=\"Ber\u00e4knad l\u00e4stid\" \/>\n\t<meta name=\"twitter:data1\" content=\"4 minuter\" \/>\n<script type=\"application\/ld+json\" class=\"yoast-schema-graph\">{\"@context\":\"https:\/\/schema.org\",\"@graph\":[{\"@type\":\"WebPage\",\"@id\":\"https:\/\/vapebulkp.com\/product\/vapme-spacex-22000-puffs-high-puff-disposable-vape\/\",\"url\":\"https:\/\/vapebulkp.com\/product\/vapme-spacex-22000-puffs-high-puff-disposable-vape\/\",\"name\":\"Vapme Spacex 22000 Puffs High Puff Disposable Vape - vapebulkp.com\",\"isPartOf\":{\"@id\":\"https:\/\/vapebulkp.com\/#website\"},\"datePublished\":\"2024-10-25T07:43:51+00:00\",\"dateModified\":\"2025-09-24T03:13:13+00:00\",\"description\":\"Shop the Vapme Spacex 22000 Puffs Disposable Vape with 30ml e-liquid capacity, adjustable power voltage, and customizable nicotine levels. Shop wholesale at Vapebulkp for a premium, long-lasting vaping experience.\",\"breadcrumb\":{\"@id\":\"https:\/\/vapebulkp.com\/product\/vapme-spacex-22000-puffs-high-puff-disposable-vape\/#breadcrumb\"},\"inLanguage\":\"sv-SE\",\"potentialAction\":[{\"@type\":\"ReadAction\",\"target\":[\"https:\/\/vapebulkp.com\/product\/vapme-spacex-22000-puffs-high-puff-disposable-vape\/\"]}]},{\"@type\":\"BreadcrumbList\",\"@id\":\"https:\/\/vapebulkp.com\/product\/vapme-spacex-22000-puffs-high-puff-disposable-vape\/#breadcrumb\",\"itemListElement\":[{\"@type\":\"ListItem\",\"position\":1,\"name\":\"Home\",\"item\":\"https:\/\/vapebulkp.com\/\"},{\"@type\":\"ListItem\",\"position\":2,\"name\":\"Hot Trend Vapes\",\"item\":\"https:\/\/vapebulkp.com\/vape-shop\/\"},{\"@type\":\"ListItem\",\"position\":3,\"name\":\"Vapme Spacex 22000 Puffs High Puff Disposable Vape\"}]},{\"@type\":\"WebSite\",\"@id\":\"https:\/\/vapebulkp.com\/#website\",\"url\":\"https:\/\/vapebulkp.com\/\",\"name\":\"vapebulkp.com\",\"description\":\"Buy Vape In Cheap Bulk Price Near you\",\"publisher\":{\"@id\":\"https:\/\/vapebulkp.com\/#organization\"},\"potentialAction\":[{\"@type\":\"SearchAction\",\"target\":{\"@type\":\"EntryPoint\",\"urlTemplate\":\"https:\/\/vapebulkp.com\/?s={search_term_string}\"},\"query-input\":\"required name=search_term_string\"}],\"inLanguage\":\"sv-SE\"},{\"@type\":\"Organization\",\"@id\":\"https:\/\/vapebulkp.com\/#organization\",\"name\":\"vapebulkp.com\",\"url\":\"https:\/\/vapebulkp.com\/\",\"logo\":{\"@type\":\"ImageObject\",\"inLanguage\":\"sv-SE\",\"@id\":\"https:\/\/vapebulkp.com\/#\/schema\/logo\/image\/\",\"url\":\"https:\/\/vapebulkp.com\/wp-content\/uploads\/2023\/09\/cropped-vapebulkp.png\",\"contentUrl\":\"https:\/\/vapebulkp.com\/wp-content\/uploads\/2023\/09\/cropped-vapebulkp.png\",\"width\":516,\"height\":163,\"caption\":\"vapebulkp.com\"},\"image\":{\"@id\":\"https:\/\/vapebulkp.com\/#\/schema\/logo\/image\/\"}}]}<\/script>\n<!-- \/ Yoast SEO plugin. -->","yoast_head_json":{"title":"Vapme Spacex 22000 Puffs High Puff Disposable Vape - vapebulkp.com","description":"Shop the Vapme Spacex 22000 Puffs Disposable Vape with 30ml e-liquid capacity, adjustable power voltage, and customizable nicotine levels. Shop wholesale at Vapebulkp for a premium, long-lasting vaping experience.","robots":{"index":"index","follow":"follow","max-snippet":"max-snippet:-1","max-image-preview":"max-image-preview:large","max-video-preview":"max-video-preview:-1"},"canonical":"https:\/\/vapebulkp.com\/sv\/product\/vapme-spacex-22000-puffs-high-puff-disposable-vape\/","og_locale":"sv_SE","og_type":"article","og_title":"Vapme Spacex 22000 Puffs High Puff Disposable Vape - vapebulkp.com","og_description":"Shop the Vapme Spacex 22000 Puffs Disposable Vape with 30ml e-liquid capacity, adjustable power voltage, and customizable nicotine levels. Shop wholesale at Vapebulkp for a premium, long-lasting vaping experience.","og_url":"https:\/\/vapebulkp.com\/sv\/product\/vapme-spacex-22000-puffs-high-puff-disposable-vape\/","og_site_name":"vapebulkp.com","article_modified_time":"2025-09-24T03:13:13+00:00","og_image":[{"width":1060,"height":1060,"url":"http:\/\/vapebulkp.com\/wp-content\/uploads\/2024\/10\/Vapme-Spacex-22000-Puffs-Disposable-Vape-Pen-Style-E-Cigarette-Wholesale-Price.jpg","type":"image\/jpeg"}],"twitter_card":"summary_large_image","twitter_misc":{"Ber\u00e4knad l\u00e4stid":"4 minuter"},"schema":{"@context":"https:\/\/schema.org","@graph":[{"@type":"WebPage","@id":"https:\/\/vapebulkp.com\/product\/vapme-spacex-22000-puffs-high-puff-disposable-vape\/","url":"https:\/\/vapebulkp.com\/product\/vapme-spacex-22000-puffs-high-puff-disposable-vape\/","name":"Vapme Spacex 22000 Puffs High Puff Disposable Vape - vapebulkp.com","isPartOf":{"@id":"https:\/\/vapebulkp.com\/#website"},"datePublished":"2024-10-25T07:43:51+00:00","dateModified":"2025-09-24T03:13:13+00:00","description":"Shop the Vapme Spacex 22000 Puffs Disposable Vape with 30ml e-liquid capacity, adjustable power voltage, and customizable nicotine levels. Shop wholesale at Vapebulkp for a premium, long-lasting vaping experience.","breadcrumb":{"@id":"https:\/\/vapebulkp.com\/product\/vapme-spacex-22000-puffs-high-puff-disposable-vape\/#breadcrumb"},"inLanguage":"sv-SE","potentialAction":[{"@type":"ReadAction","target":["https:\/\/vapebulkp.com\/product\/vapme-spacex-22000-puffs-high-puff-disposable-vape\/"]}]},{"@type":"BreadcrumbList","@id":"https:\/\/vapebulkp.com\/product\/vapme-spacex-22000-puffs-high-puff-disposable-vape\/#breadcrumb","itemListElement":[{"@type":"ListItem","position":1,"name":"Home","item":"https:\/\/vapebulkp.com\/"},{"@type":"ListItem","position":2,"name":"Hot Trend Vapes","item":"https:\/\/vapebulkp.com\/vape-shop\/"},{"@type":"ListItem","position":3,"name":"Vapme Spacex 22000 Puffs High Puff Disposable Vape"}]},{"@type":"WebSite","@id":"https:\/\/vapebulkp.com\/#website","url":"https:\/\/vapebulkp.com\/","name":"vapebulkp.com","description":"Buy Vape In Cheap Bulk Price Near you","publisher":{"@id":"https:\/\/vapebulkp.com\/#organization"},"potentialAction":[{"@type":"SearchAction","target":{"@type":"EntryPoint","urlTemplate":"https:\/\/vapebulkp.com\/?s={search_term_string}"},"query-input":"required name=search_term_string"}],"inLanguage":"sv-SE"},{"@type":"Organization","@id":"https:\/\/vapebulkp.com\/#organization","name":"vapebulkp.com","url":"https:\/\/vapebulkp.com\/","logo":{"@type":"ImageObject","inLanguage":"sv-SE","@id":"https:\/\/vapebulkp.com\/#\/schema\/logo\/image\/","url":"https:\/\/vapebulkp.com\/wp-content\/uploads\/2023\/09\/cropped-vapebulkp.png","contentUrl":"https:\/\/vapebulkp.com\/wp-content\/uploads\/2023\/09\/cropped-vapebulkp.png","width":516,"height":163,"caption":"vapebulkp.com"},"image":{"@id":"https:\/\/vapebulkp.com\/#\/schema\/logo\/image\/"}}]}},"uagb_featured_image_src":{"full":["https:\/\/vapebulkp.com\/wp-content\/uploads\/2024\/10\/Vapme-Spacex-22000-Puffs-Disposable-Vape-Pen-Style-E-Cigarette-Wholesale-Price.jpg",1060,1060,false],"thumbnail":["https:\/\/vapebulkp.com\/wp-content\/uploads\/2024\/10\/Vapme-Spacex-22000-Puffs-Disposable-Vape-Pen-Style-E-Cigarette-Wholesale-Price-150x150.jpg",150,150,true],"medium":["https:\/\/vapebulkp.com\/wp-content\/uploads\/2024\/10\/Vapme-Spacex-22000-Puffs-Disposable-Vape-Pen-Style-E-Cigarette-Wholesale-Price-300x300.jpg",300,300,true],"medium_large":["https:\/\/vapebulkp.com\/wp-content\/uploads\/2024\/10\/Vapme-Spacex-22000-Puffs-Disposable-Vape-Pen-Style-E-Cigarette-Wholesale-Price-768x768.jpg",768,768,true],"large":["https:\/\/vapebulkp.com\/wp-content\/uploads\/2024\/10\/Vapme-Spacex-22000-Puffs-Disposable-Vape-Pen-Style-E-Cigarette-Wholesale-Price-1024x1024.jpg",1024,1024,true],"1536x1536":["https:\/\/vapebulkp.com\/wp-content\/uploads\/2024\/10\/Vapme-Spacex-22000-Puffs-Disposable-Vape-Pen-Style-E-Cigarette-Wholesale-Price.jpg",1060,1060,false],"2048x2048":["https:\/\/vapebulkp.com\/wp-content\/uploads\/2024\/10\/Vapme-Spacex-22000-Puffs-Disposable-Vape-Pen-Style-E-Cigarette-Wholesale-Price.jpg",1060,1060,false],"trp-custom-language-flag":["https:\/\/vapebulkp.com\/wp-content\/uploads\/2024\/10\/Vapme-Spacex-22000-Puffs-Disposable-Vape-Pen-Style-E-Cigarette-Wholesale-Price.jpg",12,12,false],"woocommerce_thumbnail":["https:\/\/vapebulkp.com\/wp-content\/uploads\/2024\/10\/Vapme-Spacex-22000-Puffs-Disposable-Vape-Pen-Style-E-Cigarette-Wholesale-Price-300x300.jpg",300,300,true],"woocommerce_single":["https:\/\/vapebulkp.com\/wp-content\/uploads\/2024\/10\/Vapme-Spacex-22000-Puffs-Disposable-Vape-Pen-Style-E-Cigarette-Wholesale-Price-600x600.jpg",600,600,true],"woocommerce_gallery_thumbnail":["https:\/\/vapebulkp.com\/wp-content\/uploads\/2024\/10\/Vapme-Spacex-22000-Puffs-Disposable-Vape-Pen-Style-E-Cigarette-Wholesale-Price-100x100.jpg",100,100,true],"wcpr-photo-reviews":["https:\/\/vapebulkp.com\/wp-content\/uploads\/2024\/10\/Vapme-Spacex-22000-Puffs-Disposable-Vape-Pen-Style-E-Cigarette-Wholesale-Price.jpg",500,500,false]},"uagb_author_info":{"display_name":"Mandy vape bulk price","author_link":"https:\/\/vapebulkp.com\/sv\/author\/"},"uagb_comment_info":0,"uagb_excerpt":"For a premium, long-lasting disposable vape with versatile flavor and nicotine options, choose Vapme Spacex 22000 Puffs. Ideal for wholesale orders and European retailers seeking top-quality vape products at competitive prices. Shop now at Vapebulkp.com and experience the future of vaping. Pls Contact Mandy's WhatsApp For Discount Price+8618077105796 NOTE: Prices on our website does not&hellip;","_links":{"self":[{"href":"https:\/\/vapebulkp.com\/sv\/wp-json\/wp\/v2\/product\/3059","targetHints":{"allow":["GET"]}}],"collection":[{"href":"https:\/\/vapebulkp.com\/sv\/wp-json\/wp\/v2\/product"}],"about":[{"href":"https:\/\/vapebulkp.com\/sv\/wp-json\/wp\/v2\/types\/product"}],"replies":[{"embeddable":true,"href":"https:\/\/vapebulkp.com\/sv\/wp-json\/wp\/v2\/comments?post=3059"}],"wp:featuredmedia":[{"embeddable":true,"href":"https:\/\/vapebulkp.com\/sv\/wp-json\/wp\/v2\/media\/3056"}],"wp:attachment":[{"href":"https:\/\/vapebulkp.com\/sv\/wp-json\/wp\/v2\/media?parent=3059"}],"wp:term":[{"taxonomy":"product_cat","embeddable":true,"href":"https:\/\/vapebulkp.com\/sv\/wp-json\/wp\/v2\/product_cat?post=3059"},{"taxonomy":"product_tag","embeddable":true,"href":"https:\/\/vapebulkp.com\/sv\/wp-json\/wp\/v2\/product_tag?post=3059"}],"curies":[{"name":"wp","href":"https:\/\/api.w.org\/{rel}","templated":true}]}}