{"id":3075,"date":"2024-10-28T08:28:39","date_gmt":"2024-10-28T07:28:39","guid":{"rendered":"https:\/\/vapebulkp.com\/?post_type=product&#038;p=3075"},"modified":"2025-09-24T05:14:42","modified_gmt":"2025-09-24T03:14:42","slug":"poco-bl-10000-puffs-hot-selling-high-puff-type-c-disposable-vape","status":"publish","type":"product","link":"https:\/\/vapebulkp.com\/sv\/product\/poco-bl-10000-puffs-hot-selling-high-puff-type-c-disposable-vape\/","title":{"rendered":"POCO Bl 10000 Puffs het s\u00e4ljande High Puff Type-C eng\u00e5ngsvape"},"content":{"rendered":"<h1 style=\"text-align: left\">POCO Bl 10000 Puffs het s\u00e4ljande High Puff Type-C eng\u00e5ngsvape<\/h1>\n<p>&nbsp;<\/p>\n<p data-start=\"393\" data-end=\"710\">Den <strong data-start=\"437\" data-end=\"460\">POCO BL 10000 Puffar<\/strong> \u00e4r en h\u00f6gkapacitets <a href=\"https:\/\/vapebulkp.com\/sv\/product-category\/10000-puffs-disposable-vape\/\"><strong data-start=\"480\" data-end=\"511\">10000 Puffs Eng\u00e5ngs Vape<\/strong><\/a> designad f\u00f6r vapers som kr\u00e4ver smak, prestanda och bekv\u00e4mlighet. F\u00f6rfylld med 20 ml premium nikotinsalt e-v\u00e4tska (5 %), levererar den en mjuk och tillfredsst\u00e4llande \u00e5nga i upp till 10 000 bloss.<\/p>\n<p data-start=\"712\" data-end=\"993\">Drivs av ett 650 mAh uppladdningsbart batteri med Type-C snabbladdning, vilket <strong data-start=\"784\" data-end=\"807\">POCO BL 10000 Puffar<\/strong> s\u00e4kerst\u00e4ller l\u00e5ngvarig prestanda. Mesh coil-tekniken f\u00f6rb\u00e4ttrar varje drag, vilket ger rik smak och t\u00e4t \u00e5nga fr\u00e5n 15 popul\u00e4ra alternativ \u2013 inklusive fruktiga, mint- och dessertblandningar.<\/p>\n<p data-start=\"995\" data-end=\"1255\">Med snygg RGB-belysning fungerar denna enhet som en elegant accessoar samtidigt som den ger konsekvent vapingkraft. Kompakt, p\u00e5litlig och m\u00e5ngsidig, \u00e4r <strong data-start=\"1147\" data-end=\"1186\">POCO BL 10000 Puff eng\u00e5ngsvape<\/strong> det perfekta valet f\u00f6r grossister och slutanv\u00e4ndare i Sverige.<\/p>\n<p data-start=\"1257\" data-end=\"1378\">K\u00f6p <strong data-start=\"1265\" data-end=\"1288\">POCO BL 10000 Puffar<\/strong> nu till grossistpriser fr\u00e5n <a href=\"https:\/\/vapebulkp.com\/sv\/vape-shop\/\">vapebulkp.com<\/a> med snabb leverans.<\/p>\n<p><img decoding=\"async\" class=\"alignnone wp-image-3071\" src=\"http:\/\/vapebulkp.com\/wp-content\/uploads\/2024\/10\/EU-Warehouse-Poco-BL10000-Puffs-Disposable-Vape-Pod-Puff-10k-Minimum-Order-50pcs.png\" alt=\"Sverige Lager Poco BL10000 Puffs Eng\u00e5ngsvape Pod Puff 10k Minsta Best\u00e4llning 50st\" width=\"585\" height=\"585\" srcset=\"https:\/\/vapebulkp.com\/wp-content\/uploads\/2024\/10\/EU-Warehouse-Poco-BL10000-Puffs-Disposable-Vape-Pod-Puff-10k-Minimum-Order-50pcs.png 800w, https:\/\/vapebulkp.com\/wp-content\/uploads\/2024\/10\/EU-Warehouse-Poco-BL10000-Puffs-Disposable-Vape-Pod-Puff-10k-Minimum-Order-50pcs-300x300.png 300w, https:\/\/vapebulkp.com\/wp-content\/uploads\/2024\/10\/EU-Warehouse-Poco-BL10000-Puffs-Disposable-Vape-Pod-Puff-10k-Minimum-Order-50pcs-150x150.png 150w, https:\/\/vapebulkp.com\/wp-content\/uploads\/2024\/10\/EU-Warehouse-Poco-BL10000-Puffs-Disposable-Vape-Pod-Puff-10k-Minimum-Order-50pcs-768x768.png 768w, https:\/\/vapebulkp.com\/wp-content\/uploads\/2024\/10\/EU-Warehouse-Poco-BL10000-Puffs-Disposable-Vape-Pod-Puff-10k-Minimum-Order-50pcs-600x600.png 600w, https:\/\/vapebulkp.com\/wp-content\/uploads\/2024\/10\/EU-Warehouse-Poco-BL10000-Puffs-Disposable-Vape-Pod-Puff-10k-Minimum-Order-50pcs-100x100.png 100w\" sizes=\"(max-width: 585px) 100vw, 585px\" \/><\/p>\n<h6>Kontakta Mandy via WhatsApp f\u00f6r rabatterat pris<a href=\"https:\/\/wa.me\/8618077105796\">+8618077105796<\/a><\/h6>\n<p><img decoding=\"async\" class=\"alignnone wp-image-2151\" src=\"http:\/\/vapebulkp.com\/wp-content\/uploads\/2024\/04\/Mandy-WhatsApp-Randm.jpg\" alt=\"Mandy WhatsApp Randm\" width=\"324\" height=\"330\" \/><\/p>\n<h5><\/h5>\n<h2>Varf\u00f6r v\u00e4lja Poco vape bl 10000 Puffs eng\u00e5ngsvape?<\/h2>\n<ol>\n<li><strong>Exceptionell e-v\u00e4tskekapacitet<\/strong><br \/>\nMed en gener\u00f6s <strong>20 ml e-v\u00e4tskekapacitet<\/strong>m\u00f6jligg\u00f6r POCO BL ut\u00f6kad njutning utan behov av frekventa byten, vilket g\u00f6r den idealisk f\u00f6r ivriga vapers.<\/li>\n<li><strong>Imponerande antal bloss<\/strong><br \/>\nMed upp till <strong>10 000 puffar<\/strong>s\u00e4kerst\u00e4ller denna enhet att du f\u00e5r ut det mesta av varje vapingsession, vilket ger exceptionellt v\u00e4rde f\u00f6r din investering.<\/li>\n<li><strong>Rikt utbud av smaker<\/strong><br \/>\nPOCO BL har <strong>15 unika smaker<\/strong>, experttillverkade f\u00f6r att tillfredsst\u00e4lla olika smakpreferenser. Oavsett om du f\u00f6redrar fruktiga smaker, mint eller desserter, finns det n\u00e5got f\u00f6r alla.<\/li>\n<li><strong>Avancerad mesh-coil-teknologi<\/strong><br \/>\nUtrustad med <strong>mesh coil-teknologi<\/strong>ger POCO BL en genomg\u00e5ende len och smakrik vapingupplevelse som f\u00f6rb\u00e4ttrar b\u00e5de smak- och \u00e5ngproduktionen.<\/li>\n<li><strong>Anpassningsbart luftfl\u00f6de<\/strong><br \/>\nDen justerbara luftfl\u00f6desfunktionen l\u00e5ter dig skr\u00e4ddarsy din vapingupplevelse efter eget tycke, vilket s\u00e4kerst\u00e4ller optimal smak och \u00e5ngt\u00e4thet f\u00f6r dina preferenser.<\/li>\n<li><strong>Snygg och stilren design<\/strong><br \/>\nMed sin moderna estetik och <strong>RGB-belysning<\/strong>, sticker POCO BL ut som en fashionabel accessoar, perfekt f\u00f6r dig som v\u00e4rdes\u00e4tter b\u00e5de funktion och stil.<\/li>\n<li><strong>L\u00e5ngvarigt uppladdningsbart batteri<\/strong><br \/>\nDen <strong>650mAh uppladdningsbart batteri<\/strong> ger p\u00e5litlig prestanda, vilket g\u00f6r att du kan njuta av oavbrutna vapingsessioner utan kr\u00e5ngel med st\u00e4ndiga byten.<\/li>\n<li><strong>Anv\u00e4ndarv\u00e4nlig upplevelse<\/strong><br \/>\nPOCO BL \u00e4r designad f\u00f6r b\u00e5de nyb\u00f6rjare och erfarna vapers och erbjuder en intuitiv, problemfri vapingupplevelse, vilket g\u00f6r den enkel att njuta av n\u00e4r du \u00e4r p\u00e5 spr\u00e5ng.<\/li>\n<\/ol>\n<p>&nbsp;<\/p>\n<h3><\/h3>\n<h3>POCO BL10000 Puffs 5% Uppladdningsbar eng\u00e5ngsvape med justerbart luftfl\u00f6de vape Funktioner:<\/h3>\n<ul>\n<li><strong>Nikotinstyrka<\/strong>: <strong>5% Nikotinsalt<\/strong> f\u00f6r en len och tillfredsst\u00e4llande upplevelse.<\/li>\n<li><strong>E-v\u00e4tskekapacitet<\/strong>: Gener\u00f6s <strong>20 ml E-v\u00e4tska<\/strong>, vilket s\u00e4kerst\u00e4ller l\u00e5ngvarig njutning utan frekventa byten.<\/li>\n<li><strong>Antal bloss<\/strong>: Upp till <strong>10 000 bloss per enhet<\/strong>, vilket ger exceptionellt v\u00e4rde f\u00f6r dina vaping-sessioner.<\/li>\n<li><strong>Belysningsfunktioner<\/strong>: Utrustad med <strong>6 f\u00e4rger RGB-ljus<\/strong>, vilket ger en snygg stil till din vapingupplevelse.<\/li>\n<li><strong>Batterityp<\/strong>: <strong>650mAh Uppladdningsbart batteri<\/strong> f\u00f6r l\u00e5ngvarig prestanda och bekv\u00e4mlighet.<\/li>\n<li><strong>Smakvariation<\/strong>: V\u00e4lj fr\u00e5n <strong>15 Oemotst\u00e5ndliga smaker<\/strong>, experttillverkade f\u00f6r att tillfredsst\u00e4lla varje smak.<\/li>\n<\/ul>\n<h3>B\u00e4sta smaker f\u00f6r POCO BL 10000 Puffs Eng\u00e5ngsvape Grossistpris:<\/h3>\n<p>1. Mango Orange Grapefrukt<br \/>\n2. Persika Bl\u00e5b\u00e4r Mjukt Godis<br \/>\n3. Sval Mynta<br \/>\n4. Aloe Druva<br \/>\n5. Jordgubbe Mango<br \/>\n6. Passionsfrukt Kiwi Guava<br \/>\n7. Jordgubb Vattenmelon<br \/>\n8. \u00c4pple Persika<br \/>\n9. Bl\u00e5b\u00e4r Hallon<br \/>\n10. Druva Svarta Vinb\u00e4r Soda<br \/>\n11. Jordgubbe Kiwi<br \/>\n12. Bl\u00e5b\u00e4r K\u00f6rsb\u00e4r Cola<br \/>\n13. Svart Is Drakfrukt Jordgubbe<br \/>\n14. Hallon Vattenmelon<br \/>\n15. Jordgubbe Banan<\/p>\n<p><a href=\"https:\/\/vapebulkp.com\/sv\/product\/uwin-crystal-10k-puff-long-lasting-disposable-vape-for-europe\/\"><span style=\"vertical-align: inherit\">UWIN Vapme Crystal 10000 Puffar <\/span><\/a><\/p>\n<p><span style=\"vertical-align: inherit\">Hitta fler produkter du kanske gillar:<\/span><em><a href=\"https:\/\/wa.me\/8618077105796\"><span style=\"vertical-align: inherit\">\u00a0K\u00f6p nu<\/span><\/a><\/em><\/p>\n<p><span style=\"vertical-align: inherit\">Andra Puffs du kanske gillar:<\/span><a href=\"https:\/\/vapebulkp.com\/sv\/product\/bang-box-30k-puff-led-display-wholesale-disposable-vape\/\"><span style=\"vertical-align: inherit\">Bang Box LED Display vape 30000 Puffs<\/span><\/a><span style=\"vertical-align: inherit\">\u3001<\/span><a href=\"https:\/\/vapebulkp.com\/sv\/product\/wholesale-randm-tornado-9000-puffs-germany\/\"><span style=\"vertical-align: inherit\">RandM 9000 Puffar<\/span><\/a><span style=\"vertical-align: inherit\">\/ <\/span><a href=\"https:\/\/vapebulkp.com\/sv\/product\/vozol-vista-20000-puff-rechargeable-vape-cheap-price-today\/\"><span style=\"vertical-align: inherit\">Vozol vista 20000 Puffar<\/span><\/a><span style=\"vertical-align: inherit\">\/ <\/span><a href=\"https:\/\/vapebulkp.com\/sv\/product\/wga-crystal-plus-16000-puffs-led-light-disposable-vape\/\"><span style=\"vertical-align: inherit\">WGA Crystal 16000 Puffar<\/span><\/a><\/p>\n<p><span style=\"vertical-align: inherit\">E-cigarettflaska med specialform:<\/span><a href=\"https:\/\/vapebulkp.com\/sv\/product\/vapsolo-super-15k-puffs-wholesale-price-e-cigarette\/\"><span style=\"vertical-align: inherit\"> Vapsolo super 15k Puffs<\/span><\/a><span style=\"vertical-align: inherit\">\/ <\/span><a href=\"https:\/\/vapebulkp.com\/sv\/product\/randm-fumot-tornado-30k-puffs-rechargeable-vapes-best-sale\/\"><span style=\"vertical-align: inherit\">\u00a0Fumot Tornado musik 30000 Puffar <\/span><\/a><span style=\"vertical-align: inherit\">\/<\/span><a href=\"https:\/\/vapebulkp.com\/sv\/product\/vapme-shisha-pro-max-20k-type-c-rechargeable-vape\/\"><span style=\"vertical-align: inherit\">Vapme shisha pro max 20000 Puffs<\/span><\/a><\/p>\n<p>&nbsp;<\/p>\n<h4>Vanliga fr\u00e5gor och svar:<\/h4>\n<p>F1: Vad \u00e4r MOQ f\u00f6r Sleek and Stylish Design POCO BL 10000 Puffs Eng\u00e5ngsvape?<br \/>\nS: Minsta best\u00e4llning \u00e4r 50 st.<br \/>\nF2: Har POCO BL 10000 Puffs-vape n\u00e5gra <strong>justerbart luftfl\u00f6de<\/strong>\u00a0 s\u00e4kerhetsfunktioner?<br \/>\nS: Ja, POCO BL har flera s\u00e4kerhetsfunktioner, s\u00e5som kortslutningsskydd och \u00f6verladdningsskydd, vilket garanterar en s\u00e4ker vapingupplevelse.<br \/>\nF3: Hur l\u00e5ng \u00e4r leveranstiden f\u00f6r den best\u00e4llda vapen?<br \/>\nS: Vanligtvis \u00e4r det 10-15 dagar efter leverans<br \/>\nF4: Hur mycket kostar frakten?<br \/>\nS: Fraktkostnaden beror p\u00e5 vikten. Olika kvantiteter har olika fraktkostnader, v\u00e4nligen kontakta oss f\u00f6r att bekr\u00e4fta fraktkostnaden.<\/p>\n<h4>Leveransdetaljer:<\/h4>\n<p><span style=\"color: #ff6600\">Produktionstid: 5-10 arbetsdagar<\/span><br \/>\n<span style=\"color: #ff6600\">Leveranstid: 8-14 arbetsdagar<\/span><\/p>\n<p>Alla produkter i v\u00e5r butik \u00e4r 100% originala och autentiska, d\u00e4rf\u00f6r \u00e4r Tiofaldig ers\u00e4ttning f\u00f6r falska varor v\u00e5r butikspolicy. Vi anv\u00e4nder logistikkanaler som UPS\/DHL\/FEDEX\/DPD f\u00f6r att leverera varor till dig.<\/p>\n<p>F\u00f6r paket som skickas inom Sverige tar det vanligtvis 10 arbetsdagar att anl\u00e4nda. Leveranser till andra europeiska l\u00e4nder tar vanligtvis 12 till 15 arbetsdagar att anl\u00e4nda. Vi uppdaterar logistikinformationen f\u00f6r dig i realtid.<\/p>","protected":false},"excerpt":{"rendered":"<p>K\u00f6p POCO BL 10000 Puffs eng\u00e5ngsvape online<br \/>\nAtt v\u00e4lja POCO BL 10000 Puffs eng\u00e5ngsvape inneb\u00e4r att du v\u00e4ljer en m\u00e5ngsidig enhet av h\u00f6g kvalitet som uppfyller dina vapingbehov samtidigt som den ger en elegant och trevlig upplevelse.<\/p>\n<p>Kontakta Mandy via WhatsApp f\u00f6r rabatterat pris<a href=\"https:\/\/wa.me\/8618077105796\">+8618077105796<\/a><\/p>\n<p><img decoding=\"async\" class=\"alignnone wp-image-2151\" src=\"http:\/\/vapebulkp.com\/wp-content\/uploads\/2024\/04\/Mandy-WhatsApp-Randm.jpg\" alt=\"Mandy WhatsApp Randm\" width=\"297\" height=\"316\" srcset=\"https:\/\/vapebulkp.com\/wp-content\/uploads\/2024\/04\/Mandy-WhatsApp-Randm.jpg 916w, https:\/\/vapebulkp.com\/wp-content\/uploads\/2024\/04\/Mandy-WhatsApp-Randm-282x300.jpg 282w, https:\/\/vapebulkp.com\/wp-content\/uploads\/2024\/04\/Mandy-WhatsApp-Randm-768x817.jpg 768w, https:\/\/vapebulkp.com\/wp-content\/uploads\/2024\/04\/Mandy-WhatsApp-Randm-600x638.jpg 600w\" sizes=\"(max-width: 297px) 100vw, 297px\" \/><\/p>\n<p><span style=\"color: #ff0000\">OBS: Priserna p\u00e5 v\u00e5r webbplats inkluderar inte fraktkostnader<\/span><\/p>\n<p>&nbsp;<\/p>","protected":false},"featured_media":3073,"comment_status":"open","ping_status":"closed","template":"","meta":{"_uag_custom_page_level_css":"","_lmt_disableupdate":"no","_lmt_disable":"","site-sidebar-layout":"default","site-content-layout":"content-boxed-container","ast-site-content-layout":"normal-width-container","site-content-style":"boxed","site-sidebar-style":"unboxed","ast-global-header-display":"","ast-banner-title-visibility":"","ast-main-header-display":"","ast-hfb-above-header-display":"","ast-hfb-below-header-display":"","ast-hfb-mobile-header-display":"","site-post-title":"","ast-breadcrumbs-content":"","ast-featured-img":"","footer-sml-layout":"","theme-transparent-header-meta":"default","adv-header-id-meta":"","stick-header-meta":"","header-above-stick-meta":"","header-main-stick-meta":"","header-below-stick-meta":"","astra-migrate-meta-layouts":"set","_joinchat":[]},"product_cat":[167,153,155,33,59,100,34,158,357,157,154,152,58,84,156,63,32],"product_tag":[139,36,37,41,40],"class_list":["post-3075","product","type-product","status-publish","has-post-thumbnail","hentry","product_cat-10000-puffs-disposable-vape","product_cat-hot-disposable-vapes","product_cat-belgium-hot-disposable-vapes","product_cat-france-vape-hot-sale","product_cat-germany-hot-disposable-vape","product_cat-germany-wholesale-vape-shop","product_cat-netherlands-vape-good-sale","product_cat-norway-hot-disposable-vapes","product_cat-poco-vape","product_cat-poland-hot-disposable-vapes","product_cat-portugal-hot-disposable-vapes","product_cat-spain-hot-disposable-vapes","product_cat-sweden-hot-disposable-vape","product_cat-sweden-wholesale-vape","product_cat-switzerland-hot-disposable-vapes","product_cat-top-sale-disposable-vape","product_cat-vape-hot-sale-this-week","product_tag-30k-puffs","product_tag-good-vape","product_tag-hot-sale-disposable-vape","product_tag-poland-hot-vape","product_tag-sweden-hot-vape","pa_brand-poco-vape","desktop-align-left","tablet-align-left","mobile-align-left"],"yoast_head":"<!-- This site is optimized with the Yoast SEO plugin v21.1 - https:\/\/yoast.com\/wordpress\/plugins\/seo\/ -->\n<title>POCO Bl 10000 Puffs Hot Selling High Puff Type-C Disposable Vape - vapebulkp.com<\/title>\n<meta name=\"description\" content=\"Shop POCO BL 10000 Puffs Disposable Vape with mesh coil, 20ml nicotine salt e-liquid &amp; Type-C charging. Long-lasting rechargeable vape \u2014 order wholesale now!\" \/>\n<meta name=\"robots\" content=\"index, follow, max-snippet:-1, max-image-preview:large, max-video-preview:-1\" \/>\n<link rel=\"canonical\" href=\"https:\/\/vapebulkp.com\/sv\/product\/poco-bl-10000-puffs-hot-selling-high-puff-type-c-disposable-vape\/\" \/>\n<meta property=\"og:locale\" content=\"sv_SE\" \/>\n<meta property=\"og:type\" content=\"article\" \/>\n<meta property=\"og:title\" content=\"POCO Bl 10000 Puffs Hot Selling High Puff Type-C Disposable Vape - vapebulkp.com\" \/>\n<meta property=\"og:description\" content=\"Shop POCO BL 10000 Puffs Disposable Vape with mesh coil, 20ml nicotine salt e-liquid &amp; Type-C charging. Long-lasting rechargeable vape \u2014 order wholesale now!\" \/>\n<meta property=\"og:url\" content=\"https:\/\/vapebulkp.com\/sv\/product\/poco-bl-10000-puffs-hot-selling-high-puff-type-c-disposable-vape\/\" \/>\n<meta property=\"og:site_name\" content=\"vapebulkp.com\" \/>\n<meta property=\"article:modified_time\" content=\"2025-09-24T03:14:42+00:00\" \/>\n<meta property=\"og:image\" content=\"http:\/\/vapebulkp.com\/wp-content\/uploads\/2024\/10\/EU-Warehouse-Poco-BL10000-Puffs-Disposable-Vape-Pod-Puff-10k-Top-Sale-poco-Vape.png\" \/>\n\t<meta property=\"og:image:width\" content=\"500\" \/>\n\t<meta property=\"og:image:height\" content=\"563\" \/>\n\t<meta property=\"og:image:type\" content=\"image\/png\" \/>\n<meta name=\"twitter:card\" content=\"summary_large_image\" \/>\n<meta name=\"twitter:label1\" content=\"Ber\u00e4knad l\u00e4stid\" \/>\n\t<meta name=\"twitter:data1\" content=\"4 minuter\" \/>\n<script type=\"application\/ld+json\" class=\"yoast-schema-graph\">{\"@context\":\"https:\/\/schema.org\",\"@graph\":[{\"@type\":\"WebPage\",\"@id\":\"https:\/\/vapebulkp.com\/product\/poco-bl-10000-puffs-hot-selling-high-puff-type-c-disposable-vape\/\",\"url\":\"https:\/\/vapebulkp.com\/product\/poco-bl-10000-puffs-hot-selling-high-puff-type-c-disposable-vape\/\",\"name\":\"POCO Bl 10000 Puffs Hot Selling High Puff Type-C Disposable Vape - vapebulkp.com\",\"isPartOf\":{\"@id\":\"https:\/\/vapebulkp.com\/#website\"},\"datePublished\":\"2024-10-28T07:28:39+00:00\",\"dateModified\":\"2025-09-24T03:14:42+00:00\",\"description\":\"Shop POCO BL 10000 Puffs Disposable Vape with mesh coil, 20ml nicotine salt e-liquid & Type-C charging. Long-lasting rechargeable vape \u2014 order wholesale now!\",\"breadcrumb\":{\"@id\":\"https:\/\/vapebulkp.com\/product\/poco-bl-10000-puffs-hot-selling-high-puff-type-c-disposable-vape\/#breadcrumb\"},\"inLanguage\":\"sv-SE\",\"potentialAction\":[{\"@type\":\"ReadAction\",\"target\":[\"https:\/\/vapebulkp.com\/product\/poco-bl-10000-puffs-hot-selling-high-puff-type-c-disposable-vape\/\"]}]},{\"@type\":\"BreadcrumbList\",\"@id\":\"https:\/\/vapebulkp.com\/product\/poco-bl-10000-puffs-hot-selling-high-puff-type-c-disposable-vape\/#breadcrumb\",\"itemListElement\":[{\"@type\":\"ListItem\",\"position\":1,\"name\":\"Home\",\"item\":\"https:\/\/vapebulkp.com\/\"},{\"@type\":\"ListItem\",\"position\":2,\"name\":\"Hot Trend Vapes\",\"item\":\"https:\/\/vapebulkp.com\/vape-shop\/\"},{\"@type\":\"ListItem\",\"position\":3,\"name\":\"POCO Bl 10000 Puffs Hot Selling High Puff Type-C Disposable Vape\"}]},{\"@type\":\"WebSite\",\"@id\":\"https:\/\/vapebulkp.com\/#website\",\"url\":\"https:\/\/vapebulkp.com\/\",\"name\":\"vapebulkp.com\",\"description\":\"Buy Vape In Cheap Bulk Price Near you\",\"publisher\":{\"@id\":\"https:\/\/vapebulkp.com\/#organization\"},\"potentialAction\":[{\"@type\":\"SearchAction\",\"target\":{\"@type\":\"EntryPoint\",\"urlTemplate\":\"https:\/\/vapebulkp.com\/?s={search_term_string}\"},\"query-input\":\"required name=search_term_string\"}],\"inLanguage\":\"sv-SE\"},{\"@type\":\"Organization\",\"@id\":\"https:\/\/vapebulkp.com\/#organization\",\"name\":\"vapebulkp.com\",\"url\":\"https:\/\/vapebulkp.com\/\",\"logo\":{\"@type\":\"ImageObject\",\"inLanguage\":\"sv-SE\",\"@id\":\"https:\/\/vapebulkp.com\/#\/schema\/logo\/image\/\",\"url\":\"https:\/\/vapebulkp.com\/wp-content\/uploads\/2023\/09\/cropped-vapebulkp.png\",\"contentUrl\":\"https:\/\/vapebulkp.com\/wp-content\/uploads\/2023\/09\/cropped-vapebulkp.png\",\"width\":516,\"height\":163,\"caption\":\"vapebulkp.com\"},\"image\":{\"@id\":\"https:\/\/vapebulkp.com\/#\/schema\/logo\/image\/\"}}]}<\/script>\n<!-- \/ Yoast SEO plugin. -->","yoast_head_json":{"title":"POCO Bl 10000 Puffs Hot Selling High Puff Type-C Disposable Vape - vapebulkp.com","description":"Shop POCO BL 10000 Puffs Disposable Vape with mesh coil, 20ml nicotine salt e-liquid & Type-C charging. Long-lasting rechargeable vape \u2014 order wholesale now!","robots":{"index":"index","follow":"follow","max-snippet":"max-snippet:-1","max-image-preview":"max-image-preview:large","max-video-preview":"max-video-preview:-1"},"canonical":"https:\/\/vapebulkp.com\/sv\/product\/poco-bl-10000-puffs-hot-selling-high-puff-type-c-disposable-vape\/","og_locale":"sv_SE","og_type":"article","og_title":"POCO Bl 10000 Puffs Hot Selling High Puff Type-C Disposable Vape - vapebulkp.com","og_description":"Shop POCO BL 10000 Puffs Disposable Vape with mesh coil, 20ml nicotine salt e-liquid & Type-C charging. Long-lasting rechargeable vape \u2014 order wholesale now!","og_url":"https:\/\/vapebulkp.com\/sv\/product\/poco-bl-10000-puffs-hot-selling-high-puff-type-c-disposable-vape\/","og_site_name":"vapebulkp.com","article_modified_time":"2025-09-24T03:14:42+00:00","og_image":[{"width":500,"height":563,"url":"http:\/\/vapebulkp.com\/wp-content\/uploads\/2024\/10\/EU-Warehouse-Poco-BL10000-Puffs-Disposable-Vape-Pod-Puff-10k-Top-Sale-poco-Vape.png","type":"image\/png"}],"twitter_card":"summary_large_image","twitter_misc":{"Ber\u00e4knad l\u00e4stid":"4 minuter"},"schema":{"@context":"https:\/\/schema.org","@graph":[{"@type":"WebPage","@id":"https:\/\/vapebulkp.com\/product\/poco-bl-10000-puffs-hot-selling-high-puff-type-c-disposable-vape\/","url":"https:\/\/vapebulkp.com\/product\/poco-bl-10000-puffs-hot-selling-high-puff-type-c-disposable-vape\/","name":"POCO Bl 10000 Puffs Hot Selling High Puff Type-C Disposable Vape - vapebulkp.com","isPartOf":{"@id":"https:\/\/vapebulkp.com\/#website"},"datePublished":"2024-10-28T07:28:39+00:00","dateModified":"2025-09-24T03:14:42+00:00","description":"Shop POCO BL 10000 Puffs Disposable Vape with mesh coil, 20ml nicotine salt e-liquid & Type-C charging. Long-lasting rechargeable vape \u2014 order wholesale now!","breadcrumb":{"@id":"https:\/\/vapebulkp.com\/product\/poco-bl-10000-puffs-hot-selling-high-puff-type-c-disposable-vape\/#breadcrumb"},"inLanguage":"sv-SE","potentialAction":[{"@type":"ReadAction","target":["https:\/\/vapebulkp.com\/product\/poco-bl-10000-puffs-hot-selling-high-puff-type-c-disposable-vape\/"]}]},{"@type":"BreadcrumbList","@id":"https:\/\/vapebulkp.com\/product\/poco-bl-10000-puffs-hot-selling-high-puff-type-c-disposable-vape\/#breadcrumb","itemListElement":[{"@type":"ListItem","position":1,"name":"Home","item":"https:\/\/vapebulkp.com\/"},{"@type":"ListItem","position":2,"name":"Hot Trend Vapes","item":"https:\/\/vapebulkp.com\/vape-shop\/"},{"@type":"ListItem","position":3,"name":"POCO Bl 10000 Puffs Hot Selling High Puff Type-C Disposable Vape"}]},{"@type":"WebSite","@id":"https:\/\/vapebulkp.com\/#website","url":"https:\/\/vapebulkp.com\/","name":"vapebulkp.com","description":"Buy Vape In Cheap Bulk Price Near you","publisher":{"@id":"https:\/\/vapebulkp.com\/#organization"},"potentialAction":[{"@type":"SearchAction","target":{"@type":"EntryPoint","urlTemplate":"https:\/\/vapebulkp.com\/?s={search_term_string}"},"query-input":"required name=search_term_string"}],"inLanguage":"sv-SE"},{"@type":"Organization","@id":"https:\/\/vapebulkp.com\/#organization","name":"vapebulkp.com","url":"https:\/\/vapebulkp.com\/","logo":{"@type":"ImageObject","inLanguage":"sv-SE","@id":"https:\/\/vapebulkp.com\/#\/schema\/logo\/image\/","url":"https:\/\/vapebulkp.com\/wp-content\/uploads\/2023\/09\/cropped-vapebulkp.png","contentUrl":"https:\/\/vapebulkp.com\/wp-content\/uploads\/2023\/09\/cropped-vapebulkp.png","width":516,"height":163,"caption":"vapebulkp.com"},"image":{"@id":"https:\/\/vapebulkp.com\/#\/schema\/logo\/image\/"}}]}},"uagb_featured_image_src":{"full":["https:\/\/vapebulkp.com\/wp-content\/uploads\/2024\/10\/EU-Warehouse-Poco-BL10000-Puffs-Disposable-Vape-Pod-Puff-10k-Top-Sale-poco-Vape.png",500,563,false],"thumbnail":["https:\/\/vapebulkp.com\/wp-content\/uploads\/2024\/10\/EU-Warehouse-Poco-BL10000-Puffs-Disposable-Vape-Pod-Puff-10k-Top-Sale-poco-Vape-150x150.png",150,150,true],"medium":["https:\/\/vapebulkp.com\/wp-content\/uploads\/2024\/10\/EU-Warehouse-Poco-BL10000-Puffs-Disposable-Vape-Pod-Puff-10k-Top-Sale-poco-Vape-266x300.png",266,300,true],"medium_large":["https:\/\/vapebulkp.com\/wp-content\/uploads\/2024\/10\/EU-Warehouse-Poco-BL10000-Puffs-Disposable-Vape-Pod-Puff-10k-Top-Sale-poco-Vape.png",500,563,false],"large":["https:\/\/vapebulkp.com\/wp-content\/uploads\/2024\/10\/EU-Warehouse-Poco-BL10000-Puffs-Disposable-Vape-Pod-Puff-10k-Top-Sale-poco-Vape.png",500,563,false],"1536x1536":["https:\/\/vapebulkp.com\/wp-content\/uploads\/2024\/10\/EU-Warehouse-Poco-BL10000-Puffs-Disposable-Vape-Pod-Puff-10k-Top-Sale-poco-Vape.png",500,563,false],"2048x2048":["https:\/\/vapebulkp.com\/wp-content\/uploads\/2024\/10\/EU-Warehouse-Poco-BL10000-Puffs-Disposable-Vape-Pod-Puff-10k-Top-Sale-poco-Vape.png",500,563,false],"trp-custom-language-flag":["https:\/\/vapebulkp.com\/wp-content\/uploads\/2024\/10\/EU-Warehouse-Poco-BL10000-Puffs-Disposable-Vape-Pod-Puff-10k-Top-Sale-poco-Vape.png",11,12,false],"woocommerce_thumbnail":["https:\/\/vapebulkp.com\/wp-content\/uploads\/2024\/10\/EU-Warehouse-Poco-BL10000-Puffs-Disposable-Vape-Pod-Puff-10k-Top-Sale-poco-Vape-300x300.png",300,300,true],"woocommerce_single":["https:\/\/vapebulkp.com\/wp-content\/uploads\/2024\/10\/EU-Warehouse-Poco-BL10000-Puffs-Disposable-Vape-Pod-Puff-10k-Top-Sale-poco-Vape.png",500,563,false],"woocommerce_gallery_thumbnail":["https:\/\/vapebulkp.com\/wp-content\/uploads\/2024\/10\/EU-Warehouse-Poco-BL10000-Puffs-Disposable-Vape-Pod-Puff-10k-Top-Sale-poco-Vape-100x100.png",100,100,true],"wcpr-photo-reviews":["https:\/\/vapebulkp.com\/wp-content\/uploads\/2024\/10\/EU-Warehouse-Poco-BL10000-Puffs-Disposable-Vape-Pod-Puff-10k-Top-Sale-poco-Vape.png",444,500,false]},"uagb_author_info":{"display_name":"Mandy vape bulk price","author_link":"https:\/\/vapebulkp.com\/sv\/author\/"},"uagb_comment_info":0,"uagb_excerpt":"Buy POCO BL 10000 Puffs disposable vape online Choosing the POCO BL 10000 Puffs Disposable Vape means opting for a high-quality, versatile device that meets your vaping needs while providing a stylish and enjoyable experience. Pls Contact Mandy's WhatsApp For Discount Price+8618077105796 NOTE: Prices on our website does not include shipping costs &nbsp;","_links":{"self":[{"href":"https:\/\/vapebulkp.com\/sv\/wp-json\/wp\/v2\/product\/3075","targetHints":{"allow":["GET"]}}],"collection":[{"href":"https:\/\/vapebulkp.com\/sv\/wp-json\/wp\/v2\/product"}],"about":[{"href":"https:\/\/vapebulkp.com\/sv\/wp-json\/wp\/v2\/types\/product"}],"replies":[{"embeddable":true,"href":"https:\/\/vapebulkp.com\/sv\/wp-json\/wp\/v2\/comments?post=3075"}],"wp:featuredmedia":[{"embeddable":true,"href":"https:\/\/vapebulkp.com\/sv\/wp-json\/wp\/v2\/media\/3073"}],"wp:attachment":[{"href":"https:\/\/vapebulkp.com\/sv\/wp-json\/wp\/v2\/media?parent=3075"}],"wp:term":[{"taxonomy":"product_cat","embeddable":true,"href":"https:\/\/vapebulkp.com\/sv\/wp-json\/wp\/v2\/product_cat?post=3075"},{"taxonomy":"product_tag","embeddable":true,"href":"https:\/\/vapebulkp.com\/sv\/wp-json\/wp\/v2\/product_tag?post=3075"}],"curies":[{"name":"wp","href":"https:\/\/api.w.org\/{rel}","templated":true}]}}