{"id":3087,"date":"2024-10-31T08:37:05","date_gmt":"2024-10-31T07:37:05","guid":{"rendered":"https:\/\/vapebulkp.com\/?post_type=product&#038;p=3087"},"modified":"2025-09-24T05:44:32","modified_gmt":"2025-09-24T03:44:32","slug":"vapme-crystal-disposable-vape-20000-puffs-big-smok-2-nicotine","status":"publish","type":"product","link":"https:\/\/vapebulkp.com\/sv\/product\/vapme-crystal-disposable-vape-20000-puffs-big-smok-2-nicotine\/","title":{"rendered":"Vapme Crystal Eng\u00e5ngsvape 20000 Puffar Big SMOK 2% Nikotin"},"content":{"rendered":"<h2>Vapme Crystal Eng\u00e5ngsvape 20000 Puffar Big SMOK 2% Nikotin<\/h2>\n<div class=\"flex max-w-full flex-col flex-grow\">\n<div class=\"min-h-8 text-message flex w-full flex-col items-end gap-2 whitespace-normal break-words [.text-message+&amp;]:mt-5\" dir=\"auto\" data-message-author-role=\"assistant\" data-message-id=\"d4e5856e-b87d-43e1-bf1b-fe5b0e62d5d8\" data-message-model-slug=\"gpt-4o\">\n<div class=\"flex w-full flex-col gap-1 empty:hidden first:pt-[3px]\">\n<div class=\"markdown prose w-full break-words dark:prose-invert light\">\n<p data-start=\"297\" data-end=\"599\">Den <strong data-start=\"341\" data-end=\"386\">Vapme Crystal Eng\u00e5ngsvape 20000 Puffar<\/strong> levererar h\u00f6gpresterande vaping i en elegant, resev\u00e4nlig design. Perfekt f\u00f6r europeiska unga m\u00e4n, denna b\u00e4sts\u00e4ljande <a href=\"https:\/\/vapebulkp.com\/sv\/product-category\/20000-puffs-disposable-vape\/\"><strong data-start=\"493\" data-end=\"524\">20000 Puffs Eng\u00e5ngs Vape<\/strong><\/a> kombinerar stil och bekv\u00e4mlighet med en j\u00e4mn, konsekvent tr\u00e4ff varje g\u00e5ng.<\/p>\n<p data-start=\"601\" data-end=\"889\">Utrustad med ett 700mAh batteri och Type-C snabbladdning, h\u00e5ller den dig laddad hela dagen. Med 20 ml e-v\u00e4tskekapacitet och en 1.0\u03a9 mesh-coil erbjuder den rik smak och j\u00e4mn \u00e5nga \u00f6ver 20 000 puffar. V\u00e4lj mellan 10+10 popul\u00e4ra smaker, var och en med 2% nikotin f\u00f6r ett balanserat, tillfredsst\u00e4llande drag.<\/p>\n<p data-start=\"891\" data-end=\"1056\">Kompakt och stilren, Vapme Crystal \u00e4r idealisk f\u00f6r daglig anv\u00e4ndning, sociala sammanhang eller vaping p\u00e5 spr\u00e5ng. Lager i EU-lager s\u00e4kerst\u00e4ller snabb leverans och p\u00e5litlig kvalitet.<\/p>\n<p data-start=\"1058\" data-end=\"1192\">Uppgradera till <strong data-start=\"1073\" data-end=\"1118\">Vapme Crystal 20000 Puffar Vape Grossist<\/strong> f\u00f6r en premium, l\u00e5ngvarig <strong data-start=\"1147\" data-end=\"1178\">20000 Puffs Eng\u00e5ngs Vape<\/strong> upplevelse.<\/p>\n<\/div>\n<\/div>\n<\/div>\n<\/div>\n<p><img decoding=\"async\" class=\"alignnone wp-image-3091\" src=\"http:\/\/vapebulkp.com\/wp-content\/uploads\/2024\/10\/vapme-crystal-20000-puffs-good-review-scaled.jpg\" alt=\"vapme crystal 20000 puffar bra recension\" width=\"484\" height=\"484\" srcset=\"https:\/\/vapebulkp.com\/wp-content\/uploads\/2024\/10\/vapme-crystal-20000-puffs-good-review-scaled.jpg 2560w, https:\/\/vapebulkp.com\/wp-content\/uploads\/2024\/10\/vapme-crystal-20000-puffs-good-review-300x300.jpg 300w, https:\/\/vapebulkp.com\/wp-content\/uploads\/2024\/10\/vapme-crystal-20000-puffs-good-review-1024x1024.jpg 1024w, https:\/\/vapebulkp.com\/wp-content\/uploads\/2024\/10\/vapme-crystal-20000-puffs-good-review-150x150.jpg 150w, https:\/\/vapebulkp.com\/wp-content\/uploads\/2024\/10\/vapme-crystal-20000-puffs-good-review-768x768.jpg 768w, https:\/\/vapebulkp.com\/wp-content\/uploads\/2024\/10\/vapme-crystal-20000-puffs-good-review-1536x1536.jpg 1536w, https:\/\/vapebulkp.com\/wp-content\/uploads\/2024\/10\/vapme-crystal-20000-puffs-good-review-2048x2048.jpg 2048w, https:\/\/vapebulkp.com\/wp-content\/uploads\/2024\/10\/vapme-crystal-20000-puffs-good-review-600x600.jpg 600w, https:\/\/vapebulkp.com\/wp-content\/uploads\/2024\/10\/vapme-crystal-20000-puffs-good-review-100x100.jpg 100w\" sizes=\"(max-width: 484px) 100vw, 484px\" \/><\/p>\n<p>&nbsp;<\/p>\n<h6 style=\"text-align: left\"><\/h6>\n<h6>Kontakta Mandy via WhatsApp f\u00f6r rabatterat pris<a href=\"https:\/\/wa.me\/8618077105796\">+8618077105796<\/a><\/h6>\n<p><img decoding=\"async\" class=\"alignnone wp-image-2151\" src=\"http:\/\/vapebulkp.com\/wp-content\/uploads\/2024\/04\/Mandy-WhatsApp-Randm.jpg\" alt=\"Mandy WhatsApp Randm\" width=\"263\" height=\"280\" srcset=\"https:\/\/vapebulkp.com\/wp-content\/uploads\/2024\/04\/Mandy-WhatsApp-Randm.jpg 916w, https:\/\/vapebulkp.com\/wp-content\/uploads\/2024\/04\/Mandy-WhatsApp-Randm-282x300.jpg 282w, https:\/\/vapebulkp.com\/wp-content\/uploads\/2024\/04\/Mandy-WhatsApp-Randm-768x817.jpg 768w, https:\/\/vapebulkp.com\/wp-content\/uploads\/2024\/04\/Mandy-WhatsApp-Randm-600x638.jpg 600w\" sizes=\"(max-width: 263px) 100vw, 263px\" \/><\/p>\n<h3>Varf\u00f6r Vapme Crystal 20000 Puffar Eng\u00e5ngsvape \u00e4r Idealisk f\u00f6r Vape Startpaket?<\/h3>\n<ol>\n<li><strong>Anv\u00e4ndarv\u00e4nlig Design<\/strong>: Vapme Crystal \u00e4r designad f\u00f6r enkel anv\u00e4ndning, vilket g\u00f6r den perfekt f\u00f6r nyb\u00f6rjare. Den kr\u00e4ver ingen komplicerad installation eller underh\u00e5ll, vilket g\u00f6r att nya anv\u00e4ndare kan b\u00f6rja vapen omedelbart.<\/li>\n<li><strong>L\u00e5ngvarig Prestanda<\/strong>: Med \u00f6ver 20 000 puffar erbjuder denna eng\u00e5ngsvape ut\u00f6kad anv\u00e4ndning, vilket minskar behovet av frekventa byten och g\u00f6r den till ett kostnadseffektivt val f\u00f6r dem som precis b\u00f6rjat.<\/li>\n<li><strong>Variation av Smaker<\/strong>: Med 10+10 smaker tillgodoser Vapme Crystal olika smakpreferenser, vilket g\u00f6r att nykomlingar kan utforska olika smaker utan att binda sig till stora flaskor med e-v\u00e4tska.<\/li>\n<li><strong>Portabel och Bekv\u00e4m<\/strong>: Dess l\u00e4tta och kompakta design g\u00f6r den enkel att b\u00e4ra med sig, vilket g\u00f6r den l\u00e4mplig f\u00f6r anv\u00e4ndare som vill vejpa p\u00e5 spr\u00e5ng, oavsett om det \u00e4r vid sociala sammankomster eller under dagliga pendlingar.<\/li>\n<li><strong>Integrerat batteri<\/strong>: 700mAh-batteriet med Type-C-laddning s\u00e4kerst\u00e4ller p\u00e5litlig str\u00f6mhantering, s\u00e5 att anv\u00e4ndarna inte beh\u00f6ver oroa sig f\u00f6r batteritiden under sina f\u00f6rsta vape-upplevelser.<\/li>\n<\/ol>\n<h3>Vanliga fr\u00e5gor om Aspire Vape Vapme Crystal 20k Puffs<\/h3>\n<ol>\n<li><strong>Vad \u00e4r antalet bloss f\u00f6r Vapme Crystal 20000 Puffs?<\/strong>\n<ul>\n<li>Vapme Crystal erbjuder \u00f6ver 20 000 bloss, vilket ger l\u00e5ngvarig njutning utan frekventa byten.<\/li>\n<\/ul>\n<\/li>\n<li><strong>\u00c4r Vapme Crystal 20k puff l\u00e4tt att anv\u00e4nda f\u00f6r nyb\u00f6rjare?<\/strong>\n<ul>\n<li>Ja, Vapme Crystal \u00e4r designad f\u00f6r enkelhet, vilket g\u00f6r den idealisk f\u00f6r b\u00e5de nyb\u00f6rjare och erfarna vapers. Den kr\u00e4ver ingen installation eller underh\u00e5ll.<\/li>\n<\/ul>\n<\/li>\n<li><strong>Vilken typ av batteri har Vapme Crystal 20000Puffs?<\/strong>\n<ul>\n<li>Den \u00e4r utrustad med ett 700mAh-batteri och en Type-C-laddningsport f\u00f6r effektiv str\u00f6mhantering och snabb laddning.<\/li>\n<\/ul>\n<\/li>\n<li><strong>Hur ska jag f\u00f6rvara min Vapme Crystal 20k vape?<\/strong>\n<ul>\n<li>F\u00f6rvara enheten p\u00e5 en sval, torr plats borta fr\u00e5n direkt solljus och extrema temperaturer f\u00f6r att s\u00e4kerst\u00e4lla optimal prestanda.<\/li>\n<\/ul>\n<\/li>\n<li><strong>Vad ska jag g\u00f6ra om min Vapme Crystal 20k Puffs slutar fungera?<\/strong>\n<ul>\n<li>Om enheten slutar fungera kan den ha slut p\u00e5 bloss eller s\u00e5 kan batteriet vara urladdat. Eftersom den \u00e4r eng\u00e5ngsartikel b\u00f6r den bytas ut mot en ny enhet.<\/li>\n<\/ul>\n<\/li>\n<\/ol>\n<h3>Vapme Crystal 20000 Puffs Eng\u00e5ngsvape Juul vape Specifikationer<\/h3>\n<ul>\n<li><strong>Smaker<\/strong>: 10+10 smaker f\u00f6r varierande vape-alternativ<\/li>\n<li><strong>Batteri<\/strong>: 700mAh med Type-C-laddningsport f\u00f6r effektiv str\u00f6mhantering<\/li>\n<li><strong>E-v\u00e4tskekapacitet<\/strong>: 20 ml vape-juice f\u00f6r ut\u00f6kad anv\u00e4ndning<\/li>\n<li><strong>Spole<\/strong>: 1,0 ohm mesh-coil f\u00f6r f\u00f6rb\u00e4ttrad smak och \u00e5ngproduktion<\/li>\n<li><strong>Antal bloss<\/strong>: \u00d6ver 20 000 bloss f\u00f6r l\u00e5ngvarig njutning<\/li>\n<li><strong>F\u00f6rpackning<\/strong>: 160 enheter per l\u00e5da f\u00f6r stork\u00f6p<\/li>\n<li><strong>Vikt<\/strong>: 20,8 kg per l\u00e5da f\u00f6r enkel transport<\/li>\n<li><strong>Nikotininneh\u00e5ll<\/strong>: 2% f\u00f6r en tillfredsst\u00e4llande vapingupplevelse<\/li>\n<li><strong>Design<\/strong>: 2-i-1 smakenhet f\u00f6r m\u00e5ngsidiga vapingalternativ<\/li>\n<\/ul>\n<h3>Vapme Crystal 20000 Puffs Vape Smaker:<\/h3>\n<p>1 Bl\u00e5b\u00e4r Hallon<br \/>\nVattenmelon is<br \/>\n2 Jordgubbsvattenmelon<br \/>\nPassionsfrukt melon is<br \/>\n3 K\u00f6rsb\u00e4r is<br \/>\nBl\u00e5 razz lemonad<br \/>\n4 Druvis<br \/>\nJordgubbskiwi<br \/>\n5 Jordgubbsbanan<br \/>\nDubbel\u00e4pple<br \/>\n6 Blandade b\u00e4r is<br \/>\nPersika mango ananas<br \/>\n7 Jordgubbsis<br \/>\nVattenmelon kiwi is<br \/>\n8 Energidryck<br \/>\nK\u00f6rsb\u00e4r cola<br \/>\n9 Jordgubbs hallon godis<br \/>\nPersiko is<br \/>\n10 Jordgubbsmango<br \/>\nKiwi passionsfrukt guava<\/p>\n<p><a href=\"https:\/\/vapebulkp.com\/sv\/product\/popular-randm-tornado-7000puffs-disposable-vape-best-price\/\">Randm tornado 7000 bloss<\/a><\/p>\n<p><span style=\"vertical-align: inherit\">Hitta fler produkter du kanske gillar:<\/span><em><a href=\"https:\/\/wa.me\/8618077105796\"><span style=\"vertical-align: inherit\">\u00a0K\u00f6p nu<\/span><\/a><\/em><\/p>\n<p><span style=\"vertical-align: inherit\">Andra Puffs du kanske gillar:<\/span><a href=\"https:\/\/vapebulkp.com\/sv\/product\/fumot-tornado-25k-puffs-cheap-price-disposable-vape\/\"><span style=\"vertical-align: inherit\">RandM Fumot Tornado 25000 Puffar<\/span><\/a><\/p>\n<p><a href=\"https:\/\/vapebulkp.com\/sv\/product\/vapme-shisha-pro-max-20k-type-c-rechargeable-vape\/\"><span style=\"vertical-align: inherit\">Vapme shisha pro max 20000 Puffar<\/span><\/a><\/p>\n<p><a href=\"https:\/\/vapebulkp.com\/sv\/product\/uwin-crystal-10k-puff-long-lasting-disposable-vape-for-europe\/\"><span style=\"vertical-align: inherit\">UWIN Crystal 10000 Puffar<\/span><\/a><\/p>\n<p><a href=\"https:\/\/vapebulkp.com\/sv\/product\/randm-fumot-tornado-30k-puffs-rechargeable-vapes-best-sale\/\"><span style=\"vertical-align: inherit\">Randm Vape 30k Puffar<\/span><\/a><\/p>\n<p><span style=\"vertical-align: inherit\">E-cigarettflaska med specialform:<\/span><a href=\"https:\/\/vapebulkp.com\/sv\/product\/elf-box-pulse-x-25000puffs-led-screen-rechargeable-vape\/\"><span style=\"vertical-align: inherit\">ELF BOX pulse v 25000 Puffar<\/span><\/a><span style=\"vertical-align: inherit\">\/ <\/span><a href=\"https:\/\/vapebulkp.com\/sv\/product\/vozol-vista-20000-puff-rechargeable-vape-cheap-price-today\/\"><span style=\"vertical-align: inherit\">vozol vista 20000 Puffar<\/span><\/a><span style=\"vertical-align: inherit\">\/<\/span><a href=\"https:\/\/vapebulkp.com\/sv\/product\/wga-crystal-plus-16000-puffs-led-light-disposable-vape\/\"><span style=\"vertical-align: inherit\">\u00a0 WGA Crystal Plus 16000 Puffar<\/span><\/a><\/p>\n<h4>Leveransdetaljer:<\/h4>\n<p><span style=\"color: #ff6600\">Produktionstid: 5-10 arbetsdagar<\/span><br \/>\n<span style=\"color: #ff6600\">Leveranstid: 8-14 arbetsdagar<\/span><\/p>\n<p>Alla produkter i v\u00e5r butik \u00e4r 100% originala och autentiska, d\u00e4rf\u00f6r \u00e4r Tiofaldig ers\u00e4ttning f\u00f6r falska varor v\u00e5r butikspolicy. Vi anv\u00e4nder logistikkanaler som UPS\/DHL\/FEDEX\/DPD f\u00f6r att leverera varor till dig.<\/p>\n<p>F\u00f6r paket som skickas inom Sverige tar det vanligtvis 10 arbetsdagar att anl\u00e4nda. Leveranser till andra europeiska l\u00e4nder tar vanligtvis 12 till 15 arbetsdagar att anl\u00e4nda. Vi uppdaterar logistikinformationen f\u00f6r dig i realtid.<\/p>\n<p>Kontakta oss s\u00e5 kan vi erbjuda dig Hazebar 12000 Puff och ta din verksamhet till nya h\u00f6jder!<\/p>","protected":false},"excerpt":{"rendered":"<p>Vapme Crystal 20000 Puffar Eng\u00e5ngsvape har revolutionerat vapingv\u00e4rlden med sin innovativa design och anv\u00e4ndarv\u00e4nliga funktioner. Perfekt f\u00f6r b\u00e5de nyb\u00f6rjare och erfarna anv\u00e4ndare, denna vape-penna erbjuder en \u00f6verl\u00e4gsen vapingupplevelse som sticker ut p\u00e5 den konkurrensutsatta vapenmarknaden.<br \/>\n<img decoding=\"async\" class=\"alignnone wp-image-2151\" src=\"http:\/\/vapebulkp.com\/wp-content\/uploads\/2024\/04\/Mandy-WhatsApp-Randm.jpg\" alt=\"Mandy WhatsApp Randm\" width=\"238\" height=\"253\" srcset=\"https:\/\/vapebulkp.com\/wp-content\/uploads\/2024\/04\/Mandy-WhatsApp-Randm.jpg 916w, https:\/\/vapebulkp.com\/wp-content\/uploads\/2024\/04\/Mandy-WhatsApp-Randm-282x300.jpg 282w, https:\/\/vapebulkp.com\/wp-content\/uploads\/2024\/04\/Mandy-WhatsApp-Randm-768x817.jpg 768w, https:\/\/vapebulkp.com\/wp-content\/uploads\/2024\/04\/Mandy-WhatsApp-Randm-600x638.jpg 600w\" sizes=\"(max-width: 238px) 100vw, 238px\" \/><\/p>\n<p>Kontakta Mandy via WhatsApp f\u00f6r rabatterat pris<a href=\"https:\/\/wa.me\/8618077105796\">+8618077105796<\/a><\/p>\n<p><span style=\"color: #ff0000\">OBS: Priserna p\u00e5 v\u00e5r webbplats inkluderar inte fraktkostnader<\/span><\/p>","protected":false},"featured_media":3092,"comment_status":"open","ping_status":"closed","template":"","meta":{"_uag_custom_page_level_css":"","_lmt_disableupdate":"no","_lmt_disable":"","site-sidebar-layout":"default","site-content-layout":"content-boxed-container","ast-site-content-layout":"normal-width-container","site-content-style":"boxed","site-sidebar-style":"unboxed","ast-global-header-display":"","ast-banner-title-visibility":"","ast-main-header-display":"","ast-hfb-above-header-display":"","ast-hfb-below-header-display":"","ast-hfb-mobile-header-display":"","site-post-title":"","ast-breadcrumbs-content":"","ast-featured-img":"","footer-sml-layout":"","theme-transparent-header-meta":"default","adv-header-id-meta":"","stick-header-meta":"","header-above-stick-meta":"","header-main-stick-meta":"","header-below-stick-meta":"","astra-migrate-meta-layouts":"set","_joinchat":[]},"product_cat":[162,153,155,33,59,100,34,158,157,154,152,58,84,156,63,32,368],"product_tag":[77,36,37,91,105,41,71,40],"class_list":["post-3087","product","type-product","status-publish","has-post-thumbnail","hentry","product_cat-20000-puffs-disposable-vape","product_cat-hot-disposable-vapes","product_cat-belgium-hot-disposable-vapes","product_cat-france-vape-hot-sale","product_cat-germany-hot-disposable-vape","product_cat-germany-wholesale-vape-shop","product_cat-netherlands-vape-good-sale","product_cat-norway-hot-disposable-vapes","product_cat-poland-hot-disposable-vapes","product_cat-portugal-hot-disposable-vapes","product_cat-spain-hot-disposable-vapes","product_cat-sweden-hot-disposable-vape","product_cat-sweden-wholesale-vape","product_cat-switzerland-hot-disposable-vapes","product_cat-top-sale-disposable-vape","product_cat-vape-hot-sale-this-week","product_cat-vapme-vape","product_tag-15000-puffs","product_tag-good-vape","product_tag-hot-sale-disposable-vape","product_tag-italy-hot-vape","product_tag-jnr","product_tag-poland-hot-vape","product_tag-randm","product_tag-sweden-hot-vape","pa_brand-vapme-vape","desktop-align-left","tablet-align-left","mobile-align-left"],"yoast_head":"<!-- This site is optimized with the Yoast SEO plugin v21.1 - https:\/\/yoast.com\/wordpress\/plugins\/seo\/ -->\n<title>Vapme Crystal Disposable Vape 20000 Puffs Big SMOK 2% Nicotine - vapebulkp.com<\/title>\n<meta name=\"description\" content=\"Buy the Vapme Crystal Disposable Vape 20000 Puffs \u2013 20,000 smooth puffs, 10+10 flavors, 2% nicotine. Fast EU shipping, sleek design, and ready for your daily vape. Grab your 20000 Puffs Disposable Vape now!\" \/>\n<meta name=\"robots\" content=\"index, follow, max-snippet:-1, max-image-preview:large, max-video-preview:-1\" \/>\n<link rel=\"canonical\" href=\"https:\/\/vapebulkp.com\/sv\/product\/vapme-crystal-disposable-vape-20000-puffs-big-smok-2-nicotine\/\" \/>\n<meta property=\"og:locale\" content=\"sv_SE\" \/>\n<meta property=\"og:type\" content=\"article\" \/>\n<meta property=\"og:title\" content=\"Vapme Crystal Disposable Vape 20000 Puffs Big SMOK 2% Nicotine - vapebulkp.com\" \/>\n<meta property=\"og:description\" content=\"Buy the Vapme Crystal Disposable Vape 20000 Puffs \u2013 20,000 smooth puffs, 10+10 flavors, 2% nicotine. Fast EU shipping, sleek design, and ready for your daily vape. Grab your 20000 Puffs Disposable Vape now!\" \/>\n<meta property=\"og:url\" content=\"https:\/\/vapebulkp.com\/sv\/product\/vapme-crystal-disposable-vape-20000-puffs-big-smok-2-nicotine\/\" \/>\n<meta property=\"og:site_name\" content=\"vapebulkp.com\" \/>\n<meta property=\"article:modified_time\" content=\"2025-09-24T03:44:32+00:00\" \/>\n<meta property=\"og:image\" content=\"http:\/\/vapebulkp.com\/wp-content\/uploads\/2024\/10\/Vapme-Crystal-20000-Puffs-Long-last-puffs-Disposable-vape.png\" \/>\n\t<meta property=\"og:image:width\" content=\"3840\" \/>\n\t<meta property=\"og:image:height\" content=\"2152\" \/>\n\t<meta property=\"og:image:type\" content=\"image\/png\" \/>\n<meta name=\"twitter:card\" content=\"summary_large_image\" \/>\n<meta name=\"twitter:label1\" content=\"Ber\u00e4knad l\u00e4stid\" \/>\n\t<meta name=\"twitter:data1\" content=\"4 minuter\" \/>\n<script type=\"application\/ld+json\" class=\"yoast-schema-graph\">{\"@context\":\"https:\/\/schema.org\",\"@graph\":[{\"@type\":\"WebPage\",\"@id\":\"https:\/\/vapebulkp.com\/product\/vapme-crystal-disposable-vape-20000-puffs-big-smok-2-nicotine\/\",\"url\":\"https:\/\/vapebulkp.com\/product\/vapme-crystal-disposable-vape-20000-puffs-big-smok-2-nicotine\/\",\"name\":\"Vapme Crystal Disposable Vape 20000 Puffs Big SMOK 2% Nicotine - vapebulkp.com\",\"isPartOf\":{\"@id\":\"https:\/\/vapebulkp.com\/#website\"},\"datePublished\":\"2024-10-31T07:37:05+00:00\",\"dateModified\":\"2025-09-24T03:44:32+00:00\",\"description\":\"Buy the Vapme Crystal Disposable Vape 20000 Puffs \u2013 20,000 smooth puffs, 10+10 flavors, 2% nicotine. Fast EU shipping, sleek design, and ready for your daily vape. Grab your 20000 Puffs Disposable Vape now!\",\"breadcrumb\":{\"@id\":\"https:\/\/vapebulkp.com\/product\/vapme-crystal-disposable-vape-20000-puffs-big-smok-2-nicotine\/#breadcrumb\"},\"inLanguage\":\"sv-SE\",\"potentialAction\":[{\"@type\":\"ReadAction\",\"target\":[\"https:\/\/vapebulkp.com\/product\/vapme-crystal-disposable-vape-20000-puffs-big-smok-2-nicotine\/\"]}]},{\"@type\":\"BreadcrumbList\",\"@id\":\"https:\/\/vapebulkp.com\/product\/vapme-crystal-disposable-vape-20000-puffs-big-smok-2-nicotine\/#breadcrumb\",\"itemListElement\":[{\"@type\":\"ListItem\",\"position\":1,\"name\":\"Home\",\"item\":\"https:\/\/vapebulkp.com\/\"},{\"@type\":\"ListItem\",\"position\":2,\"name\":\"Hot Trend Vapes\",\"item\":\"https:\/\/vapebulkp.com\/vape-shop\/\"},{\"@type\":\"ListItem\",\"position\":3,\"name\":\"Vapme Crystal Disposable Vape 20000 Puffs Big SMOK 2% Nicotine\"}]},{\"@type\":\"WebSite\",\"@id\":\"https:\/\/vapebulkp.com\/#website\",\"url\":\"https:\/\/vapebulkp.com\/\",\"name\":\"vapebulkp.com\",\"description\":\"Buy Vape In Cheap Bulk Price Near you\",\"publisher\":{\"@id\":\"https:\/\/vapebulkp.com\/#organization\"},\"potentialAction\":[{\"@type\":\"SearchAction\",\"target\":{\"@type\":\"EntryPoint\",\"urlTemplate\":\"https:\/\/vapebulkp.com\/?s={search_term_string}\"},\"query-input\":\"required name=search_term_string\"}],\"inLanguage\":\"sv-SE\"},{\"@type\":\"Organization\",\"@id\":\"https:\/\/vapebulkp.com\/#organization\",\"name\":\"vapebulkp.com\",\"url\":\"https:\/\/vapebulkp.com\/\",\"logo\":{\"@type\":\"ImageObject\",\"inLanguage\":\"sv-SE\",\"@id\":\"https:\/\/vapebulkp.com\/#\/schema\/logo\/image\/\",\"url\":\"https:\/\/vapebulkp.com\/wp-content\/uploads\/2023\/09\/cropped-vapebulkp.png\",\"contentUrl\":\"https:\/\/vapebulkp.com\/wp-content\/uploads\/2023\/09\/cropped-vapebulkp.png\",\"width\":516,\"height\":163,\"caption\":\"vapebulkp.com\"},\"image\":{\"@id\":\"https:\/\/vapebulkp.com\/#\/schema\/logo\/image\/\"}}]}<\/script>\n<!-- \/ Yoast SEO plugin. -->","yoast_head_json":{"title":"Vapme Crystal Disposable Vape 20000 Puffs Big SMOK 2% Nicotine - vapebulkp.com","description":"Buy the Vapme Crystal Disposable Vape 20000 Puffs \u2013 20,000 smooth puffs, 10+10 flavors, 2% nicotine. Fast EU shipping, sleek design, and ready for your daily vape. Grab your 20000 Puffs Disposable Vape now!","robots":{"index":"index","follow":"follow","max-snippet":"max-snippet:-1","max-image-preview":"max-image-preview:large","max-video-preview":"max-video-preview:-1"},"canonical":"https:\/\/vapebulkp.com\/sv\/product\/vapme-crystal-disposable-vape-20000-puffs-big-smok-2-nicotine\/","og_locale":"sv_SE","og_type":"article","og_title":"Vapme Crystal Disposable Vape 20000 Puffs Big SMOK 2% Nicotine - vapebulkp.com","og_description":"Buy the Vapme Crystal Disposable Vape 20000 Puffs \u2013 20,000 smooth puffs, 10+10 flavors, 2% nicotine. Fast EU shipping, sleek design, and ready for your daily vape. Grab your 20000 Puffs Disposable Vape now!","og_url":"https:\/\/vapebulkp.com\/sv\/product\/vapme-crystal-disposable-vape-20000-puffs-big-smok-2-nicotine\/","og_site_name":"vapebulkp.com","article_modified_time":"2025-09-24T03:44:32+00:00","og_image":[{"width":3840,"height":2152,"url":"http:\/\/vapebulkp.com\/wp-content\/uploads\/2024\/10\/Vapme-Crystal-20000-Puffs-Long-last-puffs-Disposable-vape.png","type":"image\/png"}],"twitter_card":"summary_large_image","twitter_misc":{"Ber\u00e4knad l\u00e4stid":"4 minuter"},"schema":{"@context":"https:\/\/schema.org","@graph":[{"@type":"WebPage","@id":"https:\/\/vapebulkp.com\/product\/vapme-crystal-disposable-vape-20000-puffs-big-smok-2-nicotine\/","url":"https:\/\/vapebulkp.com\/product\/vapme-crystal-disposable-vape-20000-puffs-big-smok-2-nicotine\/","name":"Vapme Crystal Disposable Vape 20000 Puffs Big SMOK 2% Nicotine - vapebulkp.com","isPartOf":{"@id":"https:\/\/vapebulkp.com\/#website"},"datePublished":"2024-10-31T07:37:05+00:00","dateModified":"2025-09-24T03:44:32+00:00","description":"Buy the Vapme Crystal Disposable Vape 20000 Puffs \u2013 20,000 smooth puffs, 10+10 flavors, 2% nicotine. Fast EU shipping, sleek design, and ready for your daily vape. Grab your 20000 Puffs Disposable Vape now!","breadcrumb":{"@id":"https:\/\/vapebulkp.com\/product\/vapme-crystal-disposable-vape-20000-puffs-big-smok-2-nicotine\/#breadcrumb"},"inLanguage":"sv-SE","potentialAction":[{"@type":"ReadAction","target":["https:\/\/vapebulkp.com\/product\/vapme-crystal-disposable-vape-20000-puffs-big-smok-2-nicotine\/"]}]},{"@type":"BreadcrumbList","@id":"https:\/\/vapebulkp.com\/product\/vapme-crystal-disposable-vape-20000-puffs-big-smok-2-nicotine\/#breadcrumb","itemListElement":[{"@type":"ListItem","position":1,"name":"Home","item":"https:\/\/vapebulkp.com\/"},{"@type":"ListItem","position":2,"name":"Hot Trend Vapes","item":"https:\/\/vapebulkp.com\/vape-shop\/"},{"@type":"ListItem","position":3,"name":"Vapme Crystal Disposable Vape 20000 Puffs Big SMOK 2% Nicotine"}]},{"@type":"WebSite","@id":"https:\/\/vapebulkp.com\/#website","url":"https:\/\/vapebulkp.com\/","name":"vapebulkp.com","description":"Buy Vape In Cheap Bulk Price Near you","publisher":{"@id":"https:\/\/vapebulkp.com\/#organization"},"potentialAction":[{"@type":"SearchAction","target":{"@type":"EntryPoint","urlTemplate":"https:\/\/vapebulkp.com\/?s={search_term_string}"},"query-input":"required name=search_term_string"}],"inLanguage":"sv-SE"},{"@type":"Organization","@id":"https:\/\/vapebulkp.com\/#organization","name":"vapebulkp.com","url":"https:\/\/vapebulkp.com\/","logo":{"@type":"ImageObject","inLanguage":"sv-SE","@id":"https:\/\/vapebulkp.com\/#\/schema\/logo\/image\/","url":"https:\/\/vapebulkp.com\/wp-content\/uploads\/2023\/09\/cropped-vapebulkp.png","contentUrl":"https:\/\/vapebulkp.com\/wp-content\/uploads\/2023\/09\/cropped-vapebulkp.png","width":516,"height":163,"caption":"vapebulkp.com"},"image":{"@id":"https:\/\/vapebulkp.com\/#\/schema\/logo\/image\/"}}]}},"uagb_featured_image_src":{"full":["https:\/\/vapebulkp.com\/wp-content\/uploads\/2024\/10\/Vapme-Crystal-20000-Puffs-Long-last-puffs-Disposable-vape.png",3840,2152,false],"thumbnail":["https:\/\/vapebulkp.com\/wp-content\/uploads\/2024\/10\/Vapme-Crystal-20000-Puffs-Long-last-puffs-Disposable-vape-150x150.png",150,150,true],"medium":["https:\/\/vapebulkp.com\/wp-content\/uploads\/2024\/10\/Vapme-Crystal-20000-Puffs-Long-last-puffs-Disposable-vape-300x168.png",300,168,true],"medium_large":["https:\/\/vapebulkp.com\/wp-content\/uploads\/2024\/10\/Vapme-Crystal-20000-Puffs-Long-last-puffs-Disposable-vape-768x430.png",768,430,true],"large":["https:\/\/vapebulkp.com\/wp-content\/uploads\/2024\/10\/Vapme-Crystal-20000-Puffs-Long-last-puffs-Disposable-vape-1024x574.png",1024,574,true],"1536x1536":["https:\/\/vapebulkp.com\/wp-content\/uploads\/2024\/10\/Vapme-Crystal-20000-Puffs-Long-last-puffs-Disposable-vape-1536x861.png",1536,861,true],"2048x2048":["https:\/\/vapebulkp.com\/wp-content\/uploads\/2024\/10\/Vapme-Crystal-20000-Puffs-Long-last-puffs-Disposable-vape-2048x1148.png",2048,1148,true],"trp-custom-language-flag":["https:\/\/vapebulkp.com\/wp-content\/uploads\/2024\/10\/Vapme-Crystal-20000-Puffs-Long-last-puffs-Disposable-vape.png",18,10,false],"woocommerce_thumbnail":["https:\/\/vapebulkp.com\/wp-content\/uploads\/2024\/10\/Vapme-Crystal-20000-Puffs-Long-last-puffs-Disposable-vape-300x300.png",300,300,true],"woocommerce_single":["https:\/\/vapebulkp.com\/wp-content\/uploads\/2024\/10\/Vapme-Crystal-20000-Puffs-Long-last-puffs-Disposable-vape-600x336.png",600,336,true],"woocommerce_gallery_thumbnail":["https:\/\/vapebulkp.com\/wp-content\/uploads\/2024\/10\/Vapme-Crystal-20000-Puffs-Long-last-puffs-Disposable-vape-100x100.png",100,100,true],"wcpr-photo-reviews":["https:\/\/vapebulkp.com\/wp-content\/uploads\/2024\/10\/Vapme-Crystal-20000-Puffs-Long-last-puffs-Disposable-vape.png",500,280,false]},"uagb_author_info":{"display_name":"Mandy vape bulk price","author_link":"https:\/\/vapebulkp.com\/sv\/author\/"},"uagb_comment_info":0,"uagb_excerpt":"The Vapme Crystal 20000 Puffs Disposable Vape has revolutionized the world of vaping with its innovative design and user-friendly features. Perfect for both beginners and experienced users, this vape pen offers a superior vaping experience that stands out in the crowded vaping market. Pls Contact Mandy's WhatsApp For Discount Price+8618077105796 NOTE: Prices on our website&hellip;","_links":{"self":[{"href":"https:\/\/vapebulkp.com\/sv\/wp-json\/wp\/v2\/product\/3087","targetHints":{"allow":["GET"]}}],"collection":[{"href":"https:\/\/vapebulkp.com\/sv\/wp-json\/wp\/v2\/product"}],"about":[{"href":"https:\/\/vapebulkp.com\/sv\/wp-json\/wp\/v2\/types\/product"}],"replies":[{"embeddable":true,"href":"https:\/\/vapebulkp.com\/sv\/wp-json\/wp\/v2\/comments?post=3087"}],"wp:featuredmedia":[{"embeddable":true,"href":"https:\/\/vapebulkp.com\/sv\/wp-json\/wp\/v2\/media\/3092"}],"wp:attachment":[{"href":"https:\/\/vapebulkp.com\/sv\/wp-json\/wp\/v2\/media?parent=3087"}],"wp:term":[{"taxonomy":"product_cat","embeddable":true,"href":"https:\/\/vapebulkp.com\/sv\/wp-json\/wp\/v2\/product_cat?post=3087"},{"taxonomy":"product_tag","embeddable":true,"href":"https:\/\/vapebulkp.com\/sv\/wp-json\/wp\/v2\/product_tag?post=3087"}],"curies":[{"name":"wp","href":"https:\/\/api.w.org\/{rel}","templated":true}]}}