{"id":3118,"date":"2024-11-14T03:50:51","date_gmt":"2024-11-14T02:50:51","guid":{"rendered":"https:\/\/vapebulkp.com\/?post_type=product&#038;p=3118"},"modified":"2025-09-24T05:37:29","modified_gmt":"2025-09-24T03:37:29","slug":"jnr-media-max-40000-puffs-high-capacity-1000mah-disposable-vape","status":"publish","type":"product","link":"https:\/\/vapebulkp.com\/sv\/product\/jnr-media-max-40000-puffs-high-capacity-1000mah-disposable-vape\/","title":{"rendered":"JNR Media Max 40000 Puffar H\u00f6g Kapacitet 1000mAh Eng\u00e5ngs Vape"},"content":{"rendered":"<h1 style=\"text-align: left\">JNR Media Max 40000 Puffar H\u00f6g Kapacitet 1000mAh Eng\u00e5ngs Vape<\/h1>\n<p data-start=\"342\" data-end=\"608\">Den <strong data-start=\"386\" data-end=\"415\">JNR Media Max 40000 Puff<\/strong> \u00e4r en h\u00f6gkapacitets <a href=\"https:\/\/vapebulkp.com\/sv\/product-category\/40000-puffs-disposable-vape\/\"><strong data-start=\"435\" data-end=\"466\">40000 Puffs Eng\u00e5ngs Vape<\/strong><\/a> byggd f\u00f6r unga m\u00e4n i Europa. Med 21 ml f\u00f6rfylld e-v\u00e4tska och 5% nikotinsalt levererar den rik, mjuk \u00e5nga f\u00f6r l\u00e5ngvariga sessioner.<\/p>\n<p data-start=\"610\" data-end=\"957\">Drivs av ett 1000mAh uppladdningsbart batteri, st\u00f6der den Regular Mode upp till 40 000 puff och Pulse Mode runt 20 000 puff, vilket s\u00e4kerst\u00e4ller ut\u00f6kad vaping utan frekvent laddning. Den 2,4-tums HD-peksk\u00e4rmen visar puffantal, batteri och aviseringar. Smarta funktioner som fj\u00e4rrkamerakontroll och \u201cHitta din telefon\u201d l\u00e4gger till praktisk funktionalitet.<\/p>\n<p data-start=\"959\" data-end=\"1231\">Kompakt, stilren och tekniskt avancerad, <strong data-start=\"999\" data-end=\"1028\">JNR Media Max 40000 Puff<\/strong> erbjuder tillf\u00f6rlitlig prestanda och bekv\u00e4mlighet. Skickas fr\u00e5n EU-lager f\u00f6r snabb leverans och h\u00f6g kvalitet. Perfekt f\u00f6r dem som s\u00f6ker en premium <strong data-start=\"1173\" data-end=\"1205\">uppladdningsbar eng\u00e5ngsvape<\/strong> med avancerade funktioner.<\/p>\n<p><img decoding=\"async\" class=\"wp-image-3112\" src=\"http:\/\/vapebulkp.com\/wp-content\/uploads\/2024\/11\/Experience-40000-Puffs-with-JNR-MediaMax-Long-Lasting-1000mAh-Battery.jpg\" alt=\"Upplev 40000 Puffar med JNR MediaMax L\u00e5ngvarigt 1000mAh Batteri\" width=\"633\" height=\"633\" srcset=\"https:\/\/vapebulkp.com\/wp-content\/uploads\/2024\/11\/Experience-40000-Puffs-with-JNR-MediaMax-Long-Lasting-1000mAh-Battery.jpg 800w, https:\/\/vapebulkp.com\/wp-content\/uploads\/2024\/11\/Experience-40000-Puffs-with-JNR-MediaMax-Long-Lasting-1000mAh-Battery-300x300.jpg 300w, https:\/\/vapebulkp.com\/wp-content\/uploads\/2024\/11\/Experience-40000-Puffs-with-JNR-MediaMax-Long-Lasting-1000mAh-Battery-150x150.jpg 150w, https:\/\/vapebulkp.com\/wp-content\/uploads\/2024\/11\/Experience-40000-Puffs-with-JNR-MediaMax-Long-Lasting-1000mAh-Battery-768x768.jpg 768w, https:\/\/vapebulkp.com\/wp-content\/uploads\/2024\/11\/Experience-40000-Puffs-with-JNR-MediaMax-Long-Lasting-1000mAh-Battery-600x600.jpg 600w, https:\/\/vapebulkp.com\/wp-content\/uploads\/2024\/11\/Experience-40000-Puffs-with-JNR-MediaMax-Long-Lasting-1000mAh-Battery-100x100.jpg 100w\" sizes=\"(max-width: 633px) 100vw, 633px\" \/><\/p>\n<p>&nbsp;<\/p>\n<h6>Kontakta Mandy via WhatsApp f\u00f6r rabatterat pris<a href=\"https:\/\/wa.me\/8618077105796\">+8618077105796<\/a><\/h6>\n<p><img decoding=\"async\" class=\"alignnone wp-image-2151\" src=\"http:\/\/vapebulkp.com\/wp-content\/uploads\/2024\/04\/Mandy-WhatsApp-Randm.jpg\" alt=\"Mandy WhatsApp Randm\" width=\"287\" height=\"305\" srcset=\"https:\/\/vapebulkp.com\/wp-content\/uploads\/2024\/04\/Mandy-WhatsApp-Randm.jpg 916w, https:\/\/vapebulkp.com\/wp-content\/uploads\/2024\/04\/Mandy-WhatsApp-Randm-282x300.jpg 282w, https:\/\/vapebulkp.com\/wp-content\/uploads\/2024\/04\/Mandy-WhatsApp-Randm-768x817.jpg 768w, https:\/\/vapebulkp.com\/wp-content\/uploads\/2024\/04\/Mandy-WhatsApp-Randm-600x638.jpg 600w\" sizes=\"(max-width: 287px) 100vw, 287px\" \/><\/p>\n<h3><strong>Varf\u00f6r v\u00e4lja att k\u00f6pa JNR Media Max 40000 puff p\u00e5 <a href=\"https:\/\/vapebulkp.com\/sv\/\">Vapebulkp.com<\/a>?<\/strong><\/h3>\n<p>P\u00e5 Vapebulkp.com erbjuder vi ett exceptionellt urval av h\u00f6gkvalitativa eng\u00e5ngsvapes, och JNR Media Max 40000 Puffs \u00e4r inget undantag. Genom att k\u00f6pa denna avancerade enhet fr\u00e5n v\u00e5r plattform garanteras du inte bara produkter av h\u00f6gsta kvalitet utan ocks\u00e5 konkurrenskraftiga priser, snabb leverans och en smidig shoppingupplevelse. <a href=\"https:\/\/vapebulkp.com\/sv\/\">Vapebulkp.com<\/a> erbjuder en s\u00e4ker, anv\u00e4ndarv\u00e4nlig milj\u00f6 f\u00f6r vapingentusiaster som letar efter premiumenheter, inklusive JNR Media Max 40000 Puffs med dess imponerande funktioner som en 21 ml e-v\u00e4tskekapacitet, ett 1000mAh uppladdningsbart batteri och 40 000 puff i Regular Mode.<\/p>\n<p>Dessutom erbjuder Vapebulkp.com ett brett utbud av andra popul\u00e4ra m\u00e4rken f\u00f6r att passa dina vapingpreferenser. N\u00e5gra av v\u00e5ra b\u00e4sts\u00e4ljare inkluderar <a href=\"https:\/\/vapebulkp.com\/sv\/product\/bang-king-pro-30k-puffs-top-selling-vape-in-europe\/\"><strong>Bang King 30000 Puffar<\/strong><\/a>, den <strong>Vapme Crystal 20000 Puff<\/strong>, och <a href=\"https:\/\/vapebulkp.com\/sv\/product\/fumot-tornado-25k-puffs-cheap-price-disposable-vape\/\"><strong>Fumot Tornado 25000 Puff<\/strong><\/a>. Vi har ocks\u00e5 <strong>Waspe Aivou 25000 Puff<\/strong>, den <strong>FIHP 9000 Puff<\/strong>, och <a href=\"https:\/\/vapebulkp.com\/sv\/product\/vapsolo-super-15k-puffs-wholesale-price-e-cigarette\/\"><strong>Vapsolo Super 15000 Puffar<\/strong><\/a> eng\u00e5ngsvapes. Med v\u00e5rt stora urval, konkurrenskraftiga priser och enast\u00e5ende kundservice \u00e4r Vapebulkp.com den b\u00e4sta destinationen f\u00f6r alla dina vapingbehov.<\/p>\n<p>&nbsp;<\/p>\n<h3><strong>Grossistpris JNR Media Max 40000 Puff Specifikationer:<\/strong><\/h3>\n<ul>\n<li><strong>Puffkapacitet<\/strong>: Upp till 40 000 bloss i Normalt L\u00e4ge \/ 20 000 bloss i Pulsl\u00e4ge<\/li>\n<li><strong>E-v\u00e4tskevolym<\/strong>: 21 ml f\u00f6rfylld e-juice f\u00f6r l\u00e5ngvarig anv\u00e4ndning<\/li>\n<li><strong>Nikotinstyrka<\/strong>5% (50mg)<\/li>\n<li><strong>Batteri<\/strong>: 1000mAh uppladdningsbart batteri f\u00f6r ut\u00f6kad effekt<\/li>\n<li><strong>Sk\u00e4rm<\/strong>: 2,4-tums HD-peksk\u00e4rm f\u00f6r enkel navigering<\/li>\n<li><strong>L\u00e4gen<\/strong>: Normalt och Pulsl\u00e4ge f\u00f6r anpassningsbar vapingupplevelse<\/li>\n<li><strong>Anslutningsm\u00f6jligheter<\/strong>: Samtals- och meddelandeaviseringar<\/li>\n<li><strong>Kamerafunktion<\/strong>: Fj\u00e4rrkamerakontroll f\u00f6r handsfree-foton<\/li>\n<li><strong>Sp\u00e5rningsfunktion<\/strong>: \u201cHitta Din Telefon\u201d-funktion f\u00f6r bekv\u00e4mlighet<\/li>\n<li><strong>Vapingstil<\/strong>: Designad f\u00f6r MTL (Mun-Till-Lunga) vaping<\/li>\n<\/ul>\n<h3><strong>L\u00e5ngvarig JNR Vape Media Max 40k Puffar<\/strong>\u00a0<strong>Smaklista:<\/strong><\/h3>\n<p>1. Blue Razz lce<br \/>\n2. Jordgubbsis<br \/>\n3. Vattenmelonis<br \/>\n4. Miami Mint<br \/>\n5. Surt \u00c4ppleis<br \/>\n6. Bl\u00e5b\u00e4rsvattenmelon<br \/>\n7. J\u00e4vligt Fab<br \/>\n8. K\u00f6rsb\u00e4rsjordgubbshallon<br \/>\n9. Persika Mangovattenmelon<br \/>\n10. Jordgubbsbanan<\/p>\n<p><a href=\"https:\/\/vapebulkp.com\/sv\/product\/popular-randm-tornado-7000puffs-disposable-vape-best-price\/\"><span style=\"vertical-align: inherit\">RandM Tornado 7000 Bloss <\/span><\/a><\/p>\n<p><span style=\"vertical-align: inherit\">Hitta fler produkter du kanske gillar:<\/span><em><a href=\"https:\/\/wa.me\/8618077105796\"><span style=\"vertical-align: inherit\">\u00a0K\u00f6p nu<\/span><\/a><\/em><\/p>\n<p><span style=\"vertical-align: inherit\">Andra Puffs du kanske gillar:<\/span><a href=\"https:\/\/vapebulkp.com\/sv\/product\/uzy-bang-king-12k-disposable-vape-affordable-price\/\"><span style=\"vertical-align: inherit\">UZY Bang King 12000Puffs<\/span><\/a><span style=\"vertical-align: inherit\">\u3001<\/span><a href=\"https:\/\/vapebulkp.com\/sv\/product\/wholesale-randm-tornado-9000-puffs-germany\/\"><span style=\"vertical-align: inherit\">RandM 9000 Puffar<\/span><\/a><span style=\"vertical-align: inherit\">\/ <\/span><a href=\"https:\/\/vapebulkp.com\/sv\/product\/bang-king-12000puffs\/\"><span style=\"vertical-align: inherit\">Bang King 12000 Puffar<\/span><\/a><span style=\"vertical-align: inherit\">\/ <\/span><a href=\"https:\/\/vapebulkp.com\/sv\/product\/wholesale-tornado-rum-bar-9000-puffs-sweden\/\"><span style=\"vertical-align: inherit\">Rumbar 9000 bloss<\/span><\/a><\/p>\n<p><span style=\"vertical-align: inherit\">E-cigarettflaska med specialform:<\/span><a href=\"https:\/\/vapebulkp.com\/sv\/product\/wholesale-kulx-8000-puffs-disposable-vape\/\"><span style=\"vertical-align: inherit\">\u00a0Kulx 8000 bloss<\/span><\/a><span style=\"vertical-align: inherit\">\/ <\/span><a href=\"https:\/\/vapebulkp.com\/sv\/product\/original-bang-vape-box-20k-puff-disposable-vape\/\"><span style=\"vertical-align: inherit\">\u00a0Bang Box 20000 bloss <\/span><\/a><span style=\"vertical-align: inherit\">\/<\/span><a href=\"https:\/\/vapebulkp.com\/sv\/product\/wga-crystal-plus-16000-puffs-led-light-disposable-vape\/\"><span style=\"vertical-align: inherit\"> WGA Crystal 16000 Puffar<\/span><\/a><\/p>\n<h5><\/h5>\n<h5>Vanliga fr\u00e5gor och svar:<\/h5>\n<ul>\n<li><strong>Hur l\u00e4nge r\u00e4cker JNR Media Max 40000 Puff Vape Grossist?<\/strong><br \/>\nJNR Media Max erbjuder upp till 40 000 bloss i Normalt L\u00e4ge och cirka 20 000 bloss i Pulsl\u00e4ge, vilket g\u00f6r den till en av de mest l\u00e5ngvariga eng\u00e5ngsvapes som finns.<\/li>\n<li><strong>Vilken nikotinstyrka har JNR Media Max 40k Puffs?<\/strong><br \/>\nJNR Media Max har en nikotinstyrka p\u00e5 5% (50mg), vilket ger en tillfredsst\u00e4llande riv i halsen f\u00f6r dem som f\u00f6redrar en h\u00f6gre nikotinkoncentration.<\/li>\n<li><strong>Hur mycket e-v\u00e4tska inneh\u00e5ller JNR Media Max 40000 Puffs?<\/strong><br \/>\nDenna eng\u00e5ngsvape inneh\u00e5ller 21 ml f\u00f6rfylld e-v\u00e4tska, som \u00e4r designad f\u00f6r l\u00e5ngvarig anv\u00e4ndning utan behov av p\u00e5fyllning.<\/li>\n<li><strong>Hur laddar jag JNR Media Max 40000 Puffs?<\/strong><br \/>\nEnheten \u00e4r utrustad med ett 1000mAh uppladdningsbart batteri. Ladda den enkelt via USB-C-porten f\u00f6r att njuta av l\u00e4ngre vape-sessioner.<\/li>\n<\/ul>\n<h4>Leveransdetaljer:<\/h4>\n<p><span style=\"color: #ff6600\">Produktionstid: 5-10 arbetsdagar<\/span><br \/>\n<span style=\"color: #ff6600\">Leveranstid: 8-14 arbetsdagar<\/span><\/p>\n<p>Alla produkter i v\u00e5r butik \u00e4r 100% originala och autentiska, d\u00e4rf\u00f6r \u00e4r Tiofaldig ers\u00e4ttning f\u00f6r falska varor v\u00e5r butikspolicy. Vi anv\u00e4nder logistikkanaler som UPS\/DHL\/FEDEX\/DPD f\u00f6r att leverera varor till dig.<\/p>\n<p>F\u00f6r paket som skickas inom Sverige tar det vanligtvis 10 arbetsdagar att anl\u00e4nda. Leveranser till andra europeiska l\u00e4nder tar vanligtvis 12 till 15 arbetsdagar att anl\u00e4nda. Vi uppdaterar logistikinformationen f\u00f6r dig i realtid.<\/p>","protected":false},"excerpt":{"rendered":"<p>JNR Media Max 40000 Puff Eng\u00e5ngs Vape, en h\u00f6gteknologisk enhet med h\u00f6g kapacitet, 5% nikotin, 21 ml e-v\u00e4tska och innovativa funktioner f\u00f6r en o\u00f6vertr\u00e4ffad vapingupplevelse.<\/p>\n<p><img decoding=\"async\" class=\"alignnone wp-image-2151\" src=\"http:\/\/vapebulkp.com\/wp-content\/uploads\/2024\/04\/Mandy-WhatsApp-Randm.jpg\" alt=\"Mandy WhatsApp Randm\" width=\"234\" height=\"249\" srcset=\"https:\/\/vapebulkp.com\/wp-content\/uploads\/2024\/04\/Mandy-WhatsApp-Randm.jpg 916w, https:\/\/vapebulkp.com\/wp-content\/uploads\/2024\/04\/Mandy-WhatsApp-Randm-282x300.jpg 282w, https:\/\/vapebulkp.com\/wp-content\/uploads\/2024\/04\/Mandy-WhatsApp-Randm-768x817.jpg 768w, https:\/\/vapebulkp.com\/wp-content\/uploads\/2024\/04\/Mandy-WhatsApp-Randm-600x638.jpg 600w\" sizes=\"(max-width: 234px) 100vw, 234px\" \/><\/p>\n<p>&nbsp;<\/p>\n<p>Kontakta Mandy via WhatsApp f\u00f6r rabatterat pris<a href=\"https:\/\/wa.me\/8618077105796\">+8618077105796<\/a><\/p>\n<p><span style=\"color: #ff0000\">OBS: Priserna p\u00e5 v\u00e5r webbplats inkluderar inte fraktkostnader<\/span><\/p>\n<p>&nbsp;<\/p>","protected":false},"featured_media":3112,"comment_status":"open","ping_status":"closed","template":"","meta":{"_uag_custom_page_level_css":"","_lmt_disableupdate":"no","_lmt_disable":"","site-sidebar-layout":"default","site-content-layout":"content-boxed-container","ast-site-content-layout":"normal-width-container","site-content-style":"boxed","site-sidebar-style":"unboxed","ast-global-header-display":"","ast-banner-title-visibility":"","ast-main-header-display":"","ast-hfb-above-header-display":"","ast-hfb-below-header-display":"","ast-hfb-mobile-header-display":"","site-post-title":"","ast-breadcrumbs-content":"","ast-featured-img":"","footer-sml-layout":"","theme-transparent-header-meta":"default","adv-header-id-meta":"","stick-header-meta":"","header-above-stick-meta":"","header-main-stick-meta":"","header-below-stick-meta":"","astra-migrate-meta-layouts":"set","_joinchat":[]},"product_cat":[182,153,155,33,59,100,353,34,158,157,154,152,58,84,156,63,32],"product_tag":[109,36,37,41,40],"class_list":["post-3118","product","type-product","status-publish","has-post-thumbnail","hentry","product_cat-40000-puffs-disposable-vape","product_cat-hot-disposable-vapes","product_cat-belgium-hot-disposable-vapes","product_cat-france-vape-hot-sale","product_cat-germany-hot-disposable-vape","product_cat-germany-wholesale-vape-shop","product_cat-jnr-vape","product_cat-netherlands-vape-good-sale","product_cat-norway-hot-disposable-vapes","product_cat-poland-hot-disposable-vapes","product_cat-portugal-hot-disposable-vapes","product_cat-spain-hot-disposable-vapes","product_cat-sweden-hot-disposable-vape","product_cat-sweden-wholesale-vape","product_cat-switzerland-hot-disposable-vapes","product_cat-top-sale-disposable-vape","product_cat-vape-hot-sale-this-week","product_tag-20000-puffs","product_tag-good-vape","product_tag-hot-sale-disposable-vape","product_tag-poland-hot-vape","product_tag-sweden-hot-vape","pa_brand-jnr-vape","desktop-align-left","tablet-align-left","mobile-align-left"],"yoast_head":"<!-- This site is optimized with the Yoast SEO plugin v21.1 - https:\/\/yoast.com\/wordpress\/plugins\/seo\/ -->\n<title>JNR Media Max 40000 Puffs High Capacity 1000mAh Disposable Vape - vapebulkp.com % %<\/title>\n<meta name=\"description\" content=\"Buy the JNR Media Max 40000 Puffs, a high-capacity 40000 Puffs Disposable Vape with 1000mAh battery and 21ml e-liquid. Fast EU shipping \u2014 order yours today!\" \/>\n<meta name=\"robots\" content=\"index, follow, max-snippet:-1, max-image-preview:large, max-video-preview:-1\" \/>\n<link rel=\"canonical\" href=\"https:\/\/vapebulkp.com\/sv\/product\/jnr-media-max-40000-puffs-high-capacity-1000mah-disposable-vape\/\" \/>\n<meta property=\"og:locale\" content=\"sv_SE\" \/>\n<meta property=\"og:type\" content=\"article\" \/>\n<meta property=\"og:title\" content=\"JNR Media Max 40000 Puffs High Capacity 1000mAh Disposable Vape - vapebulkp.com % %\" \/>\n<meta property=\"og:description\" content=\"Buy the JNR Media Max 40000 Puffs, a high-capacity 40000 Puffs Disposable Vape with 1000mAh battery and 21ml e-liquid. Fast EU shipping \u2014 order yours today!\" \/>\n<meta property=\"og:url\" content=\"https:\/\/vapebulkp.com\/sv\/product\/jnr-media-max-40000-puffs-high-capacity-1000mah-disposable-vape\/\" \/>\n<meta property=\"og:site_name\" content=\"vapebulkp.com\" \/>\n<meta property=\"article:modified_time\" content=\"2025-09-24T03:37:29+00:00\" \/>\n<meta property=\"og:image\" content=\"http:\/\/vapebulkp.com\/wp-content\/uploads\/2024\/11\/Experience-40000-Puffs-with-JNR-MediaMax-Long-Lasting-1000mAh-Battery.jpg\" \/>\n\t<meta property=\"og:image:width\" content=\"800\" \/>\n\t<meta property=\"og:image:height\" content=\"800\" \/>\n\t<meta property=\"og:image:type\" content=\"image\/jpeg\" \/>\n<meta name=\"twitter:card\" content=\"summary_large_image\" \/>\n<meta name=\"twitter:label1\" content=\"Ber\u00e4knad l\u00e4stid\" \/>\n\t<meta name=\"twitter:data1\" content=\"4 minuter\" \/>\n<script type=\"application\/ld+json\" class=\"yoast-schema-graph\">{\"@context\":\"https:\/\/schema.org\",\"@graph\":[{\"@type\":\"WebPage\",\"@id\":\"https:\/\/vapebulkp.com\/product\/jnr-media-max-40000-puffs-high-capacity-1000mah-disposable-vape\/\",\"url\":\"https:\/\/vapebulkp.com\/product\/jnr-media-max-40000-puffs-high-capacity-1000mah-disposable-vape\/\",\"name\":\"JNR Media Max 40000 Puffs High Capacity 1000mAh Disposable Vape - vapebulkp.com % %\",\"isPartOf\":{\"@id\":\"https:\/\/vapebulkp.com\/#website\"},\"datePublished\":\"2024-11-14T02:50:51+00:00\",\"dateModified\":\"2025-09-24T03:37:29+00:00\",\"description\":\"Buy the JNR Media Max 40000 Puffs, a high-capacity 40000 Puffs Disposable Vape with 1000mAh battery and 21ml e-liquid. Fast EU shipping \u2014 order yours today!\",\"breadcrumb\":{\"@id\":\"https:\/\/vapebulkp.com\/product\/jnr-media-max-40000-puffs-high-capacity-1000mah-disposable-vape\/#breadcrumb\"},\"inLanguage\":\"sv-SE\",\"potentialAction\":[{\"@type\":\"ReadAction\",\"target\":[\"https:\/\/vapebulkp.com\/product\/jnr-media-max-40000-puffs-high-capacity-1000mah-disposable-vape\/\"]}]},{\"@type\":\"BreadcrumbList\",\"@id\":\"https:\/\/vapebulkp.com\/product\/jnr-media-max-40000-puffs-high-capacity-1000mah-disposable-vape\/#breadcrumb\",\"itemListElement\":[{\"@type\":\"ListItem\",\"position\":1,\"name\":\"Home\",\"item\":\"https:\/\/vapebulkp.com\/\"},{\"@type\":\"ListItem\",\"position\":2,\"name\":\"Hot Trend Vapes\",\"item\":\"https:\/\/vapebulkp.com\/vape-shop\/\"},{\"@type\":\"ListItem\",\"position\":3,\"name\":\"JNR Media Max 40000 Puffs High Capacity 1000mAh Disposable Vape\"}]},{\"@type\":\"WebSite\",\"@id\":\"https:\/\/vapebulkp.com\/#website\",\"url\":\"https:\/\/vapebulkp.com\/\",\"name\":\"vapebulkp.com\",\"description\":\"Buy Vape In Cheap Bulk Price Near you\",\"publisher\":{\"@id\":\"https:\/\/vapebulkp.com\/#organization\"},\"potentialAction\":[{\"@type\":\"SearchAction\",\"target\":{\"@type\":\"EntryPoint\",\"urlTemplate\":\"https:\/\/vapebulkp.com\/?s={search_term_string}\"},\"query-input\":\"required name=search_term_string\"}],\"inLanguage\":\"sv-SE\"},{\"@type\":\"Organization\",\"@id\":\"https:\/\/vapebulkp.com\/#organization\",\"name\":\"vapebulkp.com\",\"url\":\"https:\/\/vapebulkp.com\/\",\"logo\":{\"@type\":\"ImageObject\",\"inLanguage\":\"sv-SE\",\"@id\":\"https:\/\/vapebulkp.com\/#\/schema\/logo\/image\/\",\"url\":\"https:\/\/vapebulkp.com\/wp-content\/uploads\/2023\/09\/cropped-vapebulkp.png\",\"contentUrl\":\"https:\/\/vapebulkp.com\/wp-content\/uploads\/2023\/09\/cropped-vapebulkp.png\",\"width\":516,\"height\":163,\"caption\":\"vapebulkp.com\"},\"image\":{\"@id\":\"https:\/\/vapebulkp.com\/#\/schema\/logo\/image\/\"}}]}<\/script>\n<!-- \/ Yoast SEO plugin. -->","yoast_head_json":{"title":"JNR Media Max 40000 Puffs High Capacity 1000mAh Disposable Vape - vapebulkp.com % %","description":"Buy the JNR Media Max 40000 Puffs, a high-capacity 40000 Puffs Disposable Vape with 1000mAh battery and 21ml e-liquid. Fast EU shipping \u2014 order yours today!","robots":{"index":"index","follow":"follow","max-snippet":"max-snippet:-1","max-image-preview":"max-image-preview:large","max-video-preview":"max-video-preview:-1"},"canonical":"https:\/\/vapebulkp.com\/sv\/product\/jnr-media-max-40000-puffs-high-capacity-1000mah-disposable-vape\/","og_locale":"sv_SE","og_type":"article","og_title":"JNR Media Max 40000 Puffs High Capacity 1000mAh Disposable Vape - vapebulkp.com % %","og_description":"Buy the JNR Media Max 40000 Puffs, a high-capacity 40000 Puffs Disposable Vape with 1000mAh battery and 21ml e-liquid. Fast EU shipping \u2014 order yours today!","og_url":"https:\/\/vapebulkp.com\/sv\/product\/jnr-media-max-40000-puffs-high-capacity-1000mah-disposable-vape\/","og_site_name":"vapebulkp.com","article_modified_time":"2025-09-24T03:37:29+00:00","og_image":[{"width":800,"height":800,"url":"http:\/\/vapebulkp.com\/wp-content\/uploads\/2024\/11\/Experience-40000-Puffs-with-JNR-MediaMax-Long-Lasting-1000mAh-Battery.jpg","type":"image\/jpeg"}],"twitter_card":"summary_large_image","twitter_misc":{"Ber\u00e4knad l\u00e4stid":"4 minuter"},"schema":{"@context":"https:\/\/schema.org","@graph":[{"@type":"WebPage","@id":"https:\/\/vapebulkp.com\/product\/jnr-media-max-40000-puffs-high-capacity-1000mah-disposable-vape\/","url":"https:\/\/vapebulkp.com\/product\/jnr-media-max-40000-puffs-high-capacity-1000mah-disposable-vape\/","name":"JNR Media Max 40000 Puffs High Capacity 1000mAh Disposable Vape - vapebulkp.com % %","isPartOf":{"@id":"https:\/\/vapebulkp.com\/#website"},"datePublished":"2024-11-14T02:50:51+00:00","dateModified":"2025-09-24T03:37:29+00:00","description":"Buy the JNR Media Max 40000 Puffs, a high-capacity 40000 Puffs Disposable Vape with 1000mAh battery and 21ml e-liquid. Fast EU shipping \u2014 order yours today!","breadcrumb":{"@id":"https:\/\/vapebulkp.com\/product\/jnr-media-max-40000-puffs-high-capacity-1000mah-disposable-vape\/#breadcrumb"},"inLanguage":"sv-SE","potentialAction":[{"@type":"ReadAction","target":["https:\/\/vapebulkp.com\/product\/jnr-media-max-40000-puffs-high-capacity-1000mah-disposable-vape\/"]}]},{"@type":"BreadcrumbList","@id":"https:\/\/vapebulkp.com\/product\/jnr-media-max-40000-puffs-high-capacity-1000mah-disposable-vape\/#breadcrumb","itemListElement":[{"@type":"ListItem","position":1,"name":"Home","item":"https:\/\/vapebulkp.com\/"},{"@type":"ListItem","position":2,"name":"Hot Trend Vapes","item":"https:\/\/vapebulkp.com\/vape-shop\/"},{"@type":"ListItem","position":3,"name":"JNR Media Max 40000 Puffs High Capacity 1000mAh Disposable Vape"}]},{"@type":"WebSite","@id":"https:\/\/vapebulkp.com\/#website","url":"https:\/\/vapebulkp.com\/","name":"vapebulkp.com","description":"Buy Vape In Cheap Bulk Price Near you","publisher":{"@id":"https:\/\/vapebulkp.com\/#organization"},"potentialAction":[{"@type":"SearchAction","target":{"@type":"EntryPoint","urlTemplate":"https:\/\/vapebulkp.com\/?s={search_term_string}"},"query-input":"required name=search_term_string"}],"inLanguage":"sv-SE"},{"@type":"Organization","@id":"https:\/\/vapebulkp.com\/#organization","name":"vapebulkp.com","url":"https:\/\/vapebulkp.com\/","logo":{"@type":"ImageObject","inLanguage":"sv-SE","@id":"https:\/\/vapebulkp.com\/#\/schema\/logo\/image\/","url":"https:\/\/vapebulkp.com\/wp-content\/uploads\/2023\/09\/cropped-vapebulkp.png","contentUrl":"https:\/\/vapebulkp.com\/wp-content\/uploads\/2023\/09\/cropped-vapebulkp.png","width":516,"height":163,"caption":"vapebulkp.com"},"image":{"@id":"https:\/\/vapebulkp.com\/#\/schema\/logo\/image\/"}}]}},"uagb_featured_image_src":{"full":["https:\/\/vapebulkp.com\/wp-content\/uploads\/2024\/11\/Experience-40000-Puffs-with-JNR-MediaMax-Long-Lasting-1000mAh-Battery.jpg",800,800,false],"thumbnail":["https:\/\/vapebulkp.com\/wp-content\/uploads\/2024\/11\/Experience-40000-Puffs-with-JNR-MediaMax-Long-Lasting-1000mAh-Battery-150x150.jpg",150,150,true],"medium":["https:\/\/vapebulkp.com\/wp-content\/uploads\/2024\/11\/Experience-40000-Puffs-with-JNR-MediaMax-Long-Lasting-1000mAh-Battery-300x300.jpg",300,300,true],"medium_large":["https:\/\/vapebulkp.com\/wp-content\/uploads\/2024\/11\/Experience-40000-Puffs-with-JNR-MediaMax-Long-Lasting-1000mAh-Battery-768x768.jpg",768,768,true],"large":["https:\/\/vapebulkp.com\/wp-content\/uploads\/2024\/11\/Experience-40000-Puffs-with-JNR-MediaMax-Long-Lasting-1000mAh-Battery.jpg",800,800,false],"1536x1536":["https:\/\/vapebulkp.com\/wp-content\/uploads\/2024\/11\/Experience-40000-Puffs-with-JNR-MediaMax-Long-Lasting-1000mAh-Battery.jpg",800,800,false],"2048x2048":["https:\/\/vapebulkp.com\/wp-content\/uploads\/2024\/11\/Experience-40000-Puffs-with-JNR-MediaMax-Long-Lasting-1000mAh-Battery.jpg",800,800,false],"trp-custom-language-flag":["https:\/\/vapebulkp.com\/wp-content\/uploads\/2024\/11\/Experience-40000-Puffs-with-JNR-MediaMax-Long-Lasting-1000mAh-Battery.jpg",12,12,false],"woocommerce_thumbnail":["https:\/\/vapebulkp.com\/wp-content\/uploads\/2024\/11\/Experience-40000-Puffs-with-JNR-MediaMax-Long-Lasting-1000mAh-Battery-300x300.jpg",300,300,true],"woocommerce_single":["https:\/\/vapebulkp.com\/wp-content\/uploads\/2024\/11\/Experience-40000-Puffs-with-JNR-MediaMax-Long-Lasting-1000mAh-Battery-600x600.jpg",600,600,true],"woocommerce_gallery_thumbnail":["https:\/\/vapebulkp.com\/wp-content\/uploads\/2024\/11\/Experience-40000-Puffs-with-JNR-MediaMax-Long-Lasting-1000mAh-Battery-100x100.jpg",100,100,true],"wcpr-photo-reviews":["https:\/\/vapebulkp.com\/wp-content\/uploads\/2024\/11\/Experience-40000-Puffs-with-JNR-MediaMax-Long-Lasting-1000mAh-Battery.jpg",500,500,false]},"uagb_author_info":{"display_name":"Mandy vape bulk price","author_link":"https:\/\/vapebulkp.com\/sv\/author\/"},"uagb_comment_info":0,"uagb_excerpt":"JNR Media Max 40000 Puffs Disposable Vapea ,high-capacity, tech-infused device with 5% nicotine, 21ml e-liquid, and innovative features for an unparalleled vaping experience. &nbsp; Pls Contact Mandy's WhatsApp For Discount Price+8618077105796 NOTE: Prices on our website does not include shipping costs &nbsp;","_links":{"self":[{"href":"https:\/\/vapebulkp.com\/sv\/wp-json\/wp\/v2\/product\/3118","targetHints":{"allow":["GET"]}}],"collection":[{"href":"https:\/\/vapebulkp.com\/sv\/wp-json\/wp\/v2\/product"}],"about":[{"href":"https:\/\/vapebulkp.com\/sv\/wp-json\/wp\/v2\/types\/product"}],"replies":[{"embeddable":true,"href":"https:\/\/vapebulkp.com\/sv\/wp-json\/wp\/v2\/comments?post=3118"}],"wp:featuredmedia":[{"embeddable":true,"href":"https:\/\/vapebulkp.com\/sv\/wp-json\/wp\/v2\/media\/3112"}],"wp:attachment":[{"href":"https:\/\/vapebulkp.com\/sv\/wp-json\/wp\/v2\/media?parent=3118"}],"wp:term":[{"taxonomy":"product_cat","embeddable":true,"href":"https:\/\/vapebulkp.com\/sv\/wp-json\/wp\/v2\/product_cat?post=3118"},{"taxonomy":"product_tag","embeddable":true,"href":"https:\/\/vapebulkp.com\/sv\/wp-json\/wp\/v2\/product_tag?post=3118"}],"curies":[{"name":"wp","href":"https:\/\/api.w.org\/{rel}","templated":true}]}}