{"id":3142,"date":"2024-11-21T03:48:22","date_gmt":"2024-11-21T02:48:22","guid":{"rendered":"https:\/\/vapebulkp.com\/?post_type=product&#038;p=3142"},"modified":"2025-09-24T05:17:50","modified_gmt":"2025-09-24T03:17:50","slug":"waspe-vape-40000-puff-fihp-double-flavour-disposable-vape","status":"publish","type":"product","link":"https:\/\/vapebulkp.com\/sv\/product\/waspe-vape-40000-puff-fihp-double-flavour-disposable-vape\/","title":{"rendered":"WASPE Vape 40000 PUFF FIHP DUBBEL SMAK Eng\u00e5ngsvape"},"content":{"rendered":"<h2 style=\"text-align: left\">WASPE Vape 40000 PUFF FIHP DUBBEL SMAK Eng\u00e5ngsvape<\/h2>\n<p>&nbsp;<\/p>\n<p>Den <b>WASPE Vape 40000 PUFFAR<\/b> s\u00e4tter en ny standard f\u00f6r prestanda och m\u00e5ngsidighet. Denna avancerade <a href=\"https:\/\/vapebulkp.com\/sv\/product-category\/40000-puffs-disposable-vape\/\"><b>40000 Puffs Eng\u00e5ngs Vape<\/b><\/a> \u00e4r byggd f\u00f6r den moderna svenska vejparen och levererar en monumental <b>40 000 bloss kapacitet<\/b> med ett revolutionerande dubbelsmaksystem. Med en massiv 36 ml e-v\u00e4tskebeh\u00e5llare och dubbla 0.9\u03a9 mesh-spolar f\u00e5r du konsekvent, fyllig smak och imponerande \u00e5nga fr\u00e5n tv\u00e5 distinkta profiler i en och samma enhet.<\/p>\n<p>Det integrerade 850mAh uppladdningsbara batteriet och Type-C-laddningen ger p\u00e5litlig kraft f\u00f6r l\u00e5ngvarig anv\u00e4ndning. Den <strong><a href=\"https:\/\/vapebulkp.com\/sv\/puffs-stock-europe-warehouse\/\">Svenskt grossistpris Vape<\/a> WASPE 40000 PUFFAR<\/strong> har en smart LED-sk\u00e4rm som ger dig realtidsdata om batteristatus och puffr\u00e4kning, s\u00e5 att du alltid har kontroll. Dess kompakta, resev\u00e4nliga design g\u00f6r den till den perfekta <b>vape-penna<\/b> f\u00f6r en livsstil i farten. Tillg\u00e4nglig i b\u00e5de 2% och 5% nikotinstyrkor, denna <b>eng\u00e5ngs e-cigarett<\/b> kombinerar banbrytande teknik med o\u00f6vertr\u00e4ffad bekv\u00e4mlighet.<\/p>\n<p><img decoding=\"async\" class=\"wp-image-3137\" src=\"http:\/\/vapebulkp.com\/wp-content\/uploads\/2024\/11\/WASPE-FIHP-40000-Puffs-Vape-Double-Flavor-Wholeasle-Price.jpg\" alt=\"WASPE FIHP 40000 Puffs Vape Dubbel Smak Grossistpris\" width=\"522\" height=\"522\" srcset=\"https:\/\/vapebulkp.com\/wp-content\/uploads\/2024\/11\/WASPE-FIHP-40000-Puffs-Vape-Double-Flavor-Wholeasle-Price.jpg 800w, https:\/\/vapebulkp.com\/wp-content\/uploads\/2024\/11\/WASPE-FIHP-40000-Puffs-Vape-Double-Flavor-Wholeasle-Price-300x300.jpg 300w, https:\/\/vapebulkp.com\/wp-content\/uploads\/2024\/11\/WASPE-FIHP-40000-Puffs-Vape-Double-Flavor-Wholeasle-Price-150x150.jpg 150w, https:\/\/vapebulkp.com\/wp-content\/uploads\/2024\/11\/WASPE-FIHP-40000-Puffs-Vape-Double-Flavor-Wholeasle-Price-768x768.jpg 768w, https:\/\/vapebulkp.com\/wp-content\/uploads\/2024\/11\/WASPE-FIHP-40000-Puffs-Vape-Double-Flavor-Wholeasle-Price-600x600.jpg 600w, https:\/\/vapebulkp.com\/wp-content\/uploads\/2024\/11\/WASPE-FIHP-40000-Puffs-Vape-Double-Flavor-Wholeasle-Price-100x100.jpg 100w\" sizes=\"(max-width: 522px) 100vw, 522px\" \/><\/p>\n<p>&nbsp;<\/p>\n<h6>Kontakta Mandy via WhatsApp f\u00f6r rabatterat pris<a href=\"https:\/\/wa.me\/8618077105796\">+8618077105796<\/a><\/h6>\n<p><img decoding=\"async\" class=\"alignnone wp-image-2151\" src=\"http:\/\/vapebulkp.com\/wp-content\/uploads\/2024\/04\/Mandy-WhatsApp-Randm.jpg\" alt=\"Mandy WhatsApp Randm\" width=\"324\" height=\"330\" \/><\/p>\n<p>&nbsp;<\/p>\n<h3><strong>WASPE\u00a0 FIHP 40000 Puff\u00a0 Eng\u00e5ngsvape Grossist <\/strong><strong>Produktegenskaper<\/strong><\/h3>\n<ul>\n<li><strong>40 000 Puffar<\/strong>: Ultrah\u00f6g kapacitet f\u00f6r ut\u00f6kade vaping-sessioner.<\/li>\n<li><strong>Dubbelsmaksystem<\/strong>: V\u00e4xla mellan tv\u00e5 distinkta smaker utan anstr\u00e4ngning.<\/li>\n<li><strong>Dubbla 0.9\u03a9 Mesh-spolar<\/strong>: Avancerad teknik f\u00f6r mjuk och intensiv \u00e5nga.<\/li>\n<li><strong>36 ml e-v\u00e4tskekapacitet<\/strong>: Stor tillg\u00e5ng f\u00f6r l\u00e4ngre njutning.<\/li>\n<li><strong>850 mAh laddningsbart batteri<\/strong>: Type-C-laddning s\u00e4kerst\u00e4ller snabb och p\u00e5litlig str\u00f6m.<\/li>\n<\/ul>\n<p>&nbsp;<\/p>\n<p>&nbsp;<\/p>\n<h3><strong>\u00a0WASPE Vape Pods FIHP 40k Puffs Smaklista:<\/strong><\/h3>\n<p>1 vattenmelon is \/ citron lime<br \/>\n2 fizzy cherry is \/ bl\u00e5b\u00e4r sockervadd<br \/>\n3 jordgubbsvattenmelon \/ bl\u00e5b\u00e4r hallon<br \/>\n4 red bull is \/ jordgubbsmango<br \/>\n5 persika is \/ ananas mango persika<br \/>\n6 druva is \/ jordgubbskiwi<br \/>\n7 blandade b\u00e4r \/ dubbel\u00e4pple is<br \/>\n8 bl\u00e5 hallonlemonad \/ vattenmelon tuggummi<br \/>\n9 jordgubb hallon k\u00f6rsb\u00e4r \/ love 666<br \/>\n10 jordgubbsbanan \/ ananas kokosn\u00f6t is<br \/>\n11 jordgubbsvattenmelon tuggummi \/ blandad frukt<br \/>\n12 k\u00f6rsb\u00e4rscola is \/ jordgubb hallon godis<br \/>\n13 surt \u00e4pple hallon \/ strawberry big bang<br \/>\n14 persika b\u00e4r \/ vattenmelon mango persika<br \/>\n15 bl\u00e5b\u00e4r is \/ svart drak is<br \/>\n16 jordgubb k\u00f6rsb\u00e4r \/ kiwi passionsfrukt guava<\/p>\n<p><a href=\"https:\/\/vapebulkp.com\/sv\/product\/popular-randm-tornado-7000puffs-disposable-vape-best-price\/\"><span style=\"vertical-align: inherit\">RandM Tornado 7000 Bloss <\/span><\/a><\/p>\n<p><span style=\"vertical-align: inherit\">Hitta fler produkter du kanske gillar:<\/span><em><a href=\"https:\/\/wa.me\/8618077105796\"><span style=\"vertical-align: inherit\">\u00a0K\u00f6p nu<\/span><\/a><\/em><\/p>\n<p><span style=\"vertical-align: inherit\">Andra Puffs du kanske gillar:<\/span><a href=\"https:\/\/vapebulkp.com\/sv\/product\/jnr-media-max-40000-puffs-high-capacity-1000mah-disposable-vape\/\"><span style=\"vertical-align: inherit\">JNR Media max 40000 bloss <\/span><\/a><span style=\"vertical-align: inherit\">\u3001<\/span><a href=\"https:\/\/vapebulkp.com\/sv\/product\/wholesale-randm-tornado-9000-puffs-germany\/\"><span style=\"vertical-align: inherit\">RandM 9000 Puffar<\/span><\/a><span style=\"vertical-align: inherit\">\/ <\/span><a href=\"https:\/\/vapebulkp.com\/sv\/product\/bang-king-12000puffs\/\"><span style=\"vertical-align: inherit\">Bang King 12000 Puffar<\/span><\/a><span style=\"vertical-align: inherit\">\/ <\/span><a href=\"https:\/\/vapebulkp.com\/sv\/product\/vozol-gear-power-disposable-vape-20000-puffs-dual-mode-5-nicotine\/\"><span style=\"vertical-align: inherit\">VOZOL Gear power 20000 bloss<\/span><\/a><\/p>\n<h3>FAQ om WASPE FIHP VAPE PODS 40000 BLOSS:<\/h3>\n<p><strong>F1: St\u00f6der Hot Vape WASPE FIHP 40k bloss dubbla smaker?<\/strong><\/p>\n<p><strong>A:<\/strong> Ja, den har ett dubbelt smakssystem, vilket g\u00f6r att anv\u00e4ndare enkelt kan v\u00e4xla mellan tv\u00e5 distinkta smaker f\u00f6r en m\u00e5ngsidig vapingupplevelse.<\/p>\n<p><strong>F2: Vad \u00e4r e-v\u00e4tskekapaciteten f\u00f6r WASPE FIHP eng\u00e5ngsvape puff 40000?<\/strong><\/p>\n<p><strong>A:<\/strong> Denna vape kommer med en massiv 36 ml e-v\u00e4tskebeh\u00e5llare, vilket garanterar l\u00e5ngvarig njutning utan frekventa byten.<\/p>\n<p><strong>F3: Vilken typ av coil anv\u00e4nder WASPE Vape 40000 bloss FIHP?<\/strong><\/p>\n<p><strong>A:<\/strong> Den anv\u00e4nder dubbla 0.9\u03a9 mesh-coils, vilket ger mjuk, konsekvent \u00e5nga och en exceptionell smakprofil.<\/p>\n<p><strong>Fj\u00e4rde kvartalet: Har Long Last Vape WASPE FIHP 40k Puffs en LED-display?<\/strong><\/p>\n<p><strong>A:<\/strong> Ja, vapen har en inbyggd LED-display som ger realtidsinformation om puffantal och batteristatus.<\/p>\n<p><strong>Femma: Hur fungerar WASPE Tornado Vape dubbelsmakssystem?<\/strong><\/p>\n<p><strong>A:<\/strong> Dubbelsmakssystemet g\u00f6r det m\u00f6jligt f\u00f6r anv\u00e4ndare att enkelt v\u00e4xla mellan tv\u00e5 e-v\u00e4tskekammare, vilket f\u00f6rb\u00e4ttrar den \u00f6vergripande vapingupplevelsen genom att erbjuda variation i en enda enhet.<\/p>\n<p><strong>Sj\u00e4tte kvartalet: Vad \u00e4r leveranstiden f\u00f6r den best\u00e4llda vapen?<\/strong><\/p>\n<p>S: Vanligtvis \u00e4r det 10-15 dagar efter leverans<\/p>\n<p><strong>Sjunde kvartalet: Hur mycket \u00e4r fraktkostnaden?<\/strong><\/p>\n<p>S: Fraktkostnaden beror p\u00e5 vikten. Olika kvantiteter har olika fraktkostnader, v\u00e4nligen kontakta oss f\u00f6r att bekr\u00e4fta fraktkostnaden.<\/p>\n<h4>Leveransdetaljer:<\/h4>\n<p><span style=\"color: #ff6600\">Produktionstid: 5-10 arbetsdagar<\/span><br \/>\n<span style=\"color: #ff6600\">Leveranstid: 8-14 arbetsdagar<\/span><\/p>\n<p>Alla produkter i v\u00e5r butik \u00e4r 100% originala och autentiska, d\u00e4rf\u00f6r \u00e4r Tiofaldig ers\u00e4ttning f\u00f6r falska varor v\u00e5r butikspolicy. Vi anv\u00e4nder logistikkanaler som UPS\/DHL\/FEDEX\/DPD f\u00f6r att leverera varor till dig.<\/p>\n<p>F\u00f6r paket som skickas inom Sverige tar det vanligtvis 10 arbetsdagar att anl\u00e4nda. Leveranser till andra europeiska l\u00e4nder tar vanligtvis 12 till 15 arbetsdagar att anl\u00e4nda. Vi uppdaterar logistikinformationen f\u00f6r dig i realtid.<\/p>","protected":false},"excerpt":{"rendered":"<p>WASPE Vape 40000 PUFF FIHP Double Flavour Eng\u00e5ngsvape \u00e4r en premium, h\u00f6gpresterande enhet designad f\u00f6r kr\u00e4sna vejpare.<\/p>\n<p>Kontakta Mandy via WhatsApp f\u00f6r rabatterat pris<a href=\"https:\/\/wa.me\/8618077105796\">+8618077105796<\/a><\/p>\n<p><img decoding=\"async\" class=\"alignnone wp-image-2151\" src=\"http:\/\/vapebulkp.com\/wp-content\/uploads\/2024\/04\/Mandy-WhatsApp-Randm.jpg\" alt=\"Mandy WhatsApp Randm\" width=\"297\" height=\"316\" srcset=\"https:\/\/vapebulkp.com\/wp-content\/uploads\/2024\/04\/Mandy-WhatsApp-Randm.jpg 916w, https:\/\/vapebulkp.com\/wp-content\/uploads\/2024\/04\/Mandy-WhatsApp-Randm-282x300.jpg 282w, https:\/\/vapebulkp.com\/wp-content\/uploads\/2024\/04\/Mandy-WhatsApp-Randm-768x817.jpg 768w, https:\/\/vapebulkp.com\/wp-content\/uploads\/2024\/04\/Mandy-WhatsApp-Randm-600x638.jpg 600w\" sizes=\"(max-width: 297px) 100vw, 297px\" \/><\/p>\n<p><span style=\"color: #ff0000\">OBS: Priserna p\u00e5 v\u00e5r webbplats inkluderar inte fraktkostnader<\/span><\/p>\n<p>&nbsp;<\/p>","protected":false},"featured_media":3137,"comment_status":"open","ping_status":"closed","template":"","meta":{"_uag_custom_page_level_css":"","_lmt_disableupdate":"no","_lmt_disable":"","site-sidebar-layout":"default","site-content-layout":"content-boxed-container","ast-site-content-layout":"normal-width-container","site-content-style":"boxed","site-sidebar-style":"unboxed","ast-global-header-display":"","ast-banner-title-visibility":"","ast-main-header-display":"","ast-hfb-above-header-display":"","ast-hfb-below-header-display":"","ast-hfb-mobile-header-display":"","site-post-title":"","ast-breadcrumbs-content":"","ast-featured-img":"","footer-sml-layout":"","theme-transparent-header-meta":"default","adv-header-id-meta":"","stick-header-meta":"","header-above-stick-meta":"","header-main-stick-meta":"","header-below-stick-meta":"","astra-migrate-meta-layouts":"set","_joinchat":[]},"product_cat":[182,153,155,33,59,100,34,158,157,154,152,58,84,156,63,32,365],"product_tag":[37,41,40,183],"class_list":["post-3142","product","type-product","status-publish","has-post-thumbnail","hentry","product_cat-40000-puffs-disposable-vape","product_cat-hot-disposable-vapes","product_cat-belgium-hot-disposable-vapes","product_cat-france-vape-hot-sale","product_cat-germany-hot-disposable-vape","product_cat-germany-wholesale-vape-shop","product_cat-netherlands-vape-good-sale","product_cat-norway-hot-disposable-vapes","product_cat-poland-hot-disposable-vapes","product_cat-portugal-hot-disposable-vapes","product_cat-spain-hot-disposable-vapes","product_cat-sweden-hot-disposable-vape","product_cat-sweden-wholesale-vape","product_cat-switzerland-hot-disposable-vapes","product_cat-top-sale-disposable-vape","product_cat-vape-hot-sale-this-week","product_cat-waspe-vape","product_tag-hot-sale-disposable-vape","product_tag-poland-hot-vape","product_tag-sweden-hot-vape","product_tag-waspe-fihp-40000-puffs","pa_brand-waspe-vape","desktop-align-left","tablet-align-left","mobile-align-left"],"yoast_head":"<!-- This site is optimized with the Yoast SEO plugin v21.1 - https:\/\/yoast.com\/wordpress\/plugins\/seo\/ -->\n<title>WASPE Vape 40000 PUFF FIHP DOUBLE FLAVOUR Disposable Vape - vapebulkp.com<\/title>\n<meta name=\"description\" content=\"The ultimate Disposable Vape WASPE 40000 PUFFS offers dual flavors and a huge puff count. Shop the best e-cigarette for superior performance.\" \/>\n<meta name=\"robots\" content=\"index, follow, max-snippet:-1, max-image-preview:large, max-video-preview:-1\" \/>\n<link rel=\"canonical\" href=\"https:\/\/vapebulkp.com\/sv\/product\/waspe-vape-40000-puff-fihp-double-flavour-disposable-vape\/\" \/>\n<meta property=\"og:locale\" content=\"sv_SE\" \/>\n<meta property=\"og:type\" content=\"article\" \/>\n<meta property=\"og:title\" content=\"WASPE Vape 40000 PUFF FIHP DOUBLE FLAVOUR Disposable Vape - vapebulkp.com\" \/>\n<meta property=\"og:description\" content=\"The ultimate Disposable Vape WASPE 40000 PUFFS offers dual flavors and a huge puff count. Shop the best e-cigarette for superior performance.\" \/>\n<meta property=\"og:url\" content=\"https:\/\/vapebulkp.com\/sv\/product\/waspe-vape-40000-puff-fihp-double-flavour-disposable-vape\/\" \/>\n<meta property=\"og:site_name\" content=\"vapebulkp.com\" \/>\n<meta property=\"article:modified_time\" content=\"2025-09-24T03:17:50+00:00\" \/>\n<meta property=\"og:image\" content=\"http:\/\/vapebulkp.com\/wp-content\/uploads\/2024\/11\/WASPE-FIHP-40000-Puffs-Vape-Double-Flavor-Wholeasle-Price.jpg\" \/>\n\t<meta property=\"og:image:width\" content=\"800\" \/>\n\t<meta property=\"og:image:height\" content=\"800\" \/>\n\t<meta property=\"og:image:type\" content=\"image\/jpeg\" \/>\n<meta name=\"twitter:card\" content=\"summary_large_image\" \/>\n<meta name=\"twitter:label1\" content=\"Ber\u00e4knad l\u00e4stid\" \/>\n\t<meta name=\"twitter:data1\" content=\"4 minuter\" \/>\n<script type=\"application\/ld+json\" class=\"yoast-schema-graph\">{\"@context\":\"https:\/\/schema.org\",\"@graph\":[{\"@type\":\"WebPage\",\"@id\":\"https:\/\/vapebulkp.com\/product\/waspe-vape-40000-puff-fihp-double-flavour-disposable-vape\/\",\"url\":\"https:\/\/vapebulkp.com\/product\/waspe-vape-40000-puff-fihp-double-flavour-disposable-vape\/\",\"name\":\"WASPE Vape 40000 PUFF FIHP DOUBLE FLAVOUR Disposable Vape - vapebulkp.com\",\"isPartOf\":{\"@id\":\"https:\/\/vapebulkp.com\/#website\"},\"datePublished\":\"2024-11-21T02:48:22+00:00\",\"dateModified\":\"2025-09-24T03:17:50+00:00\",\"description\":\"The ultimate Disposable Vape WASPE 40000 PUFFS offers dual flavors and a huge puff count. Shop the best e-cigarette for superior performance.\",\"breadcrumb\":{\"@id\":\"https:\/\/vapebulkp.com\/product\/waspe-vape-40000-puff-fihp-double-flavour-disposable-vape\/#breadcrumb\"},\"inLanguage\":\"sv-SE\",\"potentialAction\":[{\"@type\":\"ReadAction\",\"target\":[\"https:\/\/vapebulkp.com\/product\/waspe-vape-40000-puff-fihp-double-flavour-disposable-vape\/\"]}]},{\"@type\":\"BreadcrumbList\",\"@id\":\"https:\/\/vapebulkp.com\/product\/waspe-vape-40000-puff-fihp-double-flavour-disposable-vape\/#breadcrumb\",\"itemListElement\":[{\"@type\":\"ListItem\",\"position\":1,\"name\":\"Home\",\"item\":\"https:\/\/vapebulkp.com\/\"},{\"@type\":\"ListItem\",\"position\":2,\"name\":\"Hot Trend Vapes\",\"item\":\"https:\/\/vapebulkp.com\/vape-shop\/\"},{\"@type\":\"ListItem\",\"position\":3,\"name\":\"WASPE Vape 40000 PUFF FIHP DOUBLE FLAVOUR Disposable Vape\"}]},{\"@type\":\"WebSite\",\"@id\":\"https:\/\/vapebulkp.com\/#website\",\"url\":\"https:\/\/vapebulkp.com\/\",\"name\":\"vapebulkp.com\",\"description\":\"Buy Vape In Cheap Bulk Price Near you\",\"publisher\":{\"@id\":\"https:\/\/vapebulkp.com\/#organization\"},\"potentialAction\":[{\"@type\":\"SearchAction\",\"target\":{\"@type\":\"EntryPoint\",\"urlTemplate\":\"https:\/\/vapebulkp.com\/?s={search_term_string}\"},\"query-input\":\"required name=search_term_string\"}],\"inLanguage\":\"sv-SE\"},{\"@type\":\"Organization\",\"@id\":\"https:\/\/vapebulkp.com\/#organization\",\"name\":\"vapebulkp.com\",\"url\":\"https:\/\/vapebulkp.com\/\",\"logo\":{\"@type\":\"ImageObject\",\"inLanguage\":\"sv-SE\",\"@id\":\"https:\/\/vapebulkp.com\/#\/schema\/logo\/image\/\",\"url\":\"https:\/\/vapebulkp.com\/wp-content\/uploads\/2023\/09\/cropped-vapebulkp.png\",\"contentUrl\":\"https:\/\/vapebulkp.com\/wp-content\/uploads\/2023\/09\/cropped-vapebulkp.png\",\"width\":516,\"height\":163,\"caption\":\"vapebulkp.com\"},\"image\":{\"@id\":\"https:\/\/vapebulkp.com\/#\/schema\/logo\/image\/\"}}]}<\/script>\n<!-- \/ Yoast SEO plugin. -->","yoast_head_json":{"title":"WASPE Vape 40000 PUFF FIHP DOUBLE FLAVOUR Disposable Vape - vapebulkp.com","description":"The ultimate Disposable Vape WASPE 40000 PUFFS offers dual flavors and a huge puff count. Shop the best e-cigarette for superior performance.","robots":{"index":"index","follow":"follow","max-snippet":"max-snippet:-1","max-image-preview":"max-image-preview:large","max-video-preview":"max-video-preview:-1"},"canonical":"https:\/\/vapebulkp.com\/sv\/product\/waspe-vape-40000-puff-fihp-double-flavour-disposable-vape\/","og_locale":"sv_SE","og_type":"article","og_title":"WASPE Vape 40000 PUFF FIHP DOUBLE FLAVOUR Disposable Vape - vapebulkp.com","og_description":"The ultimate Disposable Vape WASPE 40000 PUFFS offers dual flavors and a huge puff count. Shop the best e-cigarette for superior performance.","og_url":"https:\/\/vapebulkp.com\/sv\/product\/waspe-vape-40000-puff-fihp-double-flavour-disposable-vape\/","og_site_name":"vapebulkp.com","article_modified_time":"2025-09-24T03:17:50+00:00","og_image":[{"width":800,"height":800,"url":"http:\/\/vapebulkp.com\/wp-content\/uploads\/2024\/11\/WASPE-FIHP-40000-Puffs-Vape-Double-Flavor-Wholeasle-Price.jpg","type":"image\/jpeg"}],"twitter_card":"summary_large_image","twitter_misc":{"Ber\u00e4knad l\u00e4stid":"4 minuter"},"schema":{"@context":"https:\/\/schema.org","@graph":[{"@type":"WebPage","@id":"https:\/\/vapebulkp.com\/product\/waspe-vape-40000-puff-fihp-double-flavour-disposable-vape\/","url":"https:\/\/vapebulkp.com\/product\/waspe-vape-40000-puff-fihp-double-flavour-disposable-vape\/","name":"WASPE Vape 40000 PUFF FIHP DOUBLE FLAVOUR Disposable Vape - vapebulkp.com","isPartOf":{"@id":"https:\/\/vapebulkp.com\/#website"},"datePublished":"2024-11-21T02:48:22+00:00","dateModified":"2025-09-24T03:17:50+00:00","description":"The ultimate Disposable Vape WASPE 40000 PUFFS offers dual flavors and a huge puff count. Shop the best e-cigarette for superior performance.","breadcrumb":{"@id":"https:\/\/vapebulkp.com\/product\/waspe-vape-40000-puff-fihp-double-flavour-disposable-vape\/#breadcrumb"},"inLanguage":"sv-SE","potentialAction":[{"@type":"ReadAction","target":["https:\/\/vapebulkp.com\/product\/waspe-vape-40000-puff-fihp-double-flavour-disposable-vape\/"]}]},{"@type":"BreadcrumbList","@id":"https:\/\/vapebulkp.com\/product\/waspe-vape-40000-puff-fihp-double-flavour-disposable-vape\/#breadcrumb","itemListElement":[{"@type":"ListItem","position":1,"name":"Home","item":"https:\/\/vapebulkp.com\/"},{"@type":"ListItem","position":2,"name":"Hot Trend Vapes","item":"https:\/\/vapebulkp.com\/vape-shop\/"},{"@type":"ListItem","position":3,"name":"WASPE Vape 40000 PUFF FIHP DOUBLE FLAVOUR Disposable Vape"}]},{"@type":"WebSite","@id":"https:\/\/vapebulkp.com\/#website","url":"https:\/\/vapebulkp.com\/","name":"vapebulkp.com","description":"Buy Vape In Cheap Bulk Price Near you","publisher":{"@id":"https:\/\/vapebulkp.com\/#organization"},"potentialAction":[{"@type":"SearchAction","target":{"@type":"EntryPoint","urlTemplate":"https:\/\/vapebulkp.com\/?s={search_term_string}"},"query-input":"required name=search_term_string"}],"inLanguage":"sv-SE"},{"@type":"Organization","@id":"https:\/\/vapebulkp.com\/#organization","name":"vapebulkp.com","url":"https:\/\/vapebulkp.com\/","logo":{"@type":"ImageObject","inLanguage":"sv-SE","@id":"https:\/\/vapebulkp.com\/#\/schema\/logo\/image\/","url":"https:\/\/vapebulkp.com\/wp-content\/uploads\/2023\/09\/cropped-vapebulkp.png","contentUrl":"https:\/\/vapebulkp.com\/wp-content\/uploads\/2023\/09\/cropped-vapebulkp.png","width":516,"height":163,"caption":"vapebulkp.com"},"image":{"@id":"https:\/\/vapebulkp.com\/#\/schema\/logo\/image\/"}}]}},"uagb_featured_image_src":{"full":["https:\/\/vapebulkp.com\/wp-content\/uploads\/2024\/11\/WASPE-FIHP-40000-Puffs-Vape-Double-Flavor-Wholeasle-Price.jpg",800,800,false],"thumbnail":["https:\/\/vapebulkp.com\/wp-content\/uploads\/2024\/11\/WASPE-FIHP-40000-Puffs-Vape-Double-Flavor-Wholeasle-Price-150x150.jpg",150,150,true],"medium":["https:\/\/vapebulkp.com\/wp-content\/uploads\/2024\/11\/WASPE-FIHP-40000-Puffs-Vape-Double-Flavor-Wholeasle-Price-300x300.jpg",300,300,true],"medium_large":["https:\/\/vapebulkp.com\/wp-content\/uploads\/2024\/11\/WASPE-FIHP-40000-Puffs-Vape-Double-Flavor-Wholeasle-Price-768x768.jpg",768,768,true],"large":["https:\/\/vapebulkp.com\/wp-content\/uploads\/2024\/11\/WASPE-FIHP-40000-Puffs-Vape-Double-Flavor-Wholeasle-Price.jpg",800,800,false],"1536x1536":["https:\/\/vapebulkp.com\/wp-content\/uploads\/2024\/11\/WASPE-FIHP-40000-Puffs-Vape-Double-Flavor-Wholeasle-Price.jpg",800,800,false],"2048x2048":["https:\/\/vapebulkp.com\/wp-content\/uploads\/2024\/11\/WASPE-FIHP-40000-Puffs-Vape-Double-Flavor-Wholeasle-Price.jpg",800,800,false],"trp-custom-language-flag":["https:\/\/vapebulkp.com\/wp-content\/uploads\/2024\/11\/WASPE-FIHP-40000-Puffs-Vape-Double-Flavor-Wholeasle-Price.jpg",12,12,false],"woocommerce_thumbnail":["https:\/\/vapebulkp.com\/wp-content\/uploads\/2024\/11\/WASPE-FIHP-40000-Puffs-Vape-Double-Flavor-Wholeasle-Price-300x300.jpg",300,300,true],"woocommerce_single":["https:\/\/vapebulkp.com\/wp-content\/uploads\/2024\/11\/WASPE-FIHP-40000-Puffs-Vape-Double-Flavor-Wholeasle-Price-600x600.jpg",600,600,true],"woocommerce_gallery_thumbnail":["https:\/\/vapebulkp.com\/wp-content\/uploads\/2024\/11\/WASPE-FIHP-40000-Puffs-Vape-Double-Flavor-Wholeasle-Price-100x100.jpg",100,100,true],"wcpr-photo-reviews":["https:\/\/vapebulkp.com\/wp-content\/uploads\/2024\/11\/WASPE-FIHP-40000-Puffs-Vape-Double-Flavor-Wholeasle-Price.jpg",500,500,false]},"uagb_author_info":{"display_name":"Mandy vape bulk price","author_link":"https:\/\/vapebulkp.com\/sv\/author\/"},"uagb_comment_info":0,"uagb_excerpt":"The WASPE Vape 40000 PUFF FIHP Double Flavour Disposable Vape is a premium, high-performance device designed for discerning vapers. Pls Contact Mandy's WhatsApp For Discount Price+8618077105796 NOTE: Prices on our website does not include shipping costs &nbsp;","_links":{"self":[{"href":"https:\/\/vapebulkp.com\/sv\/wp-json\/wp\/v2\/product\/3142","targetHints":{"allow":["GET"]}}],"collection":[{"href":"https:\/\/vapebulkp.com\/sv\/wp-json\/wp\/v2\/product"}],"about":[{"href":"https:\/\/vapebulkp.com\/sv\/wp-json\/wp\/v2\/types\/product"}],"replies":[{"embeddable":true,"href":"https:\/\/vapebulkp.com\/sv\/wp-json\/wp\/v2\/comments?post=3142"}],"wp:featuredmedia":[{"embeddable":true,"href":"https:\/\/vapebulkp.com\/sv\/wp-json\/wp\/v2\/media\/3137"}],"wp:attachment":[{"href":"https:\/\/vapebulkp.com\/sv\/wp-json\/wp\/v2\/media?parent=3142"}],"wp:term":[{"taxonomy":"product_cat","embeddable":true,"href":"https:\/\/vapebulkp.com\/sv\/wp-json\/wp\/v2\/product_cat?post=3142"},{"taxonomy":"product_tag","embeddable":true,"href":"https:\/\/vapebulkp.com\/sv\/wp-json\/wp\/v2\/product_tag?post=3142"}],"curies":[{"name":"wp","href":"https:\/\/api.w.org\/{rel}","templated":true}]}}