{"id":3168,"date":"2024-11-26T08:13:47","date_gmt":"2024-11-26T07:13:47","guid":{"rendered":"https:\/\/vapebulkp.com\/?post_type=product&#038;p=3168"},"modified":"2025-08-29T05:07:15","modified_gmt":"2025-08-29T03:07:15","slug":"hzko-supernova-30000-puff-eu-warehouse-vape-disposable-vape","status":"publish","type":"product","link":"https:\/\/vapebulkp.com\/sv\/product\/hzko-supernova-30000-puff-eu-warehouse-vape-disposable-vape\/","title":{"rendered":"HZKO Supernova 30000 Puff EU-lager Vape Display Sk\u00e4rm Eng\u00e5ngs Vape"},"content":{"rendered":"<h1>HZKO Supernova 30000 Puff EU-lager Vape Display Sk\u00e4rm Eng\u00e5ngs Vape<\/h1>\n<p>Den <b>HZKO Supernova 30000 Puff<\/b> \u00e4r byggd f\u00f6r den moderna europeiska vejparen. Denna enhet s\u00e4tter en ny standard f\u00f6r bekv\u00e4mlighet och prestanda med sin dj\u00e4rva design och avancerade funktioner. En integrerad digital sk\u00e4rm ger dig omedelbara, realtidsuppdateringar om din <a href=\"https:\/\/vapebulkp.com\/sv\/product-category\/30000-puff-disposable-vape\/\"><b>Eng\u00e5ngsvejp 30000 bloss<\/b><\/a>, inklusive batteritid och e-v\u00e4tskeniv\u00e5er. Du har alltid fullst\u00e4ndig kontroll.<\/p>\n<p>Denna <b>uppladdningsbar vape<\/b> drivs av ett p\u00e5litligt 850mAh batteri med Type-C snabbladdning. Dess dubbla mesh-coils och 23 ml e-v\u00e4tska levererar rik, konsekvent smak fr\u00e5n f\u00f6rsta bloss till sista. Skr\u00e4ddarsy ditt drag med justerbart luftfl\u00f6de och v\u00e4lj bland 12 distinkta smaker med 2% eller 5% nikotinsaltalternativ.<\/p>\n<p>Tillg\u00e4nglig direkt fr\u00e5n v\u00e5rt EU-lager, denna <a href=\"https:\/\/vapebulkp.com\/sv\/product\/hzko-supernova-30000-puff-eu-warehouse-vape-disposable-vape\/\"><b>HZKO Supernova 30000 Puff<\/b><\/a> garanterar snabb leverans \u00f6ver hela <a href=\"https:\/\/vapebulkp.com\/sv\/puffs-stock-europe-warehouse\/\">Vape Europeiska Marknaden<\/a>. Det \u00e4r det ultimata <b>vape-kit<\/b> f\u00f6r dem som kr\u00e4ver teknologi, stil och en <b>h\u00f6ga blossantal<\/b> i en elegant, effektiv e-cigarett.<\/p>\n<p><img decoding=\"async\" class=\"alignnone wp-image-3165\" src=\"http:\/\/vapebulkp.com\/wp-content\/uploads\/2024\/11\/HZKO-supernova-30000-puffs-Randm-Vapes.jpg\" alt=\"HZKO supernova 30000 bloss Randm Vapes\" width=\"507\" height=\"507\" srcset=\"https:\/\/vapebulkp.com\/wp-content\/uploads\/2024\/11\/HZKO-supernova-30000-puffs-Randm-Vapes.jpg 800w, https:\/\/vapebulkp.com\/wp-content\/uploads\/2024\/11\/HZKO-supernova-30000-puffs-Randm-Vapes-300x300.jpg 300w, https:\/\/vapebulkp.com\/wp-content\/uploads\/2024\/11\/HZKO-supernova-30000-puffs-Randm-Vapes-150x150.jpg 150w, https:\/\/vapebulkp.com\/wp-content\/uploads\/2024\/11\/HZKO-supernova-30000-puffs-Randm-Vapes-768x768.jpg 768w, https:\/\/vapebulkp.com\/wp-content\/uploads\/2024\/11\/HZKO-supernova-30000-puffs-Randm-Vapes-600x600.jpg 600w, https:\/\/vapebulkp.com\/wp-content\/uploads\/2024\/11\/HZKO-supernova-30000-puffs-Randm-Vapes-100x100.jpg 100w\" sizes=\"(max-width: 507px) 100vw, 507px\" \/><\/p>\n<h6 style=\"text-align: left\"><\/h6>\n<h6>Kontakta Mandy via WhatsApp f\u00f6r rabatterat pris<a href=\"https:\/\/wa.me\/8618077105796\">+8618077105796<\/a><\/h6>\n<p><img decoding=\"async\" class=\"alignnone wp-image-2151\" src=\"http:\/\/vapebulkp.com\/wp-content\/uploads\/2024\/04\/Mandy-WhatsApp-Randm.jpg\" alt=\"Mandy WhatsApp Randm\" width=\"263\" height=\"280\" srcset=\"https:\/\/vapebulkp.com\/wp-content\/uploads\/2024\/04\/Mandy-WhatsApp-Randm.jpg 916w, https:\/\/vapebulkp.com\/wp-content\/uploads\/2024\/04\/Mandy-WhatsApp-Randm-282x300.jpg 282w, https:\/\/vapebulkp.com\/wp-content\/uploads\/2024\/04\/Mandy-WhatsApp-Randm-768x817.jpg 768w, https:\/\/vapebulkp.com\/wp-content\/uploads\/2024\/04\/Mandy-WhatsApp-Randm-600x638.jpg 600w\" sizes=\"(max-width: 263px) 100vw, 263px\" \/><\/p>\n<p>&nbsp;<\/p>\n<h2><strong>FAQ om HZKO Supernova 30K Puffs Eng\u00e5ngsvape<\/strong><\/h2>\n<p><strong>1. Hur m\u00e5nga bloss ger HZKO Supernova 30k puff?<\/strong><br \/>\nHZKO Supernova erbjuder imponerande <strong>30 000 puffar<\/strong>, vilket g\u00f6r den till ett toppval f\u00f6r l\u00e5ngvarig vaping.<\/p>\n<p><strong>2. \u00c4r HZKO Supernova vape 30000 puffar uppladdningsbar?<\/strong><br \/>\nJa, den har en <strong>uppladdningsbart 850mAh batteri<\/strong> med en <strong>Type-C laddningsport<\/strong> f\u00f6r snabb och bekv\u00e4m laddning.<\/p>\n<p><strong>3. Finns 30000 puffar HZKO Vape f\u00f6r snabb leverans i Europa?<\/strong><br \/>\nAbsolut! Med lager i <strong>EU-lagret<\/strong>f\u00e5r europeiska kunder <strong>snabb leverans<\/strong>.<\/p>\n<h4><\/h4>\n<h2><strong>Varf\u00f6r k\u00f6pa billiga HZKO Supernova 30K Puff Hot Vape fr\u00e5n <a href=\"https:\/\/vapebulkp.com\/sv\/\">Vapebulkp<\/a>?<\/strong><\/h2>\n<ol>\n<li><strong>Exklusiva priser<\/strong>: Vapebulkp erbjuder konkurrenskraftiga grossistpriser, vilket s\u00e4kerst\u00e4ller att du f\u00e5r det b\u00e4sta v\u00e4rdet f\u00f6r h\u00f6gkvalitativa produkter som HZKO Supernova 30000 Puff.<\/li>\n<li><strong>Tillg\u00e4nglighet i EU-lager<\/strong>: Njut av snabb och p\u00e5litlig leverans i hela Europa med lager lokalt, vilket minimerar v\u00e4ntetider och s\u00e4kerst\u00e4ller en smidig shoppingupplevelse.<\/li>\n<li><strong>Garanterad \u00e4kthet<\/strong>: Vapebulkp \u00e4r en betrodd leverant\u00f6r av \u00e4kta vapingprodukter, s\u00e5 du kan handla med f\u00f6rtroende, eftersom du vet att du f\u00e5r den \u00e4kta varan.<\/li>\n<li><strong>M\u00e5ngsidigt smakutbud<\/strong>: V\u00e4lj mellan 12 unika smaker anpassade f\u00f6r att m\u00f6ta preferenserna hos europeiska vapers, tillsammans med flexibla nikotinsalternativ (0%, 2%, 3%, 5%).<\/li>\n<li><strong>Kundcentrerad support<\/strong>: <a href=\"https:\/\/vapebulkp.com\/sv\/\">Vapebulkp<\/a> \u00e4r stolta \u00f6ver exceptionell kundservice, redo att hj\u00e4lpa till med f\u00f6rfr\u00e5gningar och bulkbest\u00e4llningar f\u00f6r privatpersoner eller \u00e5terf\u00f6rs\u00e4ljare.<\/li>\n<li><strong>Milj\u00f6v\u00e4nliga funktioner<\/strong>: Uppladdningsbar med en Type-C-port och driven av ett 850mAh-batteri, HZKO Supernova 30000 puffs vapor fr\u00e4mjar h\u00e5llbar vaping, i linje med Vapebulkps engagemang f\u00f6r moderna, milj\u00f6medvetna produkter.<\/li>\n<\/ol>\n<h3><strong>Svensk E-Cigarette Supernova 30000 Puff Disposable Vape Produktfunktioner<\/strong><\/h3>\n<ul>\n<li><strong>Full digital display<\/strong>: \u00d6vervakar antalet puffar, batteritid och andra viktiga detaljer.<\/li>\n<li><strong>Justerbart luftfl\u00f6de<\/strong>: Anpassa din dragning f\u00f6r en skr\u00e4ddarsydd vapingupplevelse.<\/li>\n<li><strong>Alternativ f\u00f6r nikotinsalt<\/strong>: Finns i 0%, 2%, 3% och 5% f\u00f6r flexibla nikotinpreferenser.<\/li>\n<li><strong>Stor E-v\u00e4tskekapacitet<\/strong>: F\u00f6rfylld med 23 ml e-v\u00e4tska f\u00f6r l\u00e5ngvarig anv\u00e4ndning.<\/li>\n<li><strong>Dubbel Mesh Coil-teknik<\/strong>: S\u00e4kerst\u00e4ller konsekvent smak och mjuk \u00e5ngproduktion.<\/li>\n<li><strong>12 Smakalternativ<\/strong>: Ett brett utbud av smakprofiler som passar alla hum\u00f6r.<\/li>\n<li><strong>Laddningsbart batteri<\/strong>: Utrustad med ett 850mAh integrerat batteri f\u00f6r ut\u00f6kad prestanda.<\/li>\n<li><strong>Type-C Laddningsport<\/strong>: Snabb och bekv\u00e4m laddning f\u00f6r minimal stillest\u00e5ndstid.<\/li>\n<li><strong>Enast\u00e5ende puffantal<\/strong>: Erbjuder upp till 30,000 puffar f\u00f6r o\u00f6vertr\u00e4ffad livsl\u00e4ngd.<\/li>\n<\/ul>\n<h3 class=\"sr-proMainInfo-baseInfoH1 J-baseInfo-name\">Hookah Vape HZKO supernova 30000 puffar Smaklista:<\/h3>\n<p>1. Bl\u00e5 Raze Is<br \/>\n2. Miami Mint<br \/>\n3. Vattenmelonis<br \/>\n4. Lime B\u00e4r Orange<br \/>\n5. Jordgubb B-Pop<br \/>\n6. Surt \u00c4pple Is<br \/>\n7. Svartb\u00e4r B-pop<br \/>\n8. Grapefrukt Uppfriskare<br \/>\n9. Hallon Persika Lime<br \/>\n10. Surt Mango Ananas<br \/>\n11.Blandade B\u00e4r<br \/>\n12. Persika Bl\u00e5 Slush<\/p>\n<p><a href=\"https:\/\/vapebulkp.com\/sv\/product\/wga-crystal-plus-16000-puffs-led-light-disposable-vape\/\">WGA Crystal Plus 16000 bloss<\/a><\/p>\n<p><span style=\"vertical-align: inherit\">Hitta fler produkter du kanske gillar:<\/span><em><a href=\"https:\/\/wa.me\/8618077105796\"><span style=\"vertical-align: inherit\">\u00a0K\u00f6p nu<\/span><\/a><\/em><\/p>\n<p><span style=\"vertical-align: inherit\">Andra Puffs du kanske gillar:<\/span><a href=\"https:\/\/vapebulkp.com\/sv\/product\/good-sale-randm-tornado-10000-puffs-plus\/\"><span style=\"vertical-align: inherit\">RandM 10000Bloss<\/span><\/a><span style=\"vertical-align: inherit\">\u2014Med en blosskapacitet p\u00e5 10 000 bloss \u00e4r denna enhet en favorit bland vapingentusiaster.<\/span><\/p>\n<p><a href=\"https:\/\/vapebulkp.com\/sv\/product\/wholesale-randm-tornado-9000-puffs-germany\/\"><span style=\"vertical-align: inherit\">RandM Tornado 9000 bloss<\/span><\/a><span style=\"vertical-align: inherit\">\u2014Som den mest popul\u00e4ra e-cigaretten har Randm 9 000 bloss f\u00f6r dig att njuta av<\/span><\/p>\n<p><a href=\"https:\/\/vapebulkp.com\/sv\/product\/bang-20000-puffs-hot-vape-top-sale-vape\/\"><span style=\"vertical-align: inherit\">Bang 20000 bloss<\/span><\/a><span style=\"vertical-align: inherit\">\u2014Bang King \u00e4r ett popul\u00e4rt m\u00e4rke med unika modeller och 20000 bloss<\/span><\/p>\n<p><a href=\"https:\/\/vapebulkp.com\/sv\/product\/bang-king-12000puffs\/\"><span style=\"vertical-align: inherit\">Bang King 12000 Puffar<\/span><\/a>\u2014-Bang King 12000 bloss \u00e4r ett popul\u00e4rt m\u00e4rke med unika modeller och 12 000 bloss, ett annat alternativ f\u00f6r att f\u00f6rb\u00e4ttra dina vapingbehov<\/p>\n<p><span style=\"vertical-align: inherit\">E-cigarettflaska med specialform:<\/span><a href=\"https:\/\/vapebulkp.com\/sv\/product\/fumot-tornado-25k-puffs-cheap-price-disposable-vape\/\"><span style=\"vertical-align: inherit\">Fumot Tornado 25000 Puff<\/span><\/a><span style=\"vertical-align: inherit\">\/ <\/span><a href=\"https:\/\/vapebulkp.com\/sv\/product\/vapme-crystal-7000-puffs-original-vape-good-flavor\/\"><span style=\"vertical-align: inherit\">Crystal 7000 bloss<\/span><\/a><span style=\"vertical-align: inherit\">\/<\/span><a href=\"https:\/\/vapebulkp.com\/sv\/product\/vozol-gear-power-disposable-vape-20000-puffs-dual-mode-5-nicotine\/\"><span style=\"vertical-align: inherit\">VOZOL Gear power 20000 Puffar<\/span><\/a><\/p>\n<p><a href=\"https:\/\/vapebulkp.com\/sv\/product\/waspe-vape-40000-puff-fihp-double-flavour-disposable-vape\/\">\u00a0WASPE FIHP 40000 Puffar Original vape<\/a><\/p>\n<p><a href=\"https:\/\/vapebulkp.com\/sv\/product\/jnr-vape-mega-box-25000-puff-discount-price-vape-pods\/\">\u00a0JNR MEGA BOX 25K PUFFAR<\/a><\/p>\n<p><a href=\"https:\/\/vapebulkp.com\/sv\/product\/jnr-vape-mega-box-25000-puff-discount-price-vape-pods\/\">JNR VAPE MEGA BOX 25000 Puffar <\/a><\/p>\n<h4>Leveransdetaljer:<\/h4>\n<p><span style=\"color: #ff6600\">Produktionstid: 5-10 arbetsdagar<\/span><br \/>\n<span style=\"color: #ff6600\">Leveranstid: 8-14 arbetsdagar<\/span><\/p>\n<p>Alla produkter i v\u00e5r butik \u00e4r 100% originala och autentiska, d\u00e4rf\u00f6r \u00e4r Tiofaldig ers\u00e4ttning f\u00f6r falska varor v\u00e5r butikspolicy. Vi anv\u00e4nder logistikkanaler som UPS\/DHL\/FEDEX\/DPD f\u00f6r att leverera varor till dig.<\/p>\n<p>F\u00f6r paket som skickas inom Sverige tar det vanligtvis 10 arbetsdagar att anl\u00e4nda. Leveranser till andra europeiska l\u00e4nder tar vanligtvis 12 till 15 arbetsdagar att anl\u00e4nda. Vi uppdaterar logistikinformationen f\u00f6r dig i realtid.<\/p>","protected":false},"excerpt":{"rendered":"<p>HZKO Supernova 30000 Puffs erbjuder Vape Pods o\u00f6vertr\u00e4ffad livsl\u00e4ngd, rika smaker, justerbart luftfl\u00f6de och en digital display \u2013 som kombinerar innovation och bekv\u00e4mlighet f\u00f6r den ultimata vapingupplevelsen.<\/p>\n<p><img decoding=\"async\" class=\"alignnone wp-image-2151\" src=\"http:\/\/vapebulkp.com\/wp-content\/uploads\/2024\/04\/Mandy-WhatsApp-Randm.jpg\" alt=\"Mandy WhatsApp Randm\" width=\"238\" height=\"253\" srcset=\"https:\/\/vapebulkp.com\/wp-content\/uploads\/2024\/04\/Mandy-WhatsApp-Randm.jpg 916w, https:\/\/vapebulkp.com\/wp-content\/uploads\/2024\/04\/Mandy-WhatsApp-Randm-282x300.jpg 282w, https:\/\/vapebulkp.com\/wp-content\/uploads\/2024\/04\/Mandy-WhatsApp-Randm-768x817.jpg 768w, https:\/\/vapebulkp.com\/wp-content\/uploads\/2024\/04\/Mandy-WhatsApp-Randm-600x638.jpg 600w\" sizes=\"(max-width: 238px) 100vw, 238px\" \/><\/p>\n<p>Kontakta Mandy via WhatsApp f\u00f6r rabatterat pris<a href=\"https:\/\/wa.me\/8618077105796\">+8618077105796<\/a><\/p>\n<p><span style=\"color: #ff0000\">OBS: Priserna p\u00e5 v\u00e5r webbplats inkluderar inte fraktkostnader<\/span><\/p>","protected":false},"featured_media":3164,"comment_status":"open","ping_status":"closed","template":"","meta":{"_uag_custom_page_level_css":"","_lmt_disableupdate":"no","_lmt_disable":"","site-sidebar-layout":"default","site-content-layout":"content-boxed-container","ast-site-content-layout":"normal-width-container","site-content-style":"boxed","site-sidebar-style":"unboxed","ast-global-header-display":"","ast-banner-title-visibility":"","ast-main-header-display":"","ast-hfb-above-header-display":"","ast-hfb-below-header-display":"","ast-hfb-mobile-header-display":"","site-post-title":"","ast-breadcrumbs-content":"","ast-featured-img":"","footer-sml-layout":"","theme-transparent-header-meta":"default","adv-header-id-meta":"","stick-header-meta":"","header-above-stick-meta":"","header-main-stick-meta":"","header-below-stick-meta":"","astra-migrate-meta-layouts":"set","_joinchat":[]},"product_cat":[160,153,155,33,59,100,87,34,158,157,154,152,58,84,156,63,32],"product_tag":[139,36,37,91,127,41,40],"class_list":["post-3168","product","type-product","status-publish","has-post-thumbnail","hentry","product_cat-30000-puff-disposable-vape","product_cat-hot-disposable-vapes","product_cat-belgium-hot-disposable-vapes","product_cat-france-vape-hot-sale","product_cat-germany-hot-disposable-vape","product_cat-germany-wholesale-vape-shop","product_cat-minimum-order-quantity-50pcs","product_cat-netherlands-vape-good-sale","product_cat-norway-hot-disposable-vapes","product_cat-poland-hot-disposable-vapes","product_cat-portugal-hot-disposable-vapes","product_cat-spain-hot-disposable-vapes","product_cat-sweden-hot-disposable-vape","product_cat-sweden-wholesale-vape","product_cat-switzerland-hot-disposable-vapes","product_cat-top-sale-disposable-vape","product_cat-vape-hot-sale-this-week","product_tag-30k-puffs","product_tag-good-vape","product_tag-hot-sale-disposable-vape","product_tag-italy-hot-vape","product_tag-original-vape-inr-shisha","product_tag-poland-hot-vape","product_tag-sweden-hot-vape","desktop-align-left","tablet-align-left","mobile-align-left"],"yoast_head":"<!-- This site is optimized with the Yoast SEO plugin v21.1 - https:\/\/yoast.com\/wordpress\/plugins\/seo\/ -->\n<title>HZKO Supernova 30000 Puff EU Warehouse Vape Display Screen Disposable Vape - vapebulkp.com<\/title>\n<meta name=\"description\" content=\"Get the HZKO Supernova 30000 Puff Disposable Vape. Features a digital screen, dual mesh coils, and 30,000 puffs. Order from our EU warehouse for fast shipping.\" \/>\n<meta name=\"robots\" content=\"index, follow, max-snippet:-1, max-image-preview:large, max-video-preview:-1\" \/>\n<link rel=\"canonical\" href=\"https:\/\/vapebulkp.com\/sv\/product\/hzko-supernova-30000-puff-eu-warehouse-vape-disposable-vape\/\" \/>\n<meta property=\"og:locale\" content=\"sv_SE\" \/>\n<meta property=\"og:type\" content=\"article\" \/>\n<meta property=\"og:title\" content=\"HZKO Supernova 30000 Puff EU Warehouse Vape Display Screen Disposable Vape - vapebulkp.com\" \/>\n<meta property=\"og:description\" content=\"Get the HZKO Supernova 30000 Puff Disposable Vape. Features a digital screen, dual mesh coils, and 30,000 puffs. Order from our EU warehouse for fast shipping.\" \/>\n<meta property=\"og:url\" content=\"https:\/\/vapebulkp.com\/sv\/product\/hzko-supernova-30000-puff-eu-warehouse-vape-disposable-vape\/\" \/>\n<meta property=\"og:site_name\" content=\"vapebulkp.com\" \/>\n<meta property=\"article:modified_time\" content=\"2025-08-29T03:07:15+00:00\" \/>\n<meta property=\"og:image\" content=\"http:\/\/vapebulkp.com\/wp-content\/uploads\/2024\/11\/HZKO-supernova-30000-puffs-Hot-Sale-Vape.jpg\" \/>\n\t<meta property=\"og:image:width\" content=\"800\" \/>\n\t<meta property=\"og:image:height\" content=\"800\" \/>\n\t<meta property=\"og:image:type\" content=\"image\/jpeg\" \/>\n<meta name=\"twitter:card\" content=\"summary_large_image\" \/>\n<meta name=\"twitter:label1\" content=\"Ber\u00e4knad l\u00e4stid\" \/>\n\t<meta name=\"twitter:data1\" content=\"4 minuter\" \/>\n<script type=\"application\/ld+json\" class=\"yoast-schema-graph\">{\"@context\":\"https:\/\/schema.org\",\"@graph\":[{\"@type\":\"WebPage\",\"@id\":\"https:\/\/vapebulkp.com\/product\/hzko-supernova-30000-puff-eu-warehouse-vape-disposable-vape\/\",\"url\":\"https:\/\/vapebulkp.com\/product\/hzko-supernova-30000-puff-eu-warehouse-vape-disposable-vape\/\",\"name\":\"HZKO Supernova 30000 Puff EU Warehouse Vape Display Screen Disposable Vape - vapebulkp.com\",\"isPartOf\":{\"@id\":\"https:\/\/vapebulkp.com\/#website\"},\"datePublished\":\"2024-11-26T07:13:47+00:00\",\"dateModified\":\"2025-08-29T03:07:15+00:00\",\"description\":\"Get the HZKO Supernova 30000 Puff Disposable Vape. Features a digital screen, dual mesh coils, and 30,000 puffs. Order from our EU warehouse for fast shipping.\",\"breadcrumb\":{\"@id\":\"https:\/\/vapebulkp.com\/product\/hzko-supernova-30000-puff-eu-warehouse-vape-disposable-vape\/#breadcrumb\"},\"inLanguage\":\"sv-SE\",\"potentialAction\":[{\"@type\":\"ReadAction\",\"target\":[\"https:\/\/vapebulkp.com\/product\/hzko-supernova-30000-puff-eu-warehouse-vape-disposable-vape\/\"]}]},{\"@type\":\"BreadcrumbList\",\"@id\":\"https:\/\/vapebulkp.com\/product\/hzko-supernova-30000-puff-eu-warehouse-vape-disposable-vape\/#breadcrumb\",\"itemListElement\":[{\"@type\":\"ListItem\",\"position\":1,\"name\":\"Home\",\"item\":\"https:\/\/vapebulkp.com\/\"},{\"@type\":\"ListItem\",\"position\":2,\"name\":\"Hot Trend Vapes\",\"item\":\"https:\/\/vapebulkp.com\/vape-shop\/\"},{\"@type\":\"ListItem\",\"position\":3,\"name\":\"HZKO Supernova 30000 Puff EU Warehouse Vape Display Screen Disposable Vape\"}]},{\"@type\":\"WebSite\",\"@id\":\"https:\/\/vapebulkp.com\/#website\",\"url\":\"https:\/\/vapebulkp.com\/\",\"name\":\"vapebulkp.com\",\"description\":\"Buy Vape In Cheap Bulk Price Near you\",\"publisher\":{\"@id\":\"https:\/\/vapebulkp.com\/#organization\"},\"potentialAction\":[{\"@type\":\"SearchAction\",\"target\":{\"@type\":\"EntryPoint\",\"urlTemplate\":\"https:\/\/vapebulkp.com\/?s={search_term_string}\"},\"query-input\":\"required name=search_term_string\"}],\"inLanguage\":\"sv-SE\"},{\"@type\":\"Organization\",\"@id\":\"https:\/\/vapebulkp.com\/#organization\",\"name\":\"vapebulkp.com\",\"url\":\"https:\/\/vapebulkp.com\/\",\"logo\":{\"@type\":\"ImageObject\",\"inLanguage\":\"sv-SE\",\"@id\":\"https:\/\/vapebulkp.com\/#\/schema\/logo\/image\/\",\"url\":\"https:\/\/vapebulkp.com\/wp-content\/uploads\/2023\/09\/cropped-vapebulkp.png\",\"contentUrl\":\"https:\/\/vapebulkp.com\/wp-content\/uploads\/2023\/09\/cropped-vapebulkp.png\",\"width\":516,\"height\":163,\"caption\":\"vapebulkp.com\"},\"image\":{\"@id\":\"https:\/\/vapebulkp.com\/#\/schema\/logo\/image\/\"}}]}<\/script>\n<!-- \/ Yoast SEO plugin. -->","yoast_head_json":{"title":"HZKO Supernova 30000 Puff EU Warehouse Vape Display Screen Disposable Vape - vapebulkp.com","description":"Get the HZKO Supernova 30000 Puff Disposable Vape. Features a digital screen, dual mesh coils, and 30,000 puffs. Order from our EU warehouse for fast shipping.","robots":{"index":"index","follow":"follow","max-snippet":"max-snippet:-1","max-image-preview":"max-image-preview:large","max-video-preview":"max-video-preview:-1"},"canonical":"https:\/\/vapebulkp.com\/sv\/product\/hzko-supernova-30000-puff-eu-warehouse-vape-disposable-vape\/","og_locale":"sv_SE","og_type":"article","og_title":"HZKO Supernova 30000 Puff EU Warehouse Vape Display Screen Disposable Vape - vapebulkp.com","og_description":"Get the HZKO Supernova 30000 Puff Disposable Vape. Features a digital screen, dual mesh coils, and 30,000 puffs. Order from our EU warehouse for fast shipping.","og_url":"https:\/\/vapebulkp.com\/sv\/product\/hzko-supernova-30000-puff-eu-warehouse-vape-disposable-vape\/","og_site_name":"vapebulkp.com","article_modified_time":"2025-08-29T03:07:15+00:00","og_image":[{"width":800,"height":800,"url":"http:\/\/vapebulkp.com\/wp-content\/uploads\/2024\/11\/HZKO-supernova-30000-puffs-Hot-Sale-Vape.jpg","type":"image\/jpeg"}],"twitter_card":"summary_large_image","twitter_misc":{"Ber\u00e4knad l\u00e4stid":"4 minuter"},"schema":{"@context":"https:\/\/schema.org","@graph":[{"@type":"WebPage","@id":"https:\/\/vapebulkp.com\/product\/hzko-supernova-30000-puff-eu-warehouse-vape-disposable-vape\/","url":"https:\/\/vapebulkp.com\/product\/hzko-supernova-30000-puff-eu-warehouse-vape-disposable-vape\/","name":"HZKO Supernova 30000 Puff EU Warehouse Vape Display Screen Disposable Vape - vapebulkp.com","isPartOf":{"@id":"https:\/\/vapebulkp.com\/#website"},"datePublished":"2024-11-26T07:13:47+00:00","dateModified":"2025-08-29T03:07:15+00:00","description":"Get the HZKO Supernova 30000 Puff Disposable Vape. Features a digital screen, dual mesh coils, and 30,000 puffs. Order from our EU warehouse for fast shipping.","breadcrumb":{"@id":"https:\/\/vapebulkp.com\/product\/hzko-supernova-30000-puff-eu-warehouse-vape-disposable-vape\/#breadcrumb"},"inLanguage":"sv-SE","potentialAction":[{"@type":"ReadAction","target":["https:\/\/vapebulkp.com\/product\/hzko-supernova-30000-puff-eu-warehouse-vape-disposable-vape\/"]}]},{"@type":"BreadcrumbList","@id":"https:\/\/vapebulkp.com\/product\/hzko-supernova-30000-puff-eu-warehouse-vape-disposable-vape\/#breadcrumb","itemListElement":[{"@type":"ListItem","position":1,"name":"Home","item":"https:\/\/vapebulkp.com\/"},{"@type":"ListItem","position":2,"name":"Hot Trend Vapes","item":"https:\/\/vapebulkp.com\/vape-shop\/"},{"@type":"ListItem","position":3,"name":"HZKO Supernova 30000 Puff EU Warehouse Vape Display Screen Disposable Vape"}]},{"@type":"WebSite","@id":"https:\/\/vapebulkp.com\/#website","url":"https:\/\/vapebulkp.com\/","name":"vapebulkp.com","description":"Buy Vape In Cheap Bulk Price Near you","publisher":{"@id":"https:\/\/vapebulkp.com\/#organization"},"potentialAction":[{"@type":"SearchAction","target":{"@type":"EntryPoint","urlTemplate":"https:\/\/vapebulkp.com\/?s={search_term_string}"},"query-input":"required name=search_term_string"}],"inLanguage":"sv-SE"},{"@type":"Organization","@id":"https:\/\/vapebulkp.com\/#organization","name":"vapebulkp.com","url":"https:\/\/vapebulkp.com\/","logo":{"@type":"ImageObject","inLanguage":"sv-SE","@id":"https:\/\/vapebulkp.com\/#\/schema\/logo\/image\/","url":"https:\/\/vapebulkp.com\/wp-content\/uploads\/2023\/09\/cropped-vapebulkp.png","contentUrl":"https:\/\/vapebulkp.com\/wp-content\/uploads\/2023\/09\/cropped-vapebulkp.png","width":516,"height":163,"caption":"vapebulkp.com"},"image":{"@id":"https:\/\/vapebulkp.com\/#\/schema\/logo\/image\/"}}]}},"uagb_featured_image_src":{"full":["https:\/\/vapebulkp.com\/wp-content\/uploads\/2024\/11\/HZKO-supernova-30000-puffs-Hot-Sale-Vape.jpg",800,800,false],"thumbnail":["https:\/\/vapebulkp.com\/wp-content\/uploads\/2024\/11\/HZKO-supernova-30000-puffs-Hot-Sale-Vape-150x150.jpg",150,150,true],"medium":["https:\/\/vapebulkp.com\/wp-content\/uploads\/2024\/11\/HZKO-supernova-30000-puffs-Hot-Sale-Vape-300x300.jpg",300,300,true],"medium_large":["https:\/\/vapebulkp.com\/wp-content\/uploads\/2024\/11\/HZKO-supernova-30000-puffs-Hot-Sale-Vape-768x768.jpg",768,768,true],"large":["https:\/\/vapebulkp.com\/wp-content\/uploads\/2024\/11\/HZKO-supernova-30000-puffs-Hot-Sale-Vape.jpg",800,800,false],"1536x1536":["https:\/\/vapebulkp.com\/wp-content\/uploads\/2024\/11\/HZKO-supernova-30000-puffs-Hot-Sale-Vape.jpg",800,800,false],"2048x2048":["https:\/\/vapebulkp.com\/wp-content\/uploads\/2024\/11\/HZKO-supernova-30000-puffs-Hot-Sale-Vape.jpg",800,800,false],"trp-custom-language-flag":["https:\/\/vapebulkp.com\/wp-content\/uploads\/2024\/11\/HZKO-supernova-30000-puffs-Hot-Sale-Vape.jpg",12,12,false],"woocommerce_thumbnail":["https:\/\/vapebulkp.com\/wp-content\/uploads\/2024\/11\/HZKO-supernova-30000-puffs-Hot-Sale-Vape-300x300.jpg",300,300,true],"woocommerce_single":["https:\/\/vapebulkp.com\/wp-content\/uploads\/2024\/11\/HZKO-supernova-30000-puffs-Hot-Sale-Vape-600x600.jpg",600,600,true],"woocommerce_gallery_thumbnail":["https:\/\/vapebulkp.com\/wp-content\/uploads\/2024\/11\/HZKO-supernova-30000-puffs-Hot-Sale-Vape-100x100.jpg",100,100,true],"wcpr-photo-reviews":["https:\/\/vapebulkp.com\/wp-content\/uploads\/2024\/11\/HZKO-supernova-30000-puffs-Hot-Sale-Vape.jpg",500,500,false]},"uagb_author_info":{"display_name":"Mandy vape bulk price","author_link":"https:\/\/vapebulkp.com\/sv\/author\/"},"uagb_comment_info":0,"uagb_excerpt":"The HZKO Supernova 30000 Puffs offers Vape Pods unparalleled longevity, rich flavors, adjustable airflow, and a digital display\u2014combining innovation and convenience for the ultimate vaping experience. Pls Contact Mandy's WhatsApp For Discount Price+8618077105796 NOTE: Prices on our website does not include shipping costs","_links":{"self":[{"href":"https:\/\/vapebulkp.com\/sv\/wp-json\/wp\/v2\/product\/3168","targetHints":{"allow":["GET"]}}],"collection":[{"href":"https:\/\/vapebulkp.com\/sv\/wp-json\/wp\/v2\/product"}],"about":[{"href":"https:\/\/vapebulkp.com\/sv\/wp-json\/wp\/v2\/types\/product"}],"replies":[{"embeddable":true,"href":"https:\/\/vapebulkp.com\/sv\/wp-json\/wp\/v2\/comments?post=3168"}],"wp:featuredmedia":[{"embeddable":true,"href":"https:\/\/vapebulkp.com\/sv\/wp-json\/wp\/v2\/media\/3164"}],"wp:attachment":[{"href":"https:\/\/vapebulkp.com\/sv\/wp-json\/wp\/v2\/media?parent=3168"}],"wp:term":[{"taxonomy":"product_cat","embeddable":true,"href":"https:\/\/vapebulkp.com\/sv\/wp-json\/wp\/v2\/product_cat?post=3168"},{"taxonomy":"product_tag","embeddable":true,"href":"https:\/\/vapebulkp.com\/sv\/wp-json\/wp\/v2\/product_tag?post=3168"}],"curies":[{"name":"wp","href":"https:\/\/api.w.org\/{rel}","templated":true}]}}