{"id":3268,"date":"2024-12-20T09:24:34","date_gmt":"2024-12-20T08:24:34","guid":{"rendered":"https:\/\/vapebulkp.com\/?post_type=product&#038;p=3268"},"modified":"2025-09-03T05:31:08","modified_gmt":"2025-09-03T03:31:08","slug":"vookbar-30000-puffs-touch-screen-disposable-vapes-wholesale-price","status":"publish","type":"product","link":"https:\/\/vapebulkp.com\/sv\/product\/vookbar-30000-puffs-touch-screen-disposable-vapes-wholesale-price\/","title":{"rendered":"Vookbar 30000 Puffs Eng\u00e5ngsvapes med peksk\u00e4rm Grossistpris"},"content":{"rendered":"<h1 style=\"text-align: left\">Vookbar 30000 Puffs Eng\u00e5ngsvapes med peksk\u00e4rm Grossistpris<\/h1>\n<p>&nbsp;<\/p>\n<p>Den <strong>Vookbar Cyber PRO 30 000 Puffs Peksk\u00e4rm Eng\u00e5ngs Vape<\/strong> \u00e4r det ultimata valet f\u00f6r vapers som s\u00f6ker innovation, prestanda och bekv\u00e4mlighet. Med en avancerad <strong>2,01-tums peksk\u00e4rm<\/strong>erbjuder denna enhet exakt kontroll \u00f6ver inst\u00e4llningarna, medan dess <strong>dubbel mesh-spiralteknik<\/strong> s\u00e4kerst\u00e4ller fyllig smak och j\u00e4mna moln. F\u00f6rfylld med <strong>22 ml premium e-v\u00e4tska<\/strong> och erbjuder <strong>5% nikotinsaltstyrka<\/strong>levererar Vookbar upp till <strong>30 000 puffar<\/strong> i Norm Mode eller <strong>15 000 puffar<\/strong> i Power Mode. Designad med ett <strong>850mAh uppladdningsbart batteri<\/strong> och <strong>Type-C snabbladdning<\/strong>kombinerar den l\u00e5ngvarig kraft med snabba uppladdningar. Perfekt f\u00f6r b\u00e5de personligt bruk och <strong>partik\u00f6pare<\/strong>utm\u00e4rker sig Vookbar Cyber PRO med sin kompakta storlek, eleganta design och oslagbara prestanda. Hitta din <strong>parti Vookbar Cyber PRO <a href=\"https:\/\/vapebulkp.com\/sv\/product-category\/30000-puff-disposable-vape\/\">Eng\u00e5ngsvejp 30000 bloss <\/a><\/strong>\u00a0till konkurrenskraftiga priser idag!<\/p>\n<p>&nbsp;<\/p>\n<h6>Kontakta Mandy via WhatsApp f\u00f6r rabatterat pris<a href=\"https:\/\/wa.me\/8618077105796\">+8618077105796<\/a><\/h6>\n<p>&nbsp;<\/p>\n<p><img decoding=\"async\" class=\"alignnone wp-image-2151\" src=\"http:\/\/vapebulkp.com\/wp-content\/uploads\/2024\/04\/Mandy-WhatsApp-Randm.jpg\" alt=\"Mandy WhatsApp Randm\" width=\"324\" height=\"330\" \/><\/p>\n<div class=\"flex max-w-full flex-col flex-grow\">\n<div class=\"min-h-8 text-message flex w-full flex-col items-end gap-2 whitespace-normal break-words text-start [.text-message+&amp;]:mt-5\" dir=\"auto\" data-message-author-role=\"assistant\" data-message-id=\"1fe1b7df-f0be-476c-874a-f466adf11ab9\" data-message-model-slug=\"gpt-4o\">\n<div class=\"flex w-full flex-col gap-1 empty:hidden first:pt-[3px]\">\n<div class=\"markdown prose w-full break-words dark:prose-invert light\">\n<h2>Varf\u00f6r k\u00f6pa parti Vape Vookbar Cyber PRO 30k Puffs p\u00e5 Vapebulkp.com?<\/h2>\n<p><strong>1. Massivt antal bloss:<\/strong><br \/>\nMed en imponerande <strong>30 000 bloss i normall\u00e4ge<\/strong> och <strong>15 000 bloss i powerl\u00e4ge<\/strong>, denna enhet \u00e4r utformad f\u00f6r l\u00e5ngvarig anv\u00e4ndning utan kompromisser.<\/p>\n<p><strong>2. Banbrytande teknologi:<\/strong><br \/>\nDen <strong>dubbelt mesh-coilsystem<\/strong> levererar enast\u00e5ende smak och t\u00e4t \u00e5nga, medan den <strong>2,01-tums HD-sk\u00e4rmen<\/strong> f\u00f6rb\u00e4ttrar anv\u00e4ndarv\u00e4nligheten med inst\u00e4llningar och aviseringar i realtid.<\/p>\n<p><strong>3. Gener\u00f6s e-v\u00e4tskekapacitet:<\/strong><br \/>\nPackad med <strong>22 ml premium e-v\u00e4tska<\/strong> och <strong>5% nikotinstyrka<\/strong>, vilket s\u00e4kerst\u00e4ller mjuka, tillfredsst\u00e4llande drag f\u00f6r varje puff.<\/p>\n<p><strong>4. L\u00e5ngvarigt batteri:<\/strong><br \/>\nDen <strong>850mAh uppladdningsbart batteri<\/strong> ger p\u00e5litlig kraft, kompletterat av <strong>Type-C snabbladdning<\/strong> f\u00f6r snabba och effektiva laddningar.<\/p>\n<p><strong>5. Smarta funktioner:<\/strong><br \/>\nInkluderar <strong>Bluetooth-kompatibilitet<\/strong>, <strong>r\u00f6relsel\u00e4ge<\/strong>, och <strong>sidoknappkontroll<\/strong>, vilket g\u00f6r den m\u00e5ngsidig och bekv\u00e4m f\u00f6r moderna anv\u00e4ndare.<\/p>\n<p><strong>6. Kompakt och b\u00e4rbar:<\/strong><br \/>\nDess smidiga m\u00e5tt (<strong>49x24x93mm<\/strong>) g\u00f6r den enkel att b\u00e4ra, perfekt f\u00f6r daglig vaping eller resor.<\/p>\n<p><strong>7. Exklusiva f\u00f6rm\u00e5ner p\u00e5 Vapebulkp.com:<\/strong><\/p>\n<ul>\n<li><strong>Prisv\u00e4rda priser<\/strong> med tillg\u00e4ngliga m\u00e4ngdrabatter.<\/li>\n<li><strong>Snabb, p\u00e5litlig frakt<\/strong> i europeiska l\u00e4nder.<\/li>\n<li>Omfattande kundsupport f\u00f6r att tillgodose alla dina behov.<\/li>\n<\/ul>\n<p>F\u00f6r en p\u00e5litlig, funktionsfylld vaping-l\u00f6sning, lita p\u00e5 Vapebulkp.com f\u00f6r att leverera <strong>Vookbar Cyber PRO 30k Puffs<\/strong> till oslagbart v\u00e4rde!<\/p>\n<\/div>\n<\/div>\n<\/div>\n<\/div>\n<h3>Vookbar 30000 Puffs Eng\u00e5ngsvapes Specifikationer<\/h3>\n<ul>\n<li><strong>M\u00e5tt:<\/strong> 49 mm x 24 mm x 93 mm (kompakt och b\u00e4rbar).<\/li>\n<li><strong>Sk\u00e4rm:<\/strong> 2.01-tums HD-sk\u00e4rm f\u00f6r tydlig visning och enkel navigering.<\/li>\n<li><strong>Spoltyp:<\/strong> Dubbel mesh-spole f\u00f6r rik smak och t\u00e4t \u00e5nga.<\/li>\n<li><strong>E-v\u00e4tskekapacitet:<\/strong> 22ML f\u00f6rfylld premium vape-juice.<\/li>\n<li><strong>Nikotinstyrka:<\/strong> 5%, vilket ger en mjuk och tillfredsst\u00e4llande upplevelse.<\/li>\n<li><strong>Batteri:<\/strong> 850mAh uppladdningsbart batteri med Type-C snabbladdning.<\/li>\n<li><strong>Puffl\u00e4gen:<\/strong>\n<ul>\n<li>Normall\u00e4ge: Upp till 30 000 puffar.<\/li>\n<li>Power-l\u00e4ge: Upp till 15 000 puffar.<\/li>\n<\/ul>\n<\/li>\n<li><strong>Anv\u00e4ndning:<\/strong> Enkel sidoknappskontroll f\u00f6r str\u00f6m och justeringar.<\/li>\n<li><strong>Laddningsport:<\/strong> Type-C f\u00f6r snabb och effektiv laddning.<\/li>\n<li><strong>Avancerade funktioner:<\/strong>\n<ul>\n<li>Bluetooth-anslutning.<\/li>\n<li>R\u00f6relsel\u00e4ge f\u00f6r f\u00f6rb\u00e4ttrad funktionalitet.<\/li>\n<li>Anpassningsbara inst\u00e4llningar f\u00f6r vaping.<\/li>\n<\/ul>\n<\/li>\n<li><strong>Design:<\/strong> Snygg, h\u00e5llbar och resev\u00e4nlig konstruktion.<\/li>\n<\/ul>\n<h3>Vookbar 30000 Puffs Vape Pods Smak<\/h3>\n<p>1.Bl\u00e5 hallon is<br \/>\n2. Persika is<br \/>\n3.Druva is<br \/>\n4.Jordgubbe vattenmelon<br \/>\n5.Jordgubbe banan<br \/>\n6.K\u00f6rsb\u00e4r vattenmelon<br \/>\n7.Vattenmelon is<br \/>\n8.Persika mango<br \/>\n9. Jordgubbe kiwi<br \/>\n10.Vit jordgubbe is<br \/>\n11.Vit gummy is<br \/>\n12.Frostad pinacolada<br \/>\n13.Fucking fab<br \/>\n14.Mojito blandade b\u00e4r<\/p>\n<p><a href=\"https:\/\/vapebulkp.com\/sv\/product\/jnr-vape-mega-box-25000-puff-discount-price-vape-pods\/\"><span style=\"vertical-align: inherit\">JNR VAPE Mega Box 25000 Bloss <\/span><\/a><\/p>\n<p><span style=\"vertical-align: inherit\">Hitta fler produkter du kanske gillar:<\/span><em><a href=\"https:\/\/wa.me\/8618077105796\"><span style=\"vertical-align: inherit\">\u00a0K\u00f6p nu<\/span><\/a><\/em><\/p>\n<p><span style=\"vertical-align: inherit\">Andra Puffs du kanske gillar:<\/span><a href=\"https:\/\/vapebulkp.com\/sv\/product\/waspe-vape-40000-puff-fihp-double-flavour-disposable-vape\/\"><span style=\"vertical-align: inherit\">WASPE FIHP\u00a0 40000 bloss<\/span><\/a><span style=\"vertical-align: inherit\">\u3001<\/span><a href=\"https:\/\/vapebulkp.com\/sv\/product\/wholesale-randm-tornado-9000-puffs-germany\/\"><span style=\"vertical-align: inherit\">RandM 9000 Puffar<\/span><\/a><span style=\"vertical-align: inherit\">\/ <\/span><a href=\"https:\/\/vapebulkp.com\/sv\/fi\/product\/bang-30k-puffs-new-double-taste-good-vape\/\"><span style=\"vertical-align: inherit\">Bang Vape 30000 bloss<\/span><\/a><span style=\"vertical-align: inherit\">\/ <\/span><a href=\"https:\/\/vapebulkp.com\/sv\/product\/jnr-alien-10000-puffs-randm-vape-wholesale-price\/\"><span style=\"vertical-align: inherit\">JNR VAPE Alien 10000 Puffs<\/span><\/a><\/p>\n<p>&nbsp;<\/p>\n<p>&nbsp;<\/p>\n<h3><strong>Vanliga fr\u00e5gor om topps\u00e4ljande Vapes <\/strong>Vookbar 30000 Inhalningar<\/h3>\n<p><strong>1. Hur m\u00e5nga puffar kan jag f\u00e5 fr\u00e5n Vookbar Vape 30 000 Puffs?<\/strong><\/p>\n<ul>\n<li>Vookbar erbjuder upp till <strong>30 000 puffar<\/strong> in <strong>Normalt l\u00e4ge<\/strong> och <strong>15 000 puffar<\/strong> in <strong>Power-l\u00e4ge<\/strong>, vilket ger l\u00e5ngvarig anv\u00e4ndning.<\/li>\n<\/ul>\n<p><strong>2. Vad \u00e4r nikotinstyrkan i Vookbar 30 000 Puff?<\/strong><\/p>\n<ul>\n<li>Enheten inneh\u00e5ller <strong>5% nikotinsalt<\/strong>, vilket ger en mjuk och tillfredsst\u00e4llande k\u00e4nsla vid varje drag.<\/li>\n<\/ul>\n<p><strong>3. Hur l\u00e4nge r\u00e4cker Vookbars batteri?<\/strong><\/p>\n<ul>\n<li>Med ett <strong>850mAh uppladdningsbart batteri<\/strong> och <strong>Type-C snabbladdning<\/strong>, Vookbar ger p\u00e5litlig kraft och snabba laddningar f\u00f6r kontinuerlig anv\u00e4ndning.<\/li>\n<\/ul>\n<p><strong>4. Vilken typ av coil anv\u00e4nder Vookbar 30 000 Puffs?<\/strong><\/p>\n<ul>\n<li>Enheten \u00e4r utrustad med en <strong>dubbel mesh-coil<\/strong>, vilket garanterar rik smak och t\u00e4t \u00e5nga med varje puff.<\/li>\n<\/ul>\n<p><strong>5. Kan jag anpassa inst\u00e4llningarna p\u00e5 Vookbar 30 000 Puffs?<\/strong><\/p>\n<ul>\n<li>Ja, enheten har ett <strong>2,01-tums peksk\u00e4rm<\/strong>, s\u00e5 att du enkelt kan justera inst\u00e4llningar och kontrollera din vaping-upplevelse.<\/li>\n<\/ul>\n<h3>Leveransdetaljer:<\/h3>\n<p><span style=\"color: #ff6600\">Produktionstid: 5-10 arbetsdagar<\/span><br \/>\n<span style=\"color: #ff6600\">Leveranstid: 8-14 arbetsdagar<\/span><\/p>\n<p>Alla produkter i v\u00e5r butik \u00e4r 100% originala och autentiska, d\u00e4rf\u00f6r \u00e4r Tiofaldig ers\u00e4ttning f\u00f6r falska varor v\u00e5r butikspolicy. Vi anv\u00e4nder logistikkanaler som UPS\/DHL\/FEDEX\/DPD f\u00f6r att leverera varor till dig.<\/p>\n<p>F\u00f6r paket som skickas inom Sverige tar det vanligtvis 10 arbetsdagar att anl\u00e4nda. Leveranser till andra europeiska l\u00e4nder tar vanligtvis 12 till 15 arbetsdagar att anl\u00e4nda. Vi uppdaterar logistikinformationen f\u00f6r dig i realtid.<\/p>","protected":false},"excerpt":{"rendered":"<p>Vookbar 30000 Puffs Peksk\u00e4rm Eng\u00e5ngs Vapes till partipriser. L\u00e5ngvarig, h\u00f6gkvalitativ och innovativ vapingl\u00f6sning. Bulkbest\u00e4llningar tillg\u00e4ngliga.<\/p>\n<p>Kontakta Mandy via WhatsApp f\u00f6r rabatterat pris<a href=\"https:\/\/wa.me\/8618077105796\">+8618077105796<\/a><\/p>\n<p>&nbsp;<\/p>\n<p><img decoding=\"async\" class=\"alignnone wp-image-2151\" src=\"http:\/\/vapebulkp.com\/wp-content\/uploads\/2024\/04\/Mandy-WhatsApp-Randm.jpg\" alt=\"Mandy WhatsApp Randm\" width=\"297\" height=\"316\" srcset=\"https:\/\/vapebulkp.com\/wp-content\/uploads\/2024\/04\/Mandy-WhatsApp-Randm.jpg 916w, https:\/\/vapebulkp.com\/wp-content\/uploads\/2024\/04\/Mandy-WhatsApp-Randm-282x300.jpg 282w, https:\/\/vapebulkp.com\/wp-content\/uploads\/2024\/04\/Mandy-WhatsApp-Randm-768x817.jpg 768w, https:\/\/vapebulkp.com\/wp-content\/uploads\/2024\/04\/Mandy-WhatsApp-Randm-600x638.jpg 600w\" sizes=\"(max-width: 297px) 100vw, 297px\" \/><\/p>\n<p><span style=\"color: #ff0000\">OBS: Priserna p\u00e5 v\u00e5r webbplats inkluderar inte fraktkostnader<\/span><\/p>\n<p>&nbsp;<\/p>","protected":false},"featured_media":3266,"comment_status":"open","ping_status":"closed","template":"","meta":{"_uag_custom_page_level_css":"","_lmt_disableupdate":"no","_lmt_disable":"","site-sidebar-layout":"default","site-content-layout":"content-boxed-container","ast-site-content-layout":"normal-width-container","site-content-style":"boxed","site-sidebar-style":"unboxed","ast-global-header-display":"","ast-banner-title-visibility":"","ast-main-header-display":"","ast-hfb-above-header-display":"","ast-hfb-below-header-display":"","ast-hfb-mobile-header-display":"","site-post-title":"","ast-breadcrumbs-content":"","ast-featured-img":"","footer-sml-layout":"","theme-transparent-header-meta":"default","adv-header-id-meta":"","stick-header-meta":"","header-above-stick-meta":"","header-main-stick-meta":"","header-below-stick-meta":"","astra-migrate-meta-layouts":"set","_joinchat":[]},"product_cat":[160,153,155,33,59,100,87,34,158,157,154,152,58,84,156,63,32],"product_tag":[36,37,41,40,193],"class_list":["post-3268","product","type-product","status-publish","has-post-thumbnail","hentry","product_cat-30000-puff-disposable-vape","product_cat-hot-disposable-vapes","product_cat-belgium-hot-disposable-vapes","product_cat-france-vape-hot-sale","product_cat-germany-hot-disposable-vape","product_cat-germany-wholesale-vape-shop","product_cat-minimum-order-quantity-50pcs","product_cat-netherlands-vape-good-sale","product_cat-norway-hot-disposable-vapes","product_cat-poland-hot-disposable-vapes","product_cat-portugal-hot-disposable-vapes","product_cat-spain-hot-disposable-vapes","product_cat-sweden-hot-disposable-vape","product_cat-sweden-wholesale-vape","product_cat-switzerland-hot-disposable-vapes","product_cat-top-sale-disposable-vape","product_cat-vape-hot-sale-this-week","product_tag-good-vape","product_tag-hot-sale-disposable-vape","product_tag-poland-hot-vape","product_tag-sweden-hot-vape","product_tag-vookbar-30000-puffs","desktop-align-left","tablet-align-left","mobile-align-left"],"yoast_head":"<!-- This site is optimized with the Yoast SEO plugin v21.1 - https:\/\/yoast.com\/wordpress\/plugins\/seo\/ -->\n<title>Vookbar 30000 Puffs Touch Screen Disposable Vapes Wholesale Price - vapebulkp.com<\/title>\n<meta name=\"description\" content=\"Shop Vookbar 30000 Puffs Touch Screen Disposable Vapes at wholesale prices. High-capacity, sleek design, and advanced features for premium vaping.\" \/>\n<meta name=\"robots\" content=\"index, follow, max-snippet:-1, max-image-preview:large, max-video-preview:-1\" \/>\n<link rel=\"canonical\" href=\"https:\/\/vapebulkp.com\/sv\/product\/vookbar-30000-puffs-touch-screen-disposable-vapes-wholesale-price\/\" \/>\n<meta property=\"og:locale\" content=\"sv_SE\" \/>\n<meta property=\"og:type\" content=\"article\" \/>\n<meta property=\"og:title\" content=\"Vookbar 30000 Puffs Touch Screen Disposable Vapes Wholesale Price - vapebulkp.com\" \/>\n<meta property=\"og:description\" content=\"Shop Vookbar 30000 Puffs Touch Screen Disposable Vapes at wholesale prices. High-capacity, sleek design, and advanced features for premium vaping.\" \/>\n<meta property=\"og:url\" content=\"https:\/\/vapebulkp.com\/sv\/product\/vookbar-30000-puffs-touch-screen-disposable-vapes-wholesale-price\/\" \/>\n<meta property=\"og:site_name\" content=\"vapebulkp.com\" \/>\n<meta property=\"article:modified_time\" content=\"2025-09-03T03:31:08+00:00\" \/>\n<meta property=\"og:image\" content=\"http:\/\/vapebulkp.com\/wp-content\/uploads\/2024\/12\/Vookbar-30000-Puffs-Top-Sale-Vape.png\" \/>\n\t<meta property=\"og:image:width\" content=\"800\" \/>\n\t<meta property=\"og:image:height\" content=\"800\" \/>\n\t<meta property=\"og:image:type\" content=\"image\/png\" \/>\n<meta name=\"twitter:card\" content=\"summary_large_image\" \/>\n<meta name=\"twitter:label1\" content=\"Ber\u00e4knad l\u00e4stid\" \/>\n\t<meta name=\"twitter:data1\" content=\"4 minuter\" \/>\n<script type=\"application\/ld+json\" class=\"yoast-schema-graph\">{\"@context\":\"https:\/\/schema.org\",\"@graph\":[{\"@type\":\"WebPage\",\"@id\":\"https:\/\/vapebulkp.com\/product\/vookbar-30000-puffs-touch-screen-disposable-vapes-wholesale-price\/\",\"url\":\"https:\/\/vapebulkp.com\/product\/vookbar-30000-puffs-touch-screen-disposable-vapes-wholesale-price\/\",\"name\":\"Vookbar 30000 Puffs Touch Screen Disposable Vapes Wholesale Price - vapebulkp.com\",\"isPartOf\":{\"@id\":\"https:\/\/vapebulkp.com\/#website\"},\"datePublished\":\"2024-12-20T08:24:34+00:00\",\"dateModified\":\"2025-09-03T03:31:08+00:00\",\"description\":\"Shop Vookbar 30000 Puffs Touch Screen Disposable Vapes at wholesale prices. High-capacity, sleek design, and advanced features for premium vaping.\",\"breadcrumb\":{\"@id\":\"https:\/\/vapebulkp.com\/product\/vookbar-30000-puffs-touch-screen-disposable-vapes-wholesale-price\/#breadcrumb\"},\"inLanguage\":\"sv-SE\",\"potentialAction\":[{\"@type\":\"ReadAction\",\"target\":[\"https:\/\/vapebulkp.com\/product\/vookbar-30000-puffs-touch-screen-disposable-vapes-wholesale-price\/\"]}]},{\"@type\":\"BreadcrumbList\",\"@id\":\"https:\/\/vapebulkp.com\/product\/vookbar-30000-puffs-touch-screen-disposable-vapes-wholesale-price\/#breadcrumb\",\"itemListElement\":[{\"@type\":\"ListItem\",\"position\":1,\"name\":\"Home\",\"item\":\"https:\/\/vapebulkp.com\/\"},{\"@type\":\"ListItem\",\"position\":2,\"name\":\"Hot Trend Vapes\",\"item\":\"https:\/\/vapebulkp.com\/vape-shop\/\"},{\"@type\":\"ListItem\",\"position\":3,\"name\":\"Vookbar 30000 Puffs Touch Screen Disposable Vapes Wholesale Price\"}]},{\"@type\":\"WebSite\",\"@id\":\"https:\/\/vapebulkp.com\/#website\",\"url\":\"https:\/\/vapebulkp.com\/\",\"name\":\"vapebulkp.com\",\"description\":\"Buy Vape In Cheap Bulk Price Near you\",\"publisher\":{\"@id\":\"https:\/\/vapebulkp.com\/#organization\"},\"potentialAction\":[{\"@type\":\"SearchAction\",\"target\":{\"@type\":\"EntryPoint\",\"urlTemplate\":\"https:\/\/vapebulkp.com\/?s={search_term_string}\"},\"query-input\":\"required name=search_term_string\"}],\"inLanguage\":\"sv-SE\"},{\"@type\":\"Organization\",\"@id\":\"https:\/\/vapebulkp.com\/#organization\",\"name\":\"vapebulkp.com\",\"url\":\"https:\/\/vapebulkp.com\/\",\"logo\":{\"@type\":\"ImageObject\",\"inLanguage\":\"sv-SE\",\"@id\":\"https:\/\/vapebulkp.com\/#\/schema\/logo\/image\/\",\"url\":\"https:\/\/vapebulkp.com\/wp-content\/uploads\/2023\/09\/cropped-vapebulkp.png\",\"contentUrl\":\"https:\/\/vapebulkp.com\/wp-content\/uploads\/2023\/09\/cropped-vapebulkp.png\",\"width\":516,\"height\":163,\"caption\":\"vapebulkp.com\"},\"image\":{\"@id\":\"https:\/\/vapebulkp.com\/#\/schema\/logo\/image\/\"}}]}<\/script>\n<!-- \/ Yoast SEO plugin. -->","yoast_head_json":{"title":"Vookbar 30000 Puffs Touch Screen Disposable Vapes Wholesale Price - vapebulkp.com","description":"Shop Vookbar 30000 Puffs Touch Screen Disposable Vapes at wholesale prices. High-capacity, sleek design, and advanced features for premium vaping.","robots":{"index":"index","follow":"follow","max-snippet":"max-snippet:-1","max-image-preview":"max-image-preview:large","max-video-preview":"max-video-preview:-1"},"canonical":"https:\/\/vapebulkp.com\/sv\/product\/vookbar-30000-puffs-touch-screen-disposable-vapes-wholesale-price\/","og_locale":"sv_SE","og_type":"article","og_title":"Vookbar 30000 Puffs Touch Screen Disposable Vapes Wholesale Price - vapebulkp.com","og_description":"Shop Vookbar 30000 Puffs Touch Screen Disposable Vapes at wholesale prices. High-capacity, sleek design, and advanced features for premium vaping.","og_url":"https:\/\/vapebulkp.com\/sv\/product\/vookbar-30000-puffs-touch-screen-disposable-vapes-wholesale-price\/","og_site_name":"vapebulkp.com","article_modified_time":"2025-09-03T03:31:08+00:00","og_image":[{"width":800,"height":800,"url":"http:\/\/vapebulkp.com\/wp-content\/uploads\/2024\/12\/Vookbar-30000-Puffs-Top-Sale-Vape.png","type":"image\/png"}],"twitter_card":"summary_large_image","twitter_misc":{"Ber\u00e4knad l\u00e4stid":"4 minuter"},"schema":{"@context":"https:\/\/schema.org","@graph":[{"@type":"WebPage","@id":"https:\/\/vapebulkp.com\/product\/vookbar-30000-puffs-touch-screen-disposable-vapes-wholesale-price\/","url":"https:\/\/vapebulkp.com\/product\/vookbar-30000-puffs-touch-screen-disposable-vapes-wholesale-price\/","name":"Vookbar 30000 Puffs Touch Screen Disposable Vapes Wholesale Price - vapebulkp.com","isPartOf":{"@id":"https:\/\/vapebulkp.com\/#website"},"datePublished":"2024-12-20T08:24:34+00:00","dateModified":"2025-09-03T03:31:08+00:00","description":"Shop Vookbar 30000 Puffs Touch Screen Disposable Vapes at wholesale prices. High-capacity, sleek design, and advanced features for premium vaping.","breadcrumb":{"@id":"https:\/\/vapebulkp.com\/product\/vookbar-30000-puffs-touch-screen-disposable-vapes-wholesale-price\/#breadcrumb"},"inLanguage":"sv-SE","potentialAction":[{"@type":"ReadAction","target":["https:\/\/vapebulkp.com\/product\/vookbar-30000-puffs-touch-screen-disposable-vapes-wholesale-price\/"]}]},{"@type":"BreadcrumbList","@id":"https:\/\/vapebulkp.com\/product\/vookbar-30000-puffs-touch-screen-disposable-vapes-wholesale-price\/#breadcrumb","itemListElement":[{"@type":"ListItem","position":1,"name":"Home","item":"https:\/\/vapebulkp.com\/"},{"@type":"ListItem","position":2,"name":"Hot Trend Vapes","item":"https:\/\/vapebulkp.com\/vape-shop\/"},{"@type":"ListItem","position":3,"name":"Vookbar 30000 Puffs Touch Screen Disposable Vapes Wholesale Price"}]},{"@type":"WebSite","@id":"https:\/\/vapebulkp.com\/#website","url":"https:\/\/vapebulkp.com\/","name":"vapebulkp.com","description":"Buy Vape In Cheap Bulk Price Near you","publisher":{"@id":"https:\/\/vapebulkp.com\/#organization"},"potentialAction":[{"@type":"SearchAction","target":{"@type":"EntryPoint","urlTemplate":"https:\/\/vapebulkp.com\/?s={search_term_string}"},"query-input":"required name=search_term_string"}],"inLanguage":"sv-SE"},{"@type":"Organization","@id":"https:\/\/vapebulkp.com\/#organization","name":"vapebulkp.com","url":"https:\/\/vapebulkp.com\/","logo":{"@type":"ImageObject","inLanguage":"sv-SE","@id":"https:\/\/vapebulkp.com\/#\/schema\/logo\/image\/","url":"https:\/\/vapebulkp.com\/wp-content\/uploads\/2023\/09\/cropped-vapebulkp.png","contentUrl":"https:\/\/vapebulkp.com\/wp-content\/uploads\/2023\/09\/cropped-vapebulkp.png","width":516,"height":163,"caption":"vapebulkp.com"},"image":{"@id":"https:\/\/vapebulkp.com\/#\/schema\/logo\/image\/"}}]}},"uagb_featured_image_src":{"full":["https:\/\/vapebulkp.com\/wp-content\/uploads\/2024\/12\/Vookbar-30000-Puffs-Top-Sale-Vape.png",800,800,false],"thumbnail":["https:\/\/vapebulkp.com\/wp-content\/uploads\/2024\/12\/Vookbar-30000-Puffs-Top-Sale-Vape-150x150.png",150,150,true],"medium":["https:\/\/vapebulkp.com\/wp-content\/uploads\/2024\/12\/Vookbar-30000-Puffs-Top-Sale-Vape-300x300.png",300,300,true],"medium_large":["https:\/\/vapebulkp.com\/wp-content\/uploads\/2024\/12\/Vookbar-30000-Puffs-Top-Sale-Vape-768x768.png",768,768,true],"large":["https:\/\/vapebulkp.com\/wp-content\/uploads\/2024\/12\/Vookbar-30000-Puffs-Top-Sale-Vape.png",800,800,false],"1536x1536":["https:\/\/vapebulkp.com\/wp-content\/uploads\/2024\/12\/Vookbar-30000-Puffs-Top-Sale-Vape.png",800,800,false],"2048x2048":["https:\/\/vapebulkp.com\/wp-content\/uploads\/2024\/12\/Vookbar-30000-Puffs-Top-Sale-Vape.png",800,800,false],"trp-custom-language-flag":["https:\/\/vapebulkp.com\/wp-content\/uploads\/2024\/12\/Vookbar-30000-Puffs-Top-Sale-Vape.png",12,12,false],"woocommerce_thumbnail":["https:\/\/vapebulkp.com\/wp-content\/uploads\/2024\/12\/Vookbar-30000-Puffs-Top-Sale-Vape-300x300.png",300,300,true],"woocommerce_single":["https:\/\/vapebulkp.com\/wp-content\/uploads\/2024\/12\/Vookbar-30000-Puffs-Top-Sale-Vape-600x600.png",600,600,true],"woocommerce_gallery_thumbnail":["https:\/\/vapebulkp.com\/wp-content\/uploads\/2024\/12\/Vookbar-30000-Puffs-Top-Sale-Vape-100x100.png",100,100,true],"wcpr-photo-reviews":["https:\/\/vapebulkp.com\/wp-content\/uploads\/2024\/12\/Vookbar-30000-Puffs-Top-Sale-Vape.png",500,500,false]},"uagb_author_info":{"display_name":"Mandy vape bulk price","author_link":"https:\/\/vapebulkp.com\/sv\/author\/"},"uagb_comment_info":0,"uagb_excerpt":"Vookbar 30000 Puffs Touch Screen Disposable Vapes at wholesale prices. Long-lasting, high-quality, and innovative vaping solution. Bulk orders available. Pls Contact Mandy's WhatsApp For Discount Price+8618077105796 &nbsp; NOTE: Prices on our website does not include shipping costs &nbsp;","_links":{"self":[{"href":"https:\/\/vapebulkp.com\/sv\/wp-json\/wp\/v2\/product\/3268","targetHints":{"allow":["GET"]}}],"collection":[{"href":"https:\/\/vapebulkp.com\/sv\/wp-json\/wp\/v2\/product"}],"about":[{"href":"https:\/\/vapebulkp.com\/sv\/wp-json\/wp\/v2\/types\/product"}],"replies":[{"embeddable":true,"href":"https:\/\/vapebulkp.com\/sv\/wp-json\/wp\/v2\/comments?post=3268"}],"wp:featuredmedia":[{"embeddable":true,"href":"https:\/\/vapebulkp.com\/sv\/wp-json\/wp\/v2\/media\/3266"}],"wp:attachment":[{"href":"https:\/\/vapebulkp.com\/sv\/wp-json\/wp\/v2\/media?parent=3268"}],"wp:term":[{"taxonomy":"product_cat","embeddable":true,"href":"https:\/\/vapebulkp.com\/sv\/wp-json\/wp\/v2\/product_cat?post=3268"},{"taxonomy":"product_tag","embeddable":true,"href":"https:\/\/vapebulkp.com\/sv\/wp-json\/wp\/v2\/product_tag?post=3268"}],"curies":[{"name":"wp","href":"https:\/\/api.w.org\/{rel}","templated":true}]}}