{"id":3277,"date":"2024-12-24T08:52:32","date_gmt":"2024-12-24T07:52:32","guid":{"rendered":"https:\/\/vapebulkp.com\/?post_type=product&#038;p=3277"},"modified":"2025-09-17T10:32:16","modified_gmt":"2025-09-17T08:32:16","slug":"bang-box-35000-puffs-touch-switch-digital-screen-rechargeable-vape","status":"publish","type":"product","link":"https:\/\/vapebulkp.com\/sv\/product\/bang-box-35000-puffs-touch-switch-digital-screen-rechargeable-vape\/","title":{"rendered":"Bang Box 35000 Puffs Peksk\u00e4rm Digital Sk\u00e4rm Uppladdningsbar Vape"},"content":{"rendered":"<h2 style=\"text-align: left\">Bang Box 35000 Puffs Peksk\u00e4rm Digital Sk\u00e4rm Uppladdningsbar Vape<\/h2>\n<p>Den <strong>Bang Box 35 000 Puffs Peksk\u00e4rm Digital Sk\u00e4rm Vape<\/strong> \u00e4r konstruerad f\u00f6r topprestanda och bekv\u00e4mlighet. Designad f\u00f6r ut\u00f6kad anv\u00e4ndning, den har otroliga <strong>35 000 puffar<\/strong> och en gener\u00f6s <strong>23 ml f\u00f6rfylld e-v\u00e4tskekapacitet<\/strong>. Med <strong>0%, 2%, 3% och 5% nikotinsalt alternativ<\/strong>, den tillfredsst\u00e4ller olika vapingpreferenser.<\/p>\n<p>Drivs av ett <strong>950mAh rent koboltbatteri<\/strong> med <strong>5A urladdning<\/strong>, s\u00e4kerst\u00e4ller denna enhet stabil och p\u00e5litlig prestanda. Den avancerade <strong>dubbla v\u00e4rmande mesh-tr\u00e5den (0.8\u03a9)<\/strong> levererar exceptionell smak och \u00e5ngproduktion, och arbetar inom ett justerbart intervall p\u00e5 <strong>15W till 25W<\/strong>.<\/p>\n<p>F\u00f6rb\u00e4ttrad med <strong>justerbart luftfl\u00f6de<\/strong>, det l\u00e5ter anv\u00e4ndare skr\u00e4ddarsy sin vapingupplevelse f\u00f6r optimal tillfredsst\u00e4llelse. Den <strong>dubbla digitala sk\u00e4rmar<\/strong> och <strong>pekaktiverade kontroller<\/strong> g\u00f6r det enkelt att v\u00e4xla mellan inst\u00e4llningar, inklusive <strong>powerl\u00e4gen<\/strong> och <strong>luftfl\u00f6desjusteringar<\/strong>.<\/p>\n<p>Den <strong>Bang Box <a href=\"https:\/\/vapebulkp.com\/sv\/product-category\/35000-puffs-disposable-vape\/\">35000 Puffs Eng\u00e5ngs Vape<\/a><\/strong>\u00a0\u00e4r en elegant, resev\u00e4nlig vape som kombinerar banbrytande teknologi, h\u00f6g kapacitet och anpassningsbara funktioner, vilket g\u00f6r den idealisk f\u00f6r b\u00e5de sociala sammanhang och daglig vaping.<\/p>\n<p><img decoding=\"async\" class=\"wp-image-3272\" src=\"http:\/\/vapebulkp.com\/wp-content\/uploads\/2024\/12\/Bang-Box-Vapes-35000-puff-Hot-Sale-Germany.png\" alt=\"Bang Box Vapes 35000 puff Varm F\u00f6rs\u00e4ljning Sverige\" width=\"707\" height=\"398\" srcset=\"https:\/\/vapebulkp.com\/wp-content\/uploads\/2024\/12\/Bang-Box-Vapes-35000-puff-Hot-Sale-Germany.png 1240w, https:\/\/vapebulkp.com\/wp-content\/uploads\/2024\/12\/Bang-Box-Vapes-35000-puff-Hot-Sale-Germany-300x169.png 300w, https:\/\/vapebulkp.com\/wp-content\/uploads\/2024\/12\/Bang-Box-Vapes-35000-puff-Hot-Sale-Germany-1024x576.png 1024w, https:\/\/vapebulkp.com\/wp-content\/uploads\/2024\/12\/Bang-Box-Vapes-35000-puff-Hot-Sale-Germany-768x432.png 768w, https:\/\/vapebulkp.com\/wp-content\/uploads\/2024\/12\/Bang-Box-Vapes-35000-puff-Hot-Sale-Germany-600x338.png 600w\" sizes=\"(max-width: 707px) 100vw, 707px\" \/><\/p>\n<h6>Kontakta Mandy via WhatsApp f\u00f6r rabatterat pris<a href=\"https:\/\/wa.me\/8618077105796\">+8618077105796<\/a><\/h6>\n<p><img decoding=\"async\" class=\"alignnone wp-image-2151\" src=\"http:\/\/vapebulkp.com\/wp-content\/uploads\/2024\/04\/Mandy-WhatsApp-Randm.jpg\" alt=\"Mandy WhatsApp Randm\" width=\"324\" height=\"330\" \/><\/p>\n<div class=\"flex max-w-full flex-col flex-grow\">\n<div class=\"min-h-8 text-message flex w-full flex-col items-end gap-2 whitespace-normal break-words text-start [.text-message+&amp;]:mt-5\" dir=\"auto\" data-message-author-role=\"assistant\" data-message-id=\"d24cf626-c018-4805-80f5-44de047f2ba0\" data-message-model-slug=\"gpt-4o\">\n<div class=\"flex w-full flex-col gap-1 empty:hidden first:pt-[3px]\">\n<div class=\"markdown prose w-full break-words dark:prose-invert light\">\n<h2>Varf\u00f6r v\u00e4lja Bang Box 35 000 Puff Vape Pods p\u00e5 Vapebulkp.com?<\/h2>\n<ul>\n<li><strong>O\u00f6vertr\u00e4ffad kapacitet<\/strong>: Upplev \u00f6ver <strong>35 000 puffar<\/strong> med en gener\u00f6s <strong>23 ml f\u00f6rfylld e-v\u00e4tskebeh\u00e5llare<\/strong> och <strong>justerbart luftfl\u00f6de<\/strong>, vilket s\u00e4kerst\u00e4ller en smidig och anpassningsbar vaping-session skr\u00e4ddarsydd efter dina preferenser.<\/li>\n<li><strong>Avancerad teknologi<\/strong>: Utrustad med en <strong>950mAh rent koboltbatteri<\/strong> som st\u00f6der <strong>5A urladdning<\/strong>, i kombination med ett <strong>dubbelt mesh-k\u00e4rna (0,8\u03a9)<\/strong> v\u00e4rmesystem. Denna kombination levererar exceptionell smak och \u00e5ngproduktion med ett justerbart effektomr\u00e5de p\u00e5 <strong>15W-25W<\/strong>.<\/li>\n<li><strong>Anv\u00e4ndarv\u00e4nlig Design<\/strong>: Kompakt, b\u00e4rbar och stilren, denna enhet har <strong>Type-C snabbladdning<\/strong> f\u00f6r maximal bekv\u00e4mlighet, vilket g\u00f6r den perfekt f\u00f6r b\u00e5de vaping p\u00e5 spr\u00e5ng och f\u00f6r dagligt bruk.<\/li>\n<li><strong>Vapebulkp.com F\u00f6rdelar<\/strong>: Njut av autentiska produkter som kommer direkt fr\u00e5n p\u00e5litliga tillverkare, <strong>konkurrenskraftiga priser<\/strong>, och <strong>snabb leverans \u00f6ver hela Europa<\/strong>, vilket s\u00e4kerst\u00e4ller en smidig shoppingupplevelse.<\/li>\n<\/ul>\n<p>Bang Box 35k Puffs \u00e4r ett premiumval f\u00f6r vapers som s\u00f6ker h\u00f6g kapacitet, avancerad prestanda och p\u00e5litlig kvalitet \u2013 allt tillg\u00e4ngligt i Sverige. <strong>Vapebulkp.com<\/strong>.<\/p>\n<\/div>\n<\/div>\n<\/div>\n<\/div>\n<h2>Bang Vape 35k Puffar Specifikationer<\/h2>\n<ul>\n<li><strong>Puffar<\/strong>: 35,000+<\/li>\n<li><strong>E-v\u00e4tskekapacitet<\/strong>: 23 ml f\u00f6rfylld patron<\/li>\n<li><strong>Nikotinalternativ<\/strong>: 0%, 2%, 3%, 5% nikotinsalt<\/li>\n<li><strong>Batteri<\/strong>: 950mAh, Typ-C uppladdningsbar<\/li>\n<li><strong>V\u00e4rmespolar<\/strong>: Dubbel v\u00e4rmetr\u00e5dsn\u00e4tk\u00e4rna (0.8\u03a9)<\/li>\n<li><strong>Sk\u00e4rmar<\/strong>: Dubbla digitala sk\u00e4rmar med pekkontroller<\/li>\n<li><strong>Luftfl\u00f6de<\/strong>: 3-l\u00e4ges justerbart luftfl\u00f6de<\/li>\n<li><strong>Effektl\u00e4gen<\/strong>: 2-l\u00e4ges effektv\u00e4xling<\/li>\n<li><strong>Ytterligare funktioner<\/strong>: Justerbart luftfl\u00f6de, kompakt design, anv\u00e4ndarv\u00e4nligt gr\u00e4nssnitt<\/li>\n<\/ul>\n<h2><strong>Grossist Vape Bang Box 35000 Puffs Smaklista<\/strong><\/h2>\n<p>1. JORDGUBB KIWI<br \/>\n2. BL\u00c5 HALLON IS<br \/>\n3. JORDGUBB VATtenMELON<br \/>\n4. PASSIONSFRUKT<br \/>\n5. CITRON COLA<br \/>\n6. VATTENMELON IS<br \/>\n7. VATTENMELON BUBBLEGUM<br \/>\n8. KIWI PASSIONSFRUKT GUAVA<br \/>\n9. BL\u00c5B\u00c4RIS<br \/>\n10. VATTENMELON K\u00d6RSB\u00c4R<br \/>\n11. RED BULL<br \/>\n12. MYNTA GRAPEFRUIT<\/p>\n<p><a href=\"https:\/\/vapebulkp.com\/sv\/product\/uzy-triple-60000-puffs-smart-vape-wholesale-3-in-1-flavor\/\"><span style=\"vertical-align: inherit\">UZY Triple 60000 Puffar <\/span><\/a><\/p>\n<p><span style=\"vertical-align: inherit\">Hitta fler produkter du kanske gillar:<\/span><em><a href=\"https:\/\/wa.me\/8618077105796\"><span style=\"vertical-align: inherit\">\u00a0K\u00f6p nu<\/span><\/a><\/em><\/p>\n<p><span style=\"vertical-align: inherit\">Andra Puffs du kanske gillar:<\/span><a href=\"https:\/\/vapebulkp.com\/sv\/product\/wholesale-price-bang-kingdoms-rex-32000-puffs-vape-pod\/\"><span style=\"vertical-align: inherit\">Bang Kingdoms 32000 Puffs<\/span><\/a><span style=\"vertical-align: inherit\">\u3001<\/span><a href=\"https:\/\/vapebulkp.com\/sv\/product\/buy-bang-de-80000-puffs-disposable-vape-cheap-price-for-bulk-order\/\"><span style=\"vertical-align: inherit\">Bang SE 80000 Puffar<\/span><\/a><span style=\"vertical-align: inherit\">\/ <\/span><a href=\"https:\/\/vapebulkp.com\/sv\/product\/vapsolo-best-quality-viking-12k-puffs-disposable-vapes\/\"><span style=\"vertical-align: inherit\">Vapsolo viking 12000 Puffar<\/span><\/a><span style=\"vertical-align: inherit\">\/ <\/span><a href=\"https:\/\/vapebulkp.com\/sv\/product\/waspe-vape-40000-puff-fihp-double-flavour-disposable-vape\/\"><span style=\"vertical-align: inherit\">WASPE 40000 Puffs<\/span><\/a><\/p>\n<h3>Vanliga fr\u00e5gor om Bang Box 35 000 Puffar L\u00e5ngvarig Vape<\/h3>\n<p><strong>F: Hur l\u00e4nge kan jag anv\u00e4nda Bang Box 35 000 Puffars vape?<\/strong><br \/>\n<strong>A:<\/strong> Med en imponerande <strong>35 000 puffar<\/strong> och en robust <strong>950mAh rent koboltbatteri<\/strong>, \u00e4r denna enhet designad f\u00f6r ut\u00f6kad anv\u00e4ndning, vilket s\u00e4kerst\u00e4ller en p\u00e5litlig vaping-upplevelse.<\/p>\n<p><strong>F: \u00c4r luftfl\u00f6det justerbart?<\/strong><br \/>\n<strong>A:<\/strong> Ja, Bang Box har <strong>justerbart luftfl\u00f6de<\/strong>, vilket till\u00e5ter anv\u00e4ndare att v\u00e4xla mellan <strong>MTL (mun-till-lunga)<\/strong> och <strong>DTL (direkt-till-lunga)<\/strong> stilar f\u00f6r en personlig vaping-session.<\/p>\n<p><strong>F: Hur skiljer sig Bang Box 35k puffar fr\u00e5n andra e-cigaretter?<\/strong><br \/>\n<strong>A:<\/strong> Denna vape sticker ut med sin <strong>dubbla mesh-v\u00e4rmetr\u00e5d (0.8\u03a9)<\/strong>, som levererar mjuk \u00e5nga i ett effektomr\u00e5de av <strong>15W till 25W<\/strong>. I kombination med sin eleganta design och banbrytande teknologi erbjuder den b\u00e5de stil och prestanda.<\/p>\n<p><strong>F: Var kan jag k\u00f6pa Bang Box 35 000 Puff Uppladdningsbar Vape?<\/strong><br \/>\n<strong>A:<\/strong> Du kan k\u00f6pa den exklusivt hos <strong>Vapebulkp.com<\/strong>, din p\u00e5litliga k\u00e4lla f\u00f6r autentiska vapingprodukter, konkurrenskraftiga priser och p\u00e5litlig leverans \u00f6ver hela Europa.<\/p>\n<h2>Leveransdetaljer:<\/h2>\n<p><span style=\"color: #ff6600\">Produktionstid: 5-10 arbetsdagar<\/span><br \/>\n<span style=\"color: #ff6600\">Leveranstid: 8-14 arbetsdagar<\/span><\/p>\n<p>Alla produkter i v\u00e5r butik \u00e4r 100% originala och autentiska, d\u00e4rf\u00f6r \u00e4r Tiofaldig ers\u00e4ttning f\u00f6r falska varor v\u00e5r butikspolicy. Vi anv\u00e4nder logistikkanaler som UPS\/DHL\/FEDEX\/DPD f\u00f6r att leverera varor till dig.<\/p>\n<p>F\u00f6r paket som skickas inom Sverige tar det vanligtvis 10 arbetsdagar att anl\u00e4nda. Leveranser till andra europeiska l\u00e4nder tar vanligtvis 12 till 15 arbetsdagar att anl\u00e4nda. Vi uppdaterar logistikinformationen f\u00f6r dig i realtid.<\/p>","protected":false},"excerpt":{"rendered":"<p>Bang Box 35000 Puffs Vape med peksk\u00e4rm, digital sk\u00e4rm, uppladdningsbar design, 2%\/5% nikotin och l\u00e5ngvarig prestanda. Perfekt f\u00f6r premium vaping.<\/p>\n<p>Kontakta Mandy via WhatsApp f\u00f6r rabatterat pris<a href=\"https:\/\/wa.me\/8618077105796\">+8618077105796<\/a><\/p>\n<p><img decoding=\"async\" class=\"alignnone wp-image-2151\" src=\"http:\/\/vapebulkp.com\/wp-content\/uploads\/2024\/04\/Mandy-WhatsApp-Randm.jpg\" alt=\"Mandy WhatsApp Randm\" width=\"297\" height=\"316\" srcset=\"https:\/\/vapebulkp.com\/wp-content\/uploads\/2024\/04\/Mandy-WhatsApp-Randm.jpg 916w, https:\/\/vapebulkp.com\/wp-content\/uploads\/2024\/04\/Mandy-WhatsApp-Randm-282x300.jpg 282w, https:\/\/vapebulkp.com\/wp-content\/uploads\/2024\/04\/Mandy-WhatsApp-Randm-768x817.jpg 768w, https:\/\/vapebulkp.com\/wp-content\/uploads\/2024\/04\/Mandy-WhatsApp-Randm-600x638.jpg 600w\" sizes=\"(max-width: 297px) 100vw, 297px\" \/><\/p>\n<p><span style=\"color: #ff0000\">OBS: Priserna p\u00e5 v\u00e5r webbplats inkluderar inte fraktkostnader<\/span><\/p>\n<p>&nbsp;<\/p>","protected":false},"featured_media":3270,"comment_status":"open","ping_status":"closed","template":"","meta":{"_uag_custom_page_level_css":"","_lmt_disableupdate":"no","_lmt_disable":"","site-sidebar-layout":"default","site-content-layout":"content-boxed-container","ast-site-content-layout":"normal-width-container","site-content-style":"boxed","site-sidebar-style":"unboxed","ast-global-header-display":"","ast-banner-title-visibility":"","ast-main-header-display":"","ast-hfb-above-header-display":"","ast-hfb-below-header-display":"","ast-hfb-mobile-header-display":"","site-post-title":"","ast-breadcrumbs-content":"","ast-featured-img":"","footer-sml-layout":"","theme-transparent-header-meta":"default","adv-header-id-meta":"","stick-header-meta":"","header-above-stick-meta":"","header-main-stick-meta":"","header-below-stick-meta":"","astra-migrate-meta-layouts":"set","_joinchat":[]},"product_cat":[190,153,345,155,33,59,100,87,34,158,157,154,152,58,84,156],"product_tag":[191,36,37,41,40],"class_list":["post-3277","product","type-product","status-publish","has-post-thumbnail","hentry","product_cat-35000-puffs-disposable-vape","product_cat-hot-disposable-vapes","product_cat-bang-vapes","product_cat-belgium-hot-disposable-vapes","product_cat-france-vape-hot-sale","product_cat-germany-hot-disposable-vape","product_cat-germany-wholesale-vape-shop","product_cat-minimum-order-quantity-50pcs","product_cat-netherlands-vape-good-sale","product_cat-norway-hot-disposable-vapes","product_cat-poland-hot-disposable-vapes","product_cat-portugal-hot-disposable-vapes","product_cat-spain-hot-disposable-vapes","product_cat-sweden-hot-disposable-vape","product_cat-sweden-wholesale-vape","product_cat-switzerland-hot-disposable-vapes","product_tag-35000-puffs","product_tag-good-vape","product_tag-hot-sale-disposable-vape","product_tag-poland-hot-vape","product_tag-sweden-hot-vape","pa_brand-bang-vape","desktop-align-left","tablet-align-left","mobile-align-left"],"yoast_head":"<!-- This site is optimized with the Yoast SEO plugin v21.1 - https:\/\/yoast.com\/wordpress\/plugins\/seo\/ -->\n<title>Bang Box 35000 Puffs Touch Switch Digital Screen Rechargeable Vape - vapebulkp.com<\/title>\n<meta name=\"description\" content=\"Wholesale price Bang Box 35000 Puffs Rechargeable Vape with touch switch, digital screen, and long-lasting performance. Perfect for premium vaping needs!\" \/>\n<meta name=\"robots\" content=\"index, follow, max-snippet:-1, max-image-preview:large, max-video-preview:-1\" \/>\n<link rel=\"canonical\" href=\"https:\/\/vapebulkp.com\/sv\/product\/bang-box-35000-puffs-touch-switch-digital-screen-rechargeable-vape\/\" \/>\n<meta property=\"og:locale\" content=\"sv_SE\" \/>\n<meta property=\"og:type\" content=\"article\" \/>\n<meta property=\"og:title\" content=\"Bang Box 35000 Puffs Touch Switch Digital Screen Rechargeable Vape - vapebulkp.com\" \/>\n<meta property=\"og:description\" content=\"Wholesale price Bang Box 35000 Puffs Rechargeable Vape with touch switch, digital screen, and long-lasting performance. Perfect for premium vaping needs!\" \/>\n<meta property=\"og:url\" content=\"https:\/\/vapebulkp.com\/sv\/product\/bang-box-35000-puffs-touch-switch-digital-screen-rechargeable-vape\/\" \/>\n<meta property=\"og:site_name\" content=\"vapebulkp.com\" \/>\n<meta property=\"article:modified_time\" content=\"2025-09-17T08:32:16+00:00\" \/>\n<meta property=\"og:image\" content=\"http:\/\/vapebulkp.com\/wp-content\/uploads\/2024\/12\/Bang-Box-35000-puff-Rechargeable-Vapes-Cheap-Price.png\" \/>\n\t<meta property=\"og:image:width\" content=\"800\" \/>\n\t<meta property=\"og:image:height\" content=\"800\" \/>\n\t<meta property=\"og:image:type\" content=\"image\/png\" \/>\n<meta name=\"twitter:card\" content=\"summary_large_image\" \/>\n<meta name=\"twitter:label1\" content=\"Ber\u00e4knad l\u00e4stid\" \/>\n\t<meta name=\"twitter:data1\" content=\"4 minuter\" \/>\n<script type=\"application\/ld+json\" class=\"yoast-schema-graph\">{\"@context\":\"https:\/\/schema.org\",\"@graph\":[{\"@type\":\"WebPage\",\"@id\":\"https:\/\/vapebulkp.com\/product\/bang-box-35000-puffs-touch-switch-digital-screen-rechargeable-vape\/\",\"url\":\"https:\/\/vapebulkp.com\/product\/bang-box-35000-puffs-touch-switch-digital-screen-rechargeable-vape\/\",\"name\":\"Bang Box 35000 Puffs Touch Switch Digital Screen Rechargeable Vape - vapebulkp.com\",\"isPartOf\":{\"@id\":\"https:\/\/vapebulkp.com\/#website\"},\"datePublished\":\"2024-12-24T07:52:32+00:00\",\"dateModified\":\"2025-09-17T08:32:16+00:00\",\"description\":\"Wholesale price Bang Box 35000 Puffs Rechargeable Vape with touch switch, digital screen, and long-lasting performance. Perfect for premium vaping needs!\",\"breadcrumb\":{\"@id\":\"https:\/\/vapebulkp.com\/product\/bang-box-35000-puffs-touch-switch-digital-screen-rechargeable-vape\/#breadcrumb\"},\"inLanguage\":\"sv-SE\",\"potentialAction\":[{\"@type\":\"ReadAction\",\"target\":[\"https:\/\/vapebulkp.com\/product\/bang-box-35000-puffs-touch-switch-digital-screen-rechargeable-vape\/\"]}]},{\"@type\":\"BreadcrumbList\",\"@id\":\"https:\/\/vapebulkp.com\/product\/bang-box-35000-puffs-touch-switch-digital-screen-rechargeable-vape\/#breadcrumb\",\"itemListElement\":[{\"@type\":\"ListItem\",\"position\":1,\"name\":\"Home\",\"item\":\"https:\/\/vapebulkp.com\/\"},{\"@type\":\"ListItem\",\"position\":2,\"name\":\"Hot Trend Vapes\",\"item\":\"https:\/\/vapebulkp.com\/vape-shop\/\"},{\"@type\":\"ListItem\",\"position\":3,\"name\":\"Bang Box 35000 Puffs Touch Switch Digital Screen Rechargeable Vape\"}]},{\"@type\":\"WebSite\",\"@id\":\"https:\/\/vapebulkp.com\/#website\",\"url\":\"https:\/\/vapebulkp.com\/\",\"name\":\"vapebulkp.com\",\"description\":\"Buy Vape In Cheap Bulk Price Near you\",\"publisher\":{\"@id\":\"https:\/\/vapebulkp.com\/#organization\"},\"potentialAction\":[{\"@type\":\"SearchAction\",\"target\":{\"@type\":\"EntryPoint\",\"urlTemplate\":\"https:\/\/vapebulkp.com\/?s={search_term_string}\"},\"query-input\":\"required name=search_term_string\"}],\"inLanguage\":\"sv-SE\"},{\"@type\":\"Organization\",\"@id\":\"https:\/\/vapebulkp.com\/#organization\",\"name\":\"vapebulkp.com\",\"url\":\"https:\/\/vapebulkp.com\/\",\"logo\":{\"@type\":\"ImageObject\",\"inLanguage\":\"sv-SE\",\"@id\":\"https:\/\/vapebulkp.com\/#\/schema\/logo\/image\/\",\"url\":\"https:\/\/vapebulkp.com\/wp-content\/uploads\/2023\/09\/cropped-vapebulkp.png\",\"contentUrl\":\"https:\/\/vapebulkp.com\/wp-content\/uploads\/2023\/09\/cropped-vapebulkp.png\",\"width\":516,\"height\":163,\"caption\":\"vapebulkp.com\"},\"image\":{\"@id\":\"https:\/\/vapebulkp.com\/#\/schema\/logo\/image\/\"}}]}<\/script>\n<!-- \/ Yoast SEO plugin. -->","yoast_head_json":{"title":"Bang Box 35000 Puffs Touch Switch Digital Screen Rechargeable Vape - vapebulkp.com","description":"Wholesale price Bang Box 35000 Puffs Rechargeable Vape with touch switch, digital screen, and long-lasting performance. Perfect for premium vaping needs!","robots":{"index":"index","follow":"follow","max-snippet":"max-snippet:-1","max-image-preview":"max-image-preview:large","max-video-preview":"max-video-preview:-1"},"canonical":"https:\/\/vapebulkp.com\/sv\/product\/bang-box-35000-puffs-touch-switch-digital-screen-rechargeable-vape\/","og_locale":"sv_SE","og_type":"article","og_title":"Bang Box 35000 Puffs Touch Switch Digital Screen Rechargeable Vape - vapebulkp.com","og_description":"Wholesale price Bang Box 35000 Puffs Rechargeable Vape with touch switch, digital screen, and long-lasting performance. Perfect for premium vaping needs!","og_url":"https:\/\/vapebulkp.com\/sv\/product\/bang-box-35000-puffs-touch-switch-digital-screen-rechargeable-vape\/","og_site_name":"vapebulkp.com","article_modified_time":"2025-09-17T08:32:16+00:00","og_image":[{"width":800,"height":800,"url":"http:\/\/vapebulkp.com\/wp-content\/uploads\/2024\/12\/Bang-Box-35000-puff-Rechargeable-Vapes-Cheap-Price.png","type":"image\/png"}],"twitter_card":"summary_large_image","twitter_misc":{"Ber\u00e4knad l\u00e4stid":"4 minuter"},"schema":{"@context":"https:\/\/schema.org","@graph":[{"@type":"WebPage","@id":"https:\/\/vapebulkp.com\/product\/bang-box-35000-puffs-touch-switch-digital-screen-rechargeable-vape\/","url":"https:\/\/vapebulkp.com\/product\/bang-box-35000-puffs-touch-switch-digital-screen-rechargeable-vape\/","name":"Bang Box 35000 Puffs Touch Switch Digital Screen Rechargeable Vape - vapebulkp.com","isPartOf":{"@id":"https:\/\/vapebulkp.com\/#website"},"datePublished":"2024-12-24T07:52:32+00:00","dateModified":"2025-09-17T08:32:16+00:00","description":"Wholesale price Bang Box 35000 Puffs Rechargeable Vape with touch switch, digital screen, and long-lasting performance. Perfect for premium vaping needs!","breadcrumb":{"@id":"https:\/\/vapebulkp.com\/product\/bang-box-35000-puffs-touch-switch-digital-screen-rechargeable-vape\/#breadcrumb"},"inLanguage":"sv-SE","potentialAction":[{"@type":"ReadAction","target":["https:\/\/vapebulkp.com\/product\/bang-box-35000-puffs-touch-switch-digital-screen-rechargeable-vape\/"]}]},{"@type":"BreadcrumbList","@id":"https:\/\/vapebulkp.com\/product\/bang-box-35000-puffs-touch-switch-digital-screen-rechargeable-vape\/#breadcrumb","itemListElement":[{"@type":"ListItem","position":1,"name":"Home","item":"https:\/\/vapebulkp.com\/"},{"@type":"ListItem","position":2,"name":"Hot Trend Vapes","item":"https:\/\/vapebulkp.com\/vape-shop\/"},{"@type":"ListItem","position":3,"name":"Bang Box 35000 Puffs Touch Switch Digital Screen Rechargeable Vape"}]},{"@type":"WebSite","@id":"https:\/\/vapebulkp.com\/#website","url":"https:\/\/vapebulkp.com\/","name":"vapebulkp.com","description":"Buy Vape In Cheap Bulk Price Near you","publisher":{"@id":"https:\/\/vapebulkp.com\/#organization"},"potentialAction":[{"@type":"SearchAction","target":{"@type":"EntryPoint","urlTemplate":"https:\/\/vapebulkp.com\/?s={search_term_string}"},"query-input":"required name=search_term_string"}],"inLanguage":"sv-SE"},{"@type":"Organization","@id":"https:\/\/vapebulkp.com\/#organization","name":"vapebulkp.com","url":"https:\/\/vapebulkp.com\/","logo":{"@type":"ImageObject","inLanguage":"sv-SE","@id":"https:\/\/vapebulkp.com\/#\/schema\/logo\/image\/","url":"https:\/\/vapebulkp.com\/wp-content\/uploads\/2023\/09\/cropped-vapebulkp.png","contentUrl":"https:\/\/vapebulkp.com\/wp-content\/uploads\/2023\/09\/cropped-vapebulkp.png","width":516,"height":163,"caption":"vapebulkp.com"},"image":{"@id":"https:\/\/vapebulkp.com\/#\/schema\/logo\/image\/"}}]}},"uagb_featured_image_src":{"full":["https:\/\/vapebulkp.com\/wp-content\/uploads\/2024\/12\/Bang-Box-35000-puff-Rechargeable-Vapes-Cheap-Price.png",800,800,false],"thumbnail":["https:\/\/vapebulkp.com\/wp-content\/uploads\/2024\/12\/Bang-Box-35000-puff-Rechargeable-Vapes-Cheap-Price-150x150.png",150,150,true],"medium":["https:\/\/vapebulkp.com\/wp-content\/uploads\/2024\/12\/Bang-Box-35000-puff-Rechargeable-Vapes-Cheap-Price-300x300.png",300,300,true],"medium_large":["https:\/\/vapebulkp.com\/wp-content\/uploads\/2024\/12\/Bang-Box-35000-puff-Rechargeable-Vapes-Cheap-Price-768x768.png",768,768,true],"large":["https:\/\/vapebulkp.com\/wp-content\/uploads\/2024\/12\/Bang-Box-35000-puff-Rechargeable-Vapes-Cheap-Price.png",800,800,false],"1536x1536":["https:\/\/vapebulkp.com\/wp-content\/uploads\/2024\/12\/Bang-Box-35000-puff-Rechargeable-Vapes-Cheap-Price.png",800,800,false],"2048x2048":["https:\/\/vapebulkp.com\/wp-content\/uploads\/2024\/12\/Bang-Box-35000-puff-Rechargeable-Vapes-Cheap-Price.png",800,800,false],"trp-custom-language-flag":["https:\/\/vapebulkp.com\/wp-content\/uploads\/2024\/12\/Bang-Box-35000-puff-Rechargeable-Vapes-Cheap-Price.png",12,12,false],"woocommerce_thumbnail":["https:\/\/vapebulkp.com\/wp-content\/uploads\/2024\/12\/Bang-Box-35000-puff-Rechargeable-Vapes-Cheap-Price-300x300.png",300,300,true],"woocommerce_single":["https:\/\/vapebulkp.com\/wp-content\/uploads\/2024\/12\/Bang-Box-35000-puff-Rechargeable-Vapes-Cheap-Price-600x600.png",600,600,true],"woocommerce_gallery_thumbnail":["https:\/\/vapebulkp.com\/wp-content\/uploads\/2024\/12\/Bang-Box-35000-puff-Rechargeable-Vapes-Cheap-Price-100x100.png",100,100,true],"wcpr-photo-reviews":["https:\/\/vapebulkp.com\/wp-content\/uploads\/2024\/12\/Bang-Box-35000-puff-Rechargeable-Vapes-Cheap-Price.png",500,500,false]},"uagb_author_info":{"display_name":"Mandy vape bulk price","author_link":"https:\/\/vapebulkp.com\/sv\/author\/"},"uagb_comment_info":0,"uagb_excerpt":"Bang Box 35000 Puffs Vape with touch switch, digital screen, rechargeable design, 2%\/5% nicotine, and long-lasting performance. Perfect for premium vaping. Pls Contact Mandy's WhatsApp For Discount Price+8618077105796 NOTE: Prices on our website does not include shipping costs &nbsp;","_links":{"self":[{"href":"https:\/\/vapebulkp.com\/sv\/wp-json\/wp\/v2\/product\/3277","targetHints":{"allow":["GET"]}}],"collection":[{"href":"https:\/\/vapebulkp.com\/sv\/wp-json\/wp\/v2\/product"}],"about":[{"href":"https:\/\/vapebulkp.com\/sv\/wp-json\/wp\/v2\/types\/product"}],"replies":[{"embeddable":true,"href":"https:\/\/vapebulkp.com\/sv\/wp-json\/wp\/v2\/comments?post=3277"}],"wp:featuredmedia":[{"embeddable":true,"href":"https:\/\/vapebulkp.com\/sv\/wp-json\/wp\/v2\/media\/3270"}],"wp:attachment":[{"href":"https:\/\/vapebulkp.com\/sv\/wp-json\/wp\/v2\/media?parent=3277"}],"wp:term":[{"taxonomy":"product_cat","embeddable":true,"href":"https:\/\/vapebulkp.com\/sv\/wp-json\/wp\/v2\/product_cat?post=3277"},{"taxonomy":"product_tag","embeddable":true,"href":"https:\/\/vapebulkp.com\/sv\/wp-json\/wp\/v2\/product_tag?post=3277"}],"curies":[{"name":"wp","href":"https:\/\/api.w.org\/{rel}","templated":true}]}}