{"id":3278,"date":"2024-12-24T10:37:50","date_gmt":"2024-12-24T09:37:50","guid":{"rendered":"https:\/\/vapebulkp.com\/?post_type=product&#038;p=3278"},"modified":"2025-09-16T11:29:12","modified_gmt":"2025-09-16T09:29:12","slug":"bood-infinity-30000-puff-hot-sale-vape-discount-price","status":"publish","type":"product","link":"https:\/\/vapebulkp.com\/sv\/product\/bood-infinity-30000-puff-hot-sale-vape-discount-price\/","title":{"rendered":"BOOD INFINITY 30000 PUFF Het Rea Vape Rabatterat Pris"},"content":{"rendered":"<h2 style=\"text-align: left\">BOOD INFINITY 30000 PUFF Het Rea Vape Rabatterat Pris<\/h2>\n<p>Kliv in i framtiden f\u00f6r vaping med BOOD INFINITY 30000 PUFF Vape, en enhet som kombinerar banbrytande teknik med o\u00f6vertr\u00e4ffad prestanda. Designad f\u00f6r vejpare som s\u00f6ker bekv\u00e4mlighet och konsekvens, levererar denna vape en h\u00e4pnadsv\u00e4ckande <strong>30 000 puffar<\/strong>, vilket s\u00e4kerst\u00e4ller livsl\u00e4ngd som tillgodoser anv\u00e4ndning hela dagen och p\u00e5 l\u00e5ng sikt.<\/p>\n<p>Utrustad med en innovativ <strong>E-v\u00e4tska<\/strong>, kan anv\u00e4ndare enkelt \u00f6vervaka batteritid och e-v\u00e4tskeniv\u00e5er, vilket eliminerar gissningar. Den <strong>Dubbel Mesh Coil<\/strong> tekniken garanterar en rik, j\u00e4mn \u00e5nga vid varje drag, medan <strong>justerbart luftfl\u00f6de<\/strong> l\u00e5ter dig anpassa din vapingupplevelse efter dina \u00f6nskem\u00e5l. Drivs av en <strong>uppladdningsbart 650mAh batteri<\/strong>, \u00e4r BOOD INFINITY b\u00e5de milj\u00f6medveten och p\u00e5litlig.<\/p>\n<p>Finns p\u00e5 Vapebulkp.com, denna h\u00f6gpresterande enhet kombinerar stil, funktionalitet och prisv\u00e4rdhet. Oavsett om du \u00e4r nyb\u00f6rjare eller en erfaren entusiast, \u00e4r <strong>BOOD O\u00c4NDLIGHET\u00a0 <a href=\"https:\/\/vapebulkp.com\/sv\/product-category\/30000-puff-disposable-vape\/\">30000 PUFFS Eng\u00e5ngs Vape<\/a><\/strong>\u00a0den ultimata l\u00f6sningen f\u00f6r dem som s\u00f6ker en problemfri vapingupplevelse av h\u00f6gsta kvalitet. Dra nytta av <strong>Vape heta rea rabattpris<\/strong> och lyft ditt vapespel idag!<\/p>\n<h6>Kontakta Mandy via WhatsApp f\u00f6r rabatterat pris<a href=\"https:\/\/wa.me\/8618077105796\">+8618077105796<\/a><\/h6>\n<p><img decoding=\"async\" class=\"alignnone wp-image-2151\" src=\"http:\/\/vapebulkp.com\/wp-content\/uploads\/2024\/04\/Mandy-WhatsApp-Randm.jpg\" alt=\"Mandy WhatsApp Randm\" width=\"324\" height=\"330\" \/><\/p>\n<div class=\"flex max-w-full flex-col flex-grow\">\n<div class=\"min-h-8 text-message flex w-full flex-col items-end gap-2 whitespace-normal break-words text-start [.text-message+&amp;]:mt-5\" dir=\"auto\" data-message-author-role=\"assistant\" data-message-id=\"d24cf626-c018-4805-80f5-44de047f2ba0\" data-message-model-slug=\"gpt-4o\">\n<div class=\"flex w-full flex-col gap-1 empty:hidden first:pt-[3px]\">\n<div class=\"markdown prose w-full break-words dark:prose-invert light\">\n<h2><strong>Varf\u00f6r v\u00e4lja High Puff Vape BOOD INFINITY 30 000 Puffar p\u00e5 Vapebulkp.com?<\/strong><\/h2>\n<ol>\n<li><strong>O\u00f6vertr\u00e4ffad livsl\u00e4ngd<\/strong>: Med 30 000 bloss erbjuder 30000 Puffs BOOD INFINITY ut\u00f6kad anv\u00e4ndning, perfekt f\u00f6r vardagliga vape-entusiaster och de som f\u00f6redrar f\u00e4rre byten.<\/li>\n<li><strong>Innovativa funktioner<\/strong>: Den inkluderar en <strong>E-v\u00e4tska<\/strong>, <strong>Dubbel Mesh Coil<\/strong> f\u00f6r j\u00e4mn \u00e5nga, <strong>justerbart luftfl\u00f6de<\/strong> f\u00f6r en personlig upplevelse, och en <strong>uppladdningsbart 650mAh batteri<\/strong>, vilket s\u00e4kerst\u00e4ller bekv\u00e4mlighet och kvalitet.<\/li>\n<li><strong>P\u00e5litlig och trov\u00e4rdig plattform<\/strong>: Vapebulkp.com erbjuder konkurrenskraftiga priser, snabb frakt \u00f6ver hela Europa och utm\u00e4rkt kundservice, vilket g\u00f6r det till en f\u00f6rstahandsval f\u00f6r vapingprodukter.<\/li>\n<\/ol>\n<h3>Andra b\u00e4sts\u00e4ljare p\u00e5 Vapebulkp.com:<\/h3>\n<ol>\n<li><strong>Bang King 36 000 Puff<\/strong>: Ett exklusivt alternativ med en LCD-sk\u00e4rm f\u00f6r fingeravtrycksigenk\u00e4nning, 36 ml e-v\u00e4tskekapacitet och Type-C-laddning.<\/li>\n<li><strong>Vapme Shisha Pro Max 20 000 Puff<\/strong>: Snygg design, 28 ml vape juice-kapacitet, 0,6\u03a9 mesh coil och direkt-till-lunga vapingupplevelse.<\/li>\n<li><strong>Randm Tornado 30 000 Puff<\/strong>: Har LED-lampor och ett musiksynkalternativ, perfekt f\u00f6r anv\u00e4ndare som s\u00f6ker n\u00f6je och innovation.<\/li>\n<li><strong>Waspe AIVIOU 25 000 Puff<\/strong>: Milj\u00f6v\u00e4nlig och utrustad med dubbel mesh coil-teknik f\u00f6r utm\u00e4rkt smak.<\/li>\n<li><strong>ELFWORLD Plus 20 000 Puff<\/strong>: L\u00e4ttviktig, b\u00e4rbar design med fokus p\u00e5 j\u00e4mn vaping och unika smaker.<\/li>\n<\/ol>\n<p>P\u00e5 Vapebulkp.com hittar du ett varierat urval av premium eng\u00e5ngsvapes skr\u00e4ddarsydda f\u00f6r europeiska kunders behov.<\/p>\n<\/div>\n<\/div>\n<\/div>\n<\/div>\n<h3><strong>BOOD INFINITY 30k Puffs eng\u00e5ngsvapes Specifikationer:<\/strong><\/h3>\n<ul>\n<li><strong>30K Puff<\/strong>: L\u00e5ngvarig upp till 30 000 bloss.<\/li>\n<li><strong>E-v\u00e4tska<\/strong>: Visar e-v\u00e4tskeniv\u00e5 och batteristatus.<\/li>\n<li><strong>Dubbel Mesh Coil<\/strong>: S\u00e4kerst\u00e4ller j\u00e4mnare och t\u00e4tare \u00e5nga.<\/li>\n<li><strong>Uppladdningsbart<\/strong>: Utrustad med ett uppladdningsbart batteri.<\/li>\n<li><strong>Justerbart luftfl\u00f6de<\/strong>: Anpassa luftfl\u00f6det f\u00f6r ditt f\u00f6redragna drag.<\/li>\n<li><strong>650mAh Batteri<\/strong>: P\u00e5litlig effektkapacitet f\u00f6r l\u00e4ngre anv\u00e4ndning.<\/li>\n<\/ul>\n<p>&nbsp;<\/p>\n<h3><strong>Grossistpris Vape BOOD INFINITY 30000 bloss Smaklista<\/strong><\/h3>\n<p>1 JORDGUBBSVATTENMELON<br \/>\n2 PERSIKA MANGO ANANAS<br \/>\n3 FRODIG IS<br \/>\n4 B\u00c4RBOMB<br \/>\n5 JORDGUBBSKIWI<br \/>\n6 HAWAII<br \/>\n7 BL\u00c5 HALLON IS<br \/>\n8 BL\u00c5B\u00c4RSL\u00c4SK<br \/>\n9 SVART IS<br \/>\n10 TIFFANY<\/p>\n<p><a href=\"https:\/\/vapebulkp.com\/sv\/product\/aivono-curved-smart-screen-35000-puffs-disposable-vape-wholesale-price\/\"><span style=\"vertical-align: inherit\">Aivono 35000 Puffar <\/span><\/a><\/p>\n<p><span style=\"vertical-align: inherit\">Hitta fler produkter du kanske gillar:<\/span><em><a href=\"https:\/\/wa.me\/8618077105796\"><span style=\"vertical-align: inherit\">\u00a0K\u00f6p nu<\/span><\/a><\/em><\/p>\n<p><span style=\"vertical-align: inherit\">Andra Puffs du kanske gillar:<\/span><a href=\"https:\/\/vapebulkp.com\/sv\/product\/wholesale-price-bang-kingdoms-rex-32000-puffs-vape-pod\/\"><span style=\"vertical-align: inherit\">Bang Kingdoms 32000 Puffs<\/span><\/a><span style=\"vertical-align: inherit\">\u3001<\/span><a href=\"https:\/\/vapebulkp.com\/sv\/product\/vookbar-30000-puffs-touch-screen-disposable-vapes-wholesale-price\/\"><span style=\"vertical-align: inherit\">Vookbar 30000 Inhalningar<\/span><\/a><span style=\"vertical-align: inherit\">\/ <\/span><a href=\"https:\/\/vapebulkp.com\/sv\/product\/vapsolo-best-quality-viking-12k-puffs-disposable-vapes\/\"><span style=\"vertical-align: inherit\">Vapsolo viking 12000 Puffar<\/span><\/a><span style=\"vertical-align: inherit\">\/ <\/span><a href=\"https:\/\/vapebulkp.com\/sv\/product\/waspe-vape-40000-puff-fihp-double-flavour-disposable-vape\/\"><span style=\"vertical-align: inherit\">WASPE 40000 Puffs<\/span><\/a><\/p>\n<p><span style=\"vertical-align: inherit\">E-cigarettflaska med specialform:<\/span><a href=\"https:\/\/vapebulkp.com\/sv\/product\/vapsolo-feed-bar-shisha-vape-15000-puffs-wholesale-price\/\"><span style=\"vertical-align: inherit\"> Vapsolo shisha 15000 Puffar<\/span><\/a><span style=\"vertical-align: inherit\">\/ <\/span><a href=\"https:\/\/vapebulkp.com\/sv\/fi\/product\/best-price-wga-crystal-pro-max-15k-puffs-original-vape\/\"><span style=\"vertical-align: inherit\">\u00a0WGA Crystal pro max 15k Bloss <\/span><\/a><span style=\"vertical-align: inherit\">\/<\/span><a href=\"https:\/\/vapebulkp.com\/sv\/product\/bang-box-35000-puffs-touch-switch-digital-screen-rechargeable-vape\/\"><span style=\"vertical-align: inherit\"> Bang Box 35000 Puffar<\/span><\/a><\/p>\n<h4>Vanliga fr\u00e5gor om BOOD INFINITY 30000 Puffar Vape Poddar<\/h4>\n<p><strong>1. Vad g\u00f6r BOOD INFINITY 30 000 Puffar unik?<\/strong><br \/>\nBOOD INFINITY har en enorm kapacitet p\u00e5 30 000 puffar, en <strong>E-v\u00e4tska<\/strong> f\u00f6r att \u00f6vervaka anv\u00e4ndning och batteri, en <strong>Dubbel Mesh Coil<\/strong> f\u00f6r f\u00f6rb\u00e4ttrad \u00e5ngkvalitet, justerbart luftfl\u00f6de och en uppladdningsbar <strong>650mAh batteri<\/strong> f\u00f6r l\u00e5ngvarig prestanda.<\/p>\n<p><strong>2. Hur laddar jag BOOD INFINITY 30K VAPES?<\/strong><br \/>\nAnslut helt enkelt enheten till en USB-laddare med l\u00e4mplig kabel. Den \u00e4r designad med uppladdningsbara funktioner f\u00f6r att s\u00e4kerst\u00e4lla att du f\u00e5r ut det mesta av din enhet.<\/p>\n<p><strong>3. Kan jag anpassa min vapingupplevelse med bood vape 30000 puffar?<\/strong><br \/>\nJa! Den <strong>justerbart luftfl\u00f6de<\/strong> l\u00e5ter dig skr\u00e4ddarsy dragningen efter dina \u00f6nskem\u00e5l, oavsett om du gillar en t\u00e4t eller luftig inandning.<\/p>\n<p><strong>4. Vilken typ av spole har bood vape 30k puffar <\/strong><strong>anv\u00e4nda?<\/strong><br \/>\nBOOD INFINITY VAPES 30000 PUFFS anv\u00e4nder <strong>Dubbel Mesh Coil-teknik<\/strong>, vilket ger mjukare bloss och mer konsekvent smaks\u00e4ttning.<\/p>\n<p><strong>5. Var kan jag k\u00f6pa BOOD INFINITY 30K WHOLESALE VAPE?<\/strong><br \/>\nDu kan k\u00f6pa denna premium vape pod p\u00e5 <strong>Vapebulkp.com<\/strong>, en betrodd plattform f\u00f6r h\u00f6gkvalitativa vapingprodukter med utm\u00e4rkt kundservice och snabb leverans.<\/p>\n<p>&nbsp;<\/p>\n<h5>Leveransdetaljer:<\/h5>\n<p><span style=\"color: #ff6600\">Produktionstid: 5-10 arbetsdagar<\/span><br \/>\n<span style=\"color: #ff6600\">Leveranstid: 8-14 arbetsdagar<\/span><\/p>\n<p>Alla produkter i v\u00e5r butik \u00e4r 100% originala och autentiska, d\u00e4rf\u00f6r \u00e4r Tiofaldig ers\u00e4ttning f\u00f6r falska varor v\u00e5r butikspolicy. Vi anv\u00e4nder logistikkanaler som UPS\/DHL\/FEDEX\/DPD f\u00f6r att leverera varor till dig.<\/p>\n<p>F\u00f6r paket som skickas inom Sverige tar det vanligtvis 10 arbetsdagar att anl\u00e4nda. Leveranser till andra europeiska l\u00e4nder tar vanligtvis 12 till 15 arbetsdagar att anl\u00e4nda. Vi uppdaterar logistikinformationen f\u00f6r dig i realtid.<\/p>","protected":false},"excerpt":{"rendered":"<p>BOOD INFINITY 30000 Puffar Vape \u2013 B\u00e4sts\u00e4ljare! Premiumkvalitet, l\u00e5ngvarig prestanda och oslagbara rabattpriser. Best\u00e4ll nu f\u00f6r b\u00e4sta m\u00f6jliga vape-erbjudande!<\/p>\n<p>Kontakta Mandy via WhatsApp f\u00f6r rabatterat pris<a href=\"https:\/\/wa.me\/8618077105796\">+8618077105796<\/a><\/p>\n<p><img decoding=\"async\" class=\"alignnone wp-image-2151\" src=\"http:\/\/vapebulkp.com\/wp-content\/uploads\/2024\/04\/Mandy-WhatsApp-Randm.jpg\" alt=\"Mandy WhatsApp Randm\" width=\"297\" height=\"316\" srcset=\"https:\/\/vapebulkp.com\/wp-content\/uploads\/2024\/04\/Mandy-WhatsApp-Randm.jpg 916w, https:\/\/vapebulkp.com\/wp-content\/uploads\/2024\/04\/Mandy-WhatsApp-Randm-282x300.jpg 282w, https:\/\/vapebulkp.com\/wp-content\/uploads\/2024\/04\/Mandy-WhatsApp-Randm-768x817.jpg 768w, https:\/\/vapebulkp.com\/wp-content\/uploads\/2024\/04\/Mandy-WhatsApp-Randm-600x638.jpg 600w\" sizes=\"(max-width: 297px) 100vw, 297px\" \/><\/p>\n<p><span style=\"color: #ff0000\">OBS: Priserna p\u00e5 v\u00e5r webbplats inkluderar inte fraktkostnader<\/span><\/p>\n<p>&nbsp;<\/p>","protected":false},"featured_media":3284,"comment_status":"open","ping_status":"closed","template":"","meta":{"_uag_custom_page_level_css":"","_lmt_disableupdate":"no","_lmt_disable":"","site-sidebar-layout":"default","site-content-layout":"content-boxed-container","ast-site-content-layout":"normal-width-container","site-content-style":"boxed","site-sidebar-style":"unboxed","ast-global-header-display":"","ast-banner-title-visibility":"","ast-main-header-display":"","ast-hfb-above-header-display":"","ast-hfb-below-header-display":"","ast-hfb-mobile-header-display":"","site-post-title":"","ast-breadcrumbs-content":"","ast-featured-img":"","footer-sml-layout":"","theme-transparent-header-meta":"default","adv-header-id-meta":"","stick-header-meta":"","header-above-stick-meta":"","header-main-stick-meta":"","header-below-stick-meta":"","astra-migrate-meta-layouts":"set","_joinchat":[]},"product_cat":[190,153,155,346,33,59,100,87,34,158,157,154,152,58,84,156,63,32],"product_tag":[187,36,37,41,40],"class_list":["post-3278","product","type-product","status-publish","has-post-thumbnail","hentry","product_cat-35000-puffs-disposable-vape","product_cat-hot-disposable-vapes","product_cat-belgium-hot-disposable-vapes","product_cat-bood-vapes","product_cat-france-vape-hot-sale","product_cat-germany-hot-disposable-vape","product_cat-germany-wholesale-vape-shop","product_cat-minimum-order-quantity-50pcs","product_cat-netherlands-vape-good-sale","product_cat-norway-hot-disposable-vapes","product_cat-poland-hot-disposable-vapes","product_cat-portugal-hot-disposable-vapes","product_cat-spain-hot-disposable-vapes","product_cat-sweden-hot-disposable-vape","product_cat-sweden-wholesale-vape","product_cat-switzerland-hot-disposable-vapes","product_cat-top-sale-disposable-vape","product_cat-vape-hot-sale-this-week","product_tag-30000-puffs","product_tag-good-vape","product_tag-hot-sale-disposable-vape","product_tag-poland-hot-vape","product_tag-sweden-hot-vape","pa_brand-bood-vape","desktop-align-left","tablet-align-left","mobile-align-left"],"yoast_head":"<!-- This site is optimized with the Yoast SEO plugin v21.1 - https:\/\/yoast.com\/wordpress\/plugins\/seo\/ -->\n<title>BOOD INFINITY 30000 PUFF Hot Sale Vape Discount Price - vapebulkp.com<\/title>\n<meta name=\"description\" content=\"BOOD INFINITY 30000 Puffs Wholesale Vape \u2013 Hot Sale! Long-lasting, stylish, and budget-friendly. Grab this top-quality vape at a discounted price today!\" \/>\n<meta name=\"robots\" content=\"index, follow, max-snippet:-1, max-image-preview:large, max-video-preview:-1\" \/>\n<link rel=\"canonical\" href=\"https:\/\/vapebulkp.com\/sv\/product\/bood-infinity-30000-puff-hot-sale-vape-discount-price\/\" \/>\n<meta property=\"og:locale\" content=\"sv_SE\" \/>\n<meta property=\"og:type\" content=\"article\" \/>\n<meta property=\"og:title\" content=\"BOOD INFINITY 30000 PUFF Hot Sale Vape Discount Price - vapebulkp.com\" \/>\n<meta property=\"og:description\" content=\"BOOD INFINITY 30000 Puffs Wholesale Vape \u2013 Hot Sale! Long-lasting, stylish, and budget-friendly. Grab this top-quality vape at a discounted price today!\" \/>\n<meta property=\"og:url\" content=\"https:\/\/vapebulkp.com\/sv\/product\/bood-infinity-30000-puff-hot-sale-vape-discount-price\/\" \/>\n<meta property=\"og:site_name\" content=\"vapebulkp.com\" \/>\n<meta property=\"article:modified_time\" content=\"2025-09-16T09:29:12+00:00\" \/>\n<meta property=\"og:image\" content=\"http:\/\/vapebulkp.com\/wp-content\/uploads\/2024\/12\/bulk-buy-vapes-bood-infinity-30k-puffs-blue-razz-ice.png\" \/>\n\t<meta property=\"og:image:width\" content=\"800\" \/>\n\t<meta property=\"og:image:height\" content=\"800\" \/>\n\t<meta property=\"og:image:type\" content=\"image\/png\" \/>\n<meta name=\"twitter:card\" content=\"summary_large_image\" \/>\n<meta name=\"twitter:label1\" content=\"Ber\u00e4knad l\u00e4stid\" \/>\n\t<meta name=\"twitter:data1\" content=\"4 minuter\" \/>\n<script type=\"application\/ld+json\" class=\"yoast-schema-graph\">{\"@context\":\"https:\/\/schema.org\",\"@graph\":[{\"@type\":\"WebPage\",\"@id\":\"https:\/\/vapebulkp.com\/product\/bood-infinity-30000-puff-hot-sale-vape-discount-price\/\",\"url\":\"https:\/\/vapebulkp.com\/product\/bood-infinity-30000-puff-hot-sale-vape-discount-price\/\",\"name\":\"BOOD INFINITY 30000 PUFF Hot Sale Vape Discount Price - vapebulkp.com\",\"isPartOf\":{\"@id\":\"https:\/\/vapebulkp.com\/#website\"},\"datePublished\":\"2024-12-24T09:37:50+00:00\",\"dateModified\":\"2025-09-16T09:29:12+00:00\",\"description\":\"BOOD INFINITY 30000 Puffs Wholesale Vape \u2013 Hot Sale! Long-lasting, stylish, and budget-friendly. Grab this top-quality vape at a discounted price today!\",\"breadcrumb\":{\"@id\":\"https:\/\/vapebulkp.com\/product\/bood-infinity-30000-puff-hot-sale-vape-discount-price\/#breadcrumb\"},\"inLanguage\":\"sv-SE\",\"potentialAction\":[{\"@type\":\"ReadAction\",\"target\":[\"https:\/\/vapebulkp.com\/product\/bood-infinity-30000-puff-hot-sale-vape-discount-price\/\"]}]},{\"@type\":\"BreadcrumbList\",\"@id\":\"https:\/\/vapebulkp.com\/product\/bood-infinity-30000-puff-hot-sale-vape-discount-price\/#breadcrumb\",\"itemListElement\":[{\"@type\":\"ListItem\",\"position\":1,\"name\":\"Home\",\"item\":\"https:\/\/vapebulkp.com\/\"},{\"@type\":\"ListItem\",\"position\":2,\"name\":\"Hot Trend Vapes\",\"item\":\"https:\/\/vapebulkp.com\/vape-shop\/\"},{\"@type\":\"ListItem\",\"position\":3,\"name\":\"BOOD INFINITY 30000 PUFF Hot Sale Vape Discount Price\"}]},{\"@type\":\"WebSite\",\"@id\":\"https:\/\/vapebulkp.com\/#website\",\"url\":\"https:\/\/vapebulkp.com\/\",\"name\":\"vapebulkp.com\",\"description\":\"Buy Vape In Cheap Bulk Price Near you\",\"publisher\":{\"@id\":\"https:\/\/vapebulkp.com\/#organization\"},\"potentialAction\":[{\"@type\":\"SearchAction\",\"target\":{\"@type\":\"EntryPoint\",\"urlTemplate\":\"https:\/\/vapebulkp.com\/?s={search_term_string}\"},\"query-input\":\"required name=search_term_string\"}],\"inLanguage\":\"sv-SE\"},{\"@type\":\"Organization\",\"@id\":\"https:\/\/vapebulkp.com\/#organization\",\"name\":\"vapebulkp.com\",\"url\":\"https:\/\/vapebulkp.com\/\",\"logo\":{\"@type\":\"ImageObject\",\"inLanguage\":\"sv-SE\",\"@id\":\"https:\/\/vapebulkp.com\/#\/schema\/logo\/image\/\",\"url\":\"https:\/\/vapebulkp.com\/wp-content\/uploads\/2023\/09\/cropped-vapebulkp.png\",\"contentUrl\":\"https:\/\/vapebulkp.com\/wp-content\/uploads\/2023\/09\/cropped-vapebulkp.png\",\"width\":516,\"height\":163,\"caption\":\"vapebulkp.com\"},\"image\":{\"@id\":\"https:\/\/vapebulkp.com\/#\/schema\/logo\/image\/\"}}]}<\/script>\n<!-- \/ Yoast SEO plugin. -->","yoast_head_json":{"title":"BOOD INFINITY 30000 PUFF Hot Sale Vape Discount Price - vapebulkp.com","description":"BOOD INFINITY 30000 Puffs Wholesale Vape \u2013 Hot Sale! Long-lasting, stylish, and budget-friendly. Grab this top-quality vape at a discounted price today!","robots":{"index":"index","follow":"follow","max-snippet":"max-snippet:-1","max-image-preview":"max-image-preview:large","max-video-preview":"max-video-preview:-1"},"canonical":"https:\/\/vapebulkp.com\/sv\/product\/bood-infinity-30000-puff-hot-sale-vape-discount-price\/","og_locale":"sv_SE","og_type":"article","og_title":"BOOD INFINITY 30000 PUFF Hot Sale Vape Discount Price - vapebulkp.com","og_description":"BOOD INFINITY 30000 Puffs Wholesale Vape \u2013 Hot Sale! Long-lasting, stylish, and budget-friendly. Grab this top-quality vape at a discounted price today!","og_url":"https:\/\/vapebulkp.com\/sv\/product\/bood-infinity-30000-puff-hot-sale-vape-discount-price\/","og_site_name":"vapebulkp.com","article_modified_time":"2025-09-16T09:29:12+00:00","og_image":[{"width":800,"height":800,"url":"http:\/\/vapebulkp.com\/wp-content\/uploads\/2024\/12\/bulk-buy-vapes-bood-infinity-30k-puffs-blue-razz-ice.png","type":"image\/png"}],"twitter_card":"summary_large_image","twitter_misc":{"Ber\u00e4knad l\u00e4stid":"4 minuter"},"schema":{"@context":"https:\/\/schema.org","@graph":[{"@type":"WebPage","@id":"https:\/\/vapebulkp.com\/product\/bood-infinity-30000-puff-hot-sale-vape-discount-price\/","url":"https:\/\/vapebulkp.com\/product\/bood-infinity-30000-puff-hot-sale-vape-discount-price\/","name":"BOOD INFINITY 30000 PUFF Hot Sale Vape Discount Price - vapebulkp.com","isPartOf":{"@id":"https:\/\/vapebulkp.com\/#website"},"datePublished":"2024-12-24T09:37:50+00:00","dateModified":"2025-09-16T09:29:12+00:00","description":"BOOD INFINITY 30000 Puffs Wholesale Vape \u2013 Hot Sale! Long-lasting, stylish, and budget-friendly. Grab this top-quality vape at a discounted price today!","breadcrumb":{"@id":"https:\/\/vapebulkp.com\/product\/bood-infinity-30000-puff-hot-sale-vape-discount-price\/#breadcrumb"},"inLanguage":"sv-SE","potentialAction":[{"@type":"ReadAction","target":["https:\/\/vapebulkp.com\/product\/bood-infinity-30000-puff-hot-sale-vape-discount-price\/"]}]},{"@type":"BreadcrumbList","@id":"https:\/\/vapebulkp.com\/product\/bood-infinity-30000-puff-hot-sale-vape-discount-price\/#breadcrumb","itemListElement":[{"@type":"ListItem","position":1,"name":"Home","item":"https:\/\/vapebulkp.com\/"},{"@type":"ListItem","position":2,"name":"Hot Trend Vapes","item":"https:\/\/vapebulkp.com\/vape-shop\/"},{"@type":"ListItem","position":3,"name":"BOOD INFINITY 30000 PUFF Hot Sale Vape Discount Price"}]},{"@type":"WebSite","@id":"https:\/\/vapebulkp.com\/#website","url":"https:\/\/vapebulkp.com\/","name":"vapebulkp.com","description":"Buy Vape In Cheap Bulk Price Near you","publisher":{"@id":"https:\/\/vapebulkp.com\/#organization"},"potentialAction":[{"@type":"SearchAction","target":{"@type":"EntryPoint","urlTemplate":"https:\/\/vapebulkp.com\/?s={search_term_string}"},"query-input":"required name=search_term_string"}],"inLanguage":"sv-SE"},{"@type":"Organization","@id":"https:\/\/vapebulkp.com\/#organization","name":"vapebulkp.com","url":"https:\/\/vapebulkp.com\/","logo":{"@type":"ImageObject","inLanguage":"sv-SE","@id":"https:\/\/vapebulkp.com\/#\/schema\/logo\/image\/","url":"https:\/\/vapebulkp.com\/wp-content\/uploads\/2023\/09\/cropped-vapebulkp.png","contentUrl":"https:\/\/vapebulkp.com\/wp-content\/uploads\/2023\/09\/cropped-vapebulkp.png","width":516,"height":163,"caption":"vapebulkp.com"},"image":{"@id":"https:\/\/vapebulkp.com\/#\/schema\/logo\/image\/"}}]}},"uagb_featured_image_src":{"full":["https:\/\/vapebulkp.com\/wp-content\/uploads\/2024\/12\/bulk-buy-vapes-bood-infinity-30k-puffs-blue-razz-ice.png",800,800,false],"thumbnail":["https:\/\/vapebulkp.com\/wp-content\/uploads\/2024\/12\/bulk-buy-vapes-bood-infinity-30k-puffs-blue-razz-ice-150x150.png",150,150,true],"medium":["https:\/\/vapebulkp.com\/wp-content\/uploads\/2024\/12\/bulk-buy-vapes-bood-infinity-30k-puffs-blue-razz-ice-300x300.png",300,300,true],"medium_large":["https:\/\/vapebulkp.com\/wp-content\/uploads\/2024\/12\/bulk-buy-vapes-bood-infinity-30k-puffs-blue-razz-ice-768x768.png",768,768,true],"large":["https:\/\/vapebulkp.com\/wp-content\/uploads\/2024\/12\/bulk-buy-vapes-bood-infinity-30k-puffs-blue-razz-ice.png",800,800,false],"1536x1536":["https:\/\/vapebulkp.com\/wp-content\/uploads\/2024\/12\/bulk-buy-vapes-bood-infinity-30k-puffs-blue-razz-ice.png",800,800,false],"2048x2048":["https:\/\/vapebulkp.com\/wp-content\/uploads\/2024\/12\/bulk-buy-vapes-bood-infinity-30k-puffs-blue-razz-ice.png",800,800,false],"trp-custom-language-flag":["https:\/\/vapebulkp.com\/wp-content\/uploads\/2024\/12\/bulk-buy-vapes-bood-infinity-30k-puffs-blue-razz-ice.png",12,12,false],"woocommerce_thumbnail":["https:\/\/vapebulkp.com\/wp-content\/uploads\/2024\/12\/bulk-buy-vapes-bood-infinity-30k-puffs-blue-razz-ice-300x300.png",300,300,true],"woocommerce_single":["https:\/\/vapebulkp.com\/wp-content\/uploads\/2024\/12\/bulk-buy-vapes-bood-infinity-30k-puffs-blue-razz-ice-600x600.png",600,600,true],"woocommerce_gallery_thumbnail":["https:\/\/vapebulkp.com\/wp-content\/uploads\/2024\/12\/bulk-buy-vapes-bood-infinity-30k-puffs-blue-razz-ice-100x100.png",100,100,true],"wcpr-photo-reviews":["https:\/\/vapebulkp.com\/wp-content\/uploads\/2024\/12\/bulk-buy-vapes-bood-infinity-30k-puffs-blue-razz-ice.png",500,500,false]},"uagb_author_info":{"display_name":"Mandy vape bulk price","author_link":"https:\/\/vapebulkp.com\/sv\/author\/"},"uagb_comment_info":0,"uagb_excerpt":"BOOD INFINITY 30000 Puffs Vape - Hot Sale! Premium quality, long-lasting performance, and unbeatable discount prices. Order now for the best vaping deal! Pls Contact Mandy's WhatsApp For Discount Price+8618077105796 NOTE: Prices on our website does not include shipping costs &nbsp;","_links":{"self":[{"href":"https:\/\/vapebulkp.com\/sv\/wp-json\/wp\/v2\/product\/3278","targetHints":{"allow":["GET"]}}],"collection":[{"href":"https:\/\/vapebulkp.com\/sv\/wp-json\/wp\/v2\/product"}],"about":[{"href":"https:\/\/vapebulkp.com\/sv\/wp-json\/wp\/v2\/types\/product"}],"replies":[{"embeddable":true,"href":"https:\/\/vapebulkp.com\/sv\/wp-json\/wp\/v2\/comments?post=3278"}],"wp:featuredmedia":[{"embeddable":true,"href":"https:\/\/vapebulkp.com\/sv\/wp-json\/wp\/v2\/media\/3284"}],"wp:attachment":[{"href":"https:\/\/vapebulkp.com\/sv\/wp-json\/wp\/v2\/media?parent=3278"}],"wp:term":[{"taxonomy":"product_cat","embeddable":true,"href":"https:\/\/vapebulkp.com\/sv\/wp-json\/wp\/v2\/product_cat?post=3278"},{"taxonomy":"product_tag","embeddable":true,"href":"https:\/\/vapebulkp.com\/sv\/wp-json\/wp\/v2\/product_tag?post=3278"}],"curies":[{"name":"wp","href":"https:\/\/api.w.org\/{rel}","templated":true}]}}