{"id":3344,"date":"2025-01-03T09:08:05","date_gmt":"2025-01-03T08:08:05","guid":{"rendered":"https:\/\/vapebulkp.com\/?post_type=product&#038;p=3344"},"modified":"2025-09-24T05:06:40","modified_gmt":"2025-09-24T03:06:40","slug":"razz-bar-25000-puffs-wholesale-price-vape-eu-warehouse","status":"publish","type":"product","link":"https:\/\/vapebulkp.com\/sv\/product\/razz-bar-25000-puffs-wholesale-price-vape-eu-warehouse\/","title":{"rendered":"RAZZ BAR 25000 Puffs Partipris Vape EU-lager"},"content":{"rendered":"<h2 style=\"text-align: left\">RAZZ BAR 25000 Puffs Partipris Vape EU-lager<\/h2>\n<p>RAZZ BAR <a href=\"https:\/\/vapebulkp.com\/sv\/product-category\/25000-puffs-disposable-vape\/\">25000 Puffs Eng\u00e5ngs E-cigarett<\/a> ger l\u00e5ngvarig prestanda och rik smak, designad f\u00f6r svenska \u00e5terf\u00f6rs\u00e4ljare och vapers som kr\u00e4ver kvalitet. Drivs av ett 650mAh uppladdningsbart batteri med Type-C snabbladdning, ger denna uppladdningsbara eng\u00e5ngsvape en j\u00e4mn, konsekvent \u00e5nga tack vare avancerad mesh coil vape-teknik.<\/p>\n<p>Med 25 000 bloss per enhet och 16 noggrant utvalda smaker tillfredsst\u00e4ller den b\u00e5de tillf\u00e4lliga anv\u00e4ndare och erfarna vapers. Dess eleganta, kompakta design garanterar b\u00e4rbarhet och stil, medan den h\u00e5llbara konstruktionen st\u00f6der ut\u00f6kad anv\u00e4ndning.<\/p>\n<p>Perfekt f\u00f6r grossist vape Sverige, varje kartong inneh\u00e5ller 200 enheter, vilket g\u00f6r det till ett idealiskt val f\u00f6r bulkk\u00f6p och EU-lagerfrakt s\u00e4kerst\u00e4ller snabb, kostnadseffektiv leverans. L\u00e4gg till RAZZ BAR 25000 Puffs i ditt lager och erbjud ett h\u00f6gkapacitets vapingalternativ som dina kunder kommer att \u00e5terv\u00e4nda f\u00f6r.<\/p>\n<figure id=\"attachment_3338\" aria-describedby=\"caption-attachment-3338\" style=\"width: 652px\" class=\"wp-caption alignnone\"><img decoding=\"async\" class=\"wp-image-3338\" src=\"http:\/\/vapebulkp.com\/wp-content\/uploads\/2025\/01\/RAZZ-BAR-25000-Puff-Love-66.webp\" alt=\"RAZZ BAR 25000 Puff K\u00e4rlek 66\" width=\"652\" height=\"652\" srcset=\"https:\/\/vapebulkp.com\/wp-content\/uploads\/2025\/01\/RAZZ-BAR-25000-Puff-Love-66.webp 800w, https:\/\/vapebulkp.com\/wp-content\/uploads\/2025\/01\/RAZZ-BAR-25000-Puff-Love-66-300x300.webp 300w, https:\/\/vapebulkp.com\/wp-content\/uploads\/2025\/01\/RAZZ-BAR-25000-Puff-Love-66-150x150.webp 150w, https:\/\/vapebulkp.com\/wp-content\/uploads\/2025\/01\/RAZZ-BAR-25000-Puff-Love-66-768x768.webp 768w, https:\/\/vapebulkp.com\/wp-content\/uploads\/2025\/01\/RAZZ-BAR-25000-Puff-Love-66-600x600.webp 600w, https:\/\/vapebulkp.com\/wp-content\/uploads\/2025\/01\/RAZZ-BAR-25000-Puff-Love-66-100x100.webp 100w\" sizes=\"(max-width: 652px) 100vw, 652px\" \/><figcaption id=\"caption-attachment-3338\" class=\"wp-caption-text\">RAZZ BAR 25000 Puff K\u00e4rlek 66<\/figcaption><\/figure>\n<h6><span style=\"color: #ff0000\">Kontakta Mandy via WhatsApp f\u00f6r rabatterat pris<a style=\"color: #ff0000\" href=\"https:\/\/wa.me\/8618077105796\">+8618077105796<\/a><\/span><\/h6>\n<p><img decoding=\"async\" class=\"alignnone wp-image-2151\" src=\"http:\/\/vapebulkp.com\/wp-content\/uploads\/2024\/04\/Mandy-WhatsApp-Randm.jpg\" alt=\"Mandy WhatsApp Randm\" width=\"324\" height=\"330\" \/><\/p>\n<div class=\"flex max-w-full flex-col flex-grow\">\n<div class=\"min-h-8 text-message flex w-full flex-col items-end gap-2 whitespace-normal break-words text-start [.text-message+&amp;]:mt-5\" dir=\"auto\" data-message-author-role=\"assistant\" data-message-id=\"d24cf626-c018-4805-80f5-44de047f2ba0\" data-message-model-slug=\"gpt-4o\">\n<div class=\"flex w-full flex-col gap-1 empty:hidden first:pt-[3px]\">\n<div class=\"markdown prose w-full break-words dark:prose-invert light\">\n<h2>Varf\u00f6r v\u00e4lja RAZZ BAR VAPES 25000 PUFF p\u00e5 <a href=\"https:\/\/vapebulkp.com\/sv\/vape-shop\/\">Vapebulkp.com<\/a>?<\/h2>\n<ul>\n<li><strong>Exklusiva bulkpriser:<\/strong> Vapebulkp.com erbjuder oslagbara grossistpriser p\u00e5 <strong>RAZZ BAR 25000 Puffar<\/strong>, vilket garanterar maximalt v\u00e4rde f\u00f6r \u00e5terf\u00f6rs\u00e4ljare och distribut\u00f6rer.<\/li>\n<li><strong>Premium produktutbud:<\/strong> Den <strong>RAZZ BAR Vapes<\/strong> har avancerad mesh coil-teknik, 650mAh uppladdningsbara batterier och upp till <strong>25 000 puffar<\/strong>, vilket garanterar en h\u00f6gkvalitativ vapingupplevelse.<\/li>\n<li><strong>Brett smaksortiment:<\/strong> Med <strong>16 unika smaker<\/strong>, Vapebulkp.com tillgodoser olika kundpreferenser, vilket g\u00f6r det enkelt att fylla p\u00e5 med attraktiva alternativ.<\/li>\n<li><strong>Str\u00f6mlinjeformad shoppingupplevelse:<\/strong> Njut av ett intuitivt gr\u00e4nssnitt, detaljerade produktbeskrivningar och s\u00e4kra betalningsalternativ f\u00f6r problemfria k\u00f6p.<\/li>\n<li><strong>Global frakt:<\/strong> Vapebulkp.com erbjuder p\u00e5litlig och effektiv leverans \u00f6ver hela Europa och andra regioner, vilket s\u00e4kerst\u00e4ller snabb orderhantering.<\/li>\n<li><strong>P\u00e5litlig kvalitet:<\/strong> Varje RAZZ BAR-produkt genomg\u00e5r strikt kvalitetskontroll f\u00f6r att uppfylla h\u00f6ga standarder, vilket \u00f6kar kundn\u00f6jdheten.<\/li>\n<li><strong>OEM\/ODM-alternativ:<\/strong> Anpassningsm\u00f6jligheter g\u00f6r det m\u00f6jligt f\u00f6r f\u00f6retag att skapa varum\u00e4rkesl\u00f6sningar med personliga f\u00f6rpackningar eller logotyper.<\/li>\n<li><strong>Kundfokuserad support:<\/strong> Vapebulkp.com erbjuder dedikerad kundservice f\u00f6r att hantera f\u00f6rfr\u00e5gningar och s\u00e4kerst\u00e4lla smidiga transaktioner.<\/li>\n<\/ul>\n<\/div>\n<\/div>\n<\/div>\n<\/div>\n<h2>Vape Wholesale Razz Bar 25k Puffs Huvudspecifikationer:<\/h2>\n<ul>\n<li><strong>Puffkapacitet:<\/strong> Upp till 25 000 bloss<\/li>\n<li><strong>Nikotinalternativ:<\/strong> 2% och 5% nikotinsalt<\/li>\n<li><strong>Batteri:<\/strong> 650mAh uppladdningsbart<\/li>\n<li><strong>Laddning:<\/strong> Type-C snabbladdning<\/li>\n<li><strong>Coil-teknik:<\/strong> Mesh-spole f\u00f6r mjukare \u00e5nga och f\u00f6rb\u00e4ttrad smak<\/li>\n<li><strong>Smaker:<\/strong> 16 unika alternativ<\/li>\n<li><strong>F\u00f6rpackning:<\/strong> 200 stycken per kartong<\/li>\n<\/ul>\n<h2>Bulk K\u00f6p Vape Razz Bar 25000 Puffs <strong>Smaklista<\/strong><\/h2>\n<p>1.Saftig persika is<br \/>\n2. Jordgubbs-Banan<br \/>\n3.Red Bull Druva<br \/>\n4.Bl\u00e5b\u00e4r is<br \/>\n5.Vattenmelon is<br \/>\n6.Frodig is<br \/>\n7.Tropisk frukt<br \/>\n8.Jordgubb kiwi<br \/>\n9.Jordgubb is<br \/>\n10.Blandade b\u00e4r<br \/>\n11.Jordgubb hallon k\u00f6rsb\u00e4r is<br \/>\n12. Love 66<br \/>\n13.Svart drak is<br \/>\n14.Citron Lime<br \/>\n15.Bl\u00e5b\u00e4r Sur Hallon<br \/>\n16.Jordgubb Vattenmelon Tuggummi<\/p>\n<p><a href=\"https:\/\/vapebulkp.com\/sv\/product\/aivono-curved-smart-screen-35000-puffs-disposable-vape-wholesale-price\/\"><span style=\"vertical-align: inherit\">Aivono 35000 Puffar <\/span><\/a><\/p>\n<p><span style=\"vertical-align: inherit\">Hitta fler produkter du kanske gillar:<\/span><em><a href=\"https:\/\/wa.me\/8618077105796\"><span style=\"vertical-align: inherit\">\u00a0K\u00f6p nu<\/span><\/a><\/em><\/p>\n<p><span style=\"vertical-align: inherit\">Andra Puffs du kanske gillar:<\/span><a href=\"https:\/\/vapebulkp.com\/sv\/product\/wholesale-price-bang-kingdoms-rex-32000-puffs-vape-pod\/\"><span style=\"vertical-align: inherit\">Bang Kingdoms 32000 Puffs<\/span><\/a><span style=\"vertical-align: inherit\">\u3001<\/span><a href=\"https:\/\/vapebulkp.com\/sv\/product\/bood-pulse-pro-25k-50k-disposable-vape-bar-5000-puffs-nicotine-free\/\"><span style=\"vertical-align: inherit\">Bood pulse pro 50000 Puffar<\/span><\/a><span style=\"vertical-align: inherit\">\/ <\/span><a href=\"https:\/\/vapebulkp.com\/sv\/product\/vapsolo-best-quality-viking-12k-puffs-disposable-vapes\/\"><span style=\"vertical-align: inherit\">Vapsolo viking 12000 Puffar<\/span><\/a><span style=\"vertical-align: inherit\">\/ <\/span><a href=\"https:\/\/vapebulkp.com\/sv\/product\/waspe-vape-40000-puff-fihp-double-flavour-disposable-vape\/\"><span style=\"vertical-align: inherit\">WASPE 40000 Puffs<\/span><\/a><\/p>\n<p><span style=\"vertical-align: inherit\">E-cigarettflaska med specialform:<\/span><a href=\"https:\/\/vapebulkp.com\/sv\/product\/vapsolo-feed-bar-shisha-vape-15000-puffs-wholesale-price\/\"><span style=\"vertical-align: inherit\"> Vapsolo shisha 15000 Puffar<\/span><\/a><span style=\"vertical-align: inherit\">\/ <\/span><a href=\"https:\/\/vapebulkp.com\/sv\/product\/vopk-ultra-30000-puffs-rgb-light-mesh-coil-rechargeable-vape-wholesale-price\/\"><span style=\"vertical-align: inherit\">\u00a0VOPK ULTRA 30000 Puffar <\/span><\/a><span style=\"vertical-align: inherit\">\/<\/span><a href=\"https:\/\/vapebulkp.com\/sv\/product\/bang-box-35000-puffs-touch-switch-digital-screen-rechargeable-vape\/\"><span style=\"vertical-align: inherit\"> Bang Box 35000 Puffar<\/span><\/a><\/p>\n<h2><\/h2>\n<h3>FAQ f\u00f6r RAZZ BAR 25000 Puffs B\u00e4sta Eng\u00e5ngsvapes<\/h3>\n<p>&nbsp;<\/p>\n<p><strong>F: Hur m\u00e5nga bloss ger Bulk Price RAZZ BAR 25000 vapes?<\/strong><br \/>\n<strong>A:<\/strong> Enheten levererar upp till <strong>25 000 puffar<\/strong>, vilket garanterar l\u00e5ngvarig njutning.<\/p>\n<p><strong>F: Kan jag ladda om RAZZ BAR 25000 Puffs?<\/strong><br \/>\n<strong>A:<\/strong> Ja, den har en <strong>650mAh uppladdningsbart batteri<\/strong> med <strong>Type-C laddning<\/strong> f\u00f6r snabba och effektiva laddningar.<\/p>\n<p><strong>F: Hur m\u00e5nga smaker finns tillg\u00e4ngliga f\u00f6r RAZZ VAPE 25000 Puffs?<\/strong><br \/>\n<strong>A:<\/strong> RAZZ BAR finns i <strong>16 distinkta smaker<\/strong>, som tillgodoser en m\u00e4ngd olika smakpreferenser.<\/p>\n<p><strong>F: Anv\u00e4nder RAZZ BAR avancerad coil-teknik?<\/strong><br \/>\n<strong>A:<\/strong> Ja, den \u00e4r utrustad med en <strong>meshspole<\/strong>, vilket garanterar mjukare \u00e5nga och rikare smak.<\/p>\n<p><strong>F: \u00c4r razz bar 25000 puff vape pods p\u00e5fyllningsbara?<\/strong><br \/>\n<strong>A:<\/strong> Nej, RAZZ BAR 25k puffs \u00e4r en eng\u00e5ngsvape och kommer f\u00f6rfylld med e-v\u00e4tska.<\/p>\n<p><strong>F: Finns det n\u00e5gra f\u00f6rsiktighets\u00e5tg\u00e4rder n\u00e4r man anv\u00e4nder razzbar vape 25000 puff?<\/strong><br \/>\n<strong>A:<\/strong> Undvik \u00f6verladdning och f\u00f6rvara enheten p\u00e5 en sval, torr plats. Kassera den p\u00e5 ett ansvarsfullt s\u00e4tt n\u00e4r den \u00e4r slut.<\/p>\n<h4>Leveransdetaljer:<\/h4>\n<p><span style=\"color: #ff6600\">Produktionstid: 5-10 arbetsdagar<\/span><br \/>\n<span style=\"color: #ff6600\">Leveranstid: 8-14 arbetsdagar<\/span><\/p>\n<p>Alla produkter i v\u00e5r butik \u00e4r 100% originala och autentiska, d\u00e4rf\u00f6r \u00e4r Tiofaldig ers\u00e4ttning f\u00f6r falska varor v\u00e5r butikspolicy. Vi anv\u00e4nder logistikkanaler som UPS\/DHL\/FEDEX\/DPD f\u00f6r att leverera varor till dig.<\/p>\n<p>F\u00f6r paket som skickas inom Sverige tar det vanligtvis 10 arbetsdagar att anl\u00e4nda. Leveranser till andra europeiska l\u00e4nder tar vanligtvis 12 till 15 arbetsdagar att anl\u00e4nda. Vi uppdaterar logistikinformationen f\u00f6r dig i realtid.<\/p>","protected":false},"excerpt":{"rendered":"<div class=\"flex-shrink-0 flex flex-col relative items-end\">\n<div>\n<div class=\"pt-0\">\n<div class=\"gizmo-bot-avatar flex h-8 w-8 items-center justify-center overflow-hidden rounded-full\">\n<div class=\"relative p-1 rounded-sm flex items-center justify-center bg-token-main-surface-primary text-token-text-primary h-8 w-8\"><strong style=\"font-size: 16px\">Razz Bar 25000 Puff:<\/strong><span style=\"font-size: 16px\"> Egenskaper <\/span><strong style=\"font-size: 16px\">2\/5% salt nikotin<\/strong><span style=\"font-size: 16px\">, <\/span><strong style=\"font-size: 16px\">25 000 puffar<\/strong><span style=\"font-size: 16px\">, <\/span><strong style=\"font-size: 16px\">650mAh uppladdningsbart batteri<\/strong><span style=\"font-size: 16px\">, <\/span><strong style=\"font-size: 16px\">meshspole<\/strong><span style=\"font-size: 16px\">, <\/span><strong style=\"font-size: 16px\">Type-C laddning<\/strong><span style=\"font-size: 16px\">, <\/span><strong style=\"font-size: 16px\">16 smaker<\/strong><span style=\"font-size: 16px\">, och <\/span><strong style=\"font-size: 16px\">200 st per kartong<\/strong><span style=\"font-size: 16px\"> f\u00f6r ultimat bekv\u00e4mlighet.<\/span><\/div>\n<\/div>\n<\/div>\n<\/div>\n<\/div>\n<p>Kontakta Mandy via WhatsApp f\u00f6r rabatterat pris<a href=\"https:\/\/wa.me\/8618077105796\">+8618077105796<\/a><\/p>\n<p><img decoding=\"async\" class=\"alignnone wp-image-2151\" src=\"http:\/\/vapebulkp.com\/wp-content\/uploads\/2024\/04\/Mandy-WhatsApp-Randm.jpg\" alt=\"Mandy WhatsApp Randm\" width=\"297\" height=\"316\" srcset=\"https:\/\/vapebulkp.com\/wp-content\/uploads\/2024\/04\/Mandy-WhatsApp-Randm.jpg 916w, https:\/\/vapebulkp.com\/wp-content\/uploads\/2024\/04\/Mandy-WhatsApp-Randm-282x300.jpg 282w, https:\/\/vapebulkp.com\/wp-content\/uploads\/2024\/04\/Mandy-WhatsApp-Randm-768x817.jpg 768w, https:\/\/vapebulkp.com\/wp-content\/uploads\/2024\/04\/Mandy-WhatsApp-Randm-600x638.jpg 600w\" sizes=\"(max-width: 297px) 100vw, 297px\" \/><\/p>\n<p><span style=\"color: #ff0000\">OBS: Priserna p\u00e5 v\u00e5r webbplats inkluderar inte fraktkostnader<\/span><\/p>\n<p>&nbsp;<\/p>","protected":false},"featured_media":3340,"comment_status":"open","ping_status":"closed","template":"","meta":{"_uag_custom_page_level_css":"","_lmt_disableupdate":"no","_lmt_disable":"","site-sidebar-layout":"default","site-content-layout":"content-boxed-container","ast-site-content-layout":"normal-width-container","site-content-style":"boxed","site-sidebar-style":"unboxed","ast-global-header-display":"","ast-banner-title-visibility":"","ast-main-header-display":"","ast-hfb-above-header-display":"","ast-hfb-below-header-display":"","ast-hfb-mobile-header-display":"","site-post-title":"","ast-breadcrumbs-content":"","ast-featured-img":"","footer-sml-layout":"","theme-transparent-header-meta":"default","adv-header-id-meta":"","stick-header-meta":"","header-above-stick-meta":"","header-main-stick-meta":"","header-below-stick-meta":"","astra-migrate-meta-layouts":"set","_joinchat":[]},"product_cat":[161,153,155,33,59,100,87,34,158,157,154,358,152,58,84,156,63,32],"product_tag":[180,36,37,41,197,40],"class_list":["post-3344","product","type-product","status-publish","has-post-thumbnail","hentry","product_cat-25000-puffs-disposable-vape","product_cat-hot-disposable-vapes","product_cat-belgium-hot-disposable-vapes","product_cat-france-vape-hot-sale","product_cat-germany-hot-disposable-vape","product_cat-germany-wholesale-vape-shop","product_cat-minimum-order-quantity-50pcs","product_cat-netherlands-vape-good-sale","product_cat-norway-hot-disposable-vapes","product_cat-poland-hot-disposable-vapes","product_cat-portugal-hot-disposable-vapes","product_cat-razzbar-vape","product_cat-spain-hot-disposable-vapes","product_cat-sweden-hot-disposable-vape","product_cat-sweden-wholesale-vape","product_cat-switzerland-hot-disposable-vapes","product_cat-top-sale-disposable-vape","product_cat-vape-hot-sale-this-week","product_tag-25000-puffs","product_tag-good-vape","product_tag-hot-sale-disposable-vape","product_tag-poland-hot-vape","product_tag-razz-bar-25000-puffs","product_tag-sweden-hot-vape","pa_brand-razzbar-vape","desktop-align-left","tablet-align-left","mobile-align-left"],"yoast_head":"<!-- This site is optimized with the Yoast SEO plugin v21.1 - https:\/\/yoast.com\/wordpress\/plugins\/seo\/ -->\n<title>RAZZ BAR 25000 Puffs Wholesale Price Vape EU Warehouse - vapebulkp.com<\/title>\n<meta name=\"description\" content=\"Stock the RAZZ BAR 25000 Puffs vape with EU warehouse availability! Features 650mAh rechargeable battery, Type-C charging, 16 flavors. Perfect for bulk orders.\" \/>\n<meta name=\"robots\" content=\"index, follow, max-snippet:-1, max-image-preview:large, max-video-preview:-1\" \/>\n<link rel=\"canonical\" href=\"https:\/\/vapebulkp.com\/sv\/product\/razz-bar-25000-puffs-wholesale-price-vape-eu-warehouse\/\" \/>\n<meta property=\"og:locale\" content=\"sv_SE\" \/>\n<meta property=\"og:type\" content=\"article\" \/>\n<meta property=\"og:title\" content=\"RAZZ BAR 25000 Puffs Wholesale Price Vape EU Warehouse - vapebulkp.com\" \/>\n<meta property=\"og:description\" content=\"Stock the RAZZ BAR 25000 Puffs vape with EU warehouse availability! Features 650mAh rechargeable battery, Type-C charging, 16 flavors. Perfect for bulk orders.\" \/>\n<meta property=\"og:url\" content=\"https:\/\/vapebulkp.com\/sv\/product\/razz-bar-25000-puffs-wholesale-price-vape-eu-warehouse\/\" \/>\n<meta property=\"og:site_name\" content=\"vapebulkp.com\" \/>\n<meta property=\"article:modified_time\" content=\"2025-09-24T03:06:40+00:00\" \/>\n<meta property=\"og:image\" content=\"http:\/\/vapebulkp.com\/wp-content\/uploads\/2025\/01\/RAZZ-BAR-25000-Puffs-Lemon-Lime.webp\" \/>\n\t<meta property=\"og:image:width\" content=\"800\" \/>\n\t<meta property=\"og:image:height\" content=\"800\" \/>\n\t<meta property=\"og:image:type\" content=\"image\/webp\" \/>\n<meta name=\"twitter:card\" content=\"summary_large_image\" \/>\n<meta name=\"twitter:label1\" content=\"Ber\u00e4knad l\u00e4stid\" \/>\n\t<meta name=\"twitter:data1\" content=\"4 minuter\" \/>\n<script type=\"application\/ld+json\" class=\"yoast-schema-graph\">{\"@context\":\"https:\/\/schema.org\",\"@graph\":[{\"@type\":\"WebPage\",\"@id\":\"https:\/\/vapebulkp.com\/product\/razz-bar-25000-puffs-wholesale-price-vape-eu-warehouse\/\",\"url\":\"https:\/\/vapebulkp.com\/product\/razz-bar-25000-puffs-wholesale-price-vape-eu-warehouse\/\",\"name\":\"RAZZ BAR 25000 Puffs Wholesale Price Vape EU Warehouse - vapebulkp.com\",\"isPartOf\":{\"@id\":\"https:\/\/vapebulkp.com\/#website\"},\"datePublished\":\"2025-01-03T08:08:05+00:00\",\"dateModified\":\"2025-09-24T03:06:40+00:00\",\"description\":\"Stock the RAZZ BAR 25000 Puffs vape with EU warehouse availability! Features 650mAh rechargeable battery, Type-C charging, 16 flavors. Perfect for bulk orders.\",\"breadcrumb\":{\"@id\":\"https:\/\/vapebulkp.com\/product\/razz-bar-25000-puffs-wholesale-price-vape-eu-warehouse\/#breadcrumb\"},\"inLanguage\":\"sv-SE\",\"potentialAction\":[{\"@type\":\"ReadAction\",\"target\":[\"https:\/\/vapebulkp.com\/product\/razz-bar-25000-puffs-wholesale-price-vape-eu-warehouse\/\"]}]},{\"@type\":\"BreadcrumbList\",\"@id\":\"https:\/\/vapebulkp.com\/product\/razz-bar-25000-puffs-wholesale-price-vape-eu-warehouse\/#breadcrumb\",\"itemListElement\":[{\"@type\":\"ListItem\",\"position\":1,\"name\":\"Home\",\"item\":\"https:\/\/vapebulkp.com\/\"},{\"@type\":\"ListItem\",\"position\":2,\"name\":\"Hot Trend Vapes\",\"item\":\"https:\/\/vapebulkp.com\/vape-shop\/\"},{\"@type\":\"ListItem\",\"position\":3,\"name\":\"RAZZ BAR 25000 Puffs Wholesale Price Vape EU Warehouse\"}]},{\"@type\":\"WebSite\",\"@id\":\"https:\/\/vapebulkp.com\/#website\",\"url\":\"https:\/\/vapebulkp.com\/\",\"name\":\"vapebulkp.com\",\"description\":\"Buy Vape In Cheap Bulk Price Near you\",\"publisher\":{\"@id\":\"https:\/\/vapebulkp.com\/#organization\"},\"potentialAction\":[{\"@type\":\"SearchAction\",\"target\":{\"@type\":\"EntryPoint\",\"urlTemplate\":\"https:\/\/vapebulkp.com\/?s={search_term_string}\"},\"query-input\":\"required name=search_term_string\"}],\"inLanguage\":\"sv-SE\"},{\"@type\":\"Organization\",\"@id\":\"https:\/\/vapebulkp.com\/#organization\",\"name\":\"vapebulkp.com\",\"url\":\"https:\/\/vapebulkp.com\/\",\"logo\":{\"@type\":\"ImageObject\",\"inLanguage\":\"sv-SE\",\"@id\":\"https:\/\/vapebulkp.com\/#\/schema\/logo\/image\/\",\"url\":\"https:\/\/vapebulkp.com\/wp-content\/uploads\/2023\/09\/cropped-vapebulkp.png\",\"contentUrl\":\"https:\/\/vapebulkp.com\/wp-content\/uploads\/2023\/09\/cropped-vapebulkp.png\",\"width\":516,\"height\":163,\"caption\":\"vapebulkp.com\"},\"image\":{\"@id\":\"https:\/\/vapebulkp.com\/#\/schema\/logo\/image\/\"}}]}<\/script>\n<!-- \/ Yoast SEO plugin. -->","yoast_head_json":{"title":"RAZZ BAR 25000 Puffs Wholesale Price Vape EU Warehouse - vapebulkp.com","description":"Stock the RAZZ BAR 25000 Puffs vape with EU warehouse availability! Features 650mAh rechargeable battery, Type-C charging, 16 flavors. Perfect for bulk orders.","robots":{"index":"index","follow":"follow","max-snippet":"max-snippet:-1","max-image-preview":"max-image-preview:large","max-video-preview":"max-video-preview:-1"},"canonical":"https:\/\/vapebulkp.com\/sv\/product\/razz-bar-25000-puffs-wholesale-price-vape-eu-warehouse\/","og_locale":"sv_SE","og_type":"article","og_title":"RAZZ BAR 25000 Puffs Wholesale Price Vape EU Warehouse - vapebulkp.com","og_description":"Stock the RAZZ BAR 25000 Puffs vape with EU warehouse availability! Features 650mAh rechargeable battery, Type-C charging, 16 flavors. Perfect for bulk orders.","og_url":"https:\/\/vapebulkp.com\/sv\/product\/razz-bar-25000-puffs-wholesale-price-vape-eu-warehouse\/","og_site_name":"vapebulkp.com","article_modified_time":"2025-09-24T03:06:40+00:00","og_image":[{"width":800,"height":800,"url":"http:\/\/vapebulkp.com\/wp-content\/uploads\/2025\/01\/RAZZ-BAR-25000-Puffs-Lemon-Lime.webp","type":"image\/webp"}],"twitter_card":"summary_large_image","twitter_misc":{"Ber\u00e4knad l\u00e4stid":"4 minuter"},"schema":{"@context":"https:\/\/schema.org","@graph":[{"@type":"WebPage","@id":"https:\/\/vapebulkp.com\/product\/razz-bar-25000-puffs-wholesale-price-vape-eu-warehouse\/","url":"https:\/\/vapebulkp.com\/product\/razz-bar-25000-puffs-wholesale-price-vape-eu-warehouse\/","name":"RAZZ BAR 25000 Puffs Wholesale Price Vape EU Warehouse - vapebulkp.com","isPartOf":{"@id":"https:\/\/vapebulkp.com\/#website"},"datePublished":"2025-01-03T08:08:05+00:00","dateModified":"2025-09-24T03:06:40+00:00","description":"Stock the RAZZ BAR 25000 Puffs vape with EU warehouse availability! Features 650mAh rechargeable battery, Type-C charging, 16 flavors. Perfect for bulk orders.","breadcrumb":{"@id":"https:\/\/vapebulkp.com\/product\/razz-bar-25000-puffs-wholesale-price-vape-eu-warehouse\/#breadcrumb"},"inLanguage":"sv-SE","potentialAction":[{"@type":"ReadAction","target":["https:\/\/vapebulkp.com\/product\/razz-bar-25000-puffs-wholesale-price-vape-eu-warehouse\/"]}]},{"@type":"BreadcrumbList","@id":"https:\/\/vapebulkp.com\/product\/razz-bar-25000-puffs-wholesale-price-vape-eu-warehouse\/#breadcrumb","itemListElement":[{"@type":"ListItem","position":1,"name":"Home","item":"https:\/\/vapebulkp.com\/"},{"@type":"ListItem","position":2,"name":"Hot Trend Vapes","item":"https:\/\/vapebulkp.com\/vape-shop\/"},{"@type":"ListItem","position":3,"name":"RAZZ BAR 25000 Puffs Wholesale Price Vape EU Warehouse"}]},{"@type":"WebSite","@id":"https:\/\/vapebulkp.com\/#website","url":"https:\/\/vapebulkp.com\/","name":"vapebulkp.com","description":"Buy Vape In Cheap Bulk Price Near you","publisher":{"@id":"https:\/\/vapebulkp.com\/#organization"},"potentialAction":[{"@type":"SearchAction","target":{"@type":"EntryPoint","urlTemplate":"https:\/\/vapebulkp.com\/?s={search_term_string}"},"query-input":"required name=search_term_string"}],"inLanguage":"sv-SE"},{"@type":"Organization","@id":"https:\/\/vapebulkp.com\/#organization","name":"vapebulkp.com","url":"https:\/\/vapebulkp.com\/","logo":{"@type":"ImageObject","inLanguage":"sv-SE","@id":"https:\/\/vapebulkp.com\/#\/schema\/logo\/image\/","url":"https:\/\/vapebulkp.com\/wp-content\/uploads\/2023\/09\/cropped-vapebulkp.png","contentUrl":"https:\/\/vapebulkp.com\/wp-content\/uploads\/2023\/09\/cropped-vapebulkp.png","width":516,"height":163,"caption":"vapebulkp.com"},"image":{"@id":"https:\/\/vapebulkp.com\/#\/schema\/logo\/image\/"}}]}},"uagb_featured_image_src":{"full":["https:\/\/vapebulkp.com\/wp-content\/uploads\/2025\/01\/RAZZ-BAR-25000-Puffs-Lemon-Lime.webp",800,800,false],"thumbnail":["https:\/\/vapebulkp.com\/wp-content\/uploads\/2025\/01\/RAZZ-BAR-25000-Puffs-Lemon-Lime-150x150.webp",150,150,true],"medium":["https:\/\/vapebulkp.com\/wp-content\/uploads\/2025\/01\/RAZZ-BAR-25000-Puffs-Lemon-Lime-300x300.webp",300,300,true],"medium_large":["https:\/\/vapebulkp.com\/wp-content\/uploads\/2025\/01\/RAZZ-BAR-25000-Puffs-Lemon-Lime-768x768.webp",768,768,true],"large":["https:\/\/vapebulkp.com\/wp-content\/uploads\/2025\/01\/RAZZ-BAR-25000-Puffs-Lemon-Lime.webp",800,800,false],"1536x1536":["https:\/\/vapebulkp.com\/wp-content\/uploads\/2025\/01\/RAZZ-BAR-25000-Puffs-Lemon-Lime.webp",800,800,false],"2048x2048":["https:\/\/vapebulkp.com\/wp-content\/uploads\/2025\/01\/RAZZ-BAR-25000-Puffs-Lemon-Lime.webp",800,800,false],"trp-custom-language-flag":["https:\/\/vapebulkp.com\/wp-content\/uploads\/2025\/01\/RAZZ-BAR-25000-Puffs-Lemon-Lime.webp",12,12,false],"woocommerce_thumbnail":["https:\/\/vapebulkp.com\/wp-content\/uploads\/2025\/01\/RAZZ-BAR-25000-Puffs-Lemon-Lime-300x300.webp",300,300,true],"woocommerce_single":["https:\/\/vapebulkp.com\/wp-content\/uploads\/2025\/01\/RAZZ-BAR-25000-Puffs-Lemon-Lime-600x600.webp",600,600,true],"woocommerce_gallery_thumbnail":["https:\/\/vapebulkp.com\/wp-content\/uploads\/2025\/01\/RAZZ-BAR-25000-Puffs-Lemon-Lime-100x100.webp",100,100,true],"wcpr-photo-reviews":["https:\/\/vapebulkp.com\/wp-content\/uploads\/2025\/01\/RAZZ-BAR-25000-Puffs-Lemon-Lime.webp",500,500,false]},"uagb_author_info":{"display_name":"Mandy vape bulk price","author_link":"https:\/\/vapebulkp.com\/sv\/author\/"},"uagb_comment_info":0,"uagb_excerpt":"Razz Bar 25000 Puffs: Features 2\/5% salt nicotine, 25,000 puffs, 650mAh rechargeable battery, mesh coil, Type-C charging, 16 flavors, and 200 pcs per carton for ultimate convenience. Pls Contact Mandy's WhatsApp For Discount Price+8618077105796 NOTE: Prices on our website does not include shipping costs &nbsp;","_links":{"self":[{"href":"https:\/\/vapebulkp.com\/sv\/wp-json\/wp\/v2\/product\/3344","targetHints":{"allow":["GET"]}}],"collection":[{"href":"https:\/\/vapebulkp.com\/sv\/wp-json\/wp\/v2\/product"}],"about":[{"href":"https:\/\/vapebulkp.com\/sv\/wp-json\/wp\/v2\/types\/product"}],"replies":[{"embeddable":true,"href":"https:\/\/vapebulkp.com\/sv\/wp-json\/wp\/v2\/comments?post=3344"}],"wp:featuredmedia":[{"embeddable":true,"href":"https:\/\/vapebulkp.com\/sv\/wp-json\/wp\/v2\/media\/3340"}],"wp:attachment":[{"href":"https:\/\/vapebulkp.com\/sv\/wp-json\/wp\/v2\/media?parent=3344"}],"wp:term":[{"taxonomy":"product_cat","embeddable":true,"href":"https:\/\/vapebulkp.com\/sv\/wp-json\/wp\/v2\/product_cat?post=3344"},{"taxonomy":"product_tag","embeddable":true,"href":"https:\/\/vapebulkp.com\/sv\/wp-json\/wp\/v2\/product_tag?post=3344"}],"curies":[{"name":"wp","href":"https:\/\/api.w.org\/{rel}","templated":true}]}}