{"id":3363,"date":"2025-01-24T07:22:03","date_gmt":"2025-01-24T06:22:03","guid":{"rendered":"https:\/\/vapebulkp.com\/?post_type=product&#038;p=3363"},"modified":"2025-09-16T11:30:11","modified_gmt":"2025-09-16T09:30:11","slug":"buying-bood-twins-46000-puffs-vape-bar-wholesale-price","status":"publish","type":"product","link":"https:\/\/vapebulkp.com\/sv\/product\/buying-bood-twins-46000-puffs-vape-bar-wholesale-price\/","title":{"rendered":"K\u00f6p Bood Twins 46000 Puffs Vape Bar Grossistpris"},"content":{"rendered":"<h2 style=\"text-align: left\">K\u00f6p Bood Twins 46000 Puffs Vape Bar Grossistpris<\/h2>\n<p>Den <strong>Bood Twins 46000 Puffar Vape Bar<\/strong> \u00e4r en revolutionerande eng\u00e5ngs-e-cigarett designad f\u00f6r vapers som kr\u00e4ver premiumkvalitet, ut\u00f6kad anv\u00e4ndning och o\u00f6vertr\u00e4ffad smak. Denna h\u00f6gpresterande enhet erbjuder imponerande <strong>46 000 bloss<\/strong>, och har <strong>dubbla smaker i en vape<\/strong>, vilket g\u00f6r det m\u00f6jligt f\u00f6r anv\u00e4ndare att s\u00f6ml\u00f6st v\u00e4xla mellan tv\u00e5 distinkta smaker. Drivs av en avancerad <strong>meshspole<\/strong>, levererar den smidig \u00e5ngproduktion och intensiv smaks\u00e4kerhet vid varje bloss.<\/p>\n<p>En elegant <strong>helsk\u00e4rmsdisplay<\/strong> f\u00f6rb\u00e4ttrar vapingupplevelsen, ger realtidsinformation om antal bloss och batteritid. Utrustad med ett uppladdningsbart batteri, s\u00e4kerst\u00e4ller Bood Twins konsekvent prestanda \u00e4nda till sista blosset. Dess ergonomiska design och h\u00e5llbara konstruktion g\u00f6r den idealisk f\u00f6r l\u00e5ngvarig anv\u00e4ndning, oavsett om det \u00e4r f\u00f6r personligt n\u00f6je eller sociala tillf\u00e4llen.<\/p>\n<p>Perfekt f\u00f6r <strong>partik\u00f6pare<\/strong>, \u00e4r Bood Twins 46000 Puffs Vape Bar tillg\u00e4nglig till konkurrenskraftiga priser p\u00e5 <strong>Vapebulkp.com<\/strong>. \u00c5terf\u00f6rs\u00e4ljare och stork\u00f6pare kan dra nytta av dess <strong>efterfr\u00e5gade funktioner<\/strong> och <strong>\u00f6verensst\u00e4mmelse med europeiska vapingstandarder<\/strong>, vilket garanterar kvalitet och s\u00e4kerhet.<\/p>\n<p>F\u00f6rh\u00f6j din vapingupplevelse med Bood Twins\u2014en <strong>lyxig 46000 Puffs eng\u00e5ngs vape<\/strong> som kombinerar innovation, funktionalitet och stil, vilket g\u00f6r den till ett m\u00e5ste f\u00f6r varje vaping-entusiast.<\/p>\n<h6>Kontakta Mandy via WhatsApp f\u00f6r rabatterat pris<a href=\"https:\/\/wa.me\/8618077105796\">+8618077105796<\/a><\/h6>\n<p><img decoding=\"async\" class=\"alignnone wp-image-2151\" src=\"http:\/\/vapebulkp.com\/wp-content\/uploads\/2024\/04\/Mandy-WhatsApp-Randm.jpg\" alt=\"Mandy WhatsApp Randm\" width=\"324\" height=\"330\" \/><\/p>\n<div class=\"flex max-w-full flex-col flex-grow\">\n<div class=\"min-h-8 text-message flex w-full flex-col items-end gap-2 whitespace-normal break-words text-start [.text-message+&amp;]:mt-5\" dir=\"auto\" data-message-author-role=\"assistant\" data-message-id=\"d24cf626-c018-4805-80f5-44de047f2ba0\" data-message-model-slug=\"gpt-4o\">\n<div class=\"flex w-full flex-col gap-1 empty:hidden first:pt-[3px]\">\n<div class=\"markdown prose w-full break-words dark:prose-invert light\">\n<h2>Varf\u00f6r v\u00e4lja Bood Twins 46000 Puffs<strong> Stora Bloss Vapes <\/strong>at <a href=\"https:\/\/vapebulkp.com\/sv\/vape-shop\/\">Vapebulkp.com<\/a>?<\/h2>\n<ul>\n<li><strong>O\u00f6vertr\u00e4ffad livsl\u00e4ngd:<\/strong> Njut av upp till 46 000 puffar med Bood Twins, som erbjuder otroligt v\u00e4rde och l\u00e5ngvarig prestanda f\u00f6r vardagsvaping.<\/li>\n<li><strong>Dubbla smaker i en enhet:<\/strong> V\u00e4xla mellan tv\u00e5 distinkta smaker utan anstr\u00e4ngning, vilket ger en m\u00e5ngsidig och tillfredsst\u00e4llande vapingupplevelse i en elegant enhet.<\/li>\n<li><strong>Banbrytande teknik:<\/strong> Utrustad med en h\u00f6gpresterande mesh-coil, s\u00e4kerst\u00e4ller Bood Twins VAPES optimal \u00e5ngproduktion och rika smakprofiler.<\/li>\n<li><strong>Helsk\u00e4rmsdisplay:<\/strong> \u00d6vervaka batteritid, puffantal och andra detaljer med ett levande gr\u00e4nssnitt i helsk\u00e4rm f\u00f6r ultimat bekv\u00e4mlighet.<\/li>\n<li><strong>Premiumkvalitetss\u00e4kring:<\/strong> P\u00e5 Vapebulkp.com kommer varje produkt fr\u00e5n p\u00e5litliga tillverkare, vilket garanterar tillf\u00f6rlitlighet och kundn\u00f6jdhet.<\/li>\n<li><strong>Prisv\u00e4rd masspriss\u00e4ttning:<\/strong> Dra nytta av grossistpriser f\u00f6r att spara mer n\u00e4r du k\u00f6per i bulk, perfekt f\u00f6r b\u00e5de \u00e5terf\u00f6rs\u00e4ljare och frekventa anv\u00e4ndare.<\/li>\n<li><strong>Snabb frakt till Sverige:<\/strong> Vapebulkp.com s\u00e4kerst\u00e4ller snabb leverans inom Sverige, vilket g\u00f6r det enkelt att fylla p\u00e5 med de senaste h\u00f6gkvalitativa vapes.<\/li>\n<\/ul>\n<h2><\/h2>\n<h2><strong>Bood Twins 46000 Puffs Vape Specifikationer:<\/strong><\/h2>\n<ul>\n<li><strong>Puffar:<\/strong> Upp till 46 000<\/li>\n<li><strong>Produktnamn:<\/strong> Bood Twins 46K Puff Eng\u00e5ngsvape<\/li>\n<li><strong>Spoltyp:<\/strong> Avancerad mesh-coil f\u00f6r f\u00f6rb\u00e4ttrad smak- och \u00e5ngproduktion<\/li>\n<li><strong>Funktion:<\/strong> Dubbla smaker i en enhet f\u00f6r en unik vapingupplevelse<\/li>\n<li><strong>Sk\u00e4rm:<\/strong> Helsk\u00e4rmsdisplay f\u00f6r enkel \u00f6vervakning<\/li>\n<\/ul>\n<\/div>\n<\/div>\n<\/div>\n<\/div>\n<ul>\n<li style=\"list-style-type: none\"><\/li>\n<\/ul>\n<h2><strong>Bood Twins 46000 Puffs Smaklista<\/strong><\/h2>\n<p>1.Vattenmelon<br \/>\n2.\u00c4pple<br \/>\n3.Lime<br \/>\n4.Gr\u00f6nt \u00e4pple<br \/>\n5.Bl\u00e5b\u00e4r sur hallon<br \/>\n6.Svarta vinb\u00e4r hallon<br \/>\n7.Persika Mango<br \/>\n8.Vindruva<br \/>\n9.Pink Lemonade<br \/>\n10.Gr\u00f6n Druva<\/p>\n<p><a href=\"https:\/\/vapebulkp.com\/sv\/product\/razz-bar-25000-puffs-wholesale-price-vape-eu-warehouse\/\"><span style=\"vertical-align: inherit\">RAZZBAR 25000 Puffs <\/span><\/a><\/p>\n<p><span style=\"vertical-align: inherit\">Hitta fler produkter du kanske gillar:<\/span><em><a href=\"https:\/\/wa.me\/8618077105796\"><span style=\"vertical-align: inherit\">\u00a0K\u00f6p nu<\/span><\/a><\/em><\/p>\n<p><span style=\"vertical-align: inherit\">Andra Puffs du kanske gillar:<\/span><a href=\"https:\/\/vapebulkp.com\/sv\/product\/wholesale-price-bang-kingdoms-rex-32000-puffs-vape-pod\/\"><span style=\"vertical-align: inherit\">Bang Kingdoms 32000 Puffs<\/span><\/a><span style=\"vertical-align: inherit\">\u3001<\/span><a href=\"https:\/\/vapebulkp.com\/sv\/product\/bood-pulse-pro-25k-50k-disposable-vape-bar-5000-puffs-nicotine-free\/\"><span style=\"vertical-align: inherit\">Bood pulse pro 50000 Puffar<\/span><\/a><span style=\"vertical-align: inherit\">\/ <\/span><a href=\"https:\/\/vapebulkp.com\/sv\/product\/vapsolo-best-quality-viking-12k-puffs-disposable-vapes\/\"><span style=\"vertical-align: inherit\">Vapsolo viking 12000 Puffar<\/span><\/a><span style=\"vertical-align: inherit\">\/ <\/span><a href=\"https:\/\/vapebulkp.com\/sv\/product\/waspe-vape-40000-puff-fihp-double-flavour-disposable-vape\/\"><span style=\"vertical-align: inherit\">WASPE 40000 Puffs<\/span><\/a><\/p>\n<p><span style=\"vertical-align: inherit\">E-cigarettflaska med specialform:<\/span><a href=\"https:\/\/vapebulkp.com\/sv\/product\/vapsolo-feed-bar-shisha-vape-15000-puffs-wholesale-price\/\"><span style=\"vertical-align: inherit\"> Vapsolo shisha 15000 Puffar<\/span><\/a><span style=\"vertical-align: inherit\">\/ <\/span><a href=\"https:\/\/vapebulkp.com\/sv\/product\/vopk-ultra-30000-puffs-rgb-light-mesh-coil-rechargeable-vape-wholesale-price\/\"><span style=\"vertical-align: inherit\">\u00a0VOPK ULTRA 30000 Puffar <\/span><\/a><span style=\"vertical-align: inherit\">\/<\/span><a href=\"https:\/\/vapebulkp.com\/sv\/product\/uwin-tornado-music-35k-puffs-vape-wholesale-nicotine-free\/\"><span style=\"vertical-align: inherit\"> UWIN Tornado Music 35000 bloss<\/span><\/a><\/p>\n<h2><\/h2>\n<h3>Vanliga fr\u00e5gor f\u00f6r Bood Twins 46000 Puffs Eng\u00e5ngsvapes<\/h3>\n<ol>\n<li><strong>Var kan jag k\u00f6pa Bood Twins 46000 Puffs Hot Sale Vape?<\/strong><br \/>\nBood Twins finns tillg\u00e4nglig p\u00e5 Vapebulkp.com, d\u00e4r du kan hitta konkurrenskraftiga priser, autentiska produkter och snabb frakt inom Europa.<\/li>\n<li><strong>Hur fungerar funktionen med dubbla smaker?<\/strong><br \/>\nEnheten l\u00e5ter dig njuta av tv\u00e5 olika smaker i en och samma vape. Du kan enkelt v\u00e4xla mellan smakerna med en omkopplingsfunktion, vilket ger m\u00e5ngsidighet i varje puff.<\/li>\n<li><strong>Vilken typ av coil anv\u00e4nder Bood Vape Twins 46000puff?<\/strong><br \/>\nBood Twins \u00e4r utrustad med en avancerad mesh coil som s\u00e4kerst\u00e4ller en rik, konsekvent smak och en j\u00e4mn vapingupplevelse.<\/li>\n<li><strong>\u00c4r Vape Pods Bood Twins 46000 Puffs uppladdningsbar?<\/strong><br \/>\nJa, Bood Twins har ett uppladdningsbart batteri f\u00f6r att s\u00e4kerst\u00e4lla att du kan anv\u00e4nda enheten f\u00f6r dess fulla 46 000 puffar utan avbrott.<\/li>\n<\/ol>\n<h3>Leveransdetaljer:<\/h3>\n<p><span style=\"color: #ff6600\">Produktionstid: 5-10 arbetsdagar<\/span><br \/>\n<span style=\"color: #ff6600\">Leveranstid: 8-14 arbetsdagar<\/span><\/p>\n<p>Alla produkter i v\u00e5r butik \u00e4r 100% originala och autentiska, d\u00e4rf\u00f6r \u00e4r Tiofaldig ers\u00e4ttning f\u00f6r falska varor v\u00e5r butikspolicy. Vi anv\u00e4nder logistikkanaler som UPS\/DHL\/FEDEX\/DPD f\u00f6r att leverera varor till dig.<\/p>\n<p>F\u00f6r paket som skickas inom Sverige tar det vanligtvis 10 arbetsdagar att anl\u00e4nda. Leveranser till andra europeiska l\u00e4nder tar vanligtvis 12 till 15 arbetsdagar att anl\u00e4nda. Vi uppdaterar logistikinformationen f\u00f6r dig i realtid.<\/p>","protected":false},"excerpt":{"rendered":"<div class=\"flex-shrink-0 flex flex-col relative items-end\">\n<div class=\"pt-0\">\n<div class=\"gizmo-bot-avatar flex h-8 w-8 items-center justify-center overflow-hidden rounded-full\">\n<div class=\"relative p-1 rounded-sm flex items-center justify-center bg-token-main-surface-primary text-token-text-primary h-8 w-8\">Bood Twins 46000 Puffs Vape Bar till partipriser p\u00e5 Vapebulkp.com. Med dubbla smaker, avancerad mesh coil-teknologi, 46 000 bloss och en elegant helsk\u00e4rmsdisplay. Perfekt f\u00f6r stork\u00f6pare som s\u00f6ker premium vaping-l\u00f6sningar.<\/div>\n<\/div>\n<\/div>\n<\/div>\n<p>Kontakta Mandy via WhatsApp f\u00f6r rabatterat pris<a href=\"https:\/\/wa.me\/8618077105796\">+8618077105796<\/a><\/p>\n<p><img decoding=\"async\" class=\"alignnone wp-image-2151\" src=\"http:\/\/vapebulkp.com\/wp-content\/uploads\/2024\/04\/Mandy-WhatsApp-Randm.jpg\" alt=\"Mandy WhatsApp Randm\" width=\"297\" height=\"316\" srcset=\"https:\/\/vapebulkp.com\/wp-content\/uploads\/2024\/04\/Mandy-WhatsApp-Randm.jpg 916w, https:\/\/vapebulkp.com\/wp-content\/uploads\/2024\/04\/Mandy-WhatsApp-Randm-282x300.jpg 282w, https:\/\/vapebulkp.com\/wp-content\/uploads\/2024\/04\/Mandy-WhatsApp-Randm-768x817.jpg 768w, https:\/\/vapebulkp.com\/wp-content\/uploads\/2024\/04\/Mandy-WhatsApp-Randm-600x638.jpg 600w\" sizes=\"(max-width: 297px) 100vw, 297px\" \/><\/p>\n<p><span style=\"color: #ff0000\">OBS: Priserna p\u00e5 v\u00e5r webbplats inkluderar inte fraktkostnader<\/span><\/p>\n<p>&nbsp;<\/p>","protected":false},"featured_media":3360,"comment_status":"open","ping_status":"closed","template":"","meta":{"_uag_custom_page_level_css":"","_lmt_disableupdate":"no","_lmt_disable":"","site-sidebar-layout":"default","site-content-layout":"content-boxed-container","ast-site-content-layout":"normal-width-container","site-content-style":"boxed","site-sidebar-style":"unboxed","ast-global-header-display":"","ast-banner-title-visibility":"","ast-main-header-display":"","ast-hfb-above-header-display":"","ast-hfb-below-header-display":"","ast-hfb-mobile-header-display":"","site-post-title":"","ast-breadcrumbs-content":"","ast-featured-img":"","footer-sml-layout":"","theme-transparent-header-meta":"default","adv-header-id-meta":"","stick-header-meta":"","header-above-stick-meta":"","header-main-stick-meta":"","header-below-stick-meta":"","astra-migrate-meta-layouts":"set","_joinchat":[]},"product_cat":[199,153,155,346,33,59,100,87,34,158,157,154,152,58,84,156,63,32],"product_tag":[200,36,37,41,40],"class_list":["post-3363","product","type-product","status-publish","has-post-thumbnail","hentry","product_cat-46000-puffs-disposable-vape","product_cat-hot-disposable-vapes","product_cat-belgium-hot-disposable-vapes","product_cat-bood-vapes","product_cat-france-vape-hot-sale","product_cat-germany-hot-disposable-vape","product_cat-germany-wholesale-vape-shop","product_cat-minimum-order-quantity-50pcs","product_cat-netherlands-vape-good-sale","product_cat-norway-hot-disposable-vapes","product_cat-poland-hot-disposable-vapes","product_cat-portugal-hot-disposable-vapes","product_cat-spain-hot-disposable-vapes","product_cat-sweden-hot-disposable-vape","product_cat-sweden-wholesale-vape","product_cat-switzerland-hot-disposable-vapes","product_cat-top-sale-disposable-vape","product_cat-vape-hot-sale-this-week","product_tag-bood-twins-46000-puffs","product_tag-good-vape","product_tag-hot-sale-disposable-vape","product_tag-poland-hot-vape","product_tag-sweden-hot-vape","pa_brand-bood-vape","desktop-align-left","tablet-align-left","mobile-align-left"],"yoast_head":"<!-- This site is optimized with the Yoast SEO plugin v21.1 - https:\/\/yoast.com\/wordpress\/plugins\/seo\/ -->\n<title>Buying Bood Twins 46000 Puffs Vape Bar Wholesale Price - vapebulkp.com<\/title>\n<meta name=\"description\" content=\"Shop the premium Bood Twins 46000 Puffs Disposable Vape Bar with dual flavors, advanced mesh coil, and full-screen display. Perfect for wholesale buyers. Shop now at Vapebulkp.com!\" \/>\n<meta name=\"robots\" content=\"index, follow, max-snippet:-1, max-image-preview:large, max-video-preview:-1\" \/>\n<link rel=\"canonical\" href=\"https:\/\/vapebulkp.com\/sv\/product\/buying-bood-twins-46000-puffs-vape-bar-wholesale-price\/\" \/>\n<meta property=\"og:locale\" content=\"sv_SE\" \/>\n<meta property=\"og:type\" content=\"article\" \/>\n<meta property=\"og:title\" content=\"Buying Bood Twins 46000 Puffs Vape Bar Wholesale Price - vapebulkp.com\" \/>\n<meta property=\"og:description\" content=\"Shop the premium Bood Twins 46000 Puffs Disposable Vape Bar with dual flavors, advanced mesh coil, and full-screen display. Perfect for wholesale buyers. Shop now at Vapebulkp.com!\" \/>\n<meta property=\"og:url\" content=\"https:\/\/vapebulkp.com\/sv\/product\/buying-bood-twins-46000-puffs-vape-bar-wholesale-price\/\" \/>\n<meta property=\"og:site_name\" content=\"vapebulkp.com\" \/>\n<meta property=\"article:modified_time\" content=\"2025-09-16T09:30:11+00:00\" \/>\n<meta property=\"og:image\" content=\"http:\/\/vapebulkp.com\/wp-content\/uploads\/2025\/01\/Bood-Twins-46000-Puffs-Top-Sale-Vape-In-UK.webp\" \/>\n\t<meta property=\"og:image:width\" content=\"800\" \/>\n\t<meta property=\"og:image:height\" content=\"800\" \/>\n\t<meta property=\"og:image:type\" content=\"image\/webp\" \/>\n<meta name=\"twitter:card\" content=\"summary_large_image\" \/>\n<meta name=\"twitter:label1\" content=\"Ber\u00e4knad l\u00e4stid\" \/>\n\t<meta name=\"twitter:data1\" content=\"4 minuter\" \/>\n<script type=\"application\/ld+json\" class=\"yoast-schema-graph\">{\"@context\":\"https:\/\/schema.org\",\"@graph\":[{\"@type\":\"WebPage\",\"@id\":\"https:\/\/vapebulkp.com\/product\/buying-bood-twins-46000-puffs-vape-bar-wholesale-price\/\",\"url\":\"https:\/\/vapebulkp.com\/product\/buying-bood-twins-46000-puffs-vape-bar-wholesale-price\/\",\"name\":\"Buying Bood Twins 46000 Puffs Vape Bar Wholesale Price - vapebulkp.com\",\"isPartOf\":{\"@id\":\"https:\/\/vapebulkp.com\/#website\"},\"datePublished\":\"2025-01-24T06:22:03+00:00\",\"dateModified\":\"2025-09-16T09:30:11+00:00\",\"description\":\"Shop the premium Bood Twins 46000 Puffs Disposable Vape Bar with dual flavors, advanced mesh coil, and full-screen display. Perfect for wholesale buyers. Shop now at Vapebulkp.com!\",\"breadcrumb\":{\"@id\":\"https:\/\/vapebulkp.com\/product\/buying-bood-twins-46000-puffs-vape-bar-wholesale-price\/#breadcrumb\"},\"inLanguage\":\"sv-SE\",\"potentialAction\":[{\"@type\":\"ReadAction\",\"target\":[\"https:\/\/vapebulkp.com\/product\/buying-bood-twins-46000-puffs-vape-bar-wholesale-price\/\"]}]},{\"@type\":\"BreadcrumbList\",\"@id\":\"https:\/\/vapebulkp.com\/product\/buying-bood-twins-46000-puffs-vape-bar-wholesale-price\/#breadcrumb\",\"itemListElement\":[{\"@type\":\"ListItem\",\"position\":1,\"name\":\"Home\",\"item\":\"https:\/\/vapebulkp.com\/\"},{\"@type\":\"ListItem\",\"position\":2,\"name\":\"Hot Trend Vapes\",\"item\":\"https:\/\/vapebulkp.com\/vape-shop\/\"},{\"@type\":\"ListItem\",\"position\":3,\"name\":\"Buying Bood Twins 46000 Puffs Vape Bar Wholesale Price\"}]},{\"@type\":\"WebSite\",\"@id\":\"https:\/\/vapebulkp.com\/#website\",\"url\":\"https:\/\/vapebulkp.com\/\",\"name\":\"vapebulkp.com\",\"description\":\"Buy Vape In Cheap Bulk Price Near you\",\"publisher\":{\"@id\":\"https:\/\/vapebulkp.com\/#organization\"},\"potentialAction\":[{\"@type\":\"SearchAction\",\"target\":{\"@type\":\"EntryPoint\",\"urlTemplate\":\"https:\/\/vapebulkp.com\/?s={search_term_string}\"},\"query-input\":\"required name=search_term_string\"}],\"inLanguage\":\"sv-SE\"},{\"@type\":\"Organization\",\"@id\":\"https:\/\/vapebulkp.com\/#organization\",\"name\":\"vapebulkp.com\",\"url\":\"https:\/\/vapebulkp.com\/\",\"logo\":{\"@type\":\"ImageObject\",\"inLanguage\":\"sv-SE\",\"@id\":\"https:\/\/vapebulkp.com\/#\/schema\/logo\/image\/\",\"url\":\"https:\/\/vapebulkp.com\/wp-content\/uploads\/2023\/09\/cropped-vapebulkp.png\",\"contentUrl\":\"https:\/\/vapebulkp.com\/wp-content\/uploads\/2023\/09\/cropped-vapebulkp.png\",\"width\":516,\"height\":163,\"caption\":\"vapebulkp.com\"},\"image\":{\"@id\":\"https:\/\/vapebulkp.com\/#\/schema\/logo\/image\/\"}}]}<\/script>\n<!-- \/ Yoast SEO plugin. -->","yoast_head_json":{"title":"Buying Bood Twins 46000 Puffs Vape Bar Wholesale Price - vapebulkp.com","description":"Shop the premium Bood Twins 46000 Puffs Disposable Vape Bar with dual flavors, advanced mesh coil, and full-screen display. Perfect for wholesale buyers. Shop now at Vapebulkp.com!","robots":{"index":"index","follow":"follow","max-snippet":"max-snippet:-1","max-image-preview":"max-image-preview:large","max-video-preview":"max-video-preview:-1"},"canonical":"https:\/\/vapebulkp.com\/sv\/product\/buying-bood-twins-46000-puffs-vape-bar-wholesale-price\/","og_locale":"sv_SE","og_type":"article","og_title":"Buying Bood Twins 46000 Puffs Vape Bar Wholesale Price - vapebulkp.com","og_description":"Shop the premium Bood Twins 46000 Puffs Disposable Vape Bar with dual flavors, advanced mesh coil, and full-screen display. Perfect for wholesale buyers. Shop now at Vapebulkp.com!","og_url":"https:\/\/vapebulkp.com\/sv\/product\/buying-bood-twins-46000-puffs-vape-bar-wholesale-price\/","og_site_name":"vapebulkp.com","article_modified_time":"2025-09-16T09:30:11+00:00","og_image":[{"width":800,"height":800,"url":"http:\/\/vapebulkp.com\/wp-content\/uploads\/2025\/01\/Bood-Twins-46000-Puffs-Top-Sale-Vape-In-UK.webp","type":"image\/webp"}],"twitter_card":"summary_large_image","twitter_misc":{"Ber\u00e4knad l\u00e4stid":"4 minuter"},"schema":{"@context":"https:\/\/schema.org","@graph":[{"@type":"WebPage","@id":"https:\/\/vapebulkp.com\/product\/buying-bood-twins-46000-puffs-vape-bar-wholesale-price\/","url":"https:\/\/vapebulkp.com\/product\/buying-bood-twins-46000-puffs-vape-bar-wholesale-price\/","name":"Buying Bood Twins 46000 Puffs Vape Bar Wholesale Price - vapebulkp.com","isPartOf":{"@id":"https:\/\/vapebulkp.com\/#website"},"datePublished":"2025-01-24T06:22:03+00:00","dateModified":"2025-09-16T09:30:11+00:00","description":"Shop the premium Bood Twins 46000 Puffs Disposable Vape Bar with dual flavors, advanced mesh coil, and full-screen display. Perfect for wholesale buyers. Shop now at Vapebulkp.com!","breadcrumb":{"@id":"https:\/\/vapebulkp.com\/product\/buying-bood-twins-46000-puffs-vape-bar-wholesale-price\/#breadcrumb"},"inLanguage":"sv-SE","potentialAction":[{"@type":"ReadAction","target":["https:\/\/vapebulkp.com\/product\/buying-bood-twins-46000-puffs-vape-bar-wholesale-price\/"]}]},{"@type":"BreadcrumbList","@id":"https:\/\/vapebulkp.com\/product\/buying-bood-twins-46000-puffs-vape-bar-wholesale-price\/#breadcrumb","itemListElement":[{"@type":"ListItem","position":1,"name":"Home","item":"https:\/\/vapebulkp.com\/"},{"@type":"ListItem","position":2,"name":"Hot Trend Vapes","item":"https:\/\/vapebulkp.com\/vape-shop\/"},{"@type":"ListItem","position":3,"name":"Buying Bood Twins 46000 Puffs Vape Bar Wholesale Price"}]},{"@type":"WebSite","@id":"https:\/\/vapebulkp.com\/#website","url":"https:\/\/vapebulkp.com\/","name":"vapebulkp.com","description":"Buy Vape In Cheap Bulk Price Near you","publisher":{"@id":"https:\/\/vapebulkp.com\/#organization"},"potentialAction":[{"@type":"SearchAction","target":{"@type":"EntryPoint","urlTemplate":"https:\/\/vapebulkp.com\/?s={search_term_string}"},"query-input":"required name=search_term_string"}],"inLanguage":"sv-SE"},{"@type":"Organization","@id":"https:\/\/vapebulkp.com\/#organization","name":"vapebulkp.com","url":"https:\/\/vapebulkp.com\/","logo":{"@type":"ImageObject","inLanguage":"sv-SE","@id":"https:\/\/vapebulkp.com\/#\/schema\/logo\/image\/","url":"https:\/\/vapebulkp.com\/wp-content\/uploads\/2023\/09\/cropped-vapebulkp.png","contentUrl":"https:\/\/vapebulkp.com\/wp-content\/uploads\/2023\/09\/cropped-vapebulkp.png","width":516,"height":163,"caption":"vapebulkp.com"},"image":{"@id":"https:\/\/vapebulkp.com\/#\/schema\/logo\/image\/"}}]}},"uagb_featured_image_src":{"full":["https:\/\/vapebulkp.com\/wp-content\/uploads\/2025\/01\/Bood-Twins-46000-Puffs-Top-Sale-Vape-In-UK.webp",800,800,false],"thumbnail":["https:\/\/vapebulkp.com\/wp-content\/uploads\/2025\/01\/Bood-Twins-46000-Puffs-Top-Sale-Vape-In-UK-150x150.webp",150,150,true],"medium":["https:\/\/vapebulkp.com\/wp-content\/uploads\/2025\/01\/Bood-Twins-46000-Puffs-Top-Sale-Vape-In-UK-300x300.webp",300,300,true],"medium_large":["https:\/\/vapebulkp.com\/wp-content\/uploads\/2025\/01\/Bood-Twins-46000-Puffs-Top-Sale-Vape-In-UK-768x768.webp",768,768,true],"large":["https:\/\/vapebulkp.com\/wp-content\/uploads\/2025\/01\/Bood-Twins-46000-Puffs-Top-Sale-Vape-In-UK.webp",800,800,false],"1536x1536":["https:\/\/vapebulkp.com\/wp-content\/uploads\/2025\/01\/Bood-Twins-46000-Puffs-Top-Sale-Vape-In-UK.webp",800,800,false],"2048x2048":["https:\/\/vapebulkp.com\/wp-content\/uploads\/2025\/01\/Bood-Twins-46000-Puffs-Top-Sale-Vape-In-UK.webp",800,800,false],"trp-custom-language-flag":["https:\/\/vapebulkp.com\/wp-content\/uploads\/2025\/01\/Bood-Twins-46000-Puffs-Top-Sale-Vape-In-UK.webp",12,12,false],"woocommerce_thumbnail":["https:\/\/vapebulkp.com\/wp-content\/uploads\/2025\/01\/Bood-Twins-46000-Puffs-Top-Sale-Vape-In-UK-300x300.webp",300,300,true],"woocommerce_single":["https:\/\/vapebulkp.com\/wp-content\/uploads\/2025\/01\/Bood-Twins-46000-Puffs-Top-Sale-Vape-In-UK-600x600.webp",600,600,true],"woocommerce_gallery_thumbnail":["https:\/\/vapebulkp.com\/wp-content\/uploads\/2025\/01\/Bood-Twins-46000-Puffs-Top-Sale-Vape-In-UK-100x100.webp",100,100,true],"wcpr-photo-reviews":["https:\/\/vapebulkp.com\/wp-content\/uploads\/2025\/01\/Bood-Twins-46000-Puffs-Top-Sale-Vape-In-UK.webp",500,500,false]},"uagb_author_info":{"display_name":"Mandy vape bulk price","author_link":"https:\/\/vapebulkp.com\/sv\/author\/"},"uagb_comment_info":0,"uagb_excerpt":"Bood Twins 46000 Puffs Vape Bar at wholesale prices on Vapebulkp.com. Featuring dual flavors, advanced mesh coil technology, 46,000 puffs, and a sleek full-screen display. Perfect for bulk buyers seeking premium vaping solutions. Pls Contact Mandy's WhatsApp For Discount Price+8618077105796 NOTE: Prices on our website does not include shipping costs &nbsp;","_links":{"self":[{"href":"https:\/\/vapebulkp.com\/sv\/wp-json\/wp\/v2\/product\/3363","targetHints":{"allow":["GET"]}}],"collection":[{"href":"https:\/\/vapebulkp.com\/sv\/wp-json\/wp\/v2\/product"}],"about":[{"href":"https:\/\/vapebulkp.com\/sv\/wp-json\/wp\/v2\/types\/product"}],"replies":[{"embeddable":true,"href":"https:\/\/vapebulkp.com\/sv\/wp-json\/wp\/v2\/comments?post=3363"}],"wp:featuredmedia":[{"embeddable":true,"href":"https:\/\/vapebulkp.com\/sv\/wp-json\/wp\/v2\/media\/3360"}],"wp:attachment":[{"href":"https:\/\/vapebulkp.com\/sv\/wp-json\/wp\/v2\/media?parent=3363"}],"wp:term":[{"taxonomy":"product_cat","embeddable":true,"href":"https:\/\/vapebulkp.com\/sv\/wp-json\/wp\/v2\/product_cat?post=3363"},{"taxonomy":"product_tag","embeddable":true,"href":"https:\/\/vapebulkp.com\/sv\/wp-json\/wp\/v2\/product_tag?post=3363"}],"curies":[{"name":"wp","href":"https:\/\/api.w.org\/{rel}","templated":true}]}}