{"id":3377,"date":"2025-01-31T10:42:57","date_gmt":"2025-01-31T09:42:57","guid":{"rendered":"https:\/\/vapebulkp.com\/?post_type=product&#038;p=3377"},"modified":"2025-09-24T05:20:24","modified_gmt":"2025-09-24T03:20:24","slug":"bang-tornado-40k-puffs-high-capacity-disposable-vape-pen","status":"publish","type":"product","link":"https:\/\/vapebulkp.com\/sv\/product\/bang-tornado-40k-puffs-high-capacity-disposable-vape-pen\/","title":{"rendered":"Bang Tornado 40K Puffs Eng\u00e5ngs-Vape med H\u00f6g Kapacitet"},"content":{"rendered":"<h2 style=\"text-align: left\">Bang Tornado 40K Puffs Eng\u00e5ngs-Vape med H\u00f6g Kapacitet<\/h2>\n<div class=\"flex max-w-full flex-col flex-grow\">\n<div class=\"min-h-8 text-message flex w-full flex-col items-end gap-2 whitespace-normal break-words text-start [.text-message+&amp;]:mt-5\" dir=\"auto\" data-message-author-role=\"assistant\" data-message-id=\"ebeef09e-6d27-4a31-bd63-f94c3e7cadb1\" data-message-model-slug=\"gpt-4o\">\n<div class=\"flex w-full flex-col gap-1 empty:hidden first:pt-[3px]\">\n<div class=\"markdown prose w-full break-words dark:prose-invert light\">\n<p>Den <strong>Grossist Vape Justerbar Effekt Bang Tornado 40000 Puff<\/strong> \u00e4r en premium eng\u00e5ngsvape, expertutformad f\u00f6r l\u00e5ngvarig anv\u00e4ndning och exceptionell prestanda. Med sin imponerande e-v\u00e4tskekapacitet p\u00e5 40 ml, erbjuder denna enhet otroliga 40 000 puffar, vilket g\u00f6r den idealisk f\u00f6r anv\u00e4ndare som f\u00f6redrar l\u00e5ngvarig vaping utan frekventa byten. Dessutom v\u00e4nder den sig till dem som s\u00f6ker bekv\u00e4mlighet och h\u00e5llbarhet i ett kompakt paket.<\/p>\n<p>Utrustad med ett 850mAh uppladdningsbart batteri, s\u00e4kerst\u00e4ller Bang Tornado <strong><a href=\"https:\/\/vapebulkp.com\/sv\/product-category\/40000-puffs-disposable-vape\/\">40000 Puffs Eng\u00e5ngsvape<\/a>\u00a0<\/strong> konsekvent kraft under hela sin anv\u00e4ndning. Dessutom st\u00f6der Type-C-laddningsporten snabb och effektiv uppladdning, vilket minimerar stillest\u00e5ndstid samtidigt som det s\u00e4kerst\u00e4ller oavbrutna vaping-sessioner. Dessa funktioner kombineras f\u00f6r att leverera en s\u00f6ml\u00f6s upplevelse \u00e4ven f\u00f6r de mest kr\u00e4vande anv\u00e4ndarna.<\/p>\n<p>Dessutom \u00e4r 0,5ohm tre mesh-spiralteknologin utformad f\u00f6r att ge j\u00e4mn \u00e5ngproduktion och intensiv smak. Oavsett om du njuter av en social h\u00e4ndelse, reser eller kopplar av hemma, levererar Tornado 40K konsekvent tillfredsst\u00e4llelse med varje puff. Dess \u00f6verl\u00e4gsna ingenj\u00f6rskonst f\u00f6rb\u00e4ttrar b\u00e5de prestanda och smak, vilket skiljer den fr\u00e5n konkurrenterna.<\/p>\n<p>Denna enhet \u00e4r designad f\u00f6r enkel anv\u00e4ndning och maximal bekv\u00e4mlighet och har \u00e4ven en justerbar effektfunktion. Detta g\u00f6r det m\u00f6jligt f\u00f6r anv\u00e4ndare att anpassa sin vaping-upplevelse, vilket g\u00f6r den till ett m\u00e5ngsidigt val f\u00f6r b\u00e5de nyb\u00f6rjare och erfarna vapers. Dessutom s\u00e4kerst\u00e4ller dess eleganta, ergonomiska design b\u00e5de stil och komfort under anv\u00e4ndning.<\/p>\n<p>Sammanfattningsvis, grossist I Vape Justerbar Effekt <strong>Heta F\u00f6rs\u00e4ljning Vape<\/strong> Bang Tornado 40k puff sticker ut som en toppklassig eng\u00e5ngsvape. Dess kombination av h\u00f6g kapacitet, avancerad teknologi och anv\u00e4ndarv\u00e4nliga funktioner g\u00f6r den till ett utm\u00e4rkt val f\u00f6r dem som s\u00f6ker premium prestanda och p\u00e5litlighet.<\/p>\n<\/div>\n<\/div>\n<\/div>\n<\/div>\n<h6>Kontakta Mandy via WhatsApp f\u00f6r rabatterat pris<a href=\"https:\/\/wa.me\/8618077105796\">+8618077105796<\/a><\/h6>\n<p><img decoding=\"async\" class=\"alignnone wp-image-2151\" src=\"http:\/\/vapebulkp.com\/wp-content\/uploads\/2024\/04\/Mandy-WhatsApp-Randm.jpg\" alt=\"Mandy WhatsApp Randm\" width=\"324\" height=\"330\" \/><\/p>\n<div class=\"flex max-w-full flex-col flex-grow\">\n<div class=\"min-h-8 text-message flex w-full flex-col items-end gap-2 whitespace-normal break-words text-start [.text-message+&amp;]:mt-5\" dir=\"auto\" data-message-author-role=\"assistant\" data-message-id=\"d24cf626-c018-4805-80f5-44de047f2ba0\" data-message-model-slug=\"gpt-4o\">\n<div class=\"flex w-full flex-col gap-1 empty:hidden first:pt-[3px]\">\n<div class=\"markdown prose w-full break-words dark:prose-invert light\">\n<h2>Varf\u00f6r v\u00e4lja Big Puffs Bang Tornado 40ooo Puffs <strong>\u00a0<\/strong>at <a href=\"https:\/\/vapebulkp.com\/sv\/vape-shop\/\">Vapebulkp.com<\/a>?<\/h2>\n<ul>\n<li><strong>L\u00e5ngvarig Vaping-upplevelse:<\/strong> Med upp till 40 000 puffar s\u00e4kerst\u00e4ller Bang Tornado l\u00e5ngvarig tillfredsst\u00e4llelse, vilket minskar behovet av st\u00e4ndiga byten. Perfekt f\u00f6r l\u00e5ngvarig anv\u00e4ndning.<\/li>\n<li><strong>Premium Kvalitet:<\/strong> Tillverkad med h\u00f6gkvalitativa material och avancerad teknik, erbjuder Bang Tornado en j\u00e4mn, rik vaping-upplevelse med f\u00f6rb\u00e4ttrad smakproduktion.<\/li>\n<li><strong>Bekv\u00e4mt uppladdningsbart batteri:<\/strong> Det 850mAh uppladdningsbara batteriet, i kombination med Type-C-laddning, garanterar minimala avbrott, vilket s\u00e4kerst\u00e4ller kontinuerlig njutning.<\/li>\n<li><strong>Brett smakutbud:<\/strong> V\u00e4lj fr\u00e5n en m\u00e4ngd sp\u00e4nnande smaker som matchar dina preferenser, fr\u00e5n fruktigt till mentol och mer d\u00e4rtill.<\/li>\n<li><strong>Konkurrenskraftig priss\u00e4ttning:<\/strong> P\u00e5 Vapebulkp.com erbjuder vi oslagbara grossistpriser, vilket g\u00f6r att du kan fylla p\u00e5 med dina favorit eng\u00e5ngsvapes till ett bra v\u00e4rde.<\/li>\n<li><strong>Snabb leverans:<\/strong> Vi erbjuder snabb och p\u00e5litlig frakt f\u00f6r att s\u00e4kerst\u00e4lla att din best\u00e4llning anl\u00e4nder snabbt och s\u00e4kert.<\/li>\n<li><strong>Kundn\u00f6jdhet:<\/strong> P\u00e5 Vapebulkp.com \u00e4r kundn\u00f6jdhet v\u00e5r h\u00f6gsta prioritet. Vi erbjuder utm\u00e4rkt support och en smidig shoppingupplevelse.<\/li>\n<\/ul>\n<h3>Bang Tornado Vape 40000 puffs het f\u00f6rs\u00e4ljning Vapes Funktioner<\/h3>\n<ul>\n<li><strong>Massiv kapacitet:<\/strong> 40 ml e-v\u00e4tska f\u00f6r upp till 40 000 bloss.<\/li>\n<li><strong>Kraftfullt batteri:<\/strong> 850mAh uppladdningsbart med Type-C snabbladdning.<\/li>\n<li><strong>Avancerad teknik:<\/strong> 0,5ohm tre mesh-spolar f\u00f6r mjuk \u00e5nga och rik smak.<\/li>\n<li><strong>Anpassningsbar upplevelse:<\/strong> Justerbara effektinst\u00e4llningar f\u00f6r personlig vaping.<\/li>\n<li><strong>Anv\u00e4ndarv\u00e4nlig design:<\/strong> Snygg, ergonomisk och resev\u00e4nlig.<\/li>\n<li><strong>H\u00e5llbar och p\u00e5litlig:<\/strong> Byggd f\u00f6r l\u00e5ngvarig, konsekvent prestanda.<\/li>\n<\/ul>\n<h3>Bang Tornadovape puff 40000 Smaklista<\/h3>\n<\/div>\n<\/div>\n<\/div>\n<\/div>\n<p>1.Jordgubbe Vattenmelon<br \/>\n2.Vattenmelon<br \/>\n3.K\u00c4RLEK66<br \/>\n4.Energidryck<br \/>\n5.Jordgubbe Kiwi<br \/>\n6.Bl\u00e5b\u00e4r Citron<br \/>\n7.Bl\u00e5b\u00e4r Druvor<br \/>\n8. Bl\u00e5b\u00e4r Hallon<br \/>\n9.Mango Persika<br \/>\n10.Trippelb\u00e4r<br \/>\n11. Dubbel\u00e4pple<br \/>\n12. Persika Is<\/p>\n<p><a href=\"https:\/\/vapebulkp.com\/sv\/product\/aivono-curved-smart-screen-35000-puffs-disposable-vape-wholesale-price\/\"><span style=\"vertical-align: inherit\">Aivono 35000 Puffar <\/span><\/a><\/p>\n<p><span style=\"vertical-align: inherit\">Hitta fler produkter du kanske gillar:<\/span><em><a href=\"https:\/\/wa.me\/8618077105796\"><span style=\"vertical-align: inherit\">\u00a0K\u00f6p nu<\/span><\/a><\/em><\/p>\n<p><span style=\"vertical-align: inherit\">Andra Puffs du kanske gillar:<\/span><a href=\"https:\/\/vapebulkp.com\/sv\/product\/wholesale-price-bang-kingdoms-rex-32000-puffs-vape-pod\/\"><span style=\"vertical-align: inherit\">Bang Kingdoms 32000 Puffs<\/span><\/a><span style=\"vertical-align: inherit\">\u3001<\/span><a href=\"https:\/\/vapebulkp.com\/sv\/product\/bood-pulse-pro-25k-50k-disposable-vape-bar-5000-puffs-nicotine-free\/\"><span style=\"vertical-align: inherit\">Bood pulse pro 50000 Puffar<\/span><\/a><span style=\"vertical-align: inherit\">\/ <\/span><a href=\"https:\/\/vapebulkp.com\/sv\/product\/vapsolo-best-quality-viking-12k-puffs-disposable-vapes\/\"><span style=\"vertical-align: inherit\">Vapsolo viking 12000 Puffar<\/span><\/a><span style=\"vertical-align: inherit\">\/ <\/span><a href=\"https:\/\/vapebulkp.com\/sv\/product\/waspe-vape-40000-puff-fihp-double-flavour-disposable-vape\/\"><span style=\"vertical-align: inherit\">WASPE 40000 Puffs<\/span><\/a><\/p>\n<p><span style=\"vertical-align: inherit\">E-cigarettflaska med specialform:<\/span><a href=\"https:\/\/vapebulkp.com\/sv\/product\/vapsolo-feed-bar-shisha-vape-15000-puffs-wholesale-price\/\"><span style=\"vertical-align: inherit\"> Vapsolo shisha 15000 Puffar<\/span><\/a><span style=\"vertical-align: inherit\">\/ <\/span><a href=\"https:\/\/vapebulkp.com\/sv\/product\/vopk-ultra-30000-puffs-rgb-light-mesh-coil-rechargeable-vape-wholesale-price\/\"><span style=\"vertical-align: inherit\">\u00a0VOPK ULTRA 30000 Puffar <\/span><\/a><span style=\"vertical-align: inherit\">\/<\/span><a href=\"https:\/\/vapebulkp.com\/sv\/product\/bang-box-35000-puffs-touch-switch-digital-screen-rechargeable-vape\/\"><span style=\"vertical-align: inherit\"> Bang Box 35000 Puffar<\/span><\/a><\/p>\n<h2><\/h2>\n<h4>Vanliga fr\u00e5gor f\u00f6r bang tornado vape 40k Puffs heta vapes<\/h4>\n<p><strong>1. Hur m\u00e5nga bloss erbjuder Bang Tornado 40K?<\/strong><br \/>\nBang Tornado ger upp till 40 000 bloss, vilket g\u00f6r den till en av de mest h\u00e5llbara eng\u00e5ngsvaporna som finns p\u00e5 marknaden.<\/p>\n<p><strong>2. \u00c4r Bang Tornado 40K uppladdningsbar?<\/strong><br \/>\nJa, den har ett uppladdningsbart 850mAh-batteri med en praktisk Type-C-laddningsport f\u00f6r snabb och effektiv laddning.<\/p>\n<p><strong>3. Vad \u00e4r e-v\u00e4tskekapaciteten f\u00f6r Bang Tornado?<\/strong><br \/>\nEnheten \u00e4r f\u00f6rfylld med en massiv 40 ml e-v\u00e4tskekapacitet, vilket garanterar en konsekvent vapingupplevelse under hela dess livsl\u00e4ngd.<\/p>\n<p><strong>4. Vilken nikotinstyrka finns tillg\u00e4nglig i Bang Tornado 40K?<\/strong><br \/>\nBang Tornado finns i nikotinsaltstyrkor p\u00e5 2% eller 5%, f\u00f6r att tillgodose olika vapingpreferenser.<\/p>\n<h4>Leveransdetaljer:<\/h4>\n<p><span style=\"color: #ff6600\">Produktionstid: 5-10 arbetsdagar<\/span><br \/>\n<span style=\"color: #ff6600\">Leveranstid: 8-14 arbetsdagar<\/span><\/p>\n<p>Alla produkter i v\u00e5r butik \u00e4r 100% originala och autentiska, d\u00e4rf\u00f6r \u00e4r Tiofaldig ers\u00e4ttning f\u00f6r falska varor v\u00e5r butikspolicy. Vi anv\u00e4nder logistikkanaler som UPS\/DHL\/FEDEX\/DPD f\u00f6r att leverera varor till dig.<\/p>\n<p>F\u00f6r paket som skickas inom Sverige tar det vanligtvis 10 arbetsdagar att anl\u00e4nda. Leveranser till andra europeiska l\u00e4nder tar vanligtvis 12 till 15 arbetsdagar att anl\u00e4nda. Vi uppdaterar logistikinformationen f\u00f6r dig i realtid.<\/p>","protected":false},"excerpt":{"rendered":"<div class=\"flex-shrink-0 flex flex-col relative items-end\">\n<div class=\"pt-0\">\n<div class=\"gizmo-bot-avatar flex h-8 w-8 items-center justify-center overflow-hidden rounded-full\">\n<div class=\"relative p-1 rounded-sm flex items-center justify-center bg-token-main-surface-primary text-token-text-primary h-8 w-8\">\n<ul>\n<li><strong>Premium Bang Tornado 40 000 Puffs Vape Pen f\u00f6r l\u00e5ngvarig anv\u00e4ndning<\/strong><\/li>\n<li><strong>Uppladdningsbar Bang Tornado 40 000 Puffs Eng\u00e5ngsvape f\u00f6r varaktig njutning<\/strong><\/li>\n<li><strong>Bang Tornado 40 000 Puffs E-Cigg med anpassningsbara pods med is-smak<\/strong><\/li>\n<\/ul>\n<\/div>\n<\/div>\n<\/div>\n<\/div>\n<p>Kontakta Mandy via WhatsApp f\u00f6r rabatterat pris<a href=\"https:\/\/wa.me\/8618077105796\">+8618077105796<\/a><\/p>\n<p><img decoding=\"async\" class=\"alignnone wp-image-2151\" src=\"http:\/\/vapebulkp.com\/wp-content\/uploads\/2024\/04\/Mandy-WhatsApp-Randm.jpg\" alt=\"Mandy WhatsApp Randm\" width=\"297\" height=\"316\" srcset=\"https:\/\/vapebulkp.com\/wp-content\/uploads\/2024\/04\/Mandy-WhatsApp-Randm.jpg 916w, https:\/\/vapebulkp.com\/wp-content\/uploads\/2024\/04\/Mandy-WhatsApp-Randm-282x300.jpg 282w, https:\/\/vapebulkp.com\/wp-content\/uploads\/2024\/04\/Mandy-WhatsApp-Randm-768x817.jpg 768w, https:\/\/vapebulkp.com\/wp-content\/uploads\/2024\/04\/Mandy-WhatsApp-Randm-600x638.jpg 600w\" sizes=\"(max-width: 297px) 100vw, 297px\" \/><\/p>\n<p><span style=\"color: #ff0000\">OBS: Priserna p\u00e5 v\u00e5r webbplats inkluderar inte fraktkostnader<\/span><\/p>\n<p>&nbsp;<\/p>","protected":false},"featured_media":3378,"comment_status":"open","ping_status":"closed","template":"","meta":{"_uag_custom_page_level_css":"","_lmt_disableupdate":"no","_lmt_disable":"","site-sidebar-layout":"default","site-content-layout":"content-boxed-container","ast-site-content-layout":"normal-width-container","site-content-style":"boxed","site-sidebar-style":"unboxed","ast-global-header-display":"","ast-banner-title-visibility":"","ast-main-header-display":"","ast-hfb-above-header-display":"","ast-hfb-below-header-display":"","ast-hfb-mobile-header-display":"","site-post-title":"","ast-breadcrumbs-content":"","ast-featured-img":"","footer-sml-layout":"","theme-transparent-header-meta":"default","adv-header-id-meta":"","stick-header-meta":"","header-above-stick-meta":"","header-main-stick-meta":"","header-below-stick-meta":"","astra-migrate-meta-layouts":"set","_joinchat":[]},"product_cat":[182,153,345,155,33,59,100,87,34,158,157,154,152,58,84,156,63,32],"product_tag":[202,36,37,41,40],"class_list":["post-3377","product","type-product","status-publish","has-post-thumbnail","hentry","product_cat-40000-puffs-disposable-vape","product_cat-hot-disposable-vapes","product_cat-bang-vapes","product_cat-belgium-hot-disposable-vapes","product_cat-france-vape-hot-sale","product_cat-germany-hot-disposable-vape","product_cat-germany-wholesale-vape-shop","product_cat-minimum-order-quantity-50pcs","product_cat-netherlands-vape-good-sale","product_cat-norway-hot-disposable-vapes","product_cat-poland-hot-disposable-vapes","product_cat-portugal-hot-disposable-vapes","product_cat-spain-hot-disposable-vapes","product_cat-sweden-hot-disposable-vape","product_cat-sweden-wholesale-vape","product_cat-switzerland-hot-disposable-vapes","product_cat-top-sale-disposable-vape","product_cat-vape-hot-sale-this-week","product_tag-bang-tornado-40k-puffs","product_tag-good-vape","product_tag-hot-sale-disposable-vape","product_tag-poland-hot-vape","product_tag-sweden-hot-vape","pa_brand-bang-king-vape","desktop-align-left","tablet-align-left","mobile-align-left"],"yoast_head":"<!-- This site is optimized with the Yoast SEO plugin v21.1 - https:\/\/yoast.com\/wordpress\/plugins\/seo\/ -->\n<title>Bang Tornado 40K Puffs High-Capacity Disposable Vape Pen - vapebulkp.com<\/title>\n<meta name=\"description\" content=\"Shop Bang King 35000 Puffs Wholesale Puff Tornado Vape at Vapebulkp.com. Featuring 35,000 puffs, 23ml e-liquid, 0.6\u03a9 mesh coil, Type-C charging. Perfect for European retailers and vapers seeking high-capacity disposable vapes.\" \/>\n<meta name=\"robots\" content=\"index, follow, max-snippet:-1, max-image-preview:large, max-video-preview:-1\" \/>\n<link rel=\"canonical\" href=\"https:\/\/vapebulkp.com\/sv\/product\/bang-tornado-40k-puffs-high-capacity-disposable-vape-pen\/\" \/>\n<meta property=\"og:locale\" content=\"sv_SE\" \/>\n<meta property=\"og:type\" content=\"article\" \/>\n<meta property=\"og:title\" content=\"Bang Tornado 40K Puffs High-Capacity Disposable Vape Pen - vapebulkp.com\" \/>\n<meta property=\"og:description\" content=\"Shop Bang King 35000 Puffs Wholesale Puff Tornado Vape at Vapebulkp.com. Featuring 35,000 puffs, 23ml e-liquid, 0.6\u03a9 mesh coil, Type-C charging. Perfect for European retailers and vapers seeking high-capacity disposable vapes.\" \/>\n<meta property=\"og:url\" content=\"https:\/\/vapebulkp.com\/sv\/product\/bang-tornado-40k-puffs-high-capacity-disposable-vape-pen\/\" \/>\n<meta property=\"og:site_name\" content=\"vapebulkp.com\" \/>\n<meta property=\"article:modified_time\" content=\"2025-09-24T03:20:24+00:00\" \/>\n<meta property=\"og:image\" content=\"http:\/\/vapebulkp.com\/wp-content\/uploads\/2025\/01\/Advanced-Bang-Tornado-40000-Puffs-Vape-with-Big-Screen.jpg\" \/>\n\t<meta property=\"og:image:width\" content=\"800\" \/>\n\t<meta property=\"og:image:height\" content=\"800\" \/>\n\t<meta property=\"og:image:type\" content=\"image\/jpeg\" \/>\n<meta name=\"twitter:card\" content=\"summary_large_image\" \/>\n<meta name=\"twitter:label1\" content=\"Ber\u00e4knad l\u00e4stid\" \/>\n\t<meta name=\"twitter:data1\" content=\"4 minuter\" \/>\n<script type=\"application\/ld+json\" class=\"yoast-schema-graph\">{\"@context\":\"https:\/\/schema.org\",\"@graph\":[{\"@type\":\"WebPage\",\"@id\":\"https:\/\/vapebulkp.com\/product\/bang-tornado-40k-puffs-high-capacity-disposable-vape-pen\/\",\"url\":\"https:\/\/vapebulkp.com\/product\/bang-tornado-40k-puffs-high-capacity-disposable-vape-pen\/\",\"name\":\"Bang Tornado 40K Puffs High-Capacity Disposable Vape Pen - vapebulkp.com\",\"isPartOf\":{\"@id\":\"https:\/\/vapebulkp.com\/#website\"},\"datePublished\":\"2025-01-31T09:42:57+00:00\",\"dateModified\":\"2025-09-24T03:20:24+00:00\",\"description\":\"Shop Bang King 35000 Puffs Wholesale Puff Tornado Vape at Vapebulkp.com. Featuring 35,000 puffs, 23ml e-liquid, 0.6\u03a9 mesh coil, Type-C charging. Perfect for European retailers and vapers seeking high-capacity disposable vapes.\",\"breadcrumb\":{\"@id\":\"https:\/\/vapebulkp.com\/product\/bang-tornado-40k-puffs-high-capacity-disposable-vape-pen\/#breadcrumb\"},\"inLanguage\":\"sv-SE\",\"potentialAction\":[{\"@type\":\"ReadAction\",\"target\":[\"https:\/\/vapebulkp.com\/product\/bang-tornado-40k-puffs-high-capacity-disposable-vape-pen\/\"]}]},{\"@type\":\"BreadcrumbList\",\"@id\":\"https:\/\/vapebulkp.com\/product\/bang-tornado-40k-puffs-high-capacity-disposable-vape-pen\/#breadcrumb\",\"itemListElement\":[{\"@type\":\"ListItem\",\"position\":1,\"name\":\"Home\",\"item\":\"https:\/\/vapebulkp.com\/\"},{\"@type\":\"ListItem\",\"position\":2,\"name\":\"Hot Trend Vapes\",\"item\":\"https:\/\/vapebulkp.com\/vape-shop\/\"},{\"@type\":\"ListItem\",\"position\":3,\"name\":\"Bang Tornado 40K Puffs High-Capacity Disposable Vape Pen\"}]},{\"@type\":\"WebSite\",\"@id\":\"https:\/\/vapebulkp.com\/#website\",\"url\":\"https:\/\/vapebulkp.com\/\",\"name\":\"vapebulkp.com\",\"description\":\"Buy Vape In Cheap Bulk Price Near you\",\"publisher\":{\"@id\":\"https:\/\/vapebulkp.com\/#organization\"},\"potentialAction\":[{\"@type\":\"SearchAction\",\"target\":{\"@type\":\"EntryPoint\",\"urlTemplate\":\"https:\/\/vapebulkp.com\/?s={search_term_string}\"},\"query-input\":\"required name=search_term_string\"}],\"inLanguage\":\"sv-SE\"},{\"@type\":\"Organization\",\"@id\":\"https:\/\/vapebulkp.com\/#organization\",\"name\":\"vapebulkp.com\",\"url\":\"https:\/\/vapebulkp.com\/\",\"logo\":{\"@type\":\"ImageObject\",\"inLanguage\":\"sv-SE\",\"@id\":\"https:\/\/vapebulkp.com\/#\/schema\/logo\/image\/\",\"url\":\"https:\/\/vapebulkp.com\/wp-content\/uploads\/2023\/09\/cropped-vapebulkp.png\",\"contentUrl\":\"https:\/\/vapebulkp.com\/wp-content\/uploads\/2023\/09\/cropped-vapebulkp.png\",\"width\":516,\"height\":163,\"caption\":\"vapebulkp.com\"},\"image\":{\"@id\":\"https:\/\/vapebulkp.com\/#\/schema\/logo\/image\/\"}}]}<\/script>\n<!-- \/ Yoast SEO plugin. -->","yoast_head_json":{"title":"Bang Tornado 40K Puffs High-Capacity Disposable Vape Pen - vapebulkp.com","description":"Shop Bang King 35000 Puffs Wholesale Puff Tornado Vape at Vapebulkp.com. Featuring 35,000 puffs, 23ml e-liquid, 0.6\u03a9 mesh coil, Type-C charging. Perfect for European retailers and vapers seeking high-capacity disposable vapes.","robots":{"index":"index","follow":"follow","max-snippet":"max-snippet:-1","max-image-preview":"max-image-preview:large","max-video-preview":"max-video-preview:-1"},"canonical":"https:\/\/vapebulkp.com\/sv\/product\/bang-tornado-40k-puffs-high-capacity-disposable-vape-pen\/","og_locale":"sv_SE","og_type":"article","og_title":"Bang Tornado 40K Puffs High-Capacity Disposable Vape Pen - vapebulkp.com","og_description":"Shop Bang King 35000 Puffs Wholesale Puff Tornado Vape at Vapebulkp.com. Featuring 35,000 puffs, 23ml e-liquid, 0.6\u03a9 mesh coil, Type-C charging. Perfect for European retailers and vapers seeking high-capacity disposable vapes.","og_url":"https:\/\/vapebulkp.com\/sv\/product\/bang-tornado-40k-puffs-high-capacity-disposable-vape-pen\/","og_site_name":"vapebulkp.com","article_modified_time":"2025-09-24T03:20:24+00:00","og_image":[{"width":800,"height":800,"url":"http:\/\/vapebulkp.com\/wp-content\/uploads\/2025\/01\/Advanced-Bang-Tornado-40000-Puffs-Vape-with-Big-Screen.jpg","type":"image\/jpeg"}],"twitter_card":"summary_large_image","twitter_misc":{"Ber\u00e4knad l\u00e4stid":"4 minuter"},"schema":{"@context":"https:\/\/schema.org","@graph":[{"@type":"WebPage","@id":"https:\/\/vapebulkp.com\/product\/bang-tornado-40k-puffs-high-capacity-disposable-vape-pen\/","url":"https:\/\/vapebulkp.com\/product\/bang-tornado-40k-puffs-high-capacity-disposable-vape-pen\/","name":"Bang Tornado 40K Puffs High-Capacity Disposable Vape Pen - vapebulkp.com","isPartOf":{"@id":"https:\/\/vapebulkp.com\/#website"},"datePublished":"2025-01-31T09:42:57+00:00","dateModified":"2025-09-24T03:20:24+00:00","description":"Shop Bang King 35000 Puffs Wholesale Puff Tornado Vape at Vapebulkp.com. Featuring 35,000 puffs, 23ml e-liquid, 0.6\u03a9 mesh coil, Type-C charging. Perfect for European retailers and vapers seeking high-capacity disposable vapes.","breadcrumb":{"@id":"https:\/\/vapebulkp.com\/product\/bang-tornado-40k-puffs-high-capacity-disposable-vape-pen\/#breadcrumb"},"inLanguage":"sv-SE","potentialAction":[{"@type":"ReadAction","target":["https:\/\/vapebulkp.com\/product\/bang-tornado-40k-puffs-high-capacity-disposable-vape-pen\/"]}]},{"@type":"BreadcrumbList","@id":"https:\/\/vapebulkp.com\/product\/bang-tornado-40k-puffs-high-capacity-disposable-vape-pen\/#breadcrumb","itemListElement":[{"@type":"ListItem","position":1,"name":"Home","item":"https:\/\/vapebulkp.com\/"},{"@type":"ListItem","position":2,"name":"Hot Trend Vapes","item":"https:\/\/vapebulkp.com\/vape-shop\/"},{"@type":"ListItem","position":3,"name":"Bang Tornado 40K Puffs High-Capacity Disposable Vape Pen"}]},{"@type":"WebSite","@id":"https:\/\/vapebulkp.com\/#website","url":"https:\/\/vapebulkp.com\/","name":"vapebulkp.com","description":"Buy Vape In Cheap Bulk Price Near you","publisher":{"@id":"https:\/\/vapebulkp.com\/#organization"},"potentialAction":[{"@type":"SearchAction","target":{"@type":"EntryPoint","urlTemplate":"https:\/\/vapebulkp.com\/?s={search_term_string}"},"query-input":"required name=search_term_string"}],"inLanguage":"sv-SE"},{"@type":"Organization","@id":"https:\/\/vapebulkp.com\/#organization","name":"vapebulkp.com","url":"https:\/\/vapebulkp.com\/","logo":{"@type":"ImageObject","inLanguage":"sv-SE","@id":"https:\/\/vapebulkp.com\/#\/schema\/logo\/image\/","url":"https:\/\/vapebulkp.com\/wp-content\/uploads\/2023\/09\/cropped-vapebulkp.png","contentUrl":"https:\/\/vapebulkp.com\/wp-content\/uploads\/2023\/09\/cropped-vapebulkp.png","width":516,"height":163,"caption":"vapebulkp.com"},"image":{"@id":"https:\/\/vapebulkp.com\/#\/schema\/logo\/image\/"}}]}},"uagb_featured_image_src":{"full":["https:\/\/vapebulkp.com\/wp-content\/uploads\/2025\/01\/Advanced-Bang-Tornado-40000-Puffs-Vape-with-Big-Screen.jpg",800,800,false],"thumbnail":["https:\/\/vapebulkp.com\/wp-content\/uploads\/2025\/01\/Advanced-Bang-Tornado-40000-Puffs-Vape-with-Big-Screen-150x150.jpg",150,150,true],"medium":["https:\/\/vapebulkp.com\/wp-content\/uploads\/2025\/01\/Advanced-Bang-Tornado-40000-Puffs-Vape-with-Big-Screen-300x300.jpg",300,300,true],"medium_large":["https:\/\/vapebulkp.com\/wp-content\/uploads\/2025\/01\/Advanced-Bang-Tornado-40000-Puffs-Vape-with-Big-Screen-768x768.jpg",768,768,true],"large":["https:\/\/vapebulkp.com\/wp-content\/uploads\/2025\/01\/Advanced-Bang-Tornado-40000-Puffs-Vape-with-Big-Screen.jpg",800,800,false],"1536x1536":["https:\/\/vapebulkp.com\/wp-content\/uploads\/2025\/01\/Advanced-Bang-Tornado-40000-Puffs-Vape-with-Big-Screen.jpg",800,800,false],"2048x2048":["https:\/\/vapebulkp.com\/wp-content\/uploads\/2025\/01\/Advanced-Bang-Tornado-40000-Puffs-Vape-with-Big-Screen.jpg",800,800,false],"trp-custom-language-flag":["https:\/\/vapebulkp.com\/wp-content\/uploads\/2025\/01\/Advanced-Bang-Tornado-40000-Puffs-Vape-with-Big-Screen.jpg",12,12,false],"woocommerce_thumbnail":["https:\/\/vapebulkp.com\/wp-content\/uploads\/2025\/01\/Advanced-Bang-Tornado-40000-Puffs-Vape-with-Big-Screen-300x300.jpg",300,300,true],"woocommerce_single":["https:\/\/vapebulkp.com\/wp-content\/uploads\/2025\/01\/Advanced-Bang-Tornado-40000-Puffs-Vape-with-Big-Screen-600x600.jpg",600,600,true],"woocommerce_gallery_thumbnail":["https:\/\/vapebulkp.com\/wp-content\/uploads\/2025\/01\/Advanced-Bang-Tornado-40000-Puffs-Vape-with-Big-Screen-100x100.jpg",100,100,true],"wcpr-photo-reviews":["https:\/\/vapebulkp.com\/wp-content\/uploads\/2025\/01\/Advanced-Bang-Tornado-40000-Puffs-Vape-with-Big-Screen.jpg",500,500,false]},"uagb_author_info":{"display_name":"Mandy vape bulk price","author_link":"https:\/\/vapebulkp.com\/sv\/author\/"},"uagb_comment_info":0,"uagb_excerpt":"Premium Bang Tornado 40,000 Puffs Vape Pen for Extended Use Rechargeable Bang Tornado 40,000 Puffs Disposable Vape for Lasting Enjoyment Bang Tornado 40,000 Puffs E-Cig with Customizable Ice Flavored Pods Pls Contact Mandy's WhatsApp For Discount Price+8618077105796 NOTE: Prices on our website does not include shipping costs &nbsp;","_links":{"self":[{"href":"https:\/\/vapebulkp.com\/sv\/wp-json\/wp\/v2\/product\/3377","targetHints":{"allow":["GET"]}}],"collection":[{"href":"https:\/\/vapebulkp.com\/sv\/wp-json\/wp\/v2\/product"}],"about":[{"href":"https:\/\/vapebulkp.com\/sv\/wp-json\/wp\/v2\/types\/product"}],"replies":[{"embeddable":true,"href":"https:\/\/vapebulkp.com\/sv\/wp-json\/wp\/v2\/comments?post=3377"}],"wp:featuredmedia":[{"embeddable":true,"href":"https:\/\/vapebulkp.com\/sv\/wp-json\/wp\/v2\/media\/3378"}],"wp:attachment":[{"href":"https:\/\/vapebulkp.com\/sv\/wp-json\/wp\/v2\/media?parent=3377"}],"wp:term":[{"taxonomy":"product_cat","embeddable":true,"href":"https:\/\/vapebulkp.com\/sv\/wp-json\/wp\/v2\/product_cat?post=3377"},{"taxonomy":"product_tag","embeddable":true,"href":"https:\/\/vapebulkp.com\/sv\/wp-json\/wp\/v2\/product_tag?post=3377"}],"curies":[{"name":"wp","href":"https:\/\/api.w.org\/{rel}","templated":true}]}}