{"id":3391,"date":"2025-02-01T09:07:22","date_gmt":"2025-02-01T08:07:22","guid":{"rendered":"https:\/\/vapebulkp.com\/?post_type=product&#038;p=3391"},"modified":"2025-09-16T11:28:40","modified_gmt":"2025-09-16T09:28:40","slug":"waspe-crystal-vape-40000-puffs-disposable-e-cigarette-dual-flavors-wholesale-price","status":"publish","type":"product","link":"https:\/\/vapebulkp.com\/sv\/product\/waspe-crystal-vape-40000-puffs-disposable-e-cigarette-dual-flavors-wholesale-price\/","title":{"rendered":"Waspe Crystal Vape 40000 Puffs Eng\u00e5ngs E-Cigarett Dubbla Smaker Partipris"},"content":{"rendered":"<h2 style=\"text-align: left\">Waspe Crystal Vape 40000 Puffs Eng\u00e5ngs E-Cigarett Dubbla Smaker Partipris<\/h2>\n<div class=\"flex max-w-full flex-col flex-grow\">\n<div class=\"min-h-8 text-message flex w-full flex-col items-end gap-2 whitespace-normal break-words text-start [.text-message+&amp;]:mt-5\" dir=\"auto\" data-message-author-role=\"assistant\" data-message-id=\"ebeef09e-6d27-4a31-bd63-f94c3e7cadb1\" data-message-model-slug=\"gpt-4o\">\n<div class=\"flex w-full flex-col gap-1 empty:hidden first:pt-[3px]\">\n<div class=\"markdown prose w-full break-words dark:prose-invert light\">\n<p>Den <strong>Waspe Crystal Vape 40000 bloss Eng\u00e5ngs E-cigarett <\/strong>omdefinierar bekv\u00e4mlighet och innovation inom vaping. Utformad f\u00f6r b\u00e5de vardagliga och erfarna vejpare, erbjuder denna enhet <strong>dubbla smaker<\/strong> med upp till <strong>20000 bloss per smak<\/strong>, vilket levererar en s\u00f6ml\u00f6s och smakfull vejpingupplevelse. Med en <strong>32mL f\u00f6rfylld e-v\u00e4tskekapacitet<\/strong> och anpassningsbara nikotinstyrkor p\u00e5 <strong>\u00a02% och 5%<\/strong>, waspe crystal 40000 bloss tillgodoser olika preferenser.<\/p>\n<p>Utrustad med ett <strong>850mAh uppladdningsbart batteri<\/strong> och <strong>USB Typ-C-laddning<\/strong>, s\u00e4kerst\u00e4ller Waspe Crystal Vape l\u00e5ngvarig prestanda och snabba uppladdningar. Den avancerade <strong>0.9\u03a9 dubbla mesh-spolen<\/strong> f\u00f6rb\u00e4ttrar \u00e5ngproduktion och smakklarhet, medan den <strong>dragaktiverade funktionen<\/strong> s\u00e4kerst\u00e4ller enkel anv\u00e4ndning. Den integrerade <strong>LED-displayen<\/strong> h\u00e5ller dig informerad om batteri- och e-v\u00e4tskeniv\u00e5er, vilket ger en touch av modern funktionalitet till den eleganta designen.<\/p>\n<p>Perfekt f\u00f6r <strong>resor, sociala tillst\u00e4llningar eller vardagsbruk<\/strong>, denna WASPE <a href=\"https:\/\/vapebulkp.com\/sv\/product-category\/40000-puffs-disposable-vape\/\">40000 Puffs Eng\u00e5ngs Vape<\/a> kombinerar stil, prestanda och praktikalitet, vilket g\u00f6r den till ett toppval f\u00f6r eng\u00e5ngsvapes. Partipriser finns ocks\u00e5 tillg\u00e4ngliga, perfekt f\u00f6r \u00e5terf\u00f6rs\u00e4ljare som vill lagra denna mycket efterfr\u00e5gade produkt.<\/p>\n<\/div>\n<\/div>\n<\/div>\n<\/div>\n<h6>Kontakta Mandy via WhatsApp f\u00f6r rabatterat pris<a href=\"https:\/\/wa.me\/8618077105796\">+8618077105796<\/a><\/h6>\n<p><img decoding=\"async\" class=\"alignnone wp-image-2151\" src=\"http:\/\/vapebulkp.com\/wp-content\/uploads\/2024\/04\/Mandy-WhatsApp-Randm.jpg\" alt=\"Mandy WhatsApp Randm\" width=\"324\" height=\"330\" \/><\/p>\n<div class=\"flex max-w-full flex-col flex-grow\">\n<div class=\"min-h-8 text-message flex w-full flex-col items-end gap-2 whitespace-normal break-words text-start [.text-message+&amp;]:mt-5\" dir=\"auto\" data-message-author-role=\"assistant\" data-message-id=\"d24cf626-c018-4805-80f5-44de047f2ba0\" data-message-model-slug=\"gpt-4o\">\n<div class=\"flex w-full flex-col gap-1 empty:hidden first:pt-[3px]\">\n<div class=\"markdown prose w-full break-words dark:prose-invert light\">\n<h2>Varf\u00f6r v\u00e4lja det billiga priset WASPE CRYSTAL 40k Puffs<strong>\u00a0<\/strong>at <a href=\"https:\/\/vapebulkp.com\/sv\/vape-shop\/\">Vapebulkp.com<\/a>?<\/h2>\n<p>N\u00e4r det kommer till h\u00f6gkvalitativa eng\u00e5ngsvapes, sticker <strong>WASPE CRYSTAL 40 000 Puffs<\/strong> ut som ett premiumval. Tillg\u00e4nglig i <strong>Vapebulkp.com<\/strong>, denna innovativa e-cigarett levererar o\u00f6vertr\u00e4ffad prestanda, smakvariation och anv\u00e4ndarv\u00e4nliga funktioner. H\u00e4r \u00e4r varf\u00f6r det \u00e4r det b\u00e4sta valet f\u00f6r vaping-entusiaster:<\/p>\n<ol>\n<li><strong>Enast\u00e5ende puffantal<\/strong>: Njut av upp till <strong>40 000 bloss<\/strong>, uppdelat i <strong>20 000 bloss per smak<\/strong>, vilket garanterar l\u00e5ngvarig anv\u00e4ndning och otroligt v\u00e4rde.<\/li>\n<li><strong>Dubbel smakteknologi<\/strong>: V\u00e4xla s\u00f6ml\u00f6st mellan tv\u00e5 distinkta smaker, vilket erbjuder en m\u00e5ngsidig vapingupplevelse anpassad efter ditt hum\u00f6r.<\/li>\n<li><strong>Anpassningsbara nikotinniv\u00e5er<\/strong>: V\u00e4lj fr\u00e5n <strong>0%, 2%, 3%, eller 5% nikotin<\/strong> f\u00f6r att passa dina personliga preferenser och livsstil.<\/li>\n<li><strong>Massiv e-v\u00e4tskekapacitet<\/strong>: Med en <strong>32 ml f\u00f6rfylld tank<\/strong>, ger denna vape l\u00e5ngvarig njutning utan frekventa byten.<\/li>\n<li><strong>Laddningsbart batteri<\/strong>: Drivs av ett <strong>850mAh USB Type-C uppladdningsbart batteri<\/strong>, levererar enheten p\u00e5litlig prestanda med snabba och bekv\u00e4ma laddningar.<\/li>\n<li><strong>Avancerade funktioner<\/strong>: Den <strong>0.9\u03a9 dubbla mesh-spolen<\/strong> s\u00e4kerst\u00e4ller rik \u00e5ngproduktion, medan <strong>LED-displayen<\/strong> h\u00e5ller dig uppdaterad om batteri- och e-v\u00e4tskeniv\u00e5er.<\/li>\n<li><strong>Grossistalternativ<\/strong>: Vapebulkp.com erbjuder konkurrenskraftiga grossistpriser, vilket g\u00f6r det till den idealiska plattformen f\u00f6r b\u00e5de enskilda k\u00f6pare och \u00e5terf\u00f6rs\u00e4ljare.<\/li>\n<li><strong>Snabb och p\u00e5litlig frakt \u00f6ver hela Europa<\/strong>: Med fokus p\u00e5 europeiska kunder garanterar Vapebulkp.com snabb leverans och exceptionell kundservice.<\/li>\n<\/ol>\n<p>Oavsett om du letar efter en <strong>l\u00e5ngvarig eng\u00e5ngsvape<\/strong> eller vill fylla p\u00e5 med en topps\u00e4ljande produkt, \u00e4r <strong>WASPE CRYSTAL 40 000 Puffs<\/strong> p\u00e5 Vapebulkp.com \u00e4r det ultimata valet f\u00f6r smak, kvalitet och bekv\u00e4mlighet.<\/p>\n<h3>WASPE CRYSTAL Vapes 40000 Puff Egenskaper<\/h3>\n<ul>\n<li><strong>Puffar<\/strong>: Upp till 40 000 (20 000 per smak)<\/li>\n<li><strong>Nikotin<\/strong>: 0%, 2%, 3%, 5%<\/li>\n<li><strong>E-v\u00e4tska<\/strong>: 32mL f\u00f6rfylld kapacitet<\/li>\n<li><strong>Batteri<\/strong>: 850mAh, USB Type-C laddning<\/li>\n<li><strong>Spole<\/strong>: 0,9\u03a9 dubbel mesh-spole<\/li>\n<li><strong>Anv\u00e4ndning<\/strong>: Dragaktiverad<\/li>\n<li><strong>Egenskaper<\/strong>: LED-display, batteri<\/li>\n<\/ul>\n<h3>WASPE CRYSTAL 40000 Puffs Eng\u00e5ngs Vapes Smaklista<\/h3>\n<\/div>\n<\/div>\n<\/div>\n<\/div>\n<p>1. Vattenmelon Is<br \/>\n2. Red Bull Is<br \/>\n3. Jordgubbe Red Bull<br \/>\n4. Bl\u00e5b\u00e4r Godis<br \/>\n5. Jordgubbe Kiwi<br \/>\n6. Bl\u00e5b\u00e4r Hallon<br \/>\n7. Jordgubbe Hallon K\u00f6rsb\u00e4r<br \/>\n8. Persika Is<br \/>\n9. Jordgubb Banan<br \/>\n10. Druva Is<br \/>\n11. Blandade B\u00e4r<br \/>\n12. Bl\u00e5b\u00e4r Is<\/p>\n<p><a href=\"https:\/\/vapebulkp.com\/sv\/product\/bang-king-35000-puffs-wholesale-puff-tornado-vape\/\"><span style=\"vertical-align: inherit\">Bang King 35000 bloss <\/span><\/a><\/p>\n<p><span style=\"vertical-align: inherit\">Hitta fler produkter du kanske gillar:<\/span><em><a href=\"https:\/\/wa.me\/8618077105796\"><span style=\"vertical-align: inherit\">\u00a0K\u00f6p nu<\/span><\/a><\/em><\/p>\n<p><span style=\"vertical-align: inherit\">Andra Puffs du kanske gillar:<\/span><a href=\"https:\/\/vapebulkp.com\/sv\/product\/wholesale-price-bang-kingdoms-rex-32000-puffs-vape-pod\/\"><span style=\"vertical-align: inherit\">Bang Kingdoms 32000 Puffs<\/span><\/a><span style=\"vertical-align: inherit\">\u3001<\/span><a href=\"https:\/\/vapebulkp.com\/sv\/product\/razz-bar-25000-puffs-wholesale-price-vape-eu-warehouse\/\"><span style=\"vertical-align: inherit\">RAZZBAR 25000 bloss<\/span><\/a><span style=\"vertical-align: inherit\">\/ <\/span><a href=\"https:\/\/vapebulkp.com\/sv\/product\/vapsolo-best-quality-viking-12k-puffs-disposable-vapes\/\"><span style=\"vertical-align: inherit\">Vapsolo viking 12000 Puffar<\/span><\/a><span style=\"vertical-align: inherit\">\/ <\/span><a href=\"https:\/\/vapebulkp.com\/sv\/product\/uwin-tornado-music-35k-puffs-vape-wholesale-nicotine-free\/\"><span style=\"vertical-align: inherit\">UWIN Tornado Music 35000 bloss<\/span><\/a><\/p>\n<h4>Vanliga fr\u00e5gor f\u00f6r Partihandel Vape WASPE CRYSTAL 40000 Puffs<\/h4>\n<div class=\"flex max-w-full flex-col flex-grow\">\n<div class=\"min-h-8 text-message flex w-full flex-col items-end gap-2 whitespace-normal break-words text-start [.text-message+&amp;]:mt-5\" dir=\"auto\" data-message-author-role=\"assistant\" data-message-id=\"67b557fa-6250-453f-85c1-f724d371f19e\" data-message-model-slug=\"gpt-4o-mini\">\n<div class=\"flex w-full flex-col gap-1 empty:hidden first:pt-[3px]\">\n<div class=\"markdown prose w-full break-words dark:prose-invert light\">\n<p><strong>1. Vad \u00e4r puffr\u00e4kningen f\u00f6r WASPE CRYSTAL 40 000 Puffs?<\/strong><br \/>\nDen <strong>WASPE CRYSTAL 40 000 Puffs<\/strong> erbjuder imponerande <strong>40 000 bloss<\/strong>, med <strong>20 000 bloss per smak<\/strong>, som ger en ut\u00f6kad vapingupplevelse som varar l\u00e4ngre \u00e4n de flesta eng\u00e5ngsvapes.<\/p>\n<p><strong>2. Vilka nikotinalternativ finns tillg\u00e4ngliga f\u00f6r WASPE CRYSTAL 40 000 puffvape?<\/strong><br \/>\nDen <strong>WASPE KRISTALL<\/strong> erbjuder flexibla nikotinstyrkor f\u00f6r att m\u00f6ta dina preferenser, inklusive <strong>0%, 2%, 3% och 5% nikotin<\/strong> alternativ, s\u00e5 att du kan anpassa din vapingupplevelse.<\/p>\n<p><strong>3. \u00c4r WASPE Vape CRYSTAL 40 000 Puffs l\u00e4mplig f\u00f6r l\u00e5ngtidsanv\u00e4ndning?<\/strong><br \/>\nJa, med sin <strong>dubbel smaksystem<\/strong>, <strong>stor e-v\u00e4tskekapacitet<\/strong>och ut\u00f6kade puffr\u00e4kning \u00e4r <strong>WASPE KRISTALL<\/strong> designad f\u00f6r l\u00e5ngtidsanv\u00e4ndning och erbjuder en <strong>bekv\u00e4m och p\u00e5litlig vapel\u00f6sning<\/strong> f\u00f6r daglig njutning.<\/p>\n<p><strong>4. Vilka \u00e4r f\u00f6rdelarna med att v\u00e4lja Bulk Price WASPE CRYSTAL 40 000 Puffs fr\u00e5n Vapebulkp.com?<\/strong><br \/>\nGenom att k\u00f6pa fr\u00e5n <strong>Vapebulkp.com<\/strong>f\u00e5r du <strong>konkurrenskraftiga grossistpriser<\/strong>, <strong>utm\u00e4rkt kundservice<\/strong>, och <strong>snabb leverans<\/strong> i hela Europa. Dessutom erbjuder <strong>WASPE CRYSTAL 40 000 Puffs<\/strong> den <strong>kvalitet<\/strong>, <strong>o\u00f6vertr\u00e4ffad smakvariation<\/strong>, och <strong>l\u00e5ngvarig prestanda<\/strong>.<\/p>\n<p>Oavsett om du \u00e4r en tillf\u00e4llig vejpare eller en \u00e5terf\u00f6rs\u00e4ljare som letar efter en h\u00f6gkvalitativ, l\u00e5ngvarig produkt, \u00e4r <strong>WASPE CRYSTAL 40 000 Puffs<\/strong> ett toppval som finns tillg\u00e4ngligt p\u00e5 <strong>Vapebulkp.com.<\/strong><\/p>\n<\/div>\n<\/div>\n<\/div>\n<\/div>\n<h4>Leveransdetaljer:<\/h4>\n<p><span style=\"color: #ff6600\">Produktionstid: 5-10 arbetsdagar<\/span><br \/>\n<span style=\"color: #ff6600\">Leveranstid: 8-14 arbetsdagar<\/span><\/p>\n<p>Alla produkter i v\u00e5r butik \u00e4r 100% originala och autentiska, d\u00e4rf\u00f6r \u00e4r Tiofaldig ers\u00e4ttning f\u00f6r falska varor v\u00e5r butikspolicy. Vi anv\u00e4nder logistikkanaler som UPS\/DHL\/FEDEX\/DPD f\u00f6r att leverera varor till dig.<\/p>\n<p>F\u00f6r paket som skickas inom Sverige tar det vanligtvis 10 arbetsdagar att anl\u00e4nda. Leveranser till andra europeiska l\u00e4nder tar vanligtvis 12 till 15 arbetsdagar att anl\u00e4nda. Vi uppdaterar logistikinformationen f\u00f6r dig i realtid.<\/p>","protected":false},"excerpt":{"rendered":"<div class=\"flex-shrink-0 flex flex-col relative items-end\">\n<div class=\"pt-0\">\n<div class=\"gizmo-bot-avatar flex h-8 w-8 items-center justify-center overflow-hidden rounded-full\">\n<div class=\"relative p-1 rounded-sm flex items-center justify-center bg-token-main-surface-primary text-token-text-primary h-8 w-8\">\n<ul>\n<li><strong>WASPE CRYSTAL 40000 bloss Vape Pen med Dubbla Smaker f\u00f6r L\u00e5ngvariga Sessioner<\/strong><\/li>\n<li><strong>Uppladdningsbar WASPE CRYSTAL 40 000 bloss Eng\u00e5ngs E-cigarett f\u00f6r F\u00f6rl\u00e4ngd Vaping<\/strong><\/li>\n<li><strong>WASPE CRYSTAL 40k bloss Elektronisk Vape med Justerbar Nikotin och Kylande Smaker<\/strong><\/li>\n<\/ul>\n<\/div>\n<\/div>\n<\/div>\n<\/div>\n<p>Kontakta Mandy via WhatsApp f\u00f6r rabatterat pris<a href=\"https:\/\/wa.me\/8618077105796\">+8618077105796<\/a><\/p>\n<p><img decoding=\"async\" class=\"alignnone wp-image-2151\" src=\"http:\/\/vapebulkp.com\/wp-content\/uploads\/2024\/04\/Mandy-WhatsApp-Randm.jpg\" alt=\"Mandy WhatsApp Randm\" width=\"297\" height=\"316\" srcset=\"https:\/\/vapebulkp.com\/wp-content\/uploads\/2024\/04\/Mandy-WhatsApp-Randm.jpg 916w, https:\/\/vapebulkp.com\/wp-content\/uploads\/2024\/04\/Mandy-WhatsApp-Randm-282x300.jpg 282w, https:\/\/vapebulkp.com\/wp-content\/uploads\/2024\/04\/Mandy-WhatsApp-Randm-768x817.jpg 768w, https:\/\/vapebulkp.com\/wp-content\/uploads\/2024\/04\/Mandy-WhatsApp-Randm-600x638.jpg 600w\" sizes=\"(max-width: 297px) 100vw, 297px\" \/><\/p>\n<p><span style=\"color: #ff0000\">OBS: Priserna p\u00e5 v\u00e5r webbplats inkluderar inte fraktkostnader<\/span><\/p>\n<p>&nbsp;<\/p>","protected":false},"featured_media":3389,"comment_status":"open","ping_status":"closed","template":"","meta":{"_uag_custom_page_level_css":"","_lmt_disableupdate":"no","_lmt_disable":"","site-sidebar-layout":"default","site-content-layout":"content-boxed-container","ast-site-content-layout":"normal-width-container","site-content-style":"boxed","site-sidebar-style":"unboxed","ast-global-header-display":"","ast-banner-title-visibility":"","ast-main-header-display":"","ast-hfb-above-header-display":"","ast-hfb-below-header-display":"","ast-hfb-mobile-header-display":"","site-post-title":"","ast-breadcrumbs-content":"","ast-featured-img":"","footer-sml-layout":"","theme-transparent-header-meta":"default","adv-header-id-meta":"","stick-header-meta":"","header-above-stick-meta":"","header-main-stick-meta":"","header-below-stick-meta":"","astra-migrate-meta-layouts":"set","_joinchat":[]},"product_cat":[182,153,155,33,59,100,87,34,158,157,154,152,58,84,156,63,32,365],"product_tag":[36,37,41,40,203],"class_list":["post-3391","product","type-product","status-publish","has-post-thumbnail","hentry","product_cat-40000-puffs-disposable-vape","product_cat-hot-disposable-vapes","product_cat-belgium-hot-disposable-vapes","product_cat-france-vape-hot-sale","product_cat-germany-hot-disposable-vape","product_cat-germany-wholesale-vape-shop","product_cat-minimum-order-quantity-50pcs","product_cat-netherlands-vape-good-sale","product_cat-norway-hot-disposable-vapes","product_cat-poland-hot-disposable-vapes","product_cat-portugal-hot-disposable-vapes","product_cat-spain-hot-disposable-vapes","product_cat-sweden-hot-disposable-vape","product_cat-sweden-wholesale-vape","product_cat-switzerland-hot-disposable-vapes","product_cat-top-sale-disposable-vape","product_cat-vape-hot-sale-this-week","product_cat-waspe-vape","product_tag-good-vape","product_tag-hot-sale-disposable-vape","product_tag-poland-hot-vape","product_tag-sweden-hot-vape","product_tag-waspe-crystal-vape-40000-puffs","pa_brand-waspe-vape","desktop-align-left","tablet-align-left","mobile-align-left"],"yoast_head":"<!-- This site is optimized with the Yoast SEO plugin v21.1 - https:\/\/yoast.com\/wordpress\/plugins\/seo\/ -->\n<title>Waspe Crystal Vape 40000 Puffs Disposable E-Cigarette Dual Flavors Wholesale Price - vapebulkp.com<\/title>\n<meta name=\"description\" content=\"Shop Waspe Crystal Vape 40000 Puffs with dual flavors, rechargeable design, and wholesale pricing at Vapebulkp.com!\" \/>\n<meta name=\"robots\" content=\"index, follow, max-snippet:-1, max-image-preview:large, max-video-preview:-1\" \/>\n<link rel=\"canonical\" href=\"https:\/\/vapebulkp.com\/sv\/product\/waspe-crystal-vape-40000-puffs-disposable-e-cigarette-dual-flavors-wholesale-price\/\" \/>\n<meta property=\"og:locale\" content=\"sv_SE\" \/>\n<meta property=\"og:type\" content=\"article\" \/>\n<meta property=\"og:title\" content=\"Waspe Crystal Vape 40000 Puffs Disposable E-Cigarette Dual Flavors Wholesale Price - vapebulkp.com\" \/>\n<meta property=\"og:description\" content=\"Shop Waspe Crystal Vape 40000 Puffs with dual flavors, rechargeable design, and wholesale pricing at Vapebulkp.com!\" \/>\n<meta property=\"og:url\" content=\"https:\/\/vapebulkp.com\/sv\/product\/waspe-crystal-vape-40000-puffs-disposable-e-cigarette-dual-flavors-wholesale-price\/\" \/>\n<meta property=\"og:site_name\" content=\"vapebulkp.com\" \/>\n<meta property=\"article:modified_time\" content=\"2025-09-16T09:28:40+00:00\" \/>\n<meta property=\"og:image\" content=\"http:\/\/vapebulkp.com\/wp-content\/uploads\/2025\/01\/WASPE-CRYSTAL-VAPE-40000-PUFF-VAPE-PODS.jpg\" \/>\n\t<meta property=\"og:image:width\" content=\"800\" \/>\n\t<meta property=\"og:image:height\" content=\"800\" \/>\n\t<meta property=\"og:image:type\" content=\"image\/jpeg\" \/>\n<meta name=\"twitter:card\" content=\"summary_large_image\" \/>\n<meta name=\"twitter:label1\" content=\"Ber\u00e4knad l\u00e4stid\" \/>\n\t<meta name=\"twitter:data1\" content=\"4 minuter\" \/>\n<script type=\"application\/ld+json\" class=\"yoast-schema-graph\">{\"@context\":\"https:\/\/schema.org\",\"@graph\":[{\"@type\":\"WebPage\",\"@id\":\"https:\/\/vapebulkp.com\/product\/waspe-crystal-vape-40000-puffs-disposable-e-cigarette-dual-flavors-wholesale-price\/\",\"url\":\"https:\/\/vapebulkp.com\/product\/waspe-crystal-vape-40000-puffs-disposable-e-cigarette-dual-flavors-wholesale-price\/\",\"name\":\"Waspe Crystal Vape 40000 Puffs Disposable E-Cigarette Dual Flavors Wholesale Price - vapebulkp.com\",\"isPartOf\":{\"@id\":\"https:\/\/vapebulkp.com\/#website\"},\"datePublished\":\"2025-02-01T08:07:22+00:00\",\"dateModified\":\"2025-09-16T09:28:40+00:00\",\"description\":\"Shop Waspe Crystal Vape 40000 Puffs with dual flavors, rechargeable design, and wholesale pricing at Vapebulkp.com!\",\"breadcrumb\":{\"@id\":\"https:\/\/vapebulkp.com\/product\/waspe-crystal-vape-40000-puffs-disposable-e-cigarette-dual-flavors-wholesale-price\/#breadcrumb\"},\"inLanguage\":\"sv-SE\",\"potentialAction\":[{\"@type\":\"ReadAction\",\"target\":[\"https:\/\/vapebulkp.com\/product\/waspe-crystal-vape-40000-puffs-disposable-e-cigarette-dual-flavors-wholesale-price\/\"]}]},{\"@type\":\"BreadcrumbList\",\"@id\":\"https:\/\/vapebulkp.com\/product\/waspe-crystal-vape-40000-puffs-disposable-e-cigarette-dual-flavors-wholesale-price\/#breadcrumb\",\"itemListElement\":[{\"@type\":\"ListItem\",\"position\":1,\"name\":\"Home\",\"item\":\"https:\/\/vapebulkp.com\/\"},{\"@type\":\"ListItem\",\"position\":2,\"name\":\"Hot Trend Vapes\",\"item\":\"https:\/\/vapebulkp.com\/vape-shop\/\"},{\"@type\":\"ListItem\",\"position\":3,\"name\":\"Waspe Crystal Vape 40000 Puffs Disposable E-Cigarette Dual Flavors Wholesale Price\"}]},{\"@type\":\"WebSite\",\"@id\":\"https:\/\/vapebulkp.com\/#website\",\"url\":\"https:\/\/vapebulkp.com\/\",\"name\":\"vapebulkp.com\",\"description\":\"Buy Vape In Cheap Bulk Price Near you\",\"publisher\":{\"@id\":\"https:\/\/vapebulkp.com\/#organization\"},\"potentialAction\":[{\"@type\":\"SearchAction\",\"target\":{\"@type\":\"EntryPoint\",\"urlTemplate\":\"https:\/\/vapebulkp.com\/?s={search_term_string}\"},\"query-input\":\"required name=search_term_string\"}],\"inLanguage\":\"sv-SE\"},{\"@type\":\"Organization\",\"@id\":\"https:\/\/vapebulkp.com\/#organization\",\"name\":\"vapebulkp.com\",\"url\":\"https:\/\/vapebulkp.com\/\",\"logo\":{\"@type\":\"ImageObject\",\"inLanguage\":\"sv-SE\",\"@id\":\"https:\/\/vapebulkp.com\/#\/schema\/logo\/image\/\",\"url\":\"https:\/\/vapebulkp.com\/wp-content\/uploads\/2023\/09\/cropped-vapebulkp.png\",\"contentUrl\":\"https:\/\/vapebulkp.com\/wp-content\/uploads\/2023\/09\/cropped-vapebulkp.png\",\"width\":516,\"height\":163,\"caption\":\"vapebulkp.com\"},\"image\":{\"@id\":\"https:\/\/vapebulkp.com\/#\/schema\/logo\/image\/\"}}]}<\/script>\n<!-- \/ Yoast SEO plugin. -->","yoast_head_json":{"title":"Waspe Crystal Vape 40000 Puffs Disposable E-Cigarette Dual Flavors Wholesale Price - vapebulkp.com","description":"Shop Waspe Crystal Vape 40000 Puffs with dual flavors, rechargeable design, and wholesale pricing at Vapebulkp.com!","robots":{"index":"index","follow":"follow","max-snippet":"max-snippet:-1","max-image-preview":"max-image-preview:large","max-video-preview":"max-video-preview:-1"},"canonical":"https:\/\/vapebulkp.com\/sv\/product\/waspe-crystal-vape-40000-puffs-disposable-e-cigarette-dual-flavors-wholesale-price\/","og_locale":"sv_SE","og_type":"article","og_title":"Waspe Crystal Vape 40000 Puffs Disposable E-Cigarette Dual Flavors Wholesale Price - vapebulkp.com","og_description":"Shop Waspe Crystal Vape 40000 Puffs with dual flavors, rechargeable design, and wholesale pricing at Vapebulkp.com!","og_url":"https:\/\/vapebulkp.com\/sv\/product\/waspe-crystal-vape-40000-puffs-disposable-e-cigarette-dual-flavors-wholesale-price\/","og_site_name":"vapebulkp.com","article_modified_time":"2025-09-16T09:28:40+00:00","og_image":[{"width":800,"height":800,"url":"http:\/\/vapebulkp.com\/wp-content\/uploads\/2025\/01\/WASPE-CRYSTAL-VAPE-40000-PUFF-VAPE-PODS.jpg","type":"image\/jpeg"}],"twitter_card":"summary_large_image","twitter_misc":{"Ber\u00e4knad l\u00e4stid":"4 minuter"},"schema":{"@context":"https:\/\/schema.org","@graph":[{"@type":"WebPage","@id":"https:\/\/vapebulkp.com\/product\/waspe-crystal-vape-40000-puffs-disposable-e-cigarette-dual-flavors-wholesale-price\/","url":"https:\/\/vapebulkp.com\/product\/waspe-crystal-vape-40000-puffs-disposable-e-cigarette-dual-flavors-wholesale-price\/","name":"Waspe Crystal Vape 40000 Puffs Disposable E-Cigarette Dual Flavors Wholesale Price - vapebulkp.com","isPartOf":{"@id":"https:\/\/vapebulkp.com\/#website"},"datePublished":"2025-02-01T08:07:22+00:00","dateModified":"2025-09-16T09:28:40+00:00","description":"Shop Waspe Crystal Vape 40000 Puffs with dual flavors, rechargeable design, and wholesale pricing at Vapebulkp.com!","breadcrumb":{"@id":"https:\/\/vapebulkp.com\/product\/waspe-crystal-vape-40000-puffs-disposable-e-cigarette-dual-flavors-wholesale-price\/#breadcrumb"},"inLanguage":"sv-SE","potentialAction":[{"@type":"ReadAction","target":["https:\/\/vapebulkp.com\/product\/waspe-crystal-vape-40000-puffs-disposable-e-cigarette-dual-flavors-wholesale-price\/"]}]},{"@type":"BreadcrumbList","@id":"https:\/\/vapebulkp.com\/product\/waspe-crystal-vape-40000-puffs-disposable-e-cigarette-dual-flavors-wholesale-price\/#breadcrumb","itemListElement":[{"@type":"ListItem","position":1,"name":"Home","item":"https:\/\/vapebulkp.com\/"},{"@type":"ListItem","position":2,"name":"Hot Trend Vapes","item":"https:\/\/vapebulkp.com\/vape-shop\/"},{"@type":"ListItem","position":3,"name":"Waspe Crystal Vape 40000 Puffs Disposable E-Cigarette Dual Flavors Wholesale Price"}]},{"@type":"WebSite","@id":"https:\/\/vapebulkp.com\/#website","url":"https:\/\/vapebulkp.com\/","name":"vapebulkp.com","description":"Buy Vape In Cheap Bulk Price Near you","publisher":{"@id":"https:\/\/vapebulkp.com\/#organization"},"potentialAction":[{"@type":"SearchAction","target":{"@type":"EntryPoint","urlTemplate":"https:\/\/vapebulkp.com\/?s={search_term_string}"},"query-input":"required name=search_term_string"}],"inLanguage":"sv-SE"},{"@type":"Organization","@id":"https:\/\/vapebulkp.com\/#organization","name":"vapebulkp.com","url":"https:\/\/vapebulkp.com\/","logo":{"@type":"ImageObject","inLanguage":"sv-SE","@id":"https:\/\/vapebulkp.com\/#\/schema\/logo\/image\/","url":"https:\/\/vapebulkp.com\/wp-content\/uploads\/2023\/09\/cropped-vapebulkp.png","contentUrl":"https:\/\/vapebulkp.com\/wp-content\/uploads\/2023\/09\/cropped-vapebulkp.png","width":516,"height":163,"caption":"vapebulkp.com"},"image":{"@id":"https:\/\/vapebulkp.com\/#\/schema\/logo\/image\/"}}]}},"uagb_featured_image_src":{"full":["https:\/\/vapebulkp.com\/wp-content\/uploads\/2025\/01\/WASPE-CRYSTAL-VAPE-40000-PUFF-VAPE-PODS.jpg",800,800,false],"thumbnail":["https:\/\/vapebulkp.com\/wp-content\/uploads\/2025\/01\/WASPE-CRYSTAL-VAPE-40000-PUFF-VAPE-PODS-150x150.jpg",150,150,true],"medium":["https:\/\/vapebulkp.com\/wp-content\/uploads\/2025\/01\/WASPE-CRYSTAL-VAPE-40000-PUFF-VAPE-PODS-300x300.jpg",300,300,true],"medium_large":["https:\/\/vapebulkp.com\/wp-content\/uploads\/2025\/01\/WASPE-CRYSTAL-VAPE-40000-PUFF-VAPE-PODS-768x768.jpg",768,768,true],"large":["https:\/\/vapebulkp.com\/wp-content\/uploads\/2025\/01\/WASPE-CRYSTAL-VAPE-40000-PUFF-VAPE-PODS.jpg",800,800,false],"1536x1536":["https:\/\/vapebulkp.com\/wp-content\/uploads\/2025\/01\/WASPE-CRYSTAL-VAPE-40000-PUFF-VAPE-PODS.jpg",800,800,false],"2048x2048":["https:\/\/vapebulkp.com\/wp-content\/uploads\/2025\/01\/WASPE-CRYSTAL-VAPE-40000-PUFF-VAPE-PODS.jpg",800,800,false],"trp-custom-language-flag":["https:\/\/vapebulkp.com\/wp-content\/uploads\/2025\/01\/WASPE-CRYSTAL-VAPE-40000-PUFF-VAPE-PODS.jpg",12,12,false],"woocommerce_thumbnail":["https:\/\/vapebulkp.com\/wp-content\/uploads\/2025\/01\/WASPE-CRYSTAL-VAPE-40000-PUFF-VAPE-PODS-300x300.jpg",300,300,true],"woocommerce_single":["https:\/\/vapebulkp.com\/wp-content\/uploads\/2025\/01\/WASPE-CRYSTAL-VAPE-40000-PUFF-VAPE-PODS-600x600.jpg",600,600,true],"woocommerce_gallery_thumbnail":["https:\/\/vapebulkp.com\/wp-content\/uploads\/2025\/01\/WASPE-CRYSTAL-VAPE-40000-PUFF-VAPE-PODS-100x100.jpg",100,100,true],"wcpr-photo-reviews":["https:\/\/vapebulkp.com\/wp-content\/uploads\/2025\/01\/WASPE-CRYSTAL-VAPE-40000-PUFF-VAPE-PODS.jpg",500,500,false]},"uagb_author_info":{"display_name":"Mandy vape bulk price","author_link":"https:\/\/vapebulkp.com\/sv\/author\/"},"uagb_comment_info":0,"uagb_excerpt":"WASPE CRYSTAL 40000 Puffs Vape Pen with Dual Flavors for Long-Lasting Sessions Rechargeable WASPE CRYSTAL 40,000 Puff Disposable E-Cigarette for Prolonged Vaping WASPE CRYSTAL 40k Puffs Electronic Vape with Adjustable Nicotine and Cooling Flavors Pls Contact Mandy's WhatsApp For Discount Price+8618077105796 NOTE: Prices on our website does not include shipping costs &nbsp;","_links":{"self":[{"href":"https:\/\/vapebulkp.com\/sv\/wp-json\/wp\/v2\/product\/3391","targetHints":{"allow":["GET"]}}],"collection":[{"href":"https:\/\/vapebulkp.com\/sv\/wp-json\/wp\/v2\/product"}],"about":[{"href":"https:\/\/vapebulkp.com\/sv\/wp-json\/wp\/v2\/types\/product"}],"replies":[{"embeddable":true,"href":"https:\/\/vapebulkp.com\/sv\/wp-json\/wp\/v2\/comments?post=3391"}],"wp:featuredmedia":[{"embeddable":true,"href":"https:\/\/vapebulkp.com\/sv\/wp-json\/wp\/v2\/media\/3389"}],"wp:attachment":[{"href":"https:\/\/vapebulkp.com\/sv\/wp-json\/wp\/v2\/media?parent=3391"}],"wp:term":[{"taxonomy":"product_cat","embeddable":true,"href":"https:\/\/vapebulkp.com\/sv\/wp-json\/wp\/v2\/product_cat?post=3391"},{"taxonomy":"product_tag","embeddable":true,"href":"https:\/\/vapebulkp.com\/sv\/wp-json\/wp\/v2\/product_tag?post=3391"}],"curies":[{"name":"wp","href":"https:\/\/api.w.org\/{rel}","templated":true}]}}