{"id":3410,"date":"2025-01-29T10:52:28","date_gmt":"2025-01-29T09:52:28","guid":{"rendered":"https:\/\/vapebulkp.com\/?post_type=product&#038;p=3410"},"modified":"2025-09-17T10:32:25","modified_gmt":"2025-09-17T08:32:25","slug":"fihp-digital-12000-puffs-disposable-e-cigarette-stylish-reliable-vape","status":"publish","type":"product","link":"https:\/\/vapebulkp.com\/sv\/product\/fihp-digital-12000-puffs-disposable-e-cigarette-stylish-reliable-vape\/","title":{"rendered":"FIHP Digital 12000 Bloss Eng\u00e5ngs E-cigarett Snygg P\u00e5litlig Vejp"},"content":{"rendered":"<h2>FIHP Digital 12000 Bloss Eng\u00e5ngs E-cigarett Snygg P\u00e5litlig Vejp<\/h2>\n<p>&nbsp;<\/p>\n<p>Den <strong>FIHP Digital 12000 Puffs Eng\u00e5ngs E-Cigarett<\/strong> omdefinierar sofistikation i vaping-v\u00e4rlden. Designad med modern elegans och banbrytande innovation, erbjuder denna premiumenhet en s\u00f6ml\u00f6s blandning av stil, p\u00e5litlighet och prestanda f\u00f6r den kr\u00e4sne vejparen.<\/p>\n<p>Med sitt imponerande antal bloss p\u00e5 <strong>12,000<\/strong>, s\u00e4kerst\u00e4ller FIHP Digital l\u00e5ngvarig tillfredsst\u00e4llelse, vilket g\u00f6r den till ett idealiskt val f\u00f6r dem som v\u00e4rdes\u00e4tter h\u00e5llbarhet och bekv\u00e4mlighet. F\u00f6rfylld med <strong>20 ml av expertblandad e-v\u00e4tska<\/strong> och tillg\u00e4nglig i <strong>21 mg och 51 mg nikotinstyrkor<\/strong>, levererar den en mjuk, tillfredsst\u00e4llande upplevelse anpassad efter dina preferenser.<\/p>\n<p>A <strong>650mAh uppladdningsbart batteri<\/strong> med <strong>Type-C snabbladdning<\/strong> s\u00e4kerst\u00e4ller oavbruten njutning, medan den eleganta <strong>LED-displayen<\/strong> h\u00e5ller dig informerad om batteriniv\u00e5er och blossanv\u00e4ndning. Denna innovativa funktion understryker enhetens h\u00f6gklassiga funktionalitet och riktar sig till vejpare som prioriterar precision och kontroll.<\/p>\n<p>Kompakt och snygg, \u00e4r FIHP Digital perfekt f\u00f6r <strong>sociala sammanhang, resor<\/strong>eller daglig njutning. Dess \u00f6verl\u00e4gsna hantverk och eleganta design lyfter den bortom det vanliga och erbjuder en verkligt raffinerad vaping-upplevelse. F\u00f6r dem som kr\u00e4ver excellens \u00e4r <strong>FIHP Digital <a href=\"https:\/\/vapebulkp.com\/sv\/product-category\/12000-puffs-disposable-vape\/\">12000 Puffs Eng\u00e5ngs Vape<\/a><\/strong>\u00a0det ultimata valet inom eng\u00e5ngs e-cigaretter.<\/p>\n<h6 style=\"text-align: left\"><\/h6>\n<h6>Kontakta Mandy via WhatsApp f\u00f6r rabatterat pris<a href=\"https:\/\/wa.me\/8618077105796\">+8618077105796<\/a><\/h6>\n<p><img decoding=\"async\" class=\"alignnone wp-image-2151\" src=\"http:\/\/vapebulkp.com\/wp-content\/uploads\/2024\/04\/Mandy-WhatsApp-Randm.jpg\" alt=\"Mandy WhatsApp Randm\" width=\"287\" height=\"305\" srcset=\"https:\/\/vapebulkp.com\/wp-content\/uploads\/2024\/04\/Mandy-WhatsApp-Randm.jpg 916w, https:\/\/vapebulkp.com\/wp-content\/uploads\/2024\/04\/Mandy-WhatsApp-Randm-282x300.jpg 282w, https:\/\/vapebulkp.com\/wp-content\/uploads\/2024\/04\/Mandy-WhatsApp-Randm-768x817.jpg 768w, https:\/\/vapebulkp.com\/wp-content\/uploads\/2024\/04\/Mandy-WhatsApp-Randm-600x638.jpg 600w\" sizes=\"(max-width: 287px) 100vw, 287px\" \/><\/p>\n<h3 class=\"faqs-answer\"><span style=\"vertical-align: inherit\">Partihandel Vape FIHP 12k Puffs digital vape specifikationer:<\/span><\/h3>\n<ul>\n<li><strong>Stort antal bloss<\/strong>: Upp till 12 000 bloss<\/li>\n<li><strong>H\u00f6g e-v\u00e4tskekapacitet<\/strong>: 20 ml f\u00f6rfylld e-v\u00e4tska<\/li>\n<li><strong>Nikotinstyrka<\/strong>: 2% eller 5% nikotinalternativ<\/li>\n<li><strong>Batterikapacitet<\/strong>: 650mAh uppladdningsbart batteri med Type-C-laddning<\/li>\n<li><strong>Specialfunktioner<\/strong>: LED-display f\u00f6r batteri- och bloss\u00f6vervakning<\/li>\n<\/ul>\n<h2><\/h2>\n<h3>FIHP Digital 12k bloss Fumot Vape Smaklistor:<\/h3>\n<p>01. Lush Ice<br \/>\n02. Druva Is<br \/>\n03. K\u00f6rsb\u00e4r<br \/>\n04. Bl\u00e5b\u00e4r Hallon<br \/>\n05. Jordgubbs Kiwi<br \/>\n06. Blandade B\u00e4r<br \/>\n07. Jordgubb Vattenmelon<br \/>\n08. Vattenmelon Bubbelgum<br \/>\n09. Persiko Mango Ananas<br \/>\n10. Kiwi Passionfrukt Guava<\/p>\n<p><a href=\"https:\/\/vapebulkp.com\/sv\/product\/good-vape-jnr-shisha-15000-puffs-wholesale-vapme-shisha\/\"><span style=\"vertical-align: inherit\">Vapme JNR shisha 15000 bloss<\/span><\/a><\/p>\n<p><span style=\"vertical-align: inherit\">Hitta fler produkter du kanske gillar:<\/span><em><a href=\"https:\/\/wa.me\/8618077105796\"><span style=\"vertical-align: inherit\">\u00a0K\u00f6p nu<\/span><\/a><\/em><\/p>\n<p><span style=\"vertical-align: inherit\">Andra Puffs du kanske gillar:<\/span><a href=\"https:\/\/vapebulkp.com\/sv\/product\/vapsolo-super-15k-puffs-wholesale-price-e-cigarette\/\"><span style=\"vertical-align: inherit\">Vapsolo super 15k <\/span><\/a><span style=\"vertical-align: inherit\">\u3001<\/span><a href=\"https:\/\/vapebulkp.com\/sv\/product\/good-sale-randm-tornado-10000-puffs-plus\/\"><span style=\"vertical-align: inherit\">Randm 10000 bloss<\/span><\/a><span style=\"vertical-align: inherit\">\/ <\/span><a href=\"https:\/\/vapebulkp.com\/sv\/product\/best-price-wga-crystal-pro-max-15k-puffs-original-vape\/\"><span style=\"vertical-align: inherit\">WGA Crystal Pro Max 15000 Puffar<\/span><\/a><span style=\"vertical-align: inherit\">\/ <\/span><a href=\"https:\/\/vapebulkp.com\/sv\/product\/popular-randm-tornado-7000puffs-disposable-vape-best-price\/\"><span style=\"vertical-align: inherit\">RandM Tornado 7000 bloss<\/span><\/a><\/p>\n<p><span style=\"vertical-align: inherit\">E-cigarettflaska med specialform:<\/span><a href=\"https:\/\/vapebulkp.com\/sv\/product\/bang-box-12000puffs-good-vape-sweden-wholesale-price\/\"><span style=\"vertical-align: inherit\">Bang Box 12000 puffar <\/span><\/a><span style=\"vertical-align: inherit\">\/ <\/span><a href=\"https:\/\/vapebulkp.com\/sv\/product\/wholesale-tornado-rum-bar-9000-puffs-sweden\/\"><span style=\"vertical-align: inherit\">Rumbar 9000 bloss<\/span><\/a><span style=\"vertical-align: inherit\">\/<\/span><a href=\"https:\/\/vapebulkp.com\/sv\/product\/bang-30k-puffs-new-double-taste-good-vape\/\"><span style=\"vertical-align: inherit\">Bang 30000 bloss<\/span><\/a><\/p>\n<h4>FAQ Om FIHP Digital 12000 Puffs Eng\u00e5ngs E-Cigarett<\/h4>\n<p><strong>1. Vad \u00e4r puffkapaciteten f\u00f6r FIHP Digital 12000 Puffs eng\u00e5ngs E-cigarett?<\/strong><\/p>\n<p>FIHP Digital erbjuder imponerande <strong>12 000 bloss<\/strong>, vilket g\u00f6r den till ett l\u00e5ngvarigt alternativ f\u00f6r vejpare som prioriterar ut\u00f6kad anv\u00e4ndning och bekv\u00e4mlighet.<\/p>\n<p><strong>2. Vad \u00e4r e-v\u00e4tskekapaciteten och nikotinstyrkan f\u00f6r Wholesale Vape FIHP Digital 12000 puff?<\/strong><\/p>\n<p>Denna enhet levereras f\u00f6rfylld med <strong>20 ml e-v\u00e4tska<\/strong>, tillg\u00e4nglig i <strong>2% eller 5% nikotin<\/strong> styrkor f\u00f6r att tillgodose olika preferenser.<\/p>\n<p><strong>3. Vad f\u00e5r FIHP Digital att sticka ut?<\/strong><\/p>\n<p>Dess kombination av <strong>h\u00f6g puffkapacitet, snygg LED-sk\u00e4rm, premiumdesign<\/strong>, och <strong>uppladdningsbar funktionalitet<\/strong> g\u00f6r den till ett enast\u00e5ende val p\u00e5 marknaden f\u00f6r eng\u00e5ngs e-cigaretter.<\/p>\n<h4><strong>Leveransdetaljer:<\/strong><\/h4>\n<p><span style=\"color: #ff6600\">Produktionstid: 5-10 arbetsdagar<\/span><br \/>\n<span style=\"color: #ff6600\">Leveranstid: 8-14 arbetsdagar<\/span><\/p>\n<p>Alla produkter i v\u00e5r butik \u00e4r 100% originala och autentiska, d\u00e4rf\u00f6r \u00e4r Tiofaldig ers\u00e4ttning f\u00f6r falska varor v\u00e5r butikspolicy. Vi anv\u00e4nder logistikkanaler som UPS\/DHL\/FEDEX\/DPD f\u00f6r att leverera varor till dig.<\/p>\n<p>F\u00f6r paket som skickas inom Sverige tar det vanligtvis 10 arbetsdagar att anl\u00e4nda. Leveranser till andra europeiska l\u00e4nder tar vanligtvis 12 till 15 arbetsdagar att anl\u00e4nda. Vi uppdaterar logistikinformationen f\u00f6r dig i realtid.<\/p>\n<h4><strong>Varf\u00f6r v\u00e4lja Vapebulkp f\u00f6r dina behov av FIHP Digital 12000 Puffs Vape Pods?<\/strong><\/h4>\n<p>N\u00e4r det g\u00e4ller att k\u00f6pa h\u00f6gkvalitativa vape-produkter, <strong>Vapebulkp<\/strong> sticker ut som en p\u00e5litlig och p\u00e5litlig k\u00e4lla. H\u00e4r \u00e4r varf\u00f6r det \u00e4r det idealiska valet f\u00f6r dina <strong>FIHP Digital 12000 Puffs Eng\u00e5ngs Vape Pods<\/strong>:<\/p>\n<p><strong>1. Omfattande produktsortiment<\/strong><\/p>\n<p>Vapebulkp erbjuder ett m\u00e5ngsidigt urval av premium vapingprodukter, inklusive <strong>FIHP Digital 12000 Puffs<\/strong>. Oavsett om du letar efter olika nikotinstyrkor eller snygga designer, hittar du ett utvalt sortiment anpassat f\u00f6r att m\u00f6ta dina behov.<\/p>\n<p><strong>2. Konkurrenskraftiga grossistpriser<\/strong><\/p>\n<p>Med alternativ f\u00f6r bulkk\u00f6p tillhandah\u00e5ller Vapebulkp <strong>kostnadseffektiv priss\u00e4ttning<\/strong> f\u00f6r stora best\u00e4llningar, vilket g\u00f6r det till ett perfekt val f\u00f6r \u00e5terf\u00f6rs\u00e4ljare och enskilda k\u00f6pare som s\u00f6ker stort v\u00e4rde utan att kompromissa med kvaliteten.<\/p>\n<p><strong>3. Garanterad \u00e4kthet<\/strong><\/p>\n<p>Varje produkt som s\u00e4ljs p\u00e5 Vapebulkp \u00e4r <strong>100% \u00e4kta<\/strong>, vilket s\u00e4kerst\u00e4ller att du f\u00e5r den h\u00f6gkvalitativa kvalitet du f\u00f6rtj\u00e4nar. FIHP Digital kommer direkt fr\u00e5n p\u00e5litliga tillverkare f\u00f6r fullst\u00e4ndig sinnesro.<\/p>\n<p><strong>4. Snabb och s\u00e4ker frakt<\/strong><\/p>\n<p>Vapebulkp garanterar <strong>effektiv leverans<\/strong> \u00f6ver hela Europa och utanf\u00f6r, s\u00e5 att du kan njuta av dina produkter snabbt. S\u00e4ker f\u00f6rpackning garanterar att din best\u00e4llning anl\u00e4nder i perfekt skick.<\/p>\n<p><strong>5. Exceptionell kundsupport<\/strong><\/p>\n<p>Teamet p\u00e5 Vapebulkp tillhandah\u00e5ller <strong>responsiv och kunnig kundservice<\/strong>, redo att hj\u00e4lpa till med f\u00f6rfr\u00e5gningar eller ordersupport. Deras engagemang f\u00f6r kundn\u00f6jdhet skiljer dem fr\u00e5n andra.<\/p>\n<p><strong>6. Fokus p\u00e5 h\u00e5llbarhet<\/strong><\/p>\n<p>Som en plattform engagerad i innovation, erbjuder Vapebulkp milj\u00f6medvetna vapingalternativ som <strong>FIHP Digital 12000 Puffs<\/strong>, med en uppladdningsbar design som anpassar sig till moderna h\u00e5llbarhetsm\u00e5l.<\/p>\n<p><strong>7. Skr\u00e4ddarsytt f\u00f6r svenska vejpare<\/strong><\/p>\n<p>Vapebulkp f\u00f6rst\u00e5r preferenserna hos svenska kunder, och garanterar att produkter som FIHP Digital m\u00f6ter lokala trender, regleringar och krav p\u00e5 f\u00f6rstklassiga vapingl\u00f6sningar.<\/p>\n<p>F\u00f6r en <strong>en s\u00f6ml\u00f6s, p\u00e5litlig och kundfokuserad shoppingupplevelse<\/strong>, v\u00e4lj Vapebulkp som din prim\u00e4ra destination f\u00f6r <strong>FIHP Digital 12000 Puffs Eng\u00e5ngs Vape Pods<\/strong>. Njut av den perfekta balansen mellan kvalitet, v\u00e4rde och bekv\u00e4mlighet!<\/p>","protected":false},"excerpt":{"rendered":"<ul>\n<li>Partihandelspris IHP Digital 12000 Puffs Uppladdningsbara Vape Pods<\/li>\n<li>FIHP Digital Box Vape Pods med 12 000 bloss Partipris<\/li>\n<li>FIHP 12 000 Puffs Premium Vape Pods med LED-Display<\/li>\n<li>FIHP Digital Uppladdningsbara Vapes 12000 Puffs E-Cigarett Het F\u00f6rs\u00e4ljning<\/li>\n<\/ul>\n<p><img decoding=\"async\" class=\"alignnone wp-image-2151\" src=\"http:\/\/vapebulkp.com\/wp-content\/uploads\/2024\/04\/Mandy-WhatsApp-Randm.jpg\" alt=\"Mandy WhatsApp Randm\" width=\"269\" height=\"286\" srcset=\"https:\/\/vapebulkp.com\/wp-content\/uploads\/2024\/04\/Mandy-WhatsApp-Randm.jpg 916w, https:\/\/vapebulkp.com\/wp-content\/uploads\/2024\/04\/Mandy-WhatsApp-Randm-282x300.jpg 282w, https:\/\/vapebulkp.com\/wp-content\/uploads\/2024\/04\/Mandy-WhatsApp-Randm-768x817.jpg 768w, https:\/\/vapebulkp.com\/wp-content\/uploads\/2024\/04\/Mandy-WhatsApp-Randm-600x638.jpg 600w\" sizes=\"(max-width: 269px) 100vw, 269px\" \/><\/p>\n<p>Kontakta Mandy via WhatsApp f\u00f6r rabatterat pris<a href=\"https:\/\/wa.me\/8618077105796\">+8618077105796<\/a><\/p>\n<p><span style=\"color: #ff0000\">OBS: Priserna p\u00e5 v\u00e5r webbplats inkluderar inte fraktkostnader<\/span><\/p>\n<p>Huvudanledningar till k\u00f6p<br \/>\n1. Utm\u00e4rkt kvalitet och o\u00f6vertr\u00e4ffad prestanda.<\/p>\n<p>2. Konkurrenskraftigt pris och snabbt v\u00e4rde.<\/p>\n<p>3. Flera alternativ och snabb leverans.<\/p>\n<p>4. En tillfredsst\u00e4llande shoppingupplevelse<\/p>","protected":false},"featured_media":3396,"comment_status":"open","ping_status":"closed","template":"","meta":{"_uag_custom_page_level_css":"","_lmt_disableupdate":"no","_lmt_disable":"","site-sidebar-layout":"default","site-content-layout":"content-boxed-container","ast-site-content-layout":"normal-width-container","site-content-style":"boxed","site-sidebar-style":"unboxed","ast-global-header-display":"","ast-banner-title-visibility":"","ast-main-header-display":"","ast-hfb-above-header-display":"","ast-hfb-below-header-display":"","ast-hfb-mobile-header-display":"","site-post-title":"","ast-breadcrumbs-content":"","ast-featured-img":"","footer-sml-layout":"","theme-transparent-header-meta":"default","adv-header-id-meta":"","stick-header-meta":"","header-above-stick-meta":"","header-main-stick-meta":"","header-below-stick-meta":"","astra-migrate-meta-layouts":"set","_joinchat":{"telephone":"+8618077105796"}},"product_cat":[166,350,33,59,100,87,34,158,157,154,152,58,84,156,63,32],"product_tag":[68,36,37,41,75,40],"class_list":["post-3410","product","type-product","status-publish","has-post-thumbnail","hentry","product_cat-12000-puffs-disposable-vape","product_cat-fihp-vape","product_cat-france-vape-hot-sale","product_cat-germany-hot-disposable-vape","product_cat-germany-wholesale-vape-shop","product_cat-minimum-order-quantity-50pcs","product_cat-netherlands-vape-good-sale","product_cat-norway-hot-disposable-vapes","product_cat-poland-hot-disposable-vapes","product_cat-portugal-hot-disposable-vapes","product_cat-spain-hot-disposable-vapes","product_cat-sweden-hot-disposable-vape","product_cat-sweden-wholesale-vape","product_cat-switzerland-hot-disposable-vapes","product_cat-top-sale-disposable-vape","product_cat-vape-hot-sale-this-week","product_tag-12000-puffs","product_tag-good-vape","product_tag-hot-sale-disposable-vape","product_tag-poland-hot-vape","product_tag-randm-vape-9000-puffs","product_tag-sweden-hot-vape","pa_brand-fihp-vape","desktop-align-left","tablet-align-left","mobile-align-left"],"yoast_head":"<!-- This site is optimized with the Yoast SEO plugin v21.1 - https:\/\/yoast.com\/wordpress\/plugins\/seo\/ -->\n<title>FIHP Digital 12000 Puffs Disposable E-Cigarette Stylish Reliable Vape - vapebulkp.com<\/title>\n<meta name=\"description\" content=\"Shop the wholesale FIHP Digital 12000 Puffs Vape Pods Rechargeable, sleek design, LED display, 20mL e-liquid, smooth nicotine options.\" \/>\n<meta name=\"robots\" content=\"index, follow, max-snippet:-1, max-image-preview:large, max-video-preview:-1\" \/>\n<link rel=\"canonical\" href=\"https:\/\/vapebulkp.com\/sv\/product\/fihp-digital-12000-puffs-disposable-e-cigarette-stylish-reliable-vape\/\" \/>\n<meta property=\"og:locale\" content=\"sv_SE\" \/>\n<meta property=\"og:type\" content=\"article\" \/>\n<meta property=\"og:title\" content=\"FIHP Digital 12000 Puffs Disposable E-Cigarette Stylish Reliable Vape - vapebulkp.com\" \/>\n<meta property=\"og:description\" content=\"Shop the wholesale FIHP Digital 12000 Puffs Vape Pods Rechargeable, sleek design, LED display, 20mL e-liquid, smooth nicotine options.\" \/>\n<meta property=\"og:url\" content=\"https:\/\/vapebulkp.com\/sv\/product\/fihp-digital-12000-puffs-disposable-e-cigarette-stylish-reliable-vape\/\" \/>\n<meta property=\"og:site_name\" content=\"vapebulkp.com\" \/>\n<meta property=\"article:modified_time\" content=\"2025-09-17T08:32:25+00:00\" \/>\n<meta property=\"og:image\" content=\"http:\/\/vapebulkp.com\/wp-content\/uploads\/2025\/01\/FIHP-12000-Puffs-Rechargeable-Disposable-Vape-Pen-Long-Lasting-Performance.webp\" \/>\n\t<meta property=\"og:image:width\" content=\"800\" \/>\n\t<meta property=\"og:image:height\" content=\"800\" \/>\n\t<meta property=\"og:image:type\" content=\"image\/webp\" \/>\n<meta name=\"twitter:card\" content=\"summary_large_image\" \/>\n<meta name=\"twitter:label1\" content=\"Ber\u00e4knad l\u00e4stid\" \/>\n\t<meta name=\"twitter:data1\" content=\"4 minuter\" \/>\n<script type=\"application\/ld+json\" class=\"yoast-schema-graph\">{\"@context\":\"https:\/\/schema.org\",\"@graph\":[{\"@type\":\"WebPage\",\"@id\":\"https:\/\/vapebulkp.com\/product\/fihp-digital-12000-puffs-disposable-e-cigarette-stylish-reliable-vape\/\",\"url\":\"https:\/\/vapebulkp.com\/product\/fihp-digital-12000-puffs-disposable-e-cigarette-stylish-reliable-vape\/\",\"name\":\"FIHP Digital 12000 Puffs Disposable E-Cigarette Stylish Reliable Vape - vapebulkp.com\",\"isPartOf\":{\"@id\":\"https:\/\/vapebulkp.com\/#website\"},\"datePublished\":\"2025-01-29T09:52:28+00:00\",\"dateModified\":\"2025-09-17T08:32:25+00:00\",\"description\":\"Shop the wholesale FIHP Digital 12000 Puffs Vape Pods Rechargeable, sleek design, LED display, 20mL e-liquid, smooth nicotine options.\",\"breadcrumb\":{\"@id\":\"https:\/\/vapebulkp.com\/product\/fihp-digital-12000-puffs-disposable-e-cigarette-stylish-reliable-vape\/#breadcrumb\"},\"inLanguage\":\"sv-SE\",\"potentialAction\":[{\"@type\":\"ReadAction\",\"target\":[\"https:\/\/vapebulkp.com\/product\/fihp-digital-12000-puffs-disposable-e-cigarette-stylish-reliable-vape\/\"]}]},{\"@type\":\"BreadcrumbList\",\"@id\":\"https:\/\/vapebulkp.com\/product\/fihp-digital-12000-puffs-disposable-e-cigarette-stylish-reliable-vape\/#breadcrumb\",\"itemListElement\":[{\"@type\":\"ListItem\",\"position\":1,\"name\":\"Home\",\"item\":\"https:\/\/vapebulkp.com\/\"},{\"@type\":\"ListItem\",\"position\":2,\"name\":\"Hot Trend Vapes\",\"item\":\"https:\/\/vapebulkp.com\/vape-shop\/\"},{\"@type\":\"ListItem\",\"position\":3,\"name\":\"FIHP Digital 12000 Puffs Disposable E-Cigarette Stylish Reliable Vape\"}]},{\"@type\":\"WebSite\",\"@id\":\"https:\/\/vapebulkp.com\/#website\",\"url\":\"https:\/\/vapebulkp.com\/\",\"name\":\"vapebulkp.com\",\"description\":\"Buy Vape In Cheap Bulk Price Near you\",\"publisher\":{\"@id\":\"https:\/\/vapebulkp.com\/#organization\"},\"potentialAction\":[{\"@type\":\"SearchAction\",\"target\":{\"@type\":\"EntryPoint\",\"urlTemplate\":\"https:\/\/vapebulkp.com\/?s={search_term_string}\"},\"query-input\":\"required name=search_term_string\"}],\"inLanguage\":\"sv-SE\"},{\"@type\":\"Organization\",\"@id\":\"https:\/\/vapebulkp.com\/#organization\",\"name\":\"vapebulkp.com\",\"url\":\"https:\/\/vapebulkp.com\/\",\"logo\":{\"@type\":\"ImageObject\",\"inLanguage\":\"sv-SE\",\"@id\":\"https:\/\/vapebulkp.com\/#\/schema\/logo\/image\/\",\"url\":\"https:\/\/vapebulkp.com\/wp-content\/uploads\/2023\/09\/cropped-vapebulkp.png\",\"contentUrl\":\"https:\/\/vapebulkp.com\/wp-content\/uploads\/2023\/09\/cropped-vapebulkp.png\",\"width\":516,\"height\":163,\"caption\":\"vapebulkp.com\"},\"image\":{\"@id\":\"https:\/\/vapebulkp.com\/#\/schema\/logo\/image\/\"}}]}<\/script>\n<!-- \/ Yoast SEO plugin. -->","yoast_head_json":{"title":"FIHP Digital 12000 Puffs Disposable E-Cigarette Stylish Reliable Vape - vapebulkp.com","description":"Shop the wholesale FIHP Digital 12000 Puffs Vape Pods Rechargeable, sleek design, LED display, 20mL e-liquid, smooth nicotine options.","robots":{"index":"index","follow":"follow","max-snippet":"max-snippet:-1","max-image-preview":"max-image-preview:large","max-video-preview":"max-video-preview:-1"},"canonical":"https:\/\/vapebulkp.com\/sv\/product\/fihp-digital-12000-puffs-disposable-e-cigarette-stylish-reliable-vape\/","og_locale":"sv_SE","og_type":"article","og_title":"FIHP Digital 12000 Puffs Disposable E-Cigarette Stylish Reliable Vape - vapebulkp.com","og_description":"Shop the wholesale FIHP Digital 12000 Puffs Vape Pods Rechargeable, sleek design, LED display, 20mL e-liquid, smooth nicotine options.","og_url":"https:\/\/vapebulkp.com\/sv\/product\/fihp-digital-12000-puffs-disposable-e-cigarette-stylish-reliable-vape\/","og_site_name":"vapebulkp.com","article_modified_time":"2025-09-17T08:32:25+00:00","og_image":[{"width":800,"height":800,"url":"http:\/\/vapebulkp.com\/wp-content\/uploads\/2025\/01\/FIHP-12000-Puffs-Rechargeable-Disposable-Vape-Pen-Long-Lasting-Performance.webp","type":"image\/webp"}],"twitter_card":"summary_large_image","twitter_misc":{"Ber\u00e4knad l\u00e4stid":"4 minuter"},"schema":{"@context":"https:\/\/schema.org","@graph":[{"@type":"WebPage","@id":"https:\/\/vapebulkp.com\/product\/fihp-digital-12000-puffs-disposable-e-cigarette-stylish-reliable-vape\/","url":"https:\/\/vapebulkp.com\/product\/fihp-digital-12000-puffs-disposable-e-cigarette-stylish-reliable-vape\/","name":"FIHP Digital 12000 Puffs Disposable E-Cigarette Stylish Reliable Vape - vapebulkp.com","isPartOf":{"@id":"https:\/\/vapebulkp.com\/#website"},"datePublished":"2025-01-29T09:52:28+00:00","dateModified":"2025-09-17T08:32:25+00:00","description":"Shop the wholesale FIHP Digital 12000 Puffs Vape Pods Rechargeable, sleek design, LED display, 20mL e-liquid, smooth nicotine options.","breadcrumb":{"@id":"https:\/\/vapebulkp.com\/product\/fihp-digital-12000-puffs-disposable-e-cigarette-stylish-reliable-vape\/#breadcrumb"},"inLanguage":"sv-SE","potentialAction":[{"@type":"ReadAction","target":["https:\/\/vapebulkp.com\/product\/fihp-digital-12000-puffs-disposable-e-cigarette-stylish-reliable-vape\/"]}]},{"@type":"BreadcrumbList","@id":"https:\/\/vapebulkp.com\/product\/fihp-digital-12000-puffs-disposable-e-cigarette-stylish-reliable-vape\/#breadcrumb","itemListElement":[{"@type":"ListItem","position":1,"name":"Home","item":"https:\/\/vapebulkp.com\/"},{"@type":"ListItem","position":2,"name":"Hot Trend Vapes","item":"https:\/\/vapebulkp.com\/vape-shop\/"},{"@type":"ListItem","position":3,"name":"FIHP Digital 12000 Puffs Disposable E-Cigarette Stylish Reliable Vape"}]},{"@type":"WebSite","@id":"https:\/\/vapebulkp.com\/#website","url":"https:\/\/vapebulkp.com\/","name":"vapebulkp.com","description":"Buy Vape In Cheap Bulk Price Near you","publisher":{"@id":"https:\/\/vapebulkp.com\/#organization"},"potentialAction":[{"@type":"SearchAction","target":{"@type":"EntryPoint","urlTemplate":"https:\/\/vapebulkp.com\/?s={search_term_string}"},"query-input":"required name=search_term_string"}],"inLanguage":"sv-SE"},{"@type":"Organization","@id":"https:\/\/vapebulkp.com\/#organization","name":"vapebulkp.com","url":"https:\/\/vapebulkp.com\/","logo":{"@type":"ImageObject","inLanguage":"sv-SE","@id":"https:\/\/vapebulkp.com\/#\/schema\/logo\/image\/","url":"https:\/\/vapebulkp.com\/wp-content\/uploads\/2023\/09\/cropped-vapebulkp.png","contentUrl":"https:\/\/vapebulkp.com\/wp-content\/uploads\/2023\/09\/cropped-vapebulkp.png","width":516,"height":163,"caption":"vapebulkp.com"},"image":{"@id":"https:\/\/vapebulkp.com\/#\/schema\/logo\/image\/"}}]}},"uagb_featured_image_src":{"full":["https:\/\/vapebulkp.com\/wp-content\/uploads\/2025\/01\/FIHP-12000-Puffs-Rechargeable-Disposable-Vape-Pen-Long-Lasting-Performance.webp",800,800,false],"thumbnail":["https:\/\/vapebulkp.com\/wp-content\/uploads\/2025\/01\/FIHP-12000-Puffs-Rechargeable-Disposable-Vape-Pen-Long-Lasting-Performance-150x150.webp",150,150,true],"medium":["https:\/\/vapebulkp.com\/wp-content\/uploads\/2025\/01\/FIHP-12000-Puffs-Rechargeable-Disposable-Vape-Pen-Long-Lasting-Performance-300x300.webp",300,300,true],"medium_large":["https:\/\/vapebulkp.com\/wp-content\/uploads\/2025\/01\/FIHP-12000-Puffs-Rechargeable-Disposable-Vape-Pen-Long-Lasting-Performance-768x768.webp",768,768,true],"large":["https:\/\/vapebulkp.com\/wp-content\/uploads\/2025\/01\/FIHP-12000-Puffs-Rechargeable-Disposable-Vape-Pen-Long-Lasting-Performance.webp",800,800,false],"1536x1536":["https:\/\/vapebulkp.com\/wp-content\/uploads\/2025\/01\/FIHP-12000-Puffs-Rechargeable-Disposable-Vape-Pen-Long-Lasting-Performance.webp",800,800,false],"2048x2048":["https:\/\/vapebulkp.com\/wp-content\/uploads\/2025\/01\/FIHP-12000-Puffs-Rechargeable-Disposable-Vape-Pen-Long-Lasting-Performance.webp",800,800,false],"trp-custom-language-flag":["https:\/\/vapebulkp.com\/wp-content\/uploads\/2025\/01\/FIHP-12000-Puffs-Rechargeable-Disposable-Vape-Pen-Long-Lasting-Performance.webp",12,12,false],"woocommerce_thumbnail":["https:\/\/vapebulkp.com\/wp-content\/uploads\/2025\/01\/FIHP-12000-Puffs-Rechargeable-Disposable-Vape-Pen-Long-Lasting-Performance-300x300.webp",300,300,true],"woocommerce_single":["https:\/\/vapebulkp.com\/wp-content\/uploads\/2025\/01\/FIHP-12000-Puffs-Rechargeable-Disposable-Vape-Pen-Long-Lasting-Performance-600x600.webp",600,600,true],"woocommerce_gallery_thumbnail":["https:\/\/vapebulkp.com\/wp-content\/uploads\/2025\/01\/FIHP-12000-Puffs-Rechargeable-Disposable-Vape-Pen-Long-Lasting-Performance-100x100.webp",100,100,true],"wcpr-photo-reviews":["https:\/\/vapebulkp.com\/wp-content\/uploads\/2025\/01\/FIHP-12000-Puffs-Rechargeable-Disposable-Vape-Pen-Long-Lasting-Performance.webp",500,500,false]},"uagb_author_info":{"display_name":"Mandy vape bulk price","author_link":"https:\/\/vapebulkp.com\/sv\/author\/"},"uagb_comment_info":0,"uagb_excerpt":"Wholesale Price IHP Digital 12000 Puffs Rechargeable Vape Pods FIHP Digital Box Vape\u00a0 Pods with 12,000 Puffs Bulk Price FIHP 12,000 Puffs Premium Vape Pods with LED Display FIHP Digital Rechargeable Vapes 12000 Puffs E-Cigarette Hot Sale Pls Contact Mandy's WhatsApp For Discount Price+8618077105796 NOTE: Prices on our website does not include shipping costs Main&hellip;","_links":{"self":[{"href":"https:\/\/vapebulkp.com\/sv\/wp-json\/wp\/v2\/product\/3410","targetHints":{"allow":["GET"]}}],"collection":[{"href":"https:\/\/vapebulkp.com\/sv\/wp-json\/wp\/v2\/product"}],"about":[{"href":"https:\/\/vapebulkp.com\/sv\/wp-json\/wp\/v2\/types\/product"}],"replies":[{"embeddable":true,"href":"https:\/\/vapebulkp.com\/sv\/wp-json\/wp\/v2\/comments?post=3410"}],"wp:featuredmedia":[{"embeddable":true,"href":"https:\/\/vapebulkp.com\/sv\/wp-json\/wp\/v2\/media\/3396"}],"wp:attachment":[{"href":"https:\/\/vapebulkp.com\/sv\/wp-json\/wp\/v2\/media?parent=3410"}],"wp:term":[{"taxonomy":"product_cat","embeddable":true,"href":"https:\/\/vapebulkp.com\/sv\/wp-json\/wp\/v2\/product_cat?post=3410"},{"taxonomy":"product_tag","embeddable":true,"href":"https:\/\/vapebulkp.com\/sv\/wp-json\/wp\/v2\/product_tag?post=3410"}],"curies":[{"name":"wp","href":"https:\/\/api.w.org\/{rel}","templated":true}]}}