{"id":3446,"date":"2025-02-11T09:18:23","date_gmt":"2025-02-11T08:18:23","guid":{"rendered":"https:\/\/vapebulkp.com\/?post_type=product&#038;p=3446"},"modified":"2025-09-24T05:28:02","modified_gmt":"2025-09-24T03:28:02","slug":"bang-refillable-40000-puffs-long-lasting-vape-adjustable-airflow","status":"publish","type":"product","link":"https:\/\/vapebulkp.com\/sv\/produkt\/bang-refillable-40000-puffs-long-lasting-vape-adjustable-airflow\/","title":{"rendered":"Bang Refillable 40000 bloss l\u00e5ngvarig vape med justerbart luftfl\u00f6de"},"content":{"rendered":"<h2 style=\"text-align: left\">Bang Refillable 40000 bloss l\u00e5ngvarig vape med justerbart luftfl\u00f6de<\/h2>\n<p data-start=\"292\" data-end=\"596\">Den <strong data-start=\"296\" data-end=\"332\">Sm\u00e4ll <a href=\"https:\/\/vapebulkp.com\/sv\/produkt-kategori\/40000-puffs-disposable-vape\/\">40000 Puffs Eng\u00e5ngs Vape<\/a><\/strong> \u00e4r byggd f\u00f6r vejpare i Europa som vill ha kraft, stil och l\u00e5ngvarig prestanda. Med upp till 40 000 puffar \u00e4r denna <strong data-start=\"450\" data-end=\"482\">uppladdningsbar eng\u00e5ngsvape<\/strong> konstruerad med premiummaterial och avancerad teknik f\u00f6r att leverera konsekvent smak fr\u00e5n b\u00f6rjan till slut.<\/p>\n<p data-start=\"598\" data-end=\"928\">Designad som en <strong data-start=\"612\" data-end=\"638\">p\u00e5fyllningsbar vape-enhet<\/strong> med en 10 ml tank och medf\u00f6ljande e-v\u00e4tskeflaska, eliminerar det behovet av st\u00e4ndiga byten, vilket g\u00f6r den b\u00e5de praktisk och kostnadseffektiv f\u00f6r daglig anv\u00e4ndning. Det integrerade <strong data-start=\"810\" data-end=\"828\">mesh coil vape<\/strong> systemet f\u00f6rb\u00e4ttrar \u00e5ngdensiteten och smakintensiteten, vilket s\u00e4kerst\u00e4ller att varje puff \u00e4r j\u00e4mn och tillfredsst\u00e4llande.<\/p>\n<p data-start=\"930\" data-end=\"1276\">An <strong data-start=\"933\" data-end=\"960\">justerbara luftfl\u00f6desvape<\/strong> funktionen till\u00e5ter anv\u00e4ndare att anpassa varje drag, fr\u00e5n tajt och starkt till l\u00e4tt och luftigt. Drivs av ett 650mAh-batteri med Type-C snabbladdning, garanterar denna enhet tillf\u00f6rlitlighet f\u00f6r b\u00e5de tillf\u00e4lliga och tunga vejpare. F\u00f6r extra s\u00e4kerhet finns ett inbyggt barnl\u00e5ssystem, vilket ger sinnesfrid utan att kompromissa med designen.<\/p>\n<p data-start=\"1278\" data-end=\"1579\">Finns med flera <strong data-start=\"1302\" data-end=\"1324\">nikotinsalt vape<\/strong> styrkor, den <strong data-start=\"1340\" data-end=\"1376\">Bang 40000 Puff B\u00e4sta Vape<\/strong> tillgodoser olika preferenser och \u00e4r ett utm\u00e4rkt alternativ f\u00f6r bulkk\u00f6pare. Med snabb leverans \u00f6ver hela Europa \u00e4r det ett toppval f\u00f6r <strong data-start=\"1509\" data-end=\"1530\">partihandel vape EU<\/strong> marknader som s\u00f6ker h\u00f6g efterfr\u00e5gan, premiumprodukter.<\/p>\n<h6>Kontakta Mandy via WhatsApp f\u00f6r rabatterat pris<a href=\"https:\/\/wa.me\/8618077105796\">+8618077105796<\/a><\/h6>\n<p><img decoding=\"async\" class=\"alignnone wp-image-2151\" src=\"http:\/\/vapebulkp.com\/wp-content\/uploads\/2024\/04\/Mandy-WhatsApp-Randm.jpg\" alt=\"Mandy WhatsApp Randm\" width=\"324\" height=\"330\" \/><\/p>\n<div class=\"flex max-w-full flex-col flex-grow\">\n<div class=\"min-h-8 text-message flex w-full flex-col items-end gap-2 whitespace-normal break-words text-start [.text-message+&amp;]:mt-5\" dir=\"auto\" data-message-author-role=\"assistant\" data-message-id=\"d24cf626-c018-4805-80f5-44de047f2ba0\" data-message-model-slug=\"gpt-4o\">\n<div class=\"flex w-full flex-col gap-1 empty:hidden first:pt-[3px]\">\n<div class=\"markdown prose w-full break-words dark:prose-invert light\">\n<h2><strong>Varf\u00f6r v\u00e4lja l\u00e5gt pris <\/strong>Bang 40K P\u00e5fyllningsbar Vape <strong>p\u00e5 Vapebulkp.com?<\/strong><\/h2>\n<ul>\n<li data-start=\"73\" data-end=\"185\"><strong data-start=\"76\" data-end=\"108\">Massiv 40 000 Puff-kapacitet<\/strong> \u2013 Njut av l\u00e5nga vaping-sessioner utan frekventa p\u00e5fyllningar eller byten.<\/li>\n<li data-start=\"186\" data-end=\"289\"><strong data-start=\"189\" data-end=\"236\">P\u00e5fyllningsbar design med 10 ml E-v\u00e4tskeflaska<\/strong> \u2013 Anpassa din vape med dina favorit smaker.<\/li>\n<li data-start=\"290\" data-end=\"388\"><strong data-start=\"293\" data-end=\"324\">650mAh Uppladdningsbart batteri<\/strong> \u2013 S\u00e4kerst\u00e4ller l\u00e5ngvarig prestanda med snabb Type-C-laddning.<\/li>\n<li data-start=\"389\" data-end=\"471\"><strong data-start=\"392\" data-end=\"421\">1.0\u03a9 Mesh Coil-teknologi<\/strong> \u2013 Levererar rik, mjuk och konsekvent smak.<\/li>\n<li data-start=\"472\" data-end=\"568\"><strong data-start=\"475\" data-end=\"510\">Justerbart luftfl\u00f6de<\/strong> \u2013 Kontrollera din vapingupplevelse samtidigt som du s\u00e4kerst\u00e4ller s\u00e4kerheten.<\/li>\n<li data-start=\"569\" data-end=\"669\"><strong data-start=\"572\" data-end=\"595\">Konkurrenskraftiga priser<\/strong> \u2013 F\u00e5 de b\u00e4sta erbjudandena p\u00e5 Vapebulkp.com med tillg\u00e4ngliga grossistalternativ.<\/li>\n<li data-start=\"670\" data-end=\"764\"><strong data-start=\"673\" data-end=\"708\">P\u00e5litlig frakt \u00f6ver hela Sverige och Europa<\/strong> \u2013 Snabb och s\u00e4ker leverans f\u00f6r problemfria k\u00f6p.<\/li>\n<\/ul>\n<h3 data-start=\"0\" data-end=\"40\"><strong data-start=\"0\" data-end=\"38\">Topps\u00e4ljande Bang Vape P\u00e5fyllningsbar 40K Specifikationer<\/strong><\/h3>\n<ul data-start=\"42\" data-end=\"431\" data-is-last-node=\"\">\n<li data-start=\"42\" data-end=\"80\"><strong data-start=\"44\" data-end=\"59\">Antal bloss:<\/strong> Upp till 40 000 bloss<\/li>\n<li data-start=\"81\" data-end=\"157\"><strong data-start=\"83\" data-end=\"103\">E-v\u00e4tsketillf\u00f6rsel:<\/strong> 10 ml p\u00e5fyllningsbar pod (inkluderar en extra flaska)<\/li>\n<li data-start=\"158\" data-end=\"201\"><strong data-start=\"160\" data-end=\"178\">Batterikraft:<\/strong> 650mAh (16350 modell)<\/li>\n<li data-start=\"202\" data-end=\"270\"><strong data-start=\"204\" data-end=\"223\">Spolstruktur:<\/strong> 1.0\u03a9 mesh coil f\u00f6r optimerad smakleverans<\/li>\n<li data-start=\"271\" data-end=\"348\"><strong data-start=\"273\" data-end=\"293\">Laddningsmetod:<\/strong> Type-C snabbladdning f\u00f6r effektiv str\u00f6m\u00e5terst\u00e4llning<\/li>\n<li data-start=\"349\" data-end=\"431\" data-is-last-node=\"\"><strong data-start=\"351\" data-end=\"373\">F\u00f6rb\u00e4ttrade funktioner:<\/strong> Justerbar luftfl\u00f6deskontroll och inbyggt barns\u00e4kerhetsl\u00e5s<\/li>\n<\/ul>\n<h3>\u00a0<strong>Bang 40000 puff \u00c5terfyllningsbara Vapes <\/strong>Smaklista<\/h3>\n<\/div>\n<\/div>\n<\/div>\n<\/div>\n<p>1. Vattenmelonis<br \/>\n2. jordgubbsmango<br \/>\n3.jordgubb vattenmelon<br \/>\n4. druvis<br \/>\n5. persika mango vattenmelon<br \/>\n6. bl\u00e5b\u00e4rshallon<br \/>\n7. bl\u00e5b\u00e4rsis<br \/>\n8. jordgubbsbanan<br \/>\n9. bl\u00e5b\u00e4rsvattenmelon<br \/>\n10. red bull<br \/>\n11. Jordgubbskiwi<\/p>\n<p><a href=\"https:\/\/vapebulkp.com\/sv\/produkt\/bang-28000-puffs-disposable-vape-pen-with-adjustable-ice-level\/\"><span style=\"vertical-align: inherit\">Bang Vape 28000 Puff <\/span><\/a><\/p>\n<p><span style=\"vertical-align: inherit\">Hitta fler produkter du kanske gillar:<\/span><em><a href=\"https:\/\/wa.me\/8618077105796\"><span style=\"vertical-align: inherit\">\u00a0K\u00f6p nu<\/span><\/a><\/em><\/p>\n<p><span style=\"vertical-align: inherit\">Andra Puffs du kanske gillar:<\/span><a href=\"https:\/\/vapebulkp.com\/sv\/produkt\/waspe-crystal-vape-40000-puffs-disposable-e-cigarette-dual-flavors-wholesale-price\/\"><span style=\"vertical-align: inherit\">WASPE Crystal 40000 Puffar<\/span><\/a><span style=\"vertical-align: inherit\">\u3001<\/span><a href=\"https:\/\/vapebulkp.com\/sv\/produkt\/razz-bar-25000-puffs-wholesale-price-vape-eu-warehouse\/\"><span style=\"vertical-align: inherit\">RAZZBAR 25000 bloss<\/span><\/a><span style=\"vertical-align: inherit\">\/ <\/span><a href=\"https:\/\/vapebulkp.com\/sv\/produkt\/2025-new-vape-ai-22000-puffs-elfworld-disposable-vape-digital-display-vape\/\"><span style=\"vertical-align: inherit\">ELFWORLD AI 22000 Puff<\/span><\/a><span style=\"vertical-align: inherit\">\/ <\/span><a href=\"https:\/\/vapebulkp.com\/sv\/produkt\/uwin-tornado-music-35k-puffs-vape-wholesale-nicotine-free\/\"><span style=\"vertical-align: inherit\">UWIN Tornado Music 35000 bloss<\/span><\/a><\/p>\n<h4><\/h4>\n<h4>FAQ f\u00f6r Bang 40000 Puff Vape Pod:<\/h4>\n<div class=\"flex max-w-full flex-col flex-grow\">\n<div class=\"min-h-8 text-message flex w-full flex-col items-end gap-2 whitespace-normal break-words text-start [.text-message+&amp;]:mt-5\" dir=\"auto\" data-message-author-role=\"assistant\" data-message-id=\"67b557fa-6250-453f-85c1-f724d371f19e\" data-message-model-slug=\"gpt-4o-mini\">\n<div class=\"flex w-full flex-col gap-1 empty:hidden first:pt-[3px]\">\n<div class=\"markdown prose w-full break-words dark:prose-invert light\">\n<p data-start=\"50\" data-end=\"115\">1. <strong data-start=\"57\" data-end=\"113\">Hur m\u00e5nga puffar ger Bang Refillable 40k puff vapes?<\/strong><\/p>\n<p data-start=\"116\" data-end=\"226\">Bang Refillable 40K erbjuder upp till <strong data-start=\"153\" data-end=\"169\">40 000 bloss<\/strong>, vilket s\u00e4kerst\u00e4ller l\u00e5ngvarig anv\u00e4ndning med sin p\u00e5fyllningsbara design.<\/p>\n<p data-start=\"228\" data-end=\"286\">2. <strong data-start=\"235\" data-end=\"284\">Vad \u00e4r e-v\u00e4tskekapaciteten f\u00f6r bangvape 40000 puff?<\/strong><\/p>\n<p data-start=\"287\" data-end=\"377\">Den levereras med en <strong data-start=\"303\" data-end=\"326\">10 ml p\u00e5fyllningsbar pod<\/strong> och inkluderar en extra flaska f\u00f6r enkel p\u00e5fyllning.<\/p>\n<p data-start=\"1074\" data-end=\"1128\">3. <strong data-start=\"1081\" data-end=\"1126\">Kan jag anv\u00e4nda vilken e-v\u00e4tska som helst med Bang 40K Puffs stors\u00e4ljande vape?<\/strong><\/p>\n<p data-start=\"1129\" data-end=\"1220\">Ja, du kan fylla podden med <strong data-start=\"1160\" data-end=\"1187\">din f\u00f6redragna e-v\u00e4tska<\/strong>, vilket g\u00f6r det till ett m\u00e5ngsidigt val.<\/p>\n<p data-start=\"1222\" data-end=\"1273\">4. <strong data-start=\"1229\" data-end=\"1271\">Hur ofta beh\u00f6ver jag fylla p\u00e5 bang vape 40000 puffs vape pod?<\/strong><\/p>\n<p data-start=\"1274\" data-end=\"1383\">P\u00e5fyllning beror p\u00e5 din anv\u00e4ndning, men <strong data-start=\"1315\" data-end=\"1356\">10 ml pod ger l\u00e5ngvarig vaping<\/strong> innan du beh\u00f6ver fylla p\u00e5.<\/p>\n<\/div>\n<\/div>\n<\/div>\n<\/div>\n<h4>Leveransdetaljer:<\/h4>\n<p><span style=\"color: #ff6600\">Produktionstid: 5-10 arbetsdagar<\/span><br \/>\n<span style=\"color: #ff6600\">Leveranstid: 8-14 arbetsdagar<\/span><\/p>\n<p>Alla produkter i v\u00e5r butik \u00e4r 100% originala och autentiska, d\u00e4rf\u00f6r \u00e4r Tiofaldig ers\u00e4ttning f\u00f6r falska varor v\u00e5r butikspolicy. Vi anv\u00e4nder logistikkanaler som UPS\/DHL\/FEDEX\/DPD f\u00f6r att leverera varor till dig.<\/p>\n<p>F\u00f6r paket som skickas inom Sverige tar det vanligtvis 10 arbetsdagar att anl\u00e4nda. Leveranser till andra europeiska l\u00e4nder tar vanligtvis 12 till 15 arbetsdagar att anl\u00e4nda. Vi uppdaterar logistikinformationen f\u00f6r dig i realtid.<\/p>","protected":false},"excerpt":{"rendered":"<div class=\"flex-shrink-0 flex flex-col relative items-end\">\n<div class=\"pt-0\">\n<div class=\"gizmo-bot-avatar flex h-8 w-8 items-center justify-center overflow-hidden rounded-full\">\n<div class=\"relative p-1 rounded-sm flex items-center justify-center bg-token-main-surface-primary text-token-text-primary h-8 w-8\">\n<ul>\n<li data-start=\"87\" data-end=\"175\"><strong data-start=\"90\" data-end=\"173\">Bang 40K P\u00e5fyllningsbar Vape \u2013 H\u00f6gkapacitetsbatteri<\/strong><\/li>\n<li data-start=\"176\" data-end=\"270\"><strong data-start=\"179\" data-end=\"268\">Bang P\u00e5fyllningsbar 40K: Avancerad 40 000 Puff Vape med s\u00e4kerhetsfunktioner<\/strong><\/li>\n<li data-start=\"271\" data-end=\"354\" data-is-last-node=\"\"><strong data-start=\"274\" data-end=\"352\">Bang 40K Vape \u2013 P\u00e5fyllningsbar design, 10 ml E-v\u00e4tskekapacitet<\/strong><\/li>\n<\/ul>\n<\/div>\n<\/div>\n<\/div>\n<\/div>\n<p>Kontakta Mandy via WhatsApp f\u00f6r rabatterat pris<a href=\"https:\/\/wa.me\/8618077105796\">+8618077105796<\/a><\/p>\n<p><img decoding=\"async\" class=\"alignnone wp-image-2151\" src=\"http:\/\/vapebulkp.com\/wp-content\/uploads\/2024\/04\/Mandy-WhatsApp-Randm.jpg\" alt=\"Mandy WhatsApp Randm\" width=\"297\" height=\"316\" srcset=\"https:\/\/vapebulkp.com\/wp-content\/uploads\/2024\/04\/Mandy-WhatsApp-Randm.jpg 916w, https:\/\/vapebulkp.com\/wp-content\/uploads\/2024\/04\/Mandy-WhatsApp-Randm-282x300.jpg 282w, https:\/\/vapebulkp.com\/wp-content\/uploads\/2024\/04\/Mandy-WhatsApp-Randm-768x817.jpg 768w, https:\/\/vapebulkp.com\/wp-content\/uploads\/2024\/04\/Mandy-WhatsApp-Randm-600x638.jpg 600w\" sizes=\"(max-width: 297px) 100vw, 297px\" \/><\/p>\n<p><span style=\"color: #ff0000\">OBS: Priserna p\u00e5 v\u00e5r webbplats inkluderar inte fraktkostnader<\/span><\/p>\n<p>&nbsp;<\/p>","protected":false},"featured_media":3447,"comment_status":"open","ping_status":"closed","template":"","meta":{"_uag_custom_page_level_css":"","_lmt_disableupdate":"no","_lmt_disable":"","site-sidebar-layout":"default","site-content-layout":"content-boxed-container","ast-site-content-layout":"normal-width-container","site-content-style":"boxed","site-sidebar-style":"unboxed","ast-global-header-display":"","ast-banner-title-visibility":"","ast-main-header-display":"","ast-hfb-above-header-display":"","ast-hfb-below-header-display":"","ast-hfb-mobile-header-display":"","site-post-title":"","ast-breadcrumbs-content":"","ast-featured-img":"","footer-sml-layout":"","theme-transparent-header-meta":"default","adv-header-id-meta":"","stick-header-meta":"","header-above-stick-meta":"","header-main-stick-meta":"","header-below-stick-meta":"","astra-migrate-meta-layouts":"set","_joinchat":[]},"product_cat":[182,153,345,155,33,59,100,87,34,158,157,154,152,58,84,156,63,32],"product_tag":[209,36,37,41,40],"class_list":["post-3446","product","type-product","status-publish","has-post-thumbnail","hentry","product_cat-40000-puffs-disposable-vape","product_cat-hot-disposable-vapes","product_cat-bang-vapes","product_cat-belgium-hot-disposable-vapes","product_cat-france-vape-hot-sale","product_cat-germany-hot-disposable-vape","product_cat-germany-wholesale-vape-shop","product_cat-minimum-order-quantity-50pcs","product_cat-netherlands-vape-good-sale","product_cat-norway-hot-disposable-vapes","product_cat-poland-hot-disposable-vapes","product_cat-portugal-hot-disposable-vapes","product_cat-spain-hot-disposable-vapes","product_cat-sweden-hot-disposable-vape","product_cat-sweden-wholesale-vape","product_cat-switzerland-hot-disposable-vapes","product_cat-top-sale-disposable-vape","product_cat-vape-hot-sale-this-week","product_tag-bang-refillable-40000-puffs","product_tag-good-vape","product_tag-hot-sale-disposable-vape","product_tag-poland-hot-vape","product_tag-sweden-hot-vape","pa_brand-bang-vape","desktop-align-left","tablet-align-left","mobile-align-left"],"yoast_head":"<!-- This site is optimized with the Yoast SEO plugin v21.1 - https:\/\/yoast.com\/wordpress\/plugins\/seo\/ -->\n<title>Bang Refillable 40000 Puffs Long-Lasting Vape Adjustable Airflow - vapebulkp.com<\/title>\n<meta name=\"description\" content=\"Bang Refillable 40000 Puffs Vape with adjustable airflow, 650mAh rechargeable battery. Enjoy smooth vapor with Type-C fast charging for uninterrupted use.\" \/>\n<meta name=\"robots\" content=\"index, follow, max-snippet:-1, max-image-preview:large, max-video-preview:-1\" \/>\n<link rel=\"canonical\" href=\"https:\/\/vapebulkp.com\/sv\/produkt\/bang-refillable-40000-puffs-long-lasting-vape-adjustable-airflow\/\" \/>\n<meta property=\"og:locale\" content=\"sv_SE\" \/>\n<meta property=\"og:type\" content=\"article\" \/>\n<meta property=\"og:title\" content=\"Bang Refillable 40000 Puffs Long-Lasting Vape Adjustable Airflow - vapebulkp.com\" \/>\n<meta property=\"og:description\" content=\"Bang Refillable 40000 Puffs Vape with adjustable airflow, 650mAh rechargeable battery. Enjoy smooth vapor with Type-C fast charging for uninterrupted use.\" \/>\n<meta property=\"og:url\" content=\"https:\/\/vapebulkp.com\/sv\/produkt\/bang-refillable-40000-puffs-long-lasting-vape-adjustable-airflow\/\" \/>\n<meta property=\"og:site_name\" content=\"vapebulkp.com\" \/>\n<meta property=\"article:modified_time\" content=\"2025-09-24T03:28:02+00:00\" \/>\n<meta property=\"og:image\" content=\"http:\/\/vapebulkp.com\/wp-content\/uploads\/2025\/02\/40000-Puffs-Vape-Bang-Wholesale-Price.webp\" \/>\n\t<meta property=\"og:image:width\" content=\"800\" \/>\n\t<meta property=\"og:image:height\" content=\"800\" \/>\n\t<meta property=\"og:image:type\" content=\"image\/webp\" \/>\n<meta name=\"twitter:card\" content=\"summary_large_image\" \/>\n<meta name=\"twitter:label1\" content=\"Ber\u00e4knad l\u00e4stid\" \/>\n\t<meta name=\"twitter:data1\" content=\"3 minuter\" \/>\n<script type=\"application\/ld+json\" class=\"yoast-schema-graph\">{\"@context\":\"https:\/\/schema.org\",\"@graph\":[{\"@type\":\"WebPage\",\"@id\":\"https:\/\/vapebulkp.com\/product\/bang-refillable-40000-puffs-long-lasting-vape-adjustable-airflow\/\",\"url\":\"https:\/\/vapebulkp.com\/product\/bang-refillable-40000-puffs-long-lasting-vape-adjustable-airflow\/\",\"name\":\"Bang Refillable 40000 Puffs Long-Lasting Vape Adjustable Airflow - vapebulkp.com\",\"isPartOf\":{\"@id\":\"https:\/\/vapebulkp.com\/#website\"},\"datePublished\":\"2025-02-11T08:18:23+00:00\",\"dateModified\":\"2025-09-24T03:28:02+00:00\",\"description\":\"Bang Refillable 40000 Puffs Vape with adjustable airflow, 650mAh rechargeable battery. Enjoy smooth vapor with Type-C fast charging for uninterrupted use.\",\"breadcrumb\":{\"@id\":\"https:\/\/vapebulkp.com\/product\/bang-refillable-40000-puffs-long-lasting-vape-adjustable-airflow\/#breadcrumb\"},\"inLanguage\":\"sv-SE\",\"potentialAction\":[{\"@type\":\"ReadAction\",\"target\":[\"https:\/\/vapebulkp.com\/product\/bang-refillable-40000-puffs-long-lasting-vape-adjustable-airflow\/\"]}]},{\"@type\":\"BreadcrumbList\",\"@id\":\"https:\/\/vapebulkp.com\/product\/bang-refillable-40000-puffs-long-lasting-vape-adjustable-airflow\/#breadcrumb\",\"itemListElement\":[{\"@type\":\"ListItem\",\"position\":1,\"name\":\"Home\",\"item\":\"https:\/\/vapebulkp.com\/\"},{\"@type\":\"ListItem\",\"position\":2,\"name\":\"Hot Trend Vapes\",\"item\":\"https:\/\/vapebulkp.com\/vape-shop\/\"},{\"@type\":\"ListItem\",\"position\":3,\"name\":\"Bang Refillable 40000 Puffs Long-Lasting Vape Adjustable Airflow\"}]},{\"@type\":\"WebSite\",\"@id\":\"https:\/\/vapebulkp.com\/#website\",\"url\":\"https:\/\/vapebulkp.com\/\",\"name\":\"vapebulkp.com\",\"description\":\"Buy Vape In Cheap Bulk Price Near you\",\"publisher\":{\"@id\":\"https:\/\/vapebulkp.com\/#organization\"},\"potentialAction\":[{\"@type\":\"SearchAction\",\"target\":{\"@type\":\"EntryPoint\",\"urlTemplate\":\"https:\/\/vapebulkp.com\/?s={search_term_string}\"},\"query-input\":\"required name=search_term_string\"}],\"inLanguage\":\"sv-SE\"},{\"@type\":\"Organization\",\"@id\":\"https:\/\/vapebulkp.com\/#organization\",\"name\":\"vapebulkp.com\",\"url\":\"https:\/\/vapebulkp.com\/\",\"logo\":{\"@type\":\"ImageObject\",\"inLanguage\":\"sv-SE\",\"@id\":\"https:\/\/vapebulkp.com\/#\/schema\/logo\/image\/\",\"url\":\"https:\/\/vapebulkp.com\/wp-content\/uploads\/2023\/09\/cropped-vapebulkp.png\",\"contentUrl\":\"https:\/\/vapebulkp.com\/wp-content\/uploads\/2023\/09\/cropped-vapebulkp.png\",\"width\":516,\"height\":163,\"caption\":\"vapebulkp.com\"},\"image\":{\"@id\":\"https:\/\/vapebulkp.com\/#\/schema\/logo\/image\/\"}}]}<\/script>\n<!-- \/ Yoast SEO plugin. -->","yoast_head_json":{"title":"Bang Refillable 40000 Puffs Long-Lasting Vape Adjustable Airflow - vapebulkp.com","description":"Bang Refillable 40000 Puffs Vape with adjustable airflow, 650mAh rechargeable battery. Enjoy smooth vapor with Type-C fast charging for uninterrupted use.","robots":{"index":"index","follow":"follow","max-snippet":"max-snippet:-1","max-image-preview":"max-image-preview:large","max-video-preview":"max-video-preview:-1"},"canonical":"https:\/\/vapebulkp.com\/sv\/produkt\/bang-refillable-40000-puffs-long-lasting-vape-adjustable-airflow\/","og_locale":"sv_SE","og_type":"article","og_title":"Bang Refillable 40000 Puffs Long-Lasting Vape Adjustable Airflow - vapebulkp.com","og_description":"Bang Refillable 40000 Puffs Vape with adjustable airflow, 650mAh rechargeable battery. Enjoy smooth vapor with Type-C fast charging for uninterrupted use.","og_url":"https:\/\/vapebulkp.com\/sv\/produkt\/bang-refillable-40000-puffs-long-lasting-vape-adjustable-airflow\/","og_site_name":"vapebulkp.com","article_modified_time":"2025-09-24T03:28:02+00:00","og_image":[{"width":800,"height":800,"url":"http:\/\/vapebulkp.com\/wp-content\/uploads\/2025\/02\/40000-Puffs-Vape-Bang-Wholesale-Price.webp","type":"image\/webp"}],"twitter_card":"summary_large_image","twitter_misc":{"Ber\u00e4knad l\u00e4stid":"3 minuter"},"schema":{"@context":"https:\/\/schema.org","@graph":[{"@type":"WebPage","@id":"https:\/\/vapebulkp.com\/product\/bang-refillable-40000-puffs-long-lasting-vape-adjustable-airflow\/","url":"https:\/\/vapebulkp.com\/product\/bang-refillable-40000-puffs-long-lasting-vape-adjustable-airflow\/","name":"Bang Refillable 40000 Puffs Long-Lasting Vape Adjustable Airflow - vapebulkp.com","isPartOf":{"@id":"https:\/\/vapebulkp.com\/#website"},"datePublished":"2025-02-11T08:18:23+00:00","dateModified":"2025-09-24T03:28:02+00:00","description":"Bang Refillable 40000 Puffs Vape with adjustable airflow, 650mAh rechargeable battery. Enjoy smooth vapor with Type-C fast charging for uninterrupted use.","breadcrumb":{"@id":"https:\/\/vapebulkp.com\/product\/bang-refillable-40000-puffs-long-lasting-vape-adjustable-airflow\/#breadcrumb"},"inLanguage":"sv-SE","potentialAction":[{"@type":"ReadAction","target":["https:\/\/vapebulkp.com\/product\/bang-refillable-40000-puffs-long-lasting-vape-adjustable-airflow\/"]}]},{"@type":"BreadcrumbList","@id":"https:\/\/vapebulkp.com\/product\/bang-refillable-40000-puffs-long-lasting-vape-adjustable-airflow\/#breadcrumb","itemListElement":[{"@type":"ListItem","position":1,"name":"Home","item":"https:\/\/vapebulkp.com\/"},{"@type":"ListItem","position":2,"name":"Hot Trend Vapes","item":"https:\/\/vapebulkp.com\/vape-shop\/"},{"@type":"ListItem","position":3,"name":"Bang Refillable 40000 Puffs Long-Lasting Vape Adjustable Airflow"}]},{"@type":"WebSite","@id":"https:\/\/vapebulkp.com\/#website","url":"https:\/\/vapebulkp.com\/","name":"vapebulkp.com","description":"Buy Vape In Cheap Bulk Price Near you","publisher":{"@id":"https:\/\/vapebulkp.com\/#organization"},"potentialAction":[{"@type":"SearchAction","target":{"@type":"EntryPoint","urlTemplate":"https:\/\/vapebulkp.com\/?s={search_term_string}"},"query-input":"required name=search_term_string"}],"inLanguage":"sv-SE"},{"@type":"Organization","@id":"https:\/\/vapebulkp.com\/#organization","name":"vapebulkp.com","url":"https:\/\/vapebulkp.com\/","logo":{"@type":"ImageObject","inLanguage":"sv-SE","@id":"https:\/\/vapebulkp.com\/#\/schema\/logo\/image\/","url":"https:\/\/vapebulkp.com\/wp-content\/uploads\/2023\/09\/cropped-vapebulkp.png","contentUrl":"https:\/\/vapebulkp.com\/wp-content\/uploads\/2023\/09\/cropped-vapebulkp.png","width":516,"height":163,"caption":"vapebulkp.com"},"image":{"@id":"https:\/\/vapebulkp.com\/#\/schema\/logo\/image\/"}}]}},"uagb_featured_image_src":{"full":["https:\/\/vapebulkp.com\/wp-content\/uploads\/2025\/02\/40000-Puffs-Vape-Bang-Wholesale-Price.webp",800,800,false],"thumbnail":["https:\/\/vapebulkp.com\/wp-content\/uploads\/2025\/02\/40000-Puffs-Vape-Bang-Wholesale-Price-150x150.webp",150,150,true],"medium":["https:\/\/vapebulkp.com\/wp-content\/uploads\/2025\/02\/40000-Puffs-Vape-Bang-Wholesale-Price-300x300.webp",300,300,true],"medium_large":["https:\/\/vapebulkp.com\/wp-content\/uploads\/2025\/02\/40000-Puffs-Vape-Bang-Wholesale-Price-768x768.webp",768,768,true],"large":["https:\/\/vapebulkp.com\/wp-content\/uploads\/2025\/02\/40000-Puffs-Vape-Bang-Wholesale-Price.webp",800,800,false],"1536x1536":["https:\/\/vapebulkp.com\/wp-content\/uploads\/2025\/02\/40000-Puffs-Vape-Bang-Wholesale-Price.webp",800,800,false],"2048x2048":["https:\/\/vapebulkp.com\/wp-content\/uploads\/2025\/02\/40000-Puffs-Vape-Bang-Wholesale-Price.webp",800,800,false],"trp-custom-language-flag":["https:\/\/vapebulkp.com\/wp-content\/uploads\/2025\/02\/40000-Puffs-Vape-Bang-Wholesale-Price.webp",12,12,false],"woocommerce_thumbnail":["https:\/\/vapebulkp.com\/wp-content\/uploads\/2025\/02\/40000-Puffs-Vape-Bang-Wholesale-Price-300x300.webp",300,300,true],"woocommerce_single":["https:\/\/vapebulkp.com\/wp-content\/uploads\/2025\/02\/40000-Puffs-Vape-Bang-Wholesale-Price-600x600.webp",600,600,true],"woocommerce_gallery_thumbnail":["https:\/\/vapebulkp.com\/wp-content\/uploads\/2025\/02\/40000-Puffs-Vape-Bang-Wholesale-Price-100x100.webp",100,100,true],"wcpr-photo-reviews":["https:\/\/vapebulkp.com\/wp-content\/uploads\/2025\/02\/40000-Puffs-Vape-Bang-Wholesale-Price.webp",500,500,false]},"uagb_author_info":{"display_name":"Mandy vape bulk price","author_link":"https:\/\/vapebulkp.com\/sv\/author\/"},"uagb_comment_info":0,"uagb_excerpt":"Bang 40K Refillable Vape \u2013 High-Capacity Battery &amp; Smooth Mesh Coil Performance Bang Refillable 40K: Advanced 40,000 Puff Vape with Safety Features &amp; Type-C Charging Bang 40K Vape \u2013 Refillable Design, 10ml E-Liquid Capacity &amp; 1.0\u03a9 Mesh Coil Pls Contact Mandy's WhatsApp For Discount Price+8618077105796 NOTE: Prices on our website does not include shipping costs&hellip;","_links":{"self":[{"href":"https:\/\/vapebulkp.com\/sv\/wp-json\/wp\/v2\/product\/3446","targetHints":{"allow":["GET"]}}],"collection":[{"href":"https:\/\/vapebulkp.com\/sv\/wp-json\/wp\/v2\/product"}],"about":[{"href":"https:\/\/vapebulkp.com\/sv\/wp-json\/wp\/v2\/types\/product"}],"replies":[{"embeddable":true,"href":"https:\/\/vapebulkp.com\/sv\/wp-json\/wp\/v2\/comments?post=3446"}],"wp:featuredmedia":[{"embeddable":true,"href":"https:\/\/vapebulkp.com\/sv\/wp-json\/wp\/v2\/media\/3447"}],"wp:attachment":[{"href":"https:\/\/vapebulkp.com\/sv\/wp-json\/wp\/v2\/media?parent=3446"}],"wp:term":[{"taxonomy":"product_cat","embeddable":true,"href":"https:\/\/vapebulkp.com\/sv\/wp-json\/wp\/v2\/product_cat?post=3446"},{"taxonomy":"product_tag","embeddable":true,"href":"https:\/\/vapebulkp.com\/sv\/wp-json\/wp\/v2\/product_tag?post=3446"}],"curies":[{"name":"wp","href":"https:\/\/api.w.org\/{rel}","templated":true}]}}