{"id":3470,"date":"2025-02-18T07:36:23","date_gmt":"2025-02-18T06:36:23","guid":{"rendered":"https:\/\/vapebulkp.com\/?post_type=product&#038;p=3470"},"modified":"2025-09-16T11:26:37","modified_gmt":"2025-09-16T09:26:37","slug":"top-selling-bang-vape-32000-puffs-with-intense-flavor-and-impressive-durability","status":"publish","type":"product","link":"https:\/\/vapebulkp.com\/sv\/product\/top-selling-bang-vape-32000-puffs-with-intense-flavor-and-impressive-durability\/","title":{"rendered":"Mest s\u00e5lda Bang Vape 32000 Puffs Intensiv smak Imponerande h\u00e5llbarhet"},"content":{"rendered":"<h2>Mest s\u00e5lda Bang Vape 32000 Puffs Intensiv smak Imponerande h\u00e5llbarhet<\/h2>\n<p data-start=\"85\" data-end=\"552\">Den <strong data-start=\"89\" data-end=\"114\">Bang 32000 Puffar<\/strong> \u00e4r det ultimata valet f\u00f6r vapers som kr\u00e4ver b\u00e5de <strong data-start=\"165\" data-end=\"193\">l\u00e5ngvarig prestanda<\/strong> och <strong data-start=\"198\" data-end=\"216\">intensiv smak<\/strong>. Med en exceptionell <strong data-start=\"238\" data-end=\"264\">32ml e-v\u00e4tskekapacitet<\/strong> och ett kraftfullt <strong data-start=\"280\" data-end=\"298\">650mAh batteri<\/strong>, levererar denna <strong data-start=\"305\" data-end=\"338\">eng\u00e5ngsvape med h\u00f6g kapacitet<\/strong> en <strong data-start=\"348\" data-end=\"364\">. Bang Vape 32k puff vapes h\u00f6gpresterande eng\u00e5ngs vape erbjuder anm\u00e4rkningsv\u00e4rda<\/strong> av j\u00e4mn, konsekvent \u00e5nga. Spolen med <strong data-start=\"398\" data-end=\"417\">0.5\u03a9 motst\u00e5nd<\/strong> s\u00e4kerst\u00e4ller en <strong data-start=\"433\" data-end=\"461\">fyllig, fyllig smak<\/strong> med varje drag, vilket g\u00f6r den perfekt f\u00f6r de som uppskattar en f\u00f6rh\u00f6jd vapingupplevelse.<\/p>\n<p data-start=\"554\" data-end=\"882\">Designad f\u00f6r <strong data-start=\"567\" data-end=\"588\">\u00e5ngentusiaster<\/strong>, den b\u00e4sta f\u00f6rs\u00e4ljningen <strong data-start=\"594\" data-end=\"619\">Sm\u00e4ll <a href=\"https:\/\/vapebulkp.com\/sv\/product-category\/32000-puffs-disposable-vape\/\">32000 Puffs Eng\u00e5ngsvape<\/a><\/strong> har ett <strong data-start=\"631\" data-end=\"655\">Type-C laddningsport<\/strong> f\u00f6r <strong data-start=\"660\" data-end=\"679\">snabbladdning<\/strong>, vilket s\u00e4kerst\u00e4ller att du aldrig \u00e4r utan str\u00f6m l\u00e4nge. Denna <strong data-start=\"732\" data-end=\"751\">eng\u00e5ngsvape<\/strong> \u00e4r en <strong data-start=\"757\" data-end=\"791\">bekv\u00e4mt, problemfritt alternativ<\/strong> f\u00f6r anv\u00e4ndare som s\u00f6ker en <strong data-start=\"812\" data-end=\"841\">f\u00f6rstklassig vapingupplevelse<\/strong> utan behov av p\u00e5fyllning eller underh\u00e5ll.<\/p>\n<p data-start=\"884\" data-end=\"1198\">Oavsett om du letar efter en <strong data-start=\"913\" data-end=\"934\">l\u00e5ngvarig vape<\/strong> f\u00f6r daglig anv\u00e4ndning eller ett p\u00e5litligt alternativ f\u00f6r sociala sammankomster, \u00e4r <strong data-start=\"1000\" data-end=\"1025\">Bang Vape 32000 Puffar<\/strong>\u00a0utformad f\u00f6r att imponera. Dess eleganta, b\u00e4rbara design g\u00f6r den till det idealiska valet f\u00f6r <strong data-start=\"1107\" data-end=\"1133\">resev\u00e4nlig vaping<\/strong> utan att kompromissa med <strong data-start=\"1158\" data-end=\"1178\">smakintensitet<\/strong> or <strong data-start=\"1182\" data-end=\"1196\">h\u00e5llbarhet<\/strong>.<\/p>\n<p>&nbsp;<\/p>\n<h6>Kontakta Mandy via WhatsApp f\u00f6r rabatterat pris<a href=\"https:\/\/wa.me\/8618077105796\">+8618077105796<\/a><\/h6>\n<p><img decoding=\"async\" class=\"alignnone wp-image-2151\" src=\"http:\/\/vapebulkp.com\/wp-content\/uploads\/2024\/04\/Mandy-WhatsApp-Randm.jpg\" alt=\"Mandy WhatsApp Randm\" width=\"229\" height=\"244\" srcset=\"https:\/\/vapebulkp.com\/wp-content\/uploads\/2024\/04\/Mandy-WhatsApp-Randm.jpg 916w, https:\/\/vapebulkp.com\/wp-content\/uploads\/2024\/04\/Mandy-WhatsApp-Randm-282x300.jpg 282w, https:\/\/vapebulkp.com\/wp-content\/uploads\/2024\/04\/Mandy-WhatsApp-Randm-768x817.jpg 768w, https:\/\/vapebulkp.com\/wp-content\/uploads\/2024\/04\/Mandy-WhatsApp-Randm-600x638.jpg 600w\" sizes=\"(max-width: 229px) 100vw, 229px\" \/><\/p>\n<h2><span style=\"vertical-align: inherit\">FAQ om Bang med en vape 32000 Puffs:<\/span><\/h2>\n<h4 data-start=\"39\" data-end=\"128\"><strong data-start=\"44\" data-end=\"126\">1. Vad f\u00e5r Bang Vape 32000 Puffs att sticka ut fr\u00e5n andra eng\u00e5ngsvapes?<\/strong><\/h4>\n<p data-start=\"129\" data-end=\"418\">Den <strong data-start=\"133\" data-end=\"158\">Bang Vape 32000 Puffar<\/strong> erbjuder en exceptionell <strong data-start=\"181\" data-end=\"197\">. Bang Vape 32k puff vapes h\u00f6gpresterande eng\u00e5ngs vape erbjuder anm\u00e4rkningsv\u00e4rda<\/strong>, kombinerat med en <strong data-start=\"215\" data-end=\"241\">32ml e-v\u00e4tskekapacitet<\/strong>, vilket g\u00f6r den till en av de <strong data-start=\"264\" data-end=\"300\">l\u00e4ngst h\u00e5llbara eng\u00e5ngsvapesen<\/strong> p\u00e5 marknaden. Den <strong data-start=\"320\" data-end=\"339\">0.5\u03a9 motst\u00e5nd<\/strong> s\u00e4kerst\u00e4ller j\u00e4mn \u00e5nga och konsekvent smakleverans under hela dess livsl\u00e4ngd.<\/p>\n<h4 data-start=\"420\" data-end=\"479\"><strong data-start=\"425\" data-end=\"477\">2. Hur l\u00e4nge r\u00e4cker den l\u00e5ngvariga vapen Bang 32k puffs?<\/strong><\/h4>\n<p data-start=\"480\" data-end=\"715\">Med <strong data-start=\"485\" data-end=\"501\">. Bang Vape 32k puff vapes h\u00f6gpresterande eng\u00e5ngs vape erbjuder anm\u00e4rkningsv\u00e4rda<\/strong>, \u00e4r denna eng\u00e5ngsvape utformad f\u00f6r <strong data-start=\"540\" data-end=\"556\">f\u00f6rl\u00e4ngd anv\u00e4ndning<\/strong>, idealisk f\u00f6r storanv\u00e4ndare. Den <strong data-start=\"586\" data-end=\"604\">650mAh batteri<\/strong> ger l\u00e5ngvarig kraft, och med <strong data-start=\"643\" data-end=\"662\">Type-C laddning<\/strong>, kan du snabbt ladda f\u00f6r fortsatt njutning.<\/p>\n<h4 data-start=\"717\" data-end=\"773\"><strong data-start=\"722\" data-end=\"771\">3. \u00c4r Bang Vape 32000 Puff uppladdningsbar?<\/strong><\/h4>\n<p data-start=\"774\" data-end=\"918\">Ja, enheten \u00e4r utrustad med en <strong data-start=\"809\" data-end=\"833\">Type-C laddningsport<\/strong>, vilket g\u00f6r att du kan ladda <strong data-start=\"864\" data-end=\"882\">650mAh batteri<\/strong> f\u00f6r <strong data-start=\"887\" data-end=\"915\">f\u00f6rl\u00e4ngda vapingsessioner<\/strong>.<\/p>\n<h4 data-start=\"920\" data-end=\"990\"><strong data-start=\"925\" data-end=\"988\">4. Vilka smaker finns tillg\u00e4ngliga i den eng\u00e5ngsvape Bang Vape 32000?<\/strong><\/h4>\n<p data-start=\"991\" data-end=\"1139\">Den <strong data-start=\"995\" data-end=\"1020\">Bang Vape 32000 Puffar<\/strong> finns i en m\u00e4ngd premiumsmaker, som erbjuder en <strong data-start=\"1071\" data-end=\"1105\">rik och tillfredsst\u00e4llande upplevelse<\/strong> f\u00f6r vapers med olika smaker.<\/p>\n<h3 data-start=\"0\" data-end=\"62\"><strong data-start=\"0\" data-end=\"60\">bang vale 32k Puffs Specifikationer:<\/strong><\/h3>\n<ul>\n<li data-start=\"46\" data-end=\"138\"><strong data-start=\"48\" data-end=\"57\">Puffar<\/strong>: 32 000 \u2013 Upplev en ut\u00f6kad vapingupplevelse med ett imponerande antal bloss.<\/li>\n<li data-start=\"139\" data-end=\"230\"><strong data-start=\"141\" data-end=\"162\">E-v\u00e4tskekapacitet<\/strong>: 32 ml \u2013 En stor tank f\u00f6r l\u00e4ngre anv\u00e4ndning utan frekvent p\u00e5fyllning.<\/li>\n<li data-start=\"231\" data-end=\"312\"><strong data-start=\"233\" data-end=\"247\">Motst\u00e5nd<\/strong>: 0,5\u03a9 \u2013 Optimerad f\u00f6r j\u00e4mn \u00e5ngproduktion och rik smak.<\/li>\n<li data-start=\"313\" data-end=\"395\"><strong data-start=\"315\" data-end=\"326\">Batteri<\/strong>: 650 mAh \u2013 L\u00e5ngvarig kraft f\u00f6r att st\u00f6dja omfattande vapingsessioner.<\/li>\n<li data-start=\"396\" data-end=\"479\"><strong data-start=\"398\" data-end=\"415\">Laddningsport<\/strong>: Typ-C \u2013 Snabb och effektiv laddning f\u00f6r minimala driftstopp.<\/li>\n<\/ul>\n<h3><strong>30k vape bang f\u00f6r maximala puffkapacitet Smaklista:<\/strong><\/h3>\n<p>1. Vattenmelon k\u00f6rsb\u00e4r<br \/>\n2. Bl\u00e5b\u00e4r hallon<br \/>\n3. Vattenmelon is<br \/>\n4. Jordgubbs vattenmelon<br \/>\n5. Jordgubbe kiwi<br \/>\n6. Red bull<br \/>\n7. Vattenmelon tuggummi<br \/>\n8. Druva is<br \/>\n9. Persika mango<br \/>\n10. Persika is<br \/>\n11. Bl\u00e5b\u00e4r is<br \/>\n12. Blandad frukt<\/p>\n<p><a href=\"https:\/\/vapebulkp.com\/sv\/product\/bang-box-35000-puffs-touch-switch-digital-screen-rechargeable-vape\/\"><span style=\"vertical-align: inherit\">\u00a0Bang Box 35000 Puffar <\/span><\/a><\/p>\n<p><span style=\"vertical-align: inherit\">Hitta fler produkter du kanske gillar:<\/span><em><a href=\"https:\/\/wa.me\/8618077105796\"><span style=\"vertical-align: inherit\">\u00a0K\u00f6p nu<\/span><\/a><\/em><\/p>\n<p><span style=\"vertical-align: inherit\">Andra Puffs du kanske gillar:<\/span><a href=\"https:\/\/vapebulkp.com\/sv\/product\/buying-bood-twins-46000-puffs-vape-bar-wholesale-price\/\"><span style=\"vertical-align: inherit\">Bood twins 46000 Puffar<\/span><\/a><span style=\"vertical-align: inherit\">\u3001<\/span><a href=\"https:\/\/vapebulkp.com\/sv\/product\/fihp-digital-12000-puffs-disposable-e-cigarette-stylish-reliable-vape\/\"><span style=\"vertical-align: inherit\">FIHP Digital Box 12000 Puffar<\/span><\/a><span style=\"vertical-align: inherit\">\/ <\/span><a href=\"https:\/\/vapebulkp.com\/sv\/product\/waspe-crystal-vape-40000-puffs-disposable-e-cigarette-dual-flavors-wholesale-price\/\"><span style=\"vertical-align: inherit\">WAPE Crystal 40000 Puffar<\/span><\/a><span style=\"vertical-align: inherit\">\/ <\/span><a href=\"https:\/\/vapebulkp.com\/sv\/product\/fihp-36k-puffs-double-flavor-next-gen-nicotine-alternatives-europe-vape\/\"><span style=\"vertical-align: inherit\">FIHP Vape 36000 Puffar<\/span><\/a><\/p>\n<p><span style=\"vertical-align: inherit\">E-cigarettflaska med specialform:<\/span><a href=\"https:\/\/vapebulkp.com\/sv\/product\/fumot-randm-shisha-10k-puffs-hot-sale-vape-pen\/\"><span style=\"vertical-align: inherit\">Fumot Randm shisha 10000 Puffar <\/span><\/a><span style=\"vertical-align: inherit\">\/ <\/span><a href=\"https:\/\/vapebulkp.com\/sv\/product\/razz-bar-25000-puffs-wholesale-price-vape-eu-warehouse\/\"><span style=\"vertical-align: inherit\">RAZZ BAR 25000 Puffar <\/span><\/a><span style=\"vertical-align: inherit\">\/<\/span><a href=\"https:\/\/vapebulkp.com\/sv\/product\/bang-refillable-40000-puffs-long-lasting-vape-adjustable-airflow\/\"><span style=\"vertical-align: inherit\">Bang Vape 40000 Puffar <\/span><\/a><\/p>\n<h4>Leveransdetaljer:<\/h4>\n<p>Produktionstid: 5-10 arbetsdagar<br \/>\nLeveranstid: 8-14 arbetsdagar<\/p>\n<p>Alla produkter i v\u00e5r butik \u00e4r 100% originala och autentiska, d\u00e4rf\u00f6r \u00e4r Tiofaldig ers\u00e4ttning f\u00f6r falska varor v\u00e5r butikspolicy. Vi anv\u00e4nder logistikkanaler som UPS\/DHL\/FEDEX\/DPD f\u00f6r att leverera varor till dig.<\/p>\n<p>F\u00f6r paket som skickas inom Sverige tar det vanligtvis 10 arbetsdagar att anl\u00e4nda. Leveranser till andra europeiska l\u00e4nder tar vanligtvis 12 till 15 arbetsdagar att anl\u00e4nda. Vi uppdaterar logistikinformationen f\u00f6r dig i realtid.<\/p>\n<h3>Bra service efter k\u00f6p:<\/h3>\n<p>Obs: Inga \u00e5terbetalningar eller byten f\u00f6r problem som inte \u00e4r relaterade till kvalitet<br \/>\n1. Kunder kan v\u00e4lja den smak de vill ha, men om smaken \u00e4r slut i lager kommer produktionsavdelningen att v\u00e4lja en popul\u00e4r smak som ers\u00e4ttning. Kunder har inte r\u00e4tt att beg\u00e4ra \u00e5terbetalning eller byte baserat p\u00e5 smaker.<\/p>\n<p>2. N\u00e4r kvalitetsproblem uppst\u00e5r, v\u00e4nligen tillhandah\u00e5ll specifika video- och bildbeskrivningar.<br \/>\nOm du inte kan tillhandah\u00e5lla bevis som videor och foton kan varorna inte bytas ut.<\/p>","protected":false},"excerpt":{"rendered":"<p>Den <strong data-start=\"4\" data-end=\"29\">Bang Vape 32000 Puffar<\/strong> erbjuder <strong data-start=\"37\" data-end=\"65\">l\u00e5ngvarig prestanda<\/strong>, <strong data-start=\"67\" data-end=\"85\">intensiv smak<\/strong>, och en <strong data-start=\"93\" data-end=\"120\">h\u00f6gkapacitets 32ml tank<\/strong>, perfekt f\u00f6r en <strong data-start=\"136\" data-end=\"165\">f\u00f6rstklassig vapingupplevelse<\/strong>.<\/p>\n<p><img decoding=\"async\" class=\"alignnone wp-image-2151\" src=\"http:\/\/vapebulkp.com\/wp-content\/uploads\/2024\/04\/Mandy-WhatsApp-Randm.jpg\" alt=\"Mandy WhatsApp Randm\" width=\"286\" height=\"304\" srcset=\"https:\/\/vapebulkp.com\/wp-content\/uploads\/2024\/04\/Mandy-WhatsApp-Randm.jpg 916w, https:\/\/vapebulkp.com\/wp-content\/uploads\/2024\/04\/Mandy-WhatsApp-Randm-282x300.jpg 282w, https:\/\/vapebulkp.com\/wp-content\/uploads\/2024\/04\/Mandy-WhatsApp-Randm-768x817.jpg 768w, https:\/\/vapebulkp.com\/wp-content\/uploads\/2024\/04\/Mandy-WhatsApp-Randm-600x638.jpg 600w\" sizes=\"(max-width: 286px) 100vw, 286px\" \/><\/p>\n<p>Kontakta Mandy via WhatsApp f\u00f6r rabatterat pris<a href=\"https:\/\/wa.me\/8618077105796\">+8618077105796<\/a><\/p>\n<p><span style=\"color: #ff0000\">OBS: Priserna p\u00e5 v\u00e5r webbplats inkluderar inte fraktkostnader<\/span><\/p>","protected":false},"featured_media":3475,"comment_status":"open","ping_status":"closed","template":"","meta":{"_uag_custom_page_level_css":"","_lmt_disableupdate":"no","_lmt_disable":"","site-sidebar-layout":"default","site-content-layout":"content-boxed-container","ast-site-content-layout":"normal-width-container","site-content-style":"boxed","site-sidebar-style":"unboxed","ast-global-header-display":"","ast-banner-title-visibility":"","ast-main-header-display":"","ast-hfb-above-header-display":"","ast-hfb-below-header-display":"","ast-hfb-mobile-header-display":"","site-post-title":"","ast-breadcrumbs-content":"","ast-featured-img":"","footer-sml-layout":"","theme-transparent-header-meta":"default","adv-header-id-meta":"","stick-header-meta":"","header-above-stick-meta":"","header-main-stick-meta":"","header-below-stick-meta":"","astra-migrate-meta-layouts":"set","_joinchat":[]},"product_cat":[188,153,345,155,33,59,100,87,34,158,157,154,152,58,84,156,63,32],"product_tag":[189,36,37,41,71,40],"class_list":["post-3470","product","type-product","status-publish","has-post-thumbnail","hentry","product_cat-32000-puffs-disposable-vape","product_cat-hot-disposable-vapes","product_cat-bang-vapes","product_cat-belgium-hot-disposable-vapes","product_cat-france-vape-hot-sale","product_cat-germany-hot-disposable-vape","product_cat-germany-wholesale-vape-shop","product_cat-minimum-order-quantity-50pcs","product_cat-netherlands-vape-good-sale","product_cat-norway-hot-disposable-vapes","product_cat-poland-hot-disposable-vapes","product_cat-portugal-hot-disposable-vapes","product_cat-spain-hot-disposable-vapes","product_cat-sweden-hot-disposable-vape","product_cat-sweden-wholesale-vape","product_cat-switzerland-hot-disposable-vapes","product_cat-top-sale-disposable-vape","product_cat-vape-hot-sale-this-week","product_tag-32000-puffs","product_tag-good-vape","product_tag-hot-sale-disposable-vape","product_tag-poland-hot-vape","product_tag-randm","product_tag-sweden-hot-vape","pa_brand-bang-vape","desktop-align-left","tablet-align-left","mobile-align-left"],"yoast_head":"<!-- This site is optimized with the Yoast SEO plugin v21.1 - https:\/\/yoast.com\/wordpress\/plugins\/seo\/ -->\n<title>Top-Selling Bang Vape 32000 Puffs Intense Flavor Impressive Durability - vapebulkp.com<\/title>\n<meta name=\"description\" content=\"Bulk Price Bang Vape 32000 Puffs with intense flavor, 32ml e-liquid capacity, and impressive durability. A premium disposable vape for lasting satisfaction.\" \/>\n<meta name=\"robots\" content=\"index, follow, max-snippet:-1, max-image-preview:large, max-video-preview:-1\" \/>\n<link rel=\"canonical\" href=\"https:\/\/vapebulkp.com\/sv\/product\/top-selling-bang-vape-32000-puffs-with-intense-flavor-and-impressive-durability\/\" \/>\n<meta property=\"og:locale\" content=\"sv_SE\" \/>\n<meta property=\"og:type\" content=\"article\" \/>\n<meta property=\"og:title\" content=\"Top-Selling Bang Vape 32000 Puffs Intense Flavor Impressive Durability - vapebulkp.com\" \/>\n<meta property=\"og:description\" content=\"Bulk Price Bang Vape 32000 Puffs with intense flavor, 32ml e-liquid capacity, and impressive durability. A premium disposable vape for lasting satisfaction.\" \/>\n<meta property=\"og:url\" content=\"https:\/\/vapebulkp.com\/sv\/product\/top-selling-bang-vape-32000-puffs-with-intense-flavor-and-impressive-durability\/\" \/>\n<meta property=\"og:site_name\" content=\"vapebulkp.com\" \/>\n<meta property=\"article:modified_time\" content=\"2025-09-16T09:26:37+00:00\" \/>\n<meta property=\"og:image\" content=\"http:\/\/vapebulkp.com\/wp-content\/uploads\/2025\/02\/Bang-Vape-32000Puffs-Top-Sale-Vape.webp\" \/>\n\t<meta property=\"og:image:width\" content=\"800\" \/>\n\t<meta property=\"og:image:height\" content=\"800\" \/>\n\t<meta property=\"og:image:type\" content=\"image\/webp\" \/>\n<meta name=\"twitter:card\" content=\"summary_large_image\" \/>\n<meta name=\"twitter:label1\" content=\"Ber\u00e4knad l\u00e4stid\" \/>\n\t<meta name=\"twitter:data1\" content=\"4 minuter\" \/>\n<script type=\"application\/ld+json\" class=\"yoast-schema-graph\">{\"@context\":\"https:\/\/schema.org\",\"@graph\":[{\"@type\":\"WebPage\",\"@id\":\"https:\/\/vapebulkp.com\/product\/top-selling-bang-vape-32000-puffs-with-intense-flavor-and-impressive-durability\/\",\"url\":\"https:\/\/vapebulkp.com\/product\/top-selling-bang-vape-32000-puffs-with-intense-flavor-and-impressive-durability\/\",\"name\":\"Top-Selling Bang Vape 32000 Puffs Intense Flavor Impressive Durability - vapebulkp.com\",\"isPartOf\":{\"@id\":\"https:\/\/vapebulkp.com\/#website\"},\"datePublished\":\"2025-02-18T06:36:23+00:00\",\"dateModified\":\"2025-09-16T09:26:37+00:00\",\"description\":\"Bulk Price Bang Vape 32000 Puffs with intense flavor, 32ml e-liquid capacity, and impressive durability. A premium disposable vape for lasting satisfaction.\",\"breadcrumb\":{\"@id\":\"https:\/\/vapebulkp.com\/product\/top-selling-bang-vape-32000-puffs-with-intense-flavor-and-impressive-durability\/#breadcrumb\"},\"inLanguage\":\"sv-SE\",\"potentialAction\":[{\"@type\":\"ReadAction\",\"target\":[\"https:\/\/vapebulkp.com\/product\/top-selling-bang-vape-32000-puffs-with-intense-flavor-and-impressive-durability\/\"]}]},{\"@type\":\"BreadcrumbList\",\"@id\":\"https:\/\/vapebulkp.com\/product\/top-selling-bang-vape-32000-puffs-with-intense-flavor-and-impressive-durability\/#breadcrumb\",\"itemListElement\":[{\"@type\":\"ListItem\",\"position\":1,\"name\":\"Home\",\"item\":\"https:\/\/vapebulkp.com\/\"},{\"@type\":\"ListItem\",\"position\":2,\"name\":\"Hot Trend Vapes\",\"item\":\"https:\/\/vapebulkp.com\/vape-shop\/\"},{\"@type\":\"ListItem\",\"position\":3,\"name\":\"Top-Selling Bang Vape 32000 Puffs Intense Flavor Impressive Durability\"}]},{\"@type\":\"WebSite\",\"@id\":\"https:\/\/vapebulkp.com\/#website\",\"url\":\"https:\/\/vapebulkp.com\/\",\"name\":\"vapebulkp.com\",\"description\":\"Buy Vape In Cheap Bulk Price Near you\",\"publisher\":{\"@id\":\"https:\/\/vapebulkp.com\/#organization\"},\"potentialAction\":[{\"@type\":\"SearchAction\",\"target\":{\"@type\":\"EntryPoint\",\"urlTemplate\":\"https:\/\/vapebulkp.com\/?s={search_term_string}\"},\"query-input\":\"required name=search_term_string\"}],\"inLanguage\":\"sv-SE\"},{\"@type\":\"Organization\",\"@id\":\"https:\/\/vapebulkp.com\/#organization\",\"name\":\"vapebulkp.com\",\"url\":\"https:\/\/vapebulkp.com\/\",\"logo\":{\"@type\":\"ImageObject\",\"inLanguage\":\"sv-SE\",\"@id\":\"https:\/\/vapebulkp.com\/#\/schema\/logo\/image\/\",\"url\":\"https:\/\/vapebulkp.com\/wp-content\/uploads\/2023\/09\/cropped-vapebulkp.png\",\"contentUrl\":\"https:\/\/vapebulkp.com\/wp-content\/uploads\/2023\/09\/cropped-vapebulkp.png\",\"width\":516,\"height\":163,\"caption\":\"vapebulkp.com\"},\"image\":{\"@id\":\"https:\/\/vapebulkp.com\/#\/schema\/logo\/image\/\"}}]}<\/script>\n<!-- \/ Yoast SEO plugin. -->","yoast_head_json":{"title":"Top-Selling Bang Vape 32000 Puffs Intense Flavor Impressive Durability - vapebulkp.com","description":"Bulk Price Bang Vape 32000 Puffs with intense flavor, 32ml e-liquid capacity, and impressive durability. A premium disposable vape for lasting satisfaction.","robots":{"index":"index","follow":"follow","max-snippet":"max-snippet:-1","max-image-preview":"max-image-preview:large","max-video-preview":"max-video-preview:-1"},"canonical":"https:\/\/vapebulkp.com\/sv\/product\/top-selling-bang-vape-32000-puffs-with-intense-flavor-and-impressive-durability\/","og_locale":"sv_SE","og_type":"article","og_title":"Top-Selling Bang Vape 32000 Puffs Intense Flavor Impressive Durability - vapebulkp.com","og_description":"Bulk Price Bang Vape 32000 Puffs with intense flavor, 32ml e-liquid capacity, and impressive durability. A premium disposable vape for lasting satisfaction.","og_url":"https:\/\/vapebulkp.com\/sv\/product\/top-selling-bang-vape-32000-puffs-with-intense-flavor-and-impressive-durability\/","og_site_name":"vapebulkp.com","article_modified_time":"2025-09-16T09:26:37+00:00","og_image":[{"width":800,"height":800,"url":"http:\/\/vapebulkp.com\/wp-content\/uploads\/2025\/02\/Bang-Vape-32000Puffs-Top-Sale-Vape.webp","type":"image\/webp"}],"twitter_card":"summary_large_image","twitter_misc":{"Ber\u00e4knad l\u00e4stid":"4 minuter"},"schema":{"@context":"https:\/\/schema.org","@graph":[{"@type":"WebPage","@id":"https:\/\/vapebulkp.com\/product\/top-selling-bang-vape-32000-puffs-with-intense-flavor-and-impressive-durability\/","url":"https:\/\/vapebulkp.com\/product\/top-selling-bang-vape-32000-puffs-with-intense-flavor-and-impressive-durability\/","name":"Top-Selling Bang Vape 32000 Puffs Intense Flavor Impressive Durability - vapebulkp.com","isPartOf":{"@id":"https:\/\/vapebulkp.com\/#website"},"datePublished":"2025-02-18T06:36:23+00:00","dateModified":"2025-09-16T09:26:37+00:00","description":"Bulk Price Bang Vape 32000 Puffs with intense flavor, 32ml e-liquid capacity, and impressive durability. A premium disposable vape for lasting satisfaction.","breadcrumb":{"@id":"https:\/\/vapebulkp.com\/product\/top-selling-bang-vape-32000-puffs-with-intense-flavor-and-impressive-durability\/#breadcrumb"},"inLanguage":"sv-SE","potentialAction":[{"@type":"ReadAction","target":["https:\/\/vapebulkp.com\/product\/top-selling-bang-vape-32000-puffs-with-intense-flavor-and-impressive-durability\/"]}]},{"@type":"BreadcrumbList","@id":"https:\/\/vapebulkp.com\/product\/top-selling-bang-vape-32000-puffs-with-intense-flavor-and-impressive-durability\/#breadcrumb","itemListElement":[{"@type":"ListItem","position":1,"name":"Home","item":"https:\/\/vapebulkp.com\/"},{"@type":"ListItem","position":2,"name":"Hot Trend Vapes","item":"https:\/\/vapebulkp.com\/vape-shop\/"},{"@type":"ListItem","position":3,"name":"Top-Selling Bang Vape 32000 Puffs Intense Flavor Impressive Durability"}]},{"@type":"WebSite","@id":"https:\/\/vapebulkp.com\/#website","url":"https:\/\/vapebulkp.com\/","name":"vapebulkp.com","description":"Buy Vape In Cheap Bulk Price Near you","publisher":{"@id":"https:\/\/vapebulkp.com\/#organization"},"potentialAction":[{"@type":"SearchAction","target":{"@type":"EntryPoint","urlTemplate":"https:\/\/vapebulkp.com\/?s={search_term_string}"},"query-input":"required name=search_term_string"}],"inLanguage":"sv-SE"},{"@type":"Organization","@id":"https:\/\/vapebulkp.com\/#organization","name":"vapebulkp.com","url":"https:\/\/vapebulkp.com\/","logo":{"@type":"ImageObject","inLanguage":"sv-SE","@id":"https:\/\/vapebulkp.com\/#\/schema\/logo\/image\/","url":"https:\/\/vapebulkp.com\/wp-content\/uploads\/2023\/09\/cropped-vapebulkp.png","contentUrl":"https:\/\/vapebulkp.com\/wp-content\/uploads\/2023\/09\/cropped-vapebulkp.png","width":516,"height":163,"caption":"vapebulkp.com"},"image":{"@id":"https:\/\/vapebulkp.com\/#\/schema\/logo\/image\/"}}]}},"uagb_featured_image_src":{"full":["https:\/\/vapebulkp.com\/wp-content\/uploads\/2025\/02\/Bang-Vape-32000Puffs-Top-Sale-Vape.webp",800,800,false],"thumbnail":["https:\/\/vapebulkp.com\/wp-content\/uploads\/2025\/02\/Bang-Vape-32000Puffs-Top-Sale-Vape-150x150.webp",150,150,true],"medium":["https:\/\/vapebulkp.com\/wp-content\/uploads\/2025\/02\/Bang-Vape-32000Puffs-Top-Sale-Vape-300x300.webp",300,300,true],"medium_large":["https:\/\/vapebulkp.com\/wp-content\/uploads\/2025\/02\/Bang-Vape-32000Puffs-Top-Sale-Vape-768x768.webp",768,768,true],"large":["https:\/\/vapebulkp.com\/wp-content\/uploads\/2025\/02\/Bang-Vape-32000Puffs-Top-Sale-Vape.webp",800,800,false],"1536x1536":["https:\/\/vapebulkp.com\/wp-content\/uploads\/2025\/02\/Bang-Vape-32000Puffs-Top-Sale-Vape.webp",800,800,false],"2048x2048":["https:\/\/vapebulkp.com\/wp-content\/uploads\/2025\/02\/Bang-Vape-32000Puffs-Top-Sale-Vape.webp",800,800,false],"trp-custom-language-flag":["https:\/\/vapebulkp.com\/wp-content\/uploads\/2025\/02\/Bang-Vape-32000Puffs-Top-Sale-Vape.webp",12,12,false],"woocommerce_thumbnail":["https:\/\/vapebulkp.com\/wp-content\/uploads\/2025\/02\/Bang-Vape-32000Puffs-Top-Sale-Vape-300x300.webp",300,300,true],"woocommerce_single":["https:\/\/vapebulkp.com\/wp-content\/uploads\/2025\/02\/Bang-Vape-32000Puffs-Top-Sale-Vape-600x600.webp",600,600,true],"woocommerce_gallery_thumbnail":["https:\/\/vapebulkp.com\/wp-content\/uploads\/2025\/02\/Bang-Vape-32000Puffs-Top-Sale-Vape-100x100.webp",100,100,true],"wcpr-photo-reviews":["https:\/\/vapebulkp.com\/wp-content\/uploads\/2025\/02\/Bang-Vape-32000Puffs-Top-Sale-Vape.webp",500,500,false]},"uagb_author_info":{"display_name":"Mandy vape bulk price","author_link":"https:\/\/vapebulkp.com\/sv\/author\/"},"uagb_comment_info":0,"uagb_excerpt":"The Bang Vape 32000 Puffs offers long-lasting performance, intense flavor, and a high-capacity 32ml tank, perfect for a premium vaping experience. Pls Contact Mandy's WhatsApp For Discount Price+8618077105796 NOTE: Prices on our website does not include shipping costs","_links":{"self":[{"href":"https:\/\/vapebulkp.com\/sv\/wp-json\/wp\/v2\/product\/3470","targetHints":{"allow":["GET"]}}],"collection":[{"href":"https:\/\/vapebulkp.com\/sv\/wp-json\/wp\/v2\/product"}],"about":[{"href":"https:\/\/vapebulkp.com\/sv\/wp-json\/wp\/v2\/types\/product"}],"replies":[{"embeddable":true,"href":"https:\/\/vapebulkp.com\/sv\/wp-json\/wp\/v2\/comments?post=3470"}],"wp:featuredmedia":[{"embeddable":true,"href":"https:\/\/vapebulkp.com\/sv\/wp-json\/wp\/v2\/media\/3475"}],"wp:attachment":[{"href":"https:\/\/vapebulkp.com\/sv\/wp-json\/wp\/v2\/media?parent=3470"}],"wp:term":[{"taxonomy":"product_cat","embeddable":true,"href":"https:\/\/vapebulkp.com\/sv\/wp-json\/wp\/v2\/product_cat?post=3470"},{"taxonomy":"product_tag","embeddable":true,"href":"https:\/\/vapebulkp.com\/sv\/wp-json\/wp\/v2\/product_tag?post=3470"}],"curies":[{"name":"wp","href":"https:\/\/api.w.org\/{rel}","templated":true}]}}