{"id":3496,"date":"2025-02-22T09:29:08","date_gmt":"2025-02-22T08:29:08","guid":{"rendered":"https:\/\/vapebulkp.com\/?post_type=product&#038;p=3496"},"modified":"2025-09-17T10:32:42","modified_gmt":"2025-09-17T08:32:42","slug":"uwin-twins-crystal-40000-puffs-long-lasting-disposable-vape","status":"publish","type":"product","link":"https:\/\/vapebulkp.com\/sv\/product\/uwin-twins-crystal-40000-puffs-long-lasting-disposable-vape\/","title":{"rendered":"Uwin Twins Crystal 40000 bloss l\u00e5ngvarig eng\u00e5ngsvape"},"content":{"rendered":"<h2 style=\"text-align: left\">Uwin Twins Crystal 40000 bloss l\u00e5ngvarig eng\u00e5ngsvape<\/h2>\n<p data-start=\"65\" data-end=\"484\">Den <strong data-start=\"69\" data-end=\"119\">Uwin Twins Kristall <a href=\"https:\/\/vapebulkp.com\/sv\/product-category\/40000-puffs-disposable-vape\/\">40000 Puffs Eng\u00e5ngs Vape<\/a><\/strong> \u00e4r konstruerad f\u00f6r de som s\u00f6ker en p\u00e5litlig, l\u00e5ngvarig vapingupplevelse. Med imponerande 40 000 puffar s\u00e4kerst\u00e4ller denna enhet en ut\u00f6kad vapingupplevelse, perfekt f\u00f6r daglig anv\u00e4ndning eller sociala evenemang. Den <strong data-start=\"323\" data-end=\"349\">30 ml e-v\u00e4tskekapacitet<\/strong> m\u00f6jligg\u00f6r oavbruten njutning, medan <strong data-start=\"396\" data-end=\"417\">0,6 ohm n\u00e4tspole<\/strong> levererar rik smak och mjuk \u00e5ngproduktion med varje puff. V\u00e4lj mellan flera <strong data-start=\"507\" data-end=\"536\">nikotinstyrkealternativ<\/strong>\u20142%, 5%\u2014f\u00f6r att passa dina preferenser. Med <strong data-start=\"585\" data-end=\"606\">10 unika smaker<\/strong>, inklusive fruktiga och mentholblandningar, finns det n\u00e5got f\u00f6r varje smak. Den eleganta designen har en <strong data-start=\"709\" data-end=\"740\">uppladdningsbart 850mAh batteri<\/strong> med en <strong data-start=\"748\" data-end=\"763\">Typ-C-port<\/strong>, vilket ger snabb och effektiv laddning. Perfekt f\u00f6r b\u00e5de nyb\u00f6rjare och erfarna vejpare, erbjuder 40000 puff Uwin Twins Crystal Vape Grossist en enkel vapingupplevelse utan krav p\u00e5 p\u00e5fyllning eller underh\u00e5ll. F\u00f6r kvalitet, prestanda och bekv\u00e4mlighet \u00e4r Uwin Twins Crystal 40000 puff vape ditt idealiska val.<\/p>\n<p>&nbsp;<\/p>\n<h6>Kontakta Mandy via WhatsApp f\u00f6r rabatterat pris<a href=\"https:\/\/wa.me\/8618077105796\">+8618077105796<\/a><\/h6>\n<p><img decoding=\"async\" class=\"alignnone wp-image-2151\" src=\"http:\/\/vapebulkp.com\/wp-content\/uploads\/2024\/04\/Mandy-WhatsApp-Randm.jpg\" alt=\"Mandy WhatsApp Randm\" width=\"324\" height=\"330\" \/><\/p>\n<div class=\"flex max-w-full flex-col flex-grow\">\n<div class=\"min-h-8 text-message flex w-full flex-col items-end gap-2 whitespace-normal break-words text-start [.text-message+&amp;]:mt-5\" dir=\"auto\" data-message-author-role=\"assistant\" data-message-id=\"d24cf626-c018-4805-80f5-44de047f2ba0\" data-message-model-slug=\"gpt-4o\">\n<div class=\"flex w-full flex-col gap-1 empty:hidden first:pt-[3px]\">\n<div class=\"markdown prose w-full break-words dark:prose-invert light\">\n<h2>Varf\u00f6r v\u00e4lja premium smaker vapes Twins Crystal 40000 Puffs p\u00e5 <a href=\"https:\/\/vapebulkp.com\/sv\/vape-shop\/\">Vapebulkp.com<\/a>?<\/h2>\n<ul data-start=\"65\" data-end=\"521\">\n<li data-start=\"65\" data-end=\"155\"><strong data-start=\"67\" data-end=\"85\">Brett urval<\/strong>: En m\u00e4ngd olika nikotinstyrkor och smaker f\u00f6r att passa alla preferenser.<\/li>\n<li data-start=\"156\" data-end=\"256\"><strong data-start=\"158\" data-end=\"179\">Kvalitetss\u00e4kring<\/strong>: Endast premium, l\u00e5ngvariga eng\u00e5ngs vapes med f\u00f6rstklassig coil-teknologi.<\/li>\n<li data-start=\"257\" data-end=\"340\"><strong data-start=\"259\" data-end=\"281\">Konkurrenskraftiga Priser<\/strong>: Prisv\u00e4rda priser och alternativ f\u00f6r bulkink\u00f6p f\u00f6r besparingar.<\/li>\n<li data-start=\"341\" data-end=\"431\"><strong data-start=\"343\" data-end=\"360\">Snabb leverans<\/strong>: Snabb leverans inom Europa, vilket s\u00e4kerst\u00e4ller att du f\u00e5r dina produkter i tid.<\/li>\n<li data-start=\"432\" data-end=\"521\"><strong data-start=\"434\" data-end=\"454\">Kundsupport<\/strong>: P\u00e5litlig kundservice f\u00f6r att hj\u00e4lpa till med alla fr\u00e5gor eller problem.<\/li>\n<li data-start=\"432\" data-end=\"521\"><strong style=\"font-size: 16px\" data-start=\"523\" data-end=\"554\">F\u00f6rdelar med Vapebulkp.com<\/strong><\/li>\n<li data-start=\"557\" data-end=\"609\">Brett utbud av h\u00f6gkvalitativa vapingprodukter.<\/li>\n<li data-start=\"610\" data-end=\"663\">Enkel onlinebest\u00e4llning med s\u00e4kra betalningsalternativ.<\/li>\n<li data-start=\"664\" data-end=\"739\" data-is-last-node=\"\">Fokus p\u00e5 milj\u00f6v\u00e4nliga, kundcentrerade l\u00f6sningar f\u00f6r vapingentusiaster.<\/li>\n<\/ul>\n<\/div>\n<\/div>\n<\/div>\n<\/div>\n<h3>Uwin Twins Crystal 40000 Puff nikotinstyrkor vape Viktiga specifikationer:<\/h3>\n<ul>\n<li data-start=\"241\" data-end=\"337\"><strong data-start=\"243\" data-end=\"272\">Nikotinstyrkealternativ<\/strong>: 0%, 2%, 3%, 5% Nikotinsalt f\u00f6r en skr\u00e4ddarsydd vapingupplevelse<\/li>\n<li data-start=\"338\" data-end=\"421\"><strong data-start=\"340\" data-end=\"354\">Antal bloss<\/strong>: 40 000 bloss, vilket ger en l\u00e5ngvarig, smidig vapingupplevelse<\/li>\n<li data-start=\"422\" data-end=\"520\"><strong data-start=\"424\" data-end=\"445\">E-v\u00e4tskekapacitet<\/strong>: 30 ml, vilket s\u00e4kerst\u00e4ller rikligt med e-v\u00e4tska f\u00f6r l\u00e5ngvarig anv\u00e4ndning utan frekventa p\u00e5fyllningar<\/li>\n<li data-start=\"521\" data-end=\"630\"><strong data-start=\"523\" data-end=\"536\">F\u00f6rpackning<\/strong>: 10 st per l\u00e5da, 100 st per kartong, vilket g\u00f6r den idealisk f\u00f6r bulkink\u00f6p eller butiksdisplayer<\/li>\n<li data-start=\"631\" data-end=\"758\"><strong data-start=\"633\" data-end=\"644\">Smaker<\/strong>: 10 premiumsmaker tillg\u00e4ngliga, som tillgodoser ett brett utbud av smakpreferenser, fr\u00e5n fruktig till mentol och mer<\/li>\n<li data-start=\"759\" data-end=\"871\"><strong data-start=\"761\" data-end=\"772\">Batteri<\/strong>: 850mAh uppladdningsbart koboltbatteri med en Type-C-port f\u00f6r snabb laddning och maximal prestanda<\/li>\n<li data-start=\"872\" data-end=\"980\"><strong data-start=\"874\" data-end=\"882\">Spole<\/strong>: Avancerad 0,6 ohm mesh coil-teknik f\u00f6r f\u00f6rb\u00e4ttrad smakleverans och smidig \u00e5ngproduktion<\/li>\n<li data-start=\"981\" data-end=\"1086\"><strong data-start=\"983\" data-end=\"993\">Design<\/strong>: Kompakt och elegant, designad f\u00f6r portabilitet och enkel anv\u00e4ndning, perfekt f\u00f6r vaping p\u00e5 spr\u00e5ng<\/li>\n<li data-start=\"1087\" data-end=\"1198\"><strong data-start=\"1089\" data-end=\"1106\">Anv\u00e4ndarv\u00e4nlig<\/strong>: Inga p\u00e5fyllningar eller komplicerade inst\u00e4llningar \u2013 \u00f6ppna bara och njut av en tillfredsst\u00e4llande, l\u00e5ngvarig vape<\/li>\n<li data-start=\"1199\" data-end=\"1311\"><strong data-start=\"1201\" data-end=\"1214\">Idealisk f\u00f6r<\/strong>: Daglig anv\u00e4ndning, resor och sociala sammankomster \u2013 vilket ger en problemfri och p\u00e5litlig vapingl\u00f6sning<\/li>\n<\/ul>\n<h3><strong>Toppkvalitativa Twins Crystal 40000 Puff Vape Pods Smaklista<\/strong><\/h3>\n<p>1.Bl\u00e5b\u00e4r P\u00e5 Is\/Sommar Persika Is<br \/>\n2.Kiwipassionfrukt Guava\/Bl\u00e5b\u00e4r Hallon<br \/>\n3.Jordgubbe Kiwi\/Vindruva Is<br \/>\n4. Kiwi Passionsfrukt Guava\/Tv\u00e5 \u00c4pplen<br \/>\n5. Jordgubbsvattenmelon\/Citron Lime<br \/>\n6. Bl\u00e5b\u00e4r Hallon\/K\u00f6rsb\u00e4rsis<br \/>\n7. Jordgubbs Hallon K\u00f6rsb\u00e4r\/Mr Blue<br \/>\n8. Persika Mango Ananas\/Red Bull<br \/>\n9. Vattenmelon Is\/Blandade B\u00e4r<br \/>\n10. Jordgubbsbanan\/Love 66 (Passionsfrukt Melon Is)<\/p>\n<p><a href=\"https:\/\/vapebulkp.com\/sv\/product\/aivono-curved-smart-screen-35000-puffs-disposable-vape-wholesale-price\/\"><span style=\"vertical-align: inherit\">Aivono 35000 Puffar <\/span><\/a><\/p>\n<p><span style=\"vertical-align: inherit\">Hitta fler produkter du kanske gillar:<\/span><em><a href=\"https:\/\/wa.me\/8618077105796\"><span style=\"vertical-align: inherit\">\u00a0K\u00f6p nu<\/span><\/a><\/em><\/p>\n<p><span style=\"vertical-align: inherit\">Andra Puffs du kanske gillar:<\/span><a href=\"https:\/\/vapebulkp.com\/sv\/product\/wholesale-price-bang-kingdoms-rex-32000-puffs-vape-pod\/\"><span style=\"vertical-align: inherit\">Bang Kingdoms 32000 Puffs<\/span><\/a><span style=\"vertical-align: inherit\">\u3001<\/span><a href=\"https:\/\/vapebulkp.com\/sv\/product\/bood-pulse-pro-25k-50k-disposable-vape-bar-5000-puffs-nicotine-free\/\"><span style=\"vertical-align: inherit\">Bood pulse pro 50000 Puffar<\/span><\/a><span style=\"vertical-align: inherit\">\/ <\/span><a href=\"https:\/\/vapebulkp.com\/sv\/product\/vapsolo-best-quality-viking-12k-puffs-disposable-vapes\/\"><span style=\"vertical-align: inherit\">Vapsolo viking 12000 Puffar<\/span><\/a><span style=\"vertical-align: inherit\">\/ <\/span><a href=\"https:\/\/vapebulkp.com\/sv\/product\/waspe-vape-40000-puff-fihp-double-flavour-disposable-vape\/\"><span style=\"vertical-align: inherit\">WASPE 40000 Puffs<\/span><\/a><\/p>\n<p><span style=\"vertical-align: inherit\">E-cigarettflaska med specialform:<\/span><a href=\"https:\/\/vapebulkp.com\/sv\/product\/vapsolo-feed-bar-shisha-vape-15000-puffs-wholesale-price\/\"><span style=\"vertical-align: inherit\"> Vapsolo shisha 15000 Puffar<\/span><\/a><span style=\"vertical-align: inherit\">\/ <\/span><a href=\"https:\/\/vapebulkp.com\/sv\/product\/vopk-ultra-30000-puffs-rgb-light-mesh-coil-rechargeable-vape-wholesale-price\/\"><span style=\"vertical-align: inherit\">\u00a0VOPK ULTRA 30000 Puffar <\/span><\/a><span style=\"vertical-align: inherit\">\/<\/span><a href=\"https:\/\/vapebulkp.com\/sv\/product\/bang-box-35000-puffs-touch-switch-digital-screen-rechargeable-vape\/\"><span style=\"vertical-align: inherit\"> Bang Box 35000 Puffar<\/span><\/a><\/p>\n<h3>Leveransdetaljer:<\/h3>\n<p><span style=\"color: #ff6600\">Produktionstid: 5-10 arbetsdagar<\/span><br \/>\n<span style=\"color: #ff6600\">Leveranstid: 8-14 arbetsdagar<\/span><\/p>\n<p>Alla produkter i v\u00e5r butik \u00e4r 100% originala och autentiska, d\u00e4rf\u00f6r \u00e4r Tiofaldig ers\u00e4ttning f\u00f6r falska varor v\u00e5r butikspolicy. Vi anv\u00e4nder logistikkanaler som UPS\/DHL\/FEDEX\/DPD f\u00f6r att leverera varor till dig.<\/p>\n<p>F\u00f6r paket som skickas inom Sverige tar det vanligtvis 10 arbetsdagar att anl\u00e4nda. Leveranser till andra europeiska l\u00e4nder tar vanligtvis 12 till 15 arbetsdagar att anl\u00e4nda. Vi uppdaterar logistikinformationen f\u00f6r dig i realtid.<\/p>","protected":false},"excerpt":{"rendered":"<ul>\n<li data-start=\"115\" data-end=\"211\"><strong data-start=\"118\" data-end=\"209\">Uwin Twins Crystal 40k Puff Eng\u00e5ngs Vape f\u00f6r L\u00e5ngvarig Smak och Tillfredsst\u00e4llelse<\/strong><\/li>\n<li data-start=\"212\" data-end=\"297\"><strong data-start=\"215\" data-end=\"295\">Premium Uwin Twins Crystal 40000 Puff Vapes f\u00f6r Mjuka Drag och F\u00f6rl\u00e4ngd Anv\u00e4ndning<\/strong><\/li>\n<li data-start=\"298\" data-end=\"399\"><strong data-start=\"301\" data-end=\"399\">Uwin Twins Crystal 40000 Puff Eng\u00e5ngs Vape \u2013 \u00d6verl\u00e4gsen Coil-teknologi f\u00f6r Konsekvent \u00c5nga<\/strong><\/li>\n<\/ul>\n<p>Kontakta Mandy via WhatsApp f\u00f6r rabatterat pris<a href=\"https:\/\/wa.me\/8618077105796\">+8618077105796<\/a><\/p>\n<p><img decoding=\"async\" class=\"alignnone wp-image-2151\" src=\"http:\/\/vapebulkp.com\/wp-content\/uploads\/2024\/04\/Mandy-WhatsApp-Randm.jpg\" alt=\"Mandy WhatsApp Randm\" width=\"297\" height=\"316\" srcset=\"https:\/\/vapebulkp.com\/wp-content\/uploads\/2024\/04\/Mandy-WhatsApp-Randm.jpg 916w, https:\/\/vapebulkp.com\/wp-content\/uploads\/2024\/04\/Mandy-WhatsApp-Randm-282x300.jpg 282w, https:\/\/vapebulkp.com\/wp-content\/uploads\/2024\/04\/Mandy-WhatsApp-Randm-768x817.jpg 768w, https:\/\/vapebulkp.com\/wp-content\/uploads\/2024\/04\/Mandy-WhatsApp-Randm-600x638.jpg 600w\" sizes=\"(max-width: 297px) 100vw, 297px\" \/><\/p>\n<p><span style=\"color: #ff0000\">OBS: Priserna p\u00e5 v\u00e5r webbplats inkluderar inte fraktkostnader<\/span><\/p>\n<p>&nbsp;<\/p>","protected":false},"featured_media":3494,"comment_status":"open","ping_status":"closed","template":"","meta":{"_uag_custom_page_level_css":"","_lmt_disableupdate":"no","_lmt_disable":"","site-sidebar-layout":"default","site-content-layout":"content-boxed-container","ast-site-content-layout":"normal-width-container","site-content-style":"boxed","site-sidebar-style":"unboxed","ast-global-header-display":"","ast-banner-title-visibility":"","ast-main-header-display":"","ast-hfb-above-header-display":"","ast-hfb-below-header-display":"","ast-hfb-mobile-header-display":"","site-post-title":"","ast-breadcrumbs-content":"","ast-featured-img":"","footer-sml-layout":"","theme-transparent-header-meta":"default","adv-header-id-meta":"","stick-header-meta":"","header-above-stick-meta":"","header-main-stick-meta":"","header-below-stick-meta":"","astra-migrate-meta-layouts":"set","_joinchat":[]},"product_cat":[182,153,155,33,59,100,87,34,158,157,154,152,58,84,156,63,360,32],"product_tag":[36,37,41,40,213],"class_list":["post-3496","product","type-product","status-publish","has-post-thumbnail","hentry","product_cat-40000-puffs-disposable-vape","product_cat-hot-disposable-vapes","product_cat-belgium-hot-disposable-vapes","product_cat-france-vape-hot-sale","product_cat-germany-hot-disposable-vape","product_cat-germany-wholesale-vape-shop","product_cat-minimum-order-quantity-50pcs","product_cat-netherlands-vape-good-sale","product_cat-norway-hot-disposable-vapes","product_cat-poland-hot-disposable-vapes","product_cat-portugal-hot-disposable-vapes","product_cat-spain-hot-disposable-vapes","product_cat-sweden-hot-disposable-vape","product_cat-sweden-wholesale-vape","product_cat-switzerland-hot-disposable-vapes","product_cat-top-sale-disposable-vape","product_cat-uwin-vape","product_cat-vape-hot-sale-this-week","product_tag-good-vape","product_tag-hot-sale-disposable-vape","product_tag-poland-hot-vape","product_tag-sweden-hot-vape","product_tag-uwin-twins-crystal-40000-puffs","pa_brand-uwin-vape","desktop-align-left","tablet-align-left","mobile-align-left"],"yoast_head":"<!-- This site is optimized with the Yoast SEO plugin v21.1 - https:\/\/yoast.com\/wordpress\/plugins\/seo\/ -->\n<title>Uwin Twins Crystal 40000 Puffs Long-Lasting Disposable Vape - vapebulkp.com<\/title>\n<meta name=\"description\" content=\"Best Price Uwin Twins Crystal 40000 Puffs Disposable Vape offers long-lasting flavor, multiple nicotine strengths, and a smooth vaping experience.\" \/>\n<meta name=\"robots\" content=\"index, follow, max-snippet:-1, max-image-preview:large, max-video-preview:-1\" \/>\n<link rel=\"canonical\" href=\"https:\/\/vapebulkp.com\/sv\/product\/uwin-twins-crystal-40000-puffs-long-lasting-disposable-vape\/\" \/>\n<meta property=\"og:locale\" content=\"sv_SE\" \/>\n<meta property=\"og:type\" content=\"article\" \/>\n<meta property=\"og:title\" content=\"Uwin Twins Crystal 40000 Puffs Long-Lasting Disposable Vape - vapebulkp.com\" \/>\n<meta property=\"og:description\" content=\"Best Price Uwin Twins Crystal 40000 Puffs Disposable Vape offers long-lasting flavor, multiple nicotine strengths, and a smooth vaping experience.\" \/>\n<meta property=\"og:url\" content=\"https:\/\/vapebulkp.com\/sv\/product\/uwin-twins-crystal-40000-puffs-long-lasting-disposable-vape\/\" \/>\n<meta property=\"og:site_name\" content=\"vapebulkp.com\" \/>\n<meta property=\"article:modified_time\" content=\"2025-09-17T08:32:42+00:00\" \/>\n<meta property=\"og:image\" content=\"http:\/\/vapebulkp.com\/wp-content\/uploads\/2025\/02\/UWIN-Crystal-40000-Puffs-Disposable-Vape-for-Convenient-and-Hassle-Free-Vaping.webp\" \/>\n\t<meta property=\"og:image:width\" content=\"800\" \/>\n\t<meta property=\"og:image:height\" content=\"800\" \/>\n\t<meta property=\"og:image:type\" content=\"image\/webp\" \/>\n<meta name=\"twitter:card\" content=\"summary_large_image\" \/>\n<meta name=\"twitter:label1\" content=\"Ber\u00e4knad l\u00e4stid\" \/>\n\t<meta name=\"twitter:data1\" content=\"3 minuter\" \/>\n<script type=\"application\/ld+json\" class=\"yoast-schema-graph\">{\"@context\":\"https:\/\/schema.org\",\"@graph\":[{\"@type\":\"WebPage\",\"@id\":\"https:\/\/vapebulkp.com\/product\/uwin-twins-crystal-40000-puffs-long-lasting-disposable-vape\/\",\"url\":\"https:\/\/vapebulkp.com\/product\/uwin-twins-crystal-40000-puffs-long-lasting-disposable-vape\/\",\"name\":\"Uwin Twins Crystal 40000 Puffs Long-Lasting Disposable Vape - vapebulkp.com\",\"isPartOf\":{\"@id\":\"https:\/\/vapebulkp.com\/#website\"},\"datePublished\":\"2025-02-22T08:29:08+00:00\",\"dateModified\":\"2025-09-17T08:32:42+00:00\",\"description\":\"Best Price Uwin Twins Crystal 40000 Puffs Disposable Vape offers long-lasting flavor, multiple nicotine strengths, and a smooth vaping experience.\",\"breadcrumb\":{\"@id\":\"https:\/\/vapebulkp.com\/product\/uwin-twins-crystal-40000-puffs-long-lasting-disposable-vape\/#breadcrumb\"},\"inLanguage\":\"sv-SE\",\"potentialAction\":[{\"@type\":\"ReadAction\",\"target\":[\"https:\/\/vapebulkp.com\/product\/uwin-twins-crystal-40000-puffs-long-lasting-disposable-vape\/\"]}]},{\"@type\":\"BreadcrumbList\",\"@id\":\"https:\/\/vapebulkp.com\/product\/uwin-twins-crystal-40000-puffs-long-lasting-disposable-vape\/#breadcrumb\",\"itemListElement\":[{\"@type\":\"ListItem\",\"position\":1,\"name\":\"Home\",\"item\":\"https:\/\/vapebulkp.com\/\"},{\"@type\":\"ListItem\",\"position\":2,\"name\":\"Hot Trend Vapes\",\"item\":\"https:\/\/vapebulkp.com\/vape-shop\/\"},{\"@type\":\"ListItem\",\"position\":3,\"name\":\"Uwin Twins Crystal 40000 Puffs Long-Lasting Disposable Vape\"}]},{\"@type\":\"WebSite\",\"@id\":\"https:\/\/vapebulkp.com\/#website\",\"url\":\"https:\/\/vapebulkp.com\/\",\"name\":\"vapebulkp.com\",\"description\":\"Buy Vape In Cheap Bulk Price Near you\",\"publisher\":{\"@id\":\"https:\/\/vapebulkp.com\/#organization\"},\"potentialAction\":[{\"@type\":\"SearchAction\",\"target\":{\"@type\":\"EntryPoint\",\"urlTemplate\":\"https:\/\/vapebulkp.com\/?s={search_term_string}\"},\"query-input\":\"required name=search_term_string\"}],\"inLanguage\":\"sv-SE\"},{\"@type\":\"Organization\",\"@id\":\"https:\/\/vapebulkp.com\/#organization\",\"name\":\"vapebulkp.com\",\"url\":\"https:\/\/vapebulkp.com\/\",\"logo\":{\"@type\":\"ImageObject\",\"inLanguage\":\"sv-SE\",\"@id\":\"https:\/\/vapebulkp.com\/#\/schema\/logo\/image\/\",\"url\":\"https:\/\/vapebulkp.com\/wp-content\/uploads\/2023\/09\/cropped-vapebulkp.png\",\"contentUrl\":\"https:\/\/vapebulkp.com\/wp-content\/uploads\/2023\/09\/cropped-vapebulkp.png\",\"width\":516,\"height\":163,\"caption\":\"vapebulkp.com\"},\"image\":{\"@id\":\"https:\/\/vapebulkp.com\/#\/schema\/logo\/image\/\"}}]}<\/script>\n<!-- \/ Yoast SEO plugin. -->","yoast_head_json":{"title":"Uwin Twins Crystal 40000 Puffs Long-Lasting Disposable Vape - vapebulkp.com","description":"Best Price Uwin Twins Crystal 40000 Puffs Disposable Vape offers long-lasting flavor, multiple nicotine strengths, and a smooth vaping experience.","robots":{"index":"index","follow":"follow","max-snippet":"max-snippet:-1","max-image-preview":"max-image-preview:large","max-video-preview":"max-video-preview:-1"},"canonical":"https:\/\/vapebulkp.com\/sv\/product\/uwin-twins-crystal-40000-puffs-long-lasting-disposable-vape\/","og_locale":"sv_SE","og_type":"article","og_title":"Uwin Twins Crystal 40000 Puffs Long-Lasting Disposable Vape - vapebulkp.com","og_description":"Best Price Uwin Twins Crystal 40000 Puffs Disposable Vape offers long-lasting flavor, multiple nicotine strengths, and a smooth vaping experience.","og_url":"https:\/\/vapebulkp.com\/sv\/product\/uwin-twins-crystal-40000-puffs-long-lasting-disposable-vape\/","og_site_name":"vapebulkp.com","article_modified_time":"2025-09-17T08:32:42+00:00","og_image":[{"width":800,"height":800,"url":"http:\/\/vapebulkp.com\/wp-content\/uploads\/2025\/02\/UWIN-Crystal-40000-Puffs-Disposable-Vape-for-Convenient-and-Hassle-Free-Vaping.webp","type":"image\/webp"}],"twitter_card":"summary_large_image","twitter_misc":{"Ber\u00e4knad l\u00e4stid":"3 minuter"},"schema":{"@context":"https:\/\/schema.org","@graph":[{"@type":"WebPage","@id":"https:\/\/vapebulkp.com\/product\/uwin-twins-crystal-40000-puffs-long-lasting-disposable-vape\/","url":"https:\/\/vapebulkp.com\/product\/uwin-twins-crystal-40000-puffs-long-lasting-disposable-vape\/","name":"Uwin Twins Crystal 40000 Puffs Long-Lasting Disposable Vape - vapebulkp.com","isPartOf":{"@id":"https:\/\/vapebulkp.com\/#website"},"datePublished":"2025-02-22T08:29:08+00:00","dateModified":"2025-09-17T08:32:42+00:00","description":"Best Price Uwin Twins Crystal 40000 Puffs Disposable Vape offers long-lasting flavor, multiple nicotine strengths, and a smooth vaping experience.","breadcrumb":{"@id":"https:\/\/vapebulkp.com\/product\/uwin-twins-crystal-40000-puffs-long-lasting-disposable-vape\/#breadcrumb"},"inLanguage":"sv-SE","potentialAction":[{"@type":"ReadAction","target":["https:\/\/vapebulkp.com\/product\/uwin-twins-crystal-40000-puffs-long-lasting-disposable-vape\/"]}]},{"@type":"BreadcrumbList","@id":"https:\/\/vapebulkp.com\/product\/uwin-twins-crystal-40000-puffs-long-lasting-disposable-vape\/#breadcrumb","itemListElement":[{"@type":"ListItem","position":1,"name":"Home","item":"https:\/\/vapebulkp.com\/"},{"@type":"ListItem","position":2,"name":"Hot Trend Vapes","item":"https:\/\/vapebulkp.com\/vape-shop\/"},{"@type":"ListItem","position":3,"name":"Uwin Twins Crystal 40000 Puffs Long-Lasting Disposable Vape"}]},{"@type":"WebSite","@id":"https:\/\/vapebulkp.com\/#website","url":"https:\/\/vapebulkp.com\/","name":"vapebulkp.com","description":"Buy Vape In Cheap Bulk Price Near you","publisher":{"@id":"https:\/\/vapebulkp.com\/#organization"},"potentialAction":[{"@type":"SearchAction","target":{"@type":"EntryPoint","urlTemplate":"https:\/\/vapebulkp.com\/?s={search_term_string}"},"query-input":"required name=search_term_string"}],"inLanguage":"sv-SE"},{"@type":"Organization","@id":"https:\/\/vapebulkp.com\/#organization","name":"vapebulkp.com","url":"https:\/\/vapebulkp.com\/","logo":{"@type":"ImageObject","inLanguage":"sv-SE","@id":"https:\/\/vapebulkp.com\/#\/schema\/logo\/image\/","url":"https:\/\/vapebulkp.com\/wp-content\/uploads\/2023\/09\/cropped-vapebulkp.png","contentUrl":"https:\/\/vapebulkp.com\/wp-content\/uploads\/2023\/09\/cropped-vapebulkp.png","width":516,"height":163,"caption":"vapebulkp.com"},"image":{"@id":"https:\/\/vapebulkp.com\/#\/schema\/logo\/image\/"}}]}},"uagb_featured_image_src":{"full":["https:\/\/vapebulkp.com\/wp-content\/uploads\/2025\/02\/UWIN-Crystal-40000-Puffs-Disposable-Vape-for-Convenient-and-Hassle-Free-Vaping.webp",800,800,false],"thumbnail":["https:\/\/vapebulkp.com\/wp-content\/uploads\/2025\/02\/UWIN-Crystal-40000-Puffs-Disposable-Vape-for-Convenient-and-Hassle-Free-Vaping-150x150.webp",150,150,true],"medium":["https:\/\/vapebulkp.com\/wp-content\/uploads\/2025\/02\/UWIN-Crystal-40000-Puffs-Disposable-Vape-for-Convenient-and-Hassle-Free-Vaping-300x300.webp",300,300,true],"medium_large":["https:\/\/vapebulkp.com\/wp-content\/uploads\/2025\/02\/UWIN-Crystal-40000-Puffs-Disposable-Vape-for-Convenient-and-Hassle-Free-Vaping-768x768.webp",768,768,true],"large":["https:\/\/vapebulkp.com\/wp-content\/uploads\/2025\/02\/UWIN-Crystal-40000-Puffs-Disposable-Vape-for-Convenient-and-Hassle-Free-Vaping.webp",800,800,false],"1536x1536":["https:\/\/vapebulkp.com\/wp-content\/uploads\/2025\/02\/UWIN-Crystal-40000-Puffs-Disposable-Vape-for-Convenient-and-Hassle-Free-Vaping.webp",800,800,false],"2048x2048":["https:\/\/vapebulkp.com\/wp-content\/uploads\/2025\/02\/UWIN-Crystal-40000-Puffs-Disposable-Vape-for-Convenient-and-Hassle-Free-Vaping.webp",800,800,false],"trp-custom-language-flag":["https:\/\/vapebulkp.com\/wp-content\/uploads\/2025\/02\/UWIN-Crystal-40000-Puffs-Disposable-Vape-for-Convenient-and-Hassle-Free-Vaping.webp",12,12,false],"woocommerce_thumbnail":["https:\/\/vapebulkp.com\/wp-content\/uploads\/2025\/02\/UWIN-Crystal-40000-Puffs-Disposable-Vape-for-Convenient-and-Hassle-Free-Vaping-300x300.webp",300,300,true],"woocommerce_single":["https:\/\/vapebulkp.com\/wp-content\/uploads\/2025\/02\/UWIN-Crystal-40000-Puffs-Disposable-Vape-for-Convenient-and-Hassle-Free-Vaping-600x600.webp",600,600,true],"woocommerce_gallery_thumbnail":["https:\/\/vapebulkp.com\/wp-content\/uploads\/2025\/02\/UWIN-Crystal-40000-Puffs-Disposable-Vape-for-Convenient-and-Hassle-Free-Vaping-100x100.webp",100,100,true],"wcpr-photo-reviews":["https:\/\/vapebulkp.com\/wp-content\/uploads\/2025\/02\/UWIN-Crystal-40000-Puffs-Disposable-Vape-for-Convenient-and-Hassle-Free-Vaping.webp",500,500,false]},"uagb_author_info":{"display_name":"Mandy vape bulk price","author_link":"https:\/\/vapebulkp.com\/sv\/author\/"},"uagb_comment_info":0,"uagb_excerpt":"Uwin Twins Crystal 40k Puffs Disposable Vape for Long-Lasting Flavor and Satisfaction Premium Uwin Twins Crystal 40000 Puff Vapes for Smooth Hits and Extended Use Uwin Twins Crystal 40000 Puffs Disposable Vape - Superior Coil Technology for Consistent Vapor Pls Contact Mandy's WhatsApp For Discount Price+8618077105796 NOTE: Prices on our website does not include shipping&hellip;","_links":{"self":[{"href":"https:\/\/vapebulkp.com\/sv\/wp-json\/wp\/v2\/product\/3496","targetHints":{"allow":["GET"]}}],"collection":[{"href":"https:\/\/vapebulkp.com\/sv\/wp-json\/wp\/v2\/product"}],"about":[{"href":"https:\/\/vapebulkp.com\/sv\/wp-json\/wp\/v2\/types\/product"}],"replies":[{"embeddable":true,"href":"https:\/\/vapebulkp.com\/sv\/wp-json\/wp\/v2\/comments?post=3496"}],"wp:featuredmedia":[{"embeddable":true,"href":"https:\/\/vapebulkp.com\/sv\/wp-json\/wp\/v2\/media\/3494"}],"wp:attachment":[{"href":"https:\/\/vapebulkp.com\/sv\/wp-json\/wp\/v2\/media?parent=3496"}],"wp:term":[{"taxonomy":"product_cat","embeddable":true,"href":"https:\/\/vapebulkp.com\/sv\/wp-json\/wp\/v2\/product_cat?post=3496"},{"taxonomy":"product_tag","embeddable":true,"href":"https:\/\/vapebulkp.com\/sv\/wp-json\/wp\/v2\/product_tag?post=3496"}],"curies":[{"name":"wp","href":"https:\/\/api.w.org\/{rel}","templated":true}]}}