{"id":3559,"date":"2025-03-13T09:26:19","date_gmt":"2025-03-13T08:26:19","guid":{"rendered":"https:\/\/vapebulkp.com\/?post_type=product&#038;p=3559"},"modified":"2025-09-17T10:31:39","modified_gmt":"2025-09-17T08:31:39","slug":"bang-leader-50000-puffs-double-flavors-disposable-vape-pen","status":"publish","type":"product","link":"https:\/\/vapebulkp.com\/sv\/product\/bang-leader-50000-puffs-double-flavors-disposable-vape-pen\/","title":{"rendered":"Bang Leader 50000 bloss eng\u00e5ngsvape-penna med dubbla smaker"},"content":{"rendered":"<h2 style=\"text-align: left\">Bang Leader 50000 bloss eng\u00e5ngsvape-penna med dubbla smaker<\/h2>\n<p data-start=\"123\" data-end=\"483\">Den <strong data-start=\"4\" data-end=\"66\">Bang Leader 50000 bloss eng\u00e5ngsvape-penna med dubbla smaker<\/strong> \u00e4r designad f\u00f6r vapers som s\u00f6ker ut\u00f6kad anv\u00e4ndning och en \u00f6verl\u00e4gsen smakupplevelse. Med en <strong data-start=\"157\" data-end=\"189\">massiv kapacitet p\u00e5 50 000 puffar<\/strong>, s\u00e4kerst\u00e4ller denna enhet l\u00e5ngvarig prestanda utan frekventa byten. Med en <strong data-start=\"274\" data-end=\"312\">36ML f\u00f6rfylld e-v\u00e4tskebeh\u00e5llare<\/strong>, njuter anv\u00e4ndarna av konsekvent \u00e5ngproduktion och rik smak.<\/p>\n<p data-start=\"123\" data-end=\"483\">Den <strong data-start=\"374\" data-end=\"402\">dubbel smakteknologi<\/strong> m\u00f6jligg\u00f6r s\u00f6ml\u00f6s v\u00e4xling mellan tv\u00e5 distinkta smaker i en enhet, vilket erbjuder en m\u00e5ngsidig vape-upplevelse. Utrustad med en <strong data-start=\"530\" data-end=\"552\">avancerad mesh coil<\/strong>, f\u00f6rb\u00e4ttrar den \u00e5ngutmatningen och nikotinabsorptionen f\u00f6r en mjuk halsk\u00e4nsla. De <strong data-start=\"632\" data-end=\"679\">nikotinsaltalternativen p\u00e5 2% och 5%<\/strong> tillgodoser olika anv\u00e4ndarpreferenser. En kraftfull <strong data-start=\"728\" data-end=\"785\">850mAh uppladdningsbart batteri med Type-C snabbladdning<\/strong> garanterar ut\u00f6kade vape-sessioner. Designad f\u00f6r bekv\u00e4mlighet \u00e4r den <strong data-start=\"855\" data-end=\"901\">portabel, l\u00e4ckages\u00e4ker och underh\u00e5llsfri<\/strong>, vilket g\u00f6r den till ett utm\u00e4rkt val f\u00f6r vapers p\u00e5 spr\u00e5ng. Finns i <strong data-start=\"968\" data-end=\"989\">12 unika smaker<\/strong>, den <strong data-start=\"995\" data-end=\"1031\">premium, anpassningsbara vapingl\u00f6sningar <a href=\"https:\/\/vapebulkp.com\/sv\/product-category\/50000-puffs-disposable-vape\/\">50000 Puff Eng\u00e5ngsvape<\/a> Penna<\/strong> levererar en f\u00f6rstklassig vaping-upplevelse med h\u00f6gkvalitativ prestanda.<\/p>\n<h6>Kontakta Mandy via WhatsApp f\u00f6r rabatterat pris<a href=\"https:\/\/wa.me\/8618077105796\">+8618077105796<\/a><\/h6>\n<p><img decoding=\"async\" class=\"alignnone wp-image-2151\" src=\"http:\/\/vapebulkp.com\/wp-content\/uploads\/2024\/04\/Mandy-WhatsApp-Randm.jpg\" alt=\"Mandy WhatsApp Randm\" width=\"324\" height=\"330\" \/><\/p>\n<div class=\"flex max-w-full flex-col flex-grow\">\n<div class=\"min-h-8 text-message flex w-full flex-col items-end gap-2 whitespace-normal break-words text-start [.text-message+&amp;]:mt-5\" dir=\"auto\" data-message-author-role=\"assistant\" data-message-id=\"d24cf626-c018-4805-80f5-44de047f2ba0\" data-message-model-slug=\"gpt-4o\">\n<div class=\"flex w-full flex-col gap-1 empty:hidden first:pt-[3px]\">\n<div class=\"markdown prose w-full break-words dark:prose-invert light\">\n<h2>Varf\u00f6r v\u00e4lja <strong>\u00a0<\/strong>Bang Vape Leader 50000 bloss p\u00e5 <a href=\"https:\/\/vapebulkp.com\/sv\/vape-shop\/\">Vapebulkp.com<\/a>?<\/h2>\n<ul>\n<li data-start=\"68\" data-end=\"205\">\n<p data-start=\"71\" data-end=\"205\"><strong data-start=\"71\" data-end=\"103\">Massiv kapacitet p\u00e5 50 000 bloss<\/strong> \u2013 Njut av ultral\u00e5ngvarig vaping utan frekventa byten, vilket g\u00f6r det till ett kostnadseffektivt val.<\/p>\n<\/li>\n<li data-start=\"207\" data-end=\"310\">\n<p data-start=\"210\" data-end=\"310\"><strong data-start=\"210\" data-end=\"232\">Dubbel smaksystem<\/strong> \u2013 V\u00e4xla mellan tv\u00e5 smaker i en enhet f\u00f6r en dynamisk vaping-upplevelse.<\/p>\n<\/li>\n<li data-start=\"312\" data-end=\"448\">\n<p data-start=\"315\" data-end=\"448\"><strong data-start=\"315\" data-end=\"341\">H\u00f6g e-v\u00e4tskekapacitet<\/strong> \u2013 F\u00f6rfylld med <strong data-start=\"360\" data-end=\"388\">36 ml premium e-v\u00e4tska<\/strong>, vilket s\u00e4kerst\u00e4ller j\u00e4mn \u00e5ngproduktion och intensiv smak.<\/p>\n<\/li>\n<li data-start=\"450\" data-end=\"565\">\n<p data-start=\"453\" data-end=\"565\"><strong data-start=\"453\" data-end=\"486\">Avancerad mesh-coil-teknologi<\/strong> \u2013 Levererar mjuka drag, f\u00f6rb\u00e4ttrad smak och optimerad nikotinabsorption.<\/p>\n<\/li>\n<li data-start=\"567\" data-end=\"689\">\n<p data-start=\"570\" data-end=\"689\"><strong data-start=\"570\" data-end=\"599\">Flera nikotinalternativ<\/strong> \u2013 Finns i <strong data-start=\"615\" data-end=\"651\">0%, 2%, 3% och 5% nikotinsalt<\/strong>, som tillgodoser olika preferenser.<\/p>\n<\/li>\n<li data-start=\"691\" data-end=\"814\">\n<p data-start=\"694\" data-end=\"814\"><strong data-start=\"694\" data-end=\"725\">Uppladdningsbart 850mAh batteri<\/strong> \u2013 Utrustad med <strong data-start=\"742\" data-end=\"766\">Type-C snabbladdning<\/strong>, vilket s\u00e4kerst\u00e4ller ut\u00f6kad anv\u00e4ndning utan avbrott.<\/p>\n<\/li>\n<li data-start=\"934\" data-end=\"1047\">\n<p data-start=\"937\" data-end=\"1047\"><strong data-start=\"937\" data-end=\"969\">L\u00e4ckages\u00e4ker<\/strong> \u2013 Designad f\u00f6r bekv\u00e4mlighet, vilket g\u00f6r den till ett idealiskt alternativ f\u00f6r vaping p\u00e5 spr\u00e5ng.<\/p>\n<\/li>\n<li data-start=\"1049\" data-end=\"1184\">\n<p data-start=\"1052\" data-end=\"1184\"><strong data-start=\"1052\" data-end=\"1087\">B\u00e4sta priser<\/strong> \u2013 Vapebulkp.com erbjuder konkurrenskraftiga priser, exklusiva erbjudanden och massk\u00f6p f\u00f6r \u00e5terf\u00f6rs\u00e4ljare.<\/p>\n<\/li>\n<li data-start=\"1186\" data-end=\"1334\">\n<p data-start=\"1190\" data-end=\"1334\"><strong data-start=\"1190\" data-end=\"1210\">Betrodd leverant\u00f6r<\/strong> \u2013 Vapebulkp.com \u00e4r en p\u00e5litlig plattform som specialiserat sig p\u00e5 premium eng\u00e5ngsvapes, vilket garanterar \u00e4kthet och snabb leverans.<\/p>\n<\/li>\n<\/ul>\n<\/div>\n<\/div>\n<\/div>\n<\/div>\n<h2><strong>\u00a0<\/strong>Bang Leader 50k Puffs Vape Pods Viktiga Specifikationer:<\/h2>\n<ul>\n<li data-start=\"0\" data-end=\"63\"><strong data-start=\"2\" data-end=\"32\" data-is-only-node=\"\">Nikotinstyrkealternativ:<\/strong> 0 mg, 20 mg, 30 mg, 50 mg Salt Nikotin<\/li>\n<li data-start=\"64\" data-end=\"95\"><strong data-start=\"66\" data-end=\"88\" data-is-only-node=\"\">E-v\u00e4tskekapacitet:<\/strong> 36ML<\/li>\n<li data-start=\"96\" data-end=\"144\"><strong data-start=\"98\" data-end=\"112\" data-is-only-node=\"\">Spoltyp:<\/strong> Avancerad mesh-coil-teknologi<\/li>\n<li data-start=\"145\" data-end=\"198\"><strong data-start=\"147\" data-end=\"168\" data-is-only-node=\"\">Smakval:<\/strong> 12 Unika Smaker Tillg\u00e4ngliga<\/li>\n<li data-start=\"199\" data-end=\"259\" data-is-last-node=\"\"><strong data-start=\"201\" data-end=\"222\" data-is-only-node=\"\">Batterikapacitet:<\/strong> Inbyggt 850mAh Uppladdningsbart Batteri<\/li>\n<\/ul>\n<h2><strong>\u00a0Bang Leader 50000 Puffars Smaklista<\/strong><\/h2>\n<p>1. JORDGUBBSHALLONK\u00d6RSB\u00c4RIS \/ K\u00d6RSB\u00c4R,<br \/>\n2. VATtenMELON JORDGUBB \/ VATtenMELON<br \/>\n3. SVARTDRUVOR \/ GR\u00d6NA DRUVOR<br \/>\n4. \u00c4PPLEP\u00c4RON \/ KIWIPASSIONSFR\u00d6 GUAVA<br \/>\n5. SUR ANANAS CITRONADE \/ CITRON LIME<br \/>\n6. BANANIS \/ MANGO<br \/>\n7. BL\u00c5B\u00c4RSURHALLON \/ BL\u00c5B\u00c4R<br \/>\n8. K\u00d6RSB\u00c4RSCOLA \/ ROSA CITRONADE<br \/>\n9. BL\u00c5B\u00c4RSHALLONCITRONADE \/ JORDGUBBSHALLONK\u00d6RSB\u00c4RIS<br \/>\n10. JORDGUBBSKIWI \/ JORDGUBBSIS<br \/>\n11. ANANASPASSIONSFR\u00d6 \/ ANANASIS<br \/>\n12. HALLONMOJITO \/ K\u00d6RSB\u00c4RSHALLONLIME<\/p>\n<p><a href=\"https:\/\/vapebulkp.com\/sv\/product\/aivono-curved-smart-screen-35000-puffs-disposable-vape-wholesale-price\/\"><span style=\"vertical-align: inherit\">Aivono 35000 Puffar <\/span><\/a><\/p>\n<p><span style=\"vertical-align: inherit\">Hitta fler produkter du kanske gillar:<\/span><em><a href=\"https:\/\/wa.me\/8618077105796\"><span style=\"vertical-align: inherit\">\u00a0K\u00f6p nu<\/span><\/a><\/em><\/p>\n<p><span style=\"vertical-align: inherit\">Andra Puffs du kanske gillar:<\/span><a href=\"https:\/\/vapebulkp.com\/sv\/product\/wholesale-price-bang-kingdoms-rex-32000-puffs-vape-pod\/\"><span style=\"vertical-align: inherit\">Bang Kingdoms 32000 Puffs<\/span><\/a><span style=\"vertical-align: inherit\">\u3001<\/span><a href=\"https:\/\/vapebulkp.com\/sv\/product\/bood-pulse-pro-25k-50k-disposable-vape-bar-5000-puffs-nicotine-free\/\"><span style=\"vertical-align: inherit\">Bood pulse pro 50000 Puffar<\/span><\/a><span style=\"vertical-align: inherit\">\/ <\/span><a href=\"https:\/\/vapebulkp.com\/sv\/product\/vapsolo-best-quality-viking-12k-puffs-disposable-vapes\/\"><span style=\"vertical-align: inherit\">Vapsolo viking 12000 Puffar<\/span><\/a><span style=\"vertical-align: inherit\">\/ <\/span><a href=\"https:\/\/vapebulkp.com\/sv\/product\/waspe-vape-40000-puff-fihp-double-flavour-disposable-vape\/\"><span style=\"vertical-align: inherit\">WASPE 40000 Puffs<\/span><\/a><\/p>\n<p><span style=\"vertical-align: inherit\">E-cigarettflaska med specialform:<\/span><a href=\"https:\/\/vapebulkp.com\/sv\/product\/vapsolo-feed-bar-shisha-vape-15000-puffs-wholesale-price\/\"><span style=\"vertical-align: inherit\"> Vapsolo shisha 15000 Puffar<\/span><\/a><span style=\"vertical-align: inherit\">\/ <\/span><a href=\"https:\/\/vapebulkp.com\/sv\/product\/vopk-ultra-30000-puffs-rgb-light-mesh-coil-rechargeable-vape-wholesale-price\/\"><span style=\"vertical-align: inherit\">\u00a0VOPK ULTRA 30000 Puffar <\/span><\/a><span style=\"vertical-align: inherit\">\/<\/span><a href=\"https:\/\/vapebulkp.com\/sv\/product\/bang-box-35000-puffs-touch-switch-digital-screen-rechargeable-vape\/\"><span style=\"vertical-align: inherit\"> Bang Box 35000 Puffar<\/span><\/a><\/p>\n<h3>Leveransdetaljer:<\/h3>\n<p><span style=\"color: #ff6600\">Produktionstid: 5-10 arbetsdagar<\/span><br \/>\n<span style=\"color: #ff6600\">Leveranstid: 8-14 arbetsdagar<\/span><\/p>\n<p>Alla produkter i v\u00e5r butik \u00e4r 100% originala och autentiska, d\u00e4rf\u00f6r \u00e4r Tiofaldig ers\u00e4ttning f\u00f6r falska varor v\u00e5r butikspolicy. Vi anv\u00e4nder logistikkanaler som UPS\/DHL\/FEDEX\/DPD f\u00f6r att leverera varor till dig.<\/p>\n<p>F\u00f6r paket som skickas inom Sverige tar det vanligtvis 10 arbetsdagar att anl\u00e4nda. Leveranser till andra europeiska l\u00e4nder tar vanligtvis 12 till 15 arbetsdagar att anl\u00e4nda. Vi uppdaterar logistikinformationen f\u00f6r dig i realtid.<\/p>","protected":false},"excerpt":{"rendered":"<ul>\n<li data-start=\"0\" data-end=\"91\">\n<p data-start=\"3\" data-end=\"91\"><strong data-start=\"3\" data-end=\"89\" data-is-only-node=\"\">Partihandel Bang Leader 50000 Puffar H\u00f6gkapacitets Eng\u00e5ngs Vape Premium Grossistaff\u00e4rer<\/strong><\/p>\n<\/li>\n<li data-start=\"93\" data-end=\"180\">\n<p data-start=\"96\" data-end=\"180\"><strong data-start=\"96\" data-end=\"178\" data-is-only-node=\"\">Bang Leader 50000 Puffar Ultra Nikotinstyrka Vape Avancerat Mesh Coil System<\/strong><\/p>\n<\/li>\n<li data-start=\"182\" data-end=\"270\" data-is-last-node=\"\">\n<p data-start=\"185\" data-end=\"270\" data-is-last-node=\"\"><strong data-start=\"185\" data-end=\"270\" data-is-last-node=\"\" data-is-only-node=\"\">Bang Leader 50K Puffar Lyxig Eng\u00e5ngs Vape Spjutspets Uppladdningsbart Pod System<\/strong><\/p>\n<\/li>\n<\/ul>\n<p>Kontakta Mandy via WhatsApp f\u00f6r rabatterat pris<a href=\"https:\/\/wa.me\/8618077105796\">+8618077105796<\/a><\/p>\n<p><img decoding=\"async\" class=\"alignnone wp-image-2151\" src=\"http:\/\/vapebulkp.com\/wp-content\/uploads\/2024\/04\/Mandy-WhatsApp-Randm.jpg\" alt=\"Mandy WhatsApp Randm\" width=\"297\" height=\"316\" srcset=\"https:\/\/vapebulkp.com\/wp-content\/uploads\/2024\/04\/Mandy-WhatsApp-Randm.jpg 916w, https:\/\/vapebulkp.com\/wp-content\/uploads\/2024\/04\/Mandy-WhatsApp-Randm-282x300.jpg 282w, https:\/\/vapebulkp.com\/wp-content\/uploads\/2024\/04\/Mandy-WhatsApp-Randm-768x817.jpg 768w, https:\/\/vapebulkp.com\/wp-content\/uploads\/2024\/04\/Mandy-WhatsApp-Randm-600x638.jpg 600w\" sizes=\"(max-width: 297px) 100vw, 297px\" \/><\/p>\n<p><span style=\"color: #ff0000\">OBS: Priserna p\u00e5 v\u00e5r webbplats inkluderar inte fraktkostnader<\/span><\/p>\n<p>&nbsp;<\/p>","protected":false},"featured_media":3552,"comment_status":"open","ping_status":"closed","template":"","meta":{"_uag_custom_page_level_css":"","_lmt_disableupdate":"no","_lmt_disable":"","site-sidebar-layout":"default","site-content-layout":"content-boxed-container","ast-site-content-layout":"normal-width-container","site-content-style":"boxed","site-sidebar-style":"unboxed","ast-global-header-display":"","ast-banner-title-visibility":"","ast-main-header-display":"","ast-hfb-above-header-display":"","ast-hfb-below-header-display":"","ast-hfb-mobile-header-display":"","site-post-title":"","ast-breadcrumbs-content":"","ast-featured-img":"","footer-sml-layout":"","theme-transparent-header-meta":"default","adv-header-id-meta":"","stick-header-meta":"","header-above-stick-meta":"","header-main-stick-meta":"","header-below-stick-meta":"","astra-migrate-meta-layouts":"set","_joinchat":[]},"product_cat":[194,153,345,155,33,59,100,87,34,158,157,154,152,58,84,156,63,32],"product_tag":[224,36,37,41,40],"class_list":["post-3559","product","type-product","status-publish","has-post-thumbnail","hentry","product_cat-50000-puffs-disposable-vape","product_cat-hot-disposable-vapes","product_cat-bang-vapes","product_cat-belgium-hot-disposable-vapes","product_cat-france-vape-hot-sale","product_cat-germany-hot-disposable-vape","product_cat-germany-wholesale-vape-shop","product_cat-minimum-order-quantity-50pcs","product_cat-netherlands-vape-good-sale","product_cat-norway-hot-disposable-vapes","product_cat-poland-hot-disposable-vapes","product_cat-portugal-hot-disposable-vapes","product_cat-spain-hot-disposable-vapes","product_cat-sweden-hot-disposable-vape","product_cat-sweden-wholesale-vape","product_cat-switzerland-hot-disposable-vapes","product_cat-top-sale-disposable-vape","product_cat-vape-hot-sale-this-week","product_tag-bang-leader-50000-puffs","product_tag-good-vape","product_tag-hot-sale-disposable-vape","product_tag-poland-hot-vape","product_tag-sweden-hot-vape","pa_brand-bang-vape","desktop-align-left","tablet-align-left","mobile-align-left"],"yoast_head":"<!-- This site is optimized with the Yoast SEO plugin v21.1 - https:\/\/yoast.com\/wordpress\/plugins\/seo\/ -->\n<title>Bang Leader 50000 Puffs Double Flavors Disposable Vape Pen - vapebulkp.com<\/title>\n<meta name=\"description\" content=\"Bang Leader 50000 Puffs Disposable Vape Pen, Double Flavors, 50K Puffs, Rechargeable, 2%\/5% Nicotine, Type-C, Long-lasting, Smooth Draw, Wholesale Price.\" \/>\n<meta name=\"robots\" content=\"index, follow, max-snippet:-1, max-image-preview:large, max-video-preview:-1\" \/>\n<link rel=\"canonical\" href=\"https:\/\/vapebulkp.com\/sv\/product\/bang-leader-50000-puffs-double-flavors-disposable-vape-pen\/\" \/>\n<meta property=\"og:locale\" content=\"sv_SE\" \/>\n<meta property=\"og:type\" content=\"article\" \/>\n<meta property=\"og:title\" content=\"Bang Leader 50000 Puffs Double Flavors Disposable Vape Pen - vapebulkp.com\" \/>\n<meta property=\"og:description\" content=\"Bang Leader 50000 Puffs Disposable Vape Pen, Double Flavors, 50K Puffs, Rechargeable, 2%\/5% Nicotine, Type-C, Long-lasting, Smooth Draw, Wholesale Price.\" \/>\n<meta property=\"og:url\" content=\"https:\/\/vapebulkp.com\/sv\/product\/bang-leader-50000-puffs-double-flavors-disposable-vape-pen\/\" \/>\n<meta property=\"og:site_name\" content=\"vapebulkp.com\" \/>\n<meta property=\"article:modified_time\" content=\"2025-09-17T08:31:39+00:00\" \/>\n<meta property=\"og:image\" content=\"http:\/\/vapebulkp.com\/wp-content\/uploads\/2025\/03\/Bang-Leader-50K-Puffs-Mega-Puff-Count-Disposable-Pod-Kit-With-Bold-Flavor-Selection.webp\" \/>\n\t<meta property=\"og:image:width\" content=\"800\" \/>\n\t<meta property=\"og:image:height\" content=\"800\" \/>\n\t<meta property=\"og:image:type\" content=\"image\/webp\" \/>\n<meta name=\"twitter:card\" content=\"summary_large_image\" \/>\n<meta name=\"twitter:label1\" content=\"Ber\u00e4knad l\u00e4stid\" \/>\n\t<meta name=\"twitter:data1\" content=\"3 minuter\" \/>\n<script type=\"application\/ld+json\" class=\"yoast-schema-graph\">{\"@context\":\"https:\/\/schema.org\",\"@graph\":[{\"@type\":\"WebPage\",\"@id\":\"https:\/\/vapebulkp.com\/product\/bang-leader-50000-puffs-double-flavors-disposable-vape-pen\/\",\"url\":\"https:\/\/vapebulkp.com\/product\/bang-leader-50000-puffs-double-flavors-disposable-vape-pen\/\",\"name\":\"Bang Leader 50000 Puffs Double Flavors Disposable Vape Pen - vapebulkp.com\",\"isPartOf\":{\"@id\":\"https:\/\/vapebulkp.com\/#website\"},\"datePublished\":\"2025-03-13T08:26:19+00:00\",\"dateModified\":\"2025-09-17T08:31:39+00:00\",\"description\":\"Bang Leader 50000 Puffs Disposable Vape Pen, Double Flavors, 50K Puffs, Rechargeable, 2%\/5% Nicotine, Type-C, Long-lasting, Smooth Draw, Wholesale Price.\",\"breadcrumb\":{\"@id\":\"https:\/\/vapebulkp.com\/product\/bang-leader-50000-puffs-double-flavors-disposable-vape-pen\/#breadcrumb\"},\"inLanguage\":\"sv-SE\",\"potentialAction\":[{\"@type\":\"ReadAction\",\"target\":[\"https:\/\/vapebulkp.com\/product\/bang-leader-50000-puffs-double-flavors-disposable-vape-pen\/\"]}]},{\"@type\":\"BreadcrumbList\",\"@id\":\"https:\/\/vapebulkp.com\/product\/bang-leader-50000-puffs-double-flavors-disposable-vape-pen\/#breadcrumb\",\"itemListElement\":[{\"@type\":\"ListItem\",\"position\":1,\"name\":\"Home\",\"item\":\"https:\/\/vapebulkp.com\/\"},{\"@type\":\"ListItem\",\"position\":2,\"name\":\"Hot Trend Vapes\",\"item\":\"https:\/\/vapebulkp.com\/vape-shop\/\"},{\"@type\":\"ListItem\",\"position\":3,\"name\":\"Bang Leader 50000 Puffs Double Flavors Disposable Vape Pen\"}]},{\"@type\":\"WebSite\",\"@id\":\"https:\/\/vapebulkp.com\/#website\",\"url\":\"https:\/\/vapebulkp.com\/\",\"name\":\"vapebulkp.com\",\"description\":\"Buy Vape In Cheap Bulk Price Near you\",\"publisher\":{\"@id\":\"https:\/\/vapebulkp.com\/#organization\"},\"potentialAction\":[{\"@type\":\"SearchAction\",\"target\":{\"@type\":\"EntryPoint\",\"urlTemplate\":\"https:\/\/vapebulkp.com\/?s={search_term_string}\"},\"query-input\":\"required name=search_term_string\"}],\"inLanguage\":\"sv-SE\"},{\"@type\":\"Organization\",\"@id\":\"https:\/\/vapebulkp.com\/#organization\",\"name\":\"vapebulkp.com\",\"url\":\"https:\/\/vapebulkp.com\/\",\"logo\":{\"@type\":\"ImageObject\",\"inLanguage\":\"sv-SE\",\"@id\":\"https:\/\/vapebulkp.com\/#\/schema\/logo\/image\/\",\"url\":\"https:\/\/vapebulkp.com\/wp-content\/uploads\/2023\/09\/cropped-vapebulkp.png\",\"contentUrl\":\"https:\/\/vapebulkp.com\/wp-content\/uploads\/2023\/09\/cropped-vapebulkp.png\",\"width\":516,\"height\":163,\"caption\":\"vapebulkp.com\"},\"image\":{\"@id\":\"https:\/\/vapebulkp.com\/#\/schema\/logo\/image\/\"}}]}<\/script>\n<!-- \/ Yoast SEO plugin. -->","yoast_head_json":{"title":"Bang Leader 50000 Puffs Double Flavors Disposable Vape Pen - vapebulkp.com","description":"Bang Leader 50000 Puffs Disposable Vape Pen, Double Flavors, 50K Puffs, Rechargeable, 2%\/5% Nicotine, Type-C, Long-lasting, Smooth Draw, Wholesale Price.","robots":{"index":"index","follow":"follow","max-snippet":"max-snippet:-1","max-image-preview":"max-image-preview:large","max-video-preview":"max-video-preview:-1"},"canonical":"https:\/\/vapebulkp.com\/sv\/product\/bang-leader-50000-puffs-double-flavors-disposable-vape-pen\/","og_locale":"sv_SE","og_type":"article","og_title":"Bang Leader 50000 Puffs Double Flavors Disposable Vape Pen - vapebulkp.com","og_description":"Bang Leader 50000 Puffs Disposable Vape Pen, Double Flavors, 50K Puffs, Rechargeable, 2%\/5% Nicotine, Type-C, Long-lasting, Smooth Draw, Wholesale Price.","og_url":"https:\/\/vapebulkp.com\/sv\/product\/bang-leader-50000-puffs-double-flavors-disposable-vape-pen\/","og_site_name":"vapebulkp.com","article_modified_time":"2025-09-17T08:31:39+00:00","og_image":[{"width":800,"height":800,"url":"http:\/\/vapebulkp.com\/wp-content\/uploads\/2025\/03\/Bang-Leader-50K-Puffs-Mega-Puff-Count-Disposable-Pod-Kit-With-Bold-Flavor-Selection.webp","type":"image\/webp"}],"twitter_card":"summary_large_image","twitter_misc":{"Ber\u00e4knad l\u00e4stid":"3 minuter"},"schema":{"@context":"https:\/\/schema.org","@graph":[{"@type":"WebPage","@id":"https:\/\/vapebulkp.com\/product\/bang-leader-50000-puffs-double-flavors-disposable-vape-pen\/","url":"https:\/\/vapebulkp.com\/product\/bang-leader-50000-puffs-double-flavors-disposable-vape-pen\/","name":"Bang Leader 50000 Puffs Double Flavors Disposable Vape Pen - vapebulkp.com","isPartOf":{"@id":"https:\/\/vapebulkp.com\/#website"},"datePublished":"2025-03-13T08:26:19+00:00","dateModified":"2025-09-17T08:31:39+00:00","description":"Bang Leader 50000 Puffs Disposable Vape Pen, Double Flavors, 50K Puffs, Rechargeable, 2%\/5% Nicotine, Type-C, Long-lasting, Smooth Draw, Wholesale Price.","breadcrumb":{"@id":"https:\/\/vapebulkp.com\/product\/bang-leader-50000-puffs-double-flavors-disposable-vape-pen\/#breadcrumb"},"inLanguage":"sv-SE","potentialAction":[{"@type":"ReadAction","target":["https:\/\/vapebulkp.com\/product\/bang-leader-50000-puffs-double-flavors-disposable-vape-pen\/"]}]},{"@type":"BreadcrumbList","@id":"https:\/\/vapebulkp.com\/product\/bang-leader-50000-puffs-double-flavors-disposable-vape-pen\/#breadcrumb","itemListElement":[{"@type":"ListItem","position":1,"name":"Home","item":"https:\/\/vapebulkp.com\/"},{"@type":"ListItem","position":2,"name":"Hot Trend Vapes","item":"https:\/\/vapebulkp.com\/vape-shop\/"},{"@type":"ListItem","position":3,"name":"Bang Leader 50000 Puffs Double Flavors Disposable Vape Pen"}]},{"@type":"WebSite","@id":"https:\/\/vapebulkp.com\/#website","url":"https:\/\/vapebulkp.com\/","name":"vapebulkp.com","description":"Buy Vape In Cheap Bulk Price Near you","publisher":{"@id":"https:\/\/vapebulkp.com\/#organization"},"potentialAction":[{"@type":"SearchAction","target":{"@type":"EntryPoint","urlTemplate":"https:\/\/vapebulkp.com\/?s={search_term_string}"},"query-input":"required name=search_term_string"}],"inLanguage":"sv-SE"},{"@type":"Organization","@id":"https:\/\/vapebulkp.com\/#organization","name":"vapebulkp.com","url":"https:\/\/vapebulkp.com\/","logo":{"@type":"ImageObject","inLanguage":"sv-SE","@id":"https:\/\/vapebulkp.com\/#\/schema\/logo\/image\/","url":"https:\/\/vapebulkp.com\/wp-content\/uploads\/2023\/09\/cropped-vapebulkp.png","contentUrl":"https:\/\/vapebulkp.com\/wp-content\/uploads\/2023\/09\/cropped-vapebulkp.png","width":516,"height":163,"caption":"vapebulkp.com"},"image":{"@id":"https:\/\/vapebulkp.com\/#\/schema\/logo\/image\/"}}]}},"uagb_featured_image_src":{"full":["https:\/\/vapebulkp.com\/wp-content\/uploads\/2025\/03\/Bang-Leader-50K-Puffs-Mega-Puff-Count-Disposable-Pod-Kit-With-Bold-Flavor-Selection.webp",800,800,false],"thumbnail":["https:\/\/vapebulkp.com\/wp-content\/uploads\/2025\/03\/Bang-Leader-50K-Puffs-Mega-Puff-Count-Disposable-Pod-Kit-With-Bold-Flavor-Selection-150x150.webp",150,150,true],"medium":["https:\/\/vapebulkp.com\/wp-content\/uploads\/2025\/03\/Bang-Leader-50K-Puffs-Mega-Puff-Count-Disposable-Pod-Kit-With-Bold-Flavor-Selection-300x300.webp",300,300,true],"medium_large":["https:\/\/vapebulkp.com\/wp-content\/uploads\/2025\/03\/Bang-Leader-50K-Puffs-Mega-Puff-Count-Disposable-Pod-Kit-With-Bold-Flavor-Selection-768x768.webp",768,768,true],"large":["https:\/\/vapebulkp.com\/wp-content\/uploads\/2025\/03\/Bang-Leader-50K-Puffs-Mega-Puff-Count-Disposable-Pod-Kit-With-Bold-Flavor-Selection.webp",800,800,false],"1536x1536":["https:\/\/vapebulkp.com\/wp-content\/uploads\/2025\/03\/Bang-Leader-50K-Puffs-Mega-Puff-Count-Disposable-Pod-Kit-With-Bold-Flavor-Selection.webp",800,800,false],"2048x2048":["https:\/\/vapebulkp.com\/wp-content\/uploads\/2025\/03\/Bang-Leader-50K-Puffs-Mega-Puff-Count-Disposable-Pod-Kit-With-Bold-Flavor-Selection.webp",800,800,false],"trp-custom-language-flag":["https:\/\/vapebulkp.com\/wp-content\/uploads\/2025\/03\/Bang-Leader-50K-Puffs-Mega-Puff-Count-Disposable-Pod-Kit-With-Bold-Flavor-Selection.webp",12,12,false],"woocommerce_thumbnail":["https:\/\/vapebulkp.com\/wp-content\/uploads\/2025\/03\/Bang-Leader-50K-Puffs-Mega-Puff-Count-Disposable-Pod-Kit-With-Bold-Flavor-Selection-300x300.webp",300,300,true],"woocommerce_single":["https:\/\/vapebulkp.com\/wp-content\/uploads\/2025\/03\/Bang-Leader-50K-Puffs-Mega-Puff-Count-Disposable-Pod-Kit-With-Bold-Flavor-Selection-600x600.webp",600,600,true],"woocommerce_gallery_thumbnail":["https:\/\/vapebulkp.com\/wp-content\/uploads\/2025\/03\/Bang-Leader-50K-Puffs-Mega-Puff-Count-Disposable-Pod-Kit-With-Bold-Flavor-Selection-100x100.webp",100,100,true],"wcpr-photo-reviews":["https:\/\/vapebulkp.com\/wp-content\/uploads\/2025\/03\/Bang-Leader-50K-Puffs-Mega-Puff-Count-Disposable-Pod-Kit-With-Bold-Flavor-Selection.webp",500,500,false]},"uagb_author_info":{"display_name":"Mandy vape bulk price","author_link":"https:\/\/vapebulkp.com\/sv\/author\/"},"uagb_comment_info":0,"uagb_excerpt":"Wholesale Bang Leader 50000 Puffs High-Capacity Disposable Vape Premium Bulk Deals Bang Leader 50000 Puffs Ultra Nicotine Strength Vape Advanced Mesh Coil System Bang Leader 50K Puffs Luxury Disposable Vape Cutting-Edge Rechargeable Pod System Pls Contact Mandy's WhatsApp For Discount Price+8618077105796 NOTE: Prices on our website does not include shipping costs &nbsp;","_links":{"self":[{"href":"https:\/\/vapebulkp.com\/sv\/wp-json\/wp\/v2\/product\/3559","targetHints":{"allow":["GET"]}}],"collection":[{"href":"https:\/\/vapebulkp.com\/sv\/wp-json\/wp\/v2\/product"}],"about":[{"href":"https:\/\/vapebulkp.com\/sv\/wp-json\/wp\/v2\/types\/product"}],"replies":[{"embeddable":true,"href":"https:\/\/vapebulkp.com\/sv\/wp-json\/wp\/v2\/comments?post=3559"}],"wp:featuredmedia":[{"embeddable":true,"href":"https:\/\/vapebulkp.com\/sv\/wp-json\/wp\/v2\/media\/3552"}],"wp:attachment":[{"href":"https:\/\/vapebulkp.com\/sv\/wp-json\/wp\/v2\/media?parent=3559"}],"wp:term":[{"taxonomy":"product_cat","embeddable":true,"href":"https:\/\/vapebulkp.com\/sv\/wp-json\/wp\/v2\/product_cat?post=3559"},{"taxonomy":"product_tag","embeddable":true,"href":"https:\/\/vapebulkp.com\/sv\/wp-json\/wp\/v2\/product_tag?post=3559"}],"curies":[{"name":"wp","href":"https:\/\/api.w.org\/{rel}","templated":true}]}}