{"id":3598,"date":"2025-03-21T10:02:17","date_gmt":"2025-03-21T09:02:17","guid":{"rendered":"https:\/\/vapebulkp.com\/?post_type=product&#038;p=3598"},"modified":"2025-09-24T05:12:40","modified_gmt":"2025-09-24T03:12:40","slug":"vozol-gear-shisha-25000-puffs-dual-mode-disposable-vape-5mg-nicotine","status":"publish","type":"product","link":"https:\/\/vapebulkp.com\/sv\/product\/vozol-gear-shisha-25000-puffs-dual-mode-disposable-vape-5mg-nicotine\/","title":{"rendered":"VOZOL Gear Shisha 25000 bloss dubbell\u00e4ges eng\u00e5ngsvape 5MG nikotin"},"content":{"rendered":"<h2>VOZOL Gear Shisha 25000 bloss dubbell\u00e4ges eng\u00e5ngsvape 5MG nikotin<\/h2>\n<p>VOZOL Gear Shisha 25000 Puffs eng\u00e5ngsvape \u00e4r en premium vape-enhet med h\u00f6g kapacitet som levererar 25 000 j\u00e4mna bloss. Perfekt f\u00f6r personligt bruk eller vape-grossister, den kombinerar stil, prestanda och bekv\u00e4mlighet.<\/p>\n<p>Med en dubbel mesh-coil producerar den t\u00e4ta moln och konsekvent smak. Dubbla l\u00e4gen och justerbart luftfl\u00f6de l\u00e5ter anv\u00e4ndare v\u00e4xla mellan sn\u00e4va eller luftiga drag. F\u00f6rfylld med 5MG nikotinsalt, ger den en tillfredsst\u00e4llande k\u00e4nsla i halsen. Drivs av ett 1000mAh-batteri med USB-C, s\u00e4kerst\u00e4ller denna uppladdningsbara eng\u00e5ngsvape l\u00e5ngvariga sessioner med snabba laddningar. En 2,1-tums f\u00e4rgsk\u00e4rm visar blossr\u00e4knare, batteritid och inst\u00e4llningar f\u00f6r luftfl\u00f6de f\u00f6r fullst\u00e4ndig kontroll.<\/p>\n<p>Kompakt, elegant och h\u00e5llbar, VOZOL Gear Shisha <a href=\"https:\/\/vapebulkp.com\/sv\/product-category\/25000-puffs-disposable-vape\/\">25000 Puffs Eng\u00e5ngs E-cigarett<\/a> \u00e4r perfekt f\u00f6r svenska vejpare som s\u00f6ker premiumprestanda och innovation.<\/p>\n<h6>Kontakta Mandy via WhatsApp f\u00f6r rabatterat pris<a href=\"https:\/\/wa.me\/8618077105796\">+8618077105796<\/a><\/h6>\n<p>&nbsp;<\/p>\n<p><img decoding=\"async\" class=\"alignnone wp-image-2151\" src=\"http:\/\/vapebulkp.com\/wp-content\/uploads\/2024\/04\/Mandy-WhatsApp-Randm.jpg\" alt=\"Mandy WhatsApp Randm\" width=\"324\" height=\"330\" \/><\/p>\n<h2>VOZOL Gear Shisha 25k Puffs Specifikationer<\/h2>\n<ul>\n<li class=\"\" data-start=\"176\" data-end=\"202\">\n<p class=\"\" data-start=\"178\" data-end=\"202\"><strong data-start=\"178\" data-end=\"193\">Antal bloss:<\/strong> 25,000<\/p>\n<\/li>\n<li class=\"\" data-start=\"203\" data-end=\"268\">\n<p class=\"\" data-start=\"205\" data-end=\"268\"><strong data-start=\"205\" data-end=\"220\">Vape-l\u00e4gen:<\/strong> Dubbla vape-l\u00e4gen f\u00f6r en anpassningsbar upplevelse<\/p>\n<\/li>\n<li class=\"\" data-start=\"269\" data-end=\"347\">\n<p class=\"\" data-start=\"271\" data-end=\"347\"><strong data-start=\"271\" data-end=\"293\">Ljudinteraktion:<\/strong> Ljudresponsiv vaping f\u00f6r en uppslukande upplevelse<\/p>\n<\/li>\n<li class=\"\" data-start=\"348\" data-end=\"429\">\n<p class=\"\" data-start=\"350\" data-end=\"429\"><strong data-start=\"350\" data-end=\"370\">Coil-teknik:<\/strong> Dubbla mesh-coils f\u00f6r f\u00f6rb\u00e4ttrad smak- och \u00e5ngproduktion<\/p>\n<\/li>\n<li class=\"\" data-start=\"430\" data-end=\"485\">\n<p class=\"\" data-start=\"432\" data-end=\"485\"><strong data-start=\"432\" data-end=\"453\">Batterikapacitet:<\/strong> 1 000mAh uppladdningsbart batteri<\/p>\n<\/li>\n<li class=\"\" data-start=\"486\" data-end=\"523\">\n<p class=\"\" data-start=\"488\" data-end=\"523\"><strong data-start=\"488\" data-end=\"501\">Laddning:<\/strong> USB-C snabbladdning<\/p>\n<\/li>\n<li class=\"\" data-start=\"524\" data-end=\"588\">\n<p class=\"\" data-start=\"526\" data-end=\"588\"><strong data-start=\"526\" data-end=\"538\">Visa:<\/strong> 2,1-tums f\u00e4rgsk\u00e4rm f\u00f6r vapingdata i realtid<\/p>\n<\/li>\n<li class=\"\" data-start=\"589\" data-end=\"648\">\n<p class=\"\" data-start=\"591\" data-end=\"648\"><strong data-start=\"591\" data-end=\"603\">Luftfl\u00f6de:<\/strong> Justerbart luftfl\u00f6de f\u00f6r ett personligt drag<\/p>\n<\/li>\n<\/ul>\n<h2>Het f\u00f6rs\u00e4ljning VOZOL Vape Gear Shisha 25000 Puff Smak<\/h2>\n<p>1. tv\u00e5 \u00e4pplen<br \/>\n2. vattenmelon is<br \/>\n3.mango persika<br \/>\n4.bl\u00e5b\u00e4rs is<br \/>\n5.bl\u00e5 hallon is<br \/>\n6.druv is<br \/>\n7.jordgubbe kiwi<br \/>\n8.bl\u00e5b\u00e4r vattenmelon<br \/>\n9.k\u00f6rsb\u00e4r cola<br \/>\n10.k\u00e4rlek 777<br \/>\n11.k\u00f6rsb\u00e4rs is<br \/>\n12.persika is<br \/>\n13.b\u00e4r is<br \/>\n14.s\u00f6t passionsfrukt<br \/>\n15.fryst jordgubbe kiwi<br \/>\n16.drakfrukt banan k\u00f6rsb\u00e4r<\/p>\n<p><a href=\"https:\/\/vapebulkp.com\/sv\/product\/jnr-vape-mega-box-25000-puff-discount-price-vape-pods\/\"><span style=\"vertical-align: inherit\">JNR VAPE Mega Box 25000 Bloss <\/span><\/a><\/p>\n<p><span style=\"vertical-align: inherit\">Hitta fler produkter du kanske gillar:<\/span><em><a href=\"https:\/\/wa.me\/8618077105796\"><span style=\"vertical-align: inherit\">\u00a0K\u00f6p nu<\/span><\/a><\/em><\/p>\n<p><span style=\"vertical-align: inherit\">Andra Puffs du kanske gillar:<\/span><a href=\"https:\/\/vapebulkp.com\/sv\/product\/waspe-vape-40000-puff-fihp-double-flavour-disposable-vape\/\"><span style=\"vertical-align: inherit\">WASPE FIHP\u00a0 40000 bloss<\/span><\/a><span style=\"vertical-align: inherit\">\u3001<\/span><span style=\"vertical-align: inherit\">\u00a0<\/span><a href=\"https:\/\/vapebulkp.com\/sv\/fi\/product\/bang-30k-puffs-new-double-taste-good-vape\/\"><span style=\"vertical-align: inherit\">Bang Vape 30000 bloss<\/span><\/a><span style=\"vertical-align: inherit\">\/ <\/span><a href=\"https:\/\/vapebulkp.com\/sv\/fi\/product\/best-price-wga-crystal-pro-max-15k-puffs-original-vape\/\"><span style=\"vertical-align: inherit\">\u00a0WGA Crystal pro max 15k Bloss\u00a0<\/span><\/a><\/p>\n<h3>Varf\u00f6r v\u00e4lja att k\u00f6pa VOZOL Gear Shisha 25000 Eng\u00e5ngs Vapes Vapebulkp ?<\/h3>\n<h4 class=\"\" data-start=\"69\" data-end=\"99\"><strong data-start=\"74\" data-end=\"97\">Produktf\u00f6rdelar:<\/strong><\/h4>\n<ul>\n<li data-start=\"100\" data-end=\"712\"><strong data-start=\"102\" data-end=\"126\">Massiva 25 000 bloss<\/strong> \u2013 Garanterar l\u00e5ngvarig anv\u00e4ndning, perfekt f\u00f6r l\u00e4ngre vejp-sessioner.<\/li>\n<li data-start=\"100\" data-end=\"712\"><strong data-start=\"197\" data-end=\"216\">Dubbla vejpl\u00e4gen<\/strong> \u2013 Anpassningsbara inst\u00e4llningar f\u00f6r en personlig upplevelse.<\/li>\n<li data-start=\"100\" data-end=\"712\"><strong data-start=\"276\" data-end=\"308\">Interaktiv ljudteknik<\/strong> \u2013 F\u00f6rb\u00e4ttrar vapingupplevelsen med ljudk\u00e4nsliga funktioner.<\/li>\n<li data-start=\"100\" data-end=\"712\"><strong data-start=\"378\" data-end=\"397\">Dubbla mesh-coils<\/strong> \u2013 Ger \u00f6verl\u00e4gsen smak och j\u00e4mnare \u00e5ngproduktion.<\/li>\n<li data-start=\"100\" data-end=\"712\"><strong data-start=\"460\" data-end=\"492\">1000mAh uppladdningsbart batteri<\/strong> \u2013 Garanterar konsekvent prestanda med USB-C snabbladdning.<\/li>\n<li data-start=\"100\" data-end=\"712\"><strong data-start=\"556\" data-end=\"582\">2,1-tums f\u00e4rgsk\u00e4rm<\/strong> \u2013 Ger vapinguppgifter i realtid f\u00f6r \u00f6kad bekv\u00e4mlighet.<\/li>\n<li data-start=\"100\" data-end=\"712\"><strong data-start=\"637\" data-end=\"659\">Justerbart luftfl\u00f6de<\/strong> \u2013 G\u00f6r det m\u00f6jligt f\u00f6r anv\u00e4ndarna att finjustera sina dragpreferenser.<\/li>\n<\/ul>\n<h4 class=\"\" data-start=\"714\" data-end=\"746\"><strong data-start=\"719\" data-end=\"744\">Varf\u00f6r v\u00e4lja Vapebulkp?<\/strong><\/h4>\n<p class=\"\" data-start=\"747\" data-end=\"1242\">\ud83c\udf0d <strong data-start=\"750\" data-end=\"782\">P\u00e5litlig leverant\u00f6r f\u00f6r Europa<\/strong> \u2013 Snabb frakt och direkt tillg\u00e4nglighet f\u00f6r europeiska kunder.<br data-start=\"846\" data-end=\"849\" \/>\ud83d\udce6 <strong data-start=\"852\" data-end=\"879\">M\u00e4ngdrabatter<\/strong> \u2013 Konkurrenskraftiga grossistpriser f\u00f6r f\u00f6retag och \u00e5terf\u00f6rs\u00e4ljare.<br data-start=\"941\" data-end=\"944\" \/>\u2705 <strong data-start=\"946\" data-end=\"968\">Autentiska produkter<\/strong> \u2013 100% \u00e4kta VOZOL Gear Shisha 25000 Puffs, vilket garanterar h\u00f6gsta kvalitet.<br data-start=\"1036\" data-end=\"1039\" \/>\ud83d\ude80 <strong data-start=\"1042\" data-end=\"1068\">Snabbt<\/strong> \u2013 Snabb hantering och leverans med p\u00e5litlig logistik.<br data-start=\"1125\" data-end=\"1128\" \/>\ud83d\udcac <strong data-start=\"1131\" data-end=\"1161\">Utm\u00e4rkt kundsupport<\/strong> \u2013 Dedikerad assistans f\u00f6r best\u00e4llningar, produktf\u00f6rfr\u00e5gningar och efterf\u00f6rs\u00e4ljningsservice.<\/p>\n<p class=\"\" data-start=\"1244\" data-end=\"1396\">Att k\u00f6pa fr\u00e5n <strong data-start=\"1260\" data-end=\"1273\">Vapebulkp<\/strong> garanterar en f\u00f6rstklassig vapingupplevelse med en p\u00e5litlig leverant\u00f6r, vilket g\u00f6r det till det b\u00e4sta valet f\u00f6r grossist- och detaljhandelsk\u00f6pare.<\/p>\n<h3><strong>Vanliga fr\u00e5gor om VOZOL Gear Shisha 25000 Puffs <\/strong><\/h3>\n<h4 class=\"\" data-start=\"52\" data-end=\"119\"><strong data-start=\"57\" data-end=\"117\">1. Hur l\u00e4nge h\u00e5ller VOZOL Gear Shisha 25000 Puffs?<\/strong><\/h4>\n<p class=\"\" data-start=\"120\" data-end=\"271\">Enheten erbjuder <strong data-start=\"138\" data-end=\"154\">25 000 puffar<\/strong>, vilket g\u00f6r den till en av de mest l\u00e5ngvariga eng\u00e5ngsvapes. Den faktiska anv\u00e4ndningstiden beror p\u00e5 individuella vapingvanor.<\/p>\n<h4 class=\"\" data-start=\"273\" data-end=\"344\"><strong data-start=\"278\" data-end=\"342\">2. Har VOZOL Gear Shisha Vapes 25000 Puffs justerbart luftfl\u00f6de?<\/strong><\/h4>\n<p class=\"\" data-start=\"345\" data-end=\"468\">Ja, den har ett <strong data-start=\"365\" data-end=\"394\">justerbart luftfl\u00f6dessystem<\/strong>, vilket g\u00f6r att anv\u00e4ndarna kan anpassa sin dragning f\u00f6r en tightare eller luftigare inhalering.<\/p>\n<h4 class=\"\" data-start=\"470\" data-end=\"530\"><strong data-start=\"475\" data-end=\"528\">3. Vad g\u00f6r VOZOL Shisha 25k unikt?<\/strong><\/h4>\n<p class=\"\" data-start=\"531\" data-end=\"559\">Denna vape utm\u00e4rker sig med:<\/p>\n<ul data-start=\"560\" data-end=\"788\">\n<li class=\"\" data-start=\"560\" data-end=\"612\">\n<p class=\"\" data-start=\"562\" data-end=\"612\"><strong data-start=\"562\" data-end=\"581\">Dubbla l\u00e4gen<\/strong> f\u00f6r anpassningsbar prestanda<\/p>\n<\/li>\n<li class=\"\" data-start=\"613\" data-end=\"670\">\n<p class=\"\" data-start=\"615\" data-end=\"670\"><strong data-start=\"615\" data-end=\"647\">Ljudinteraktiv teknik<\/strong> som reagerar p\u00e5 ljud<\/p>\n<\/li>\n<li class=\"\" data-start=\"671\" data-end=\"727\">\n<p class=\"\" data-start=\"673\" data-end=\"727\"><strong data-start=\"673\" data-end=\"699\">2,1-tums f\u00e4rgsk\u00e4rm<\/strong> f\u00f6r vapingdata i realtid<\/p>\n<\/li>\n<li class=\"\" data-start=\"728\" data-end=\"788\">\n<p class=\"\" data-start=\"730\" data-end=\"788\"><strong data-start=\"730\" data-end=\"749\">Dubbla n\u00e4tspiraler<\/strong> f\u00f6r rikare smak och mjukare \u00e5nga<\/p>\n<\/li>\n<\/ul>\n<h3>Leveransdetaljer:<\/h3>\n<p><span style=\"color: #ff6600\">Produktionstid: 5-10 arbetsdagar<\/span><br \/>\n<span style=\"color: #ff6600\">Leveranstid: 8-14 arbetsdagar<\/span><\/p>\n<p>Alla produkter i v\u00e5r butik \u00e4r 100% originala och autentiska, d\u00e4rf\u00f6r \u00e4r Tiofaldig ers\u00e4ttning f\u00f6r falska varor v\u00e5r butikspolicy. Vi anv\u00e4nder logistikkanaler som UPS\/DHL\/FEDEX\/DPD f\u00f6r att leverera varor till dig.<\/p>\n<p>F\u00f6r paket som skickas inom Sverige tar det vanligtvis 10 arbetsdagar att anl\u00e4nda. Leveranser till andra europeiska l\u00e4nder tar vanligtvis 12 till 15 arbetsdagar att anl\u00e4nda. Vi uppdaterar logistikinformationen f\u00f6r dig i realtid.<\/p>","protected":false},"excerpt":{"rendered":"<p>VOZOL Gear Shisha 25000 Puffs, Dubbelt l\u00e4ge, 5MG Nikotin, Eng\u00e5ngsvape, Uppladdningsbar, Mesh-coil, 20ML E-v\u00e4tska, Mjuk smak, L\u00e5ngvarig, H\u00f6g prestanda, Typ-C-laddning, Premiumdesign, Grossist, B\u00e4sta pris, Svensk marknad, Vape i bulk, Onlinebutik.<\/p>\n<p>Kontakta Mandy via WhatsApp f\u00f6r rabatterat pris<a href=\"https:\/\/wa.me\/8618077105796\">+8618077105796<\/a><\/p>\n<p>&nbsp;<\/p>\n<p><img decoding=\"async\" class=\"alignnone wp-image-2151\" src=\"http:\/\/vapebulkp.com\/wp-content\/uploads\/2024\/04\/Mandy-WhatsApp-Randm.jpg\" alt=\"Mandy WhatsApp Randm\" width=\"297\" height=\"316\" srcset=\"https:\/\/vapebulkp.com\/wp-content\/uploads\/2024\/04\/Mandy-WhatsApp-Randm.jpg 916w, https:\/\/vapebulkp.com\/wp-content\/uploads\/2024\/04\/Mandy-WhatsApp-Randm-282x300.jpg 282w, https:\/\/vapebulkp.com\/wp-content\/uploads\/2024\/04\/Mandy-WhatsApp-Randm-768x817.jpg 768w, https:\/\/vapebulkp.com\/wp-content\/uploads\/2024\/04\/Mandy-WhatsApp-Randm-600x638.jpg 600w\" sizes=\"(max-width: 297px) 100vw, 297px\" \/><\/p>\n<p><span style=\"color: #ff0000\">OBS: Priserna p\u00e5 v\u00e5r webbplats inkluderar inte fraktkostnader<\/span><\/p>\n<p>&nbsp;<\/p>","protected":false},"featured_media":3586,"comment_status":"open","ping_status":"closed","template":"","meta":{"_uag_custom_page_level_css":"","_lmt_disableupdate":"no","_lmt_disable":"","site-sidebar-layout":"default","site-content-layout":"content-boxed-container","ast-site-content-layout":"normal-width-container","site-content-style":"boxed","site-sidebar-style":"unboxed","ast-global-header-display":"","ast-banner-title-visibility":"","ast-main-header-display":"","ast-hfb-above-header-display":"","ast-hfb-below-header-display":"","ast-hfb-mobile-header-display":"","site-post-title":"","ast-breadcrumbs-content":"","ast-featured-img":"","footer-sml-layout":"","theme-transparent-header-meta":"default","adv-header-id-meta":"","stick-header-meta":"","header-above-stick-meta":"","header-main-stick-meta":"","header-below-stick-meta":"","astra-migrate-meta-layouts":"set","_joinchat":[]},"product_cat":[161,153,155,33,59,100,87,34,158,157,154,152,58,84,156,63,32,364],"product_tag":[36,37,41,286,40,229],"class_list":["post-3598","product","type-product","status-publish","has-post-thumbnail","hentry","product_cat-25000-puffs-disposable-vape","product_cat-hot-disposable-vapes","product_cat-belgium-hot-disposable-vapes","product_cat-france-vape-hot-sale","product_cat-germany-hot-disposable-vape","product_cat-germany-wholesale-vape-shop","product_cat-minimum-order-quantity-50pcs","product_cat-netherlands-vape-good-sale","product_cat-norway-hot-disposable-vapes","product_cat-poland-hot-disposable-vapes","product_cat-portugal-hot-disposable-vapes","product_cat-spain-hot-disposable-vapes","product_cat-sweden-hot-disposable-vape","product_cat-sweden-wholesale-vape","product_cat-switzerland-hot-disposable-vapes","product_cat-top-sale-disposable-vape","product_cat-vape-hot-sale-this-week","product_cat-vozol-vape","product_tag-good-vape","product_tag-hot-sale-disposable-vape","product_tag-poland-hot-vape","product_tag-puffs-stock-in-europe","product_tag-sweden-hot-vape","product_tag-vozol-gear-shisha-25000-puffs","desktop-align-left","tablet-align-left","mobile-align-left"],"yoast_head":"<!-- This site is optimized with the Yoast SEO plugin v21.1 - https:\/\/yoast.com\/wordpress\/plugins\/seo\/ -->\n<title>VOZOL Gear Shisha 25000 Puffs Dual Mode Disposable Vape 5MG Nicotine - vapebulkp.com<\/title>\n<meta name=\"description\" content=\"VOZOL Gear Shisha 25000 Puffs, Dual Mode, 5MG Nicotine, Disposable Vape, Rechargeable, Type-C, Long-Lasting, High-Capacity, Wholesale, Premium Design,\" \/>\n<meta name=\"robots\" content=\"index, follow, max-snippet:-1, max-image-preview:large, max-video-preview:-1\" \/>\n<link rel=\"canonical\" href=\"https:\/\/vapebulkp.com\/sv\/product\/vozol-gear-shisha-25000-puffs-dual-mode-disposable-vape-5mg-nicotine\/\" \/>\n<meta property=\"og:locale\" content=\"sv_SE\" \/>\n<meta property=\"og:type\" content=\"article\" \/>\n<meta property=\"og:title\" content=\"VOZOL Gear Shisha 25000 Puffs Dual Mode Disposable Vape 5MG Nicotine - vapebulkp.com\" \/>\n<meta property=\"og:description\" content=\"VOZOL Gear Shisha 25000 Puffs, Dual Mode, 5MG Nicotine, Disposable Vape, Rechargeable, Type-C, Long-Lasting, High-Capacity, Wholesale, Premium Design,\" \/>\n<meta property=\"og:url\" content=\"https:\/\/vapebulkp.com\/sv\/product\/vozol-gear-shisha-25000-puffs-dual-mode-disposable-vape-5mg-nicotine\/\" \/>\n<meta property=\"og:site_name\" content=\"vapebulkp.com\" \/>\n<meta property=\"article:modified_time\" content=\"2025-09-24T03:12:40+00:00\" \/>\n<meta property=\"og:image\" content=\"http:\/\/vapebulkp.com\/wp-content\/uploads\/2025\/03\/Vozol-Gear-Shisha-25000-Puffs-High-Puff-Disposable-Vape.webp\" \/>\n\t<meta property=\"og:image:width\" content=\"800\" \/>\n\t<meta property=\"og:image:height\" content=\"800\" \/>\n\t<meta property=\"og:image:type\" content=\"image\/webp\" \/>\n<meta name=\"twitter:card\" content=\"summary_large_image\" \/>\n<meta name=\"twitter:label1\" content=\"Ber\u00e4knad l\u00e4stid\" \/>\n\t<meta name=\"twitter:data1\" content=\"4 minuter\" \/>\n<script type=\"application\/ld+json\" class=\"yoast-schema-graph\">{\"@context\":\"https:\/\/schema.org\",\"@graph\":[{\"@type\":\"WebPage\",\"@id\":\"https:\/\/vapebulkp.com\/product\/vozol-gear-shisha-25000-puffs-dual-mode-disposable-vape-5mg-nicotine\/\",\"url\":\"https:\/\/vapebulkp.com\/product\/vozol-gear-shisha-25000-puffs-dual-mode-disposable-vape-5mg-nicotine\/\",\"name\":\"VOZOL Gear Shisha 25000 Puffs Dual Mode Disposable Vape 5MG Nicotine - vapebulkp.com\",\"isPartOf\":{\"@id\":\"https:\/\/vapebulkp.com\/#website\"},\"datePublished\":\"2025-03-21T09:02:17+00:00\",\"dateModified\":\"2025-09-24T03:12:40+00:00\",\"description\":\"VOZOL Gear Shisha 25000 Puffs, Dual Mode, 5MG Nicotine, Disposable Vape, Rechargeable, Type-C, Long-Lasting, High-Capacity, Wholesale, Premium Design,\",\"breadcrumb\":{\"@id\":\"https:\/\/vapebulkp.com\/product\/vozol-gear-shisha-25000-puffs-dual-mode-disposable-vape-5mg-nicotine\/#breadcrumb\"},\"inLanguage\":\"sv-SE\",\"potentialAction\":[{\"@type\":\"ReadAction\",\"target\":[\"https:\/\/vapebulkp.com\/product\/vozol-gear-shisha-25000-puffs-dual-mode-disposable-vape-5mg-nicotine\/\"]}]},{\"@type\":\"BreadcrumbList\",\"@id\":\"https:\/\/vapebulkp.com\/product\/vozol-gear-shisha-25000-puffs-dual-mode-disposable-vape-5mg-nicotine\/#breadcrumb\",\"itemListElement\":[{\"@type\":\"ListItem\",\"position\":1,\"name\":\"Home\",\"item\":\"https:\/\/vapebulkp.com\/\"},{\"@type\":\"ListItem\",\"position\":2,\"name\":\"Hot Trend Vapes\",\"item\":\"https:\/\/vapebulkp.com\/vape-shop\/\"},{\"@type\":\"ListItem\",\"position\":3,\"name\":\"VOZOL Gear Shisha 25000 Puffs Dual Mode Disposable Vape 5MG Nicotine\"}]},{\"@type\":\"WebSite\",\"@id\":\"https:\/\/vapebulkp.com\/#website\",\"url\":\"https:\/\/vapebulkp.com\/\",\"name\":\"vapebulkp.com\",\"description\":\"Buy Vape In Cheap Bulk Price Near you\",\"publisher\":{\"@id\":\"https:\/\/vapebulkp.com\/#organization\"},\"potentialAction\":[{\"@type\":\"SearchAction\",\"target\":{\"@type\":\"EntryPoint\",\"urlTemplate\":\"https:\/\/vapebulkp.com\/?s={search_term_string}\"},\"query-input\":\"required name=search_term_string\"}],\"inLanguage\":\"sv-SE\"},{\"@type\":\"Organization\",\"@id\":\"https:\/\/vapebulkp.com\/#organization\",\"name\":\"vapebulkp.com\",\"url\":\"https:\/\/vapebulkp.com\/\",\"logo\":{\"@type\":\"ImageObject\",\"inLanguage\":\"sv-SE\",\"@id\":\"https:\/\/vapebulkp.com\/#\/schema\/logo\/image\/\",\"url\":\"https:\/\/vapebulkp.com\/wp-content\/uploads\/2023\/09\/cropped-vapebulkp.png\",\"contentUrl\":\"https:\/\/vapebulkp.com\/wp-content\/uploads\/2023\/09\/cropped-vapebulkp.png\",\"width\":516,\"height\":163,\"caption\":\"vapebulkp.com\"},\"image\":{\"@id\":\"https:\/\/vapebulkp.com\/#\/schema\/logo\/image\/\"}}]}<\/script>\n<!-- \/ Yoast SEO plugin. -->","yoast_head_json":{"title":"VOZOL Gear Shisha 25000 Puffs Dual Mode Disposable Vape 5MG Nicotine - vapebulkp.com","description":"VOZOL Gear Shisha 25000 Puffs, Dual Mode, 5MG Nicotine, Disposable Vape, Rechargeable, Type-C, Long-Lasting, High-Capacity, Wholesale, Premium Design,","robots":{"index":"index","follow":"follow","max-snippet":"max-snippet:-1","max-image-preview":"max-image-preview:large","max-video-preview":"max-video-preview:-1"},"canonical":"https:\/\/vapebulkp.com\/sv\/product\/vozol-gear-shisha-25000-puffs-dual-mode-disposable-vape-5mg-nicotine\/","og_locale":"sv_SE","og_type":"article","og_title":"VOZOL Gear Shisha 25000 Puffs Dual Mode Disposable Vape 5MG Nicotine - vapebulkp.com","og_description":"VOZOL Gear Shisha 25000 Puffs, Dual Mode, 5MG Nicotine, Disposable Vape, Rechargeable, Type-C, Long-Lasting, High-Capacity, Wholesale, Premium Design,","og_url":"https:\/\/vapebulkp.com\/sv\/product\/vozol-gear-shisha-25000-puffs-dual-mode-disposable-vape-5mg-nicotine\/","og_site_name":"vapebulkp.com","article_modified_time":"2025-09-24T03:12:40+00:00","og_image":[{"width":800,"height":800,"url":"http:\/\/vapebulkp.com\/wp-content\/uploads\/2025\/03\/Vozol-Gear-Shisha-25000-Puffs-High-Puff-Disposable-Vape.webp","type":"image\/webp"}],"twitter_card":"summary_large_image","twitter_misc":{"Ber\u00e4knad l\u00e4stid":"4 minuter"},"schema":{"@context":"https:\/\/schema.org","@graph":[{"@type":"WebPage","@id":"https:\/\/vapebulkp.com\/product\/vozol-gear-shisha-25000-puffs-dual-mode-disposable-vape-5mg-nicotine\/","url":"https:\/\/vapebulkp.com\/product\/vozol-gear-shisha-25000-puffs-dual-mode-disposable-vape-5mg-nicotine\/","name":"VOZOL Gear Shisha 25000 Puffs Dual Mode Disposable Vape 5MG Nicotine - vapebulkp.com","isPartOf":{"@id":"https:\/\/vapebulkp.com\/#website"},"datePublished":"2025-03-21T09:02:17+00:00","dateModified":"2025-09-24T03:12:40+00:00","description":"VOZOL Gear Shisha 25000 Puffs, Dual Mode, 5MG Nicotine, Disposable Vape, Rechargeable, Type-C, Long-Lasting, High-Capacity, Wholesale, Premium Design,","breadcrumb":{"@id":"https:\/\/vapebulkp.com\/product\/vozol-gear-shisha-25000-puffs-dual-mode-disposable-vape-5mg-nicotine\/#breadcrumb"},"inLanguage":"sv-SE","potentialAction":[{"@type":"ReadAction","target":["https:\/\/vapebulkp.com\/product\/vozol-gear-shisha-25000-puffs-dual-mode-disposable-vape-5mg-nicotine\/"]}]},{"@type":"BreadcrumbList","@id":"https:\/\/vapebulkp.com\/product\/vozol-gear-shisha-25000-puffs-dual-mode-disposable-vape-5mg-nicotine\/#breadcrumb","itemListElement":[{"@type":"ListItem","position":1,"name":"Home","item":"https:\/\/vapebulkp.com\/"},{"@type":"ListItem","position":2,"name":"Hot Trend Vapes","item":"https:\/\/vapebulkp.com\/vape-shop\/"},{"@type":"ListItem","position":3,"name":"VOZOL Gear Shisha 25000 Puffs Dual Mode Disposable Vape 5MG Nicotine"}]},{"@type":"WebSite","@id":"https:\/\/vapebulkp.com\/#website","url":"https:\/\/vapebulkp.com\/","name":"vapebulkp.com","description":"Buy Vape In Cheap Bulk Price Near you","publisher":{"@id":"https:\/\/vapebulkp.com\/#organization"},"potentialAction":[{"@type":"SearchAction","target":{"@type":"EntryPoint","urlTemplate":"https:\/\/vapebulkp.com\/?s={search_term_string}"},"query-input":"required name=search_term_string"}],"inLanguage":"sv-SE"},{"@type":"Organization","@id":"https:\/\/vapebulkp.com\/#organization","name":"vapebulkp.com","url":"https:\/\/vapebulkp.com\/","logo":{"@type":"ImageObject","inLanguage":"sv-SE","@id":"https:\/\/vapebulkp.com\/#\/schema\/logo\/image\/","url":"https:\/\/vapebulkp.com\/wp-content\/uploads\/2023\/09\/cropped-vapebulkp.png","contentUrl":"https:\/\/vapebulkp.com\/wp-content\/uploads\/2023\/09\/cropped-vapebulkp.png","width":516,"height":163,"caption":"vapebulkp.com"},"image":{"@id":"https:\/\/vapebulkp.com\/#\/schema\/logo\/image\/"}}]}},"uagb_featured_image_src":{"full":["https:\/\/vapebulkp.com\/wp-content\/uploads\/2025\/03\/Vozol-Gear-Shisha-25000-Puffs-High-Puff-Disposable-Vape.webp",800,800,false],"thumbnail":["https:\/\/vapebulkp.com\/wp-content\/uploads\/2025\/03\/Vozol-Gear-Shisha-25000-Puffs-High-Puff-Disposable-Vape-150x150.webp",150,150,true],"medium":["https:\/\/vapebulkp.com\/wp-content\/uploads\/2025\/03\/Vozol-Gear-Shisha-25000-Puffs-High-Puff-Disposable-Vape-300x300.webp",300,300,true],"medium_large":["https:\/\/vapebulkp.com\/wp-content\/uploads\/2025\/03\/Vozol-Gear-Shisha-25000-Puffs-High-Puff-Disposable-Vape-768x768.webp",768,768,true],"large":["https:\/\/vapebulkp.com\/wp-content\/uploads\/2025\/03\/Vozol-Gear-Shisha-25000-Puffs-High-Puff-Disposable-Vape.webp",800,800,false],"1536x1536":["https:\/\/vapebulkp.com\/wp-content\/uploads\/2025\/03\/Vozol-Gear-Shisha-25000-Puffs-High-Puff-Disposable-Vape.webp",800,800,false],"2048x2048":["https:\/\/vapebulkp.com\/wp-content\/uploads\/2025\/03\/Vozol-Gear-Shisha-25000-Puffs-High-Puff-Disposable-Vape.webp",800,800,false],"trp-custom-language-flag":["https:\/\/vapebulkp.com\/wp-content\/uploads\/2025\/03\/Vozol-Gear-Shisha-25000-Puffs-High-Puff-Disposable-Vape.webp",12,12,false],"woocommerce_thumbnail":["https:\/\/vapebulkp.com\/wp-content\/uploads\/2025\/03\/Vozol-Gear-Shisha-25000-Puffs-High-Puff-Disposable-Vape-300x300.webp",300,300,true],"woocommerce_single":["https:\/\/vapebulkp.com\/wp-content\/uploads\/2025\/03\/Vozol-Gear-Shisha-25000-Puffs-High-Puff-Disposable-Vape-600x600.webp",600,600,true],"woocommerce_gallery_thumbnail":["https:\/\/vapebulkp.com\/wp-content\/uploads\/2025\/03\/Vozol-Gear-Shisha-25000-Puffs-High-Puff-Disposable-Vape-100x100.webp",100,100,true],"wcpr-photo-reviews":["https:\/\/vapebulkp.com\/wp-content\/uploads\/2025\/03\/Vozol-Gear-Shisha-25000-Puffs-High-Puff-Disposable-Vape.webp",500,500,false]},"uagb_author_info":{"display_name":"Mandy vape bulk price","author_link":"https:\/\/vapebulkp.com\/sv\/author\/"},"uagb_comment_info":0,"uagb_excerpt":"VOZOL Gear Shisha 25000 Puffs, Dual Mode, 5MG Nicotine, Disposable Vape, Rechargeable, Mesh Coil, 20ML E-liquid, Smooth Flavor, Long-lasting, High-Performance, Type-C Charging, Premium Design, Wholesale, Best Price, EU Market, Vape Bulk, Online Store. Pls Contact Mandy's WhatsApp For Discount Price+8618077105796 &nbsp; NOTE: Prices on our website does not include shipping costs &nbsp;","_links":{"self":[{"href":"https:\/\/vapebulkp.com\/sv\/wp-json\/wp\/v2\/product\/3598","targetHints":{"allow":["GET"]}}],"collection":[{"href":"https:\/\/vapebulkp.com\/sv\/wp-json\/wp\/v2\/product"}],"about":[{"href":"https:\/\/vapebulkp.com\/sv\/wp-json\/wp\/v2\/types\/product"}],"replies":[{"embeddable":true,"href":"https:\/\/vapebulkp.com\/sv\/wp-json\/wp\/v2\/comments?post=3598"}],"wp:featuredmedia":[{"embeddable":true,"href":"https:\/\/vapebulkp.com\/sv\/wp-json\/wp\/v2\/media\/3586"}],"wp:attachment":[{"href":"https:\/\/vapebulkp.com\/sv\/wp-json\/wp\/v2\/media?parent=3598"}],"wp:term":[{"taxonomy":"product_cat","embeddable":true,"href":"https:\/\/vapebulkp.com\/sv\/wp-json\/wp\/v2\/product_cat?post=3598"},{"taxonomy":"product_tag","embeddable":true,"href":"https:\/\/vapebulkp.com\/sv\/wp-json\/wp\/v2\/product_tag?post=3598"}],"curies":[{"name":"wp","href":"https:\/\/api.w.org\/{rel}","templated":true}]}}