{"id":3768,"date":"2025-05-19T04:59:45","date_gmt":"2025-05-19T02:59:45","guid":{"rendered":"https:\/\/vapebulkp.com\/?post_type=product&#038;p=3768"},"modified":"2025-09-24T05:01:41","modified_gmt":"2025-09-24T03:01:41","slug":"wholesale-price-bang-leader-80000-puffs-vape-device","status":"publish","type":"product","link":"https:\/\/vapebulkp.com\/sv\/produkt\/wholesale-price-bang-leader-80000-puffs-vape-device\/","title":{"rendered":"Partihandel Pris Bang LEADER 80000 Puffar Vape-enhet"},"content":{"rendered":"<h2 style=\"text-align: left\">Partihandel Pris Bang LEADER 80000 Puffar Vape-enhet<\/h2>\n<p>&nbsp;<\/p>\n<p data-start=\"126\" data-end=\"436\">Den <strong data-start=\"130\" data-end=\"173\">Bang LEDARE <a href=\"https:\/\/vapebulkp.com\/sv\/produkt-kategori\/80000-puffs-disposable-vape\/\">80000 bloss eng\u00e5ngsvape<\/a><\/strong> \u00e4r en <strong data-start=\"179\" data-end=\"201\">vape med h\u00f6g kapacitet<\/strong> designad f\u00f6r europeiska vapers som kr\u00e4ver l\u00e5ngvarig prestanda och premiumsmak. Konstruerad som en <strong data-start=\"303\" data-end=\"335\">uppladdningsbar eng\u00e5ngsvape<\/strong>, den levereras med ett 850mAh batteri och Type-C snabbladdning, vilket s\u00e4kerst\u00e4ller oavbrutna vaping-sessioner.<\/p>\n<p data-start=\"438\" data-end=\"738\">Denna <strong data-start=\"443\" data-end=\"465\">trippelsmak vape<\/strong> l\u00e5ter anv\u00e4ndare enkelt v\u00e4xla mellan smaker, medan <strong data-start=\"529\" data-end=\"551\">smart puffr\u00e4knare<\/strong> sp\u00e5rar anv\u00e4ndning f\u00f6r exakt kontroll. Med <strong data-start=\"596\" data-end=\"618\">nikotinsalt vape<\/strong> formuleringar och <strong data-start=\"636\" data-end=\"660\">mesh coil-teknologi<\/strong>, levererar den j\u00e4mn, t\u00e4t \u00e5nga och konsekvent smak \u00f6ver 80 000 puffar.<\/p>\n<p data-start=\"740\" data-end=\"1037\">Perfekt f\u00f6r <strong data-start=\"752\" data-end=\"773\">partihandel vape EU<\/strong> k\u00f6pare, \u00e5terf\u00f6rs\u00e4ljare och distribut\u00f6rer, Bang LEADER 80000 puff kombinerar elegant design, portabilitet och banbrytande funktioner. Att lagerf\u00f6ra denna enhet l\u00e4gger till en l\u00f6nsam, efterfr\u00e5gad produkt till alla lager, som tillgodoser moderna vapers som s\u00f6ker b\u00e5de stil och prestanda.<\/p>\n<h6>Kontakta Mandy via WhatsApp f\u00f6r rabatterat pris<a href=\"https:\/\/wa.me\/8618077105796\">+8618077105796<\/a><\/h6>\n<p><img decoding=\"async\" class=\"alignnone wp-image-2151\" src=\"http:\/\/vapebulkp.com\/wp-content\/uploads\/2024\/04\/Mandy-WhatsApp-Randm.jpg\" alt=\"Mandy WhatsApp Randm\" width=\"324\" height=\"330\" \/><\/p>\n<div class=\"flex max-w-full flex-col flex-grow\">\n<div class=\"min-h-8 text-message flex w-full flex-col items-end gap-2 whitespace-normal break-words text-start [.text-message+&amp;]:mt-5\" dir=\"auto\" data-message-author-role=\"assistant\" data-message-id=\"d24cf626-c018-4805-80f5-44de047f2ba0\" data-message-model-slug=\"gpt-4o\">\n<div class=\"flex w-full flex-col gap-1 empty:hidden first:pt-[3px]\">\n<div class=\"markdown prose w-full break-words dark:prose-invert light\">\n<h2>Varf\u00f6r k\u00f6pa partihandel Vape Bang Leader 80000 puffar p\u00e5 <a href=\"https:\/\/vapebulkp.com\/sv\/vape-shop\/\">Vapebulkp.com<\/a>?<\/h2>\n<p class=\"\" data-start=\"141\" data-end=\"330\"><strong data-start=\"141\" data-end=\"177\">1. Konkurrenskraftiga partihandelspriser<\/strong><br data-start=\"177\" data-end=\"180\" \/>Vapebulkp.com erbjuder oslagbara fabriksdirektpriser p\u00e5 Bang LEADER 80000 Puffar, vilket maximerar dina vinstmarginaler utan att kompromissa med kvaliteten.<\/p>\n<p class=\"\" data-start=\"332\" data-end=\"578\"><strong data-start=\"332\" data-end=\"373\">2. \u00c4kta<\/strong><br data-start=\"373\" data-end=\"376\" \/>Varje enhet har 80 000 puffar, 3 omkopplingsbara smaker, ett uppladdningsbart 850mAh batteri, mesh coil, smart puffr\u00e4knare och fingeravtrycksl\u00e5s \u2013 vilket ger en premium vaping-upplevelse f\u00f6r seri\u00f6sa kunder.<\/p>\n<p class=\"\" data-start=\"580\" data-end=\"789\"><strong data-start=\"580\" data-end=\"620\">3. Bulk Tillg\u00e4nglighet<\/strong><br data-start=\"620\" data-end=\"623\" \/>Med h\u00f6ga lagerniv\u00e5er och effektiv logistik s\u00e4kerst\u00e4ller Vapebulkp.com leverans i tid \u00f6ver hela Europa och utanf\u00f6r. Perfekt f\u00f6r \u00e5terf\u00f6rs\u00e4ljare, mellanh\u00e4nder och online vape-butiker.<\/p>\n<p class=\"\" data-start=\"791\" data-end=\"991\"><strong data-start=\"791\" data-end=\"835\">4. Betrodd leverant\u00f6r f\u00f6r europeiska marknader<\/strong><br data-start=\"835\" data-end=\"838\" \/>Vapebulkp \u00e4r en p\u00e5litlig partner k\u00e4nd f\u00f6r konsekvent produktkvalitet och marknadsspecifika vape-urval som uppfyller EU-standarder och kundpreferenser.<\/p>\n<p class=\"\" data-start=\"993\" data-end=\"1186\"><strong data-start=\"993\" data-end=\"1032\">5. SEO-optimerad f\u00f6rpackning<\/strong><br data-start=\"1032\" data-end=\"1035\" \/>I\u00f6gonfallande f\u00f6rpackning, flerspr\u00e5kiga smaketiketter och streckkoder redo f\u00f6r efterlevnad g\u00f6r det enklare att marknadsf\u00f6ra och s\u00e4lja i konkurrensutsatta detaljhandelsmilj\u00f6er.<\/p>\n<p class=\"\" data-start=\"1188\" data-end=\"1383\"><strong data-start=\"1188\" data-end=\"1233\">6. Dedikerat st\u00f6d<\/strong><br data-start=\"1233\" data-end=\"1236\" \/>F\u00e5 tillg\u00e5ng till 1-till-1 B2B-support, l\u00e5g MOQ (minsta best\u00e4llningskvantitet), anpassningsm\u00f6jligheter f\u00f6r produkter och de senaste ankomsterna inom eng\u00e5ngsvape-teknik.<\/p>\n<\/div>\n<\/div>\n<\/div>\n<\/div>\n<h2><strong>\u00a0<\/strong>Bang Leader 80000 Puffs Vape Enhet Nyckelspecifikationer:<\/h2>\n<ul>\n<li class=\"\" data-start=\"157\" data-end=\"243\">\n<p class=\"\" data-start=\"159\" data-end=\"243\"><strong data-start=\"159\" data-end=\"182\">Nikotinstyrkor:<\/strong> 21mg, 31mg eller 51mg \u2013 skr\u00e4ddarsydda f\u00f6r mjuka, dj\u00e4rva eller intensiva tr\u00e4ffar<\/p>\n<\/li>\n<li class=\"\" data-start=\"244\" data-end=\"315\">\n<p class=\"\" data-start=\"246\" data-end=\"315\"><strong data-start=\"246\" data-end=\"261\">Antal bloss:<\/strong> Upp till 80 000 bloss \u2013 ultral\u00e5ngvarig prestanda<\/p>\n<\/li>\n<li class=\"\" data-start=\"316\" data-end=\"384\">\n<p class=\"\" data-start=\"318\" data-end=\"384\"><strong data-start=\"318\" data-end=\"330\">Smaker:<\/strong> 3-i-1 utbytbara smaker \u2013 m\u00e5ngsidiga och njutbara<\/p>\n<\/li>\n<li class=\"\" data-start=\"385\" data-end=\"451\">\n<p class=\"\" data-start=\"387\" data-end=\"451\"><strong data-start=\"387\" data-end=\"399\">Batteri:<\/strong> 850mAh uppladdningsbar \u2013 snabb laddning, p\u00e5litlig anv\u00e4ndning<\/p>\n<\/li>\n<li class=\"\" data-start=\"452\" data-end=\"507\">\n<p class=\"\" data-start=\"454\" data-end=\"507\"><strong data-start=\"454\" data-end=\"463\">Spole:<\/strong> 1.0\u03a9 mesh coil \u2013 t\u00e4t \u00e5nga, rik smak<\/p>\n<\/li>\n<li class=\"\" data-start=\"508\" data-end=\"570\">\n<p class=\"\" data-start=\"510\" data-end=\"570\"><strong data-start=\"510\" data-end=\"522\">Luftfl\u00f6de:<\/strong> Justerbart luftfl\u00f6de \u2013 personlig mjuk dragning<\/p>\n<\/li>\n<li class=\"\" data-start=\"571\" data-end=\"627\">\n<p class=\"\" data-start=\"573\" data-end=\"627\"><strong data-start=\"573\" data-end=\"585\">Visa:<\/strong> Smart blossr\u00e4knare \u2013 sp\u00e5ra anv\u00e4ndning enkelt<\/p>\n<\/li>\n<li class=\"\" data-start=\"628\" data-end=\"678\">\n<p class=\"\" data-start=\"630\" data-end=\"678\"><strong data-start=\"630\" data-end=\"641\">Design:<\/strong> Kompakt, resev\u00e4nlig, premiumkonstruktion<\/p>\n<\/li>\n<\/ul>\n<h2><strong>\u00a0Bang Leader 80000 Puffars Smaklista<\/strong><\/h2>\n<p>1. Vattenmelonis<br \/>\n2. Hallon Mojito Persikois<br \/>\n3. Jordgubbsvattenmelon<br \/>\n4. Cola Ice<br \/>\n5. Bl\u00e5b\u00e4rsvattenmelon<br \/>\n6. Bl\u00e5b\u00e4rsis<br \/>\n7. Bl\u00e5b\u00e4rsis<br \/>\n8. Red Bull<br \/>\n9. Red Bull<br \/>\n10.Jordgubb Kiwi<br \/>\n11.Kiwi Guava<br \/>\n12.Avokado Is<\/p>\n<p><span style=\"vertical-align: inherit\">Hitta fler produkter du kanske gillar:<\/span><em><a href=\"https:\/\/wa.me\/8618077105796\"><span style=\"vertical-align: inherit\">\u00a0K\u00f6p nu<\/span><\/a><\/em><\/p>\n<p><span style=\"vertical-align: inherit\">Andra Puffs du kanske gillar:<\/span><a href=\"https:\/\/vapebulkp.com\/sv\/produkt\/wholesale-price-bang-kingdoms-rex-32000-puffs-vape-pod\/\"><span style=\"vertical-align: inherit\">Bang Kingdoms 32000 Puffs<\/span><\/a><span style=\"vertical-align: inherit\">\u3001<\/span><a href=\"https:\/\/vapebulkp.com\/sv\/produkt\/uzy-crystal-twin-50000-puffs-rechargeable-vape-with-led-display\/\"><span style=\"vertical-align: inherit\">UZY Crystal Twin 50000 Puffar<\/span><\/a><span style=\"vertical-align: inherit\">\/ <\/span><a href=\"https:\/\/vapebulkp.com\/sv\/produkt\/waspe-3in1-60000-puffs-disposable-vape-high-capacity\/\"><span style=\"vertical-align: inherit\">WASPE 3 i 1 60000 Puffs<\/span><\/a><\/p>\n<p><a href=\"https:\/\/vapebulkp.com\/sv\/produkt\/vapsolo-feed-bar-shisha-vape-15000-puffs-wholesale-price\/\"><span style=\"vertical-align: inherit\">\u00a0Vapsolo shisha 15000 Puffar<\/span><\/a><span style=\"vertical-align: inherit\">\/ <\/span><a href=\"https:\/\/vapebulkp.com\/sv\/produkt\/bang-box-35000-puffs-touch-switch-digital-screen-rechargeable-vape\/\"><span style=\"vertical-align: inherit\">Bang Box 35000 Puffar<\/span><\/a><\/p>\n<h2>FAQ om Bang Leader 80000 puffar Eng\u00e5ngsvapes<\/h2>\n<p class=\"\" data-start=\"170\" data-end=\"363\"><strong data-start=\"170\" data-end=\"236\">F1: Hur m\u00e5nga puffar erbjuder Bang LEADER Eng\u00e5ngsvape?<\/strong><br data-start=\"236\" data-end=\"239\" \/><strong data-start=\"239\" data-end=\"245\">A:<\/strong> Bang LEADER levererar upp till <strong data-start=\"277\" data-end=\"293\">80 000 puffar<\/strong>, vilket g\u00f6r den till en av de mest l\u00e5ngvariga eng\u00e5ngsvapes p\u00e5 marknaden.<\/p>\n<p class=\"\" data-start=\"365\" data-end=\"539\"><strong data-start=\"365\" data-end=\"420\">F2: Kan jag ladda Bang LEADER 80000 Puff Vape?<\/strong><br data-start=\"420\" data-end=\"423\" \/><strong data-start=\"423\" data-end=\"429\">A:<\/strong> Ja, den levereras med en <strong data-start=\"452\" data-end=\"483\">850mAh uppladdningsbart batteri<\/strong> och st\u00f6der <strong data-start=\"497\" data-end=\"521\">snabb Type-C-laddning<\/strong> f\u00f6r ut\u00f6kad anv\u00e4ndning.<\/p>\n<p class=\"\" data-start=\"541\" data-end=\"710\"><strong data-start=\"541\" data-end=\"582\">F3: St\u00f6der den flera smaker?<\/strong><br data-start=\"582\" data-end=\"585\" \/><strong data-start=\"585\" data-end=\"591\">A:<\/strong> Absolut! Bang LEADER har <strong data-start=\"629\" data-end=\"658\">3-i-1 utbytbara smaker<\/strong>, vilket g\u00f6r det enkelt f\u00f6r anv\u00e4ndare att byta smakprofiler.<\/p>\n<p class=\"\" data-start=\"856\" data-end=\"1079\"><strong data-start=\"856\" data-end=\"915\">F4: \u00c4r Bang LEADER l\u00e4mplig f\u00f6r grossistk\u00f6p?<\/strong><br data-start=\"915\" data-end=\"918\" \/><strong data-start=\"918\" data-end=\"924\">A:<\/strong> Ja, denna produkt rekommenderas starkt f\u00f6r <strong data-start=\"969\" data-end=\"998\">stora och grossistbest\u00e4llningar<\/strong>. Det \u00e4r en b\u00e4sts\u00e4ljare med utm\u00e4rkta vinstmarginaler f\u00f6r \u00e5terf\u00f6rs\u00e4ljare och distribut\u00f6rer.<\/p>\n<h3>Leveransdetaljer:<\/h3>\n<p><span style=\"color: #ff6600\">Produktionstid: 5-10 arbetsdagar<\/span><br \/>\n<span style=\"color: #ff6600\">Leveranstid: 8-14 arbetsdagar<\/span><\/p>\n<p>Alla produkter i v\u00e5r butik \u00e4r 100% originala och autentiska, d\u00e4rf\u00f6r \u00e4r Tiofaldig ers\u00e4ttning f\u00f6r falska varor v\u00e5r butikspolicy. Vi anv\u00e4nder logistikkanaler som UPS\/DHL\/FEDEX\/DPD f\u00f6r att leverera varor till dig.<\/p>\n<p>F\u00f6r paket som skickas inom Sverige tar det vanligtvis 10 arbetsdagar att anl\u00e4nda. Leveranser till andra europeiska l\u00e4nder tar vanligtvis 12 till 15 arbetsdagar att anl\u00e4nda. Vi uppdaterar logistikinformationen f\u00f6r dig i realtid.<\/p>","protected":false},"excerpt":{"rendered":"<p>Bang LEADER 80000 Puffar 3-i-1 Eng\u00e5ngsvape med omkopplingsbara smaker, mesh coil, LED puffr\u00e4knare<\/p>\n<p>Kontakta Mandy via WhatsApp f\u00f6r rabatterat pris<a href=\"https:\/\/wa.me\/8618077105796\">+8618077105796<\/a><\/p>\n<p><img decoding=\"async\" class=\"alignnone wp-image-2151\" src=\"http:\/\/vapebulkp.com\/wp-content\/uploads\/2024\/04\/Mandy-WhatsApp-Randm.jpg\" alt=\"Mandy WhatsApp Randm\" width=\"297\" height=\"316\" srcset=\"https:\/\/vapebulkp.com\/wp-content\/uploads\/2024\/04\/Mandy-WhatsApp-Randm.jpg 916w, https:\/\/vapebulkp.com\/wp-content\/uploads\/2024\/04\/Mandy-WhatsApp-Randm-282x300.jpg 282w, https:\/\/vapebulkp.com\/wp-content\/uploads\/2024\/04\/Mandy-WhatsApp-Randm-768x817.jpg 768w, https:\/\/vapebulkp.com\/wp-content\/uploads\/2024\/04\/Mandy-WhatsApp-Randm-600x638.jpg 600w\" sizes=\"(max-width: 297px) 100vw, 297px\" \/><\/p>\n<p><span style=\"color: #ff0000\">OBS: Priserna p\u00e5 v\u00e5r webbplats inkluderar inte fraktkostnader<\/span><\/p>\n<p>&nbsp;<\/p>","protected":false},"featured_media":3762,"comment_status":"open","ping_status":"closed","template":"","meta":{"_uag_custom_page_level_css":"","_lmt_disableupdate":"no","_lmt_disable":"","site-sidebar-layout":"default","site-content-layout":"content-boxed-container","ast-site-content-layout":"normal-width-container","site-content-style":"boxed","site-sidebar-style":"unboxed","ast-global-header-display":"","ast-banner-title-visibility":"","ast-main-header-display":"","ast-hfb-above-header-display":"","ast-hfb-below-header-display":"","ast-hfb-mobile-header-display":"","site-post-title":"","ast-breadcrumbs-content":"","ast-featured-img":"","footer-sml-layout":"","theme-transparent-header-meta":"default","adv-header-id-meta":"","stick-header-meta":"","header-above-stick-meta":"","header-main-stick-meta":"","header-below-stick-meta":"","astra-migrate-meta-layouts":"set","_joinchat":[]},"product_cat":[247,153,345,155,33,59,100,87,34,158,157,154,152,58,84,156,63,32],"product_tag":[248,36,37,41,40],"class_list":["post-3768","product","type-product","status-publish","has-post-thumbnail","hentry","product_cat-80000-puffs-disposable-vape","product_cat-hot-disposable-vapes","product_cat-bang-vapes","product_cat-belgium-hot-disposable-vapes","product_cat-france-vape-hot-sale","product_cat-germany-hot-disposable-vape","product_cat-germany-wholesale-vape-shop","product_cat-minimum-order-quantity-50pcs","product_cat-netherlands-vape-good-sale","product_cat-norway-hot-disposable-vapes","product_cat-poland-hot-disposable-vapes","product_cat-portugal-hot-disposable-vapes","product_cat-spain-hot-disposable-vapes","product_cat-sweden-hot-disposable-vape","product_cat-sweden-wholesale-vape","product_cat-switzerland-hot-disposable-vapes","product_cat-top-sale-disposable-vape","product_cat-vape-hot-sale-this-week","product_tag-bang-leader-80000-puffs","product_tag-good-vape","product_tag-hot-sale-disposable-vape","product_tag-poland-hot-vape","product_tag-sweden-hot-vape","pa_brand-bang-vape","desktop-align-left","tablet-align-left","mobile-align-left"],"yoast_head":"<!-- This site is optimized with the Yoast SEO plugin v21.1 - https:\/\/yoast.com\/wordpress\/plugins\/seo\/ -->\n<title>Wholesale Price Bang LEADER 80000 Puffs Vape Device - vapebulkp.com<\/title>\n<meta name=\"description\" content=\"Shop Bang LEADER 80000 Puffs 3-in-1 Disposable Vape at Vapebulkp.com. Features 3 flavors, 850mAh rechargeable battery\uff0cWholesale pricing available.\" \/>\n<meta name=\"robots\" content=\"index, follow, max-snippet:-1, max-image-preview:large, max-video-preview:-1\" \/>\n<link rel=\"canonical\" href=\"https:\/\/vapebulkp.com\/sv\/produkt\/wholesale-price-bang-leader-80000-puffs-vape-device\/\" \/>\n<meta property=\"og:locale\" content=\"sv_SE\" \/>\n<meta property=\"og:type\" content=\"article\" \/>\n<meta property=\"og:title\" content=\"Wholesale Price Bang LEADER 80000 Puffs Vape Device - vapebulkp.com\" \/>\n<meta property=\"og:description\" content=\"Shop Bang LEADER 80000 Puffs 3-in-1 Disposable Vape at Vapebulkp.com. Features 3 flavors, 850mAh rechargeable battery\uff0cWholesale pricing available.\" \/>\n<meta property=\"og:url\" content=\"https:\/\/vapebulkp.com\/sv\/produkt\/wholesale-price-bang-leader-80000-puffs-vape-device\/\" \/>\n<meta property=\"og:site_name\" content=\"vapebulkp.com\" \/>\n<meta property=\"article:modified_time\" content=\"2025-09-24T03:01:41+00:00\" \/>\n<meta property=\"og:image\" content=\"http:\/\/vapebulkp.com\/wp-content\/uploads\/2025\/05\/Bang-LEADER-80000-Puff-Wholesale-Disposable-Vape.webp\" \/>\n\t<meta property=\"og:image:width\" content=\"800\" \/>\n\t<meta property=\"og:image:height\" content=\"800\" \/>\n\t<meta property=\"og:image:type\" content=\"image\/webp\" \/>\n<meta name=\"twitter:card\" content=\"summary_large_image\" \/>\n<meta name=\"twitter:label1\" content=\"Ber\u00e4knad l\u00e4stid\" \/>\n\t<meta name=\"twitter:data1\" content=\"4 minuter\" \/>\n<script type=\"application\/ld+json\" class=\"yoast-schema-graph\">{\"@context\":\"https:\/\/schema.org\",\"@graph\":[{\"@type\":\"WebPage\",\"@id\":\"https:\/\/vapebulkp.com\/product\/wholesale-price-bang-leader-80000-puffs-vape-device\/\",\"url\":\"https:\/\/vapebulkp.com\/product\/wholesale-price-bang-leader-80000-puffs-vape-device\/\",\"name\":\"Wholesale Price Bang LEADER 80000 Puffs Vape Device - vapebulkp.com\",\"isPartOf\":{\"@id\":\"https:\/\/vapebulkp.com\/#website\"},\"datePublished\":\"2025-05-19T02:59:45+00:00\",\"dateModified\":\"2025-09-24T03:01:41+00:00\",\"description\":\"Shop Bang LEADER 80000 Puffs 3-in-1 Disposable Vape at Vapebulkp.com. Features 3 flavors, 850mAh rechargeable battery\uff0cWholesale pricing available.\",\"breadcrumb\":{\"@id\":\"https:\/\/vapebulkp.com\/product\/wholesale-price-bang-leader-80000-puffs-vape-device\/#breadcrumb\"},\"inLanguage\":\"sv-SE\",\"potentialAction\":[{\"@type\":\"ReadAction\",\"target\":[\"https:\/\/vapebulkp.com\/product\/wholesale-price-bang-leader-80000-puffs-vape-device\/\"]}]},{\"@type\":\"BreadcrumbList\",\"@id\":\"https:\/\/vapebulkp.com\/product\/wholesale-price-bang-leader-80000-puffs-vape-device\/#breadcrumb\",\"itemListElement\":[{\"@type\":\"ListItem\",\"position\":1,\"name\":\"Home\",\"item\":\"https:\/\/vapebulkp.com\/\"},{\"@type\":\"ListItem\",\"position\":2,\"name\":\"Hot Trend Vapes\",\"item\":\"https:\/\/vapebulkp.com\/vape-shop\/\"},{\"@type\":\"ListItem\",\"position\":3,\"name\":\"Wholesale Price Bang LEADER 80000 Puffs Vape Device\"}]},{\"@type\":\"WebSite\",\"@id\":\"https:\/\/vapebulkp.com\/#website\",\"url\":\"https:\/\/vapebulkp.com\/\",\"name\":\"vapebulkp.com\",\"description\":\"Buy Vape In Cheap Bulk Price Near you\",\"publisher\":{\"@id\":\"https:\/\/vapebulkp.com\/#organization\"},\"potentialAction\":[{\"@type\":\"SearchAction\",\"target\":{\"@type\":\"EntryPoint\",\"urlTemplate\":\"https:\/\/vapebulkp.com\/?s={search_term_string}\"},\"query-input\":\"required name=search_term_string\"}],\"inLanguage\":\"sv-SE\"},{\"@type\":\"Organization\",\"@id\":\"https:\/\/vapebulkp.com\/#organization\",\"name\":\"vapebulkp.com\",\"url\":\"https:\/\/vapebulkp.com\/\",\"logo\":{\"@type\":\"ImageObject\",\"inLanguage\":\"sv-SE\",\"@id\":\"https:\/\/vapebulkp.com\/#\/schema\/logo\/image\/\",\"url\":\"https:\/\/vapebulkp.com\/wp-content\/uploads\/2023\/09\/cropped-vapebulkp.png\",\"contentUrl\":\"https:\/\/vapebulkp.com\/wp-content\/uploads\/2023\/09\/cropped-vapebulkp.png\",\"width\":516,\"height\":163,\"caption\":\"vapebulkp.com\"},\"image\":{\"@id\":\"https:\/\/vapebulkp.com\/#\/schema\/logo\/image\/\"}}]}<\/script>\n<!-- \/ Yoast SEO plugin. -->","yoast_head_json":{"title":"Wholesale Price Bang LEADER 80000 Puffs Vape Device - vapebulkp.com","description":"Shop Bang LEADER 80000 Puffs 3-in-1 Disposable Vape at Vapebulkp.com. Features 3 flavors, 850mAh rechargeable battery\uff0cWholesale pricing available.","robots":{"index":"index","follow":"follow","max-snippet":"max-snippet:-1","max-image-preview":"max-image-preview:large","max-video-preview":"max-video-preview:-1"},"canonical":"https:\/\/vapebulkp.com\/sv\/produkt\/wholesale-price-bang-leader-80000-puffs-vape-device\/","og_locale":"sv_SE","og_type":"article","og_title":"Wholesale Price Bang LEADER 80000 Puffs Vape Device - vapebulkp.com","og_description":"Shop Bang LEADER 80000 Puffs 3-in-1 Disposable Vape at Vapebulkp.com. Features 3 flavors, 850mAh rechargeable battery\uff0cWholesale pricing available.","og_url":"https:\/\/vapebulkp.com\/sv\/produkt\/wholesale-price-bang-leader-80000-puffs-vape-device\/","og_site_name":"vapebulkp.com","article_modified_time":"2025-09-24T03:01:41+00:00","og_image":[{"width":800,"height":800,"url":"http:\/\/vapebulkp.com\/wp-content\/uploads\/2025\/05\/Bang-LEADER-80000-Puff-Wholesale-Disposable-Vape.webp","type":"image\/webp"}],"twitter_card":"summary_large_image","twitter_misc":{"Ber\u00e4knad l\u00e4stid":"4 minuter"},"schema":{"@context":"https:\/\/schema.org","@graph":[{"@type":"WebPage","@id":"https:\/\/vapebulkp.com\/product\/wholesale-price-bang-leader-80000-puffs-vape-device\/","url":"https:\/\/vapebulkp.com\/product\/wholesale-price-bang-leader-80000-puffs-vape-device\/","name":"Wholesale Price Bang LEADER 80000 Puffs Vape Device - vapebulkp.com","isPartOf":{"@id":"https:\/\/vapebulkp.com\/#website"},"datePublished":"2025-05-19T02:59:45+00:00","dateModified":"2025-09-24T03:01:41+00:00","description":"Shop Bang LEADER 80000 Puffs 3-in-1 Disposable Vape at Vapebulkp.com. Features 3 flavors, 850mAh rechargeable battery\uff0cWholesale pricing available.","breadcrumb":{"@id":"https:\/\/vapebulkp.com\/product\/wholesale-price-bang-leader-80000-puffs-vape-device\/#breadcrumb"},"inLanguage":"sv-SE","potentialAction":[{"@type":"ReadAction","target":["https:\/\/vapebulkp.com\/product\/wholesale-price-bang-leader-80000-puffs-vape-device\/"]}]},{"@type":"BreadcrumbList","@id":"https:\/\/vapebulkp.com\/product\/wholesale-price-bang-leader-80000-puffs-vape-device\/#breadcrumb","itemListElement":[{"@type":"ListItem","position":1,"name":"Home","item":"https:\/\/vapebulkp.com\/"},{"@type":"ListItem","position":2,"name":"Hot Trend Vapes","item":"https:\/\/vapebulkp.com\/vape-shop\/"},{"@type":"ListItem","position":3,"name":"Wholesale Price Bang LEADER 80000 Puffs Vape Device"}]},{"@type":"WebSite","@id":"https:\/\/vapebulkp.com\/#website","url":"https:\/\/vapebulkp.com\/","name":"vapebulkp.com","description":"Buy Vape In Cheap Bulk Price Near you","publisher":{"@id":"https:\/\/vapebulkp.com\/#organization"},"potentialAction":[{"@type":"SearchAction","target":{"@type":"EntryPoint","urlTemplate":"https:\/\/vapebulkp.com\/?s={search_term_string}"},"query-input":"required name=search_term_string"}],"inLanguage":"sv-SE"},{"@type":"Organization","@id":"https:\/\/vapebulkp.com\/#organization","name":"vapebulkp.com","url":"https:\/\/vapebulkp.com\/","logo":{"@type":"ImageObject","inLanguage":"sv-SE","@id":"https:\/\/vapebulkp.com\/#\/schema\/logo\/image\/","url":"https:\/\/vapebulkp.com\/wp-content\/uploads\/2023\/09\/cropped-vapebulkp.png","contentUrl":"https:\/\/vapebulkp.com\/wp-content\/uploads\/2023\/09\/cropped-vapebulkp.png","width":516,"height":163,"caption":"vapebulkp.com"},"image":{"@id":"https:\/\/vapebulkp.com\/#\/schema\/logo\/image\/"}}]}},"uagb_featured_image_src":{"full":["https:\/\/vapebulkp.com\/wp-content\/uploads\/2025\/05\/Bang-LEADER-80000-Puff-Wholesale-Disposable-Vape.webp",800,800,false],"thumbnail":["https:\/\/vapebulkp.com\/wp-content\/uploads\/2025\/05\/Bang-LEADER-80000-Puff-Wholesale-Disposable-Vape-150x150.webp",150,150,true],"medium":["https:\/\/vapebulkp.com\/wp-content\/uploads\/2025\/05\/Bang-LEADER-80000-Puff-Wholesale-Disposable-Vape-300x300.webp",300,300,true],"medium_large":["https:\/\/vapebulkp.com\/wp-content\/uploads\/2025\/05\/Bang-LEADER-80000-Puff-Wholesale-Disposable-Vape-768x768.webp",768,768,true],"large":["https:\/\/vapebulkp.com\/wp-content\/uploads\/2025\/05\/Bang-LEADER-80000-Puff-Wholesale-Disposable-Vape.webp",800,800,false],"1536x1536":["https:\/\/vapebulkp.com\/wp-content\/uploads\/2025\/05\/Bang-LEADER-80000-Puff-Wholesale-Disposable-Vape.webp",800,800,false],"2048x2048":["https:\/\/vapebulkp.com\/wp-content\/uploads\/2025\/05\/Bang-LEADER-80000-Puff-Wholesale-Disposable-Vape.webp",800,800,false],"trp-custom-language-flag":["https:\/\/vapebulkp.com\/wp-content\/uploads\/2025\/05\/Bang-LEADER-80000-Puff-Wholesale-Disposable-Vape.webp",12,12,false],"woocommerce_thumbnail":["https:\/\/vapebulkp.com\/wp-content\/uploads\/2025\/05\/Bang-LEADER-80000-Puff-Wholesale-Disposable-Vape-300x300.webp",300,300,true],"woocommerce_single":["https:\/\/vapebulkp.com\/wp-content\/uploads\/2025\/05\/Bang-LEADER-80000-Puff-Wholesale-Disposable-Vape-600x600.webp",600,600,true],"woocommerce_gallery_thumbnail":["https:\/\/vapebulkp.com\/wp-content\/uploads\/2025\/05\/Bang-LEADER-80000-Puff-Wholesale-Disposable-Vape-100x100.webp",100,100,true],"wcpr-photo-reviews":["https:\/\/vapebulkp.com\/wp-content\/uploads\/2025\/05\/Bang-LEADER-80000-Puff-Wholesale-Disposable-Vape.webp",500,500,false]},"uagb_author_info":{"display_name":"Mandy vape bulk price","author_link":"https:\/\/vapebulkp.com\/sv\/author\/"},"uagb_comment_info":0,"uagb_excerpt":"Bang LEADER 80000 Puffs 3-in-1 Disposable Vape with switchable flavors, mesh coil, LED puff counter &amp; 850mAh rechargeable battery. Ideal for long use, wholesale orders, and EU vape resellers. Pls Contact Mandy's WhatsApp For Discount Price+8618077105796 NOTE: Prices on our website does not include shipping costs &nbsp;","_links":{"self":[{"href":"https:\/\/vapebulkp.com\/sv\/wp-json\/wp\/v2\/product\/3768","targetHints":{"allow":["GET"]}}],"collection":[{"href":"https:\/\/vapebulkp.com\/sv\/wp-json\/wp\/v2\/product"}],"about":[{"href":"https:\/\/vapebulkp.com\/sv\/wp-json\/wp\/v2\/types\/product"}],"replies":[{"embeddable":true,"href":"https:\/\/vapebulkp.com\/sv\/wp-json\/wp\/v2\/comments?post=3768"}],"wp:featuredmedia":[{"embeddable":true,"href":"https:\/\/vapebulkp.com\/sv\/wp-json\/wp\/v2\/media\/3762"}],"wp:attachment":[{"href":"https:\/\/vapebulkp.com\/sv\/wp-json\/wp\/v2\/media?parent=3768"}],"wp:term":[{"taxonomy":"product_cat","embeddable":true,"href":"https:\/\/vapebulkp.com\/sv\/wp-json\/wp\/v2\/product_cat?post=3768"},{"taxonomy":"product_tag","embeddable":true,"href":"https:\/\/vapebulkp.com\/sv\/wp-json\/wp\/v2\/product_tag?post=3768"}],"curies":[{"name":"wp","href":"https:\/\/api.w.org\/{rel}","templated":true}]}}