{"id":3785,"date":"2025-05-23T10:30:15","date_gmt":"2025-05-23T08:30:15","guid":{"rendered":"https:\/\/vapebulkp.com\/?post_type=product&#038;p=3785"},"modified":"2025-09-24T05:56:31","modified_gmt":"2025-09-24T03:56:31","slug":"bang-blaze-60000-puffs-4-in1-disposable-vape-for-wholesale-price","status":"publish","type":"product","link":"https:\/\/vapebulkp.com\/sv\/produkt\/bang-blaze-60000-puffs-4-in1-disposable-vape-for-wholesale-price\/","title":{"rendered":"Bang Blaze 60000 Puffar 4 I 1 Eng\u00e5ngsvape Till Grossistpris"},"content":{"rendered":"<h2 style=\"text-align: left\">Bang Blaze 60000 Puffar 4 I 1 Eng\u00e5ngsvape Till Grossistpris<\/h2>\n<p>Bang Blaze <a href=\"https:\/\/vapebulkp.com\/sv\/produkt-kategori\/60000-puffs-disposable-vape\/\">60000 Puffar eng\u00e5ngs vape<\/a> marknaden genom att kombinera o\u00f6vertr\u00e4ffad kapacitet med revolutionerande teknologi. Denna n\u00e4sta generations vape-penna \u00e4r konstruerad f\u00f6r vapers som kr\u00e4ver b\u00e5de m\u00e5ngsidighet och prestanda. Den har ett innovativt 4-i-1 smaksystem med fyra oberoende e-v\u00e4tsketankar, vilket g\u00f6r att du omedelbart kan byta smaker f\u00f6r en dynamisk och engagerande upplevelse.<\/p>\n<p>Denna vape med h\u00f6gt antal puffar \u00e4r byggd f\u00f6r extrem livsl\u00e4ngd. Med en massiv 60 ml e-v\u00e4tskekapacitet och monumentala 60 000 puffar st\u00e5r Bang Blaze 60K som en f\u00f6rstklassig l\u00e5ngvarig vape. Den ger konsekvent tillfredsst\u00e4llelse utan kr\u00e5ngel med p\u00e5fyllningar, vilket g\u00f6r den till ett p\u00e5litligt val f\u00f6r alla anv\u00e4ndare.<\/p>\n<p>Drivs av ett robust 650mAh uppladdningsbart batteri och en Type-C snabbladdningsport, s\u00e4kerst\u00e4ller denna enhet minimal nedtid. Den integrerade smarta LED-sk\u00e4rmen ger dig realtidsuppdateringar om batteritid och puffantal, vilket ger modern bekv\u00e4mlighet till dina sessioner. Inuti garanterar Quad Mesh Coil-teknologin f\u00f6rb\u00e4ttrad smak och en j\u00e4mn leverans av nikotinsalt. Bang Blaze 60K \u00e4r den definitiva h\u00f6gkapacitets mesh coil-vape f\u00f6r dem som s\u00f6ker det b\u00e4sta inom smak, teknologi och uth\u00e5llighet.<\/p>\n<h6>Kontakta Mandy via WhatsApp f\u00f6r rabatterat pris<a href=\"https:\/\/wa.me\/8618077105796\">+8618077105796<\/a><\/h6>\n<p><img decoding=\"async\" class=\"alignnone wp-image-2151\" src=\"http:\/\/vapebulkp.com\/wp-content\/uploads\/2024\/04\/Mandy-WhatsApp-Randm.jpg\" alt=\"Mandy WhatsApp Randm\" width=\"324\" height=\"330\" \/><\/p>\n<div class=\"flex max-w-full flex-col flex-grow\">\n<div class=\"min-h-8 text-message flex w-full flex-col items-end gap-2 whitespace-normal break-words text-start [.text-message+&amp;]:mt-5\" dir=\"auto\" data-message-author-role=\"assistant\" data-message-id=\"d24cf626-c018-4805-80f5-44de047f2ba0\" data-message-model-slug=\"gpt-4o\">\n<div class=\"flex w-full flex-col gap-1 empty:hidden first:pt-[3px]\">\n<div class=\"markdown prose w-full break-words dark:prose-invert light\">\n<h2>Varf\u00f6r k\u00f6pa Bang Blaze 60000 Puffar Mesh Coil Vape hos <a href=\"https:\/\/vapebulkp.com\/sv\/vape-shop\/\">Vapebulkp.com<\/a>?<\/h2>\n<p data-start=\"217\" data-end=\"570\">Att v\u00e4lja Vapebulkp.com f\u00f6r att k\u00f6pa din Bang Blaze 60000 Puffar Mesh Coil Vape inneb\u00e4r att du f\u00e5r mer \u00e4n bara en premium eng\u00e5ngs vape-enhet. Vi erbjuder <strong data-start=\"367\" data-end=\"389\">autentiska produkter<\/strong> direkt fr\u00e5n betrodda tillverkare, vilket s\u00e4kerst\u00e4ller kvalitet och s\u00e4kerhet. V\u00e5ra konkurrenskraftiga grossistpriser g\u00f6r det prisv\u00e4rt oavsett om du k\u00f6per f\u00f6r personligt bruk eller f\u00f6r grossistf\u00f6rs\u00e4ljning.<\/p>\n<p data-start=\"572\" data-end=\"917\">P\u00e5 Vapebulkp.com, njut av <strong data-start=\"596\" data-end=\"627\">snabb leverans \u00f6ver hela Europa<\/strong>, p\u00e5litligt kundst\u00f6d och detaljerad produktinformation f\u00f6r att hj\u00e4lpa dig att g\u00f6ra det b\u00e4sta vape-valet. Vi erbjuder ett brett utbud av <strong data-start=\"757\" data-end=\"793\">eng\u00e5ngsvapes med h\u00f6gt puffantal<\/strong>, inklusive den innovativa Bang Blaze 4-i-1 med quad mesh coil-teknologi, uppladdningsbart batteri och alternativ med flera smaker.<\/p>\n<p data-start=\"919\" data-end=\"1146\">Handla med f\u00f6rtroende med s\u00e4kra betalningsalternativ och en problemfri returpolicy. Vapebulkp.com \u00e4r din p\u00e5litliga partner f\u00f6r <strong data-start=\"1039\" data-end=\"1080\">premium uppladdningsbara eng\u00e5ngsvapes<\/strong> designade f\u00f6r smakvariation och l\u00e5ngvarig vaping-tillfredsst\u00e4llelse.<\/p>\n<\/div>\n<\/div>\n<\/div>\n<\/div>\n<h2>Bang Vape Blaze 60000 h\u00f6g puff vape Nyckelspecifikationer:<\/h2>\n<ul data-start=\"276\" data-end=\"1054\">\n<li data-start=\"276\" data-end=\"356\">\n<p data-start=\"278\" data-end=\"356\"><strong data-start=\"278\" data-end=\"292\">Antal bloss<\/strong>: Upp till 60 000 puffar f\u00f6r l\u00e5ngvarig, h\u00f6gpresterande vaping<\/p>\n<\/li>\n<li data-start=\"357\" data-end=\"438\">\n<p data-start=\"359\" data-end=\"438\"><strong data-start=\"359\" data-end=\"380\">E-v\u00e4tskekapacitet<\/strong>: F\u00f6rfylld med 60 ml premium nikotinsalt e-v\u00e4tska<\/p>\n<\/li>\n<li data-start=\"439\" data-end=\"518\">\n<p data-start=\"441\" data-end=\"518\"><strong data-start=\"441\" data-end=\"461\">Batterikapacitet<\/strong>: Inbyggt 650mAh uppladdningsbart batteri f\u00f6r ut\u00f6kad anv\u00e4ndning<\/p>\n<\/li>\n<li data-start=\"519\" data-end=\"601\">\n<p data-start=\"521\" data-end=\"601\"><strong data-start=\"521\" data-end=\"538\">Laddningsport<\/strong>: Typ-C snabbladdning f\u00f6r bekv\u00e4m och effektiv laddning<\/p>\n<\/li>\n<li data-start=\"602\" data-end=\"692\">\n<p data-start=\"604\" data-end=\"692\"><strong data-start=\"604\" data-end=\"617\">Coiltyp<\/strong>: Avancerad Quad Mesh Coil f\u00f6r mjukare \u00e5nga och f\u00f6rb\u00e4ttrad smakleverans<\/p>\n<\/li>\n<li data-start=\"693\" data-end=\"780\">\n<p data-start=\"695\" data-end=\"780\"><strong data-start=\"695\" data-end=\"713\">Display Sk\u00e4rm<\/strong>: Smart LED-sk\u00e4rm som visar batteriniv\u00e5 i realtid och puffantal<\/p>\n<\/li>\n<li data-start=\"781\" data-end=\"880\">\n<p data-start=\"783\" data-end=\"880\"><strong data-start=\"783\" data-end=\"812\">Nikotinstyrkealternativ<\/strong>: Finns i 0%, 2%, 3% och 5% f\u00f6r att passa en m\u00e4ngd olika preferenser<\/p>\n<\/li>\n<li data-start=\"881\" data-end=\"970\">\n<p data-start=\"883\" data-end=\"970\"><strong data-start=\"883\" data-end=\"900\">Enhetens Vikt<\/strong>: Cirka 150g (inklusive f\u00f6rpackning), l\u00e4tt och portabel<\/p>\n<\/li>\n<li data-start=\"971\" data-end=\"1054\">\n<p data-start=\"973\" data-end=\"1054\"><strong data-start=\"973\" data-end=\"987\">M\u00e5tt<\/strong>: Cirka 120 mm \u00d7 30 mm \u00d7 30 mm, designad f\u00f6r ergonomisk komfort<\/p>\n<\/li>\n<\/ul>\n<h2><strong>Bang Blaze 60k 4 i 1 Vape Pods Smaklista<\/strong><\/h2>\n<p class=\"selectable-text copyable-text x15bjb6t x1n2onr6\" dir=\"ltr\">1. Bl\u00e5b\u00e4rsis<br \/>\n2. Bl\u00e5b\u00e4r Hallon<br \/>\n3. Bl\u00e5b\u00e4r Hallon<br \/>\n4. Energidryck<br \/>\n5. Energidryck<br \/>\n6. Jordgubbe Mango<br \/>\n7. Jordgubbe Mango<br \/>\n8. Jordgubb Vattenmelon<br \/>\n9. Jordgubb Vattenmelon<br \/>\n10. Vattenmelon Is<br \/>\n11. Vattenmelon Is<br \/>\n12. Bl\u00e5b\u00e4r Is<\/p>\n<p><span style=\"vertical-align: inherit\">Hitta fler produkter du kanske gillar:<\/span><em><a href=\"https:\/\/wa.me\/8618077105796\"><span style=\"vertical-align: inherit\">\u00a0K\u00f6p nu<\/span><\/a><\/em><\/p>\n<p><span style=\"vertical-align: inherit\">Andra Puffs du kanske gillar:<\/span><a href=\"https:\/\/vapebulkp.com\/sv\/produkt\/vopk-60000-puffs-top-sale-disposable-vape-pen\/\"><span style=\"vertical-align: inherit\">VOPK 60000 bloss<\/span><\/a><span style=\"vertical-align: inherit\">\u3001<\/span><a href=\"https:\/\/vapebulkp.com\/sv\/produkt\/bang-king-45000-puffs-disposable-vape-best-selling-high-capacity\/\"><span style=\"vertical-align: inherit\">Bang King 45000 bloss<\/span><\/a><span style=\"vertical-align: inherit\">\/ <\/span><a href=\"https:\/\/vapebulkp.com\/sv\/produkt\/waspe-3in1-60000-puffs-disposable-vape-high-capacity\/\"><span style=\"vertical-align: inherit\">WASPE 3 i 1 60000 Puffs<\/span><\/a><span style=\"vertical-align: inherit\">\/<\/span><span style=\"vertical-align: inherit\">\u00a0<\/span><a href=\"https:\/\/vapebulkp.com\/sv\/produkt\/wholesale-price-bang-leader-80000-puffs-vape-device\/\"><span style=\"vertical-align: inherit\"> Bang Ledare 80000 Puffar\u00a0<\/span><\/a><\/p>\n<h3 class=\"\" data-start=\"62\" data-end=\"118\"><strong data-start=\"66\" data-end=\"118\">Bang Blaze 60000 Puffar uppladdningsbar eng\u00e5ngsvape FAQ<\/strong><\/h3>\n<p data-start=\"221\" data-end=\"444\"><strong data-start=\"221\" data-end=\"283\">F1: Hur m\u00e5nga bloss ger Bang Blaze 60000 vapen?<\/strong><br data-start=\"283\" data-end=\"286\" \/>S1: Bang Blaze uppladdningsbar eng\u00e5ngsvape erbjuder upp till 60 000 bloss, vilket g\u00f6r den l\u00e4mplig f\u00f6r l\u00e5ngvarig vaping utan behov av frekventa byten.<\/p>\n<p data-start=\"446\" data-end=\"632\"><strong data-start=\"446\" data-end=\"496\">F2: \u00c4r Bang Blaze 60000 vapen uppladdningsbar?<\/strong><br data-start=\"496\" data-end=\"499\" \/>A2: Ja, den har ett inbyggt uppladdningsbart batteri p\u00e5 650 mAh med en bekv\u00e4m Type-C-laddningsport f\u00f6r snabb och effektiv laddning.<\/p>\n<p data-start=\"634\" data-end=\"861\"><strong data-start=\"634\" data-end=\"704\">Fr\u00e5ga 3: Kan jag byta smaker p\u00e5 Bang Blaze 4-i-1 eng\u00e5ngsvape?<\/strong><br data-start=\"704\" data-end=\"707\" \/>A3: Absolut. Den h\u00e4r enheten har fyra oberoende tankar, vilket g\u00f6r att du omedelbart kan v\u00e4xla mellan fyra olika smaker utan att beh\u00f6va b\u00e4ra flera enheter.<\/p>\n<p data-start=\"1213\" data-end=\"1378\"><strong data-start=\"1213\" data-end=\"1268\">Fr\u00e5ga 6: Vilken typ av coil anv\u00e4nder Bang Blaze vape?<\/strong><br data-start=\"1268\" data-end=\"1271\" \/>A6: Den \u00e4r utrustad med avancerade quad mesh coils som levererar mjuk \u00e5nga och rik smak med varje bloss.<\/p>\n<p data-start=\"1380\" data-end=\"1520\"><strong data-start=\"1380\" data-end=\"1423\">Fr\u00e5ga 7: Hur stor \u00e4r e-v\u00e4tskekapaciteten f\u00f6r bang blaze 60k puffar?<\/strong><br data-start=\"1423\" data-end=\"1426\" \/>A7: Vapen inneh\u00e5ller 60 ml h\u00f6gkvalitativ f\u00f6rfylld nikotinsalt e-v\u00e4tska f\u00f6r ut\u00f6kad anv\u00e4ndning.<\/p>\n<p data-start=\"1522\" data-end=\"1735\"><strong data-start=\"1522\" data-end=\"1574\">Fr\u00e5ga 8: \u00c4r denna eng\u00e5ngsvape l\u00e4mplig f\u00f6r resor?<\/strong><br data-start=\"1574\" data-end=\"1577\" \/>A8: Ja, trots sin stora kapacitet och avancerade funktioner \u00e4r Bang Blaze 60000 vape kompakt och b\u00e4rbar, vilket g\u00f6r den idealisk f\u00f6r resor och vaping p\u00e5 spr\u00e5ng.<\/p>\n<h3>Leveransdetaljer:<\/h3>\n<p><span style=\"color: #ff6600\">Produktionstid: 5-10 arbetsdagar<\/span><br \/>\n<span style=\"color: #ff6600\">Leveranstid: 8-14 arbetsdagar<\/span><\/p>\n<p>Alla produkter i v\u00e5r butik \u00e4r 100% originala och autentiska, d\u00e4rf\u00f6r \u00e4r Tiofaldig ers\u00e4ttning f\u00f6r falska varor v\u00e5r butikspolicy. Vi anv\u00e4nder logistikkanaler som UPS\/DHL\/FEDEX\/DPD f\u00f6r att leverera varor till dig.<\/p>\n<p>F\u00f6r paket som skickas inom Sverige tar det vanligtvis 10 arbetsdagar att anl\u00e4nda. Leveranser till andra europeiska l\u00e4nder tar vanligtvis 12 till 15 arbetsdagar att anl\u00e4nda. Vi uppdaterar logistikinformationen f\u00f6r dig i realtid.<\/p>","protected":false},"excerpt":{"rendered":"<p class=\"\" data-start=\"121\" data-end=\"211\">Bang Blaze 60K 4in1 vape erbjuder l\u00e5ngvarig vaping med 60 ml e-v\u00e4tska, uppladdningsbart batteri, smart LED-display, nikotinstyrkor och premium mesh coil-teknologi.<\/p>\n<p>Kontakta Mandy via WhatsApp f\u00f6r rabatterat pris<a href=\"https:\/\/wa.me\/8618077105796\">+8618077105796<\/a><\/p>\n<p><img decoding=\"async\" class=\"alignnone wp-image-2151\" src=\"http:\/\/vapebulkp.com\/wp-content\/uploads\/2024\/04\/Mandy-WhatsApp-Randm.jpg\" alt=\"Mandy WhatsApp Randm\" width=\"297\" height=\"316\" srcset=\"https:\/\/vapebulkp.com\/wp-content\/uploads\/2024\/04\/Mandy-WhatsApp-Randm.jpg 916w, https:\/\/vapebulkp.com\/wp-content\/uploads\/2024\/04\/Mandy-WhatsApp-Randm-282x300.jpg 282w, https:\/\/vapebulkp.com\/wp-content\/uploads\/2024\/04\/Mandy-WhatsApp-Randm-768x817.jpg 768w, https:\/\/vapebulkp.com\/wp-content\/uploads\/2024\/04\/Mandy-WhatsApp-Randm-600x638.jpg 600w\" sizes=\"(max-width: 297px) 100vw, 297px\" \/><\/p>\n<p><span style=\"color: #ff0000\">OBS: Priserna p\u00e5 v\u00e5r webbplats inkluderar inte fraktkostnader<\/span><\/p>\n<p>&nbsp;<\/p>","protected":false},"featured_media":3781,"comment_status":"open","ping_status":"closed","template":"","meta":{"_uag_custom_page_level_css":"","_lmt_disableupdate":"no","_lmt_disable":"","site-sidebar-layout":"default","site-content-layout":"content-boxed-container","ast-site-content-layout":"normal-width-container","site-content-style":"boxed","site-sidebar-style":"unboxed","ast-global-header-display":"","ast-banner-title-visibility":"","ast-main-header-display":"","ast-hfb-above-header-display":"","ast-hfb-below-header-display":"","ast-hfb-mobile-header-display":"","site-post-title":"","ast-breadcrumbs-content":"","ast-featured-img":"","footer-sml-layout":"","theme-transparent-header-meta":"default","adv-header-id-meta":"","stick-header-meta":"","header-above-stick-meta":"","header-main-stick-meta":"","header-below-stick-meta":"","astra-migrate-meta-layouts":"set","_joinchat":[]},"product_cat":[234,153,345,155,33,59,100,34,158,157,154,152,58,84,156,63,32],"product_tag":[250,36,37,41,286,40],"class_list":["post-3785","product","type-product","status-publish","has-post-thumbnail","hentry","product_cat-60000-puffs-disposable-vape","product_cat-hot-disposable-vapes","product_cat-bang-vapes","product_cat-belgium-hot-disposable-vapes","product_cat-france-vape-hot-sale","product_cat-germany-hot-disposable-vape","product_cat-germany-wholesale-vape-shop","product_cat-netherlands-vape-good-sale","product_cat-norway-hot-disposable-vapes","product_cat-poland-hot-disposable-vapes","product_cat-portugal-hot-disposable-vapes","product_cat-spain-hot-disposable-vapes","product_cat-sweden-hot-disposable-vape","product_cat-sweden-wholesale-vape","product_cat-switzerland-hot-disposable-vapes","product_cat-top-sale-disposable-vape","product_cat-vape-hot-sale-this-week","product_tag-bang-blaze-60000-puffs","product_tag-good-vape","product_tag-hot-sale-disposable-vape","product_tag-poland-hot-vape","product_tag-puffs-stock-in-europe","product_tag-sweden-hot-vape","pa_brand-bang-vape","desktop-align-left","tablet-align-left","mobile-align-left"],"yoast_head":"<!-- This site is optimized with the Yoast SEO plugin v21.1 - https:\/\/yoast.com\/wordpress\/plugins\/seo\/ -->\n<title>Bang Blaze 60000 Puffs 4 In1 Disposable Vape For Wholesale Price - vapebulkp.com<\/title>\n<meta name=\"description\" content=\"Bang Blaze 60000 Puffs 4-in-1 Vape offers up to 60,000 puffs, 4 switchable flavors, 60ml e-liquid, mesh coil tech, and a rechargeable battery with LED display.\" \/>\n<meta name=\"robots\" content=\"index, follow, max-snippet:-1, max-image-preview:large, max-video-preview:-1\" \/>\n<link rel=\"canonical\" href=\"https:\/\/vapebulkp.com\/sv\/produkt\/bang-blaze-60000-puffs-4-in1-disposable-vape-for-wholesale-price\/\" \/>\n<meta property=\"og:locale\" content=\"sv_SE\" \/>\n<meta property=\"og:type\" content=\"article\" \/>\n<meta property=\"og:title\" content=\"Bang Blaze 60000 Puffs 4 In1 Disposable Vape For Wholesale Price - vapebulkp.com\" \/>\n<meta property=\"og:description\" content=\"Bang Blaze 60000 Puffs 4-in-1 Vape offers up to 60,000 puffs, 4 switchable flavors, 60ml e-liquid, mesh coil tech, and a rechargeable battery with LED display.\" \/>\n<meta property=\"og:url\" content=\"https:\/\/vapebulkp.com\/sv\/produkt\/bang-blaze-60000-puffs-4-in1-disposable-vape-for-wholesale-price\/\" \/>\n<meta property=\"og:site_name\" content=\"vapebulkp.com\" \/>\n<meta property=\"article:modified_time\" content=\"2025-09-24T03:56:31+00:00\" \/>\n<meta property=\"og:image\" content=\"http:\/\/vapebulkp.com\/wp-content\/uploads\/2025\/05\/Bang-Blaze-60K-4In1-Disposable-Vape-Hot-Sale-In-Germany.webp\" \/>\n\t<meta property=\"og:image:width\" content=\"800\" \/>\n\t<meta property=\"og:image:height\" content=\"800\" \/>\n\t<meta property=\"og:image:type\" content=\"image\/webp\" \/>\n<meta name=\"twitter:card\" content=\"summary_large_image\" \/>\n<meta name=\"twitter:label1\" content=\"Ber\u00e4knad l\u00e4stid\" \/>\n\t<meta name=\"twitter:data1\" content=\"5 minuter\" \/>\n<script type=\"application\/ld+json\" class=\"yoast-schema-graph\">{\"@context\":\"https:\/\/schema.org\",\"@graph\":[{\"@type\":\"WebPage\",\"@id\":\"https:\/\/vapebulkp.com\/product\/bang-blaze-60000-puffs-4-in1-disposable-vape-for-wholesale-price\/\",\"url\":\"https:\/\/vapebulkp.com\/product\/bang-blaze-60000-puffs-4-in1-disposable-vape-for-wholesale-price\/\",\"name\":\"Bang Blaze 60000 Puffs 4 In1 Disposable Vape For Wholesale Price - vapebulkp.com\",\"isPartOf\":{\"@id\":\"https:\/\/vapebulkp.com\/#website\"},\"datePublished\":\"2025-05-23T08:30:15+00:00\",\"dateModified\":\"2025-09-24T03:56:31+00:00\",\"description\":\"Bang Blaze 60000 Puffs 4-in-1 Vape offers up to 60,000 puffs, 4 switchable flavors, 60ml e-liquid, mesh coil tech, and a rechargeable battery with LED display.\",\"breadcrumb\":{\"@id\":\"https:\/\/vapebulkp.com\/product\/bang-blaze-60000-puffs-4-in1-disposable-vape-for-wholesale-price\/#breadcrumb\"},\"inLanguage\":\"sv-SE\",\"potentialAction\":[{\"@type\":\"ReadAction\",\"target\":[\"https:\/\/vapebulkp.com\/product\/bang-blaze-60000-puffs-4-in1-disposable-vape-for-wholesale-price\/\"]}]},{\"@type\":\"BreadcrumbList\",\"@id\":\"https:\/\/vapebulkp.com\/product\/bang-blaze-60000-puffs-4-in1-disposable-vape-for-wholesale-price\/#breadcrumb\",\"itemListElement\":[{\"@type\":\"ListItem\",\"position\":1,\"name\":\"Home\",\"item\":\"https:\/\/vapebulkp.com\/\"},{\"@type\":\"ListItem\",\"position\":2,\"name\":\"Hot Trend Vapes\",\"item\":\"https:\/\/vapebulkp.com\/vape-shop\/\"},{\"@type\":\"ListItem\",\"position\":3,\"name\":\"Bang Blaze 60000 Puffs 4 In1 Disposable Vape For Wholesale Price\"}]},{\"@type\":\"WebSite\",\"@id\":\"https:\/\/vapebulkp.com\/#website\",\"url\":\"https:\/\/vapebulkp.com\/\",\"name\":\"vapebulkp.com\",\"description\":\"Buy Vape In Cheap Bulk Price Near you\",\"publisher\":{\"@id\":\"https:\/\/vapebulkp.com\/#organization\"},\"potentialAction\":[{\"@type\":\"SearchAction\",\"target\":{\"@type\":\"EntryPoint\",\"urlTemplate\":\"https:\/\/vapebulkp.com\/?s={search_term_string}\"},\"query-input\":\"required name=search_term_string\"}],\"inLanguage\":\"sv-SE\"},{\"@type\":\"Organization\",\"@id\":\"https:\/\/vapebulkp.com\/#organization\",\"name\":\"vapebulkp.com\",\"url\":\"https:\/\/vapebulkp.com\/\",\"logo\":{\"@type\":\"ImageObject\",\"inLanguage\":\"sv-SE\",\"@id\":\"https:\/\/vapebulkp.com\/#\/schema\/logo\/image\/\",\"url\":\"https:\/\/vapebulkp.com\/wp-content\/uploads\/2023\/09\/cropped-vapebulkp.png\",\"contentUrl\":\"https:\/\/vapebulkp.com\/wp-content\/uploads\/2023\/09\/cropped-vapebulkp.png\",\"width\":516,\"height\":163,\"caption\":\"vapebulkp.com\"},\"image\":{\"@id\":\"https:\/\/vapebulkp.com\/#\/schema\/logo\/image\/\"}}]}<\/script>\n<!-- \/ Yoast SEO plugin. -->","yoast_head_json":{"title":"Bang Blaze 60000 Puffs 4 In1 Disposable Vape For Wholesale Price - vapebulkp.com","description":"Bang Blaze 60000 Puffs 4-in-1 Vape offers up to 60,000 puffs, 4 switchable flavors, 60ml e-liquid, mesh coil tech, and a rechargeable battery with LED display.","robots":{"index":"index","follow":"follow","max-snippet":"max-snippet:-1","max-image-preview":"max-image-preview:large","max-video-preview":"max-video-preview:-1"},"canonical":"https:\/\/vapebulkp.com\/sv\/produkt\/bang-blaze-60000-puffs-4-in1-disposable-vape-for-wholesale-price\/","og_locale":"sv_SE","og_type":"article","og_title":"Bang Blaze 60000 Puffs 4 In1 Disposable Vape For Wholesale Price - vapebulkp.com","og_description":"Bang Blaze 60000 Puffs 4-in-1 Vape offers up to 60,000 puffs, 4 switchable flavors, 60ml e-liquid, mesh coil tech, and a rechargeable battery with LED display.","og_url":"https:\/\/vapebulkp.com\/sv\/produkt\/bang-blaze-60000-puffs-4-in1-disposable-vape-for-wholesale-price\/","og_site_name":"vapebulkp.com","article_modified_time":"2025-09-24T03:56:31+00:00","og_image":[{"width":800,"height":800,"url":"http:\/\/vapebulkp.com\/wp-content\/uploads\/2025\/05\/Bang-Blaze-60K-4In1-Disposable-Vape-Hot-Sale-In-Germany.webp","type":"image\/webp"}],"twitter_card":"summary_large_image","twitter_misc":{"Ber\u00e4knad l\u00e4stid":"5 minuter"},"schema":{"@context":"https:\/\/schema.org","@graph":[{"@type":"WebPage","@id":"https:\/\/vapebulkp.com\/product\/bang-blaze-60000-puffs-4-in1-disposable-vape-for-wholesale-price\/","url":"https:\/\/vapebulkp.com\/product\/bang-blaze-60000-puffs-4-in1-disposable-vape-for-wholesale-price\/","name":"Bang Blaze 60000 Puffs 4 In1 Disposable Vape For Wholesale Price - vapebulkp.com","isPartOf":{"@id":"https:\/\/vapebulkp.com\/#website"},"datePublished":"2025-05-23T08:30:15+00:00","dateModified":"2025-09-24T03:56:31+00:00","description":"Bang Blaze 60000 Puffs 4-in-1 Vape offers up to 60,000 puffs, 4 switchable flavors, 60ml e-liquid, mesh coil tech, and a rechargeable battery with LED display.","breadcrumb":{"@id":"https:\/\/vapebulkp.com\/product\/bang-blaze-60000-puffs-4-in1-disposable-vape-for-wholesale-price\/#breadcrumb"},"inLanguage":"sv-SE","potentialAction":[{"@type":"ReadAction","target":["https:\/\/vapebulkp.com\/product\/bang-blaze-60000-puffs-4-in1-disposable-vape-for-wholesale-price\/"]}]},{"@type":"BreadcrumbList","@id":"https:\/\/vapebulkp.com\/product\/bang-blaze-60000-puffs-4-in1-disposable-vape-for-wholesale-price\/#breadcrumb","itemListElement":[{"@type":"ListItem","position":1,"name":"Home","item":"https:\/\/vapebulkp.com\/"},{"@type":"ListItem","position":2,"name":"Hot Trend Vapes","item":"https:\/\/vapebulkp.com\/vape-shop\/"},{"@type":"ListItem","position":3,"name":"Bang Blaze 60000 Puffs 4 In1 Disposable Vape For Wholesale Price"}]},{"@type":"WebSite","@id":"https:\/\/vapebulkp.com\/#website","url":"https:\/\/vapebulkp.com\/","name":"vapebulkp.com","description":"Buy Vape In Cheap Bulk Price Near you","publisher":{"@id":"https:\/\/vapebulkp.com\/#organization"},"potentialAction":[{"@type":"SearchAction","target":{"@type":"EntryPoint","urlTemplate":"https:\/\/vapebulkp.com\/?s={search_term_string}"},"query-input":"required name=search_term_string"}],"inLanguage":"sv-SE"},{"@type":"Organization","@id":"https:\/\/vapebulkp.com\/#organization","name":"vapebulkp.com","url":"https:\/\/vapebulkp.com\/","logo":{"@type":"ImageObject","inLanguage":"sv-SE","@id":"https:\/\/vapebulkp.com\/#\/schema\/logo\/image\/","url":"https:\/\/vapebulkp.com\/wp-content\/uploads\/2023\/09\/cropped-vapebulkp.png","contentUrl":"https:\/\/vapebulkp.com\/wp-content\/uploads\/2023\/09\/cropped-vapebulkp.png","width":516,"height":163,"caption":"vapebulkp.com"},"image":{"@id":"https:\/\/vapebulkp.com\/#\/schema\/logo\/image\/"}}]}},"uagb_featured_image_src":{"full":["https:\/\/vapebulkp.com\/wp-content\/uploads\/2025\/05\/Bang-Blaze-60K-4In1-Disposable-Vape-Hot-Sale-In-Germany.webp",800,800,false],"thumbnail":["https:\/\/vapebulkp.com\/wp-content\/uploads\/2025\/05\/Bang-Blaze-60K-4In1-Disposable-Vape-Hot-Sale-In-Germany-150x150.webp",150,150,true],"medium":["https:\/\/vapebulkp.com\/wp-content\/uploads\/2025\/05\/Bang-Blaze-60K-4In1-Disposable-Vape-Hot-Sale-In-Germany-300x300.webp",300,300,true],"medium_large":["https:\/\/vapebulkp.com\/wp-content\/uploads\/2025\/05\/Bang-Blaze-60K-4In1-Disposable-Vape-Hot-Sale-In-Germany-768x768.webp",768,768,true],"large":["https:\/\/vapebulkp.com\/wp-content\/uploads\/2025\/05\/Bang-Blaze-60K-4In1-Disposable-Vape-Hot-Sale-In-Germany.webp",800,800,false],"1536x1536":["https:\/\/vapebulkp.com\/wp-content\/uploads\/2025\/05\/Bang-Blaze-60K-4In1-Disposable-Vape-Hot-Sale-In-Germany.webp",800,800,false],"2048x2048":["https:\/\/vapebulkp.com\/wp-content\/uploads\/2025\/05\/Bang-Blaze-60K-4In1-Disposable-Vape-Hot-Sale-In-Germany.webp",800,800,false],"trp-custom-language-flag":["https:\/\/vapebulkp.com\/wp-content\/uploads\/2025\/05\/Bang-Blaze-60K-4In1-Disposable-Vape-Hot-Sale-In-Germany.webp",12,12,false],"woocommerce_thumbnail":["https:\/\/vapebulkp.com\/wp-content\/uploads\/2025\/05\/Bang-Blaze-60K-4In1-Disposable-Vape-Hot-Sale-In-Germany-300x300.webp",300,300,true],"woocommerce_single":["https:\/\/vapebulkp.com\/wp-content\/uploads\/2025\/05\/Bang-Blaze-60K-4In1-Disposable-Vape-Hot-Sale-In-Germany-600x600.webp",600,600,true],"woocommerce_gallery_thumbnail":["https:\/\/vapebulkp.com\/wp-content\/uploads\/2025\/05\/Bang-Blaze-60K-4In1-Disposable-Vape-Hot-Sale-In-Germany-100x100.webp",100,100,true],"wcpr-photo-reviews":["https:\/\/vapebulkp.com\/wp-content\/uploads\/2025\/05\/Bang-Blaze-60K-4In1-Disposable-Vape-Hot-Sale-In-Germany.webp",500,500,false]},"uagb_author_info":{"display_name":"Mandy vape bulk price","author_link":"https:\/\/vapebulkp.com\/sv\/author\/"},"uagb_comment_info":0,"uagb_excerpt":"Bang Blaze 60K 4in1 vape offers long lasting vaping with 60ml e liquid rechargeable battery smart LED display nicotine salt strengths and premium mesh coil technology. Pls Contact Mandy's WhatsApp For Discount Price+8618077105796 NOTE: Prices on our website does not include shipping costs &nbsp;","_links":{"self":[{"href":"https:\/\/vapebulkp.com\/sv\/wp-json\/wp\/v2\/product\/3785","targetHints":{"allow":["GET"]}}],"collection":[{"href":"https:\/\/vapebulkp.com\/sv\/wp-json\/wp\/v2\/product"}],"about":[{"href":"https:\/\/vapebulkp.com\/sv\/wp-json\/wp\/v2\/types\/product"}],"replies":[{"embeddable":true,"href":"https:\/\/vapebulkp.com\/sv\/wp-json\/wp\/v2\/comments?post=3785"}],"wp:featuredmedia":[{"embeddable":true,"href":"https:\/\/vapebulkp.com\/sv\/wp-json\/wp\/v2\/media\/3781"}],"wp:attachment":[{"href":"https:\/\/vapebulkp.com\/sv\/wp-json\/wp\/v2\/media?parent=3785"}],"wp:term":[{"taxonomy":"product_cat","embeddable":true,"href":"https:\/\/vapebulkp.com\/sv\/wp-json\/wp\/v2\/product_cat?post=3785"},{"taxonomy":"product_tag","embeddable":true,"href":"https:\/\/vapebulkp.com\/sv\/wp-json\/wp\/v2\/product_tag?post=3785"}],"curies":[{"name":"wp","href":"https:\/\/api.w.org\/{rel}","templated":true}]}}