{"id":3910,"date":"2025-07-03T10:52:49","date_gmt":"2025-07-03T08:52:49","guid":{"rendered":"https:\/\/vapebulkp.com\/?post_type=product&#038;p=3910"},"modified":"2025-09-24T05:01:15","modified_gmt":"2025-09-24T03:01:15","slug":"bood-lumo-60000-puffs-best-price-disposable-vape-2-5-nicotine","status":"publish","type":"product","link":"https:\/\/vapebulkp.com\/sv\/product\/bood-lumo-60000-puffs-best-price-disposable-vape-2-5-nicotine\/","title":{"rendered":"BOOD LUMO 60000 Puffar B\u00e4sta Pris Eng\u00e5ngs Vape 2% 5% Nikotin"},"content":{"rendered":"<h2>BOOD LUMO 60000 Puffar B\u00e4sta Pris Eng\u00e5ngs Vape 2% 5% Nikotin<\/h2>\n<p>Den <b>BOOD LUMO <a href=\"https:\/\/vapebulkp.com\/sv\/product-category\/60000-puffs-disposable-vape\/\">60000 bloss eng\u00e5ngsvape<\/a><\/b> omdefinierar prestanda och v\u00e4rde. Konstruerad speciellt f\u00f6r den kr\u00e4sna svenska marknaden, denna <b>eng\u00e5ngsvape med h\u00f6g kapacitet<\/b> levererar en o\u00f6vertr\u00e4ffad <b>60 000 bloss<\/b> i en enda enhet. Det \u00e4r det definitiva valet f\u00f6r b\u00e5de personligt bruk och f\u00f6r \u00e5terf\u00f6rs\u00e4ljare som s\u00f6ker en p\u00e5litlig, <b>l\u00e5ngvarig vape<\/b> som sticker ut fr\u00e5n konkurrenterna.<\/p>\n<p>Denna enhet drivs av en avancerad <b>dubbel mesh coil vape<\/b> teknik, noggrant utformad f\u00f6r att producera t\u00e4t \u00e5nga och fyllig, konsekvent smak fr\u00e5n f\u00f6rsta till sista puffen. Den gener\u00f6sa 18 ml f\u00f6rfyllda tanken \u00e4r fylld med f\u00f6rstklassig e-v\u00e4tska, och dess m\u00e5ngsidighet \u00e4r o\u00f6vertr\u00e4ffad med <b>2% och 5% nikotinsalt<\/b> alternativ, som tillgodoser ett brett utbud av anv\u00e4ndarpreferenser.<\/p>\n<p>Denna enhet erbjuder total kontroll, med ett integrerat justerbart luftfl\u00f6dessystem som l\u00e5ter anv\u00e4ndare anpassa sin dragning f\u00f6r en perfekt MTL- eller DTL-vejpingupplevelse. En smart LED-display ger realtidsuppdateringar om batteri- och e-v\u00e4tskestatus, medan den diskreta p\u00e5\/av-knappen ger ett extra lager av s\u00e4kerhet och bekv\u00e4mlighet, vilket g\u00f6r den till en idealisk <b>resev\u00e4nlig vape<\/b>.<\/p>\n<p>F\u00f6r <b>vape-grossist Sverige<\/b> k\u00f6pare \u00e4r BOOD LUMO ett strategiskt tillskott till din produktlinje. Som en p\u00e5litlig <b>vape-leverant\u00f6r<\/b>s\u00e4kerst\u00e4ller vi att denna premienenhet kommer att m\u00f6ta den h\u00f6ga efterfr\u00e5gan fr\u00e5n dina kunder.<\/p>\n<h6><span style=\"color: #ff0000\">Kontakta Mandy via WhatsApp f\u00f6r rabatterat pris<a style=\"color: #ff0000\" href=\"https:\/\/wa.me\/8618077105796\">+8618077105796<\/a><\/span><\/h6>\n<p><img decoding=\"async\" class=\"alignnone wp-image-2151\" src=\"http:\/\/vapebulkp.com\/wp-content\/uploads\/2024\/04\/Mandy-WhatsApp-Randm.jpg\" alt=\"Mandy WhatsApp Randm\" width=\"271\" height=\"289\" srcset=\"https:\/\/vapebulkp.com\/wp-content\/uploads\/2024\/04\/Mandy-WhatsApp-Randm.jpg 916w, https:\/\/vapebulkp.com\/wp-content\/uploads\/2024\/04\/Mandy-WhatsApp-Randm-282x300.jpg 282w, https:\/\/vapebulkp.com\/wp-content\/uploads\/2024\/04\/Mandy-WhatsApp-Randm-768x817.jpg 768w, https:\/\/vapebulkp.com\/wp-content\/uploads\/2024\/04\/Mandy-WhatsApp-Randm-600x638.jpg 600w\" sizes=\"(max-width: 271px) 100vw, 271px\" \/><\/p>\n<h2><strong>Varf\u00f6r k\u00f6pa eng\u00e5ngsvape Sverige BOOD LUMO 60000 Puffs hos <a href=\"https:\/\/vapebulkp.com\/sv\/\">Vapebulkp.com<\/a>?<\/strong><\/h2>\n<p data-start=\"64\" data-end=\"398\">Letar du efter <strong data-start=\"122\" data-end=\"177\">b\u00e4sta priset p\u00e5 BOOD LUMO 60000 Puffs Disposable Vape<\/strong>? Vapebulkp.com erbjuder <strong data-start=\"200\" data-end=\"236\">100 % autentiska BOOD LUMO-enheter<\/strong> med snabb leverans, grossistpriser och f\u00f6rstklassig kundsupport. Varje enhet levereras med upp till <strong data-start=\"333\" data-end=\"349\">60 000 bloss<\/strong>, <strong data-start=\"351\" data-end=\"380\">dubbel mesh-spiralteknik<\/strong>, en <strong data-start=\"385\" data-end=\"418\">18 ml f\u00f6rfylld e-v\u00e4tsketank<\/strong>, och en <strong data-start=\"426\" data-end=\"447\">smart LED-display<\/strong> f\u00f6r batteri- och v\u00e4tskeniv\u00e5er. Vi har b\u00e5de <strong data-start=\"493\" data-end=\"523\">2 % och 5 % nikotinalternativ<\/strong>, tydligt m\u00e4rkta och redo att skickas. Som en p\u00e5litlig vape-leverant\u00f6r garanterar Vapebulkp.com en s\u00e4ker utcheckning, verifierad produktkvalitet och p\u00e5litlig leverans. Oavsett om du \u00e4r en vape-\u00e5terf\u00f6rs\u00e4ljare, distribut\u00f6r eller personlig anv\u00e4ndare, erbjuder v\u00e5ra <strong data-start=\"743\" data-end=\"773\">BOOD LUMO eng\u00e5ngsvapes<\/strong> topprestanda och l\u00e5ngvarigt v\u00e4rde. Handla nu och f\u00f6rb\u00e4ttra din vapingupplevelse med Vapebulkp.com.<\/p>\n<div class=\"faqs-answer\">\n<h2 data-start=\"55\" data-end=\"63\">Vanliga fr\u00e5gor<\/h2>\n<p data-start=\"65\" data-end=\"223\"><strong data-start=\"65\" data-end=\"97\">Skickar ni internationellt?<\/strong><br data-start=\"97\" data-end=\"100\" \/>Ja, Vapebulkp.com skickar till de flesta l\u00e4nder v\u00e4rlden \u00f6ver och hanterar all tullklarering f\u00f6r att s\u00e4kerst\u00e4lla en smidig leveransprocess.<\/p>\n<p data-start=\"389\" data-end=\"542\"><strong data-start=\"389\" data-end=\"418\">Hur kan jag sp\u00e5ra min best\u00e4llning?<\/strong><br data-start=\"418\" data-end=\"421\" \/>N\u00e4r din best\u00e4llning har skickats f\u00e5r du ett sp\u00e5rningsnummer via e-post s\u00e5 att du enkelt kan \u00f6vervaka paketets status.<\/p>\n<p data-start=\"544\" data-end=\"699\"><strong data-start=\"544\" data-end=\"574\">Kan jag f\u00e5 snabbare leverans?<\/strong><br data-start=\"574\" data-end=\"577\" \/>F\u00f6r snabbare leverans rekommenderar vi att du best\u00e4ller fr\u00e5n v\u00e5rt europeiska lager som erbjuder snabbare hanterings- och leveranstider.<\/p>\n<p data-start=\"888\" data-end=\"1079\"><strong data-start=\"888\" data-end=\"950\">Vad ska jag g\u00f6ra om jag f\u00e5r en skadad eller felaktig produkt?<\/strong><br data-start=\"950\" data-end=\"953\" \/>Om du f\u00e5r en skadad eller defekt vara, v\u00e4nligen kontakta v\u00e5r kundtj\u00e4nst omedelbart f\u00f6r en ers\u00e4ttning eller l\u00f6sning.<\/p>\n<p data-start=\"1081\" data-end=\"1235\"><strong data-start=\"1081\" data-end=\"1125\">Hur kan jag kontakta er kundtj\u00e4nst?<\/strong><br data-start=\"1125\" data-end=\"1128\" \/>Du kan n\u00e5 oss via e-post, WhatsApp, eller via livechattfunktionen p\u00e5 v\u00e5r webbplats f\u00f6r snabb hj\u00e4lp.<\/p>\n<\/div>\n<h4><\/h4>\n<h2><span style=\"vertical-align: inherit\"><strong>BOOD LUMO 60000 Puff Mesh coil vape-enhet S<\/strong>pecifikationer\uff1a<\/span><\/h2>\n<p>&nbsp;<\/p>\n<ul>\n<li data-start=\"1795\" data-end=\"1838\">\n<p data-start=\"1797\" data-end=\"1838\">BOOD LUMO 60K \/ BOOD LUMO 60000 Puffar<\/p>\n<\/li>\n<li data-start=\"1839\" data-end=\"1880\">\n<p data-start=\"1841\" data-end=\"1880\">Eng\u00e5ngsvape \/ Uppladdningsbar Vape<\/p>\n<\/li>\n<li data-start=\"1881\" data-end=\"1942\">\n<p data-start=\"1883\" data-end=\"1942\">Dubbel Mesh-coil \/ Justerbart luftfl\u00f6de \/ Smart LED-display<\/p>\n<\/li>\n<li data-start=\"1943\" data-end=\"1974\">\n<p data-start=\"1945\" data-end=\"1974\">2 % Nikotin \/ 5 % Nikotin<\/p>\n<\/li>\n<li data-start=\"1975\" data-end=\"2033\">\n<p data-start=\"1977\" data-end=\"2033\">L\u00e5ngvarig Vape \/ B\u00e4sta pris Vape \/ Vape med h\u00f6g Puffs<\/p>\n<\/li>\n<li data-start=\"2034\" data-end=\"2074\">\n<p data-start=\"2036\" data-end=\"2074\">18 ml e-v\u00e4tska \/ nikotinsalt vape<\/p>\n<\/li>\n<li data-start=\"2075\" data-end=\"2138\">\n<p data-start=\"2077\" data-end=\"2138\">MTL<\/p>\n<\/li>\n<\/ul>\n<h2>B\u00e4sta nikotin vape BOOD LUMO 60000 Puffs smaklista:<\/h2>\n<p class=\"selectable-text copyable-text x15bjb6t x1n2onr6\" dir=\"ltr\">1. Vattenmelonis<br \/>\n2. Jordgubbsvattenmelon is<br \/>\n3. Bl\u00e5 hallon is<br \/>\n4.Druvis<br \/>\n5. Citron och lime<br \/>\n6. Trippelmelon<br \/>\n7. Bl\u00e5b\u00e4r hallon<br \/>\n8. Kiwi passionsfrukt guava<br \/>\n9.Jordgubb ice<br \/>\n10. Persikob\u00e4r<\/p>\n<p><span style=\"vertical-align: inherit\">Hitta fler produkter du kanske gillar:<\/span><em><a href=\"https:\/\/wa.me\/8618077105796\"><span style=\"vertical-align: inherit\">\u00a0K\u00f6p nu<\/span><\/a><\/em><\/p>\n<p><span style=\"vertical-align: inherit\">Andra Puffs du kanske gillar:<\/span><a href=\"https:\/\/vapebulkp.com\/sv\/product\/aivono-fat-bear-80000-puffs-3-flavors-modes-disposable-vape-bulk-wholesale\/\"><span style=\"vertical-align: inherit\">Aivono Fat Bear 80000 bloss<\/span><\/a><span style=\"vertical-align: inherit\">\u3001<\/span><a href=\"https:\/\/vapebulkp.com\/sv\/product\/vozol-rave-40000-puffs-hot-sale-nicotine-salt-disposable-vaporizer\/\"><span style=\"vertical-align: inherit\">Vozol Rave 40000 Puffar<\/span><\/a><\/p>\n<p><a href=\"https:\/\/vapebulkp.com\/sv\/product\/wholesale-vape-okso-60000-puffs-dual-flavor-disposable-device\/\"><span style=\"vertical-align: inherit\">OKSO 60000 bloss <\/span><\/a><span style=\"vertical-align: inherit\">\/ <\/span><a href=\"https:\/\/vapebulkp.com\/sv\/product\/okso-crystal-800-puffs-wholesale-price-vape-bar\/\"><span style=\"vertical-align: inherit\">OKSO Crystal 800 bloss<\/span><\/a><span style=\"vertical-align: inherit\">\/<\/span><a href=\"https:\/\/vapebulkp.com\/sv\/product\/bang-king-85000-puffs-hot-sale-3-in-1-flavors-disposable-vape\/\"><span style=\"vertical-align: inherit\">Bang King 85000 Puffar<\/span><\/a><\/p>\n<p>&nbsp;<\/p>\n<h2 data-start=\"55\" data-end=\"75\">Fraktmetoder<\/h2>\n<p data-start=\"77\" data-end=\"345\">P\u00e5 Vapebulkp.com samarbetar vi med ledande kurirer som UPS, DHL, FedEx och DPD f\u00f6r att erbjuda snabb och p\u00e5litlig frakt. Beroende p\u00e5 destinationsland v\u00e4ljer vi den l\u00e4mpligaste fraktmetoden f\u00f6r att s\u00e4kerst\u00e4lla att din best\u00e4llning anl\u00e4nder s\u00e5 snabbt och s\u00e4kert som m\u00f6jligt.<\/p>\n<ul data-start=\"347\" data-end=\"509\">\n<li data-start=\"347\" data-end=\"429\">\n<p data-start=\"349\" data-end=\"429\"><strong data-start=\"349\" data-end=\"383\">Frakt till Sverige:<\/strong> Tar vanligtvis cirka 10 dagar f\u00f6r leverans.<\/p>\n<\/li>\n<li data-start=\"430\" data-end=\"506\">\n<p data-start=\"432\" data-end=\"506\"><strong data-start=\"432\" data-end=\"467\">Frakt till europeiska l\u00e4nder:<\/strong> Tar vanligtvis mellan 12 till 15 dagar.<\/p>\n<\/li>\n<\/ul>\n<p data-start=\"510\" data-end=\"603\">Vi tillhandah\u00e5ller sp\u00e5rningsuppdateringar i realtid s\u00e5 att du kan \u00f6vervaka din leverans hela v\u00e4gen.<\/p>\n<p data-start=\"605\" data-end=\"856\">F\u00f6r att erbjuda dig en problemfri shoppingupplevelse hanterar vi alla tullklareringsprocedurer f\u00f6r din r\u00e4kning. Det finns inga extra skatter eller avgifter att oroa sig f\u00f6r, och vi garanterar att 100% av v\u00e5ra f\u00f6rs\u00e4ndelser framg\u00e5ngsrikt klarar tullen utan n\u00e5gra problem.<\/p>\n<p data-start=\"858\" data-end=\"956\">Handla tryggt p\u00e5 Vapebulkp.com med vetskapen om att din best\u00e4llning \u00e4r i experth\u00e4nder fr\u00e5n kassan till leverans.<\/p>","protected":false},"excerpt":{"rendered":"<p data-start=\"138\" data-end=\"318\">K\u00f6p \u00e4kta BOOD LUMO 60000 Puffs Eng\u00e5ngsvape med dubbla mesh-coils, 18 ml e-v\u00e4tska och justerbart luftfl\u00f6de. Finns i 2%<\/p>\n<p>Kontakta Mandy via WhatsApp f\u00f6r rabatterat pris<a href=\"https:\/\/wa.me\/8618077105796\">+8618077105796<\/a><\/p>\n<p><img decoding=\"async\" class=\"alignnone wp-image-2151\" src=\"http:\/\/vapebulkp.com\/wp-content\/uploads\/2024\/04\/Mandy-WhatsApp-Randm.jpg\" alt=\"Mandy WhatsApp Randm\" width=\"297\" height=\"316\" srcset=\"https:\/\/vapebulkp.com\/wp-content\/uploads\/2024\/04\/Mandy-WhatsApp-Randm.jpg 916w, https:\/\/vapebulkp.com\/wp-content\/uploads\/2024\/04\/Mandy-WhatsApp-Randm-282x300.jpg 282w, https:\/\/vapebulkp.com\/wp-content\/uploads\/2024\/04\/Mandy-WhatsApp-Randm-768x817.jpg 768w, https:\/\/vapebulkp.com\/wp-content\/uploads\/2024\/04\/Mandy-WhatsApp-Randm-600x638.jpg 600w\" sizes=\"(max-width: 297px) 100vw, 297px\" \/><\/p>\n<p><span style=\"color: #ff0000\">OBS: Priserna p\u00e5 v\u00e5r webbplats inkluderar inte fraktkostnader<\/span><\/p>\n<p>Huvudanledningar till k\u00f6p<br \/>\n1. Utm\u00e4rkt kvalitet och o\u00f6vertr\u00e4ffad prestanda.<\/p>\n<p>2. Konkurrenskraftigt pris och snabbt v\u00e4rde.<\/p>\n<p>3. Flera alternativ och snabb leverans.<\/p>\n<p>4. En tillfredsst\u00e4llande shoppingupplevelse<\/p>","protected":false},"featured_media":3902,"comment_status":"open","ping_status":"closed","template":"","meta":{"_uag_custom_page_level_css":"","_lmt_disableupdate":"no","_lmt_disable":"","site-sidebar-layout":"default","site-content-layout":"content-boxed-container","ast-site-content-layout":"normal-width-container","site-content-style":"boxed","site-sidebar-style":"unboxed","ast-global-header-display":"","ast-banner-title-visibility":"","ast-main-header-display":"","ast-hfb-above-header-display":"","ast-hfb-below-header-display":"","ast-hfb-mobile-header-display":"","site-post-title":"","ast-breadcrumbs-content":"","ast-featured-img":"","footer-sml-layout":"","theme-transparent-header-meta":"default","adv-header-id-meta":"","stick-header-meta":"","header-above-stick-meta":"","header-main-stick-meta":"","header-below-stick-meta":"","astra-migrate-meta-layouts":"set","_joinchat":[]},"product_cat":[234,153,155,346,33,59,100,87,34,158,157,154,152,58,84,156,63,32],"product_tag":[265,36,37,41,40],"class_list":["post-3910","product","type-product","status-publish","has-post-thumbnail","hentry","product_cat-60000-puffs-disposable-vape","product_cat-hot-disposable-vapes","product_cat-belgium-hot-disposable-vapes","product_cat-bood-vapes","product_cat-france-vape-hot-sale","product_cat-germany-hot-disposable-vape","product_cat-germany-wholesale-vape-shop","product_cat-minimum-order-quantity-50pcs","product_cat-netherlands-vape-good-sale","product_cat-norway-hot-disposable-vapes","product_cat-poland-hot-disposable-vapes","product_cat-portugal-hot-disposable-vapes","product_cat-spain-hot-disposable-vapes","product_cat-sweden-hot-disposable-vape","product_cat-sweden-wholesale-vape","product_cat-switzerland-hot-disposable-vapes","product_cat-top-sale-disposable-vape","product_cat-vape-hot-sale-this-week","product_tag-bood-lumo-60000-puffs","product_tag-good-vape","product_tag-hot-sale-disposable-vape","product_tag-poland-hot-vape","product_tag-sweden-hot-vape","pa_brand-bood-vape","desktop-align-left","tablet-align-left","mobile-align-left"],"yoast_head":"<!-- This site is optimized with the Yoast SEO plugin v21.1 - https:\/\/yoast.com\/wordpress\/plugins\/seo\/ -->\n<title>BOOD LUMO 60000 Puffs Best Price Disposable Vape 2% 5% Nicotine - vapebulkp.com<\/title>\n<meta name=\"description\" content=\"Get the best price on BOOD LUMO 60K Puff Disposable Vape. Fast shipping, 100% genuine, with smart LED display and long-lasting battery. Shop now at Vapebulkp.com!\" \/>\n<meta name=\"robots\" content=\"index, follow, max-snippet:-1, max-image-preview:large, max-video-preview:-1\" \/>\n<link rel=\"canonical\" href=\"https:\/\/vapebulkp.com\/sv\/product\/bood-lumo-60000-puffs-best-price-disposable-vape-2-5-nicotine\/\" \/>\n<meta property=\"og:locale\" content=\"sv_SE\" \/>\n<meta property=\"og:type\" content=\"article\" \/>\n<meta property=\"og:title\" content=\"BOOD LUMO 60000 Puffs Best Price Disposable Vape 2% 5% Nicotine - vapebulkp.com\" \/>\n<meta property=\"og:description\" content=\"Get the best price on BOOD LUMO 60K Puff Disposable Vape. Fast shipping, 100% genuine, with smart LED display and long-lasting battery. Shop now at Vapebulkp.com!\" \/>\n<meta property=\"og:url\" content=\"https:\/\/vapebulkp.com\/sv\/product\/bood-lumo-60000-puffs-best-price-disposable-vape-2-5-nicotine\/\" \/>\n<meta property=\"og:site_name\" content=\"vapebulkp.com\" \/>\n<meta property=\"article:modified_time\" content=\"2025-09-24T03:01:15+00:00\" \/>\n<meta property=\"og:image\" content=\"http:\/\/vapebulkp.com\/wp-content\/uploads\/2025\/07\/BOOD-LUMO-60K-PUFF-Rechargeable-Vape-Device.webp\" \/>\n\t<meta property=\"og:image:width\" content=\"800\" \/>\n\t<meta property=\"og:image:height\" content=\"800\" \/>\n\t<meta property=\"og:image:type\" content=\"image\/webp\" \/>\n<meta name=\"twitter:card\" content=\"summary_large_image\" \/>\n<meta name=\"twitter:label1\" content=\"Ber\u00e4knad l\u00e4stid\" \/>\n\t<meta name=\"twitter:data1\" content=\"4 minuter\" \/>\n<script type=\"application\/ld+json\" class=\"yoast-schema-graph\">{\"@context\":\"https:\/\/schema.org\",\"@graph\":[{\"@type\":\"WebPage\",\"@id\":\"https:\/\/vapebulkp.com\/product\/bood-lumo-60000-puffs-best-price-disposable-vape-2-5-nicotine\/\",\"url\":\"https:\/\/vapebulkp.com\/product\/bood-lumo-60000-puffs-best-price-disposable-vape-2-5-nicotine\/\",\"name\":\"BOOD LUMO 60000 Puffs Best Price Disposable Vape 2% 5% Nicotine - vapebulkp.com\",\"isPartOf\":{\"@id\":\"https:\/\/vapebulkp.com\/#website\"},\"datePublished\":\"2025-07-03T08:52:49+00:00\",\"dateModified\":\"2025-09-24T03:01:15+00:00\",\"description\":\"Get the best price on BOOD LUMO 60K Puff Disposable Vape. Fast shipping, 100% genuine, with smart LED display and long-lasting battery. Shop now at Vapebulkp.com!\",\"breadcrumb\":{\"@id\":\"https:\/\/vapebulkp.com\/product\/bood-lumo-60000-puffs-best-price-disposable-vape-2-5-nicotine\/#breadcrumb\"},\"inLanguage\":\"sv-SE\",\"potentialAction\":[{\"@type\":\"ReadAction\",\"target\":[\"https:\/\/vapebulkp.com\/product\/bood-lumo-60000-puffs-best-price-disposable-vape-2-5-nicotine\/\"]}]},{\"@type\":\"BreadcrumbList\",\"@id\":\"https:\/\/vapebulkp.com\/product\/bood-lumo-60000-puffs-best-price-disposable-vape-2-5-nicotine\/#breadcrumb\",\"itemListElement\":[{\"@type\":\"ListItem\",\"position\":1,\"name\":\"Home\",\"item\":\"https:\/\/vapebulkp.com\/\"},{\"@type\":\"ListItem\",\"position\":2,\"name\":\"Hot Trend Vapes\",\"item\":\"https:\/\/vapebulkp.com\/vape-shop\/\"},{\"@type\":\"ListItem\",\"position\":3,\"name\":\"BOOD LUMO 60000 Puffs Best Price Disposable Vape 2% 5% Nicotine\"}]},{\"@type\":\"WebSite\",\"@id\":\"https:\/\/vapebulkp.com\/#website\",\"url\":\"https:\/\/vapebulkp.com\/\",\"name\":\"vapebulkp.com\",\"description\":\"Buy Vape In Cheap Bulk Price Near you\",\"publisher\":{\"@id\":\"https:\/\/vapebulkp.com\/#organization\"},\"potentialAction\":[{\"@type\":\"SearchAction\",\"target\":{\"@type\":\"EntryPoint\",\"urlTemplate\":\"https:\/\/vapebulkp.com\/?s={search_term_string}\"},\"query-input\":\"required name=search_term_string\"}],\"inLanguage\":\"sv-SE\"},{\"@type\":\"Organization\",\"@id\":\"https:\/\/vapebulkp.com\/#organization\",\"name\":\"vapebulkp.com\",\"url\":\"https:\/\/vapebulkp.com\/\",\"logo\":{\"@type\":\"ImageObject\",\"inLanguage\":\"sv-SE\",\"@id\":\"https:\/\/vapebulkp.com\/#\/schema\/logo\/image\/\",\"url\":\"https:\/\/vapebulkp.com\/wp-content\/uploads\/2023\/09\/cropped-vapebulkp.png\",\"contentUrl\":\"https:\/\/vapebulkp.com\/wp-content\/uploads\/2023\/09\/cropped-vapebulkp.png\",\"width\":516,\"height\":163,\"caption\":\"vapebulkp.com\"},\"image\":{\"@id\":\"https:\/\/vapebulkp.com\/#\/schema\/logo\/image\/\"}}]}<\/script>\n<!-- \/ Yoast SEO plugin. -->","yoast_head_json":{"title":"BOOD LUMO 60000 Puffs Best Price Disposable Vape 2% 5% Nicotine - vapebulkp.com","description":"Get the best price on BOOD LUMO 60K Puff Disposable Vape. Fast shipping, 100% genuine, with smart LED display and long-lasting battery. Shop now at Vapebulkp.com!","robots":{"index":"index","follow":"follow","max-snippet":"max-snippet:-1","max-image-preview":"max-image-preview:large","max-video-preview":"max-video-preview:-1"},"canonical":"https:\/\/vapebulkp.com\/sv\/product\/bood-lumo-60000-puffs-best-price-disposable-vape-2-5-nicotine\/","og_locale":"sv_SE","og_type":"article","og_title":"BOOD LUMO 60000 Puffs Best Price Disposable Vape 2% 5% Nicotine - vapebulkp.com","og_description":"Get the best price on BOOD LUMO 60K Puff Disposable Vape. Fast shipping, 100% genuine, with smart LED display and long-lasting battery. Shop now at Vapebulkp.com!","og_url":"https:\/\/vapebulkp.com\/sv\/product\/bood-lumo-60000-puffs-best-price-disposable-vape-2-5-nicotine\/","og_site_name":"vapebulkp.com","article_modified_time":"2025-09-24T03:01:15+00:00","og_image":[{"width":800,"height":800,"url":"http:\/\/vapebulkp.com\/wp-content\/uploads\/2025\/07\/BOOD-LUMO-60K-PUFF-Rechargeable-Vape-Device.webp","type":"image\/webp"}],"twitter_card":"summary_large_image","twitter_misc":{"Ber\u00e4knad l\u00e4stid":"4 minuter"},"schema":{"@context":"https:\/\/schema.org","@graph":[{"@type":"WebPage","@id":"https:\/\/vapebulkp.com\/product\/bood-lumo-60000-puffs-best-price-disposable-vape-2-5-nicotine\/","url":"https:\/\/vapebulkp.com\/product\/bood-lumo-60000-puffs-best-price-disposable-vape-2-5-nicotine\/","name":"BOOD LUMO 60000 Puffs Best Price Disposable Vape 2% 5% Nicotine - vapebulkp.com","isPartOf":{"@id":"https:\/\/vapebulkp.com\/#website"},"datePublished":"2025-07-03T08:52:49+00:00","dateModified":"2025-09-24T03:01:15+00:00","description":"Get the best price on BOOD LUMO 60K Puff Disposable Vape. Fast shipping, 100% genuine, with smart LED display and long-lasting battery. Shop now at Vapebulkp.com!","breadcrumb":{"@id":"https:\/\/vapebulkp.com\/product\/bood-lumo-60000-puffs-best-price-disposable-vape-2-5-nicotine\/#breadcrumb"},"inLanguage":"sv-SE","potentialAction":[{"@type":"ReadAction","target":["https:\/\/vapebulkp.com\/product\/bood-lumo-60000-puffs-best-price-disposable-vape-2-5-nicotine\/"]}]},{"@type":"BreadcrumbList","@id":"https:\/\/vapebulkp.com\/product\/bood-lumo-60000-puffs-best-price-disposable-vape-2-5-nicotine\/#breadcrumb","itemListElement":[{"@type":"ListItem","position":1,"name":"Home","item":"https:\/\/vapebulkp.com\/"},{"@type":"ListItem","position":2,"name":"Hot Trend Vapes","item":"https:\/\/vapebulkp.com\/vape-shop\/"},{"@type":"ListItem","position":3,"name":"BOOD LUMO 60000 Puffs Best Price Disposable Vape 2% 5% Nicotine"}]},{"@type":"WebSite","@id":"https:\/\/vapebulkp.com\/#website","url":"https:\/\/vapebulkp.com\/","name":"vapebulkp.com","description":"Buy Vape In Cheap Bulk Price Near you","publisher":{"@id":"https:\/\/vapebulkp.com\/#organization"},"potentialAction":[{"@type":"SearchAction","target":{"@type":"EntryPoint","urlTemplate":"https:\/\/vapebulkp.com\/?s={search_term_string}"},"query-input":"required name=search_term_string"}],"inLanguage":"sv-SE"},{"@type":"Organization","@id":"https:\/\/vapebulkp.com\/#organization","name":"vapebulkp.com","url":"https:\/\/vapebulkp.com\/","logo":{"@type":"ImageObject","inLanguage":"sv-SE","@id":"https:\/\/vapebulkp.com\/#\/schema\/logo\/image\/","url":"https:\/\/vapebulkp.com\/wp-content\/uploads\/2023\/09\/cropped-vapebulkp.png","contentUrl":"https:\/\/vapebulkp.com\/wp-content\/uploads\/2023\/09\/cropped-vapebulkp.png","width":516,"height":163,"caption":"vapebulkp.com"},"image":{"@id":"https:\/\/vapebulkp.com\/#\/schema\/logo\/image\/"}}]}},"uagb_featured_image_src":{"full":["https:\/\/vapebulkp.com\/wp-content\/uploads\/2025\/07\/BOOD-LUMO-60K-PUFF-Rechargeable-Vape-Device.webp",800,800,false],"thumbnail":["https:\/\/vapebulkp.com\/wp-content\/uploads\/2025\/07\/BOOD-LUMO-60K-PUFF-Rechargeable-Vape-Device-150x150.webp",150,150,true],"medium":["https:\/\/vapebulkp.com\/wp-content\/uploads\/2025\/07\/BOOD-LUMO-60K-PUFF-Rechargeable-Vape-Device-300x300.webp",300,300,true],"medium_large":["https:\/\/vapebulkp.com\/wp-content\/uploads\/2025\/07\/BOOD-LUMO-60K-PUFF-Rechargeable-Vape-Device-768x768.webp",768,768,true],"large":["https:\/\/vapebulkp.com\/wp-content\/uploads\/2025\/07\/BOOD-LUMO-60K-PUFF-Rechargeable-Vape-Device.webp",800,800,false],"1536x1536":["https:\/\/vapebulkp.com\/wp-content\/uploads\/2025\/07\/BOOD-LUMO-60K-PUFF-Rechargeable-Vape-Device.webp",800,800,false],"2048x2048":["https:\/\/vapebulkp.com\/wp-content\/uploads\/2025\/07\/BOOD-LUMO-60K-PUFF-Rechargeable-Vape-Device.webp",800,800,false],"trp-custom-language-flag":["https:\/\/vapebulkp.com\/wp-content\/uploads\/2025\/07\/BOOD-LUMO-60K-PUFF-Rechargeable-Vape-Device.webp",12,12,false],"woocommerce_thumbnail":["https:\/\/vapebulkp.com\/wp-content\/uploads\/2025\/07\/BOOD-LUMO-60K-PUFF-Rechargeable-Vape-Device-300x300.webp",300,300,true],"woocommerce_single":["https:\/\/vapebulkp.com\/wp-content\/uploads\/2025\/07\/BOOD-LUMO-60K-PUFF-Rechargeable-Vape-Device-600x600.webp",600,600,true],"woocommerce_gallery_thumbnail":["https:\/\/vapebulkp.com\/wp-content\/uploads\/2025\/07\/BOOD-LUMO-60K-PUFF-Rechargeable-Vape-Device-100x100.webp",100,100,true],"wcpr-photo-reviews":["https:\/\/vapebulkp.com\/wp-content\/uploads\/2025\/07\/BOOD-LUMO-60K-PUFF-Rechargeable-Vape-Device.webp",500,500,false]},"uagb_author_info":{"display_name":"Mandy vape bulk price","author_link":"https:\/\/vapebulkp.com\/sv\/author\/"},"uagb_comment_info":0,"uagb_excerpt":"Buy authentic BOOD LUMO 60000 Puffs Disposable Vape with dual mesh coils, 18ml e-liquid, and adjustable airflow. Available in 2% &amp; 5% nicotine at Vapebulkp.com. Pls Contact Mandy's WhatsApp For Discount Price+8618077105796 NOTE: Prices on our website does not include shipping costs Main reason for purchase 1. Excellent quality and unparalleled performance. 2. Competitive price&hellip;","_links":{"self":[{"href":"https:\/\/vapebulkp.com\/sv\/wp-json\/wp\/v2\/product\/3910","targetHints":{"allow":["GET"]}}],"collection":[{"href":"https:\/\/vapebulkp.com\/sv\/wp-json\/wp\/v2\/product"}],"about":[{"href":"https:\/\/vapebulkp.com\/sv\/wp-json\/wp\/v2\/types\/product"}],"replies":[{"embeddable":true,"href":"https:\/\/vapebulkp.com\/sv\/wp-json\/wp\/v2\/comments?post=3910"}],"wp:featuredmedia":[{"embeddable":true,"href":"https:\/\/vapebulkp.com\/sv\/wp-json\/wp\/v2\/media\/3902"}],"wp:attachment":[{"href":"https:\/\/vapebulkp.com\/sv\/wp-json\/wp\/v2\/media?parent=3910"}],"wp:term":[{"taxonomy":"product_cat","embeddable":true,"href":"https:\/\/vapebulkp.com\/sv\/wp-json\/wp\/v2\/product_cat?post=3910"},{"taxonomy":"product_tag","embeddable":true,"href":"https:\/\/vapebulkp.com\/sv\/wp-json\/wp\/v2\/product_tag?post=3910"}],"curies":[{"name":"wp","href":"https:\/\/api.w.org\/{rel}","templated":true}]}}