{"id":3942,"date":"2025-07-14T10:35:53","date_gmt":"2025-07-14T08:35:53","guid":{"rendered":"https:\/\/vapebulkp.com\/?post_type=product&#038;p=3942"},"modified":"2025-09-24T05:00:05","modified_gmt":"2025-09-24T03:00:05","slug":"mesii-80000-puffs-7-in-1-flavors-popular-high-capacity-disposable-vape","status":"publish","type":"product","link":"https:\/\/vapebulkp.com\/sv\/product\/mesii-80000-puffs-7-in-1-flavors-popular-high-capacity-disposable-vape\/","title":{"rendered":"Mesii 80000 bloss 7 i 1 smaker Popul\u00e4r eng\u00e5ngsvape med h\u00f6g kapacitet"},"content":{"rendered":"<h2>Mesii 80000 bloss 7 i 1 smaker Popul\u00e4r eng\u00e5ngsvape med h\u00f6g kapacitet<\/h2>\n<p>Den <b>Mesii Magic 80000 Puffar Vape Pods<\/b>\u00a0s\u00e4tter en ny standard f\u00f6r vaping med h\u00f6g kapacitet. Det \u00e4r den definitiva <b>80000 Puff Vape Kit<\/b> f\u00f6r dem som kr\u00e4ver b\u00e5de en extraordin\u00e4r livsl\u00e4ngd och en otrolig variation av smaker. Denna sofistikerade enhet \u00e4r konstruerad med ett banbrytande <b>7-i-1 smaksrotationssystem<\/b>, vilket ger dig friheten att enkelt v\u00e4xla mellan sju premiumsmaker.<\/p>\n<p>Designad f\u00f6r kompromissl\u00f6s prestanda, denna <b>uppladdningsbar vape<\/b> rymer imponerande <b>35ML av e-v\u00e4tska<\/b>, vilket s\u00e4kerst\u00e4ller en verkligt l\u00e5ngvarig upplevelse som vida \u00f6vertr\u00e4ffar standardenheter. Dess robusta <b>850mAh batteri<\/b> och avancerade mesh-coil-teknologi arbetar tillsammans f\u00f6r att leverera konsekvent, smidig och intensivt smakfull \u00e5nga fr\u00e5n f\u00f6rsta bloss till sista. F\u00f6r extra bekv\u00e4mlighet laddas enheten snabbt via sin Type-C-port, vilket minimerar driftstopp och s\u00e4kerst\u00e4ller att du alltid kan njuta av din <b>Mesii Magic <a href=\"https:\/\/vapebulkp.com\/sv\/product-category\/80000-puffs-disposable-vape\/\">80000 bloss eng\u00e5ngsvape<\/a><\/b>.<\/p>\n<p>Tillg\u00e4nglig med nikotinstyrkor p\u00e5 0%, 2%, 3% och 5%, denna <b>exklusiva eng\u00e5ngsvape<\/b> passar alla preferenser. Dess eleganta, p\u00e5litliga design g\u00f6r den till ett toppval f\u00f6r personligt bruk, medan dess o\u00f6vertr\u00e4ffade v\u00e4rde och prestanda g\u00f6r den till ett idealiskt alternativ f\u00f6r <b>vape grossist<\/b> och \u00e5terf\u00f6rs\u00e4ljning i bulk.<\/p>\n<h6><span style=\"color: #ff0000\">Kontakta Mandy via WhatsApp f\u00f6r rabatterat pris<a style=\"color: #ff0000\" href=\"https:\/\/wa.me\/8618077105796\">+8618077105796<\/a><\/span><\/h6>\n<p><img decoding=\"async\" class=\"alignnone wp-image-2151\" src=\"http:\/\/vapebulkp.com\/wp-content\/uploads\/2024\/04\/Mandy-WhatsApp-Randm.jpg\" alt=\"Mandy WhatsApp Randm\" width=\"271\" height=\"289\" srcset=\"https:\/\/vapebulkp.com\/wp-content\/uploads\/2024\/04\/Mandy-WhatsApp-Randm.jpg 916w, https:\/\/vapebulkp.com\/wp-content\/uploads\/2024\/04\/Mandy-WhatsApp-Randm-282x300.jpg 282w, https:\/\/vapebulkp.com\/wp-content\/uploads\/2024\/04\/Mandy-WhatsApp-Randm-768x817.jpg 768w, https:\/\/vapebulkp.com\/wp-content\/uploads\/2024\/04\/Mandy-WhatsApp-Randm-600x638.jpg 600w\" sizes=\"(max-width: 271px) 100vw, 271px\" \/><\/p>\n<h2><strong>Varf\u00f6r k\u00f6pa Mesii 80k puffs 7 i 1 vape pods p\u00e5 <a href=\"https:\/\/vapebulkp.com\/sv\/\">Vapebulkp.com<\/a>?<\/strong><\/h2>\n<p data-start=\"274\" data-end=\"495\"><strong data-start=\"274\" data-end=\"316\">1. Garanterat \u00e4kta Mesii-produkter<\/strong><br data-start=\"316\" data-end=\"319\" \/>P\u00e5 Vapebulkp.com k\u00f6per vi alla v\u00e5ra Mesii-enheter direkt fr\u00e5n betrodda tillverkare. Du f\u00e5r 100 % original Mesii 80000 Puffs vapes med garanterad kvalitet och s\u00e4kerhetsstandard.<\/p>\n<p data-start=\"497\" data-end=\"699\"><strong data-start=\"497\" data-end=\"533\">2. Exklusiv 7-i-1 smakkombo<\/strong><br data-start=\"533\" data-end=\"536\" \/>Njut av 7 premiumsmaker i en och samma enhet \u2013 du beh\u00f6ver inte byta vapes. Mesiis 7-i-1 system erbjuder en unik upplevelse med flera smaker, perfekt f\u00f6r anv\u00e4ndare som \u00e4lskar variation.<\/p>\n<p data-start=\"701\" data-end=\"906\"><strong data-start=\"701\" data-end=\"736\">3. Massiv kapacitet p\u00e5 80000 bloss<\/strong><br data-start=\"736\" data-end=\"739\" \/>Ett av de h\u00f6gsta antalen bloss p\u00e5 marknaden. Med ett uppladdningsbart 850mAh-batteri och 35ML e-v\u00e4tskekapacitet ger Mesii ut\u00f6kad anv\u00e4ndning utan frekventa byten.<\/p>\n<p data-start=\"908\" data-end=\"1098\"><strong data-start=\"908\" data-end=\"941\">4. Partihandel<\/strong><br data-start=\"941\" data-end=\"944\" \/>Vi \u00e4r specialiserade p\u00e5 partihandelsvape. Oavsett om du \u00e4r en \u00e5terf\u00f6rs\u00e4ljare eller en storanv\u00e4ndare, kan du njuta av oslagbara partipriser och rabatter i olika niv\u00e5er endast p\u00e5 Vapebulkp.com.<\/p>\n<p data-start=\"1100\" data-end=\"1277\"><strong data-start=\"1100\" data-end=\"1139\">5. Snabb frakt inom Sverige<\/strong><br data-start=\"1139\" data-end=\"1142\" \/>Vi erbjuder snabb och p\u00e5litlig frakt \u00f6ver hela Sverige och utanf\u00f6r. Sp\u00e5ra din best\u00e4llning enkelt och ta emot dina vape-produkter s\u00e4kert f\u00f6rpackade.<\/p>\n<div class=\"faqs-answer\">\n<h2 data-start=\"55\" data-end=\"63\">Vanliga fr\u00e5gor<\/h2>\n<p data-start=\"65\" data-end=\"223\"><strong data-start=\"65\" data-end=\"97\">Skickar ni internationellt?<\/strong><br data-start=\"97\" data-end=\"100\" \/>Ja, Vapebulkp.com skickar till de flesta l\u00e4nder v\u00e4rlden \u00f6ver och hanterar all tullklarering f\u00f6r att s\u00e4kerst\u00e4lla en smidig leveransprocess.<\/p>\n<p data-start=\"389\" data-end=\"542\"><strong data-start=\"389\" data-end=\"418\">Hur kan jag sp\u00e5ra min best\u00e4llning?<\/strong><br data-start=\"418\" data-end=\"421\" \/>N\u00e4r din best\u00e4llning har skickats f\u00e5r du ett sp\u00e5rningsnummer via e-post s\u00e5 att du enkelt kan \u00f6vervaka paketets status.<\/p>\n<p data-start=\"544\" data-end=\"699\"><strong data-start=\"544\" data-end=\"574\">Kan jag f\u00e5 snabbare leverans?<\/strong><br data-start=\"574\" data-end=\"577\" \/>F\u00f6r snabbare leverans rekommenderar vi att du best\u00e4ller fr\u00e5n v\u00e5rt europeiska lager som erbjuder snabbare hanterings- och leveranstider.<\/p>\n<p data-start=\"888\" data-end=\"1079\"><strong data-start=\"888\" data-end=\"950\">Vad ska jag g\u00f6ra om jag f\u00e5r en skadad eller felaktig produkt?<\/strong><br data-start=\"950\" data-end=\"953\" \/>Om du f\u00e5r en skadad eller defekt vara, v\u00e4nligen kontakta v\u00e5r kundtj\u00e4nst omedelbart f\u00f6r en ers\u00e4ttning eller l\u00f6sning.<\/p>\n<p data-start=\"1081\" data-end=\"1235\"><strong data-start=\"1081\" data-end=\"1125\">Hur kan jag kontakta er kundtj\u00e4nst?<\/strong><br data-start=\"1125\" data-end=\"1128\" \/>Du kan n\u00e5 oss via e-post, WhatsApp, eller via livechattfunktionen p\u00e5 v\u00e5r webbplats f\u00f6r snabb hj\u00e4lp.<\/p>\n<\/div>\n<h4><\/h4>\n<h2 data-start=\"52\" data-end=\"122\"><strong data-start=\"52\" data-end=\"122\">\u00a0Mesii 80000 Puffs leverant\u00f6r av het gleek vape \u2013 Produktspecifikationer<\/strong><\/h2>\n<p data-start=\"247\" data-end=\"759\"><strong data-start=\"247\" data-end=\"263\">Produktnamn<\/strong>: Mesii Magic 80000 Puffs eng\u00e5ngsvape<br data-start=\"304\" data-end=\"307\" \/><strong data-start=\"307\" data-end=\"323\">L\u00e4mplig f\u00f6r<\/strong>: Endast f\u00f6r vuxna 18+<br data-start=\"340\" data-end=\"343\" \/><strong data-start=\"343\" data-end=\"354\">Smaker<\/strong>: 12 premiumsmaker<br data-start=\"374\" data-end=\"377\" \/><strong data-start=\"377\" data-end=\"398\">E-v\u00e4tskekapacitet<\/strong>: 35ML<br data-start=\"404\" data-end=\"407\" \/><strong data-start=\"407\" data-end=\"416\">Puffar<\/strong>: Upp till 80000 bloss<br data-start=\"435\" data-end=\"438\" \/><strong data-start=\"438\" data-end=\"459\" data-is-only-node=\"\">Nikotinstyrka<\/strong>: 0% \/ 2% \/ 3% \/ 5% nikotinsalt<br data-start=\"492\" data-end=\"495\" \/><strong data-start=\"495\" data-end=\"515\">Batterikapacitet<\/strong>: 850mAh uppladdningsbart batteri<br data-start=\"544\" data-end=\"547\" \/><strong data-start=\"547\" data-end=\"564\">Laddningsport<\/strong>: Typ-C Snabbladdning<br data-start=\"586\" data-end=\"589\" \/><strong data-start=\"589\" data-end=\"604\">Enhetstyp<\/strong>: Eng\u00e5ngsvape<br data-start=\"621\" data-end=\"624\" \/><strong data-start=\"624\" data-end=\"637\">Coiltyp<\/strong>: Mesh-spiralteknologi<br data-start=\"659\" data-end=\"662\" \/><strong data-start=\"662\" data-end=\"671\">Anv\u00e4ndning<\/strong>: Redo att anv\u00e4ndas direkt, laddningsbar f\u00f6r ut\u00f6kad anv\u00e4ndning<br data-start=\"731\" data-end=\"734\" \/><strong data-start=\"734\" data-end=\"744\">Ursprung<\/strong>: Tillverkad i Kina<\/p>\n<h2>\u00a0Mesii 80000 puff vape grossist smaker lista:<\/h2>\n<p>1.Citron Lime<br \/>\n2.Grapefrukt Gr\u00f6nt Te<br \/>\n3.Sj\u00f6bris Mint<br \/>\n4.Jasmin Hallon<br \/>\n5.Persika+<br \/>\n6.Baja Splash<br \/>\n7.Ananas Passionsfrukt Baja<br \/>\n8.Jordgubb Persika+<br \/>\n9.Tropisk Regnb\u00e5gsexplosion<br \/>\n10.Tranb\u00e4r Apelsin Baja Splash<br \/>\n11.Dubbel Persika Lime<br \/>\n12.vit Persika Baja Splash<\/p>\n<p><span style=\"vertical-align: inherit\">Hitta fler produkter du kanske gillar:<\/span><em><a href=\"https:\/\/wa.me\/8618077105796\"><span style=\"vertical-align: inherit\">\u00a0K\u00f6p nu<\/span><\/a><\/em><\/p>\n<p><span style=\"vertical-align: inherit\">Andra Puffs du kanske gillar:<\/span><a href=\"https:\/\/vapebulkp.com\/sv\/product\/aivono-fat-bear-80000-puffs-3-flavors-modes-disposable-vape-bulk-wholesale\/\"><span style=\"vertical-align: inherit\">Aivono Fat Bear 80000 bloss<\/span><\/a>\/<a href=\"https:\/\/vapebulkp.com\/sv\/product\/bood-lumo-60000-puffs-best-price-disposable-vape-2-5-nicotine\/\"><span style=\"vertical-align: inherit\">BOOD LUMO 60000 Puffar<\/span><\/a><\/p>\n<p><a href=\"https:\/\/vapebulkp.com\/sv\/product\/bang-king-pin-50000-puffs-premium-disposable-vaporizer-wholesale-price\/\"><span style=\"vertical-align: inherit\">Bang King Pin 50000 bloss <\/span><\/a><span style=\"vertical-align: inherit\">\/ <\/span><a href=\"https:\/\/vapebulkp.com\/sv\/product\/zooy-rainbow-box-16000-puffs-bulk-price-disposable-vape\/\"><span style=\"vertical-align: inherit\">zooy rainbox box 16000 Puffar<\/span><\/a><\/p>\n<p>&nbsp;<\/p>\n<h2 data-start=\"55\" data-end=\"75\">Fraktmetoder<\/h2>\n<p data-start=\"77\" data-end=\"345\">P\u00e5 Vapebulkp.com samarbetar vi med ledande kurirer som UPS, DHL, FedEx och DPD f\u00f6r att erbjuda snabb och p\u00e5litlig frakt. Beroende p\u00e5 destinationsland v\u00e4ljer vi den l\u00e4mpligaste fraktmetoden f\u00f6r att s\u00e4kerst\u00e4lla att din best\u00e4llning anl\u00e4nder s\u00e5 snabbt och s\u00e4kert som m\u00f6jligt.<\/p>\n<ul data-start=\"347\" data-end=\"509\">\n<li data-start=\"347\" data-end=\"429\">\n<p data-start=\"349\" data-end=\"429\"><strong data-start=\"349\" data-end=\"383\">Frakt till Sverige:<\/strong> Tar vanligtvis cirka 10 dagar f\u00f6r leverans.<\/p>\n<\/li>\n<li data-start=\"430\" data-end=\"506\">\n<p data-start=\"432\" data-end=\"506\"><strong data-start=\"432\" data-end=\"467\">Frakt till europeiska l\u00e4nder:<\/strong> Tar vanligtvis mellan 12 till 15 dagar.<\/p>\n<\/li>\n<\/ul>\n<p data-start=\"510\" data-end=\"603\">Vi tillhandah\u00e5ller sp\u00e5rningsuppdateringar i realtid s\u00e5 att du kan \u00f6vervaka din leverans hela v\u00e4gen.<\/p>\n<p data-start=\"605\" data-end=\"856\">F\u00f6r att erbjuda dig en problemfri shoppingupplevelse hanterar vi alla tullklareringsprocedurer f\u00f6r din r\u00e4kning. Det finns inga extra skatter eller avgifter att oroa sig f\u00f6r, och vi garanterar att 100% av v\u00e5ra f\u00f6rs\u00e4ndelser framg\u00e5ngsrikt klarar tullen utan n\u00e5gra problem.<\/p>\n<p data-start=\"858\" data-end=\"956\">Handla tryggt p\u00e5 Vapebulkp.com med vetskapen om att din best\u00e4llning \u00e4r i experth\u00e4nder fr\u00e5n kassan till leverans.<\/p>","protected":false},"excerpt":{"rendered":"<p data-start=\"138\" data-end=\"318\">Mesii 80000 Puffs 7-i-1 Eng\u00e5ngsvape med mesh-coil, 35ML kapacitet och Type-C-laddning. En f\u00f6rstklassig vape-penna f\u00f6r smidig, l\u00e5ngvarig prestanda.<\/p>\n<p>Kontakta Mandy via WhatsApp f\u00f6r rabatterat pris<a href=\"https:\/\/wa.me\/8618077105796\">+8618077105796<\/a><\/p>\n<p><img decoding=\"async\" class=\"alignnone wp-image-2151\" src=\"http:\/\/vapebulkp.com\/wp-content\/uploads\/2024\/04\/Mandy-WhatsApp-Randm.jpg\" alt=\"Mandy WhatsApp Randm\" width=\"297\" height=\"316\" srcset=\"https:\/\/vapebulkp.com\/wp-content\/uploads\/2024\/04\/Mandy-WhatsApp-Randm.jpg 916w, https:\/\/vapebulkp.com\/wp-content\/uploads\/2024\/04\/Mandy-WhatsApp-Randm-282x300.jpg 282w, https:\/\/vapebulkp.com\/wp-content\/uploads\/2024\/04\/Mandy-WhatsApp-Randm-768x817.jpg 768w, https:\/\/vapebulkp.com\/wp-content\/uploads\/2024\/04\/Mandy-WhatsApp-Randm-600x638.jpg 600w\" sizes=\"(max-width: 297px) 100vw, 297px\" \/><\/p>\n<p><span style=\"color: #ff0000\">OBS: Priserna p\u00e5 v\u00e5r webbplats inkluderar inte fraktkostnader<\/span><\/p>\n<p>Huvudanledningar till k\u00f6p<br \/>\n1. Utm\u00e4rkt kvalitet och o\u00f6vertr\u00e4ffad prestanda.<\/p>\n<p>2. Konkurrenskraftigt pris och snabbt v\u00e4rde.<\/p>\n<p>3. Flera alternativ och snabb leverans.<\/p>\n<p>4. En tillfredsst\u00e4llande shoppingupplevelse<\/p>","protected":false},"featured_media":3940,"comment_status":"open","ping_status":"closed","template":"","meta":{"_uag_custom_page_level_css":"","_lmt_disableupdate":"no","_lmt_disable":"","site-sidebar-layout":"default","site-content-layout":"content-boxed-container","ast-site-content-layout":"normal-width-container","site-content-style":"boxed","site-sidebar-style":"unboxed","ast-global-header-display":"","ast-banner-title-visibility":"","ast-main-header-display":"","ast-hfb-above-header-display":"","ast-hfb-below-header-display":"","ast-hfb-mobile-header-display":"","site-post-title":"","ast-breadcrumbs-content":"","ast-featured-img":"","footer-sml-layout":"","theme-transparent-header-meta":"default","adv-header-id-meta":"","stick-header-meta":"","header-above-stick-meta":"","header-main-stick-meta":"","header-below-stick-meta":"","astra-migrate-meta-layouts":"set","_joinchat":[]},"product_cat":[247,153,155,33,59,100,354,87,34,158,157,154,152,58,84,156,63,32],"product_tag":[36,37,269,41,40],"class_list":["post-3942","product","type-product","status-publish","has-post-thumbnail","hentry","product_cat-80000-puffs-disposable-vape","product_cat-hot-disposable-vapes","product_cat-belgium-hot-disposable-vapes","product_cat-france-vape-hot-sale","product_cat-germany-hot-disposable-vape","product_cat-germany-wholesale-vape-shop","product_cat-mesii-vape","product_cat-minimum-order-quantity-50pcs","product_cat-netherlands-vape-good-sale","product_cat-norway-hot-disposable-vapes","product_cat-poland-hot-disposable-vapes","product_cat-portugal-hot-disposable-vapes","product_cat-spain-hot-disposable-vapes","product_cat-sweden-hot-disposable-vape","product_cat-sweden-wholesale-vape","product_cat-switzerland-hot-disposable-vapes","product_cat-top-sale-disposable-vape","product_cat-vape-hot-sale-this-week","product_tag-good-vape","product_tag-hot-sale-disposable-vape","product_tag-mesii-80000-puffs","product_tag-poland-hot-vape","product_tag-sweden-hot-vape","pa_brand-mesii-vape","desktop-align-left","tablet-align-left","mobile-align-left"],"yoast_head":"<!-- This site is optimized with the Yoast SEO plugin v21.1 - https:\/\/yoast.com\/wordpress\/plugins\/seo\/ -->\n<title>Mesii 80000 Puffs 7 in 1 Flavors Popular High Capacity Disposable Vape - vapebulkp.com<\/title>\n<meta name=\"description\" content=\"Shop the Mesii 7-in-1 Disposable Vape with 80000 puffs, mesh coil tech, 35ML tank, and Type-C charging. A premium long-lasting vape pen for adult users.\" \/>\n<meta name=\"robots\" content=\"index, follow, max-snippet:-1, max-image-preview:large, max-video-preview:-1\" \/>\n<link rel=\"canonical\" href=\"https:\/\/vapebulkp.com\/sv\/product\/mesii-80000-puffs-7-in-1-flavors-popular-high-capacity-disposable-vape\/\" \/>\n<meta property=\"og:locale\" content=\"sv_SE\" \/>\n<meta property=\"og:type\" content=\"article\" \/>\n<meta property=\"og:title\" content=\"Mesii 80000 Puffs 7 in 1 Flavors Popular High Capacity Disposable Vape - vapebulkp.com\" \/>\n<meta property=\"og:description\" content=\"Shop the Mesii 7-in-1 Disposable Vape with 80000 puffs, mesh coil tech, 35ML tank, and Type-C charging. A premium long-lasting vape pen for adult users.\" \/>\n<meta property=\"og:url\" content=\"https:\/\/vapebulkp.com\/sv\/product\/mesii-80000-puffs-7-in-1-flavors-popular-high-capacity-disposable-vape\/\" \/>\n<meta property=\"og:site_name\" content=\"vapebulkp.com\" \/>\n<meta property=\"article:modified_time\" content=\"2025-09-24T03:00:05+00:00\" \/>\n<meta property=\"og:image\" content=\"http:\/\/vapebulkp.com\/wp-content\/uploads\/2025\/07\/Poland-Top-Selling-80000-Puffs-Vape-Mesii-7-in-1-Long-Lasting-Disposable-Vape-Pen.webp\" \/>\n\t<meta property=\"og:image:width\" content=\"800\" \/>\n\t<meta property=\"og:image:height\" content=\"800\" \/>\n\t<meta property=\"og:image:type\" content=\"image\/webp\" \/>\n<meta name=\"twitter:card\" content=\"summary_large_image\" \/>\n<meta name=\"twitter:label1\" content=\"Ber\u00e4knad l\u00e4stid\" \/>\n\t<meta name=\"twitter:data1\" content=\"4 minuter\" \/>\n<script type=\"application\/ld+json\" class=\"yoast-schema-graph\">{\"@context\":\"https:\/\/schema.org\",\"@graph\":[{\"@type\":\"WebPage\",\"@id\":\"https:\/\/vapebulkp.com\/product\/mesii-80000-puffs-7-in-1-flavors-popular-high-capacity-disposable-vape\/\",\"url\":\"https:\/\/vapebulkp.com\/product\/mesii-80000-puffs-7-in-1-flavors-popular-high-capacity-disposable-vape\/\",\"name\":\"Mesii 80000 Puffs 7 in 1 Flavors Popular High Capacity Disposable Vape - vapebulkp.com\",\"isPartOf\":{\"@id\":\"https:\/\/vapebulkp.com\/#website\"},\"datePublished\":\"2025-07-14T08:35:53+00:00\",\"dateModified\":\"2025-09-24T03:00:05+00:00\",\"description\":\"Shop the Mesii 7-in-1 Disposable Vape with 80000 puffs, mesh coil tech, 35ML tank, and Type-C charging. A premium long-lasting vape pen for adult users.\",\"breadcrumb\":{\"@id\":\"https:\/\/vapebulkp.com\/product\/mesii-80000-puffs-7-in-1-flavors-popular-high-capacity-disposable-vape\/#breadcrumb\"},\"inLanguage\":\"sv-SE\",\"potentialAction\":[{\"@type\":\"ReadAction\",\"target\":[\"https:\/\/vapebulkp.com\/product\/mesii-80000-puffs-7-in-1-flavors-popular-high-capacity-disposable-vape\/\"]}]},{\"@type\":\"BreadcrumbList\",\"@id\":\"https:\/\/vapebulkp.com\/product\/mesii-80000-puffs-7-in-1-flavors-popular-high-capacity-disposable-vape\/#breadcrumb\",\"itemListElement\":[{\"@type\":\"ListItem\",\"position\":1,\"name\":\"Home\",\"item\":\"https:\/\/vapebulkp.com\/\"},{\"@type\":\"ListItem\",\"position\":2,\"name\":\"Hot Trend Vapes\",\"item\":\"https:\/\/vapebulkp.com\/vape-shop\/\"},{\"@type\":\"ListItem\",\"position\":3,\"name\":\"Mesii 80000 Puffs 7 in 1 Flavors Popular High Capacity Disposable Vape\"}]},{\"@type\":\"WebSite\",\"@id\":\"https:\/\/vapebulkp.com\/#website\",\"url\":\"https:\/\/vapebulkp.com\/\",\"name\":\"vapebulkp.com\",\"description\":\"Buy Vape In Cheap Bulk Price Near you\",\"publisher\":{\"@id\":\"https:\/\/vapebulkp.com\/#organization\"},\"potentialAction\":[{\"@type\":\"SearchAction\",\"target\":{\"@type\":\"EntryPoint\",\"urlTemplate\":\"https:\/\/vapebulkp.com\/?s={search_term_string}\"},\"query-input\":\"required name=search_term_string\"}],\"inLanguage\":\"sv-SE\"},{\"@type\":\"Organization\",\"@id\":\"https:\/\/vapebulkp.com\/#organization\",\"name\":\"vapebulkp.com\",\"url\":\"https:\/\/vapebulkp.com\/\",\"logo\":{\"@type\":\"ImageObject\",\"inLanguage\":\"sv-SE\",\"@id\":\"https:\/\/vapebulkp.com\/#\/schema\/logo\/image\/\",\"url\":\"https:\/\/vapebulkp.com\/wp-content\/uploads\/2023\/09\/cropped-vapebulkp.png\",\"contentUrl\":\"https:\/\/vapebulkp.com\/wp-content\/uploads\/2023\/09\/cropped-vapebulkp.png\",\"width\":516,\"height\":163,\"caption\":\"vapebulkp.com\"},\"image\":{\"@id\":\"https:\/\/vapebulkp.com\/#\/schema\/logo\/image\/\"}}]}<\/script>\n<!-- \/ Yoast SEO plugin. -->","yoast_head_json":{"title":"Mesii 80000 Puffs 7 in 1 Flavors Popular High Capacity Disposable Vape - vapebulkp.com","description":"Shop the Mesii 7-in-1 Disposable Vape with 80000 puffs, mesh coil tech, 35ML tank, and Type-C charging. A premium long-lasting vape pen for adult users.","robots":{"index":"index","follow":"follow","max-snippet":"max-snippet:-1","max-image-preview":"max-image-preview:large","max-video-preview":"max-video-preview:-1"},"canonical":"https:\/\/vapebulkp.com\/sv\/product\/mesii-80000-puffs-7-in-1-flavors-popular-high-capacity-disposable-vape\/","og_locale":"sv_SE","og_type":"article","og_title":"Mesii 80000 Puffs 7 in 1 Flavors Popular High Capacity Disposable Vape - vapebulkp.com","og_description":"Shop the Mesii 7-in-1 Disposable Vape with 80000 puffs, mesh coil tech, 35ML tank, and Type-C charging. A premium long-lasting vape pen for adult users.","og_url":"https:\/\/vapebulkp.com\/sv\/product\/mesii-80000-puffs-7-in-1-flavors-popular-high-capacity-disposable-vape\/","og_site_name":"vapebulkp.com","article_modified_time":"2025-09-24T03:00:05+00:00","og_image":[{"width":800,"height":800,"url":"http:\/\/vapebulkp.com\/wp-content\/uploads\/2025\/07\/Poland-Top-Selling-80000-Puffs-Vape-Mesii-7-in-1-Long-Lasting-Disposable-Vape-Pen.webp","type":"image\/webp"}],"twitter_card":"summary_large_image","twitter_misc":{"Ber\u00e4knad l\u00e4stid":"4 minuter"},"schema":{"@context":"https:\/\/schema.org","@graph":[{"@type":"WebPage","@id":"https:\/\/vapebulkp.com\/product\/mesii-80000-puffs-7-in-1-flavors-popular-high-capacity-disposable-vape\/","url":"https:\/\/vapebulkp.com\/product\/mesii-80000-puffs-7-in-1-flavors-popular-high-capacity-disposable-vape\/","name":"Mesii 80000 Puffs 7 in 1 Flavors Popular High Capacity Disposable Vape - vapebulkp.com","isPartOf":{"@id":"https:\/\/vapebulkp.com\/#website"},"datePublished":"2025-07-14T08:35:53+00:00","dateModified":"2025-09-24T03:00:05+00:00","description":"Shop the Mesii 7-in-1 Disposable Vape with 80000 puffs, mesh coil tech, 35ML tank, and Type-C charging. A premium long-lasting vape pen for adult users.","breadcrumb":{"@id":"https:\/\/vapebulkp.com\/product\/mesii-80000-puffs-7-in-1-flavors-popular-high-capacity-disposable-vape\/#breadcrumb"},"inLanguage":"sv-SE","potentialAction":[{"@type":"ReadAction","target":["https:\/\/vapebulkp.com\/product\/mesii-80000-puffs-7-in-1-flavors-popular-high-capacity-disposable-vape\/"]}]},{"@type":"BreadcrumbList","@id":"https:\/\/vapebulkp.com\/product\/mesii-80000-puffs-7-in-1-flavors-popular-high-capacity-disposable-vape\/#breadcrumb","itemListElement":[{"@type":"ListItem","position":1,"name":"Home","item":"https:\/\/vapebulkp.com\/"},{"@type":"ListItem","position":2,"name":"Hot Trend Vapes","item":"https:\/\/vapebulkp.com\/vape-shop\/"},{"@type":"ListItem","position":3,"name":"Mesii 80000 Puffs 7 in 1 Flavors Popular High Capacity Disposable Vape"}]},{"@type":"WebSite","@id":"https:\/\/vapebulkp.com\/#website","url":"https:\/\/vapebulkp.com\/","name":"vapebulkp.com","description":"Buy Vape In Cheap Bulk Price Near you","publisher":{"@id":"https:\/\/vapebulkp.com\/#organization"},"potentialAction":[{"@type":"SearchAction","target":{"@type":"EntryPoint","urlTemplate":"https:\/\/vapebulkp.com\/?s={search_term_string}"},"query-input":"required name=search_term_string"}],"inLanguage":"sv-SE"},{"@type":"Organization","@id":"https:\/\/vapebulkp.com\/#organization","name":"vapebulkp.com","url":"https:\/\/vapebulkp.com\/","logo":{"@type":"ImageObject","inLanguage":"sv-SE","@id":"https:\/\/vapebulkp.com\/#\/schema\/logo\/image\/","url":"https:\/\/vapebulkp.com\/wp-content\/uploads\/2023\/09\/cropped-vapebulkp.png","contentUrl":"https:\/\/vapebulkp.com\/wp-content\/uploads\/2023\/09\/cropped-vapebulkp.png","width":516,"height":163,"caption":"vapebulkp.com"},"image":{"@id":"https:\/\/vapebulkp.com\/#\/schema\/logo\/image\/"}}]}},"uagb_featured_image_src":{"full":["https:\/\/vapebulkp.com\/wp-content\/uploads\/2025\/07\/Poland-Top-Selling-80000-Puffs-Vape-Mesii-7-in-1-Long-Lasting-Disposable-Vape-Pen.webp",800,800,false],"thumbnail":["https:\/\/vapebulkp.com\/wp-content\/uploads\/2025\/07\/Poland-Top-Selling-80000-Puffs-Vape-Mesii-7-in-1-Long-Lasting-Disposable-Vape-Pen-150x150.webp",150,150,true],"medium":["https:\/\/vapebulkp.com\/wp-content\/uploads\/2025\/07\/Poland-Top-Selling-80000-Puffs-Vape-Mesii-7-in-1-Long-Lasting-Disposable-Vape-Pen-300x300.webp",300,300,true],"medium_large":["https:\/\/vapebulkp.com\/wp-content\/uploads\/2025\/07\/Poland-Top-Selling-80000-Puffs-Vape-Mesii-7-in-1-Long-Lasting-Disposable-Vape-Pen-768x768.webp",768,768,true],"large":["https:\/\/vapebulkp.com\/wp-content\/uploads\/2025\/07\/Poland-Top-Selling-80000-Puffs-Vape-Mesii-7-in-1-Long-Lasting-Disposable-Vape-Pen.webp",800,800,false],"1536x1536":["https:\/\/vapebulkp.com\/wp-content\/uploads\/2025\/07\/Poland-Top-Selling-80000-Puffs-Vape-Mesii-7-in-1-Long-Lasting-Disposable-Vape-Pen.webp",800,800,false],"2048x2048":["https:\/\/vapebulkp.com\/wp-content\/uploads\/2025\/07\/Poland-Top-Selling-80000-Puffs-Vape-Mesii-7-in-1-Long-Lasting-Disposable-Vape-Pen.webp",800,800,false],"trp-custom-language-flag":["https:\/\/vapebulkp.com\/wp-content\/uploads\/2025\/07\/Poland-Top-Selling-80000-Puffs-Vape-Mesii-7-in-1-Long-Lasting-Disposable-Vape-Pen.webp",12,12,false],"woocommerce_thumbnail":["https:\/\/vapebulkp.com\/wp-content\/uploads\/2025\/07\/Poland-Top-Selling-80000-Puffs-Vape-Mesii-7-in-1-Long-Lasting-Disposable-Vape-Pen-300x300.webp",300,300,true],"woocommerce_single":["https:\/\/vapebulkp.com\/wp-content\/uploads\/2025\/07\/Poland-Top-Selling-80000-Puffs-Vape-Mesii-7-in-1-Long-Lasting-Disposable-Vape-Pen-600x600.webp",600,600,true],"woocommerce_gallery_thumbnail":["https:\/\/vapebulkp.com\/wp-content\/uploads\/2025\/07\/Poland-Top-Selling-80000-Puffs-Vape-Mesii-7-in-1-Long-Lasting-Disposable-Vape-Pen-100x100.webp",100,100,true],"wcpr-photo-reviews":["https:\/\/vapebulkp.com\/wp-content\/uploads\/2025\/07\/Poland-Top-Selling-80000-Puffs-Vape-Mesii-7-in-1-Long-Lasting-Disposable-Vape-Pen.webp",500,500,false]},"uagb_author_info":{"display_name":"Mandy vape bulk price","author_link":"https:\/\/vapebulkp.com\/sv\/author\/"},"uagb_comment_info":0,"uagb_excerpt":"Mesii 80000 Puffs 7-in-1 Disposable Vape with mesh coil, 35ML capacity, and Type-C charging. A high-end vape pen for smooth, long-lasting performance. Pls Contact Mandy's WhatsApp For Discount Price+8618077105796 NOTE: Prices on our website does not include shipping costs Main reason for purchase 1. Excellent quality and unparalleled performance. 2. Competitive price and fast value.&hellip;","_links":{"self":[{"href":"https:\/\/vapebulkp.com\/sv\/wp-json\/wp\/v2\/product\/3942","targetHints":{"allow":["GET"]}}],"collection":[{"href":"https:\/\/vapebulkp.com\/sv\/wp-json\/wp\/v2\/product"}],"about":[{"href":"https:\/\/vapebulkp.com\/sv\/wp-json\/wp\/v2\/types\/product"}],"replies":[{"embeddable":true,"href":"https:\/\/vapebulkp.com\/sv\/wp-json\/wp\/v2\/comments?post=3942"}],"wp:featuredmedia":[{"embeddable":true,"href":"https:\/\/vapebulkp.com\/sv\/wp-json\/wp\/v2\/media\/3940"}],"wp:attachment":[{"href":"https:\/\/vapebulkp.com\/sv\/wp-json\/wp\/v2\/media?parent=3942"}],"wp:term":[{"taxonomy":"product_cat","embeddable":true,"href":"https:\/\/vapebulkp.com\/sv\/wp-json\/wp\/v2\/product_cat?post=3942"},{"taxonomy":"product_tag","embeddable":true,"href":"https:\/\/vapebulkp.com\/sv\/wp-json\/wp\/v2\/product_tag?post=3942"}],"curies":[{"name":"wp","href":"https:\/\/api.w.org\/{rel}","templated":true}]}}