{"id":4020,"date":"2025-07-30T10:04:55","date_gmt":"2025-07-30T08:04:55","guid":{"rendered":"https:\/\/vapebulkp.com\/?post_type=product&#038;p=4020"},"modified":"2025-09-04T10:52:40","modified_gmt":"2025-09-04T08:52:40","slug":"rahdm-tornado-50000-puffs-disposable-vape-bulk-supplier","status":"publish","type":"product","link":"https:\/\/vapebulkp.com\/sv\/product\/rahdm-tornado-50000-puffs-disposable-vape-bulk-supplier\/","title":{"rendered":"RAHDM Tornado 50000 Puffs Eng\u00e5ngsvape Grossistleverant\u00f6r"},"content":{"rendered":"<h2>RAHDM Tornado 50000 Puffs Eng\u00e5ngsvape Grossistleverant\u00f6r<\/h2>\n<div class=\"pointer-events-none h-px w-px\" aria-hidden=\"true\" data-edge=\"true\">\n<p>Den <b>G19-RAHdM <a href=\"https:\/\/vapebulkp.com\/sv\/product-category\/50000-puffs-disposable-vape\/\">50000 Puffs Eng\u00e5ngs Vape<\/a><\/b> \u00e4r utformad f\u00f6r den kr\u00e4sne vejparen som kr\u00e4ver kraft, prestanda och bekv\u00e4mlighet i en och samma enhet. Detta \u00e4r inte bara en enkel <b>eng\u00e5ngsvape<\/b>; det \u00e4r ett avancerat vejpingsystem byggt f\u00f6r exceptionell uth\u00e5llighet. Med en massiv <b>50 ml f\u00f6rfylld tank<\/b> och <b>dubbel mesh-coil<\/b> teknik, levererar den otroligt t\u00e4t \u00e5nga och fyllig, konsekvent smak fr\u00e5n f\u00f6rsta puffen.<\/p>\n<p>Denna <b>l\u00e5ngvarig vape<\/b> drivs av ett robust <b>500 mAh uppladdningsbart batteri<\/b> med <b>Type-C snabbladdning<\/b>, vilket minimerar stillest\u00e5nd och s\u00e4kerst\u00e4ller en stabil, kraftfull upplevelse. En integrerad <b>digital sk\u00e4rm<\/b> ger realtidsuppdateringar om b\u00e5de e-v\u00e4tske- och batteriniv\u00e5er, vilket ger dig full kontroll \u00f6ver varje session.<\/p>\n<p>G19-RAHdM erbjuder en skr\u00e4ddarsydd upplevelse med flera vejpningsl\u00e4gen, inklusive Normal, Pulse+ och Off, vilket g\u00f6r att du kan anpassa din dragning. Med en <b>nikotinsalt<\/b> styrka p\u00e5 <b>2%<\/b>, ger den en mjuk, tillfredsst\u00e4llande k\u00e4nsla i halsen. Tillverkad av h\u00e5llbar PCTG, \u00e4r denna <b>premium eng\u00e5ngs e-cigarett<\/b> b\u00e5de kompakt och elegant. Det \u00e4r det perfekta <b>partihandel vape EU<\/b> alternativet f\u00f6r \u00e5terf\u00f6rs\u00e4ljare som letar efter en l\u00f6nsam produkt med h\u00f6g efterfr\u00e5gan.<\/p>\n<\/div>\n<h6><span style=\"color: #ff0000\">Kontakta Mandy via WhatsApp f\u00f6r rabatterat pris<a style=\"color: #ff0000\" href=\"https:\/\/wa.me\/8618077105796\">+8618077105796<\/a><\/span><\/h6>\n<p><img decoding=\"async\" class=\"alignnone wp-image-2151\" src=\"http:\/\/vapebulkp.com\/wp-content\/uploads\/2024\/04\/Mandy-WhatsApp-Randm.jpg\" alt=\"Mandy WhatsApp Randm\" width=\"271\" height=\"289\" srcset=\"https:\/\/vapebulkp.com\/wp-content\/uploads\/2024\/04\/Mandy-WhatsApp-Randm.jpg 916w, https:\/\/vapebulkp.com\/wp-content\/uploads\/2024\/04\/Mandy-WhatsApp-Randm-282x300.jpg 282w, https:\/\/vapebulkp.com\/wp-content\/uploads\/2024\/04\/Mandy-WhatsApp-Randm-768x817.jpg 768w, https:\/\/vapebulkp.com\/wp-content\/uploads\/2024\/04\/Mandy-WhatsApp-Randm-600x638.jpg 600w\" sizes=\"(max-width: 271px) 100vw, 271px\" \/><\/p>\n<h2><strong>Varf\u00f6r k\u00f6pa High Puff Count Vape RAHDM tornado 50000 puffs fr\u00e5n <a href=\"https:\/\/vapebulkp.com\/sv\/\">Vapebulkp.com<\/a>?<\/strong><\/h2>\n<p data-start=\"194\" data-end=\"484\">P\u00e5 Vapebulkp.com erbjuder vi den autentiska <strong data-start=\"235\" data-end=\"280\">RAHDM Tornado 50000 puffar smart vape<\/strong>\u00a0till konkurrenskraftiga grossistpriser med snabb och p\u00e5litlig frakt. V\u00e5ra kunder f\u00e5r \u00e4kta produkter med kvalitetss\u00e4kring, samt expertkundsupport f\u00f6r att hj\u00e4lpa dig att v\u00e4lja den perfekta vejpenheten.<\/p>\n<p data-start=\"486\" data-end=\"871\">Vi \u00e4r stolta \u00f6ver att erbjuda ett brett urval av h\u00f6gpresterande eng\u00e5ngsvejpar med funktioner som l\u00e5ngvarig batteritid, stor e-v\u00e4tskekapacitet och innovativ design - allt redo att skickas i bulk eller enstaka enheter. N\u00e4r du k\u00f6per fr\u00e5n Vapebulkp.com f\u00e5r du betrodda produkter, utm\u00e4rkt v\u00e4rde och en smidig shoppingupplevelse skr\u00e4ddarsydd f\u00f6r b\u00e5de \u00e5terf\u00f6rs\u00e4ljare och enskilda vejpare.<\/p>\n<div class=\"faqs-answer\">\n<h2 data-start=\"55\" data-end=\"63\">Vanliga fr\u00e5gor<\/h2>\n<p data-start=\"65\" data-end=\"223\"><strong data-start=\"65\" data-end=\"97\">Skickar ni RAHDM tornado vape partihandel 50k puffar internationellt?<\/strong><br data-start=\"97\" data-end=\"100\" \/>Ja, Vapebulkp.com skickar till de flesta l\u00e4nder v\u00e4rlden \u00f6ver och hanterar all tullklarering f\u00f6r att s\u00e4kerst\u00e4lla en smidig leveransprocess.<\/p>\n<p data-start=\"389\" data-end=\"542\"><strong data-start=\"389\" data-end=\"418\">Hur kan jag sp\u00e5ra min best\u00e4llning?<\/strong><br data-start=\"418\" data-end=\"421\" \/>N\u00e4r din best\u00e4llning har skickats f\u00e5r du ett sp\u00e5rningsnummer via e-post s\u00e5 att du enkelt kan \u00f6vervaka paketets status.<\/p>\n<p data-start=\"544\" data-end=\"699\"><strong data-start=\"544\" data-end=\"574\">Kan jag f\u00e5 snabbare leverans?<\/strong><br data-start=\"574\" data-end=\"577\" \/>F\u00f6r snabbare leverans rekommenderar vi att du best\u00e4ller fr\u00e5n v\u00e5rt europeiska lager som erbjuder snabbare hanterings- och leveranstider.<\/p>\n<p data-start=\"888\" data-end=\"1079\"><strong data-start=\"888\" data-end=\"950\">Vad ska jag g\u00f6ra om jag f\u00e5r en skadad eller felaktig produkt?<\/strong><br data-start=\"950\" data-end=\"953\" \/>Om du f\u00e5r en skadad eller defekt vara, v\u00e4nligen kontakta v\u00e5r kundtj\u00e4nst omedelbart f\u00f6r en ers\u00e4ttning eller l\u00f6sning.<\/p>\n<p data-start=\"1081\" data-end=\"1235\"><strong data-start=\"1081\" data-end=\"1125\">Hur kan jag kontakta er kundtj\u00e4nst?<\/strong><br data-start=\"1125\" data-end=\"1128\" \/>Du kan n\u00e5 oss via e-post, WhatsApp, eller via livechattfunktionen p\u00e5 v\u00e5r webbplats f\u00f6r snabb hj\u00e4lp.<\/p>\n<\/div>\n<h4><\/h4>\n<h2 data-start=\"52\" data-end=\"122\"><strong data-start=\"52\" data-end=\"122\">RAHDM tornado 50000 Puffs smarta vapes \u2013 Produktspecifikationer<\/strong><\/h2>\n<p><strong data-start=\"189\" data-end=\"198\">Modell<\/strong>: G19-RAHdM Eng\u00e5ngsvape<br data-start=\"225\" data-end=\"228\" \/><strong data-start=\"228\" data-end=\"242\">Antal bloss<\/strong>: Upp till 50000 bloss f\u00f6r l\u00e5ngvariga vapingsessioner<br data-start=\"294\" data-end=\"297\" \/><strong data-start=\"297\" data-end=\"318\">Nikotinstyrka<\/strong>: 2% Nikotinsalt f\u00f6r en len k\u00e4nsla i halsen<br data-start=\"360\" data-end=\"363\" \/><strong data-start=\"363\" data-end=\"384\">E-v\u00e4tskekapacitet<\/strong>: 50ml f\u00f6rfylld f\u00f6r ut\u00f6kad anv\u00e4ndning<br data-start=\"418\" data-end=\"421\" \/><strong data-start=\"421\" data-end=\"441\" data-is-only-node=\"\">Batterikapacitet<\/strong>: Inbyggt 500mAh uppladdningsbart batteri<br data-start=\"479\" data-end=\"482\" \/><strong data-start=\"482\" data-end=\"499\">Insp\u00e4nning<\/strong>: 3.2V till 3.6V stabil uteffekt<br data-start=\"533\" data-end=\"536\" \/><strong data-start=\"536\" data-end=\"549\">Coiltyp<\/strong>: Dubbel mesh-spole 1.0\u03a9 med Av, Normal och Pulse Plus-l\u00e4ge f\u00f6r anpassningsbar vapingupplevelse<br data-start=\"641\" data-end=\"644\" \/><strong data-start=\"644\" data-end=\"656\">Material<\/strong>: Slitstark och s\u00e4ker PCTG-kropp<br data-start=\"684\" data-end=\"687\" \/><strong data-start=\"687\" data-end=\"698\">Sk\u00e4rm<\/strong>: Integrerad digital sk\u00e4rm visar batteri- och e-v\u00e4tskeniv\u00e5er<br data-start=\"759\" data-end=\"762\" \/><strong data-start=\"762\" data-end=\"779\">Laddningsport<\/strong>: Snabbladdande Type-C USB-port<br data-start=\"810\" data-end=\"813\" \/><strong data-start=\"813\" data-end=\"821\">Storlek<\/strong>: Kompakt design 83mm \u00d7 53mm \u00d7 27mm f\u00f6r enkel b\u00e4rbarhet<\/p>\n<h2>RAHDM Tornado 50000 Puffs smaklista:<\/h2>\n<p class=\"selectable-text copyable-text x15bjb6t x1n2onr6\" dir=\"ltr\">1.Hallon vattenmelon<br \/>\n2.Jordgubbsglass<br \/>\n3.Red Bull Druva<br \/>\n4.Tropisk frukt<br \/>\n5.Banan<br \/>\n6.Bl\u00e5b\u00e4rsglass<br \/>\n7.Persikoglass<br \/>\n8.Ananas kokosn\u00f6t<br \/>\n9. Vattenmelon-is<br \/>\n10.Citron lime<br \/>\n11.Jordgubbsbanan<br \/>\n12.Mr bl\u00e5<br \/>\n13.Jordgubbsvattenmelon tuggummi<br \/>\n14.Rosa lemonad<br \/>\n15.K\u00f6rsb\u00e4rscola<br \/>\n16.Gummibj\u00f6rn<\/p>\n<p><span style=\"vertical-align: inherit\">Hitta fler produkter du kanske gillar:<\/span><em><a href=\"https:\/\/wa.me\/8618077105796\"><span style=\"vertical-align: inherit\">\u00a0K\u00f6p nu<\/span><\/a><\/em><\/p>\n<p><span style=\"vertical-align: inherit\">Andra Puffs du kanske gillar:<\/span><a href=\"https:\/\/vapebulkp.com\/sv\/product\/uzy-triple-60000-puffs-smart-vape-wholesale-3-in-1-flavor\/\"><span style=\"vertical-align: inherit\">UZY Vape 60000 Puffar<\/span><\/a><span style=\"vertical-align: inherit\">\u3001<\/span><a href=\"https:\/\/vapebulkp.com\/sv\/product\/vozol-rave-40000-puffs-hot-sale-nicotine-salt-disposable-vaporizer\/\"><span style=\"vertical-align: inherit\">Vozol Rave 40000 Puffar<\/span><\/a><span style=\"vertical-align: inherit\">\/ <\/span><a href=\"https:\/\/vapebulkp.com\/sv\/product\/bang-box-80000-puffs-3-in-1-wholesale-vape-supply\/\"><span style=\"vertical-align: inherit\">Bang Box 80000 bloss<\/span><\/a><span style=\"vertical-align: inherit\">\/ <\/span><a href=\"https:\/\/vapebulkp.com\/sv\/product\/bang-leader-85000-puffs-electronic-cigarette-wholesale-price-15-flavors\/\"><span style=\"vertical-align: inherit\">Bang Leader 85000 Puffar<\/span><\/a><\/p>\n<h2 data-start=\"55\" data-end=\"75\">Fraktmetoder<\/h2>\n<p data-start=\"77\" data-end=\"345\">P\u00e5 Vapebulkp.com samarbetar vi med ledande kurirer som UPS, DHL, FedEx och DPD f\u00f6r att erbjuda snabb och p\u00e5litlig frakt. Beroende p\u00e5 destinationsland v\u00e4ljer vi den l\u00e4mpligaste fraktmetoden f\u00f6r att s\u00e4kerst\u00e4lla att din best\u00e4llning anl\u00e4nder s\u00e5 snabbt och s\u00e4kert som m\u00f6jligt.<\/p>\n<ul data-start=\"347\" data-end=\"509\">\n<li data-start=\"347\" data-end=\"429\">\n<p data-start=\"349\" data-end=\"429\"><strong data-start=\"349\" data-end=\"383\">Frakt till Sverige:<\/strong> Tar vanligtvis cirka 10 dagar f\u00f6r leverans.<\/p>\n<\/li>\n<li data-start=\"430\" data-end=\"506\">\n<p data-start=\"432\" data-end=\"506\"><strong data-start=\"432\" data-end=\"467\">Frakt till europeiska l\u00e4nder:<\/strong> Tar vanligtvis mellan 12 till 15 dagar.<\/p>\n<\/li>\n<\/ul>\n<p data-start=\"510\" data-end=\"603\">Vi tillhandah\u00e5ller sp\u00e5rningsuppdateringar i realtid s\u00e5 att du kan \u00f6vervaka din leverans hela v\u00e4gen.<\/p>\n<p data-start=\"605\" data-end=\"856\">F\u00f6r att erbjuda dig en problemfri shoppingupplevelse hanterar vi alla tullklareringsprocedurer f\u00f6r din r\u00e4kning. Det finns inga extra skatter eller avgifter att oroa sig f\u00f6r, och vi garanterar att 100% av v\u00e5ra f\u00f6rs\u00e4ndelser framg\u00e5ngsrikt klarar tullen utan n\u00e5gra problem.<\/p>\n<p data-start=\"858\" data-end=\"956\">Handla tryggt p\u00e5 Vapebulkp.com med vetskapen om att din best\u00e4llning \u00e4r i experth\u00e4nder fr\u00e5n kassan till leverans.<\/p>","protected":false},"excerpt":{"rendered":"<article class=\"text-token-text-primary w-full\" dir=\"auto\" data-testid=\"conversation-turn-10\" data-scroll-anchor=\"true\">\n<div class=\"text-base my-auto mx-auto pb-10 [--thread-content-margin:--spacing(4)] @[37rem]:[--thread-content-margin:--spacing(6)] @[72rem]:[--thread-content-margin:--spacing(16)] px-(--thread-content-margin)\">\n<div class=\"[--thread-content-max-width:32rem] @[34rem]:[--thread-content-max-width:40rem] @[64rem]:[--thread-content-max-width:48rem] mx-auto flex max-w-(--thread-content-max-width) flex-1 text-base gap-4 md:gap-5 lg:gap-6 group\/turn-messages focus-visible:outline-hidden\">\n<div class=\"group\/conversation-turn relative flex w-full min-w-0 flex-col agent-turn\">\n<div class=\"relative flex-col gap-1 md:gap-3\">\n<div class=\"flex max-w-full flex-col grow\">\n<div class=\"min-h-8 text-message relative flex w-full flex-col items-end gap-2 text-start break-words whitespace-normal [.text-message+&amp;]:mt-5\" dir=\"auto\" data-message-author-role=\"assistant\" data-message-id=\"9612def3-530c-4871-9e19-e5f6b9349475\" data-message-model-slug=\"gpt-4o\">\n<div class=\"flex w-full flex-col gap-1 empty:hidden first:pt-[3px]\">\n<div class=\"markdown prose dark:prose-invert w-full break-words light\">\n<p data-start=\"64\" data-end=\"217\">Njut av upp till 50 000 lena bloss med G19 RAHDM eng\u00e5ngsvape, med 2 % nikotinsalt, 50 ml e-v\u00e4tska, en smart sk\u00e4rm och snabb Type-C-laddning.<\/p>\n<\/div>\n<\/div>\n<\/div>\n<\/div>\n<\/div>\n<\/div>\n<\/div>\n<\/div>\n<\/article>\n<p>Kontakta Mandy via WhatsApp f\u00f6r rabatterat pris<a href=\"https:\/\/wa.me\/8618077105796\">+8618077105796<\/a><\/p>\n<p><img decoding=\"async\" class=\"alignnone wp-image-2151\" src=\"http:\/\/vapebulkp.com\/wp-content\/uploads\/2024\/04\/Mandy-WhatsApp-Randm.jpg\" alt=\"Mandy WhatsApp Randm\" width=\"297\" height=\"316\" srcset=\"https:\/\/vapebulkp.com\/wp-content\/uploads\/2024\/04\/Mandy-WhatsApp-Randm.jpg 916w, https:\/\/vapebulkp.com\/wp-content\/uploads\/2024\/04\/Mandy-WhatsApp-Randm-282x300.jpg 282w, https:\/\/vapebulkp.com\/wp-content\/uploads\/2024\/04\/Mandy-WhatsApp-Randm-768x817.jpg 768w, https:\/\/vapebulkp.com\/wp-content\/uploads\/2024\/04\/Mandy-WhatsApp-Randm-600x638.jpg 600w\" sizes=\"(max-width: 297px) 100vw, 297px\" \/><\/p>\n<p><span style=\"color: #ff0000\">OBS: Priserna p\u00e5 v\u00e5r webbplats inkluderar inte fraktkostnader<\/span><\/p>\n<p>Huvudanledningar till k\u00f6p<br \/>\n1. Utm\u00e4rkt kvalitet och o\u00f6vertr\u00e4ffad prestanda.<\/p>\n<p>2. Konkurrenskraftigt pris och snabbt v\u00e4rde.<\/p>\n<p>3. Flera alternativ och snabb leverans.<\/p>\n<p>4. En tillfredsst\u00e4llande shoppingupplevelse<\/p>","protected":false},"featured_media":4017,"comment_status":"open","ping_status":"closed","template":"","meta":{"_uag_custom_page_level_css":"","_lmt_disableupdate":"no","_lmt_disable":"","site-sidebar-layout":"default","site-content-layout":"content-boxed-container","ast-site-content-layout":"normal-width-container","site-content-style":"boxed","site-sidebar-style":"unboxed","ast-global-header-display":"","ast-banner-title-visibility":"","ast-main-header-display":"","ast-hfb-above-header-display":"","ast-hfb-below-header-display":"","ast-hfb-mobile-header-display":"","site-post-title":"","ast-breadcrumbs-content":"","ast-featured-img":"","footer-sml-layout":"","theme-transparent-header-meta":"default","adv-header-id-meta":"","stick-header-meta":"","header-above-stick-meta":"","header-main-stick-meta":"","header-below-stick-meta":"","astra-migrate-meta-layouts":"set","_joinchat":[]},"product_cat":[194,153,155,33,59,100,87,34,158,157,154,152,58,84,156,63,32],"product_tag":[36,37,41,286,278,40],"class_list":["post-4020","product","type-product","status-publish","has-post-thumbnail","hentry","product_cat-50000-puffs-disposable-vape","product_cat-hot-disposable-vapes","product_cat-belgium-hot-disposable-vapes","product_cat-france-vape-hot-sale","product_cat-germany-hot-disposable-vape","product_cat-germany-wholesale-vape-shop","product_cat-minimum-order-quantity-50pcs","product_cat-netherlands-vape-good-sale","product_cat-norway-hot-disposable-vapes","product_cat-poland-hot-disposable-vapes","product_cat-portugal-hot-disposable-vapes","product_cat-spain-hot-disposable-vapes","product_cat-sweden-hot-disposable-vape","product_cat-sweden-wholesale-vape","product_cat-switzerland-hot-disposable-vapes","product_cat-top-sale-disposable-vape","product_cat-vape-hot-sale-this-week","product_tag-good-vape","product_tag-hot-sale-disposable-vape","product_tag-poland-hot-vape","product_tag-puffs-stock-in-europe","product_tag-rahdm-tornado-50000-puffs","product_tag-sweden-hot-vape","desktop-align-left","tablet-align-left","mobile-align-left"],"yoast_head":"<!-- This site is optimized with the Yoast SEO plugin v21.1 - https:\/\/yoast.com\/wordpress\/plugins\/seo\/ -->\n<title>RAHDM Tornado 50000 Puffs Disposable Vape Bulk Supplier - vapebulkp.com<\/title>\n<meta name=\"description\" content=\"Enjoy 50000 puffs of smooth flavor with the G19 RAHDM disposable vape featuring 2% nicotine salt, 50ml juice, smart display, and Type-C fast charging.\" \/>\n<meta name=\"robots\" content=\"index, follow, max-snippet:-1, max-image-preview:large, max-video-preview:-1\" \/>\n<link rel=\"canonical\" href=\"https:\/\/vapebulkp.com\/sv\/product\/rahdm-tornado-50000-puffs-disposable-vape-bulk-supplier\/\" \/>\n<meta property=\"og:locale\" content=\"sv_SE\" \/>\n<meta property=\"og:type\" content=\"article\" \/>\n<meta property=\"og:title\" content=\"RAHDM Tornado 50000 Puffs Disposable Vape Bulk Supplier - vapebulkp.com\" \/>\n<meta property=\"og:description\" content=\"Enjoy 50000 puffs of smooth flavor with the G19 RAHDM disposable vape featuring 2% nicotine salt, 50ml juice, smart display, and Type-C fast charging.\" \/>\n<meta property=\"og:url\" content=\"https:\/\/vapebulkp.com\/sv\/product\/rahdm-tornado-50000-puffs-disposable-vape-bulk-supplier\/\" \/>\n<meta property=\"og:site_name\" content=\"vapebulkp.com\" \/>\n<meta property=\"article:modified_time\" content=\"2025-09-04T08:52:40+00:00\" \/>\n<meta property=\"og:image\" content=\"http:\/\/vapebulkp.com\/wp-content\/uploads\/2025\/07\/RAHDM-Tornado-50000-Best-Long-Lasting-Disposable-Vape.webp\" \/>\n\t<meta property=\"og:image:width\" content=\"800\" \/>\n\t<meta property=\"og:image:height\" content=\"800\" \/>\n\t<meta property=\"og:image:type\" content=\"image\/webp\" \/>\n<meta name=\"twitter:card\" content=\"summary_large_image\" \/>\n<meta name=\"twitter:label1\" content=\"Ber\u00e4knad l\u00e4stid\" \/>\n\t<meta name=\"twitter:data1\" content=\"4 minuter\" \/>\n<script type=\"application\/ld+json\" class=\"yoast-schema-graph\">{\"@context\":\"https:\/\/schema.org\",\"@graph\":[{\"@type\":\"WebPage\",\"@id\":\"https:\/\/vapebulkp.com\/product\/rahdm-tornado-50000-puffs-disposable-vape-bulk-supplier\/\",\"url\":\"https:\/\/vapebulkp.com\/product\/rahdm-tornado-50000-puffs-disposable-vape-bulk-supplier\/\",\"name\":\"RAHDM Tornado 50000 Puffs Disposable Vape Bulk Supplier - vapebulkp.com\",\"isPartOf\":{\"@id\":\"https:\/\/vapebulkp.com\/#website\"},\"datePublished\":\"2025-07-30T08:04:55+00:00\",\"dateModified\":\"2025-09-04T08:52:40+00:00\",\"description\":\"Enjoy 50000 puffs of smooth flavor with the G19 RAHDM disposable vape featuring 2% nicotine salt, 50ml juice, smart display, and Type-C fast charging.\",\"breadcrumb\":{\"@id\":\"https:\/\/vapebulkp.com\/product\/rahdm-tornado-50000-puffs-disposable-vape-bulk-supplier\/#breadcrumb\"},\"inLanguage\":\"sv-SE\",\"potentialAction\":[{\"@type\":\"ReadAction\",\"target\":[\"https:\/\/vapebulkp.com\/product\/rahdm-tornado-50000-puffs-disposable-vape-bulk-supplier\/\"]}]},{\"@type\":\"BreadcrumbList\",\"@id\":\"https:\/\/vapebulkp.com\/product\/rahdm-tornado-50000-puffs-disposable-vape-bulk-supplier\/#breadcrumb\",\"itemListElement\":[{\"@type\":\"ListItem\",\"position\":1,\"name\":\"Home\",\"item\":\"https:\/\/vapebulkp.com\/\"},{\"@type\":\"ListItem\",\"position\":2,\"name\":\"Hot Trend Vapes\",\"item\":\"https:\/\/vapebulkp.com\/vape-shop\/\"},{\"@type\":\"ListItem\",\"position\":3,\"name\":\"RAHDM Tornado 50000 Puffs Disposable Vape Bulk Supplier\"}]},{\"@type\":\"WebSite\",\"@id\":\"https:\/\/vapebulkp.com\/#website\",\"url\":\"https:\/\/vapebulkp.com\/\",\"name\":\"vapebulkp.com\",\"description\":\"Buy Vape In Cheap Bulk Price Near you\",\"publisher\":{\"@id\":\"https:\/\/vapebulkp.com\/#organization\"},\"potentialAction\":[{\"@type\":\"SearchAction\",\"target\":{\"@type\":\"EntryPoint\",\"urlTemplate\":\"https:\/\/vapebulkp.com\/?s={search_term_string}\"},\"query-input\":\"required name=search_term_string\"}],\"inLanguage\":\"sv-SE\"},{\"@type\":\"Organization\",\"@id\":\"https:\/\/vapebulkp.com\/#organization\",\"name\":\"vapebulkp.com\",\"url\":\"https:\/\/vapebulkp.com\/\",\"logo\":{\"@type\":\"ImageObject\",\"inLanguage\":\"sv-SE\",\"@id\":\"https:\/\/vapebulkp.com\/#\/schema\/logo\/image\/\",\"url\":\"https:\/\/vapebulkp.com\/wp-content\/uploads\/2023\/09\/cropped-vapebulkp.png\",\"contentUrl\":\"https:\/\/vapebulkp.com\/wp-content\/uploads\/2023\/09\/cropped-vapebulkp.png\",\"width\":516,\"height\":163,\"caption\":\"vapebulkp.com\"},\"image\":{\"@id\":\"https:\/\/vapebulkp.com\/#\/schema\/logo\/image\/\"}}]}<\/script>\n<!-- \/ Yoast SEO plugin. -->","yoast_head_json":{"title":"RAHDM Tornado 50000 Puffs Disposable Vape Bulk Supplier - vapebulkp.com","description":"Enjoy 50000 puffs of smooth flavor with the G19 RAHDM disposable vape featuring 2% nicotine salt, 50ml juice, smart display, and Type-C fast charging.","robots":{"index":"index","follow":"follow","max-snippet":"max-snippet:-1","max-image-preview":"max-image-preview:large","max-video-preview":"max-video-preview:-1"},"canonical":"https:\/\/vapebulkp.com\/sv\/product\/rahdm-tornado-50000-puffs-disposable-vape-bulk-supplier\/","og_locale":"sv_SE","og_type":"article","og_title":"RAHDM Tornado 50000 Puffs Disposable Vape Bulk Supplier - vapebulkp.com","og_description":"Enjoy 50000 puffs of smooth flavor with the G19 RAHDM disposable vape featuring 2% nicotine salt, 50ml juice, smart display, and Type-C fast charging.","og_url":"https:\/\/vapebulkp.com\/sv\/product\/rahdm-tornado-50000-puffs-disposable-vape-bulk-supplier\/","og_site_name":"vapebulkp.com","article_modified_time":"2025-09-04T08:52:40+00:00","og_image":[{"width":800,"height":800,"url":"http:\/\/vapebulkp.com\/wp-content\/uploads\/2025\/07\/RAHDM-Tornado-50000-Best-Long-Lasting-Disposable-Vape.webp","type":"image\/webp"}],"twitter_card":"summary_large_image","twitter_misc":{"Ber\u00e4knad l\u00e4stid":"4 minuter"},"schema":{"@context":"https:\/\/schema.org","@graph":[{"@type":"WebPage","@id":"https:\/\/vapebulkp.com\/product\/rahdm-tornado-50000-puffs-disposable-vape-bulk-supplier\/","url":"https:\/\/vapebulkp.com\/product\/rahdm-tornado-50000-puffs-disposable-vape-bulk-supplier\/","name":"RAHDM Tornado 50000 Puffs Disposable Vape Bulk Supplier - vapebulkp.com","isPartOf":{"@id":"https:\/\/vapebulkp.com\/#website"},"datePublished":"2025-07-30T08:04:55+00:00","dateModified":"2025-09-04T08:52:40+00:00","description":"Enjoy 50000 puffs of smooth flavor with the G19 RAHDM disposable vape featuring 2% nicotine salt, 50ml juice, smart display, and Type-C fast charging.","breadcrumb":{"@id":"https:\/\/vapebulkp.com\/product\/rahdm-tornado-50000-puffs-disposable-vape-bulk-supplier\/#breadcrumb"},"inLanguage":"sv-SE","potentialAction":[{"@type":"ReadAction","target":["https:\/\/vapebulkp.com\/product\/rahdm-tornado-50000-puffs-disposable-vape-bulk-supplier\/"]}]},{"@type":"BreadcrumbList","@id":"https:\/\/vapebulkp.com\/product\/rahdm-tornado-50000-puffs-disposable-vape-bulk-supplier\/#breadcrumb","itemListElement":[{"@type":"ListItem","position":1,"name":"Home","item":"https:\/\/vapebulkp.com\/"},{"@type":"ListItem","position":2,"name":"Hot Trend Vapes","item":"https:\/\/vapebulkp.com\/vape-shop\/"},{"@type":"ListItem","position":3,"name":"RAHDM Tornado 50000 Puffs Disposable Vape Bulk Supplier"}]},{"@type":"WebSite","@id":"https:\/\/vapebulkp.com\/#website","url":"https:\/\/vapebulkp.com\/","name":"vapebulkp.com","description":"Buy Vape In Cheap Bulk Price Near you","publisher":{"@id":"https:\/\/vapebulkp.com\/#organization"},"potentialAction":[{"@type":"SearchAction","target":{"@type":"EntryPoint","urlTemplate":"https:\/\/vapebulkp.com\/?s={search_term_string}"},"query-input":"required name=search_term_string"}],"inLanguage":"sv-SE"},{"@type":"Organization","@id":"https:\/\/vapebulkp.com\/#organization","name":"vapebulkp.com","url":"https:\/\/vapebulkp.com\/","logo":{"@type":"ImageObject","inLanguage":"sv-SE","@id":"https:\/\/vapebulkp.com\/#\/schema\/logo\/image\/","url":"https:\/\/vapebulkp.com\/wp-content\/uploads\/2023\/09\/cropped-vapebulkp.png","contentUrl":"https:\/\/vapebulkp.com\/wp-content\/uploads\/2023\/09\/cropped-vapebulkp.png","width":516,"height":163,"caption":"vapebulkp.com"},"image":{"@id":"https:\/\/vapebulkp.com\/#\/schema\/logo\/image\/"}}]}},"uagb_featured_image_src":{"full":["https:\/\/vapebulkp.com\/wp-content\/uploads\/2025\/07\/RAHDM-Tornado-50000-Best-Long-Lasting-Disposable-Vape.webp",800,800,false],"thumbnail":["https:\/\/vapebulkp.com\/wp-content\/uploads\/2025\/07\/RAHDM-Tornado-50000-Best-Long-Lasting-Disposable-Vape-150x150.webp",150,150,true],"medium":["https:\/\/vapebulkp.com\/wp-content\/uploads\/2025\/07\/RAHDM-Tornado-50000-Best-Long-Lasting-Disposable-Vape-300x300.webp",300,300,true],"medium_large":["https:\/\/vapebulkp.com\/wp-content\/uploads\/2025\/07\/RAHDM-Tornado-50000-Best-Long-Lasting-Disposable-Vape-768x768.webp",768,768,true],"large":["https:\/\/vapebulkp.com\/wp-content\/uploads\/2025\/07\/RAHDM-Tornado-50000-Best-Long-Lasting-Disposable-Vape.webp",800,800,false],"1536x1536":["https:\/\/vapebulkp.com\/wp-content\/uploads\/2025\/07\/RAHDM-Tornado-50000-Best-Long-Lasting-Disposable-Vape.webp",800,800,false],"2048x2048":["https:\/\/vapebulkp.com\/wp-content\/uploads\/2025\/07\/RAHDM-Tornado-50000-Best-Long-Lasting-Disposable-Vape.webp",800,800,false],"trp-custom-language-flag":["https:\/\/vapebulkp.com\/wp-content\/uploads\/2025\/07\/RAHDM-Tornado-50000-Best-Long-Lasting-Disposable-Vape.webp",12,12,false],"woocommerce_thumbnail":["https:\/\/vapebulkp.com\/wp-content\/uploads\/2025\/07\/RAHDM-Tornado-50000-Best-Long-Lasting-Disposable-Vape-300x300.webp",300,300,true],"woocommerce_single":["https:\/\/vapebulkp.com\/wp-content\/uploads\/2025\/07\/RAHDM-Tornado-50000-Best-Long-Lasting-Disposable-Vape-600x600.webp",600,600,true],"woocommerce_gallery_thumbnail":["https:\/\/vapebulkp.com\/wp-content\/uploads\/2025\/07\/RAHDM-Tornado-50000-Best-Long-Lasting-Disposable-Vape-100x100.webp",100,100,true],"wcpr-photo-reviews":["https:\/\/vapebulkp.com\/wp-content\/uploads\/2025\/07\/RAHDM-Tornado-50000-Best-Long-Lasting-Disposable-Vape.webp",500,500,false]},"uagb_author_info":{"display_name":"Mandy vape bulk price","author_link":"https:\/\/vapebulkp.com\/sv\/author\/"},"uagb_comment_info":0,"uagb_excerpt":"Enjoy up to 50,000 smooth puffs with the G19 RAHDM disposable vape, featuring 2% nicotine salt, 50ml e-liquid, a smart display, and fast Type-C charging. Pls Contact Mandy's WhatsApp For Discount Price+8618077105796 NOTE: Prices on our website does not include shipping costs Main reason for purchase 1. Excellent quality and unparalleled performance. 2. Competitive price&hellip;","_links":{"self":[{"href":"https:\/\/vapebulkp.com\/sv\/wp-json\/wp\/v2\/product\/4020","targetHints":{"allow":["GET"]}}],"collection":[{"href":"https:\/\/vapebulkp.com\/sv\/wp-json\/wp\/v2\/product"}],"about":[{"href":"https:\/\/vapebulkp.com\/sv\/wp-json\/wp\/v2\/types\/product"}],"replies":[{"embeddable":true,"href":"https:\/\/vapebulkp.com\/sv\/wp-json\/wp\/v2\/comments?post=4020"}],"wp:featuredmedia":[{"embeddable":true,"href":"https:\/\/vapebulkp.com\/sv\/wp-json\/wp\/v2\/media\/4017"}],"wp:attachment":[{"href":"https:\/\/vapebulkp.com\/sv\/wp-json\/wp\/v2\/media?parent=4020"}],"wp:term":[{"taxonomy":"product_cat","embeddable":true,"href":"https:\/\/vapebulkp.com\/sv\/wp-json\/wp\/v2\/product_cat?post=4020"},{"taxonomy":"product_tag","embeddable":true,"href":"https:\/\/vapebulkp.com\/sv\/wp-json\/wp\/v2\/product_tag?post=4020"}],"curies":[{"name":"wp","href":"https:\/\/api.w.org\/{rel}","templated":true}]}}