{"id":4106,"date":"2025-08-14T05:55:48","date_gmt":"2025-08-14T03:55:48","guid":{"rendered":"https:\/\/vapebulkp.com\/?post_type=product&#038;p=4106"},"modified":"2025-09-24T05:12:19","modified_gmt":"2025-09-24T03:12:19","slug":"wholesale-bang-legend-120000-puffs-disposable-vape-bulk-price","status":"publish","type":"product","link":"https:\/\/vapebulkp.com\/sv\/product\/wholesale-bang-legend-120000-puffs-disposable-vape-bulk-price\/","title":{"rendered":"Grossist Bang Legend 120000 Puffs Eng\u00e5ngsvape Partipris"},"content":{"rendered":"<h2>Grossist Bang Legend 120000 Puffs Eng\u00e5ngsvape Partipris<\/h2>\n<div class=\"pointer-events-none h-px w-px\" aria-hidden=\"true\" data-edge=\"true\">\n<p>Grossistvape Bang Legend 120000 Puffs \u00e4r en revolution inom eng\u00e5ngsvape-teknologi. Denna enhet \u00e4r konstruerad f\u00f6r monumental livsl\u00e4ngd och smak, och kommer att bli en stors\u00e4ljare. Den har ett banbrytande 5-i-1-smaksystem, f\u00f6rfyllt med massiva 40 ml premium e-v\u00e4tska. Denna innovativa design erbjuder enast\u00e5ende smakvariation i en enda enhet, vilket eliminerar smattr\u00f6tthet och s\u00e4kerst\u00e4ller kundlojalitet.<\/p>\n<p>Ett kraftfullt 650 mAh laddningsbart batteri och en bekv\u00e4m Type-C laddningsport s\u00e4kerst\u00e4ller att du f\u00e5r full anv\u00e4ndning av den otroliga kapaciteten p\u00e5 120 000 bloss. Den avancerade 1,0\u03a9 mesh-spolteknologin levererar konsekvent fyllig, len \u00e5nga, vilket ger ett felfritt Mouth-to-Lung (MTL) drag varje g\u00e5ng.<\/p>\n<p>F\u00f6r \u00e5terf\u00f6rs\u00e4ljare \u00e4r Bang Legend en strategisk tillg\u00e5ng. Du kan dra nytta av v\u00e5rt konkurrenskraftiga partipris och garanterade \u00e4kthet. Bang Legend <a href=\"https:\/\/vapebulkp.com\/sv\/product-category\/120000-puffs-disposable-vape\/\">120000 Puffs Eng\u00e5ngsvape<\/a> f\u00f6renklar lagerhanteringen och erbjuder en premiumprodukt som kommer att locka nya kunder och \u00f6ka \u00e5terkommande aff\u00e4rer.<\/p>\n<\/div>\n<h6><span style=\"color: #ff0000\">Kontakta Mandy via WhatsApp f\u00f6r rabatterat pris<a style=\"color: #ff0000\" href=\"https:\/\/wa.me\/8618077105796\">+8618077105796<\/a><\/span><\/h6>\n<p><img decoding=\"async\" class=\"alignnone wp-image-2151\" src=\"http:\/\/vapebulkp.com\/wp-content\/uploads\/2024\/04\/Mandy-WhatsApp-Randm.jpg\" alt=\"Mandy WhatsApp Randm\" width=\"271\" height=\"289\" srcset=\"https:\/\/vapebulkp.com\/wp-content\/uploads\/2024\/04\/Mandy-WhatsApp-Randm.jpg 916w, https:\/\/vapebulkp.com\/wp-content\/uploads\/2024\/04\/Mandy-WhatsApp-Randm-282x300.jpg 282w, https:\/\/vapebulkp.com\/wp-content\/uploads\/2024\/04\/Mandy-WhatsApp-Randm-768x817.jpg 768w, https:\/\/vapebulkp.com\/wp-content\/uploads\/2024\/04\/Mandy-WhatsApp-Randm-600x638.jpg 600w\" sizes=\"(max-width: 271px) 100vw, 271px\" \/><\/p>\n<h2><strong>Varf\u00f6r k\u00f6pa E-cigarett Bang Legend 120k Puffs p\u00e5 <a href=\"https:\/\/vapebulkp.com\/sv\/\">Vapebulkp.com<\/a>?<\/strong><\/h2>\n<p>Att v\u00e4lja Vapebulkp.com f\u00f6r din <b>Bang Legend 120000 Puffar<\/b> Vape Box erbjuder en premium k\u00f6pupplevelse med oslagbart v\u00e4rde.<\/p>\n<ul>\n<li><b>B\u00e4sta Grossistpriser:<\/b> Vi specialiserar oss p\u00e5 parti, vilket garanterar dig de l\u00e4gsta priserna p\u00e5 marknaden.<\/li>\n<li><b>100% \u00c4kta:<\/b> Vi h\u00e4mtar direkt fr\u00e5n tillverkaren, vilket s\u00e4kerst\u00e4ller att varje enhet \u00e4r genuin.<\/li>\n<li><b>Snabb<\/b> V\u00e5r logistik \u00e4r optimerad f\u00f6r snabb och s\u00e4ker leverans i Sverige.<\/li>\n<li><b>Dedikerad support:<\/b> V\u00e5rt team \u00e4r alltid redo att hj\u00e4lpa till med din best\u00e4llning, vilket g\u00f6r processen smidig.<\/li>\n<\/ul>\n<div class=\"faqs-answer\"><\/div>\n<h4><\/h4>\n<h2 data-start=\"52\" data-end=\"122\"><strong data-start=\"52\" data-end=\"122\">Grossist Vape Bang Legend 120000 Puffs\u2013 Produktspecifikationer<\/strong><\/h2>\n<table style=\"height: 364px\" width=\"1111\">\n<thead>\n<tr>\n<td>Antal bloss<\/td>\n<td>En extraordin\u00e4r <b>120 000 bloss<\/b>, erbjuder en <b>ut\u00f6kad vapingupplevelse<\/b>.<\/td>\n<\/tr>\n<\/thead>\n<tbody>\n<tr>\n<td>E-v\u00e4tskekapacitet<\/td>\n<td><b>40 ml<\/b> av f\u00f6rfylld <b>premium e-v\u00e4tska<\/b>.<\/td>\n<\/tr>\n<tr>\n<td>Smaksystem<\/td>\n<td><b>Sofistikerad 5-i-1 smakrumsteknologi<\/b>, som ger en o\u00f6vertr\u00e4ffad variation.<\/td>\n<\/tr>\n<tr>\n<td>Coil Teknologi<\/td>\n<td><b>Avancerad 1,0\u03a9 Mesh Coil<\/b>, konstruerad f\u00f6r en <b>lyxig \u00e5ngupplevelse<\/b> och <b>ren smakupplevelse<\/b>.<\/td>\n<\/tr>\n<tr>\n<td>Batteri<\/td>\n<td>A <b>h\u00f6gpresterande 650mAh uppladdningsbart batteri<\/b>, designat f\u00f6r <b>konsekvent kraft hela dagen<\/b>.<\/td>\n<\/tr>\n<tr>\n<td>Nikotinstyrka<\/td>\n<td>Tillg\u00e4nglig i <b>2%,5%<\/b>, som tillgodoser ett brett spektrum av preferenser.<\/td>\n<\/tr>\n<tr>\n<td>Smakprofiler<\/td>\n<td><b>12 noggrant utvalda smakkombinationer<\/b>, framtagna f\u00f6r de mest <b>kr\u00e4sna smakl\u00f6karna<\/b>.<\/td>\n<\/tr>\n<tr>\n<td>Sk\u00e4rm<\/td>\n<td>An <b>intelligent LED-sk\u00e4rm<\/b>, som ger <b>insikter i realtid<\/b> om batteritid och e-v\u00e4tskeniv\u00e5er.<\/td>\n<\/tr>\n<tr>\n<td>Design<\/td>\n<td><b>Smidig, ergonomisk och kompakt design<\/b> f\u00f6r en verkligt <b>premiumupplevelse n\u00e4r du \u00e4r p\u00e5 spr\u00e5ng<\/b>.<\/td>\n<\/tr>\n<\/tbody>\n<\/table>\n<h2>Bang Legend 120000 Puffs Vape Kits smaklista:<\/h2>\n<p>1.Energidryck \/ Bl\u00e5b\u00e4rsb\u00e4r K\u00f6rsb\u00e4r \/ \u00c4ppel Grape \/ Vattenmelon Drakfrukt \/ Mamba<\/p>\n<p>2.Energidryck \/ Persika Is \/ Mango Is \/ Gojib\u00e4r \/ Svarta Vinb\u00e4r<\/p>\n<p>3.Bl\u00e5b\u00e4r Hallon \/ Persika Mango Vattenmelon \/ K\u00f6rsb\u00e4r Cola \/ Druva Bj\u00f6rnb\u00e4r Is \/ Mango Persika Aprikos<\/p>\n<p>4.Bl\u00e5b\u00e4r Hallon \/ Svart Drak Is \/ Regnb\u00e5gsgodis \/ Fuji Is \/ Vattenmelon Sur Persika<\/p>\n<p>5.Bl\u00e5b\u00e4rsis \/ Kiwi passionsfrukt guava \/ Trippelmelon \/ Persika ananas \/ Passionerad kyss<\/p>\n<p>6.Bl\u00e5b\u00e4rsis \/ Vattenmelon tuggummi \/ Sur \u00e4pple hallon \/ Lotusfrukt mango melon \/ Passionsfrukt kiwi lime<\/p>\n<p>7.Vattenmelonis \/ Blandade b\u00e4r \/ \u00c4pple p\u00e4ron \/ Bl\u00e5b\u00e4r mynta \/ Sommartid<\/p>\n<p>8.Vattenmelonis \/ Jordgubb mango \/ California k\u00f6rsb\u00e4r \/ Bl\u00e5b\u00e4r persikais \/ B\u00e4rkall<\/p>\n<p>9.Jordgubb vattenmelon \/ Druvis \/ R\u00f6d mojito \/ Bananis \/ Citron lime<\/p>\n<p>10.Jordgubb vattenmelon \/ Cantaloupemelon \u00e4pple \/ Colais \/ Mango persika \/ Love 66<\/p>\n<p>11.Jordgubb kiwi \/ Jordgubb banan \/ Litchiis \/ Vattenmelon b\u00e4r \/ Passionsfrukt mango<\/p>\n<p>12.Jordgubb kiwi \/ Bl\u00e5b\u00e4r vattenmelon \/ Bj\u00f6rnfudge \/ Bl\u00e5b\u00e4r tuggummi \/ Sur mango ananas<\/p>\n<p><a href=\"https:\/\/vapebulkp.com\/sv\/product\/wholesale-vape-okso-60000-puffs-dual-flavor-disposable-device\/\"><span style=\"vertical-align: inherit\">OKSO VAPE 60000 bloss<\/span><\/a><\/p>\n<p><span style=\"vertical-align: inherit\">Hitta fler produkter du kanske gillar:<\/span><em><a href=\"https:\/\/wa.me\/8618077105796\"><span style=\"vertical-align: inherit\">\u00a0K\u00f6p nu<\/span><\/a><\/em><\/p>\n<p><span style=\"vertical-align: inherit\">Andra Puffs du kanske gillar:<\/span><a href=\"https:\/\/vapebulkp.com\/sv\/product\/aivono-fat-bear-80000-puffs-3-flavors-modes-disposable-vape-bulk-wholesale\/\"><span style=\"vertical-align: inherit\">Aivono Fat Bear 80000 bloss<\/span><\/a><span style=\"vertical-align: inherit\">\u3001<\/span><a href=\"https:\/\/vapebulkp.com\/sv\/product\/vozol-rave-40000-puffs-hot-sale-nicotine-salt-disposable-vaporizer\/\"><span style=\"vertical-align: inherit\">Vozol Rave 40000 Puffar<\/span><\/a><span style=\"vertical-align: inherit\">\/ <\/span><a href=\"https:\/\/vapebulkp.com\/sv\/product\/bang-box-80000-puffs-3-in-1-wholesale-vape-supply\/\"><span style=\"vertical-align: inherit\">Bang Box 80000 bloss<\/span><\/a><span style=\"vertical-align: inherit\">\/ <\/span><a href=\"https:\/\/vapebulkp.com\/sv\/product\/vapme-shisha-30000-puffs-hot-sale-rechargeable-e-cigarette\/\"><span style=\"vertical-align: inherit\">\u00a0Vapme shisha 30000 bloss<\/span><\/a><\/p>\n<p><a href=\"https:\/\/vapebulkp.com\/sv\/product\/fizzy-max-60000-puffs-6-in-1-high-capacity-vaping-device\/\"><span style=\"vertical-align: inherit\">Fizzy Max 60000 bloss<\/span><\/a><\/p>\n<div class=\"faqs-answer\">\n<h2 data-start=\"55\" data-end=\"63\">Vanliga fr\u00e5gor om Bang Legend 120000 Puff:<\/h2>\n<p><b>F1: Vad g\u00f6r Bang Legend 120000 Puffs unik?<\/b><\/p>\n<p><b>Svar 1:<\/b> Bang Legend \u00e4r en innovativ eng\u00e5ngsvape med en imponerande <b>120 000 puffkapacitet<\/b> och ett unikt <b>5-i-1 smakskammarsystem<\/b>. Den \u00e4r designad f\u00f6r l\u00e5ngvarig anv\u00e4ndning med otrolig smakvariation, allt i en enda h\u00f6gpresterande enhet.<\/p>\n<p><b>F2: Hur fungerar 5-i-1-smaksystemet?<\/b><\/p>\n<p><b>Svar 2:<\/b> Enheten levereras f\u00f6rfylld med <b>fem olika smakskidor<\/b>, totalt 4<b>0 ml e-v\u00e4tska<\/b>Du kan enkelt v\u00e4xla mellan dessa smaker med en knapptryckning eller en enkel vridning, s\u00e5 att du kan njuta av en ny smak n\u00e4r du vill<\/p>\n<p><b>F3: \u00c4r Bang Vape 120k puffs laddningsbar?<\/b><\/p>\n<p><b>Svar 3:<\/b> Ja, den \u00e4r utrustad med ett 6<b>50mAh batteri<\/b> och en <b>Type-C laddningsport<\/b>, s\u00e5 du kan enkelt ladda den f\u00f6r att anv\u00e4nda all e-juice.<\/p>\n<p data-start=\"389\" data-end=\"542\"><strong data-start=\"389\" data-end=\"418\">F4:Hur kan jag sp\u00e5ra min best\u00e4llning?<\/strong><br data-start=\"418\" data-end=\"421\" \/><strong data-start=\"173\" data-end=\"179\">S4:<\/strong>N\u00e4r din best\u00e4llning har skickats f\u00e5r du ett sp\u00e5rningsnummer via e-post s\u00e5 att du enkelt kan \u00f6vervaka paketets status.<\/p>\n<p data-start=\"544\" data-end=\"699\"><strong data-start=\"544\" data-end=\"574\">F5:Kan jag f\u00e5 snabbare frakt?<\/strong><br data-start=\"574\" data-end=\"577\" \/><strong data-start=\"173\" data-end=\"179\">S5:<\/strong>F\u00f6r snabbare leverans rekommenderar vi att du best\u00e4ller fr\u00e5n v\u00e5rt europeiska lager som erbjuder snabbare hanterings- och leveranstider.<\/p>\n<p data-start=\"888\" data-end=\"1079\"><strong data-start=\"888\" data-end=\"950\">F6:Vad ska jag g\u00f6ra om jag f\u00e5r en skadad eller felaktig produkt?<\/strong><br data-start=\"950\" data-end=\"953\" \/><strong data-start=\"173\" data-end=\"179\">S6:<\/strong>Om du f\u00e5r en skadad eller defekt vara, v\u00e4nligen kontakta v\u00e5r kundtj\u00e4nst omedelbart f\u00f6r en ers\u00e4ttning eller l\u00f6sning.<\/p>\n<p data-start=\"1081\" data-end=\"1235\"><strong data-start=\"1081\" data-end=\"1125\">F7:Hur kan jag kontakta er kundtj\u00e4nst?<\/strong><br data-start=\"1125\" data-end=\"1128\" \/><strong data-start=\"173\" data-end=\"179\">Svar 7:<\/strong>Du kan n\u00e5 oss via e-post, WhatsApp, eller via livechattfunktionen p\u00e5 v\u00e5r webbplats f\u00f6r snabb hj\u00e4lp.<\/p>\n<\/div>","protected":false},"excerpt":{"rendered":"<article class=\"text-token-text-primary w-full\" dir=\"auto\" data-testid=\"conversation-turn-10\" data-scroll-anchor=\"true\">\n<div class=\"text-base my-auto mx-auto pb-10 [--thread-content-margin:--spacing(4)] @[37rem]:[--thread-content-margin:--spacing(6)] @[72rem]:[--thread-content-margin:--spacing(16)] px-(--thread-content-margin)\">\n<div class=\"[--thread-content-max-width:32rem] @[34rem]:[--thread-content-max-width:40rem] @[64rem]:[--thread-content-max-width:48rem] mx-auto flex max-w-(--thread-content-max-width) flex-1 text-base gap-4 md:gap-5 lg:gap-6 group\/turn-messages focus-visible:outline-hidden\">\n<div class=\"group\/conversation-turn relative flex w-full min-w-0 flex-col agent-turn\">\n<div class=\"relative flex-col gap-1 md:gap-3\">\n<div class=\"flex max-w-full flex-col grow\">\n<div class=\"min-h-8 text-message relative flex w-full flex-col items-end gap-2 text-start break-words whitespace-normal [.text-message+&amp;]:mt-5\" dir=\"auto\" data-message-author-role=\"assistant\" data-message-id=\"9612def3-530c-4871-9e19-e5f6b9349475\" data-message-model-slug=\"gpt-4o\">\n<div class=\"flex w-full flex-col gap-1 empty:hidden first:pt-[3px]\">\n<div class=\"markdown prose dark:prose-invert w-full break-words light\">\n<p data-start=\"313\" data-end=\"481\">Bang Legend 120000 Puffs \u00e4r en l\u00e5ngvarig, laddningsbar eng\u00e5ngsvape. Njut av 5 smaker i en enhet med en massiv e-juicekapacitet p\u00e5 40 ml. Handla till l\u00e5ga priser nu!<span style=\"color: #cc99ff\">Vi erbjuder denna produkt med en minsta best\u00e4llningskvantitet p\u00e5 endast 50 st, vilket g\u00f6r det enklare att g\u00f6ra dina massbest\u00e4llningar.<\/span>)<\/p>\n<\/div>\n<\/div>\n<\/div>\n<\/div>\n<\/div>\n<\/div>\n<\/div>\n<\/div>\n<\/article>\n<p>Kontakta Mandys WhatsApp f\u00f6r rabatterat pris\ud83d\udcf1<span style=\"color: #ff0000\"><a style=\"color: #ff0000\" href=\"https:\/\/wa.me\/8618077105796\">+8618077105796<\/a><\/span><\/p>\n<p><img decoding=\"async\" class=\"alignnone wp-image-2151\" src=\"http:\/\/vapebulkp.com\/wp-content\/uploads\/2024\/04\/Mandy-WhatsApp-Randm.jpg\" alt=\"Mandy WhatsApp Randm\" width=\"297\" height=\"316\" srcset=\"https:\/\/vapebulkp.com\/wp-content\/uploads\/2024\/04\/Mandy-WhatsApp-Randm.jpg 916w, https:\/\/vapebulkp.com\/wp-content\/uploads\/2024\/04\/Mandy-WhatsApp-Randm-282x300.jpg 282w, https:\/\/vapebulkp.com\/wp-content\/uploads\/2024\/04\/Mandy-WhatsApp-Randm-768x817.jpg 768w, https:\/\/vapebulkp.com\/wp-content\/uploads\/2024\/04\/Mandy-WhatsApp-Randm-600x638.jpg 600w\" sizes=\"(max-width: 297px) 100vw, 297px\" \/><\/p>\n<p><span style=\"color: #ff0000\">OBS: Priserna p\u00e5 v\u00e5r webbplats inkluderar inte fraktkostnader<\/span><\/p>\n<p>Huvudanledningar till k\u00f6p<br \/>\n1. Utm\u00e4rkt kvalitet och o\u00f6vertr\u00e4ffad prestanda.<\/p>\n<p>2. Konkurrenskraftigt pris och snabbt v\u00e4rde.<\/p>\n<p>3. Flera alternativ och snabb leverans.<\/p>\n<p>4. En tillfredsst\u00e4llande shoppingupplevelse<\/p>","protected":false},"featured_media":4102,"comment_status":"open","ping_status":"closed","template":"","meta":{"_uag_custom_page_level_css":"","_lmt_disableupdate":"no","_lmt_disable":"","site-sidebar-layout":"default","site-content-layout":"content-boxed-container","ast-site-content-layout":"normal-width-container","site-content-style":"boxed","site-sidebar-style":"unboxed","ast-global-header-display":"","ast-banner-title-visibility":"","ast-main-header-display":"","ast-hfb-above-header-display":"","ast-hfb-below-header-display":"","ast-hfb-mobile-header-display":"","site-post-title":"","ast-breadcrumbs-content":"","ast-featured-img":"","footer-sml-layout":"","theme-transparent-header-meta":"default","adv-header-id-meta":"","stick-header-meta":"","header-above-stick-meta":"","header-main-stick-meta":"","header-below-stick-meta":"","astra-migrate-meta-layouts":"set","_joinchat":[]},"product_cat":[291,153,345,155,33,59,100,87,34,158,157,154,152,58,84,156,63,32],"product_tag":[36,37,41,40],"class_list":["post-4106","product","type-product","status-publish","has-post-thumbnail","hentry","product_cat-120000-puffs-disposable-vape","product_cat-hot-disposable-vapes","product_cat-bang-vapes","product_cat-belgium-hot-disposable-vapes","product_cat-france-vape-hot-sale","product_cat-germany-hot-disposable-vape","product_cat-germany-wholesale-vape-shop","product_cat-minimum-order-quantity-50pcs","product_cat-netherlands-vape-good-sale","product_cat-norway-hot-disposable-vapes","product_cat-poland-hot-disposable-vapes","product_cat-portugal-hot-disposable-vapes","product_cat-spain-hot-disposable-vapes","product_cat-sweden-hot-disposable-vape","product_cat-sweden-wholesale-vape","product_cat-switzerland-hot-disposable-vapes","product_cat-top-sale-disposable-vape","product_cat-vape-hot-sale-this-week","product_tag-good-vape","product_tag-hot-sale-disposable-vape","product_tag-poland-hot-vape","product_tag-sweden-hot-vape","pa_brand-bang-vape","desktop-align-left","tablet-align-left","mobile-align-left"],"yoast_head":"<!-- This site is optimized with the Yoast SEO plugin v21.1 - https:\/\/yoast.com\/wordpress\/plugins\/seo\/ -->\n<title>Wholesale Bang Legend 120000 Puffs Disposable Vape Bulk Price - vapebulkp.com<\/title>\n<meta name=\"description\" content=\"Wholesale Bang Legend 120000 Puffs Disposable Vape. Features a 5-in-1 flavor system, 40mL e-liquid, and a rechargeable battery. Get the best bulk price for your business.\" \/>\n<meta name=\"robots\" content=\"index, follow, max-snippet:-1, max-image-preview:large, max-video-preview:-1\" \/>\n<link rel=\"canonical\" href=\"https:\/\/vapebulkp.com\/sv\/product\/wholesale-bang-legend-120000-puffs-disposable-vape-bulk-price\/\" \/>\n<meta property=\"og:locale\" content=\"sv_SE\" \/>\n<meta property=\"og:type\" content=\"article\" \/>\n<meta property=\"og:title\" content=\"Wholesale Bang Legend 120000 Puffs Disposable Vape Bulk Price - vapebulkp.com\" \/>\n<meta property=\"og:description\" content=\"Wholesale Bang Legend 120000 Puffs Disposable Vape. Features a 5-in-1 flavor system, 40mL e-liquid, and a rechargeable battery. Get the best bulk price for your business.\" \/>\n<meta property=\"og:url\" content=\"https:\/\/vapebulkp.com\/sv\/product\/wholesale-bang-legend-120000-puffs-disposable-vape-bulk-price\/\" \/>\n<meta property=\"og:site_name\" content=\"vapebulkp.com\" \/>\n<meta property=\"article:modified_time\" content=\"2025-09-24T03:12:19+00:00\" \/>\n<meta property=\"og:image\" content=\"http:\/\/vapebulkp.com\/wp-content\/uploads\/2025\/08\/Wholesale-Vape-Bang-Legend-120K-Puffs-Vape-Pen.webp\" \/>\n\t<meta property=\"og:image:width\" content=\"800\" \/>\n\t<meta property=\"og:image:height\" content=\"800\" \/>\n\t<meta property=\"og:image:type\" content=\"image\/webp\" \/>\n<meta name=\"twitter:card\" content=\"summary_large_image\" \/>\n<meta name=\"twitter:label1\" content=\"Ber\u00e4knad l\u00e4stid\" \/>\n\t<meta name=\"twitter:data1\" content=\"4 minuter\" \/>\n<script type=\"application\/ld+json\" class=\"yoast-schema-graph\">{\"@context\":\"https:\/\/schema.org\",\"@graph\":[{\"@type\":\"WebPage\",\"@id\":\"https:\/\/vapebulkp.com\/product\/wholesale-bang-legend-120000-puffs-disposable-vape-bulk-price\/\",\"url\":\"https:\/\/vapebulkp.com\/product\/wholesale-bang-legend-120000-puffs-disposable-vape-bulk-price\/\",\"name\":\"Wholesale Bang Legend 120000 Puffs Disposable Vape Bulk Price - vapebulkp.com\",\"isPartOf\":{\"@id\":\"https:\/\/vapebulkp.com\/#website\"},\"datePublished\":\"2025-08-14T03:55:48+00:00\",\"dateModified\":\"2025-09-24T03:12:19+00:00\",\"description\":\"Wholesale Bang Legend 120000 Puffs Disposable Vape. Features a 5-in-1 flavor system, 40mL e-liquid, and a rechargeable battery. Get the best bulk price for your business.\",\"breadcrumb\":{\"@id\":\"https:\/\/vapebulkp.com\/product\/wholesale-bang-legend-120000-puffs-disposable-vape-bulk-price\/#breadcrumb\"},\"inLanguage\":\"sv-SE\",\"potentialAction\":[{\"@type\":\"ReadAction\",\"target\":[\"https:\/\/vapebulkp.com\/product\/wholesale-bang-legend-120000-puffs-disposable-vape-bulk-price\/\"]}]},{\"@type\":\"BreadcrumbList\",\"@id\":\"https:\/\/vapebulkp.com\/product\/wholesale-bang-legend-120000-puffs-disposable-vape-bulk-price\/#breadcrumb\",\"itemListElement\":[{\"@type\":\"ListItem\",\"position\":1,\"name\":\"Home\",\"item\":\"https:\/\/vapebulkp.com\/\"},{\"@type\":\"ListItem\",\"position\":2,\"name\":\"Hot Trend Vapes\",\"item\":\"https:\/\/vapebulkp.com\/vape-shop\/\"},{\"@type\":\"ListItem\",\"position\":3,\"name\":\"Wholesale Bang Legend 120000 Puffs Disposable Vape Bulk Price\"}]},{\"@type\":\"WebSite\",\"@id\":\"https:\/\/vapebulkp.com\/#website\",\"url\":\"https:\/\/vapebulkp.com\/\",\"name\":\"vapebulkp.com\",\"description\":\"Buy Vape In Cheap Bulk Price Near you\",\"publisher\":{\"@id\":\"https:\/\/vapebulkp.com\/#organization\"},\"potentialAction\":[{\"@type\":\"SearchAction\",\"target\":{\"@type\":\"EntryPoint\",\"urlTemplate\":\"https:\/\/vapebulkp.com\/?s={search_term_string}\"},\"query-input\":\"required name=search_term_string\"}],\"inLanguage\":\"sv-SE\"},{\"@type\":\"Organization\",\"@id\":\"https:\/\/vapebulkp.com\/#organization\",\"name\":\"vapebulkp.com\",\"url\":\"https:\/\/vapebulkp.com\/\",\"logo\":{\"@type\":\"ImageObject\",\"inLanguage\":\"sv-SE\",\"@id\":\"https:\/\/vapebulkp.com\/#\/schema\/logo\/image\/\",\"url\":\"https:\/\/vapebulkp.com\/wp-content\/uploads\/2023\/09\/cropped-vapebulkp.png\",\"contentUrl\":\"https:\/\/vapebulkp.com\/wp-content\/uploads\/2023\/09\/cropped-vapebulkp.png\",\"width\":516,\"height\":163,\"caption\":\"vapebulkp.com\"},\"image\":{\"@id\":\"https:\/\/vapebulkp.com\/#\/schema\/logo\/image\/\"}}]}<\/script>\n<!-- \/ Yoast SEO plugin. -->","yoast_head_json":{"title":"Wholesale Bang Legend 120000 Puffs Disposable Vape Bulk Price - vapebulkp.com","description":"Wholesale Bang Legend 120000 Puffs Disposable Vape. Features a 5-in-1 flavor system, 40mL e-liquid, and a rechargeable battery. Get the best bulk price for your business.","robots":{"index":"index","follow":"follow","max-snippet":"max-snippet:-1","max-image-preview":"max-image-preview:large","max-video-preview":"max-video-preview:-1"},"canonical":"https:\/\/vapebulkp.com\/sv\/product\/wholesale-bang-legend-120000-puffs-disposable-vape-bulk-price\/","og_locale":"sv_SE","og_type":"article","og_title":"Wholesale Bang Legend 120000 Puffs Disposable Vape Bulk Price - vapebulkp.com","og_description":"Wholesale Bang Legend 120000 Puffs Disposable Vape. Features a 5-in-1 flavor system, 40mL e-liquid, and a rechargeable battery. Get the best bulk price for your business.","og_url":"https:\/\/vapebulkp.com\/sv\/product\/wholesale-bang-legend-120000-puffs-disposable-vape-bulk-price\/","og_site_name":"vapebulkp.com","article_modified_time":"2025-09-24T03:12:19+00:00","og_image":[{"width":800,"height":800,"url":"http:\/\/vapebulkp.com\/wp-content\/uploads\/2025\/08\/Wholesale-Vape-Bang-Legend-120K-Puffs-Vape-Pen.webp","type":"image\/webp"}],"twitter_card":"summary_large_image","twitter_misc":{"Ber\u00e4knad l\u00e4stid":"4 minuter"},"schema":{"@context":"https:\/\/schema.org","@graph":[{"@type":"WebPage","@id":"https:\/\/vapebulkp.com\/product\/wholesale-bang-legend-120000-puffs-disposable-vape-bulk-price\/","url":"https:\/\/vapebulkp.com\/product\/wholesale-bang-legend-120000-puffs-disposable-vape-bulk-price\/","name":"Wholesale Bang Legend 120000 Puffs Disposable Vape Bulk Price - vapebulkp.com","isPartOf":{"@id":"https:\/\/vapebulkp.com\/#website"},"datePublished":"2025-08-14T03:55:48+00:00","dateModified":"2025-09-24T03:12:19+00:00","description":"Wholesale Bang Legend 120000 Puffs Disposable Vape. Features a 5-in-1 flavor system, 40mL e-liquid, and a rechargeable battery. Get the best bulk price for your business.","breadcrumb":{"@id":"https:\/\/vapebulkp.com\/product\/wholesale-bang-legend-120000-puffs-disposable-vape-bulk-price\/#breadcrumb"},"inLanguage":"sv-SE","potentialAction":[{"@type":"ReadAction","target":["https:\/\/vapebulkp.com\/product\/wholesale-bang-legend-120000-puffs-disposable-vape-bulk-price\/"]}]},{"@type":"BreadcrumbList","@id":"https:\/\/vapebulkp.com\/product\/wholesale-bang-legend-120000-puffs-disposable-vape-bulk-price\/#breadcrumb","itemListElement":[{"@type":"ListItem","position":1,"name":"Home","item":"https:\/\/vapebulkp.com\/"},{"@type":"ListItem","position":2,"name":"Hot Trend Vapes","item":"https:\/\/vapebulkp.com\/vape-shop\/"},{"@type":"ListItem","position":3,"name":"Wholesale Bang Legend 120000 Puffs Disposable Vape Bulk Price"}]},{"@type":"WebSite","@id":"https:\/\/vapebulkp.com\/#website","url":"https:\/\/vapebulkp.com\/","name":"vapebulkp.com","description":"Buy Vape In Cheap Bulk Price Near you","publisher":{"@id":"https:\/\/vapebulkp.com\/#organization"},"potentialAction":[{"@type":"SearchAction","target":{"@type":"EntryPoint","urlTemplate":"https:\/\/vapebulkp.com\/?s={search_term_string}"},"query-input":"required name=search_term_string"}],"inLanguage":"sv-SE"},{"@type":"Organization","@id":"https:\/\/vapebulkp.com\/#organization","name":"vapebulkp.com","url":"https:\/\/vapebulkp.com\/","logo":{"@type":"ImageObject","inLanguage":"sv-SE","@id":"https:\/\/vapebulkp.com\/#\/schema\/logo\/image\/","url":"https:\/\/vapebulkp.com\/wp-content\/uploads\/2023\/09\/cropped-vapebulkp.png","contentUrl":"https:\/\/vapebulkp.com\/wp-content\/uploads\/2023\/09\/cropped-vapebulkp.png","width":516,"height":163,"caption":"vapebulkp.com"},"image":{"@id":"https:\/\/vapebulkp.com\/#\/schema\/logo\/image\/"}}]}},"uagb_featured_image_src":{"full":["https:\/\/vapebulkp.com\/wp-content\/uploads\/2025\/08\/Wholesale-Vape-Bang-Legend-120K-Puffs-Vape-Pen.webp",800,800,false],"thumbnail":["https:\/\/vapebulkp.com\/wp-content\/uploads\/2025\/08\/Wholesale-Vape-Bang-Legend-120K-Puffs-Vape-Pen-150x150.webp",150,150,true],"medium":["https:\/\/vapebulkp.com\/wp-content\/uploads\/2025\/08\/Wholesale-Vape-Bang-Legend-120K-Puffs-Vape-Pen-300x300.webp",300,300,true],"medium_large":["https:\/\/vapebulkp.com\/wp-content\/uploads\/2025\/08\/Wholesale-Vape-Bang-Legend-120K-Puffs-Vape-Pen-768x768.webp",768,768,true],"large":["https:\/\/vapebulkp.com\/wp-content\/uploads\/2025\/08\/Wholesale-Vape-Bang-Legend-120K-Puffs-Vape-Pen.webp",800,800,false],"1536x1536":["https:\/\/vapebulkp.com\/wp-content\/uploads\/2025\/08\/Wholesale-Vape-Bang-Legend-120K-Puffs-Vape-Pen.webp",800,800,false],"2048x2048":["https:\/\/vapebulkp.com\/wp-content\/uploads\/2025\/08\/Wholesale-Vape-Bang-Legend-120K-Puffs-Vape-Pen.webp",800,800,false],"trp-custom-language-flag":["https:\/\/vapebulkp.com\/wp-content\/uploads\/2025\/08\/Wholesale-Vape-Bang-Legend-120K-Puffs-Vape-Pen.webp",12,12,false],"woocommerce_thumbnail":["https:\/\/vapebulkp.com\/wp-content\/uploads\/2025\/08\/Wholesale-Vape-Bang-Legend-120K-Puffs-Vape-Pen-300x300.webp",300,300,true],"woocommerce_single":["https:\/\/vapebulkp.com\/wp-content\/uploads\/2025\/08\/Wholesale-Vape-Bang-Legend-120K-Puffs-Vape-Pen-600x600.webp",600,600,true],"woocommerce_gallery_thumbnail":["https:\/\/vapebulkp.com\/wp-content\/uploads\/2025\/08\/Wholesale-Vape-Bang-Legend-120K-Puffs-Vape-Pen-100x100.webp",100,100,true],"wcpr-photo-reviews":["https:\/\/vapebulkp.com\/wp-content\/uploads\/2025\/08\/Wholesale-Vape-Bang-Legend-120K-Puffs-Vape-Pen.webp",500,500,false]},"uagb_author_info":{"display_name":"Mandy vape bulk price","author_link":"https:\/\/vapebulkp.com\/sv\/author\/"},"uagb_comment_info":0,"uagb_excerpt":"The Bang Legend 120000 Puffs is a long-lasting rechargeable disposable vape. Enjoy 5 flavors in one device with a massive 40ml e-juice capacity. Shop for cheap prices now!(We offer this product with a minimum order quantity of just 50pcs, making it easier to place your bulk orders.) Pls Contact Mandy's WhatsApp For Discount Price\ud83d\udcf1+8618077105796 NOTE:&hellip;","_links":{"self":[{"href":"https:\/\/vapebulkp.com\/sv\/wp-json\/wp\/v2\/product\/4106","targetHints":{"allow":["GET"]}}],"collection":[{"href":"https:\/\/vapebulkp.com\/sv\/wp-json\/wp\/v2\/product"}],"about":[{"href":"https:\/\/vapebulkp.com\/sv\/wp-json\/wp\/v2\/types\/product"}],"replies":[{"embeddable":true,"href":"https:\/\/vapebulkp.com\/sv\/wp-json\/wp\/v2\/comments?post=4106"}],"wp:featuredmedia":[{"embeddable":true,"href":"https:\/\/vapebulkp.com\/sv\/wp-json\/wp\/v2\/media\/4102"}],"wp:attachment":[{"href":"https:\/\/vapebulkp.com\/sv\/wp-json\/wp\/v2\/media?parent=4106"}],"wp:term":[{"taxonomy":"product_cat","embeddable":true,"href":"https:\/\/vapebulkp.com\/sv\/wp-json\/wp\/v2\/product_cat?post=4106"},{"taxonomy":"product_tag","embeddable":true,"href":"https:\/\/vapebulkp.com\/sv\/wp-json\/wp\/v2\/product_tag?post=4106"}],"curies":[{"name":"wp","href":"https:\/\/api.w.org\/{rel}","templated":true}]}}